{"id":80276,"date":"2024-12-10T11:57:31","date_gmt":"2024-12-10T10:57:31","guid":{"rendered":"https:\/\/dobner.it\/?post_type=product&#038;p=80276"},"modified":"2026-01-15T09:06:05","modified_gmt":"2026-01-15T08:06:05","slug":"ciondolo-chantecler-et-voila-corni-in-argento-con-resina-borgogna","status":"publish","type":"product","link":"https:\/\/dobner.it\/it\/prodotto\/ciondolo-chantecler-et-voila-corni-in-argento-con-resina-borgogna\/","title":{"rendered":"Ciondolo Chantecler Et Voil\u00e0 Corni in Argento con Resina Borgogna"},"content":{"rendered":"<p>La fortuna incarnata da un cornetto nato su un\u2019isola magica. La collezione Et Voil\u00e0 Corni presenta gioielli, ma soprattutto amuleti.<\/p>\n<p>Questo ciondolo Et Voil\u00e0 corno piccolo \u00e8 realizzato in argento e presenta resina color borgogna.<\/p>\n<p>Abbinalo agli altri gioielli della collezione per indossare la fortuna e portarla sempre con te.<\/p>\n","protected":false},"excerpt":{"rendered":"<p>Ciondolo Chantecler collezione Et Voil\u00e0 Corno piccolo, realizzato in argento con resina color borgogna.<\/p>\n","protected":false},"featured_media":80278,"template":"","meta":[],"product_brand":[636],"product_cat":[531],"product_tag":[],"class_list":{"0":"post-80276","1":"product","2":"type-product","3":"status-publish","4":"has-post-thumbnail","6":"product_brand-chantecler","7":"product_cat-ciondoli","8":"pa_ciondoli-argento","10":"first","11":"instock","12":"taxable","13":"shipping-taxable","14":"purchasable","15":"product-type-simple","swatches":"rey-swatches","show_selected":""},"acf":[],"yoast_head":"<!-- This site is optimized with the Yoast SEO plugin v26.4 - https:\/\/yoast.com\/wordpress\/plugins\/seo\/ -->\n<title>Ciondolo Chantecler Et Voil\u00e0 Corni in Argento con Resina<\/title>\n<meta name=\"description\" content=\"Ciondolo Chantecler Et Voil\u00e0 in argento 925 con resina borgogna a forma di corno portafortuna: unione perfetta di stile, simbolismo e artigianalit\u00e0.\" \/>\n<meta name=\"robots\" content=\"index, follow, max-snippet:-1, max-image-preview:large, max-video-preview:-1\" \/>\n<link rel=\"canonical\" href=\"https:\/\/dobner.it\/it\/prodotto\/ciondolo-chantecler-et-voila-corni-in-argento-con-resina-borgogna\/\" \/>\n<meta property=\"og:locale\" content=\"it_IT\" \/>\n<meta property=\"og:type\" content=\"article\" \/>\n<meta property=\"og:title\" content=\"Ciondolo Chantecler Et Voil\u00e0 Corni in Argento con Resina\" \/>\n<meta property=\"og:description\" content=\"Ciondolo Chantecler Et Voil\u00e0 in argento 925 con resina borgogna a forma di corno portafortuna: unione perfetta di stile, simbolismo e artigianalit\u00e0.\" \/>\n<meta property=\"og:url\" content=\"https:\/\/dobner.it\/it\/prodotto\/ciondolo-chantecler-et-voila-corni-in-argento-con-resina-borgogna\/\" \/>\n<meta property=\"og:site_name\" content=\"Dobner\" \/>\n<meta property=\"article:modified_time\" content=\"2026-01-15T08:06:05+00:00\" \/>\n<meta property=\"og:image\" content=\"https:\/\/dobner.it\/wp-content\/uploads\/2024\/12\/ciondolo-chantecler-et-voila-corni-in-argento.jpg\" \/>\n\t<meta property=\"og:image:width\" content=\"1080\" \/>\n\t<meta property=\"og:image:height\" content=\"1080\" \/>\n\t<meta property=\"og:image:type\" content=\"image\/jpeg\" \/>\n<meta name=\"twitter:card\" content=\"summary_large_image\" \/>\n<script type=\"application\/ld+json\" class=\"yoast-schema-graph\">{\"@context\":\"https:\/\/schema.org\",\"@graph\":[{\"@type\":\"WebPage\",\"@id\":\"https:\/\/dobner.it\/it\/prodotto\/ciondolo-chantecler-et-voila-corni-in-argento-con-resina-borgogna\/\",\"url\":\"https:\/\/dobner.it\/it\/prodotto\/ciondolo-chantecler-et-voila-corni-in-argento-con-resina-borgogna\/\",\"name\":\"Ciondolo Chantecler Et Voil\u00e0 Corni in Argento con Resina\",\"isPartOf\":{\"@id\":\"https:\/\/dobner.it\/it\/#website\"},\"primaryImageOfPage\":{\"@id\":\"https:\/\/dobner.it\/it\/prodotto\/ciondolo-chantecler-et-voila-corni-in-argento-con-resina-borgogna\/#primaryimage\"},\"image\":{\"@id\":\"https:\/\/dobner.it\/it\/prodotto\/ciondolo-chantecler-et-voila-corni-in-argento-con-resina-borgogna\/#primaryimage\"},\"thumbnailUrl\":\"https:\/\/dobner.it\/wp-content\/uploads\/2024\/12\/ciondolo-chantecler-et-voila-corni-in-argento.jpg\",\"datePublished\":\"2024-12-10T10:57:31+00:00\",\"dateModified\":\"2026-01-15T08:06:05+00:00\",\"description\":\"Ciondolo Chantecler Et Voil\u00e0 in argento 925 con resina borgogna a forma di corno portafortuna: unione perfetta di stile, simbolismo e artigianalit\u00e0.\",\"breadcrumb\":{\"@id\":\"https:\/\/dobner.it\/it\/prodotto\/ciondolo-chantecler-et-voila-corni-in-argento-con-resina-borgogna\/#breadcrumb\"},\"inLanguage\":\"it-IT\",\"potentialAction\":[{\"@type\":\"ReadAction\",\"target\":[\"https:\/\/dobner.it\/it\/prodotto\/ciondolo-chantecler-et-voila-corni-in-argento-con-resina-borgogna\/\"]}]},{\"@type\":\"ImageObject\",\"inLanguage\":\"it-IT\",\"@id\":\"https:\/\/dobner.it\/it\/prodotto\/ciondolo-chantecler-et-voila-corni-in-argento-con-resina-borgogna\/#primaryimage\",\"url\":\"https:\/\/dobner.it\/wp-content\/uploads\/2024\/12\/ciondolo-chantecler-et-voila-corni-in-argento.jpg\",\"contentUrl\":\"https:\/\/dobner.it\/wp-content\/uploads\/2024\/12\/ciondolo-chantecler-et-voila-corni-in-argento.jpg\",\"width\":1080,\"height\":1080},{\"@type\":\"BreadcrumbList\",\"@id\":\"https:\/\/dobner.it\/it\/prodotto\/ciondolo-chantecler-et-voila-corni-in-argento-con-resina-borgogna\/#breadcrumb\",\"itemListElement\":[{\"@type\":\"ListItem\",\"position\":1,\"name\":\"Home\",\"item\":\"https:\/\/dobner.it\/it\/\"},{\"@type\":\"ListItem\",\"position\":2,\"name\":\"Prodotti\",\"item\":\"https:\/\/dobner.it\/it\/prodotti\/\"},{\"@type\":\"ListItem\",\"position\":3,\"name\":\"Ciondolo Chantecler Et Voil\u00e0 Corni in Argento con Resina Borgogna\"}]},{\"@type\":\"WebSite\",\"@id\":\"https:\/\/dobner.it\/it\/#website\",\"url\":\"https:\/\/dobner.it\/it\/\",\"name\":\"Dobner\",\"description\":\"\",\"publisher\":{\"@id\":\"https:\/\/dobner.it\/it\/#organization\"},\"potentialAction\":[{\"@type\":\"SearchAction\",\"target\":{\"@type\":\"EntryPoint\",\"urlTemplate\":\"https:\/\/dobner.it\/it\/?s={search_term_string}\"},\"query-input\":{\"@type\":\"PropertyValueSpecification\",\"valueRequired\":true,\"valueName\":\"search_term_string\"}}],\"inLanguage\":\"it-IT\"},{\"@type\":\"Organization\",\"@id\":\"https:\/\/dobner.it\/it\/#organization\",\"name\":\"Dobner\",\"url\":\"https:\/\/dobner.it\/it\/\",\"logo\":{\"@type\":\"ImageObject\",\"inLanguage\":\"it-IT\",\"@id\":\"https:\/\/dobner.it\/it\/#\/schema\/logo\/image\/\",\"url\":\"https:\/\/dobner.it\/wp-content\/uploads\/2020\/10\/logo-email.png\",\"contentUrl\":\"https:\/\/dobner.it\/wp-content\/uploads\/2020\/10\/logo-email.png\",\"width\":188,\"height\":81,\"caption\":\"Dobner\"},\"image\":{\"@id\":\"https:\/\/dobner.it\/it\/#\/schema\/logo\/image\/\"}}]}<\/script>\n<!-- \/ Yoast SEO plugin. -->","yoast_head_json":{"title":"Ciondolo Chantecler Et Voil\u00e0 Corni in Argento con Resina","description":"Ciondolo Chantecler Et Voil\u00e0 in argento 925 con resina borgogna a forma di corno portafortuna: unione perfetta di stile, simbolismo e artigianalit\u00e0.","robots":{"index":"index","follow":"follow","max-snippet":"max-snippet:-1","max-image-preview":"max-image-preview:large","max-video-preview":"max-video-preview:-1"},"canonical":"https:\/\/dobner.it\/it\/prodotto\/ciondolo-chantecler-et-voila-corni-in-argento-con-resina-borgogna\/","og_locale":"it_IT","og_type":"article","og_title":"Ciondolo Chantecler Et Voil\u00e0 Corni in Argento con Resina","og_description":"Ciondolo Chantecler Et Voil\u00e0 in argento 925 con resina borgogna a forma di corno portafortuna: unione perfetta di stile, simbolismo e artigianalit\u00e0.","og_url":"https:\/\/dobner.it\/it\/prodotto\/ciondolo-chantecler-et-voila-corni-in-argento-con-resina-borgogna\/","og_site_name":"Dobner","article_modified_time":"2026-01-15T08:06:05+00:00","og_image":[{"width":1080,"height":1080,"url":"https:\/\/dobner.it\/wp-content\/uploads\/2024\/12\/ciondolo-chantecler-et-voila-corni-in-argento.jpg","type":"image\/jpeg"}],"twitter_card":"summary_large_image","schema":{"@context":"https:\/\/schema.org","@graph":[{"@type":"WebPage","@id":"https:\/\/dobner.it\/it\/prodotto\/ciondolo-chantecler-et-voila-corni-in-argento-con-resina-borgogna\/","url":"https:\/\/dobner.it\/it\/prodotto\/ciondolo-chantecler-et-voila-corni-in-argento-con-resina-borgogna\/","name":"Ciondolo Chantecler Et Voil\u00e0 Corni in Argento con Resina","isPartOf":{"@id":"https:\/\/dobner.it\/it\/#website"},"primaryImageOfPage":{"@id":"https:\/\/dobner.it\/it\/prodotto\/ciondolo-chantecler-et-voila-corni-in-argento-con-resina-borgogna\/#primaryimage"},"image":{"@id":"https:\/\/dobner.it\/it\/prodotto\/ciondolo-chantecler-et-voila-corni-in-argento-con-resina-borgogna\/#primaryimage"},"thumbnailUrl":"https:\/\/dobner.it\/wp-content\/uploads\/2024\/12\/ciondolo-chantecler-et-voila-corni-in-argento.jpg","datePublished":"2024-12-10T10:57:31+00:00","dateModified":"2026-01-15T08:06:05+00:00","description":"Ciondolo Chantecler Et Voil\u00e0 in argento 925 con resina borgogna a forma di corno portafortuna: unione perfetta di stile, simbolismo e artigianalit\u00e0.","breadcrumb":{"@id":"https:\/\/dobner.it\/it\/prodotto\/ciondolo-chantecler-et-voila-corni-in-argento-con-resina-borgogna\/#breadcrumb"},"inLanguage":"it-IT","potentialAction":[{"@type":"ReadAction","target":["https:\/\/dobner.it\/it\/prodotto\/ciondolo-chantecler-et-voila-corni-in-argento-con-resina-borgogna\/"]}]},{"@type":"ImageObject","inLanguage":"it-IT","@id":"https:\/\/dobner.it\/it\/prodotto\/ciondolo-chantecler-et-voila-corni-in-argento-con-resina-borgogna\/#primaryimage","url":"https:\/\/dobner.it\/wp-content\/uploads\/2024\/12\/ciondolo-chantecler-et-voila-corni-in-argento.jpg","contentUrl":"https:\/\/dobner.it\/wp-content\/uploads\/2024\/12\/ciondolo-chantecler-et-voila-corni-in-argento.jpg","width":1080,"height":1080},{"@type":"BreadcrumbList","@id":"https:\/\/dobner.it\/it\/prodotto\/ciondolo-chantecler-et-voila-corni-in-argento-con-resina-borgogna\/#breadcrumb","itemListElement":[{"@type":"ListItem","position":1,"name":"Home","item":"https:\/\/dobner.it\/it\/"},{"@type":"ListItem","position":2,"name":"Prodotti","item":"https:\/\/dobner.it\/it\/prodotti\/"},{"@type":"ListItem","position":3,"name":"Ciondolo Chantecler Et Voil\u00e0 Corni in Argento con Resina Borgogna"}]},{"@type":"WebSite","@id":"https:\/\/dobner.it\/it\/#website","url":"https:\/\/dobner.it\/it\/","name":"Dobner","description":"","publisher":{"@id":"https:\/\/dobner.it\/it\/#organization"},"potentialAction":[{"@type":"SearchAction","target":{"@type":"EntryPoint","urlTemplate":"https:\/\/dobner.it\/it\/?s={search_term_string}"},"query-input":{"@type":"PropertyValueSpecification","valueRequired":true,"valueName":"search_term_string"}}],"inLanguage":"it-IT"},{"@type":"Organization","@id":"https:\/\/dobner.it\/it\/#organization","name":"Dobner","url":"https:\/\/dobner.it\/it\/","logo":{"@type":"ImageObject","inLanguage":"it-IT","@id":"https:\/\/dobner.it\/it\/#\/schema\/logo\/image\/","url":"https:\/\/dobner.it\/wp-content\/uploads\/2020\/10\/logo-email.png","contentUrl":"https:\/\/dobner.it\/wp-content\/uploads\/2020\/10\/logo-email.png","width":188,"height":81,"caption":"Dobner"},"image":{"@id":"https:\/\/dobner.it\/it\/#\/schema\/logo\/image\/"}}]}},"_links":{"self":[{"href":"https:\/\/dobner.it\/it\/wp-json\/wp\/v2\/product\/80276","targetHints":{"allow":["GET"]}}],"collection":[{"href":"https:\/\/dobner.it\/it\/wp-json\/wp\/v2\/product"}],"about":[{"href":"https:\/\/dobner.it\/it\/wp-json\/wp\/v2\/types\/product"}],"version-history":[{"count":1,"href":"https:\/\/dobner.it\/it\/wp-json\/wp\/v2\/product\/80276\/revisions"}],"predecessor-version":[{"id":82547,"href":"https:\/\/dobner.it\/it\/wp-json\/wp\/v2\/product\/80276\/revisions\/82547"}],"wp:featuredmedia":[{"embeddable":true,"href":"https:\/\/dobner.it\/it\/wp-json\/wp\/v2\/media\/80278"}],"wp:attachment":[{"href":"https:\/\/dobner.it\/it\/wp-json\/wp\/v2\/media?parent=80276"}],"wp:term":[{"taxonomy":"product_brand","embeddable":true,"href":"https:\/\/dobner.it\/it\/wp-json\/wp\/v2\/product_brand?post=80276"},{"taxonomy":"product_cat","embeddable":true,"href":"https:\/\/dobner.it\/it\/wp-json\/wp\/v2\/product_cat?post=80276"},{"taxonomy":"product_tag","embeddable":true,"href":"https:\/\/dobner.it\/it\/wp-json\/wp\/v2\/product_tag?post=80276"}],"curies":[{"name":"wp","href":"https:\/\/api.w.org\/{rel}","templated":true}]}}