{"id":79533,"date":"2024-09-27T15:43:36","date_gmt":"2024-09-27T13:43:36","guid":{"rendered":"https:\/\/dobner.it\/?post_type=product&#038;p=79533"},"modified":"2026-01-29T15:58:59","modified_gmt":"2026-01-29T14:58:59","slug":"orologio-tag-heuer-aquaracer-professional-1000-superdiver","status":"publish","type":"product","link":"https:\/\/dobner.it\/it\/prodotto\/orologio-tag-heuer-aquaracer-professional-1000-superdiver\/","title":{"rendered":"Orologio Tag Heuer Aquaracer Professional 1000 Superdiver"},"content":{"rendered":"<p>Il TAG Heuer Aquaracer \u00e8 nato per resistere in ogni condizione. Con una straordinaria impermeabilit\u00e0 garantita fino a 1000 m, questo orologio in titanio nasce per offrire un&#8217;impareggiabile affidabilit\u00e0 nell&#8217;immersione in saturazione.<\/p>\n<p>Questo modello presenta una cassa in acciaio da 45mm e un quadrante spazzolato con effetto soleil.<\/p>\n<p>Movimento automatico. Bracciale in titanio.<\/p>\n<p>Ref. WBP5A8A.BF0619<\/p>\n","protected":false},"excerpt":{"rendered":"<p>Orologio Tag Heuer Aquaracer Professional 1000 Superdiver con cassa da 45 mm. Movimento automatico. Bracciale in titanio.<\/p>\n","protected":false},"featured_media":79535,"template":"","meta":[],"product_brand":[829],"product_cat":[24],"product_tag":[],"class_list":{"0":"post-79533","1":"product","2":"type-product","3":"status-publish","4":"has-post-thumbnail","6":"product_brand-outlet-orologi","7":"product_cat-orologi","8":"pa_orologi-orologi-automatici","10":"first","11":"instock","12":"sale","13":"taxable","14":"shipping-taxable","15":"purchasable","16":"product-type-simple","swatches":"rey-swatches","show_selected":""},"acf":[],"yoast_head":"<!-- This site is optimized with the Yoast SEO plugin v26.4 - https:\/\/yoast.com\/wordpress\/plugins\/seo\/ -->\n<title>Orologio Tag Heuer Aquaracer Professional 1000 Superdiver<\/title>\n<meta name=\"description\" content=\"Orologio Tag Heuer Aquaracer Professional 1000 Superdiver con cassa da 45 mm. Movimento automatico. Bracciale in titanio.\" \/>\n<meta name=\"robots\" content=\"index, follow, max-snippet:-1, max-image-preview:large, max-video-preview:-1\" \/>\n<link rel=\"canonical\" href=\"https:\/\/dobner.it\/it\/prodotto\/orologio-tag-heuer-aquaracer-professional-1000-superdiver\/\" \/>\n<meta property=\"og:locale\" content=\"it_IT\" \/>\n<meta property=\"og:type\" content=\"article\" \/>\n<meta property=\"og:title\" content=\"Orologio Tag Heuer Aquaracer Professional 1000 Superdiver\" \/>\n<meta property=\"og:description\" content=\"Orologio Tag Heuer Aquaracer Professional 1000 Superdiver con cassa da 45 mm. Movimento automatico. Bracciale in titanio.\" \/>\n<meta property=\"og:url\" content=\"https:\/\/dobner.it\/it\/prodotto\/orologio-tag-heuer-aquaracer-professional-1000-superdiver\/\" \/>\n<meta property=\"og:site_name\" content=\"Dobner\" \/>\n<meta property=\"article:modified_time\" content=\"2026-01-29T14:58:59+00:00\" \/>\n<meta property=\"og:image\" content=\"https:\/\/dobner.it\/wp-content\/uploads\/2024\/09\/wbp5a8abf0619.jpg\" \/>\n\t<meta property=\"og:image:width\" content=\"1080\" \/>\n\t<meta property=\"og:image:height\" content=\"1080\" \/>\n\t<meta property=\"og:image:type\" content=\"image\/jpeg\" \/>\n<meta name=\"twitter:card\" content=\"summary_large_image\" \/>\n<script type=\"application\/ld+json\" class=\"yoast-schema-graph\">{\"@context\":\"https:\/\/schema.org\",\"@graph\":[{\"@type\":\"WebPage\",\"@id\":\"https:\/\/dobner.it\/it\/prodotto\/orologio-tag-heuer-aquaracer-professional-1000-superdiver\/\",\"url\":\"https:\/\/dobner.it\/it\/prodotto\/orologio-tag-heuer-aquaracer-professional-1000-superdiver\/\",\"name\":\"Orologio Tag Heuer Aquaracer Professional 1000 Superdiver\",\"isPartOf\":{\"@id\":\"https:\/\/dobner.it\/it\/#website\"},\"primaryImageOfPage\":{\"@id\":\"https:\/\/dobner.it\/it\/prodotto\/orologio-tag-heuer-aquaracer-professional-1000-superdiver\/#primaryimage\"},\"image\":{\"@id\":\"https:\/\/dobner.it\/it\/prodotto\/orologio-tag-heuer-aquaracer-professional-1000-superdiver\/#primaryimage\"},\"thumbnailUrl\":\"https:\/\/dobner.it\/wp-content\/uploads\/2024\/09\/wbp5a8abf0619.jpg\",\"datePublished\":\"2024-09-27T13:43:36+00:00\",\"dateModified\":\"2026-01-29T14:58:59+00:00\",\"description\":\"Orologio Tag Heuer Aquaracer Professional 1000 Superdiver con cassa da 45 mm. Movimento automatico. Bracciale in titanio.\",\"breadcrumb\":{\"@id\":\"https:\/\/dobner.it\/it\/prodotto\/orologio-tag-heuer-aquaracer-professional-1000-superdiver\/#breadcrumb\"},\"inLanguage\":\"it-IT\",\"potentialAction\":[{\"@type\":\"ReadAction\",\"target\":[\"https:\/\/dobner.it\/it\/prodotto\/orologio-tag-heuer-aquaracer-professional-1000-superdiver\/\"]}]},{\"@type\":\"ImageObject\",\"inLanguage\":\"it-IT\",\"@id\":\"https:\/\/dobner.it\/it\/prodotto\/orologio-tag-heuer-aquaracer-professional-1000-superdiver\/#primaryimage\",\"url\":\"https:\/\/dobner.it\/wp-content\/uploads\/2024\/09\/wbp5a8abf0619.jpg\",\"contentUrl\":\"https:\/\/dobner.it\/wp-content\/uploads\/2024\/09\/wbp5a8abf0619.jpg\",\"width\":1080,\"height\":1080},{\"@type\":\"BreadcrumbList\",\"@id\":\"https:\/\/dobner.it\/it\/prodotto\/orologio-tag-heuer-aquaracer-professional-1000-superdiver\/#breadcrumb\",\"itemListElement\":[{\"@type\":\"ListItem\",\"position\":1,\"name\":\"Home\",\"item\":\"https:\/\/dobner.it\/it\/\"},{\"@type\":\"ListItem\",\"position\":2,\"name\":\"Prodotti\",\"item\":\"https:\/\/dobner.it\/it\/prodotti\/\"},{\"@type\":\"ListItem\",\"position\":3,\"name\":\"Orologio Tag Heuer Aquaracer Professional 1000 Superdiver\"}]},{\"@type\":\"WebSite\",\"@id\":\"https:\/\/dobner.it\/it\/#website\",\"url\":\"https:\/\/dobner.it\/it\/\",\"name\":\"Dobner\",\"description\":\"\",\"publisher\":{\"@id\":\"https:\/\/dobner.it\/it\/#organization\"},\"potentialAction\":[{\"@type\":\"SearchAction\",\"target\":{\"@type\":\"EntryPoint\",\"urlTemplate\":\"https:\/\/dobner.it\/it\/?s={search_term_string}\"},\"query-input\":{\"@type\":\"PropertyValueSpecification\",\"valueRequired\":true,\"valueName\":\"search_term_string\"}}],\"inLanguage\":\"it-IT\"},{\"@type\":\"Organization\",\"@id\":\"https:\/\/dobner.it\/it\/#organization\",\"name\":\"Dobner\",\"url\":\"https:\/\/dobner.it\/it\/\",\"logo\":{\"@type\":\"ImageObject\",\"inLanguage\":\"it-IT\",\"@id\":\"https:\/\/dobner.it\/it\/#\/schema\/logo\/image\/\",\"url\":\"https:\/\/dobner.it\/wp-content\/uploads\/2020\/10\/logo-email.png\",\"contentUrl\":\"https:\/\/dobner.it\/wp-content\/uploads\/2020\/10\/logo-email.png\",\"width\":188,\"height\":81,\"caption\":\"Dobner\"},\"image\":{\"@id\":\"https:\/\/dobner.it\/it\/#\/schema\/logo\/image\/\"}}]}<\/script>\n<!-- \/ Yoast SEO plugin. -->","yoast_head_json":{"title":"Orologio Tag Heuer Aquaracer Professional 1000 Superdiver","description":"Orologio Tag Heuer Aquaracer Professional 1000 Superdiver con cassa da 45 mm. Movimento automatico. Bracciale in titanio.","robots":{"index":"index","follow":"follow","max-snippet":"max-snippet:-1","max-image-preview":"max-image-preview:large","max-video-preview":"max-video-preview:-1"},"canonical":"https:\/\/dobner.it\/it\/prodotto\/orologio-tag-heuer-aquaracer-professional-1000-superdiver\/","og_locale":"it_IT","og_type":"article","og_title":"Orologio Tag Heuer Aquaracer Professional 1000 Superdiver","og_description":"Orologio Tag Heuer Aquaracer Professional 1000 Superdiver con cassa da 45 mm. Movimento automatico. Bracciale in titanio.","og_url":"https:\/\/dobner.it\/it\/prodotto\/orologio-tag-heuer-aquaracer-professional-1000-superdiver\/","og_site_name":"Dobner","article_modified_time":"2026-01-29T14:58:59+00:00","og_image":[{"width":1080,"height":1080,"url":"https:\/\/dobner.it\/wp-content\/uploads\/2024\/09\/wbp5a8abf0619.jpg","type":"image\/jpeg"}],"twitter_card":"summary_large_image","schema":{"@context":"https:\/\/schema.org","@graph":[{"@type":"WebPage","@id":"https:\/\/dobner.it\/it\/prodotto\/orologio-tag-heuer-aquaracer-professional-1000-superdiver\/","url":"https:\/\/dobner.it\/it\/prodotto\/orologio-tag-heuer-aquaracer-professional-1000-superdiver\/","name":"Orologio Tag Heuer Aquaracer Professional 1000 Superdiver","isPartOf":{"@id":"https:\/\/dobner.it\/it\/#website"},"primaryImageOfPage":{"@id":"https:\/\/dobner.it\/it\/prodotto\/orologio-tag-heuer-aquaracer-professional-1000-superdiver\/#primaryimage"},"image":{"@id":"https:\/\/dobner.it\/it\/prodotto\/orologio-tag-heuer-aquaracer-professional-1000-superdiver\/#primaryimage"},"thumbnailUrl":"https:\/\/dobner.it\/wp-content\/uploads\/2024\/09\/wbp5a8abf0619.jpg","datePublished":"2024-09-27T13:43:36+00:00","dateModified":"2026-01-29T14:58:59+00:00","description":"Orologio Tag Heuer Aquaracer Professional 1000 Superdiver con cassa da 45 mm. Movimento automatico. Bracciale in titanio.","breadcrumb":{"@id":"https:\/\/dobner.it\/it\/prodotto\/orologio-tag-heuer-aquaracer-professional-1000-superdiver\/#breadcrumb"},"inLanguage":"it-IT","potentialAction":[{"@type":"ReadAction","target":["https:\/\/dobner.it\/it\/prodotto\/orologio-tag-heuer-aquaracer-professional-1000-superdiver\/"]}]},{"@type":"ImageObject","inLanguage":"it-IT","@id":"https:\/\/dobner.it\/it\/prodotto\/orologio-tag-heuer-aquaracer-professional-1000-superdiver\/#primaryimage","url":"https:\/\/dobner.it\/wp-content\/uploads\/2024\/09\/wbp5a8abf0619.jpg","contentUrl":"https:\/\/dobner.it\/wp-content\/uploads\/2024\/09\/wbp5a8abf0619.jpg","width":1080,"height":1080},{"@type":"BreadcrumbList","@id":"https:\/\/dobner.it\/it\/prodotto\/orologio-tag-heuer-aquaracer-professional-1000-superdiver\/#breadcrumb","itemListElement":[{"@type":"ListItem","position":1,"name":"Home","item":"https:\/\/dobner.it\/it\/"},{"@type":"ListItem","position":2,"name":"Prodotti","item":"https:\/\/dobner.it\/it\/prodotti\/"},{"@type":"ListItem","position":3,"name":"Orologio Tag Heuer Aquaracer Professional 1000 Superdiver"}]},{"@type":"WebSite","@id":"https:\/\/dobner.it\/it\/#website","url":"https:\/\/dobner.it\/it\/","name":"Dobner","description":"","publisher":{"@id":"https:\/\/dobner.it\/it\/#organization"},"potentialAction":[{"@type":"SearchAction","target":{"@type":"EntryPoint","urlTemplate":"https:\/\/dobner.it\/it\/?s={search_term_string}"},"query-input":{"@type":"PropertyValueSpecification","valueRequired":true,"valueName":"search_term_string"}}],"inLanguage":"it-IT"},{"@type":"Organization","@id":"https:\/\/dobner.it\/it\/#organization","name":"Dobner","url":"https:\/\/dobner.it\/it\/","logo":{"@type":"ImageObject","inLanguage":"it-IT","@id":"https:\/\/dobner.it\/it\/#\/schema\/logo\/image\/","url":"https:\/\/dobner.it\/wp-content\/uploads\/2020\/10\/logo-email.png","contentUrl":"https:\/\/dobner.it\/wp-content\/uploads\/2020\/10\/logo-email.png","width":188,"height":81,"caption":"Dobner"},"image":{"@id":"https:\/\/dobner.it\/it\/#\/schema\/logo\/image\/"}}]}},"_links":{"self":[{"href":"https:\/\/dobner.it\/it\/wp-json\/wp\/v2\/product\/79533","targetHints":{"allow":["GET"]}}],"collection":[{"href":"https:\/\/dobner.it\/it\/wp-json\/wp\/v2\/product"}],"about":[{"href":"https:\/\/dobner.it\/it\/wp-json\/wp\/v2\/types\/product"}],"version-history":[{"count":1,"href":"https:\/\/dobner.it\/it\/wp-json\/wp\/v2\/product\/79533\/revisions"}],"predecessor-version":[{"id":84361,"href":"https:\/\/dobner.it\/it\/wp-json\/wp\/v2\/product\/79533\/revisions\/84361"}],"wp:featuredmedia":[{"embeddable":true,"href":"https:\/\/dobner.it\/it\/wp-json\/wp\/v2\/media\/79535"}],"wp:attachment":[{"href":"https:\/\/dobner.it\/it\/wp-json\/wp\/v2\/media?parent=79533"}],"wp:term":[{"taxonomy":"product_brand","embeddable":true,"href":"https:\/\/dobner.it\/it\/wp-json\/wp\/v2\/product_brand?post=79533"},{"taxonomy":"product_cat","embeddable":true,"href":"https:\/\/dobner.it\/it\/wp-json\/wp\/v2\/product_cat?post=79533"},{"taxonomy":"product_tag","embeddable":true,"href":"https:\/\/dobner.it\/it\/wp-json\/wp\/v2\/product_tag?post=79533"}],"curies":[{"name":"wp","href":"https:\/\/api.w.org\/{rel}","templated":true}]}}