{"id":78136,"date":"2024-07-02T13:06:42","date_gmt":"2024-07-02T11:06:42","guid":{"rendered":"https:\/\/dobner.it\/?post_type=product&#038;p=78136"},"modified":"2026-01-16T11:32:33","modified_gmt":"2026-01-16T10:32:33","slug":"orecchini-buccellati-opera-full-pave-oro-bianco","status":"publish","type":"product","link":"https:\/\/dobner.it\/it\/prodotto\/orecchini-buccellati-opera-full-pave-oro-bianco\/","title":{"rendered":"Orecchini Buccellati Opera Full Pav\u00e9 in Oro Bianco"},"content":{"rendered":"<p>La collezione Opera di Buccellati presenta gioielli eleganti e seducenti dove l&#8217;elemento logo ha un ruolo centrale.<\/p>\n<p>Questi orecchini di Buccellati sono realizzati in oro bianco. Vengono impreziositi da un pav\u00e9 di diamanti.<\/p>\n<p>Il modello pu\u00f2 essere abbinato ad altri gioielli della collezione Opera per un look iconico e unico.<\/p>\n","protected":false},"excerpt":{"rendered":"<p>Orecchini Buccellati Opera Full Pav\u00e9 realizzati in oro bianco, impreziositi da un pav\u00e9 di diamanti.<\/p>\n","protected":false},"featured_media":78138,"template":"","meta":[],"product_brand":[1250],"product_cat":[431],"product_tag":[],"class_list":{"0":"post-78136","1":"product","2":"type-product","3":"status-publish","4":"has-post-thumbnail","6":"product_brand-buccellati","7":"product_cat-orecchini","8":"pa_orecchini-orecchini-lobo","10":"first","11":"instock","12":"taxable","13":"shipping-taxable","14":"product-type-external","swatches":"rey-swatches","show_selected":""},"acf":[],"yoast_head":"<!-- This site is optimized with the Yoast SEO plugin v26.4 - https:\/\/yoast.com\/wordpress\/plugins\/seo\/ -->\n<title>Orecchini Buccellati Opera Full Pav\u00e9 in Oro Bianco - Dobner<\/title>\n<meta name=\"description\" content=\"Orecchini Buccellati Opera Full Pav\u00e9 realizzati in oro bianco, impreziositi da un pav\u00e9 di diamanti.\" \/>\n<meta name=\"robots\" content=\"index, follow, max-snippet:-1, max-image-preview:large, max-video-preview:-1\" \/>\n<link rel=\"canonical\" href=\"https:\/\/dobner.it\/it\/prodotto\/orecchini-buccellati-opera-full-pave-oro-bianco\/\" \/>\n<meta property=\"og:locale\" content=\"it_IT\" \/>\n<meta property=\"og:type\" content=\"article\" \/>\n<meta property=\"og:title\" content=\"Orecchini Buccellati Opera Full Pav\u00e9 in Oro Bianco - Dobner\" \/>\n<meta property=\"og:description\" content=\"Orecchini Buccellati Opera Full Pav\u00e9 realizzati in oro bianco, impreziositi da un pav\u00e9 di diamanti.\" \/>\n<meta property=\"og:url\" content=\"https:\/\/dobner.it\/it\/prodotto\/orecchini-buccellati-opera-full-pave-oro-bianco\/\" \/>\n<meta property=\"og:site_name\" content=\"Dobner\" \/>\n<meta property=\"article:modified_time\" content=\"2026-01-16T10:32:33+00:00\" \/>\n<meta property=\"og:image\" content=\"https:\/\/dobner.it\/wp-content\/uploads\/2024\/06\/orecchini-buccellati-opera-full-pave-in-oro-bianco.jpg\" \/>\n\t<meta property=\"og:image:width\" content=\"1024\" \/>\n\t<meta property=\"og:image:height\" content=\"1024\" \/>\n\t<meta property=\"og:image:type\" content=\"image\/jpeg\" \/>\n<meta name=\"twitter:card\" content=\"summary_large_image\" \/>\n<script type=\"application\/ld+json\" class=\"yoast-schema-graph\">{\"@context\":\"https:\/\/schema.org\",\"@graph\":[{\"@type\":\"WebPage\",\"@id\":\"https:\/\/dobner.it\/it\/prodotto\/orecchini-buccellati-opera-full-pave-oro-bianco\/\",\"url\":\"https:\/\/dobner.it\/it\/prodotto\/orecchini-buccellati-opera-full-pave-oro-bianco\/\",\"name\":\"Orecchini Buccellati Opera Full Pav\u00e9 in Oro Bianco - Dobner\",\"isPartOf\":{\"@id\":\"https:\/\/dobner.it\/it\/#website\"},\"primaryImageOfPage\":{\"@id\":\"https:\/\/dobner.it\/it\/prodotto\/orecchini-buccellati-opera-full-pave-oro-bianco\/#primaryimage\"},\"image\":{\"@id\":\"https:\/\/dobner.it\/it\/prodotto\/orecchini-buccellati-opera-full-pave-oro-bianco\/#primaryimage\"},\"thumbnailUrl\":\"https:\/\/dobner.it\/wp-content\/uploads\/2024\/06\/orecchini-buccellati-opera-full-pave-in-oro-bianco.jpg\",\"datePublished\":\"2024-07-02T11:06:42+00:00\",\"dateModified\":\"2026-01-16T10:32:33+00:00\",\"description\":\"Orecchini Buccellati Opera Full Pav\u00e9 realizzati in oro bianco, impreziositi da un pav\u00e9 di diamanti.\",\"breadcrumb\":{\"@id\":\"https:\/\/dobner.it\/it\/prodotto\/orecchini-buccellati-opera-full-pave-oro-bianco\/#breadcrumb\"},\"inLanguage\":\"it-IT\",\"potentialAction\":[{\"@type\":\"ReadAction\",\"target\":[\"https:\/\/dobner.it\/it\/prodotto\/orecchini-buccellati-opera-full-pave-oro-bianco\/\"]}]},{\"@type\":\"ImageObject\",\"inLanguage\":\"it-IT\",\"@id\":\"https:\/\/dobner.it\/it\/prodotto\/orecchini-buccellati-opera-full-pave-oro-bianco\/#primaryimage\",\"url\":\"https:\/\/dobner.it\/wp-content\/uploads\/2024\/06\/orecchini-buccellati-opera-full-pave-in-oro-bianco.jpg\",\"contentUrl\":\"https:\/\/dobner.it\/wp-content\/uploads\/2024\/06\/orecchini-buccellati-opera-full-pave-in-oro-bianco.jpg\",\"width\":1024,\"height\":1024},{\"@type\":\"BreadcrumbList\",\"@id\":\"https:\/\/dobner.it\/it\/prodotto\/orecchini-buccellati-opera-full-pave-oro-bianco\/#breadcrumb\",\"itemListElement\":[{\"@type\":\"ListItem\",\"position\":1,\"name\":\"Home\",\"item\":\"https:\/\/dobner.it\/it\/\"},{\"@type\":\"ListItem\",\"position\":2,\"name\":\"Prodotti\",\"item\":\"https:\/\/dobner.it\/it\/prodotti\/\"},{\"@type\":\"ListItem\",\"position\":3,\"name\":\"Orecchini Buccellati Opera Full Pav\u00e9 in Oro Bianco\"}]},{\"@type\":\"WebSite\",\"@id\":\"https:\/\/dobner.it\/it\/#website\",\"url\":\"https:\/\/dobner.it\/it\/\",\"name\":\"Dobner\",\"description\":\"\",\"publisher\":{\"@id\":\"https:\/\/dobner.it\/it\/#organization\"},\"potentialAction\":[{\"@type\":\"SearchAction\",\"target\":{\"@type\":\"EntryPoint\",\"urlTemplate\":\"https:\/\/dobner.it\/it\/?s={search_term_string}\"},\"query-input\":{\"@type\":\"PropertyValueSpecification\",\"valueRequired\":true,\"valueName\":\"search_term_string\"}}],\"inLanguage\":\"it-IT\"},{\"@type\":\"Organization\",\"@id\":\"https:\/\/dobner.it\/it\/#organization\",\"name\":\"Dobner\",\"url\":\"https:\/\/dobner.it\/it\/\",\"logo\":{\"@type\":\"ImageObject\",\"inLanguage\":\"it-IT\",\"@id\":\"https:\/\/dobner.it\/it\/#\/schema\/logo\/image\/\",\"url\":\"https:\/\/dobner.it\/wp-content\/uploads\/2020\/10\/logo-email.png\",\"contentUrl\":\"https:\/\/dobner.it\/wp-content\/uploads\/2020\/10\/logo-email.png\",\"width\":188,\"height\":81,\"caption\":\"Dobner\"},\"image\":{\"@id\":\"https:\/\/dobner.it\/it\/#\/schema\/logo\/image\/\"}}]}<\/script>\n<!-- \/ Yoast SEO plugin. -->","yoast_head_json":{"title":"Orecchini Buccellati Opera Full Pav\u00e9 in Oro Bianco - Dobner","description":"Orecchini Buccellati Opera Full Pav\u00e9 realizzati in oro bianco, impreziositi da un pav\u00e9 di diamanti.","robots":{"index":"index","follow":"follow","max-snippet":"max-snippet:-1","max-image-preview":"max-image-preview:large","max-video-preview":"max-video-preview:-1"},"canonical":"https:\/\/dobner.it\/it\/prodotto\/orecchini-buccellati-opera-full-pave-oro-bianco\/","og_locale":"it_IT","og_type":"article","og_title":"Orecchini Buccellati Opera Full Pav\u00e9 in Oro Bianco - Dobner","og_description":"Orecchini Buccellati Opera Full Pav\u00e9 realizzati in oro bianco, impreziositi da un pav\u00e9 di diamanti.","og_url":"https:\/\/dobner.it\/it\/prodotto\/orecchini-buccellati-opera-full-pave-oro-bianco\/","og_site_name":"Dobner","article_modified_time":"2026-01-16T10:32:33+00:00","og_image":[{"width":1024,"height":1024,"url":"https:\/\/dobner.it\/wp-content\/uploads\/2024\/06\/orecchini-buccellati-opera-full-pave-in-oro-bianco.jpg","type":"image\/jpeg"}],"twitter_card":"summary_large_image","schema":{"@context":"https:\/\/schema.org","@graph":[{"@type":"WebPage","@id":"https:\/\/dobner.it\/it\/prodotto\/orecchini-buccellati-opera-full-pave-oro-bianco\/","url":"https:\/\/dobner.it\/it\/prodotto\/orecchini-buccellati-opera-full-pave-oro-bianco\/","name":"Orecchini Buccellati Opera Full Pav\u00e9 in Oro Bianco - Dobner","isPartOf":{"@id":"https:\/\/dobner.it\/it\/#website"},"primaryImageOfPage":{"@id":"https:\/\/dobner.it\/it\/prodotto\/orecchini-buccellati-opera-full-pave-oro-bianco\/#primaryimage"},"image":{"@id":"https:\/\/dobner.it\/it\/prodotto\/orecchini-buccellati-opera-full-pave-oro-bianco\/#primaryimage"},"thumbnailUrl":"https:\/\/dobner.it\/wp-content\/uploads\/2024\/06\/orecchini-buccellati-opera-full-pave-in-oro-bianco.jpg","datePublished":"2024-07-02T11:06:42+00:00","dateModified":"2026-01-16T10:32:33+00:00","description":"Orecchini Buccellati Opera Full Pav\u00e9 realizzati in oro bianco, impreziositi da un pav\u00e9 di diamanti.","breadcrumb":{"@id":"https:\/\/dobner.it\/it\/prodotto\/orecchini-buccellati-opera-full-pave-oro-bianco\/#breadcrumb"},"inLanguage":"it-IT","potentialAction":[{"@type":"ReadAction","target":["https:\/\/dobner.it\/it\/prodotto\/orecchini-buccellati-opera-full-pave-oro-bianco\/"]}]},{"@type":"ImageObject","inLanguage":"it-IT","@id":"https:\/\/dobner.it\/it\/prodotto\/orecchini-buccellati-opera-full-pave-oro-bianco\/#primaryimage","url":"https:\/\/dobner.it\/wp-content\/uploads\/2024\/06\/orecchini-buccellati-opera-full-pave-in-oro-bianco.jpg","contentUrl":"https:\/\/dobner.it\/wp-content\/uploads\/2024\/06\/orecchini-buccellati-opera-full-pave-in-oro-bianco.jpg","width":1024,"height":1024},{"@type":"BreadcrumbList","@id":"https:\/\/dobner.it\/it\/prodotto\/orecchini-buccellati-opera-full-pave-oro-bianco\/#breadcrumb","itemListElement":[{"@type":"ListItem","position":1,"name":"Home","item":"https:\/\/dobner.it\/it\/"},{"@type":"ListItem","position":2,"name":"Prodotti","item":"https:\/\/dobner.it\/it\/prodotti\/"},{"@type":"ListItem","position":3,"name":"Orecchini Buccellati Opera Full Pav\u00e9 in Oro Bianco"}]},{"@type":"WebSite","@id":"https:\/\/dobner.it\/it\/#website","url":"https:\/\/dobner.it\/it\/","name":"Dobner","description":"","publisher":{"@id":"https:\/\/dobner.it\/it\/#organization"},"potentialAction":[{"@type":"SearchAction","target":{"@type":"EntryPoint","urlTemplate":"https:\/\/dobner.it\/it\/?s={search_term_string}"},"query-input":{"@type":"PropertyValueSpecification","valueRequired":true,"valueName":"search_term_string"}}],"inLanguage":"it-IT"},{"@type":"Organization","@id":"https:\/\/dobner.it\/it\/#organization","name":"Dobner","url":"https:\/\/dobner.it\/it\/","logo":{"@type":"ImageObject","inLanguage":"it-IT","@id":"https:\/\/dobner.it\/it\/#\/schema\/logo\/image\/","url":"https:\/\/dobner.it\/wp-content\/uploads\/2020\/10\/logo-email.png","contentUrl":"https:\/\/dobner.it\/wp-content\/uploads\/2020\/10\/logo-email.png","width":188,"height":81,"caption":"Dobner"},"image":{"@id":"https:\/\/dobner.it\/it\/#\/schema\/logo\/image\/"}}]}},"_links":{"self":[{"href":"https:\/\/dobner.it\/it\/wp-json\/wp\/v2\/product\/78136","targetHints":{"allow":["GET"]}}],"collection":[{"href":"https:\/\/dobner.it\/it\/wp-json\/wp\/v2\/product"}],"about":[{"href":"https:\/\/dobner.it\/it\/wp-json\/wp\/v2\/types\/product"}],"version-history":[{"count":1,"href":"https:\/\/dobner.it\/it\/wp-json\/wp\/v2\/product\/78136\/revisions"}],"predecessor-version":[{"id":81159,"href":"https:\/\/dobner.it\/it\/wp-json\/wp\/v2\/product\/78136\/revisions\/81159"}],"wp:featuredmedia":[{"embeddable":true,"href":"https:\/\/dobner.it\/it\/wp-json\/wp\/v2\/media\/78138"}],"wp:attachment":[{"href":"https:\/\/dobner.it\/it\/wp-json\/wp\/v2\/media?parent=78136"}],"wp:term":[{"taxonomy":"product_brand","embeddable":true,"href":"https:\/\/dobner.it\/it\/wp-json\/wp\/v2\/product_brand?post=78136"},{"taxonomy":"product_cat","embeddable":true,"href":"https:\/\/dobner.it\/it\/wp-json\/wp\/v2\/product_cat?post=78136"},{"taxonomy":"product_tag","embeddable":true,"href":"https:\/\/dobner.it\/it\/wp-json\/wp\/v2\/product_tag?post=78136"}],"curies":[{"name":"wp","href":"https:\/\/api.w.org\/{rel}","templated":true}]}}