{"id":77158,"date":"2024-05-07T11:32:18","date_gmt":"2024-05-07T09:32:18","guid":{"rendered":"https:\/\/dobner.it\/?post_type=product&#038;p=77158"},"modified":"2026-01-15T09:15:07","modified_gmt":"2026-01-15T08:15:07","slug":"ciondolo-chantecler-et-voila-campanella-media-color-quarzo-rosa","status":"publish","type":"product","link":"https:\/\/dobner.it\/it\/prodotto\/ciondolo-chantecler-et-voila-campanella-media-color-quarzo-rosa\/","title":{"rendered":"Ciondolo Chantecler Et Voil\u00e0 Campanella Media color Quarzo Rosa"},"content":{"rendered":"<p>La collezione Et Voil\u00e0 Campanelle di Chantecler propone l\u2019icona del marchio in una versione luminosa in argento. Il tintinnio della sua vivace campanella permette di portare sempre con s\u00e9 un po\u2019 di felicit\u00e0.<\/p>\n<p>Questo ciondolo medio Et Voil\u00e0 Campanella di Chantecler \u00e8 realizzato in argento ed \u00e8 abbellito da resina sfaccettata a mano color quarzo rosa e un diamante.<\/p>\n<p>Il ciondolo pu\u00f2 essere abbinato ai gioielli della collezione Et Voil\u00e0 Campanelle per un tocco ancora pi\u00f9 gioioso.<\/p>\n","protected":false},"excerpt":{"rendered":"<p>Ciondolo Chantecler Et Voil\u00e0 Campanella Media in argento, resina sfaccettata a mano color quarzo rosa e un diamante.<\/p>\n","protected":false},"featured_media":77169,"template":"","meta":[],"product_brand":[636],"product_cat":[531],"product_tag":[],"class_list":{"0":"post-77158","1":"product","2":"type-product","3":"status-publish","4":"has-post-thumbnail","6":"product_brand-chantecler","7":"product_cat-ciondoli","8":"pa_ciondoli-argento","10":"first","11":"instock","12":"taxable","13":"shipping-taxable","14":"product-type-external","swatches":"rey-swatches","show_selected":""},"acf":[],"yoast_head":"<!-- This site is optimized with the Yoast SEO plugin v26.4 - https:\/\/yoast.com\/wordpress\/plugins\/seo\/ -->\n<title>Ciondolo Chantecler Et Voil\u00e0 Campanella Media Quarzo Rosa<\/title>\n<meta name=\"description\" content=\"Ciondolo Chantecler Et Voil\u00e0 Campanella Media in argento, resina sfaccettata a mano color quarzo rosa e un diamante.\" \/>\n<meta name=\"robots\" content=\"index, follow, max-snippet:-1, max-image-preview:large, max-video-preview:-1\" \/>\n<link rel=\"canonical\" href=\"https:\/\/dobner.it\/it\/prodotto\/ciondolo-chantecler-et-voila-campanella-media-color-quarzo-rosa\/\" \/>\n<meta property=\"og:locale\" content=\"it_IT\" \/>\n<meta property=\"og:type\" content=\"article\" \/>\n<meta property=\"og:title\" content=\"Ciondolo Chantecler Et Voil\u00e0 Campanella Media Quarzo Rosa\" \/>\n<meta property=\"og:description\" content=\"Ciondolo Chantecler Et Voil\u00e0 Campanella Media in argento, resina sfaccettata a mano color quarzo rosa e un diamante.\" \/>\n<meta property=\"og:url\" content=\"https:\/\/dobner.it\/it\/prodotto\/ciondolo-chantecler-et-voila-campanella-media-color-quarzo-rosa\/\" \/>\n<meta property=\"og:site_name\" content=\"Dobner\" \/>\n<meta property=\"article:modified_time\" content=\"2026-01-15T08:15:07+00:00\" \/>\n<meta property=\"og:image\" content=\"https:\/\/dobner.it\/wp-content\/uploads\/2024\/04\/ciondolo-chantecler-et-voila-campanella-media-color-quarzo-rosa.jpg\" \/>\n\t<meta property=\"og:image:width\" content=\"1024\" \/>\n\t<meta property=\"og:image:height\" content=\"1024\" \/>\n\t<meta property=\"og:image:type\" content=\"image\/jpeg\" \/>\n<meta name=\"twitter:card\" content=\"summary_large_image\" \/>\n<script type=\"application\/ld+json\" class=\"yoast-schema-graph\">{\"@context\":\"https:\/\/schema.org\",\"@graph\":[{\"@type\":\"WebPage\",\"@id\":\"https:\/\/dobner.it\/it\/prodotto\/ciondolo-chantecler-et-voila-campanella-media-color-quarzo-rosa\/\",\"url\":\"https:\/\/dobner.it\/it\/prodotto\/ciondolo-chantecler-et-voila-campanella-media-color-quarzo-rosa\/\",\"name\":\"Ciondolo Chantecler Et Voil\u00e0 Campanella Media Quarzo Rosa\",\"isPartOf\":{\"@id\":\"https:\/\/dobner.it\/it\/#website\"},\"primaryImageOfPage\":{\"@id\":\"https:\/\/dobner.it\/it\/prodotto\/ciondolo-chantecler-et-voila-campanella-media-color-quarzo-rosa\/#primaryimage\"},\"image\":{\"@id\":\"https:\/\/dobner.it\/it\/prodotto\/ciondolo-chantecler-et-voila-campanella-media-color-quarzo-rosa\/#primaryimage\"},\"thumbnailUrl\":\"https:\/\/dobner.it\/wp-content\/uploads\/2024\/04\/ciondolo-chantecler-et-voila-campanella-media-color-quarzo-rosa.jpg\",\"datePublished\":\"2024-05-07T09:32:18+00:00\",\"dateModified\":\"2026-01-15T08:15:07+00:00\",\"description\":\"Ciondolo Chantecler Et Voil\u00e0 Campanella Media in argento, resina sfaccettata a mano color quarzo rosa e un diamante.\",\"breadcrumb\":{\"@id\":\"https:\/\/dobner.it\/it\/prodotto\/ciondolo-chantecler-et-voila-campanella-media-color-quarzo-rosa\/#breadcrumb\"},\"inLanguage\":\"it-IT\",\"potentialAction\":[{\"@type\":\"ReadAction\",\"target\":[\"https:\/\/dobner.it\/it\/prodotto\/ciondolo-chantecler-et-voila-campanella-media-color-quarzo-rosa\/\"]}]},{\"@type\":\"ImageObject\",\"inLanguage\":\"it-IT\",\"@id\":\"https:\/\/dobner.it\/it\/prodotto\/ciondolo-chantecler-et-voila-campanella-media-color-quarzo-rosa\/#primaryimage\",\"url\":\"https:\/\/dobner.it\/wp-content\/uploads\/2024\/04\/ciondolo-chantecler-et-voila-campanella-media-color-quarzo-rosa.jpg\",\"contentUrl\":\"https:\/\/dobner.it\/wp-content\/uploads\/2024\/04\/ciondolo-chantecler-et-voila-campanella-media-color-quarzo-rosa.jpg\",\"width\":1024,\"height\":1024},{\"@type\":\"BreadcrumbList\",\"@id\":\"https:\/\/dobner.it\/it\/prodotto\/ciondolo-chantecler-et-voila-campanella-media-color-quarzo-rosa\/#breadcrumb\",\"itemListElement\":[{\"@type\":\"ListItem\",\"position\":1,\"name\":\"Home\",\"item\":\"https:\/\/dobner.it\/it\/\"},{\"@type\":\"ListItem\",\"position\":2,\"name\":\"Prodotti\",\"item\":\"https:\/\/dobner.it\/it\/prodotti\/\"},{\"@type\":\"ListItem\",\"position\":3,\"name\":\"Ciondolo Chantecler Et Voil\u00e0 Campanella Media color Quarzo Rosa\"}]},{\"@type\":\"WebSite\",\"@id\":\"https:\/\/dobner.it\/it\/#website\",\"url\":\"https:\/\/dobner.it\/it\/\",\"name\":\"Dobner\",\"description\":\"\",\"publisher\":{\"@id\":\"https:\/\/dobner.it\/it\/#organization\"},\"potentialAction\":[{\"@type\":\"SearchAction\",\"target\":{\"@type\":\"EntryPoint\",\"urlTemplate\":\"https:\/\/dobner.it\/it\/?s={search_term_string}\"},\"query-input\":{\"@type\":\"PropertyValueSpecification\",\"valueRequired\":true,\"valueName\":\"search_term_string\"}}],\"inLanguage\":\"it-IT\"},{\"@type\":\"Organization\",\"@id\":\"https:\/\/dobner.it\/it\/#organization\",\"name\":\"Dobner\",\"url\":\"https:\/\/dobner.it\/it\/\",\"logo\":{\"@type\":\"ImageObject\",\"inLanguage\":\"it-IT\",\"@id\":\"https:\/\/dobner.it\/it\/#\/schema\/logo\/image\/\",\"url\":\"https:\/\/dobner.it\/wp-content\/uploads\/2020\/10\/logo-email.png\",\"contentUrl\":\"https:\/\/dobner.it\/wp-content\/uploads\/2020\/10\/logo-email.png\",\"width\":188,\"height\":81,\"caption\":\"Dobner\"},\"image\":{\"@id\":\"https:\/\/dobner.it\/it\/#\/schema\/logo\/image\/\"}}]}<\/script>\n<!-- \/ Yoast SEO plugin. -->","yoast_head_json":{"title":"Ciondolo Chantecler Et Voil\u00e0 Campanella Media Quarzo Rosa","description":"Ciondolo Chantecler Et Voil\u00e0 Campanella Media in argento, resina sfaccettata a mano color quarzo rosa e un diamante.","robots":{"index":"index","follow":"follow","max-snippet":"max-snippet:-1","max-image-preview":"max-image-preview:large","max-video-preview":"max-video-preview:-1"},"canonical":"https:\/\/dobner.it\/it\/prodotto\/ciondolo-chantecler-et-voila-campanella-media-color-quarzo-rosa\/","og_locale":"it_IT","og_type":"article","og_title":"Ciondolo Chantecler Et Voil\u00e0 Campanella Media Quarzo Rosa","og_description":"Ciondolo Chantecler Et Voil\u00e0 Campanella Media in argento, resina sfaccettata a mano color quarzo rosa e un diamante.","og_url":"https:\/\/dobner.it\/it\/prodotto\/ciondolo-chantecler-et-voila-campanella-media-color-quarzo-rosa\/","og_site_name":"Dobner","article_modified_time":"2026-01-15T08:15:07+00:00","og_image":[{"width":1024,"height":1024,"url":"https:\/\/dobner.it\/wp-content\/uploads\/2024\/04\/ciondolo-chantecler-et-voila-campanella-media-color-quarzo-rosa.jpg","type":"image\/jpeg"}],"twitter_card":"summary_large_image","schema":{"@context":"https:\/\/schema.org","@graph":[{"@type":"WebPage","@id":"https:\/\/dobner.it\/it\/prodotto\/ciondolo-chantecler-et-voila-campanella-media-color-quarzo-rosa\/","url":"https:\/\/dobner.it\/it\/prodotto\/ciondolo-chantecler-et-voila-campanella-media-color-quarzo-rosa\/","name":"Ciondolo Chantecler Et Voil\u00e0 Campanella Media Quarzo Rosa","isPartOf":{"@id":"https:\/\/dobner.it\/it\/#website"},"primaryImageOfPage":{"@id":"https:\/\/dobner.it\/it\/prodotto\/ciondolo-chantecler-et-voila-campanella-media-color-quarzo-rosa\/#primaryimage"},"image":{"@id":"https:\/\/dobner.it\/it\/prodotto\/ciondolo-chantecler-et-voila-campanella-media-color-quarzo-rosa\/#primaryimage"},"thumbnailUrl":"https:\/\/dobner.it\/wp-content\/uploads\/2024\/04\/ciondolo-chantecler-et-voila-campanella-media-color-quarzo-rosa.jpg","datePublished":"2024-05-07T09:32:18+00:00","dateModified":"2026-01-15T08:15:07+00:00","description":"Ciondolo Chantecler Et Voil\u00e0 Campanella Media in argento, resina sfaccettata a mano color quarzo rosa e un diamante.","breadcrumb":{"@id":"https:\/\/dobner.it\/it\/prodotto\/ciondolo-chantecler-et-voila-campanella-media-color-quarzo-rosa\/#breadcrumb"},"inLanguage":"it-IT","potentialAction":[{"@type":"ReadAction","target":["https:\/\/dobner.it\/it\/prodotto\/ciondolo-chantecler-et-voila-campanella-media-color-quarzo-rosa\/"]}]},{"@type":"ImageObject","inLanguage":"it-IT","@id":"https:\/\/dobner.it\/it\/prodotto\/ciondolo-chantecler-et-voila-campanella-media-color-quarzo-rosa\/#primaryimage","url":"https:\/\/dobner.it\/wp-content\/uploads\/2024\/04\/ciondolo-chantecler-et-voila-campanella-media-color-quarzo-rosa.jpg","contentUrl":"https:\/\/dobner.it\/wp-content\/uploads\/2024\/04\/ciondolo-chantecler-et-voila-campanella-media-color-quarzo-rosa.jpg","width":1024,"height":1024},{"@type":"BreadcrumbList","@id":"https:\/\/dobner.it\/it\/prodotto\/ciondolo-chantecler-et-voila-campanella-media-color-quarzo-rosa\/#breadcrumb","itemListElement":[{"@type":"ListItem","position":1,"name":"Home","item":"https:\/\/dobner.it\/it\/"},{"@type":"ListItem","position":2,"name":"Prodotti","item":"https:\/\/dobner.it\/it\/prodotti\/"},{"@type":"ListItem","position":3,"name":"Ciondolo Chantecler Et Voil\u00e0 Campanella Media color Quarzo Rosa"}]},{"@type":"WebSite","@id":"https:\/\/dobner.it\/it\/#website","url":"https:\/\/dobner.it\/it\/","name":"Dobner","description":"","publisher":{"@id":"https:\/\/dobner.it\/it\/#organization"},"potentialAction":[{"@type":"SearchAction","target":{"@type":"EntryPoint","urlTemplate":"https:\/\/dobner.it\/it\/?s={search_term_string}"},"query-input":{"@type":"PropertyValueSpecification","valueRequired":true,"valueName":"search_term_string"}}],"inLanguage":"it-IT"},{"@type":"Organization","@id":"https:\/\/dobner.it\/it\/#organization","name":"Dobner","url":"https:\/\/dobner.it\/it\/","logo":{"@type":"ImageObject","inLanguage":"it-IT","@id":"https:\/\/dobner.it\/it\/#\/schema\/logo\/image\/","url":"https:\/\/dobner.it\/wp-content\/uploads\/2020\/10\/logo-email.png","contentUrl":"https:\/\/dobner.it\/wp-content\/uploads\/2020\/10\/logo-email.png","width":188,"height":81,"caption":"Dobner"},"image":{"@id":"https:\/\/dobner.it\/it\/#\/schema\/logo\/image\/"}}]}},"_links":{"self":[{"href":"https:\/\/dobner.it\/it\/wp-json\/wp\/v2\/product\/77158","targetHints":{"allow":["GET"]}}],"collection":[{"href":"https:\/\/dobner.it\/it\/wp-json\/wp\/v2\/product"}],"about":[{"href":"https:\/\/dobner.it\/it\/wp-json\/wp\/v2\/types\/product"}],"version-history":[{"count":1,"href":"https:\/\/dobner.it\/it\/wp-json\/wp\/v2\/product\/77158\/revisions"}],"predecessor-version":[{"id":82529,"href":"https:\/\/dobner.it\/it\/wp-json\/wp\/v2\/product\/77158\/revisions\/82529"}],"wp:featuredmedia":[{"embeddable":true,"href":"https:\/\/dobner.it\/it\/wp-json\/wp\/v2\/media\/77169"}],"wp:attachment":[{"href":"https:\/\/dobner.it\/it\/wp-json\/wp\/v2\/media?parent=77158"}],"wp:term":[{"taxonomy":"product_brand","embeddable":true,"href":"https:\/\/dobner.it\/it\/wp-json\/wp\/v2\/product_brand?post=77158"},{"taxonomy":"product_cat","embeddable":true,"href":"https:\/\/dobner.it\/it\/wp-json\/wp\/v2\/product_cat?post=77158"},{"taxonomy":"product_tag","embeddable":true,"href":"https:\/\/dobner.it\/it\/wp-json\/wp\/v2\/product_tag?post=77158"}],"curies":[{"name":"wp","href":"https:\/\/api.w.org\/{rel}","templated":true}]}}