{"id":74656,"date":"2024-01-24T08:46:41","date_gmt":"2024-01-24T07:46:41","guid":{"rendered":"https:\/\/dobner.it\/?post_type=product&#038;p=74656"},"modified":"2026-01-15T16:03:00","modified_gmt":"2026-01-15T15:03:00","slug":"anello-burato-linee-ed-archi-linea-yellow","status":"publish","type":"product","link":"https:\/\/dobner.it\/it\/prodotto\/anello-burato-linee-ed-archi-linea-yellow\/","title":{"rendered":"Anello Burato Linee ed Archi Linea Yellow"},"content":{"rendered":"<p>Questo anello Linea Yellow di Burato della collezione Linee ed Archi \u00e8 un modello dai tratti essenziali, perfetto per aggiungere un delicato tocco di classe al look. \u00c8 possibile unire due o pi\u00f9 anelli per adattare lo stile alle varie occasioni.<\/p>\n<p>L\u2019anello \u00e8 realizzato in oro giallo 18 kt.<\/p>\n<p>Questo modello risalta in abbinamento ad anelli, bracciali, orecchini e collane della collezione Linee ed Archi.<\/p>\n<p>Richiedi informazioni per la disponibilit\u00e0 della misura.<\/p>\n","protected":false},"excerpt":{"rendered":"<p>Anello Burato Linea Yellow della collezione Linee ed Archi realizzato in oro giallo 18 kt.<\/p>\n","protected":false},"featured_media":74878,"template":"","meta":[],"product_brand":[1015],"product_cat":[437],"product_tag":[],"class_list":{"0":"post-74656","1":"product","2":"type-product","3":"status-publish","4":"has-post-thumbnail","6":"product_brand-burato","7":"product_cat-anelli","8":"pa_anelli-anelli-oro","10":"first","11":"instock","12":"taxable","13":"shipping-taxable","14":"product-type-external","swatches":"rey-swatches","show_selected":""},"acf":[],"yoast_head":"<!-- This site is optimized with the Yoast SEO plugin v26.4 - https:\/\/yoast.com\/wordpress\/plugins\/seo\/ -->\n<title>Anello Burato Linee ed Archi Linea Yellow - Dobner<\/title>\n<meta name=\"description\" content=\"Anello Burato Linea Yellow della collezione Linee ed Archi realizzato in oro giallo 18 kt.\" \/>\n<meta name=\"robots\" content=\"index, follow, max-snippet:-1, max-image-preview:large, max-video-preview:-1\" \/>\n<link rel=\"canonical\" href=\"https:\/\/dobner.it\/it\/prodotto\/anello-burato-linee-ed-archi-linea-yellow\/\" \/>\n<meta property=\"og:locale\" content=\"it_IT\" \/>\n<meta property=\"og:type\" content=\"article\" \/>\n<meta property=\"og:title\" content=\"Anello Burato Linee ed Archi Linea Yellow - Dobner\" \/>\n<meta property=\"og:description\" content=\"Anello Burato Linea Yellow della collezione Linee ed Archi realizzato in oro giallo 18 kt.\" \/>\n<meta property=\"og:url\" content=\"https:\/\/dobner.it\/it\/prodotto\/anello-burato-linee-ed-archi-linea-yellow\/\" \/>\n<meta property=\"og:site_name\" content=\"Dobner\" \/>\n<meta property=\"article:modified_time\" content=\"2026-01-15T15:03:00+00:00\" \/>\n<meta property=\"og:image\" content=\"https:\/\/dobner.it\/wp-content\/uploads\/2024\/01\/anello-burato-linee-ed-archi-linea-yellow.jpg\" \/>\n\t<meta property=\"og:image:width\" content=\"1024\" \/>\n\t<meta property=\"og:image:height\" content=\"1024\" \/>\n\t<meta property=\"og:image:type\" content=\"image\/jpeg\" \/>\n<meta name=\"twitter:card\" content=\"summary_large_image\" \/>\n<script type=\"application\/ld+json\" class=\"yoast-schema-graph\">{\"@context\":\"https:\/\/schema.org\",\"@graph\":[{\"@type\":\"WebPage\",\"@id\":\"https:\/\/dobner.it\/it\/prodotto\/anello-burato-linee-ed-archi-linea-yellow\/\",\"url\":\"https:\/\/dobner.it\/it\/prodotto\/anello-burato-linee-ed-archi-linea-yellow\/\",\"name\":\"Anello Burato Linee ed Archi Linea Yellow - Dobner\",\"isPartOf\":{\"@id\":\"https:\/\/dobner.it\/it\/#website\"},\"primaryImageOfPage\":{\"@id\":\"https:\/\/dobner.it\/it\/prodotto\/anello-burato-linee-ed-archi-linea-yellow\/#primaryimage\"},\"image\":{\"@id\":\"https:\/\/dobner.it\/it\/prodotto\/anello-burato-linee-ed-archi-linea-yellow\/#primaryimage\"},\"thumbnailUrl\":\"https:\/\/dobner.it\/wp-content\/uploads\/2024\/01\/anello-burato-linee-ed-archi-linea-yellow.jpg\",\"datePublished\":\"2024-01-24T07:46:41+00:00\",\"dateModified\":\"2026-01-15T15:03:00+00:00\",\"description\":\"Anello Burato Linea Yellow della collezione Linee ed Archi realizzato in oro giallo 18 kt.\",\"breadcrumb\":{\"@id\":\"https:\/\/dobner.it\/it\/prodotto\/anello-burato-linee-ed-archi-linea-yellow\/#breadcrumb\"},\"inLanguage\":\"it-IT\",\"potentialAction\":[{\"@type\":\"ReadAction\",\"target\":[\"https:\/\/dobner.it\/it\/prodotto\/anello-burato-linee-ed-archi-linea-yellow\/\"]}]},{\"@type\":\"ImageObject\",\"inLanguage\":\"it-IT\",\"@id\":\"https:\/\/dobner.it\/it\/prodotto\/anello-burato-linee-ed-archi-linea-yellow\/#primaryimage\",\"url\":\"https:\/\/dobner.it\/wp-content\/uploads\/2024\/01\/anello-burato-linee-ed-archi-linea-yellow.jpg\",\"contentUrl\":\"https:\/\/dobner.it\/wp-content\/uploads\/2024\/01\/anello-burato-linee-ed-archi-linea-yellow.jpg\",\"width\":1024,\"height\":1024},{\"@type\":\"BreadcrumbList\",\"@id\":\"https:\/\/dobner.it\/it\/prodotto\/anello-burato-linee-ed-archi-linea-yellow\/#breadcrumb\",\"itemListElement\":[{\"@type\":\"ListItem\",\"position\":1,\"name\":\"Home\",\"item\":\"https:\/\/dobner.it\/it\/\"},{\"@type\":\"ListItem\",\"position\":2,\"name\":\"Prodotti\",\"item\":\"https:\/\/dobner.it\/it\/prodotti\/\"},{\"@type\":\"ListItem\",\"position\":3,\"name\":\"Anello Burato Linee ed Archi Linea Yellow\"}]},{\"@type\":\"WebSite\",\"@id\":\"https:\/\/dobner.it\/it\/#website\",\"url\":\"https:\/\/dobner.it\/it\/\",\"name\":\"Dobner\",\"description\":\"\",\"publisher\":{\"@id\":\"https:\/\/dobner.it\/it\/#organization\"},\"potentialAction\":[{\"@type\":\"SearchAction\",\"target\":{\"@type\":\"EntryPoint\",\"urlTemplate\":\"https:\/\/dobner.it\/it\/?s={search_term_string}\"},\"query-input\":{\"@type\":\"PropertyValueSpecification\",\"valueRequired\":true,\"valueName\":\"search_term_string\"}}],\"inLanguage\":\"it-IT\"},{\"@type\":\"Organization\",\"@id\":\"https:\/\/dobner.it\/it\/#organization\",\"name\":\"Dobner\",\"url\":\"https:\/\/dobner.it\/it\/\",\"logo\":{\"@type\":\"ImageObject\",\"inLanguage\":\"it-IT\",\"@id\":\"https:\/\/dobner.it\/it\/#\/schema\/logo\/image\/\",\"url\":\"https:\/\/dobner.it\/wp-content\/uploads\/2020\/10\/logo-email.png\",\"contentUrl\":\"https:\/\/dobner.it\/wp-content\/uploads\/2020\/10\/logo-email.png\",\"width\":188,\"height\":81,\"caption\":\"Dobner\"},\"image\":{\"@id\":\"https:\/\/dobner.it\/it\/#\/schema\/logo\/image\/\"}}]}<\/script>\n<!-- \/ Yoast SEO plugin. -->","yoast_head_json":{"title":"Anello Burato Linee ed Archi Linea Yellow - Dobner","description":"Anello Burato Linea Yellow della collezione Linee ed Archi realizzato in oro giallo 18 kt.","robots":{"index":"index","follow":"follow","max-snippet":"max-snippet:-1","max-image-preview":"max-image-preview:large","max-video-preview":"max-video-preview:-1"},"canonical":"https:\/\/dobner.it\/it\/prodotto\/anello-burato-linee-ed-archi-linea-yellow\/","og_locale":"it_IT","og_type":"article","og_title":"Anello Burato Linee ed Archi Linea Yellow - Dobner","og_description":"Anello Burato Linea Yellow della collezione Linee ed Archi realizzato in oro giallo 18 kt.","og_url":"https:\/\/dobner.it\/it\/prodotto\/anello-burato-linee-ed-archi-linea-yellow\/","og_site_name":"Dobner","article_modified_time":"2026-01-15T15:03:00+00:00","og_image":[{"width":1024,"height":1024,"url":"https:\/\/dobner.it\/wp-content\/uploads\/2024\/01\/anello-burato-linee-ed-archi-linea-yellow.jpg","type":"image\/jpeg"}],"twitter_card":"summary_large_image","schema":{"@context":"https:\/\/schema.org","@graph":[{"@type":"WebPage","@id":"https:\/\/dobner.it\/it\/prodotto\/anello-burato-linee-ed-archi-linea-yellow\/","url":"https:\/\/dobner.it\/it\/prodotto\/anello-burato-linee-ed-archi-linea-yellow\/","name":"Anello Burato Linee ed Archi Linea Yellow - Dobner","isPartOf":{"@id":"https:\/\/dobner.it\/it\/#website"},"primaryImageOfPage":{"@id":"https:\/\/dobner.it\/it\/prodotto\/anello-burato-linee-ed-archi-linea-yellow\/#primaryimage"},"image":{"@id":"https:\/\/dobner.it\/it\/prodotto\/anello-burato-linee-ed-archi-linea-yellow\/#primaryimage"},"thumbnailUrl":"https:\/\/dobner.it\/wp-content\/uploads\/2024\/01\/anello-burato-linee-ed-archi-linea-yellow.jpg","datePublished":"2024-01-24T07:46:41+00:00","dateModified":"2026-01-15T15:03:00+00:00","description":"Anello Burato Linea Yellow della collezione Linee ed Archi realizzato in oro giallo 18 kt.","breadcrumb":{"@id":"https:\/\/dobner.it\/it\/prodotto\/anello-burato-linee-ed-archi-linea-yellow\/#breadcrumb"},"inLanguage":"it-IT","potentialAction":[{"@type":"ReadAction","target":["https:\/\/dobner.it\/it\/prodotto\/anello-burato-linee-ed-archi-linea-yellow\/"]}]},{"@type":"ImageObject","inLanguage":"it-IT","@id":"https:\/\/dobner.it\/it\/prodotto\/anello-burato-linee-ed-archi-linea-yellow\/#primaryimage","url":"https:\/\/dobner.it\/wp-content\/uploads\/2024\/01\/anello-burato-linee-ed-archi-linea-yellow.jpg","contentUrl":"https:\/\/dobner.it\/wp-content\/uploads\/2024\/01\/anello-burato-linee-ed-archi-linea-yellow.jpg","width":1024,"height":1024},{"@type":"BreadcrumbList","@id":"https:\/\/dobner.it\/it\/prodotto\/anello-burato-linee-ed-archi-linea-yellow\/#breadcrumb","itemListElement":[{"@type":"ListItem","position":1,"name":"Home","item":"https:\/\/dobner.it\/it\/"},{"@type":"ListItem","position":2,"name":"Prodotti","item":"https:\/\/dobner.it\/it\/prodotti\/"},{"@type":"ListItem","position":3,"name":"Anello Burato Linee ed Archi Linea Yellow"}]},{"@type":"WebSite","@id":"https:\/\/dobner.it\/it\/#website","url":"https:\/\/dobner.it\/it\/","name":"Dobner","description":"","publisher":{"@id":"https:\/\/dobner.it\/it\/#organization"},"potentialAction":[{"@type":"SearchAction","target":{"@type":"EntryPoint","urlTemplate":"https:\/\/dobner.it\/it\/?s={search_term_string}"},"query-input":{"@type":"PropertyValueSpecification","valueRequired":true,"valueName":"search_term_string"}}],"inLanguage":"it-IT"},{"@type":"Organization","@id":"https:\/\/dobner.it\/it\/#organization","name":"Dobner","url":"https:\/\/dobner.it\/it\/","logo":{"@type":"ImageObject","inLanguage":"it-IT","@id":"https:\/\/dobner.it\/it\/#\/schema\/logo\/image\/","url":"https:\/\/dobner.it\/wp-content\/uploads\/2020\/10\/logo-email.png","contentUrl":"https:\/\/dobner.it\/wp-content\/uploads\/2020\/10\/logo-email.png","width":188,"height":81,"caption":"Dobner"},"image":{"@id":"https:\/\/dobner.it\/it\/#\/schema\/logo\/image\/"}}]}},"_links":{"self":[{"href":"https:\/\/dobner.it\/it\/wp-json\/wp\/v2\/product\/74656","targetHints":{"allow":["GET"]}}],"collection":[{"href":"https:\/\/dobner.it\/it\/wp-json\/wp\/v2\/product"}],"about":[{"href":"https:\/\/dobner.it\/it\/wp-json\/wp\/v2\/types\/product"}],"version-history":[{"count":1,"href":"https:\/\/dobner.it\/it\/wp-json\/wp\/v2\/product\/74656\/revisions"}],"predecessor-version":[{"id":80808,"href":"https:\/\/dobner.it\/it\/wp-json\/wp\/v2\/product\/74656\/revisions\/80808"}],"wp:featuredmedia":[{"embeddable":true,"href":"https:\/\/dobner.it\/it\/wp-json\/wp\/v2\/media\/74878"}],"wp:attachment":[{"href":"https:\/\/dobner.it\/it\/wp-json\/wp\/v2\/media?parent=74656"}],"wp:term":[{"taxonomy":"product_brand","embeddable":true,"href":"https:\/\/dobner.it\/it\/wp-json\/wp\/v2\/product_brand?post=74656"},{"taxonomy":"product_cat","embeddable":true,"href":"https:\/\/dobner.it\/it\/wp-json\/wp\/v2\/product_cat?post=74656"},{"taxonomy":"product_tag","embeddable":true,"href":"https:\/\/dobner.it\/it\/wp-json\/wp\/v2\/product_tag?post=74656"}],"curies":[{"name":"wp","href":"https:\/\/api.w.org\/{rel}","templated":true}]}}