{"id":73609,"date":"2023-12-06T09:35:40","date_gmt":"2023-12-06T08:35:40","guid":{"rendered":"https:\/\/dobner.it\/?post_type=product&#038;p=73609"},"modified":"2024-04-12T09:05:23","modified_gmt":"2024-04-12T07:05:23","slug":"orologio-baume-mercier-clifton-fasi-lunari","status":"publish","type":"product","link":"https:\/\/dobner.it\/it\/prodotto\/orologio-baume-mercier-clifton-fasi-lunari\/","title":{"rendered":"Orologio Baume &amp; Mercier Clifton con Fasi Lunari"},"content":{"rendered":"<p>Questo orologio Baume &amp; Mercier Clifton Baumatic 10736 \u00e8 un modello dal design contemporaneo e sofisticato.<\/p>\n<p>La cassa di 39 mm \u00e8 realizzata in oro rosa 18 carati ed \u00e8 abbinata al quadrante bianco perla grain\u00e9. Su di esso spiccano la complicazione delle fasi lunari a ore 6 e l&#8217;indicazione della data su un anello dorato, in perfetta armonia con la doratura di indici e lancette a forma di alfa. Fondello in vetro zaffiro.<\/p>\n<p>L&#8217;orologio \u00e8 dotato di movimento a carica automatica di Manifattura Baumatic con riserva di carica di cinque giorni.<\/p>\n<p>Il cinturino intercambiabile \u00e8 realizzato in pelle di alligatore marrone con impunture tono su tono.<\/p>\n<p>Impermeabilit\u00e0 fino a 50 metri.<\/p>\n<p>Ref. 10736<\/p>\n","protected":false},"excerpt":{"rendered":"<p>Orologio Baume &amp; Mercier Clifton con cassa in oro rosa. Quadrante bianco perla grain\u00e9. Cinturino in pelle di alligatore marrone.<\/p>\n","protected":false},"featured_media":73610,"template":"","meta":[],"product_brand":[767],"product_cat":[24],"product_tag":[],"class_list":{"0":"post-73609","1":"product","2":"type-product","3":"status-publish","4":"has-post-thumbnail","6":"product_brand-baume-mercier","7":"product_cat-orologi","8":"pa_orologi-orologi-automatici","10":"first","11":"instock","12":"taxable","13":"shipping-taxable","14":"product-type-external","swatches":"rey-swatches","show_selected":""},"acf":[],"yoast_head":"<!-- This site is optimized with the Yoast SEO plugin v26.4 - https:\/\/yoast.com\/wordpress\/plugins\/seo\/ -->\n<title>Orologio Baume &amp; Mercier Clifton con Fasi Lunari - Dobner<\/title>\n<meta name=\"description\" content=\"Orologio Baume &amp; Mercier Clifton con cassa in oro rosa. Quadrante bianco perla grain\u00e9. Cinturino in pelle di alligatore marrone.\" \/>\n<meta name=\"robots\" content=\"index, follow, max-snippet:-1, max-image-preview:large, max-video-preview:-1\" \/>\n<link rel=\"canonical\" href=\"https:\/\/dobner.it\/it\/prodotto\/orologio-baume-mercier-clifton-fasi-lunari\/\" \/>\n<meta property=\"og:locale\" content=\"it_IT\" \/>\n<meta property=\"og:type\" content=\"article\" \/>\n<meta property=\"og:title\" content=\"Orologio Baume &amp; Mercier Clifton con Fasi Lunari - Dobner\" \/>\n<meta property=\"og:description\" content=\"Orologio Baume &amp; Mercier Clifton con cassa in oro rosa. Quadrante bianco perla grain\u00e9. Cinturino in pelle di alligatore marrone.\" \/>\n<meta property=\"og:url\" content=\"https:\/\/dobner.it\/it\/prodotto\/orologio-baume-mercier-clifton-fasi-lunari\/\" \/>\n<meta property=\"og:site_name\" content=\"Dobner\" \/>\n<meta property=\"article:modified_time\" content=\"2024-04-12T07:05:23+00:00\" \/>\n<meta property=\"og:image\" content=\"https:\/\/dobner.it\/wp-content\/uploads\/2023\/12\/orologio-baume-mercier-clifton-con-fasi-lunari.jpg\" \/>\n\t<meta property=\"og:image:width\" content=\"1024\" \/>\n\t<meta property=\"og:image:height\" content=\"1024\" \/>\n\t<meta property=\"og:image:type\" content=\"image\/jpeg\" \/>\n<meta name=\"twitter:card\" content=\"summary_large_image\" \/>\n<meta name=\"twitter:label1\" content=\"Tempo di lettura stimato\" \/>\n\t<meta name=\"twitter:data1\" content=\"1 minuto\" \/>\n<script type=\"application\/ld+json\" class=\"yoast-schema-graph\">{\"@context\":\"https:\/\/schema.org\",\"@graph\":[{\"@type\":\"WebPage\",\"@id\":\"https:\/\/dobner.it\/it\/prodotto\/orologio-baume-mercier-clifton-fasi-lunari\/\",\"url\":\"https:\/\/dobner.it\/it\/prodotto\/orologio-baume-mercier-clifton-fasi-lunari\/\",\"name\":\"Orologio Baume &amp; Mercier Clifton con Fasi Lunari - Dobner\",\"isPartOf\":{\"@id\":\"https:\/\/dobner.it\/it\/#website\"},\"primaryImageOfPage\":{\"@id\":\"https:\/\/dobner.it\/it\/prodotto\/orologio-baume-mercier-clifton-fasi-lunari\/#primaryimage\"},\"image\":{\"@id\":\"https:\/\/dobner.it\/it\/prodotto\/orologio-baume-mercier-clifton-fasi-lunari\/#primaryimage\"},\"thumbnailUrl\":\"https:\/\/dobner.it\/wp-content\/uploads\/2023\/12\/orologio-baume-mercier-clifton-con-fasi-lunari.jpg\",\"datePublished\":\"2023-12-06T08:35:40+00:00\",\"dateModified\":\"2024-04-12T07:05:23+00:00\",\"description\":\"Orologio Baume &amp; Mercier Clifton con cassa in oro rosa. Quadrante bianco perla grain\u00e9. Cinturino in pelle di alligatore marrone.\",\"breadcrumb\":{\"@id\":\"https:\/\/dobner.it\/it\/prodotto\/orologio-baume-mercier-clifton-fasi-lunari\/#breadcrumb\"},\"inLanguage\":\"it-IT\",\"potentialAction\":[{\"@type\":\"ReadAction\",\"target\":[\"https:\/\/dobner.it\/it\/prodotto\/orologio-baume-mercier-clifton-fasi-lunari\/\"]}]},{\"@type\":\"ImageObject\",\"inLanguage\":\"it-IT\",\"@id\":\"https:\/\/dobner.it\/it\/prodotto\/orologio-baume-mercier-clifton-fasi-lunari\/#primaryimage\",\"url\":\"https:\/\/dobner.it\/wp-content\/uploads\/2023\/12\/orologio-baume-mercier-clifton-con-fasi-lunari.jpg\",\"contentUrl\":\"https:\/\/dobner.it\/wp-content\/uploads\/2023\/12\/orologio-baume-mercier-clifton-con-fasi-lunari.jpg\",\"width\":1024,\"height\":1024},{\"@type\":\"BreadcrumbList\",\"@id\":\"https:\/\/dobner.it\/it\/prodotto\/orologio-baume-mercier-clifton-fasi-lunari\/#breadcrumb\",\"itemListElement\":[{\"@type\":\"ListItem\",\"position\":1,\"name\":\"Home\",\"item\":\"https:\/\/dobner.it\/it\/\"},{\"@type\":\"ListItem\",\"position\":2,\"name\":\"Prodotti\",\"item\":\"https:\/\/dobner.it\/it\/prodotti\/\"},{\"@type\":\"ListItem\",\"position\":3,\"name\":\"Orologio Baume &amp; Mercier Clifton con Fasi Lunari\"}]},{\"@type\":\"WebSite\",\"@id\":\"https:\/\/dobner.it\/it\/#website\",\"url\":\"https:\/\/dobner.it\/it\/\",\"name\":\"Dobner\",\"description\":\"\",\"publisher\":{\"@id\":\"https:\/\/dobner.it\/it\/#organization\"},\"potentialAction\":[{\"@type\":\"SearchAction\",\"target\":{\"@type\":\"EntryPoint\",\"urlTemplate\":\"https:\/\/dobner.it\/it\/?s={search_term_string}\"},\"query-input\":{\"@type\":\"PropertyValueSpecification\",\"valueRequired\":true,\"valueName\":\"search_term_string\"}}],\"inLanguage\":\"it-IT\"},{\"@type\":\"Organization\",\"@id\":\"https:\/\/dobner.it\/it\/#organization\",\"name\":\"Dobner\",\"url\":\"https:\/\/dobner.it\/it\/\",\"logo\":{\"@type\":\"ImageObject\",\"inLanguage\":\"it-IT\",\"@id\":\"https:\/\/dobner.it\/it\/#\/schema\/logo\/image\/\",\"url\":\"https:\/\/dobner.it\/wp-content\/uploads\/2020\/10\/logo-email.png\",\"contentUrl\":\"https:\/\/dobner.it\/wp-content\/uploads\/2020\/10\/logo-email.png\",\"width\":188,\"height\":81,\"caption\":\"Dobner\"},\"image\":{\"@id\":\"https:\/\/dobner.it\/it\/#\/schema\/logo\/image\/\"}}]}<\/script>\n<!-- \/ Yoast SEO plugin. -->","yoast_head_json":{"title":"Orologio Baume &amp; Mercier Clifton con Fasi Lunari - Dobner","description":"Orologio Baume &amp; Mercier Clifton con cassa in oro rosa. Quadrante bianco perla grain\u00e9. Cinturino in pelle di alligatore marrone.","robots":{"index":"index","follow":"follow","max-snippet":"max-snippet:-1","max-image-preview":"max-image-preview:large","max-video-preview":"max-video-preview:-1"},"canonical":"https:\/\/dobner.it\/it\/prodotto\/orologio-baume-mercier-clifton-fasi-lunari\/","og_locale":"it_IT","og_type":"article","og_title":"Orologio Baume &amp; Mercier Clifton con Fasi Lunari - Dobner","og_description":"Orologio Baume &amp; Mercier Clifton con cassa in oro rosa. Quadrante bianco perla grain\u00e9. Cinturino in pelle di alligatore marrone.","og_url":"https:\/\/dobner.it\/it\/prodotto\/orologio-baume-mercier-clifton-fasi-lunari\/","og_site_name":"Dobner","article_modified_time":"2024-04-12T07:05:23+00:00","og_image":[{"width":1024,"height":1024,"url":"https:\/\/dobner.it\/wp-content\/uploads\/2023\/12\/orologio-baume-mercier-clifton-con-fasi-lunari.jpg","type":"image\/jpeg"}],"twitter_card":"summary_large_image","twitter_misc":{"Tempo di lettura stimato":"1 minuto"},"schema":{"@context":"https:\/\/schema.org","@graph":[{"@type":"WebPage","@id":"https:\/\/dobner.it\/it\/prodotto\/orologio-baume-mercier-clifton-fasi-lunari\/","url":"https:\/\/dobner.it\/it\/prodotto\/orologio-baume-mercier-clifton-fasi-lunari\/","name":"Orologio Baume &amp; Mercier Clifton con Fasi Lunari - Dobner","isPartOf":{"@id":"https:\/\/dobner.it\/it\/#website"},"primaryImageOfPage":{"@id":"https:\/\/dobner.it\/it\/prodotto\/orologio-baume-mercier-clifton-fasi-lunari\/#primaryimage"},"image":{"@id":"https:\/\/dobner.it\/it\/prodotto\/orologio-baume-mercier-clifton-fasi-lunari\/#primaryimage"},"thumbnailUrl":"https:\/\/dobner.it\/wp-content\/uploads\/2023\/12\/orologio-baume-mercier-clifton-con-fasi-lunari.jpg","datePublished":"2023-12-06T08:35:40+00:00","dateModified":"2024-04-12T07:05:23+00:00","description":"Orologio Baume &amp; Mercier Clifton con cassa in oro rosa. Quadrante bianco perla grain\u00e9. Cinturino in pelle di alligatore marrone.","breadcrumb":{"@id":"https:\/\/dobner.it\/it\/prodotto\/orologio-baume-mercier-clifton-fasi-lunari\/#breadcrumb"},"inLanguage":"it-IT","potentialAction":[{"@type":"ReadAction","target":["https:\/\/dobner.it\/it\/prodotto\/orologio-baume-mercier-clifton-fasi-lunari\/"]}]},{"@type":"ImageObject","inLanguage":"it-IT","@id":"https:\/\/dobner.it\/it\/prodotto\/orologio-baume-mercier-clifton-fasi-lunari\/#primaryimage","url":"https:\/\/dobner.it\/wp-content\/uploads\/2023\/12\/orologio-baume-mercier-clifton-con-fasi-lunari.jpg","contentUrl":"https:\/\/dobner.it\/wp-content\/uploads\/2023\/12\/orologio-baume-mercier-clifton-con-fasi-lunari.jpg","width":1024,"height":1024},{"@type":"BreadcrumbList","@id":"https:\/\/dobner.it\/it\/prodotto\/orologio-baume-mercier-clifton-fasi-lunari\/#breadcrumb","itemListElement":[{"@type":"ListItem","position":1,"name":"Home","item":"https:\/\/dobner.it\/it\/"},{"@type":"ListItem","position":2,"name":"Prodotti","item":"https:\/\/dobner.it\/it\/prodotti\/"},{"@type":"ListItem","position":3,"name":"Orologio Baume &amp; Mercier Clifton con Fasi Lunari"}]},{"@type":"WebSite","@id":"https:\/\/dobner.it\/it\/#website","url":"https:\/\/dobner.it\/it\/","name":"Dobner","description":"","publisher":{"@id":"https:\/\/dobner.it\/it\/#organization"},"potentialAction":[{"@type":"SearchAction","target":{"@type":"EntryPoint","urlTemplate":"https:\/\/dobner.it\/it\/?s={search_term_string}"},"query-input":{"@type":"PropertyValueSpecification","valueRequired":true,"valueName":"search_term_string"}}],"inLanguage":"it-IT"},{"@type":"Organization","@id":"https:\/\/dobner.it\/it\/#organization","name":"Dobner","url":"https:\/\/dobner.it\/it\/","logo":{"@type":"ImageObject","inLanguage":"it-IT","@id":"https:\/\/dobner.it\/it\/#\/schema\/logo\/image\/","url":"https:\/\/dobner.it\/wp-content\/uploads\/2020\/10\/logo-email.png","contentUrl":"https:\/\/dobner.it\/wp-content\/uploads\/2020\/10\/logo-email.png","width":188,"height":81,"caption":"Dobner"},"image":{"@id":"https:\/\/dobner.it\/it\/#\/schema\/logo\/image\/"}}]}},"_links":{"self":[{"href":"https:\/\/dobner.it\/it\/wp-json\/wp\/v2\/product\/73609","targetHints":{"allow":["GET"]}}],"collection":[{"href":"https:\/\/dobner.it\/it\/wp-json\/wp\/v2\/product"}],"about":[{"href":"https:\/\/dobner.it\/it\/wp-json\/wp\/v2\/types\/product"}],"version-history":[{"count":0,"href":"https:\/\/dobner.it\/it\/wp-json\/wp\/v2\/product\/73609\/revisions"}],"wp:featuredmedia":[{"embeddable":true,"href":"https:\/\/dobner.it\/it\/wp-json\/wp\/v2\/media\/73610"}],"wp:attachment":[{"href":"https:\/\/dobner.it\/it\/wp-json\/wp\/v2\/media?parent=73609"}],"wp:term":[{"taxonomy":"product_brand","embeddable":true,"href":"https:\/\/dobner.it\/it\/wp-json\/wp\/v2\/product_brand?post=73609"},{"taxonomy":"product_cat","embeddable":true,"href":"https:\/\/dobner.it\/it\/wp-json\/wp\/v2\/product_cat?post=73609"},{"taxonomy":"product_tag","embeddable":true,"href":"https:\/\/dobner.it\/it\/wp-json\/wp\/v2\/product_tag?post=73609"}],"curies":[{"name":"wp","href":"https:\/\/api.w.org\/{rel}","templated":true}]}}