{"id":71642,"date":"2023-10-26T14:49:41","date_gmt":"2023-10-26T12:49:41","guid":{"rendered":"https:\/\/dobner.it\/?post_type=product&#038;p=71642"},"modified":"2026-01-15T09:36:02","modified_gmt":"2026-01-15T08:36:02","slug":"collana-chantecler-paillettes-girocollo-smalto-bianco","status":"publish","type":"product","link":"https:\/\/dobner.it\/it\/prodotto\/collana-chantecler-paillettes-girocollo-smalto-bianco\/","title":{"rendered":"Collana Chantecler Paillettes Girocollo con Smalto Bianco"},"content":{"rendered":"<p>La collezione Paillettes \u00e8 una celebrazione della gioia di vivere attraverso magici bagliori e giochi di luce. Racchiude diverse anime, in grado di soddisfare varie occasioni d\u2019indosso.<\/p>\n<p>Questa collana girocollo Chantecler Paillettes \u00e8 realizzata in oro rosa 18 kt ed \u00e8 abbellita da un grazioso smalto bianco. Dei brillanti diamanti bianchi donano un tocco di luminosit\u00e0 in pi\u00f9.<\/p>\n<p>Lunghezza 38-42 cm.<\/p>\n<p>La collana risalta in abbinamento ai gioielli della collezione Paillettes.<\/p>\n<p>Oro GR 15,70 KT 18. Diamante CT 0,07 NR 13.<\/p>\n<p>Essendo un prodotto fatto a mano le caratteristiche sopra indicate possono subire leggere variazioni.<\/p>\n","protected":false},"excerpt":{"rendered":"<p>Collana Chantecler Paillettes girocollo realizzata in oro rosa e smalto bianco. Abbellita da diamanti bianchi. Lunghezza 38-42 cm.<\/p>\n","protected":false},"featured_media":71686,"template":"","meta":[],"product_brand":[636],"product_cat":[434],"product_tag":[],"class_list":{"0":"post-71642","1":"product","2":"type-product","3":"status-publish","4":"has-post-thumbnail","6":"product_brand-chantecler","7":"product_cat-collane","8":"pa_collane-collane-girocollo","10":"first","11":"instock","12":"taxable","13":"shipping-taxable","14":"purchasable","15":"product-type-simple","swatches":"rey-swatches","show_selected":""},"acf":[],"yoast_head":"<!-- This site is optimized with the Yoast SEO plugin v26.4 - https:\/\/yoast.com\/wordpress\/plugins\/seo\/ -->\n<title>Collana Chantecler Paillettes Girocollo con Smalto Bianco<\/title>\n<meta name=\"description\" content=\"Collana Chantecler Paillettes girocollo realizzata in oro rosa e smalto bianco. Abbellita da diamanti bianchi. Lunghezza 38-42 cm.\" \/>\n<meta name=\"robots\" content=\"index, follow, max-snippet:-1, max-image-preview:large, max-video-preview:-1\" \/>\n<link rel=\"canonical\" href=\"https:\/\/dobner.it\/it\/prodotto\/collana-chantecler-paillettes-girocollo-smalto-bianco\/\" \/>\n<meta property=\"og:locale\" content=\"it_IT\" \/>\n<meta property=\"og:type\" content=\"article\" \/>\n<meta property=\"og:title\" content=\"Collana Chantecler Paillettes Girocollo con Smalto Bianco\" \/>\n<meta property=\"og:description\" content=\"Collana Chantecler Paillettes girocollo realizzata in oro rosa e smalto bianco. Abbellita da diamanti bianchi. Lunghezza 38-42 cm.\" \/>\n<meta property=\"og:url\" content=\"https:\/\/dobner.it\/it\/prodotto\/collana-chantecler-paillettes-girocollo-smalto-bianco\/\" \/>\n<meta property=\"og:site_name\" content=\"Dobner\" \/>\n<meta property=\"article:modified_time\" content=\"2026-01-15T08:36:02+00:00\" \/>\n<meta property=\"og:image\" content=\"https:\/\/dobner.it\/wp-content\/uploads\/2023\/10\/collana-chantecler-paillettes-girocollo-con-smalto-bianco.jpg\" \/>\n\t<meta property=\"og:image:width\" content=\"1024\" \/>\n\t<meta property=\"og:image:height\" content=\"1024\" \/>\n\t<meta property=\"og:image:type\" content=\"image\/jpeg\" \/>\n<meta name=\"twitter:card\" content=\"summary_large_image\" \/>\n<script type=\"application\/ld+json\" class=\"yoast-schema-graph\">{\"@context\":\"https:\/\/schema.org\",\"@graph\":[{\"@type\":\"WebPage\",\"@id\":\"https:\/\/dobner.it\/it\/prodotto\/collana-chantecler-paillettes-girocollo-smalto-bianco\/\",\"url\":\"https:\/\/dobner.it\/it\/prodotto\/collana-chantecler-paillettes-girocollo-smalto-bianco\/\",\"name\":\"Collana Chantecler Paillettes Girocollo con Smalto Bianco\",\"isPartOf\":{\"@id\":\"https:\/\/dobner.it\/it\/#website\"},\"primaryImageOfPage\":{\"@id\":\"https:\/\/dobner.it\/it\/prodotto\/collana-chantecler-paillettes-girocollo-smalto-bianco\/#primaryimage\"},\"image\":{\"@id\":\"https:\/\/dobner.it\/it\/prodotto\/collana-chantecler-paillettes-girocollo-smalto-bianco\/#primaryimage\"},\"thumbnailUrl\":\"https:\/\/dobner.it\/wp-content\/uploads\/2023\/10\/collana-chantecler-paillettes-girocollo-con-smalto-bianco.jpg\",\"datePublished\":\"2023-10-26T12:49:41+00:00\",\"dateModified\":\"2026-01-15T08:36:02+00:00\",\"description\":\"Collana Chantecler Paillettes girocollo realizzata in oro rosa e smalto bianco. Abbellita da diamanti bianchi. Lunghezza 38-42 cm.\",\"breadcrumb\":{\"@id\":\"https:\/\/dobner.it\/it\/prodotto\/collana-chantecler-paillettes-girocollo-smalto-bianco\/#breadcrumb\"},\"inLanguage\":\"it-IT\",\"potentialAction\":[{\"@type\":\"ReadAction\",\"target\":[\"https:\/\/dobner.it\/it\/prodotto\/collana-chantecler-paillettes-girocollo-smalto-bianco\/\"]}]},{\"@type\":\"ImageObject\",\"inLanguage\":\"it-IT\",\"@id\":\"https:\/\/dobner.it\/it\/prodotto\/collana-chantecler-paillettes-girocollo-smalto-bianco\/#primaryimage\",\"url\":\"https:\/\/dobner.it\/wp-content\/uploads\/2023\/10\/collana-chantecler-paillettes-girocollo-con-smalto-bianco.jpg\",\"contentUrl\":\"https:\/\/dobner.it\/wp-content\/uploads\/2023\/10\/collana-chantecler-paillettes-girocollo-con-smalto-bianco.jpg\",\"width\":1024,\"height\":1024},{\"@type\":\"BreadcrumbList\",\"@id\":\"https:\/\/dobner.it\/it\/prodotto\/collana-chantecler-paillettes-girocollo-smalto-bianco\/#breadcrumb\",\"itemListElement\":[{\"@type\":\"ListItem\",\"position\":1,\"name\":\"Home\",\"item\":\"https:\/\/dobner.it\/it\/\"},{\"@type\":\"ListItem\",\"position\":2,\"name\":\"Prodotti\",\"item\":\"https:\/\/dobner.it\/it\/prodotti\/\"},{\"@type\":\"ListItem\",\"position\":3,\"name\":\"Collana Chantecler Paillettes Girocollo con Smalto Bianco\"}]},{\"@type\":\"WebSite\",\"@id\":\"https:\/\/dobner.it\/it\/#website\",\"url\":\"https:\/\/dobner.it\/it\/\",\"name\":\"Dobner\",\"description\":\"\",\"publisher\":{\"@id\":\"https:\/\/dobner.it\/it\/#organization\"},\"potentialAction\":[{\"@type\":\"SearchAction\",\"target\":{\"@type\":\"EntryPoint\",\"urlTemplate\":\"https:\/\/dobner.it\/it\/?s={search_term_string}\"},\"query-input\":{\"@type\":\"PropertyValueSpecification\",\"valueRequired\":true,\"valueName\":\"search_term_string\"}}],\"inLanguage\":\"it-IT\"},{\"@type\":\"Organization\",\"@id\":\"https:\/\/dobner.it\/it\/#organization\",\"name\":\"Dobner\",\"url\":\"https:\/\/dobner.it\/it\/\",\"logo\":{\"@type\":\"ImageObject\",\"inLanguage\":\"it-IT\",\"@id\":\"https:\/\/dobner.it\/it\/#\/schema\/logo\/image\/\",\"url\":\"https:\/\/dobner.it\/wp-content\/uploads\/2020\/10\/logo-email.png\",\"contentUrl\":\"https:\/\/dobner.it\/wp-content\/uploads\/2020\/10\/logo-email.png\",\"width\":188,\"height\":81,\"caption\":\"Dobner\"},\"image\":{\"@id\":\"https:\/\/dobner.it\/it\/#\/schema\/logo\/image\/\"}}]}<\/script>\n<!-- \/ Yoast SEO plugin. -->","yoast_head_json":{"title":"Collana Chantecler Paillettes Girocollo con Smalto Bianco","description":"Collana Chantecler Paillettes girocollo realizzata in oro rosa e smalto bianco. Abbellita da diamanti bianchi. Lunghezza 38-42 cm.","robots":{"index":"index","follow":"follow","max-snippet":"max-snippet:-1","max-image-preview":"max-image-preview:large","max-video-preview":"max-video-preview:-1"},"canonical":"https:\/\/dobner.it\/it\/prodotto\/collana-chantecler-paillettes-girocollo-smalto-bianco\/","og_locale":"it_IT","og_type":"article","og_title":"Collana Chantecler Paillettes Girocollo con Smalto Bianco","og_description":"Collana Chantecler Paillettes girocollo realizzata in oro rosa e smalto bianco. Abbellita da diamanti bianchi. Lunghezza 38-42 cm.","og_url":"https:\/\/dobner.it\/it\/prodotto\/collana-chantecler-paillettes-girocollo-smalto-bianco\/","og_site_name":"Dobner","article_modified_time":"2026-01-15T08:36:02+00:00","og_image":[{"width":1024,"height":1024,"url":"https:\/\/dobner.it\/wp-content\/uploads\/2023\/10\/collana-chantecler-paillettes-girocollo-con-smalto-bianco.jpg","type":"image\/jpeg"}],"twitter_card":"summary_large_image","schema":{"@context":"https:\/\/schema.org","@graph":[{"@type":"WebPage","@id":"https:\/\/dobner.it\/it\/prodotto\/collana-chantecler-paillettes-girocollo-smalto-bianco\/","url":"https:\/\/dobner.it\/it\/prodotto\/collana-chantecler-paillettes-girocollo-smalto-bianco\/","name":"Collana Chantecler Paillettes Girocollo con Smalto Bianco","isPartOf":{"@id":"https:\/\/dobner.it\/it\/#website"},"primaryImageOfPage":{"@id":"https:\/\/dobner.it\/it\/prodotto\/collana-chantecler-paillettes-girocollo-smalto-bianco\/#primaryimage"},"image":{"@id":"https:\/\/dobner.it\/it\/prodotto\/collana-chantecler-paillettes-girocollo-smalto-bianco\/#primaryimage"},"thumbnailUrl":"https:\/\/dobner.it\/wp-content\/uploads\/2023\/10\/collana-chantecler-paillettes-girocollo-con-smalto-bianco.jpg","datePublished":"2023-10-26T12:49:41+00:00","dateModified":"2026-01-15T08:36:02+00:00","description":"Collana Chantecler Paillettes girocollo realizzata in oro rosa e smalto bianco. Abbellita da diamanti bianchi. Lunghezza 38-42 cm.","breadcrumb":{"@id":"https:\/\/dobner.it\/it\/prodotto\/collana-chantecler-paillettes-girocollo-smalto-bianco\/#breadcrumb"},"inLanguage":"it-IT","potentialAction":[{"@type":"ReadAction","target":["https:\/\/dobner.it\/it\/prodotto\/collana-chantecler-paillettes-girocollo-smalto-bianco\/"]}]},{"@type":"ImageObject","inLanguage":"it-IT","@id":"https:\/\/dobner.it\/it\/prodotto\/collana-chantecler-paillettes-girocollo-smalto-bianco\/#primaryimage","url":"https:\/\/dobner.it\/wp-content\/uploads\/2023\/10\/collana-chantecler-paillettes-girocollo-con-smalto-bianco.jpg","contentUrl":"https:\/\/dobner.it\/wp-content\/uploads\/2023\/10\/collana-chantecler-paillettes-girocollo-con-smalto-bianco.jpg","width":1024,"height":1024},{"@type":"BreadcrumbList","@id":"https:\/\/dobner.it\/it\/prodotto\/collana-chantecler-paillettes-girocollo-smalto-bianco\/#breadcrumb","itemListElement":[{"@type":"ListItem","position":1,"name":"Home","item":"https:\/\/dobner.it\/it\/"},{"@type":"ListItem","position":2,"name":"Prodotti","item":"https:\/\/dobner.it\/it\/prodotti\/"},{"@type":"ListItem","position":3,"name":"Collana Chantecler Paillettes Girocollo con Smalto Bianco"}]},{"@type":"WebSite","@id":"https:\/\/dobner.it\/it\/#website","url":"https:\/\/dobner.it\/it\/","name":"Dobner","description":"","publisher":{"@id":"https:\/\/dobner.it\/it\/#organization"},"potentialAction":[{"@type":"SearchAction","target":{"@type":"EntryPoint","urlTemplate":"https:\/\/dobner.it\/it\/?s={search_term_string}"},"query-input":{"@type":"PropertyValueSpecification","valueRequired":true,"valueName":"search_term_string"}}],"inLanguage":"it-IT"},{"@type":"Organization","@id":"https:\/\/dobner.it\/it\/#organization","name":"Dobner","url":"https:\/\/dobner.it\/it\/","logo":{"@type":"ImageObject","inLanguage":"it-IT","@id":"https:\/\/dobner.it\/it\/#\/schema\/logo\/image\/","url":"https:\/\/dobner.it\/wp-content\/uploads\/2020\/10\/logo-email.png","contentUrl":"https:\/\/dobner.it\/wp-content\/uploads\/2020\/10\/logo-email.png","width":188,"height":81,"caption":"Dobner"},"image":{"@id":"https:\/\/dobner.it\/it\/#\/schema\/logo\/image\/"}}]}},"_links":{"self":[{"href":"https:\/\/dobner.it\/it\/wp-json\/wp\/v2\/product\/71642","targetHints":{"allow":["GET"]}}],"collection":[{"href":"https:\/\/dobner.it\/it\/wp-json\/wp\/v2\/product"}],"about":[{"href":"https:\/\/dobner.it\/it\/wp-json\/wp\/v2\/types\/product"}],"version-history":[{"count":1,"href":"https:\/\/dobner.it\/it\/wp-json\/wp\/v2\/product\/71642\/revisions"}],"predecessor-version":[{"id":82468,"href":"https:\/\/dobner.it\/it\/wp-json\/wp\/v2\/product\/71642\/revisions\/82468"}],"wp:featuredmedia":[{"embeddable":true,"href":"https:\/\/dobner.it\/it\/wp-json\/wp\/v2\/media\/71686"}],"wp:attachment":[{"href":"https:\/\/dobner.it\/it\/wp-json\/wp\/v2\/media?parent=71642"}],"wp:term":[{"taxonomy":"product_brand","embeddable":true,"href":"https:\/\/dobner.it\/it\/wp-json\/wp\/v2\/product_brand?post=71642"},{"taxonomy":"product_cat","embeddable":true,"href":"https:\/\/dobner.it\/it\/wp-json\/wp\/v2\/product_cat?post=71642"},{"taxonomy":"product_tag","embeddable":true,"href":"https:\/\/dobner.it\/it\/wp-json\/wp\/v2\/product_tag?post=71642"}],"curies":[{"name":"wp","href":"https:\/\/api.w.org\/{rel}","templated":true}]}}