{"id":71167,"date":"2023-10-13T16:10:44","date_gmt":"2023-10-13T14:10:44","guid":{"rendered":"https:\/\/dobner.it\/?post_type=product&#038;p=71167"},"modified":"2026-01-12T11:26:50","modified_gmt":"2026-01-12T10:26:50","slug":"anello-messika-fiery-010-ct-oro-giallo","status":"publish","type":"product","link":"https:\/\/dobner.it\/it\/prodotto\/anello-messika-fiery-010-ct-oro-giallo\/","title":{"rendered":"Anello Messika Fiery 0,10 ct in Oro Giallo"},"content":{"rendered":"<p>La nuova collezione Fiery di Messika abbina linee grintose a un design contemporaneo. I suoi gioielli sono perfetti per affermare la propria personalit\u00e0 con audacia.<\/p>\n<p>Una nuova creazione di Maison Messika che svela un anello unico nel suo genere. L\u2019estetica di questo pezzo in oro giallo evidenzia il suo diamante taglio pera, per un effetto originale e senza tempo. Un regalo ideale per festeggiare un\u2019occasione o semplicemente per farsi un regalo.<\/p>\n<p>L\u2019anello si pu\u00f2 abbinare agli altri gioielli della collezione Fiery per dare ancora pi\u00f9 personalit\u00e0 al look.<\/p>\n<p>Richiedi informazioni per la disponibilit\u00e0 della misura.<\/p>\n","protected":false},"excerpt":{"rendered":"<p>Anello Messika Fiery 0,10 ct in realizzato in oro giallo. Abbellito da un diamante centrale a pera e brillanti diamanti bianchi.<\/p>\n","protected":false},"featured_media":71275,"template":"","meta":[],"product_brand":[1112],"product_cat":[437],"product_tag":[],"class_list":{"0":"post-71167","1":"product","2":"type-product","3":"status-publish","4":"has-post-thumbnail","6":"product_brand-messika","7":"product_cat-anelli","8":"pa_anelli-anelli-pietra","9":"pa_anelli-anelli-oro","11":"first","12":"instock","13":"taxable","14":"shipping-taxable","15":"product-type-external","swatches":"rey-swatches","show_selected":""},"acf":[],"yoast_head":"<!-- This site is optimized with the Yoast SEO plugin v26.4 - https:\/\/yoast.com\/wordpress\/plugins\/seo\/ -->\n<title>Anello Messika Fiery 0,10 ct in Oro Giallo - Dobner<\/title>\n<meta name=\"description\" content=\"Anello Messika Fiery 0,10 ct in realizzato in oro giallo. Abbellito da un diamante centrale a pera e brillanti diamanti bianchi.\" \/>\n<meta name=\"robots\" content=\"index, follow, max-snippet:-1, max-image-preview:large, max-video-preview:-1\" \/>\n<link rel=\"canonical\" href=\"https:\/\/dobner.it\/it\/prodotto\/anello-messika-fiery-010-ct-oro-giallo\/\" \/>\n<meta property=\"og:locale\" content=\"it_IT\" \/>\n<meta property=\"og:type\" content=\"article\" \/>\n<meta property=\"og:title\" content=\"Anello Messika Fiery 0,10 ct in Oro Giallo - Dobner\" \/>\n<meta property=\"og:description\" content=\"Anello Messika Fiery 0,10 ct in realizzato in oro giallo. Abbellito da un diamante centrale a pera e brillanti diamanti bianchi.\" \/>\n<meta property=\"og:url\" content=\"https:\/\/dobner.it\/it\/prodotto\/anello-messika-fiery-010-ct-oro-giallo\/\" \/>\n<meta property=\"og:site_name\" content=\"Dobner\" \/>\n<meta property=\"article:modified_time\" content=\"2026-01-12T10:26:50+00:00\" \/>\n<meta property=\"og:image\" content=\"https:\/\/dobner.it\/wp-content\/uploads\/2023\/10\/anello-messika-fiery-010-ct-in-oro-giallo.jpg\" \/>\n\t<meta property=\"og:image:width\" content=\"1024\" \/>\n\t<meta property=\"og:image:height\" content=\"1024\" \/>\n\t<meta property=\"og:image:type\" content=\"image\/jpeg\" \/>\n<meta name=\"twitter:card\" content=\"summary_large_image\" \/>\n<script type=\"application\/ld+json\" class=\"yoast-schema-graph\">{\"@context\":\"https:\/\/schema.org\",\"@graph\":[{\"@type\":\"WebPage\",\"@id\":\"https:\/\/dobner.it\/it\/prodotto\/anello-messika-fiery-010-ct-oro-giallo\/\",\"url\":\"https:\/\/dobner.it\/it\/prodotto\/anello-messika-fiery-010-ct-oro-giallo\/\",\"name\":\"Anello Messika Fiery 0,10 ct in Oro Giallo - Dobner\",\"isPartOf\":{\"@id\":\"https:\/\/dobner.it\/it\/#website\"},\"primaryImageOfPage\":{\"@id\":\"https:\/\/dobner.it\/it\/prodotto\/anello-messika-fiery-010-ct-oro-giallo\/#primaryimage\"},\"image\":{\"@id\":\"https:\/\/dobner.it\/it\/prodotto\/anello-messika-fiery-010-ct-oro-giallo\/#primaryimage\"},\"thumbnailUrl\":\"https:\/\/dobner.it\/wp-content\/uploads\/2023\/10\/anello-messika-fiery-010-ct-in-oro-giallo.jpg\",\"datePublished\":\"2023-10-13T14:10:44+00:00\",\"dateModified\":\"2026-01-12T10:26:50+00:00\",\"description\":\"Anello Messika Fiery 0,10 ct in realizzato in oro giallo. Abbellito da un diamante centrale a pera e brillanti diamanti bianchi.\",\"breadcrumb\":{\"@id\":\"https:\/\/dobner.it\/it\/prodotto\/anello-messika-fiery-010-ct-oro-giallo\/#breadcrumb\"},\"inLanguage\":\"it-IT\",\"potentialAction\":[{\"@type\":\"ReadAction\",\"target\":[\"https:\/\/dobner.it\/it\/prodotto\/anello-messika-fiery-010-ct-oro-giallo\/\"]}]},{\"@type\":\"ImageObject\",\"inLanguage\":\"it-IT\",\"@id\":\"https:\/\/dobner.it\/it\/prodotto\/anello-messika-fiery-010-ct-oro-giallo\/#primaryimage\",\"url\":\"https:\/\/dobner.it\/wp-content\/uploads\/2023\/10\/anello-messika-fiery-010-ct-in-oro-giallo.jpg\",\"contentUrl\":\"https:\/\/dobner.it\/wp-content\/uploads\/2023\/10\/anello-messika-fiery-010-ct-in-oro-giallo.jpg\",\"width\":1024,\"height\":1024},{\"@type\":\"BreadcrumbList\",\"@id\":\"https:\/\/dobner.it\/it\/prodotto\/anello-messika-fiery-010-ct-oro-giallo\/#breadcrumb\",\"itemListElement\":[{\"@type\":\"ListItem\",\"position\":1,\"name\":\"Home\",\"item\":\"https:\/\/dobner.it\/it\/\"},{\"@type\":\"ListItem\",\"position\":2,\"name\":\"Prodotti\",\"item\":\"https:\/\/dobner.it\/it\/prodotti\/\"},{\"@type\":\"ListItem\",\"position\":3,\"name\":\"Anello Messika Fiery 0,10 ct in Oro Giallo\"}]},{\"@type\":\"WebSite\",\"@id\":\"https:\/\/dobner.it\/it\/#website\",\"url\":\"https:\/\/dobner.it\/it\/\",\"name\":\"Dobner\",\"description\":\"\",\"publisher\":{\"@id\":\"https:\/\/dobner.it\/it\/#organization\"},\"potentialAction\":[{\"@type\":\"SearchAction\",\"target\":{\"@type\":\"EntryPoint\",\"urlTemplate\":\"https:\/\/dobner.it\/it\/?s={search_term_string}\"},\"query-input\":{\"@type\":\"PropertyValueSpecification\",\"valueRequired\":true,\"valueName\":\"search_term_string\"}}],\"inLanguage\":\"it-IT\"},{\"@type\":\"Organization\",\"@id\":\"https:\/\/dobner.it\/it\/#organization\",\"name\":\"Dobner\",\"url\":\"https:\/\/dobner.it\/it\/\",\"logo\":{\"@type\":\"ImageObject\",\"inLanguage\":\"it-IT\",\"@id\":\"https:\/\/dobner.it\/it\/#\/schema\/logo\/image\/\",\"url\":\"https:\/\/dobner.it\/wp-content\/uploads\/2020\/10\/logo-email.png\",\"contentUrl\":\"https:\/\/dobner.it\/wp-content\/uploads\/2020\/10\/logo-email.png\",\"width\":188,\"height\":81,\"caption\":\"Dobner\"},\"image\":{\"@id\":\"https:\/\/dobner.it\/it\/#\/schema\/logo\/image\/\"}}]}<\/script>\n<!-- \/ Yoast SEO plugin. -->","yoast_head_json":{"title":"Anello Messika Fiery 0,10 ct in Oro Giallo - Dobner","description":"Anello Messika Fiery 0,10 ct in realizzato in oro giallo. Abbellito da un diamante centrale a pera e brillanti diamanti bianchi.","robots":{"index":"index","follow":"follow","max-snippet":"max-snippet:-1","max-image-preview":"max-image-preview:large","max-video-preview":"max-video-preview:-1"},"canonical":"https:\/\/dobner.it\/it\/prodotto\/anello-messika-fiery-010-ct-oro-giallo\/","og_locale":"it_IT","og_type":"article","og_title":"Anello Messika Fiery 0,10 ct in Oro Giallo - Dobner","og_description":"Anello Messika Fiery 0,10 ct in realizzato in oro giallo. Abbellito da un diamante centrale a pera e brillanti diamanti bianchi.","og_url":"https:\/\/dobner.it\/it\/prodotto\/anello-messika-fiery-010-ct-oro-giallo\/","og_site_name":"Dobner","article_modified_time":"2026-01-12T10:26:50+00:00","og_image":[{"width":1024,"height":1024,"url":"https:\/\/dobner.it\/wp-content\/uploads\/2023\/10\/anello-messika-fiery-010-ct-in-oro-giallo.jpg","type":"image\/jpeg"}],"twitter_card":"summary_large_image","schema":{"@context":"https:\/\/schema.org","@graph":[{"@type":"WebPage","@id":"https:\/\/dobner.it\/it\/prodotto\/anello-messika-fiery-010-ct-oro-giallo\/","url":"https:\/\/dobner.it\/it\/prodotto\/anello-messika-fiery-010-ct-oro-giallo\/","name":"Anello Messika Fiery 0,10 ct in Oro Giallo - Dobner","isPartOf":{"@id":"https:\/\/dobner.it\/it\/#website"},"primaryImageOfPage":{"@id":"https:\/\/dobner.it\/it\/prodotto\/anello-messika-fiery-010-ct-oro-giallo\/#primaryimage"},"image":{"@id":"https:\/\/dobner.it\/it\/prodotto\/anello-messika-fiery-010-ct-oro-giallo\/#primaryimage"},"thumbnailUrl":"https:\/\/dobner.it\/wp-content\/uploads\/2023\/10\/anello-messika-fiery-010-ct-in-oro-giallo.jpg","datePublished":"2023-10-13T14:10:44+00:00","dateModified":"2026-01-12T10:26:50+00:00","description":"Anello Messika Fiery 0,10 ct in realizzato in oro giallo. Abbellito da un diamante centrale a pera e brillanti diamanti bianchi.","breadcrumb":{"@id":"https:\/\/dobner.it\/it\/prodotto\/anello-messika-fiery-010-ct-oro-giallo\/#breadcrumb"},"inLanguage":"it-IT","potentialAction":[{"@type":"ReadAction","target":["https:\/\/dobner.it\/it\/prodotto\/anello-messika-fiery-010-ct-oro-giallo\/"]}]},{"@type":"ImageObject","inLanguage":"it-IT","@id":"https:\/\/dobner.it\/it\/prodotto\/anello-messika-fiery-010-ct-oro-giallo\/#primaryimage","url":"https:\/\/dobner.it\/wp-content\/uploads\/2023\/10\/anello-messika-fiery-010-ct-in-oro-giallo.jpg","contentUrl":"https:\/\/dobner.it\/wp-content\/uploads\/2023\/10\/anello-messika-fiery-010-ct-in-oro-giallo.jpg","width":1024,"height":1024},{"@type":"BreadcrumbList","@id":"https:\/\/dobner.it\/it\/prodotto\/anello-messika-fiery-010-ct-oro-giallo\/#breadcrumb","itemListElement":[{"@type":"ListItem","position":1,"name":"Home","item":"https:\/\/dobner.it\/it\/"},{"@type":"ListItem","position":2,"name":"Prodotti","item":"https:\/\/dobner.it\/it\/prodotti\/"},{"@type":"ListItem","position":3,"name":"Anello Messika Fiery 0,10 ct in Oro Giallo"}]},{"@type":"WebSite","@id":"https:\/\/dobner.it\/it\/#website","url":"https:\/\/dobner.it\/it\/","name":"Dobner","description":"","publisher":{"@id":"https:\/\/dobner.it\/it\/#organization"},"potentialAction":[{"@type":"SearchAction","target":{"@type":"EntryPoint","urlTemplate":"https:\/\/dobner.it\/it\/?s={search_term_string}"},"query-input":{"@type":"PropertyValueSpecification","valueRequired":true,"valueName":"search_term_string"}}],"inLanguage":"it-IT"},{"@type":"Organization","@id":"https:\/\/dobner.it\/it\/#organization","name":"Dobner","url":"https:\/\/dobner.it\/it\/","logo":{"@type":"ImageObject","inLanguage":"it-IT","@id":"https:\/\/dobner.it\/it\/#\/schema\/logo\/image\/","url":"https:\/\/dobner.it\/wp-content\/uploads\/2020\/10\/logo-email.png","contentUrl":"https:\/\/dobner.it\/wp-content\/uploads\/2020\/10\/logo-email.png","width":188,"height":81,"caption":"Dobner"},"image":{"@id":"https:\/\/dobner.it\/it\/#\/schema\/logo\/image\/"}}]}},"_links":{"self":[{"href":"https:\/\/dobner.it\/it\/wp-json\/wp\/v2\/product\/71167","targetHints":{"allow":["GET"]}}],"collection":[{"href":"https:\/\/dobner.it\/it\/wp-json\/wp\/v2\/product"}],"about":[{"href":"https:\/\/dobner.it\/it\/wp-json\/wp\/v2\/types\/product"}],"version-history":[{"count":1,"href":"https:\/\/dobner.it\/it\/wp-json\/wp\/v2\/product\/71167\/revisions"}],"predecessor-version":[{"id":81800,"href":"https:\/\/dobner.it\/it\/wp-json\/wp\/v2\/product\/71167\/revisions\/81800"}],"wp:featuredmedia":[{"embeddable":true,"href":"https:\/\/dobner.it\/it\/wp-json\/wp\/v2\/media\/71275"}],"wp:attachment":[{"href":"https:\/\/dobner.it\/it\/wp-json\/wp\/v2\/media?parent=71167"}],"wp:term":[{"taxonomy":"product_brand","embeddable":true,"href":"https:\/\/dobner.it\/it\/wp-json\/wp\/v2\/product_brand?post=71167"},{"taxonomy":"product_cat","embeddable":true,"href":"https:\/\/dobner.it\/it\/wp-json\/wp\/v2\/product_cat?post=71167"},{"taxonomy":"product_tag","embeddable":true,"href":"https:\/\/dobner.it\/it\/wp-json\/wp\/v2\/product_tag?post=71167"}],"curies":[{"name":"wp","href":"https:\/\/api.w.org\/{rel}","templated":true}]}}