{"id":68273,"date":"2023-06-21T15:55:44","date_gmt":"2023-06-21T13:55:44","guid":{"rendered":"https:\/\/dobner.it\/?post_type=product&#038;p=68273"},"modified":"2025-05-22T16:36:34","modified_gmt":"2025-05-22T14:36:34","slug":"orologio-gerald-charles-maestro-3-0-cronografo-blu","status":"publish","type":"product","link":"https:\/\/dobner.it\/it\/prodotto\/orologio-gerald-charles-maestro-3-0-cronografo-blu\/","title":{"rendered":"Orologio Gerald Charles Maestro 3.0 Cronografo con Quadrante Blu"},"content":{"rendered":"<p><span style=\"font-weight: 400;\">Il cronografo Gerald Charles Maestro 3.0 GC3.0-TN-01 \u00e8 un orologio dal design iconico. La sua forma complessiva \u00e8 stata progettata per stare piatta sul polso, misurando solo 11,5 mm di profondit\u00e0.<\/span><\/p>\n<p><span style=\"font-weight: 400;\">La cassa di 39&#215;41,7 mm \u00e8 realizzata in titanio Grado 5 leggero e lucidato a specchio. Si tratta di un materiale duro come l&#8217;acciaio, ma pi\u00f9 leggero del 40%. Corona Clous de Paris.<\/span><\/p>\n<p><span style=\"font-weight: 400;\">La cassa presenta una forma irregolare ed \u00e8 dotata di un vetro zaffiro che segue le sue linee. Sigillato con una guarnizione su misura, garantisce un&#8217;impermeabilit\u00e0 fino a 100 metri.<\/span><\/p>\n<p><span style=\"font-weight: 400;\">Il quadrante blu royal Sunburst si abbina perfettamente allo stile dell&#8217;orologio. Presenta contatori al 3, 6 e 9. Lancette e indici applicati riempiti di Super-LumiNova\u00ae permettono una leggibilit\u00e0 ottimale.<\/span><\/p>\n<p><span style=\"font-weight: 400;\">L&#8217;orologio \u00e8 dotato di un movimento cronografo automatico calibro Ref. GCA3022\/12, con una riserva di carica di 50 ore a doppia canna. Offre una notevole sottigliezza, misurando solo 6,07 mm di altezza, inclusa la sua massa oscillante rotante bidirezionale. \u00c8 arricchito da ponti decorati C\u00f4te de Gen\u00e8ve. Il movimento \u00e8 visibile attraverso un fondello in vetro zaffiro.<\/span><\/p>\n<p><span style=\"font-weight: 400;\">Il cinturino blu royal \u00e8 realizzato in gomma tecnica vulcanizzata, per garantire comfort e resistenza. Presenta la classica decorazione double-face con Clous de Paris da un lato e la tapisserie del logo GC dall&#8217;altro ad abbellirlo.<\/span><\/p>\n<p><span style=\"font-weight: 400;\">Ref. GC3.0-TN-01<\/span><\/p>\n","protected":false},"excerpt":{"rendered":"<p>Orologio Gerald Charles Maestro 3.0 Cronografo con <span style=\"font-weight: 400;\">movimento a carica automatica. Cassa in titanio Grado 5. Cinturino blu royal in gomma tecnica vulcanizzata.<\/span><\/p>\n","protected":false},"featured_media":68274,"template":"","meta":[],"product_brand":[1029],"product_cat":[24],"product_tag":[],"class_list":{"0":"post-68273","1":"product","2":"type-product","3":"status-publish","4":"has-post-thumbnail","6":"product_brand-gerald-charles","7":"product_cat-orologi","8":"pa_orologi-orologi-automatici","9":"pa_orologi-orologi-cronografo","11":"first","12":"instock","13":"taxable","14":"shipping-taxable","15":"product-type-external","swatches":"rey-swatches","show_selected":""},"acf":[],"yoast_head":"<!-- This site is optimized with the Yoast SEO plugin v26.4 - https:\/\/yoast.com\/wordpress\/plugins\/seo\/ -->\n<title>Orologio Gerald Charles Maestro 3.0 Cronografo Quadrante Blu<\/title>\n<meta name=\"description\" content=\"Orologio Gerald Charles Maestro 3.0 Cronografo con movimento a carica automatica e cassa in titanio. Cinturino blu royal in gomma tecnica vulcanizzata.\" \/>\n<meta name=\"robots\" content=\"index, follow, max-snippet:-1, max-image-preview:large, max-video-preview:-1\" \/>\n<link rel=\"canonical\" href=\"https:\/\/dobner.it\/it\/prodotto\/orologio-gerald-charles-maestro-3-0-cronografo-blu\/\" \/>\n<meta property=\"og:locale\" content=\"it_IT\" \/>\n<meta property=\"og:type\" content=\"article\" \/>\n<meta property=\"og:title\" content=\"Orologio Gerald Charles Maestro 3.0 Cronografo Quadrante Blu\" \/>\n<meta property=\"og:description\" content=\"Orologio Gerald Charles Maestro 3.0 Cronografo con movimento a carica automatica e cassa in titanio. Cinturino blu royal in gomma tecnica vulcanizzata.\" \/>\n<meta property=\"og:url\" content=\"https:\/\/dobner.it\/it\/prodotto\/orologio-gerald-charles-maestro-3-0-cronografo-blu\/\" \/>\n<meta property=\"og:site_name\" content=\"Dobner\" \/>\n<meta property=\"article:modified_time\" content=\"2025-05-22T14:36:34+00:00\" \/>\n<meta property=\"og:image\" content=\"https:\/\/dobner.it\/wp-content\/uploads\/2023\/06\/orologio-gerald-charles-maestro-30-cronografo-con-quadrante-blu.jpg\" \/>\n\t<meta property=\"og:image:width\" content=\"1024\" \/>\n\t<meta property=\"og:image:height\" content=\"1024\" \/>\n\t<meta property=\"og:image:type\" content=\"image\/jpeg\" \/>\n<meta name=\"twitter:card\" content=\"summary_large_image\" \/>\n<meta name=\"twitter:label1\" content=\"Tempo di lettura stimato\" \/>\n\t<meta name=\"twitter:data1\" content=\"2 minuti\" \/>\n<script type=\"application\/ld+json\" class=\"yoast-schema-graph\">{\"@context\":\"https:\/\/schema.org\",\"@graph\":[{\"@type\":\"WebPage\",\"@id\":\"https:\/\/dobner.it\/it\/prodotto\/orologio-gerald-charles-maestro-3-0-cronografo-blu\/\",\"url\":\"https:\/\/dobner.it\/it\/prodotto\/orologio-gerald-charles-maestro-3-0-cronografo-blu\/\",\"name\":\"Orologio Gerald Charles Maestro 3.0 Cronografo Quadrante Blu\",\"isPartOf\":{\"@id\":\"https:\/\/dobner.it\/it\/#website\"},\"primaryImageOfPage\":{\"@id\":\"https:\/\/dobner.it\/it\/prodotto\/orologio-gerald-charles-maestro-3-0-cronografo-blu\/#primaryimage\"},\"image\":{\"@id\":\"https:\/\/dobner.it\/it\/prodotto\/orologio-gerald-charles-maestro-3-0-cronografo-blu\/#primaryimage\"},\"thumbnailUrl\":\"https:\/\/dobner.it\/wp-content\/uploads\/2023\/06\/orologio-gerald-charles-maestro-30-cronografo-con-quadrante-blu.jpg\",\"datePublished\":\"2023-06-21T13:55:44+00:00\",\"dateModified\":\"2025-05-22T14:36:34+00:00\",\"description\":\"Orologio Gerald Charles Maestro 3.0 Cronografo con movimento a carica automatica e cassa in titanio. Cinturino blu royal in gomma tecnica vulcanizzata.\",\"breadcrumb\":{\"@id\":\"https:\/\/dobner.it\/it\/prodotto\/orologio-gerald-charles-maestro-3-0-cronografo-blu\/#breadcrumb\"},\"inLanguage\":\"it-IT\",\"potentialAction\":[{\"@type\":\"ReadAction\",\"target\":[\"https:\/\/dobner.it\/it\/prodotto\/orologio-gerald-charles-maestro-3-0-cronografo-blu\/\"]}]},{\"@type\":\"ImageObject\",\"inLanguage\":\"it-IT\",\"@id\":\"https:\/\/dobner.it\/it\/prodotto\/orologio-gerald-charles-maestro-3-0-cronografo-blu\/#primaryimage\",\"url\":\"https:\/\/dobner.it\/wp-content\/uploads\/2023\/06\/orologio-gerald-charles-maestro-30-cronografo-con-quadrante-blu.jpg\",\"contentUrl\":\"https:\/\/dobner.it\/wp-content\/uploads\/2023\/06\/orologio-gerald-charles-maestro-30-cronografo-con-quadrante-blu.jpg\",\"width\":1024,\"height\":1024},{\"@type\":\"BreadcrumbList\",\"@id\":\"https:\/\/dobner.it\/it\/prodotto\/orologio-gerald-charles-maestro-3-0-cronografo-blu\/#breadcrumb\",\"itemListElement\":[{\"@type\":\"ListItem\",\"position\":1,\"name\":\"Home\",\"item\":\"https:\/\/dobner.it\/it\/\"},{\"@type\":\"ListItem\",\"position\":2,\"name\":\"Prodotti\",\"item\":\"https:\/\/dobner.it\/it\/prodotti\/\"},{\"@type\":\"ListItem\",\"position\":3,\"name\":\"Orologio Gerald Charles Maestro 3.0 Cronografo con Quadrante Blu\"}]},{\"@type\":\"WebSite\",\"@id\":\"https:\/\/dobner.it\/it\/#website\",\"url\":\"https:\/\/dobner.it\/it\/\",\"name\":\"Dobner\",\"description\":\"\",\"publisher\":{\"@id\":\"https:\/\/dobner.it\/it\/#organization\"},\"potentialAction\":[{\"@type\":\"SearchAction\",\"target\":{\"@type\":\"EntryPoint\",\"urlTemplate\":\"https:\/\/dobner.it\/it\/?s={search_term_string}\"},\"query-input\":{\"@type\":\"PropertyValueSpecification\",\"valueRequired\":true,\"valueName\":\"search_term_string\"}}],\"inLanguage\":\"it-IT\"},{\"@type\":\"Organization\",\"@id\":\"https:\/\/dobner.it\/it\/#organization\",\"name\":\"Dobner\",\"url\":\"https:\/\/dobner.it\/it\/\",\"logo\":{\"@type\":\"ImageObject\",\"inLanguage\":\"it-IT\",\"@id\":\"https:\/\/dobner.it\/it\/#\/schema\/logo\/image\/\",\"url\":\"https:\/\/dobner.it\/wp-content\/uploads\/2020\/10\/logo-email.png\",\"contentUrl\":\"https:\/\/dobner.it\/wp-content\/uploads\/2020\/10\/logo-email.png\",\"width\":188,\"height\":81,\"caption\":\"Dobner\"},\"image\":{\"@id\":\"https:\/\/dobner.it\/it\/#\/schema\/logo\/image\/\"}}]}<\/script>\n<!-- \/ Yoast SEO plugin. -->","yoast_head_json":{"title":"Orologio Gerald Charles Maestro 3.0 Cronografo Quadrante Blu","description":"Orologio Gerald Charles Maestro 3.0 Cronografo con movimento a carica automatica e cassa in titanio. Cinturino blu royal in gomma tecnica vulcanizzata.","robots":{"index":"index","follow":"follow","max-snippet":"max-snippet:-1","max-image-preview":"max-image-preview:large","max-video-preview":"max-video-preview:-1"},"canonical":"https:\/\/dobner.it\/it\/prodotto\/orologio-gerald-charles-maestro-3-0-cronografo-blu\/","og_locale":"it_IT","og_type":"article","og_title":"Orologio Gerald Charles Maestro 3.0 Cronografo Quadrante Blu","og_description":"Orologio Gerald Charles Maestro 3.0 Cronografo con movimento a carica automatica e cassa in titanio. Cinturino blu royal in gomma tecnica vulcanizzata.","og_url":"https:\/\/dobner.it\/it\/prodotto\/orologio-gerald-charles-maestro-3-0-cronografo-blu\/","og_site_name":"Dobner","article_modified_time":"2025-05-22T14:36:34+00:00","og_image":[{"width":1024,"height":1024,"url":"https:\/\/dobner.it\/wp-content\/uploads\/2023\/06\/orologio-gerald-charles-maestro-30-cronografo-con-quadrante-blu.jpg","type":"image\/jpeg"}],"twitter_card":"summary_large_image","twitter_misc":{"Tempo di lettura stimato":"2 minuti"},"schema":{"@context":"https:\/\/schema.org","@graph":[{"@type":"WebPage","@id":"https:\/\/dobner.it\/it\/prodotto\/orologio-gerald-charles-maestro-3-0-cronografo-blu\/","url":"https:\/\/dobner.it\/it\/prodotto\/orologio-gerald-charles-maestro-3-0-cronografo-blu\/","name":"Orologio Gerald Charles Maestro 3.0 Cronografo Quadrante Blu","isPartOf":{"@id":"https:\/\/dobner.it\/it\/#website"},"primaryImageOfPage":{"@id":"https:\/\/dobner.it\/it\/prodotto\/orologio-gerald-charles-maestro-3-0-cronografo-blu\/#primaryimage"},"image":{"@id":"https:\/\/dobner.it\/it\/prodotto\/orologio-gerald-charles-maestro-3-0-cronografo-blu\/#primaryimage"},"thumbnailUrl":"https:\/\/dobner.it\/wp-content\/uploads\/2023\/06\/orologio-gerald-charles-maestro-30-cronografo-con-quadrante-blu.jpg","datePublished":"2023-06-21T13:55:44+00:00","dateModified":"2025-05-22T14:36:34+00:00","description":"Orologio Gerald Charles Maestro 3.0 Cronografo con movimento a carica automatica e cassa in titanio. Cinturino blu royal in gomma tecnica vulcanizzata.","breadcrumb":{"@id":"https:\/\/dobner.it\/it\/prodotto\/orologio-gerald-charles-maestro-3-0-cronografo-blu\/#breadcrumb"},"inLanguage":"it-IT","potentialAction":[{"@type":"ReadAction","target":["https:\/\/dobner.it\/it\/prodotto\/orologio-gerald-charles-maestro-3-0-cronografo-blu\/"]}]},{"@type":"ImageObject","inLanguage":"it-IT","@id":"https:\/\/dobner.it\/it\/prodotto\/orologio-gerald-charles-maestro-3-0-cronografo-blu\/#primaryimage","url":"https:\/\/dobner.it\/wp-content\/uploads\/2023\/06\/orologio-gerald-charles-maestro-30-cronografo-con-quadrante-blu.jpg","contentUrl":"https:\/\/dobner.it\/wp-content\/uploads\/2023\/06\/orologio-gerald-charles-maestro-30-cronografo-con-quadrante-blu.jpg","width":1024,"height":1024},{"@type":"BreadcrumbList","@id":"https:\/\/dobner.it\/it\/prodotto\/orologio-gerald-charles-maestro-3-0-cronografo-blu\/#breadcrumb","itemListElement":[{"@type":"ListItem","position":1,"name":"Home","item":"https:\/\/dobner.it\/it\/"},{"@type":"ListItem","position":2,"name":"Prodotti","item":"https:\/\/dobner.it\/it\/prodotti\/"},{"@type":"ListItem","position":3,"name":"Orologio Gerald Charles Maestro 3.0 Cronografo con Quadrante Blu"}]},{"@type":"WebSite","@id":"https:\/\/dobner.it\/it\/#website","url":"https:\/\/dobner.it\/it\/","name":"Dobner","description":"","publisher":{"@id":"https:\/\/dobner.it\/it\/#organization"},"potentialAction":[{"@type":"SearchAction","target":{"@type":"EntryPoint","urlTemplate":"https:\/\/dobner.it\/it\/?s={search_term_string}"},"query-input":{"@type":"PropertyValueSpecification","valueRequired":true,"valueName":"search_term_string"}}],"inLanguage":"it-IT"},{"@type":"Organization","@id":"https:\/\/dobner.it\/it\/#organization","name":"Dobner","url":"https:\/\/dobner.it\/it\/","logo":{"@type":"ImageObject","inLanguage":"it-IT","@id":"https:\/\/dobner.it\/it\/#\/schema\/logo\/image\/","url":"https:\/\/dobner.it\/wp-content\/uploads\/2020\/10\/logo-email.png","contentUrl":"https:\/\/dobner.it\/wp-content\/uploads\/2020\/10\/logo-email.png","width":188,"height":81,"caption":"Dobner"},"image":{"@id":"https:\/\/dobner.it\/it\/#\/schema\/logo\/image\/"}}]}},"_links":{"self":[{"href":"https:\/\/dobner.it\/it\/wp-json\/wp\/v2\/product\/68273","targetHints":{"allow":["GET"]}}],"collection":[{"href":"https:\/\/dobner.it\/it\/wp-json\/wp\/v2\/product"}],"about":[{"href":"https:\/\/dobner.it\/it\/wp-json\/wp\/v2\/types\/product"}],"version-history":[{"count":1,"href":"https:\/\/dobner.it\/it\/wp-json\/wp\/v2\/product\/68273\/revisions"}],"predecessor-version":[{"id":84357,"href":"https:\/\/dobner.it\/it\/wp-json\/wp\/v2\/product\/68273\/revisions\/84357"}],"wp:featuredmedia":[{"embeddable":true,"href":"https:\/\/dobner.it\/it\/wp-json\/wp\/v2\/media\/68274"}],"wp:attachment":[{"href":"https:\/\/dobner.it\/it\/wp-json\/wp\/v2\/media?parent=68273"}],"wp:term":[{"taxonomy":"product_brand","embeddable":true,"href":"https:\/\/dobner.it\/it\/wp-json\/wp\/v2\/product_brand?post=68273"},{"taxonomy":"product_cat","embeddable":true,"href":"https:\/\/dobner.it\/it\/wp-json\/wp\/v2\/product_cat?post=68273"},{"taxonomy":"product_tag","embeddable":true,"href":"https:\/\/dobner.it\/it\/wp-json\/wp\/v2\/product_tag?post=68273"}],"curies":[{"name":"wp","href":"https:\/\/api.w.org\/{rel}","templated":true}]}}