{"id":65734,"date":"2023-05-09T12:45:08","date_gmt":"2023-05-09T10:45:08","guid":{"rendered":"https:\/\/dobner.it\/?post_type=product&#038;p=65734"},"modified":"2026-01-15T09:51:53","modified_gmt":"2026-01-15T08:51:53","slug":"ciondolo-chantecler-et-voila-campanella-tartaruga","status":"publish","type":"product","link":"https:\/\/dobner.it\/it\/prodotto\/ciondolo-chantecler-et-voila-campanella-tartaruga\/","title":{"rendered":"Ciondolo Chantecler Et Voil\u00e0 Campanella Tartaruga"},"content":{"rendered":"<p><span style=\"font-weight: 400\">La collezione Et Voil\u00e0 Campanelle di Chantecler propone l\u2019icona del marchio in una versione luminosa in argento. Il tintinnio della sua vivace campanella permette di portare sempre con s\u00e9 un po\u2019 di felicit\u00e0.<\/span><\/p>\n<p><span style=\"font-weight: 400\">Questo ciondolo piccolo Campanella assume la forma di una simpatica tartaruga. Il modello \u00e8 realizzato in argento ed \u00e8 decorato dallo smalto rosa. Inoltre, un brillante diamante bianco gli dona un pizzico di luce in pi\u00f9.<\/span><\/p>\n<p><span style=\"font-weight: 400\">Il ciondolo pu\u00f2 essere abbinato ai gioielli della collezione Et Voil\u00e0 Campanelle per un tocco ancora pi\u00f9 gioioso.<\/span><\/p>\n<p><span style=\"font-weight: 400\">Argento GR 5,35. Diamante CT 0,01 NR 1.<\/span><\/p>\n<p><span style=\"font-weight: 400\">Essendo un prodotto fatto a mano le caratteristiche sopra indicate possono subire leggere variazioni.<\/span><\/p>\n","protected":false},"excerpt":{"rendered":"<p>Ciondolo piccolo tartaruga della collezione Et Voil\u00e0 Campanelle di Chantecler realizzato in argento con smalto rosa. Diamante.<\/p>\n","protected":false},"featured_media":65735,"template":"","meta":[],"product_brand":[636],"product_cat":[531],"product_tag":[],"class_list":{"0":"post-65734","1":"product","2":"type-product","3":"status-publish","4":"has-post-thumbnail","6":"product_brand-chantecler","7":"product_cat-ciondoli","8":"pa_ciondoli-argento","9":"pa_ciondoli-smalto","11":"first","12":"instock","13":"taxable","14":"shipping-taxable","15":"purchasable","16":"product-type-simple","swatches":"rey-swatches","show_selected":""},"acf":[],"yoast_head":"<!-- This site is optimized with the Yoast SEO plugin v26.4 - https:\/\/yoast.com\/wordpress\/plugins\/seo\/ -->\n<title>Ciondolo Chantecler Et Voil\u00e0 Campanella Tartaruga - Dobner<\/title>\n<meta name=\"description\" content=\"Ciondolo piccolo tartaruga della collezione Et Voil\u00e0 Campanelle di Chantecler realizzato in argento con smalto rosa. Diamante.\" \/>\n<meta name=\"robots\" content=\"index, follow, max-snippet:-1, max-image-preview:large, max-video-preview:-1\" \/>\n<link rel=\"canonical\" href=\"https:\/\/dobner.it\/it\/prodotto\/ciondolo-chantecler-et-voila-campanella-tartaruga\/\" \/>\n<meta property=\"og:locale\" content=\"it_IT\" \/>\n<meta property=\"og:type\" content=\"article\" \/>\n<meta property=\"og:title\" content=\"Ciondolo Chantecler Et Voil\u00e0 Campanella Tartaruga - Dobner\" \/>\n<meta property=\"og:description\" content=\"Ciondolo piccolo tartaruga della collezione Et Voil\u00e0 Campanelle di Chantecler realizzato in argento con smalto rosa. Diamante.\" \/>\n<meta property=\"og:url\" content=\"https:\/\/dobner.it\/it\/prodotto\/ciondolo-chantecler-et-voila-campanella-tartaruga\/\" \/>\n<meta property=\"og:site_name\" content=\"Dobner\" \/>\n<meta property=\"article:modified_time\" content=\"2026-01-15T08:51:53+00:00\" \/>\n<meta property=\"og:image\" content=\"https:\/\/dobner.it\/wp-content\/uploads\/2023\/05\/ciondolo-chantecler-et-voila-campanella-tartaruga.jpg\" \/>\n\t<meta property=\"og:image:width\" content=\"1024\" \/>\n\t<meta property=\"og:image:height\" content=\"1024\" \/>\n\t<meta property=\"og:image:type\" content=\"image\/jpeg\" \/>\n<meta name=\"twitter:card\" content=\"summary_large_image\" \/>\n<meta name=\"twitter:label1\" content=\"Tempo di lettura stimato\" \/>\n\t<meta name=\"twitter:data1\" content=\"1 minuto\" \/>\n<script type=\"application\/ld+json\" class=\"yoast-schema-graph\">{\"@context\":\"https:\/\/schema.org\",\"@graph\":[{\"@type\":\"WebPage\",\"@id\":\"https:\/\/dobner.it\/it\/prodotto\/ciondolo-chantecler-et-voila-campanella-tartaruga\/\",\"url\":\"https:\/\/dobner.it\/it\/prodotto\/ciondolo-chantecler-et-voila-campanella-tartaruga\/\",\"name\":\"Ciondolo Chantecler Et Voil\u00e0 Campanella Tartaruga - Dobner\",\"isPartOf\":{\"@id\":\"https:\/\/dobner.it\/it\/#website\"},\"primaryImageOfPage\":{\"@id\":\"https:\/\/dobner.it\/it\/prodotto\/ciondolo-chantecler-et-voila-campanella-tartaruga\/#primaryimage\"},\"image\":{\"@id\":\"https:\/\/dobner.it\/it\/prodotto\/ciondolo-chantecler-et-voila-campanella-tartaruga\/#primaryimage\"},\"thumbnailUrl\":\"https:\/\/dobner.it\/wp-content\/uploads\/2023\/05\/ciondolo-chantecler-et-voila-campanella-tartaruga.jpg\",\"datePublished\":\"2023-05-09T10:45:08+00:00\",\"dateModified\":\"2026-01-15T08:51:53+00:00\",\"description\":\"Ciondolo piccolo tartaruga della collezione Et Voil\u00e0 Campanelle di Chantecler realizzato in argento con smalto rosa. Diamante.\",\"breadcrumb\":{\"@id\":\"https:\/\/dobner.it\/it\/prodotto\/ciondolo-chantecler-et-voila-campanella-tartaruga\/#breadcrumb\"},\"inLanguage\":\"it-IT\",\"potentialAction\":[{\"@type\":\"ReadAction\",\"target\":[\"https:\/\/dobner.it\/it\/prodotto\/ciondolo-chantecler-et-voila-campanella-tartaruga\/\"]}]},{\"@type\":\"ImageObject\",\"inLanguage\":\"it-IT\",\"@id\":\"https:\/\/dobner.it\/it\/prodotto\/ciondolo-chantecler-et-voila-campanella-tartaruga\/#primaryimage\",\"url\":\"https:\/\/dobner.it\/wp-content\/uploads\/2023\/05\/ciondolo-chantecler-et-voila-campanella-tartaruga.jpg\",\"contentUrl\":\"https:\/\/dobner.it\/wp-content\/uploads\/2023\/05\/ciondolo-chantecler-et-voila-campanella-tartaruga.jpg\",\"width\":1024,\"height\":1024},{\"@type\":\"BreadcrumbList\",\"@id\":\"https:\/\/dobner.it\/it\/prodotto\/ciondolo-chantecler-et-voila-campanella-tartaruga\/#breadcrumb\",\"itemListElement\":[{\"@type\":\"ListItem\",\"position\":1,\"name\":\"Home\",\"item\":\"https:\/\/dobner.it\/it\/\"},{\"@type\":\"ListItem\",\"position\":2,\"name\":\"Prodotti\",\"item\":\"https:\/\/dobner.it\/it\/prodotti\/\"},{\"@type\":\"ListItem\",\"position\":3,\"name\":\"Ciondolo Chantecler Et Voil\u00e0 Campanella Tartaruga\"}]},{\"@type\":\"WebSite\",\"@id\":\"https:\/\/dobner.it\/it\/#website\",\"url\":\"https:\/\/dobner.it\/it\/\",\"name\":\"Dobner\",\"description\":\"\",\"publisher\":{\"@id\":\"https:\/\/dobner.it\/it\/#organization\"},\"potentialAction\":[{\"@type\":\"SearchAction\",\"target\":{\"@type\":\"EntryPoint\",\"urlTemplate\":\"https:\/\/dobner.it\/it\/?s={search_term_string}\"},\"query-input\":{\"@type\":\"PropertyValueSpecification\",\"valueRequired\":true,\"valueName\":\"search_term_string\"}}],\"inLanguage\":\"it-IT\"},{\"@type\":\"Organization\",\"@id\":\"https:\/\/dobner.it\/it\/#organization\",\"name\":\"Dobner\",\"url\":\"https:\/\/dobner.it\/it\/\",\"logo\":{\"@type\":\"ImageObject\",\"inLanguage\":\"it-IT\",\"@id\":\"https:\/\/dobner.it\/it\/#\/schema\/logo\/image\/\",\"url\":\"https:\/\/dobner.it\/wp-content\/uploads\/2020\/10\/logo-email.png\",\"contentUrl\":\"https:\/\/dobner.it\/wp-content\/uploads\/2020\/10\/logo-email.png\",\"width\":188,\"height\":81,\"caption\":\"Dobner\"},\"image\":{\"@id\":\"https:\/\/dobner.it\/it\/#\/schema\/logo\/image\/\"}}]}<\/script>\n<!-- \/ Yoast SEO plugin. -->","yoast_head_json":{"title":"Ciondolo Chantecler Et Voil\u00e0 Campanella Tartaruga - Dobner","description":"Ciondolo piccolo tartaruga della collezione Et Voil\u00e0 Campanelle di Chantecler realizzato in argento con smalto rosa. Diamante.","robots":{"index":"index","follow":"follow","max-snippet":"max-snippet:-1","max-image-preview":"max-image-preview:large","max-video-preview":"max-video-preview:-1"},"canonical":"https:\/\/dobner.it\/it\/prodotto\/ciondolo-chantecler-et-voila-campanella-tartaruga\/","og_locale":"it_IT","og_type":"article","og_title":"Ciondolo Chantecler Et Voil\u00e0 Campanella Tartaruga - Dobner","og_description":"Ciondolo piccolo tartaruga della collezione Et Voil\u00e0 Campanelle di Chantecler realizzato in argento con smalto rosa. Diamante.","og_url":"https:\/\/dobner.it\/it\/prodotto\/ciondolo-chantecler-et-voila-campanella-tartaruga\/","og_site_name":"Dobner","article_modified_time":"2026-01-15T08:51:53+00:00","og_image":[{"width":1024,"height":1024,"url":"https:\/\/dobner.it\/wp-content\/uploads\/2023\/05\/ciondolo-chantecler-et-voila-campanella-tartaruga.jpg","type":"image\/jpeg"}],"twitter_card":"summary_large_image","twitter_misc":{"Tempo di lettura stimato":"1 minuto"},"schema":{"@context":"https:\/\/schema.org","@graph":[{"@type":"WebPage","@id":"https:\/\/dobner.it\/it\/prodotto\/ciondolo-chantecler-et-voila-campanella-tartaruga\/","url":"https:\/\/dobner.it\/it\/prodotto\/ciondolo-chantecler-et-voila-campanella-tartaruga\/","name":"Ciondolo Chantecler Et Voil\u00e0 Campanella Tartaruga - Dobner","isPartOf":{"@id":"https:\/\/dobner.it\/it\/#website"},"primaryImageOfPage":{"@id":"https:\/\/dobner.it\/it\/prodotto\/ciondolo-chantecler-et-voila-campanella-tartaruga\/#primaryimage"},"image":{"@id":"https:\/\/dobner.it\/it\/prodotto\/ciondolo-chantecler-et-voila-campanella-tartaruga\/#primaryimage"},"thumbnailUrl":"https:\/\/dobner.it\/wp-content\/uploads\/2023\/05\/ciondolo-chantecler-et-voila-campanella-tartaruga.jpg","datePublished":"2023-05-09T10:45:08+00:00","dateModified":"2026-01-15T08:51:53+00:00","description":"Ciondolo piccolo tartaruga della collezione Et Voil\u00e0 Campanelle di Chantecler realizzato in argento con smalto rosa. Diamante.","breadcrumb":{"@id":"https:\/\/dobner.it\/it\/prodotto\/ciondolo-chantecler-et-voila-campanella-tartaruga\/#breadcrumb"},"inLanguage":"it-IT","potentialAction":[{"@type":"ReadAction","target":["https:\/\/dobner.it\/it\/prodotto\/ciondolo-chantecler-et-voila-campanella-tartaruga\/"]}]},{"@type":"ImageObject","inLanguage":"it-IT","@id":"https:\/\/dobner.it\/it\/prodotto\/ciondolo-chantecler-et-voila-campanella-tartaruga\/#primaryimage","url":"https:\/\/dobner.it\/wp-content\/uploads\/2023\/05\/ciondolo-chantecler-et-voila-campanella-tartaruga.jpg","contentUrl":"https:\/\/dobner.it\/wp-content\/uploads\/2023\/05\/ciondolo-chantecler-et-voila-campanella-tartaruga.jpg","width":1024,"height":1024},{"@type":"BreadcrumbList","@id":"https:\/\/dobner.it\/it\/prodotto\/ciondolo-chantecler-et-voila-campanella-tartaruga\/#breadcrumb","itemListElement":[{"@type":"ListItem","position":1,"name":"Home","item":"https:\/\/dobner.it\/it\/"},{"@type":"ListItem","position":2,"name":"Prodotti","item":"https:\/\/dobner.it\/it\/prodotti\/"},{"@type":"ListItem","position":3,"name":"Ciondolo Chantecler Et Voil\u00e0 Campanella Tartaruga"}]},{"@type":"WebSite","@id":"https:\/\/dobner.it\/it\/#website","url":"https:\/\/dobner.it\/it\/","name":"Dobner","description":"","publisher":{"@id":"https:\/\/dobner.it\/it\/#organization"},"potentialAction":[{"@type":"SearchAction","target":{"@type":"EntryPoint","urlTemplate":"https:\/\/dobner.it\/it\/?s={search_term_string}"},"query-input":{"@type":"PropertyValueSpecification","valueRequired":true,"valueName":"search_term_string"}}],"inLanguage":"it-IT"},{"@type":"Organization","@id":"https:\/\/dobner.it\/it\/#organization","name":"Dobner","url":"https:\/\/dobner.it\/it\/","logo":{"@type":"ImageObject","inLanguage":"it-IT","@id":"https:\/\/dobner.it\/it\/#\/schema\/logo\/image\/","url":"https:\/\/dobner.it\/wp-content\/uploads\/2020\/10\/logo-email.png","contentUrl":"https:\/\/dobner.it\/wp-content\/uploads\/2020\/10\/logo-email.png","width":188,"height":81,"caption":"Dobner"},"image":{"@id":"https:\/\/dobner.it\/it\/#\/schema\/logo\/image\/"}}]}},"_links":{"self":[{"href":"https:\/\/dobner.it\/it\/wp-json\/wp\/v2\/product\/65734","targetHints":{"allow":["GET"]}}],"collection":[{"href":"https:\/\/dobner.it\/it\/wp-json\/wp\/v2\/product"}],"about":[{"href":"https:\/\/dobner.it\/it\/wp-json\/wp\/v2\/types\/product"}],"version-history":[{"count":1,"href":"https:\/\/dobner.it\/it\/wp-json\/wp\/v2\/product\/65734\/revisions"}],"predecessor-version":[{"id":82432,"href":"https:\/\/dobner.it\/it\/wp-json\/wp\/v2\/product\/65734\/revisions\/82432"}],"wp:featuredmedia":[{"embeddable":true,"href":"https:\/\/dobner.it\/it\/wp-json\/wp\/v2\/media\/65735"}],"wp:attachment":[{"href":"https:\/\/dobner.it\/it\/wp-json\/wp\/v2\/media?parent=65734"}],"wp:term":[{"taxonomy":"product_brand","embeddable":true,"href":"https:\/\/dobner.it\/it\/wp-json\/wp\/v2\/product_brand?post=65734"},{"taxonomy":"product_cat","embeddable":true,"href":"https:\/\/dobner.it\/it\/wp-json\/wp\/v2\/product_cat?post=65734"},{"taxonomy":"product_tag","embeddable":true,"href":"https:\/\/dobner.it\/it\/wp-json\/wp\/v2\/product_tag?post=65734"}],"curies":[{"name":"wp","href":"https:\/\/api.w.org\/{rel}","templated":true}]}}