{"id":65683,"date":"2023-05-09T09:51:50","date_gmt":"2023-05-09T07:51:50","guid":{"rendered":"https:\/\/dobner.it\/?post_type=product&#038;p=65683"},"modified":"2026-01-15T09:56:07","modified_gmt":"2026-01-15T08:56:07","slug":"bracciale-chantecler-et-voila-campanelle-argento-smalto-blu","status":"publish","type":"product","link":"https:\/\/dobner.it\/it\/prodotto\/bracciale-chantecler-et-voila-campanelle-argento-smalto-blu\/","title":{"rendered":"Bracciale Chantecler Et Voil\u00e0 Campanelle in Argento con Smalto Blu"},"content":{"rendered":"<p>La collezione Et Voil\u00e0 Campanelle di Chantecler propone l\u2019icona del marchio in una versione luminosa in argento. Il tintinnio della sua vivace campanella permette di portare sempre con s\u00e9 un po\u2019 di felicit\u00e0.<\/p>\n<p>Questo bracciale elastico in argento \u00e8 abbellito da un grazioso ciondolo Campanella micro ed \u00e8 decorato dallo smalto blu.<\/p>\n<p>Il bracciale pu\u00f2 essere abbinato ai gioielli della collezione Et Voil\u00e0 Campanelle per un tocco ancora pi\u00f9 gioioso.<\/p>\n<p>Argento GR 7,00.<\/p>\n<p>Essendo un prodotto fatto a mano le caratteristiche sopra indicate possono subire leggere variazioni.<\/p>\n","protected":false},"excerpt":{"rendered":"<p>Bracciale elastico con ciondolo Campanella micro della collezione Et Voil\u00e0 Campanelle di Chantecler realizzato in argento con smalto blu.<\/p>\n","protected":false},"featured_media":65684,"template":"","meta":[],"product_brand":[636],"product_cat":[428],"product_tag":[],"class_list":{"0":"post-65683","1":"product","2":"type-product","3":"status-publish","4":"has-post-thumbnail","6":"product_brand-chantecler","7":"product_cat-bracciali","8":"pa_bracciali-bracciali-elastici","10":"first","11":"instock","12":"taxable","13":"shipping-taxable","14":"product-type-external","swatches":"rey-swatches","show_selected":""},"acf":[],"yoast_head":"<!-- This site is optimized with the Yoast SEO plugin v26.4 - https:\/\/yoast.com\/wordpress\/plugins\/seo\/ -->\n<title>Bracciale Chantecler Et Voil\u00e0 Campanelle Argento Smalto Blu<\/title>\n<meta name=\"description\" content=\"Bracciale elastico con ciondolo Campanella micro della collezione Et Voil\u00e0 Campanelle di Chantecler realizzato in argento con smalto blu.\" \/>\n<meta name=\"robots\" content=\"index, follow, max-snippet:-1, max-image-preview:large, max-video-preview:-1\" \/>\n<link rel=\"canonical\" href=\"https:\/\/dobner.it\/it\/prodotto\/bracciale-chantecler-et-voila-campanelle-argento-smalto-blu\/\" \/>\n<meta property=\"og:locale\" content=\"it_IT\" \/>\n<meta property=\"og:type\" content=\"article\" \/>\n<meta property=\"og:title\" content=\"Bracciale Chantecler Et Voil\u00e0 Campanelle Argento Smalto Blu\" \/>\n<meta property=\"og:description\" content=\"Bracciale elastico con ciondolo Campanella micro della collezione Et Voil\u00e0 Campanelle di Chantecler realizzato in argento con smalto blu.\" \/>\n<meta property=\"og:url\" content=\"https:\/\/dobner.it\/it\/prodotto\/bracciale-chantecler-et-voila-campanelle-argento-smalto-blu\/\" \/>\n<meta property=\"og:site_name\" content=\"Dobner\" \/>\n<meta property=\"article:modified_time\" content=\"2026-01-15T08:56:07+00:00\" \/>\n<meta property=\"og:image\" content=\"https:\/\/dobner.it\/wp-content\/uploads\/2023\/05\/bracciale-chantecler-et-voila-campanelle-in-argento-con-smalto-blu.jpg\" \/>\n\t<meta property=\"og:image:width\" content=\"1024\" \/>\n\t<meta property=\"og:image:height\" content=\"1024\" \/>\n\t<meta property=\"og:image:type\" content=\"image\/jpeg\" \/>\n<meta name=\"twitter:card\" content=\"summary_large_image\" \/>\n<meta name=\"twitter:label1\" content=\"Tempo di lettura stimato\" \/>\n\t<meta name=\"twitter:data1\" content=\"1 minuto\" \/>\n<script type=\"application\/ld+json\" class=\"yoast-schema-graph\">{\"@context\":\"https:\/\/schema.org\",\"@graph\":[{\"@type\":\"WebPage\",\"@id\":\"https:\/\/dobner.it\/it\/prodotto\/bracciale-chantecler-et-voila-campanelle-argento-smalto-blu\/\",\"url\":\"https:\/\/dobner.it\/it\/prodotto\/bracciale-chantecler-et-voila-campanelle-argento-smalto-blu\/\",\"name\":\"Bracciale Chantecler Et Voil\u00e0 Campanelle Argento Smalto Blu\",\"isPartOf\":{\"@id\":\"https:\/\/dobner.it\/it\/#website\"},\"primaryImageOfPage\":{\"@id\":\"https:\/\/dobner.it\/it\/prodotto\/bracciale-chantecler-et-voila-campanelle-argento-smalto-blu\/#primaryimage\"},\"image\":{\"@id\":\"https:\/\/dobner.it\/it\/prodotto\/bracciale-chantecler-et-voila-campanelle-argento-smalto-blu\/#primaryimage\"},\"thumbnailUrl\":\"https:\/\/dobner.it\/wp-content\/uploads\/2023\/05\/bracciale-chantecler-et-voila-campanelle-in-argento-con-smalto-blu.jpg\",\"datePublished\":\"2023-05-09T07:51:50+00:00\",\"dateModified\":\"2026-01-15T08:56:07+00:00\",\"description\":\"Bracciale elastico con ciondolo Campanella micro della collezione Et Voil\u00e0 Campanelle di Chantecler realizzato in argento con smalto blu.\",\"breadcrumb\":{\"@id\":\"https:\/\/dobner.it\/it\/prodotto\/bracciale-chantecler-et-voila-campanelle-argento-smalto-blu\/#breadcrumb\"},\"inLanguage\":\"it-IT\",\"potentialAction\":[{\"@type\":\"ReadAction\",\"target\":[\"https:\/\/dobner.it\/it\/prodotto\/bracciale-chantecler-et-voila-campanelle-argento-smalto-blu\/\"]}]},{\"@type\":\"ImageObject\",\"inLanguage\":\"it-IT\",\"@id\":\"https:\/\/dobner.it\/it\/prodotto\/bracciale-chantecler-et-voila-campanelle-argento-smalto-blu\/#primaryimage\",\"url\":\"https:\/\/dobner.it\/wp-content\/uploads\/2023\/05\/bracciale-chantecler-et-voila-campanelle-in-argento-con-smalto-blu.jpg\",\"contentUrl\":\"https:\/\/dobner.it\/wp-content\/uploads\/2023\/05\/bracciale-chantecler-et-voila-campanelle-in-argento-con-smalto-blu.jpg\",\"width\":1024,\"height\":1024},{\"@type\":\"BreadcrumbList\",\"@id\":\"https:\/\/dobner.it\/it\/prodotto\/bracciale-chantecler-et-voila-campanelle-argento-smalto-blu\/#breadcrumb\",\"itemListElement\":[{\"@type\":\"ListItem\",\"position\":1,\"name\":\"Home\",\"item\":\"https:\/\/dobner.it\/it\/\"},{\"@type\":\"ListItem\",\"position\":2,\"name\":\"Prodotti\",\"item\":\"https:\/\/dobner.it\/it\/prodotti\/\"},{\"@type\":\"ListItem\",\"position\":3,\"name\":\"Bracciale Chantecler Et Voil\u00e0 Campanelle in Argento con Smalto Blu\"}]},{\"@type\":\"WebSite\",\"@id\":\"https:\/\/dobner.it\/it\/#website\",\"url\":\"https:\/\/dobner.it\/it\/\",\"name\":\"Dobner\",\"description\":\"\",\"publisher\":{\"@id\":\"https:\/\/dobner.it\/it\/#organization\"},\"potentialAction\":[{\"@type\":\"SearchAction\",\"target\":{\"@type\":\"EntryPoint\",\"urlTemplate\":\"https:\/\/dobner.it\/it\/?s={search_term_string}\"},\"query-input\":{\"@type\":\"PropertyValueSpecification\",\"valueRequired\":true,\"valueName\":\"search_term_string\"}}],\"inLanguage\":\"it-IT\"},{\"@type\":\"Organization\",\"@id\":\"https:\/\/dobner.it\/it\/#organization\",\"name\":\"Dobner\",\"url\":\"https:\/\/dobner.it\/it\/\",\"logo\":{\"@type\":\"ImageObject\",\"inLanguage\":\"it-IT\",\"@id\":\"https:\/\/dobner.it\/it\/#\/schema\/logo\/image\/\",\"url\":\"https:\/\/dobner.it\/wp-content\/uploads\/2020\/10\/logo-email.png\",\"contentUrl\":\"https:\/\/dobner.it\/wp-content\/uploads\/2020\/10\/logo-email.png\",\"width\":188,\"height\":81,\"caption\":\"Dobner\"},\"image\":{\"@id\":\"https:\/\/dobner.it\/it\/#\/schema\/logo\/image\/\"}}]}<\/script>\n<!-- \/ Yoast SEO plugin. -->","yoast_head_json":{"title":"Bracciale Chantecler Et Voil\u00e0 Campanelle Argento Smalto Blu","description":"Bracciale elastico con ciondolo Campanella micro della collezione Et Voil\u00e0 Campanelle di Chantecler realizzato in argento con smalto blu.","robots":{"index":"index","follow":"follow","max-snippet":"max-snippet:-1","max-image-preview":"max-image-preview:large","max-video-preview":"max-video-preview:-1"},"canonical":"https:\/\/dobner.it\/it\/prodotto\/bracciale-chantecler-et-voila-campanelle-argento-smalto-blu\/","og_locale":"it_IT","og_type":"article","og_title":"Bracciale Chantecler Et Voil\u00e0 Campanelle Argento Smalto Blu","og_description":"Bracciale elastico con ciondolo Campanella micro della collezione Et Voil\u00e0 Campanelle di Chantecler realizzato in argento con smalto blu.","og_url":"https:\/\/dobner.it\/it\/prodotto\/bracciale-chantecler-et-voila-campanelle-argento-smalto-blu\/","og_site_name":"Dobner","article_modified_time":"2026-01-15T08:56:07+00:00","og_image":[{"width":1024,"height":1024,"url":"https:\/\/dobner.it\/wp-content\/uploads\/2023\/05\/bracciale-chantecler-et-voila-campanelle-in-argento-con-smalto-blu.jpg","type":"image\/jpeg"}],"twitter_card":"summary_large_image","twitter_misc":{"Tempo di lettura stimato":"1 minuto"},"schema":{"@context":"https:\/\/schema.org","@graph":[{"@type":"WebPage","@id":"https:\/\/dobner.it\/it\/prodotto\/bracciale-chantecler-et-voila-campanelle-argento-smalto-blu\/","url":"https:\/\/dobner.it\/it\/prodotto\/bracciale-chantecler-et-voila-campanelle-argento-smalto-blu\/","name":"Bracciale Chantecler Et Voil\u00e0 Campanelle Argento Smalto Blu","isPartOf":{"@id":"https:\/\/dobner.it\/it\/#website"},"primaryImageOfPage":{"@id":"https:\/\/dobner.it\/it\/prodotto\/bracciale-chantecler-et-voila-campanelle-argento-smalto-blu\/#primaryimage"},"image":{"@id":"https:\/\/dobner.it\/it\/prodotto\/bracciale-chantecler-et-voila-campanelle-argento-smalto-blu\/#primaryimage"},"thumbnailUrl":"https:\/\/dobner.it\/wp-content\/uploads\/2023\/05\/bracciale-chantecler-et-voila-campanelle-in-argento-con-smalto-blu.jpg","datePublished":"2023-05-09T07:51:50+00:00","dateModified":"2026-01-15T08:56:07+00:00","description":"Bracciale elastico con ciondolo Campanella micro della collezione Et Voil\u00e0 Campanelle di Chantecler realizzato in argento con smalto blu.","breadcrumb":{"@id":"https:\/\/dobner.it\/it\/prodotto\/bracciale-chantecler-et-voila-campanelle-argento-smalto-blu\/#breadcrumb"},"inLanguage":"it-IT","potentialAction":[{"@type":"ReadAction","target":["https:\/\/dobner.it\/it\/prodotto\/bracciale-chantecler-et-voila-campanelle-argento-smalto-blu\/"]}]},{"@type":"ImageObject","inLanguage":"it-IT","@id":"https:\/\/dobner.it\/it\/prodotto\/bracciale-chantecler-et-voila-campanelle-argento-smalto-blu\/#primaryimage","url":"https:\/\/dobner.it\/wp-content\/uploads\/2023\/05\/bracciale-chantecler-et-voila-campanelle-in-argento-con-smalto-blu.jpg","contentUrl":"https:\/\/dobner.it\/wp-content\/uploads\/2023\/05\/bracciale-chantecler-et-voila-campanelle-in-argento-con-smalto-blu.jpg","width":1024,"height":1024},{"@type":"BreadcrumbList","@id":"https:\/\/dobner.it\/it\/prodotto\/bracciale-chantecler-et-voila-campanelle-argento-smalto-blu\/#breadcrumb","itemListElement":[{"@type":"ListItem","position":1,"name":"Home","item":"https:\/\/dobner.it\/it\/"},{"@type":"ListItem","position":2,"name":"Prodotti","item":"https:\/\/dobner.it\/it\/prodotti\/"},{"@type":"ListItem","position":3,"name":"Bracciale Chantecler Et Voil\u00e0 Campanelle in Argento con Smalto Blu"}]},{"@type":"WebSite","@id":"https:\/\/dobner.it\/it\/#website","url":"https:\/\/dobner.it\/it\/","name":"Dobner","description":"","publisher":{"@id":"https:\/\/dobner.it\/it\/#organization"},"potentialAction":[{"@type":"SearchAction","target":{"@type":"EntryPoint","urlTemplate":"https:\/\/dobner.it\/it\/?s={search_term_string}"},"query-input":{"@type":"PropertyValueSpecification","valueRequired":true,"valueName":"search_term_string"}}],"inLanguage":"it-IT"},{"@type":"Organization","@id":"https:\/\/dobner.it\/it\/#organization","name":"Dobner","url":"https:\/\/dobner.it\/it\/","logo":{"@type":"ImageObject","inLanguage":"it-IT","@id":"https:\/\/dobner.it\/it\/#\/schema\/logo\/image\/","url":"https:\/\/dobner.it\/wp-content\/uploads\/2020\/10\/logo-email.png","contentUrl":"https:\/\/dobner.it\/wp-content\/uploads\/2020\/10\/logo-email.png","width":188,"height":81,"caption":"Dobner"},"image":{"@id":"https:\/\/dobner.it\/it\/#\/schema\/logo\/image\/"}}]}},"_links":{"self":[{"href":"https:\/\/dobner.it\/it\/wp-json\/wp\/v2\/product\/65683","targetHints":{"allow":["GET"]}}],"collection":[{"href":"https:\/\/dobner.it\/it\/wp-json\/wp\/v2\/product"}],"about":[{"href":"https:\/\/dobner.it\/it\/wp-json\/wp\/v2\/types\/product"}],"version-history":[{"count":1,"href":"https:\/\/dobner.it\/it\/wp-json\/wp\/v2\/product\/65683\/revisions"}],"predecessor-version":[{"id":82440,"href":"https:\/\/dobner.it\/it\/wp-json\/wp\/v2\/product\/65683\/revisions\/82440"}],"wp:featuredmedia":[{"embeddable":true,"href":"https:\/\/dobner.it\/it\/wp-json\/wp\/v2\/media\/65684"}],"wp:attachment":[{"href":"https:\/\/dobner.it\/it\/wp-json\/wp\/v2\/media?parent=65683"}],"wp:term":[{"taxonomy":"product_brand","embeddable":true,"href":"https:\/\/dobner.it\/it\/wp-json\/wp\/v2\/product_brand?post=65683"},{"taxonomy":"product_cat","embeddable":true,"href":"https:\/\/dobner.it\/it\/wp-json\/wp\/v2\/product_cat?post=65683"},{"taxonomy":"product_tag","embeddable":true,"href":"https:\/\/dobner.it\/it\/wp-json\/wp\/v2\/product_tag?post=65683"}],"curies":[{"name":"wp","href":"https:\/\/api.w.org\/{rel}","templated":true}]}}