{"id":64967,"date":"2023-04-28T11:29:54","date_gmt":"2023-04-28T09:29:54","guid":{"rendered":"https:\/\/dobner.it\/?post_type=product&#038;p=64967"},"modified":"2026-01-15T09:58:43","modified_gmt":"2026-01-15T08:58:43","slug":"ciondolo-chantecler-et-voila-logo-piccolo-faraglioni-argento","status":"publish","type":"product","link":"https:\/\/dobner.it\/it\/prodotto\/ciondolo-chantecler-et-voila-logo-piccolo-faraglioni-argento\/","title":{"rendered":"Ciondolo Chantecler Et Voil\u00e0 Logo Piccolo Faraglioni in Argento"},"content":{"rendered":"<p><span style=\"font-weight: 400\">La collezione Et voil\u00e0 Logo si contraddistingue per i suoi gioielli oversize, in argento, che raccontano i simboli di Capri.<\/span><\/p>\n<p>Questo ciondolo piccolo Logo Faraglioni \u00e8 realizzato in argento.<\/p>\n<p>Il ciondolo pu\u00f2 essere abbinato ai gioielli della collezione Et Voil\u00e0 Logo per creare combinazioni chic e originali.<\/p>\n<p>Argento GR 4,45.<\/p>\n<p>Essendo un prodotto fatto a mano le caratteristiche sopra indicate possono subire leggere variazioni.<\/p>\n","protected":false},"excerpt":{"rendered":"<p>Ciondolo piccolo Faraglioni di Chantecler della collezione Et Voil\u00e0 Logo. Realizzato in argento.<\/p>\n","protected":false},"featured_media":64968,"template":"","meta":[],"product_brand":[636],"product_cat":[531],"product_tag":[],"class_list":{"0":"post-64967","1":"product","2":"type-product","3":"status-publish","4":"has-post-thumbnail","6":"product_brand-chantecler","7":"product_cat-ciondoli","8":"pa_ciondoli-argento","10":"first","11":"instock","12":"taxable","13":"shipping-taxable","14":"purchasable","15":"product-type-simple","swatches":"rey-swatches","show_selected":""},"acf":[],"yoast_head":"<!-- This site is optimized with the Yoast SEO plugin v26.4 - https:\/\/yoast.com\/wordpress\/plugins\/seo\/ -->\n<title>Ciondolo Chantecler Et Voil\u00e0 Logo Piccolo Faraglioni Argento<\/title>\n<meta name=\"description\" content=\"Ciondolo Chantecler Et Voil\u00e0 piccolo in argento con incisione Galli e Sole. Un talismano luminoso che racconta la vitalit\u00e0 dell\u2019isola di Capri.\" \/>\n<meta name=\"robots\" content=\"index, follow, max-snippet:-1, max-image-preview:large, max-video-preview:-1\" \/>\n<link rel=\"canonical\" href=\"https:\/\/dobner.it\/it\/prodotto\/ciondolo-chantecler-et-voila-logo-piccolo-faraglioni-argento\/\" \/>\n<meta property=\"og:locale\" content=\"it_IT\" \/>\n<meta property=\"og:type\" content=\"article\" \/>\n<meta property=\"og:title\" content=\"Ciondolo Chantecler Et Voil\u00e0 Logo Piccolo Faraglioni Argento\" \/>\n<meta property=\"og:description\" content=\"Ciondolo Chantecler Et Voil\u00e0 piccolo in argento con incisione Galli e Sole. Un talismano luminoso che racconta la vitalit\u00e0 dell\u2019isola di Capri.\" \/>\n<meta property=\"og:url\" content=\"https:\/\/dobner.it\/it\/prodotto\/ciondolo-chantecler-et-voila-logo-piccolo-faraglioni-argento\/\" \/>\n<meta property=\"og:site_name\" content=\"Dobner\" \/>\n<meta property=\"article:modified_time\" content=\"2026-01-15T08:58:43+00:00\" \/>\n<meta property=\"og:image\" content=\"https:\/\/dobner.it\/wp-content\/uploads\/2023\/04\/ciondolo-chantecler-et-voila-logo-piccolo-faraglioni-in-argento.jpg\" \/>\n\t<meta property=\"og:image:width\" content=\"1024\" \/>\n\t<meta property=\"og:image:height\" content=\"1024\" \/>\n\t<meta property=\"og:image:type\" content=\"image\/jpeg\" \/>\n<meta name=\"twitter:card\" content=\"summary_large_image\" \/>\n<meta name=\"twitter:label1\" content=\"Tempo di lettura stimato\" \/>\n\t<meta name=\"twitter:data1\" content=\"1 minuto\" \/>\n<script type=\"application\/ld+json\" class=\"yoast-schema-graph\">{\"@context\":\"https:\/\/schema.org\",\"@graph\":[{\"@type\":\"WebPage\",\"@id\":\"https:\/\/dobner.it\/it\/prodotto\/ciondolo-chantecler-et-voila-logo-piccolo-faraglioni-argento\/\",\"url\":\"https:\/\/dobner.it\/it\/prodotto\/ciondolo-chantecler-et-voila-logo-piccolo-faraglioni-argento\/\",\"name\":\"Ciondolo Chantecler Et Voil\u00e0 Logo Piccolo Faraglioni Argento\",\"isPartOf\":{\"@id\":\"https:\/\/dobner.it\/it\/#website\"},\"primaryImageOfPage\":{\"@id\":\"https:\/\/dobner.it\/it\/prodotto\/ciondolo-chantecler-et-voila-logo-piccolo-faraglioni-argento\/#primaryimage\"},\"image\":{\"@id\":\"https:\/\/dobner.it\/it\/prodotto\/ciondolo-chantecler-et-voila-logo-piccolo-faraglioni-argento\/#primaryimage\"},\"thumbnailUrl\":\"https:\/\/dobner.it\/wp-content\/uploads\/2023\/04\/ciondolo-chantecler-et-voila-logo-piccolo-faraglioni-in-argento.jpg\",\"datePublished\":\"2023-04-28T09:29:54+00:00\",\"dateModified\":\"2026-01-15T08:58:43+00:00\",\"description\":\"Ciondolo Chantecler Et Voil\u00e0 piccolo in argento con incisione Galli e Sole. Un talismano luminoso che racconta la vitalit\u00e0 dell\u2019isola di Capri.\",\"breadcrumb\":{\"@id\":\"https:\/\/dobner.it\/it\/prodotto\/ciondolo-chantecler-et-voila-logo-piccolo-faraglioni-argento\/#breadcrumb\"},\"inLanguage\":\"it-IT\",\"potentialAction\":[{\"@type\":\"ReadAction\",\"target\":[\"https:\/\/dobner.it\/it\/prodotto\/ciondolo-chantecler-et-voila-logo-piccolo-faraglioni-argento\/\"]}]},{\"@type\":\"ImageObject\",\"inLanguage\":\"it-IT\",\"@id\":\"https:\/\/dobner.it\/it\/prodotto\/ciondolo-chantecler-et-voila-logo-piccolo-faraglioni-argento\/#primaryimage\",\"url\":\"https:\/\/dobner.it\/wp-content\/uploads\/2023\/04\/ciondolo-chantecler-et-voila-logo-piccolo-faraglioni-in-argento.jpg\",\"contentUrl\":\"https:\/\/dobner.it\/wp-content\/uploads\/2023\/04\/ciondolo-chantecler-et-voila-logo-piccolo-faraglioni-in-argento.jpg\",\"width\":1024,\"height\":1024},{\"@type\":\"BreadcrumbList\",\"@id\":\"https:\/\/dobner.it\/it\/prodotto\/ciondolo-chantecler-et-voila-logo-piccolo-faraglioni-argento\/#breadcrumb\",\"itemListElement\":[{\"@type\":\"ListItem\",\"position\":1,\"name\":\"Home\",\"item\":\"https:\/\/dobner.it\/it\/\"},{\"@type\":\"ListItem\",\"position\":2,\"name\":\"Prodotti\",\"item\":\"https:\/\/dobner.it\/it\/prodotti\/\"},{\"@type\":\"ListItem\",\"position\":3,\"name\":\"Ciondolo Chantecler Et Voil\u00e0 Logo Piccolo Faraglioni in Argento\"}]},{\"@type\":\"WebSite\",\"@id\":\"https:\/\/dobner.it\/it\/#website\",\"url\":\"https:\/\/dobner.it\/it\/\",\"name\":\"Dobner\",\"description\":\"\",\"publisher\":{\"@id\":\"https:\/\/dobner.it\/it\/#organization\"},\"potentialAction\":[{\"@type\":\"SearchAction\",\"target\":{\"@type\":\"EntryPoint\",\"urlTemplate\":\"https:\/\/dobner.it\/it\/?s={search_term_string}\"},\"query-input\":{\"@type\":\"PropertyValueSpecification\",\"valueRequired\":true,\"valueName\":\"search_term_string\"}}],\"inLanguage\":\"it-IT\"},{\"@type\":\"Organization\",\"@id\":\"https:\/\/dobner.it\/it\/#organization\",\"name\":\"Dobner\",\"url\":\"https:\/\/dobner.it\/it\/\",\"logo\":{\"@type\":\"ImageObject\",\"inLanguage\":\"it-IT\",\"@id\":\"https:\/\/dobner.it\/it\/#\/schema\/logo\/image\/\",\"url\":\"https:\/\/dobner.it\/wp-content\/uploads\/2020\/10\/logo-email.png\",\"contentUrl\":\"https:\/\/dobner.it\/wp-content\/uploads\/2020\/10\/logo-email.png\",\"width\":188,\"height\":81,\"caption\":\"Dobner\"},\"image\":{\"@id\":\"https:\/\/dobner.it\/it\/#\/schema\/logo\/image\/\"}}]}<\/script>\n<!-- \/ Yoast SEO plugin. -->","yoast_head_json":{"title":"Ciondolo Chantecler Et Voil\u00e0 Logo Piccolo Faraglioni Argento","description":"Ciondolo Chantecler Et Voil\u00e0 piccolo in argento con incisione Galli e Sole. Un talismano luminoso che racconta la vitalit\u00e0 dell\u2019isola di Capri.","robots":{"index":"index","follow":"follow","max-snippet":"max-snippet:-1","max-image-preview":"max-image-preview:large","max-video-preview":"max-video-preview:-1"},"canonical":"https:\/\/dobner.it\/it\/prodotto\/ciondolo-chantecler-et-voila-logo-piccolo-faraglioni-argento\/","og_locale":"it_IT","og_type":"article","og_title":"Ciondolo Chantecler Et Voil\u00e0 Logo Piccolo Faraglioni Argento","og_description":"Ciondolo Chantecler Et Voil\u00e0 piccolo in argento con incisione Galli e Sole. Un talismano luminoso che racconta la vitalit\u00e0 dell\u2019isola di Capri.","og_url":"https:\/\/dobner.it\/it\/prodotto\/ciondolo-chantecler-et-voila-logo-piccolo-faraglioni-argento\/","og_site_name":"Dobner","article_modified_time":"2026-01-15T08:58:43+00:00","og_image":[{"width":1024,"height":1024,"url":"https:\/\/dobner.it\/wp-content\/uploads\/2023\/04\/ciondolo-chantecler-et-voila-logo-piccolo-faraglioni-in-argento.jpg","type":"image\/jpeg"}],"twitter_card":"summary_large_image","twitter_misc":{"Tempo di lettura stimato":"1 minuto"},"schema":{"@context":"https:\/\/schema.org","@graph":[{"@type":"WebPage","@id":"https:\/\/dobner.it\/it\/prodotto\/ciondolo-chantecler-et-voila-logo-piccolo-faraglioni-argento\/","url":"https:\/\/dobner.it\/it\/prodotto\/ciondolo-chantecler-et-voila-logo-piccolo-faraglioni-argento\/","name":"Ciondolo Chantecler Et Voil\u00e0 Logo Piccolo Faraglioni Argento","isPartOf":{"@id":"https:\/\/dobner.it\/it\/#website"},"primaryImageOfPage":{"@id":"https:\/\/dobner.it\/it\/prodotto\/ciondolo-chantecler-et-voila-logo-piccolo-faraglioni-argento\/#primaryimage"},"image":{"@id":"https:\/\/dobner.it\/it\/prodotto\/ciondolo-chantecler-et-voila-logo-piccolo-faraglioni-argento\/#primaryimage"},"thumbnailUrl":"https:\/\/dobner.it\/wp-content\/uploads\/2023\/04\/ciondolo-chantecler-et-voila-logo-piccolo-faraglioni-in-argento.jpg","datePublished":"2023-04-28T09:29:54+00:00","dateModified":"2026-01-15T08:58:43+00:00","description":"Ciondolo Chantecler Et Voil\u00e0 piccolo in argento con incisione Galli e Sole. Un talismano luminoso che racconta la vitalit\u00e0 dell\u2019isola di Capri.","breadcrumb":{"@id":"https:\/\/dobner.it\/it\/prodotto\/ciondolo-chantecler-et-voila-logo-piccolo-faraglioni-argento\/#breadcrumb"},"inLanguage":"it-IT","potentialAction":[{"@type":"ReadAction","target":["https:\/\/dobner.it\/it\/prodotto\/ciondolo-chantecler-et-voila-logo-piccolo-faraglioni-argento\/"]}]},{"@type":"ImageObject","inLanguage":"it-IT","@id":"https:\/\/dobner.it\/it\/prodotto\/ciondolo-chantecler-et-voila-logo-piccolo-faraglioni-argento\/#primaryimage","url":"https:\/\/dobner.it\/wp-content\/uploads\/2023\/04\/ciondolo-chantecler-et-voila-logo-piccolo-faraglioni-in-argento.jpg","contentUrl":"https:\/\/dobner.it\/wp-content\/uploads\/2023\/04\/ciondolo-chantecler-et-voila-logo-piccolo-faraglioni-in-argento.jpg","width":1024,"height":1024},{"@type":"BreadcrumbList","@id":"https:\/\/dobner.it\/it\/prodotto\/ciondolo-chantecler-et-voila-logo-piccolo-faraglioni-argento\/#breadcrumb","itemListElement":[{"@type":"ListItem","position":1,"name":"Home","item":"https:\/\/dobner.it\/it\/"},{"@type":"ListItem","position":2,"name":"Prodotti","item":"https:\/\/dobner.it\/it\/prodotti\/"},{"@type":"ListItem","position":3,"name":"Ciondolo Chantecler Et Voil\u00e0 Logo Piccolo Faraglioni in Argento"}]},{"@type":"WebSite","@id":"https:\/\/dobner.it\/it\/#website","url":"https:\/\/dobner.it\/it\/","name":"Dobner","description":"","publisher":{"@id":"https:\/\/dobner.it\/it\/#organization"},"potentialAction":[{"@type":"SearchAction","target":{"@type":"EntryPoint","urlTemplate":"https:\/\/dobner.it\/it\/?s={search_term_string}"},"query-input":{"@type":"PropertyValueSpecification","valueRequired":true,"valueName":"search_term_string"}}],"inLanguage":"it-IT"},{"@type":"Organization","@id":"https:\/\/dobner.it\/it\/#organization","name":"Dobner","url":"https:\/\/dobner.it\/it\/","logo":{"@type":"ImageObject","inLanguage":"it-IT","@id":"https:\/\/dobner.it\/it\/#\/schema\/logo\/image\/","url":"https:\/\/dobner.it\/wp-content\/uploads\/2020\/10\/logo-email.png","contentUrl":"https:\/\/dobner.it\/wp-content\/uploads\/2020\/10\/logo-email.png","width":188,"height":81,"caption":"Dobner"},"image":{"@id":"https:\/\/dobner.it\/it\/#\/schema\/logo\/image\/"}}]}},"_links":{"self":[{"href":"https:\/\/dobner.it\/it\/wp-json\/wp\/v2\/product\/64967","targetHints":{"allow":["GET"]}}],"collection":[{"href":"https:\/\/dobner.it\/it\/wp-json\/wp\/v2\/product"}],"about":[{"href":"https:\/\/dobner.it\/it\/wp-json\/wp\/v2\/types\/product"}],"version-history":[{"count":3,"href":"https:\/\/dobner.it\/it\/wp-json\/wp\/v2\/product\/64967\/revisions"}],"predecessor-version":[{"id":86482,"href":"https:\/\/dobner.it\/it\/wp-json\/wp\/v2\/product\/64967\/revisions\/86482"}],"wp:featuredmedia":[{"embeddable":true,"href":"https:\/\/dobner.it\/it\/wp-json\/wp\/v2\/media\/64968"}],"wp:attachment":[{"href":"https:\/\/dobner.it\/it\/wp-json\/wp\/v2\/media?parent=64967"}],"wp:term":[{"taxonomy":"product_brand","embeddable":true,"href":"https:\/\/dobner.it\/it\/wp-json\/wp\/v2\/product_brand?post=64967"},{"taxonomy":"product_cat","embeddable":true,"href":"https:\/\/dobner.it\/it\/wp-json\/wp\/v2\/product_cat?post=64967"},{"taxonomy":"product_tag","embeddable":true,"href":"https:\/\/dobner.it\/it\/wp-json\/wp\/v2\/product_tag?post=64967"}],"curies":[{"name":"wp","href":"https:\/\/api.w.org\/{rel}","templated":true}]}}