{"id":64867,"date":"2023-04-27T11:43:40","date_gmt":"2023-04-27T09:43:40","guid":{"rendered":"https:\/\/dobner.it\/?post_type=product&#038;p=64867"},"modified":"2026-01-15T10:01:54","modified_gmt":"2026-01-15T09:01:54","slug":"catena-lunga-rolo-doppia-chantecler-et-voila-accessori-argento","status":"publish","type":"product","link":"https:\/\/dobner.it\/it\/prodotto\/catena-lunga-rolo-doppia-chantecler-et-voila-accessori-argento\/","title":{"rendered":"Catena Lunga Rol\u00f2 Doppia Chantecler Et Voil\u00e0 Accessori in Argento"},"content":{"rendered":"<p><span style=\"font-weight: 400\">La collezione Accessori di Chantecler nasce dalla voglia di cambiare ogni giorno, di provare sempre nuove combinazioni e nuove emozioni.<\/span><\/p>\n<p><span style=\"font-weight: 400\">Questa catena lunga rol\u00f2 doppia \u00e8 realizzata in argento ed \u00e8 abbellita dal logo galletto intercalare. Presenta una lunghezza di 80 cm.<\/span><\/p>\n<p><span style=\"font-weight: 400\">La catena pu\u00f2 essere abbinata ai gioielli della collezione Et Voil\u00e0 Accessori per un look personalizzato e glamour.<\/span><\/p>\n<p><span style=\"font-weight: 400\">Argento GR 10,00.<\/span><\/p>\n<p><span style=\"font-weight: 400\">Essendo un prodotto fatto a mano le caratteristiche sopra indicate possono subire leggere variazioni.<\/span><\/p>\n","protected":false},"excerpt":{"rendered":"<p>Catena lunga rol\u00f2 doppia di Chantecler della collezione Et Voil\u00e0 Accessori, realizzata in argento. Presenta una lunghezza di 80 cm.<\/p>\n","protected":false},"featured_media":64868,"template":"","meta":[],"product_brand":[636],"product_cat":[434],"product_tag":[],"class_list":{"0":"post-64867","1":"product","2":"type-product","3":"status-publish","4":"has-post-thumbnail","6":"product_brand-chantecler","7":"product_cat-collane","8":"pa_collane-collane-lunghe","10":"first","11":"instock","12":"taxable","13":"shipping-taxable","14":"purchasable","15":"product-type-simple","swatches":"rey-swatches","show_selected":""},"acf":[],"yoast_head":"<!-- This site is optimized with the Yoast SEO plugin v26.4 - https:\/\/yoast.com\/wordpress\/plugins\/seo\/ -->\n<title>Catena Rol\u00f2 Doppia Chantecler Et Voil\u00e0 Accessori Argento<\/title>\n<meta name=\"description\" content=\"Catena lunga rol\u00f2 doppia di Chantecler della collezione Et Voil\u00e0 Accessori, realizzata in argento. Presenta una lunghezza di 80 cm.\" \/>\n<meta name=\"robots\" content=\"index, follow, max-snippet:-1, max-image-preview:large, max-video-preview:-1\" \/>\n<link rel=\"canonical\" href=\"https:\/\/dobner.it\/it\/prodotto\/catena-lunga-rolo-doppia-chantecler-et-voila-accessori-argento\/\" \/>\n<meta property=\"og:locale\" content=\"it_IT\" \/>\n<meta property=\"og:type\" content=\"article\" \/>\n<meta property=\"og:title\" content=\"Catena Rol\u00f2 Doppia Chantecler Et Voil\u00e0 Accessori Argento\" \/>\n<meta property=\"og:description\" content=\"Catena lunga rol\u00f2 doppia di Chantecler della collezione Et Voil\u00e0 Accessori, realizzata in argento. Presenta una lunghezza di 80 cm.\" \/>\n<meta property=\"og:url\" content=\"https:\/\/dobner.it\/it\/prodotto\/catena-lunga-rolo-doppia-chantecler-et-voila-accessori-argento\/\" \/>\n<meta property=\"og:site_name\" content=\"Dobner\" \/>\n<meta property=\"article:modified_time\" content=\"2026-01-15T09:01:54+00:00\" \/>\n<meta property=\"og:image\" content=\"https:\/\/dobner.it\/wp-content\/uploads\/2023\/04\/catena-lunga-rolo-doppia-chantecler-et-voila-accessori-in-argento.jpg\" \/>\n\t<meta property=\"og:image:width\" content=\"1024\" \/>\n\t<meta property=\"og:image:height\" content=\"1024\" \/>\n\t<meta property=\"og:image:type\" content=\"image\/jpeg\" \/>\n<meta name=\"twitter:card\" content=\"summary_large_image\" \/>\n<meta name=\"twitter:label1\" content=\"Tempo di lettura stimato\" \/>\n\t<meta name=\"twitter:data1\" content=\"1 minuto\" \/>\n<script type=\"application\/ld+json\" class=\"yoast-schema-graph\">{\"@context\":\"https:\/\/schema.org\",\"@graph\":[{\"@type\":\"WebPage\",\"@id\":\"https:\/\/dobner.it\/it\/prodotto\/catena-lunga-rolo-doppia-chantecler-et-voila-accessori-argento\/\",\"url\":\"https:\/\/dobner.it\/it\/prodotto\/catena-lunga-rolo-doppia-chantecler-et-voila-accessori-argento\/\",\"name\":\"Catena Rol\u00f2 Doppia Chantecler Et Voil\u00e0 Accessori Argento\",\"isPartOf\":{\"@id\":\"https:\/\/dobner.it\/it\/#website\"},\"primaryImageOfPage\":{\"@id\":\"https:\/\/dobner.it\/it\/prodotto\/catena-lunga-rolo-doppia-chantecler-et-voila-accessori-argento\/#primaryimage\"},\"image\":{\"@id\":\"https:\/\/dobner.it\/it\/prodotto\/catena-lunga-rolo-doppia-chantecler-et-voila-accessori-argento\/#primaryimage\"},\"thumbnailUrl\":\"https:\/\/dobner.it\/wp-content\/uploads\/2023\/04\/catena-lunga-rolo-doppia-chantecler-et-voila-accessori-in-argento.jpg\",\"datePublished\":\"2023-04-27T09:43:40+00:00\",\"dateModified\":\"2026-01-15T09:01:54+00:00\",\"description\":\"Catena lunga rol\u00f2 doppia di Chantecler della collezione Et Voil\u00e0 Accessori, realizzata in argento. Presenta una lunghezza di 80 cm.\",\"breadcrumb\":{\"@id\":\"https:\/\/dobner.it\/it\/prodotto\/catena-lunga-rolo-doppia-chantecler-et-voila-accessori-argento\/#breadcrumb\"},\"inLanguage\":\"it-IT\",\"potentialAction\":[{\"@type\":\"ReadAction\",\"target\":[\"https:\/\/dobner.it\/it\/prodotto\/catena-lunga-rolo-doppia-chantecler-et-voila-accessori-argento\/\"]}]},{\"@type\":\"ImageObject\",\"inLanguage\":\"it-IT\",\"@id\":\"https:\/\/dobner.it\/it\/prodotto\/catena-lunga-rolo-doppia-chantecler-et-voila-accessori-argento\/#primaryimage\",\"url\":\"https:\/\/dobner.it\/wp-content\/uploads\/2023\/04\/catena-lunga-rolo-doppia-chantecler-et-voila-accessori-in-argento.jpg\",\"contentUrl\":\"https:\/\/dobner.it\/wp-content\/uploads\/2023\/04\/catena-lunga-rolo-doppia-chantecler-et-voila-accessori-in-argento.jpg\",\"width\":1024,\"height\":1024},{\"@type\":\"BreadcrumbList\",\"@id\":\"https:\/\/dobner.it\/it\/prodotto\/catena-lunga-rolo-doppia-chantecler-et-voila-accessori-argento\/#breadcrumb\",\"itemListElement\":[{\"@type\":\"ListItem\",\"position\":1,\"name\":\"Home\",\"item\":\"https:\/\/dobner.it\/it\/\"},{\"@type\":\"ListItem\",\"position\":2,\"name\":\"Prodotti\",\"item\":\"https:\/\/dobner.it\/it\/prodotti\/\"},{\"@type\":\"ListItem\",\"position\":3,\"name\":\"Catena Lunga Rol\u00f2 Doppia Chantecler Et Voil\u00e0 Accessori in Argento\"}]},{\"@type\":\"WebSite\",\"@id\":\"https:\/\/dobner.it\/it\/#website\",\"url\":\"https:\/\/dobner.it\/it\/\",\"name\":\"Dobner\",\"description\":\"\",\"publisher\":{\"@id\":\"https:\/\/dobner.it\/it\/#organization\"},\"potentialAction\":[{\"@type\":\"SearchAction\",\"target\":{\"@type\":\"EntryPoint\",\"urlTemplate\":\"https:\/\/dobner.it\/it\/?s={search_term_string}\"},\"query-input\":{\"@type\":\"PropertyValueSpecification\",\"valueRequired\":true,\"valueName\":\"search_term_string\"}}],\"inLanguage\":\"it-IT\"},{\"@type\":\"Organization\",\"@id\":\"https:\/\/dobner.it\/it\/#organization\",\"name\":\"Dobner\",\"url\":\"https:\/\/dobner.it\/it\/\",\"logo\":{\"@type\":\"ImageObject\",\"inLanguage\":\"it-IT\",\"@id\":\"https:\/\/dobner.it\/it\/#\/schema\/logo\/image\/\",\"url\":\"https:\/\/dobner.it\/wp-content\/uploads\/2020\/10\/logo-email.png\",\"contentUrl\":\"https:\/\/dobner.it\/wp-content\/uploads\/2020\/10\/logo-email.png\",\"width\":188,\"height\":81,\"caption\":\"Dobner\"},\"image\":{\"@id\":\"https:\/\/dobner.it\/it\/#\/schema\/logo\/image\/\"}}]}<\/script>\n<!-- \/ Yoast SEO plugin. -->","yoast_head_json":{"title":"Catena Rol\u00f2 Doppia Chantecler Et Voil\u00e0 Accessori Argento","description":"Catena lunga rol\u00f2 doppia di Chantecler della collezione Et Voil\u00e0 Accessori, realizzata in argento. Presenta una lunghezza di 80 cm.","robots":{"index":"index","follow":"follow","max-snippet":"max-snippet:-1","max-image-preview":"max-image-preview:large","max-video-preview":"max-video-preview:-1"},"canonical":"https:\/\/dobner.it\/it\/prodotto\/catena-lunga-rolo-doppia-chantecler-et-voila-accessori-argento\/","og_locale":"it_IT","og_type":"article","og_title":"Catena Rol\u00f2 Doppia Chantecler Et Voil\u00e0 Accessori Argento","og_description":"Catena lunga rol\u00f2 doppia di Chantecler della collezione Et Voil\u00e0 Accessori, realizzata in argento. Presenta una lunghezza di 80 cm.","og_url":"https:\/\/dobner.it\/it\/prodotto\/catena-lunga-rolo-doppia-chantecler-et-voila-accessori-argento\/","og_site_name":"Dobner","article_modified_time":"2026-01-15T09:01:54+00:00","og_image":[{"width":1024,"height":1024,"url":"https:\/\/dobner.it\/wp-content\/uploads\/2023\/04\/catena-lunga-rolo-doppia-chantecler-et-voila-accessori-in-argento.jpg","type":"image\/jpeg"}],"twitter_card":"summary_large_image","twitter_misc":{"Tempo di lettura stimato":"1 minuto"},"schema":{"@context":"https:\/\/schema.org","@graph":[{"@type":"WebPage","@id":"https:\/\/dobner.it\/it\/prodotto\/catena-lunga-rolo-doppia-chantecler-et-voila-accessori-argento\/","url":"https:\/\/dobner.it\/it\/prodotto\/catena-lunga-rolo-doppia-chantecler-et-voila-accessori-argento\/","name":"Catena Rol\u00f2 Doppia Chantecler Et Voil\u00e0 Accessori Argento","isPartOf":{"@id":"https:\/\/dobner.it\/it\/#website"},"primaryImageOfPage":{"@id":"https:\/\/dobner.it\/it\/prodotto\/catena-lunga-rolo-doppia-chantecler-et-voila-accessori-argento\/#primaryimage"},"image":{"@id":"https:\/\/dobner.it\/it\/prodotto\/catena-lunga-rolo-doppia-chantecler-et-voila-accessori-argento\/#primaryimage"},"thumbnailUrl":"https:\/\/dobner.it\/wp-content\/uploads\/2023\/04\/catena-lunga-rolo-doppia-chantecler-et-voila-accessori-in-argento.jpg","datePublished":"2023-04-27T09:43:40+00:00","dateModified":"2026-01-15T09:01:54+00:00","description":"Catena lunga rol\u00f2 doppia di Chantecler della collezione Et Voil\u00e0 Accessori, realizzata in argento. Presenta una lunghezza di 80 cm.","breadcrumb":{"@id":"https:\/\/dobner.it\/it\/prodotto\/catena-lunga-rolo-doppia-chantecler-et-voila-accessori-argento\/#breadcrumb"},"inLanguage":"it-IT","potentialAction":[{"@type":"ReadAction","target":["https:\/\/dobner.it\/it\/prodotto\/catena-lunga-rolo-doppia-chantecler-et-voila-accessori-argento\/"]}]},{"@type":"ImageObject","inLanguage":"it-IT","@id":"https:\/\/dobner.it\/it\/prodotto\/catena-lunga-rolo-doppia-chantecler-et-voila-accessori-argento\/#primaryimage","url":"https:\/\/dobner.it\/wp-content\/uploads\/2023\/04\/catena-lunga-rolo-doppia-chantecler-et-voila-accessori-in-argento.jpg","contentUrl":"https:\/\/dobner.it\/wp-content\/uploads\/2023\/04\/catena-lunga-rolo-doppia-chantecler-et-voila-accessori-in-argento.jpg","width":1024,"height":1024},{"@type":"BreadcrumbList","@id":"https:\/\/dobner.it\/it\/prodotto\/catena-lunga-rolo-doppia-chantecler-et-voila-accessori-argento\/#breadcrumb","itemListElement":[{"@type":"ListItem","position":1,"name":"Home","item":"https:\/\/dobner.it\/it\/"},{"@type":"ListItem","position":2,"name":"Prodotti","item":"https:\/\/dobner.it\/it\/prodotti\/"},{"@type":"ListItem","position":3,"name":"Catena Lunga Rol\u00f2 Doppia Chantecler Et Voil\u00e0 Accessori in Argento"}]},{"@type":"WebSite","@id":"https:\/\/dobner.it\/it\/#website","url":"https:\/\/dobner.it\/it\/","name":"Dobner","description":"","publisher":{"@id":"https:\/\/dobner.it\/it\/#organization"},"potentialAction":[{"@type":"SearchAction","target":{"@type":"EntryPoint","urlTemplate":"https:\/\/dobner.it\/it\/?s={search_term_string}"},"query-input":{"@type":"PropertyValueSpecification","valueRequired":true,"valueName":"search_term_string"}}],"inLanguage":"it-IT"},{"@type":"Organization","@id":"https:\/\/dobner.it\/it\/#organization","name":"Dobner","url":"https:\/\/dobner.it\/it\/","logo":{"@type":"ImageObject","inLanguage":"it-IT","@id":"https:\/\/dobner.it\/it\/#\/schema\/logo\/image\/","url":"https:\/\/dobner.it\/wp-content\/uploads\/2020\/10\/logo-email.png","contentUrl":"https:\/\/dobner.it\/wp-content\/uploads\/2020\/10\/logo-email.png","width":188,"height":81,"caption":"Dobner"},"image":{"@id":"https:\/\/dobner.it\/it\/#\/schema\/logo\/image\/"}}]}},"_links":{"self":[{"href":"https:\/\/dobner.it\/it\/wp-json\/wp\/v2\/product\/64867","targetHints":{"allow":["GET"]}}],"collection":[{"href":"https:\/\/dobner.it\/it\/wp-json\/wp\/v2\/product"}],"about":[{"href":"https:\/\/dobner.it\/it\/wp-json\/wp\/v2\/types\/product"}],"version-history":[{"count":3,"href":"https:\/\/dobner.it\/it\/wp-json\/wp\/v2\/product\/64867\/revisions"}],"predecessor-version":[{"id":86494,"href":"https:\/\/dobner.it\/it\/wp-json\/wp\/v2\/product\/64867\/revisions\/86494"}],"wp:featuredmedia":[{"embeddable":true,"href":"https:\/\/dobner.it\/it\/wp-json\/wp\/v2\/media\/64868"}],"wp:attachment":[{"href":"https:\/\/dobner.it\/it\/wp-json\/wp\/v2\/media?parent=64867"}],"wp:term":[{"taxonomy":"product_brand","embeddable":true,"href":"https:\/\/dobner.it\/it\/wp-json\/wp\/v2\/product_brand?post=64867"},{"taxonomy":"product_cat","embeddable":true,"href":"https:\/\/dobner.it\/it\/wp-json\/wp\/v2\/product_cat?post=64867"},{"taxonomy":"product_tag","embeddable":true,"href":"https:\/\/dobner.it\/it\/wp-json\/wp\/v2\/product_tag?post=64867"}],"curies":[{"name":"wp","href":"https:\/\/api.w.org\/{rel}","templated":true}]}}