{"id":63433,"date":"2023-03-29T15:41:30","date_gmt":"2023-03-29T13:41:30","guid":{"rendered":"https:\/\/dobner.it\/?post_type=product&#038;p=63433"},"modified":"2025-05-28T16:54:09","modified_gmt":"2025-05-28T14:54:09","slug":"orologio-baume-mercier-riviera-azur-300m-caucciu","status":"publish","type":"product","link":"https:\/\/dobner.it\/it\/prodotto\/orologio-baume-mercier-riviera-azur-300m-caucciu\/","title":{"rendered":"Orologio Baume &amp; Mercier Riviera Azur 300m con Cinturino in Caucci\u00f9"},"content":{"rendered":"<p><span style=\"font-weight: 400;\">Il Baume &amp; Mercier Riviera M0A10716 \u00e8 un orologio dal look forte, deciso e potente. Si tratta di un modello sportivo e chic perfetto per le attivit\u00e0 nautiche, che si adatta a ogni situazione.<\/span><\/p>\n<p><span style=\"font-weight: 400;\">La cassa dodecagonale da 42 mm \u00e8 realizzata in acciaio inossidabile. La lunetta girevole unidirezionale per calcolare i tempi di immersione presenta un design unico, con un trattamento laccato blu per evidenziare la scala graduata dei primi quindici minuti. \u00c8 munita di un anello in alluminio anodizzato blu con tacche ergonomiche per garantire un utilizzo ottimale e una presa precisa.<\/span><\/p>\n<p><span style=\"font-weight: 400;\">Il quadrante \u00e8 in vetro zaffiro blu fum\u00e9 trasparente. Presenta indici in SuperLuminova luminescenti per una maggiore visibilit\u00e0 sott\u2019acqua.<\/span><\/p>\n<p><span style=\"font-weight: 400;\">Questo orologio Baume &amp; Mercier Riviera M0A10716 a carica automatica \u00e8 animato dal calibro di Manifattura Baumatic.<\/span><\/p>\n<p><span style=\"font-weight: 400;\">Il cinturino \u00e8 blu in caucci\u00f9.<\/span><\/p>\n<p><span style=\"font-weight: 400;\">Impermeabile fino a 30 ATM \u2013 circa 300 metri.<\/span><\/p>\n<p><span style=\"font-weight: 400;\">Ref. M0A10716<\/span><\/p>\n","protected":false},"excerpt":{"rendered":"<p>Orologio Baume &amp; Mercier Riviera M0A10716 con cassa da 42 mm. Quadrante in vetro zaffiro blu fum\u00e9 trasparente. Calibro di Manifattura Baumatic.<\/p>\n","protected":false},"featured_media":63434,"template":"","meta":[],"product_brand":[767],"product_cat":[24],"product_tag":[],"class_list":{"0":"post-63433","1":"product","2":"type-product","3":"status-publish","4":"has-post-thumbnail","6":"product_brand-baume-mercier","7":"product_cat-orologi","8":"pa_orologi-orologi-automatici","10":"first","11":"instock","12":"taxable","13":"shipping-taxable","14":"product-type-external","swatches":"rey-swatches","show_selected":""},"acf":[],"yoast_head":"<!-- This site is optimized with the Yoast SEO plugin v26.4 - https:\/\/yoast.com\/wordpress\/plugins\/seo\/ -->\n<title>Orologio Baume &amp; Mercier Riviera Azur 300m Cinturino Caucci\u00f9<\/title>\n<meta name=\"description\" content=\"Orologio Baume &amp; Mercier Riviera M0A10716 con cassa da 42 mm. Quadrante in vetro zaffiro blu fum\u00e9 trasparente. Calibro di Manifattura Baumatic.\" \/>\n<meta name=\"robots\" content=\"index, follow, max-snippet:-1, max-image-preview:large, max-video-preview:-1\" \/>\n<link rel=\"canonical\" href=\"https:\/\/dobner.it\/it\/prodotto\/orologio-baume-mercier-riviera-azur-300m-caucciu\/\" \/>\n<meta property=\"og:locale\" content=\"it_IT\" \/>\n<meta property=\"og:type\" content=\"article\" \/>\n<meta property=\"og:title\" content=\"Orologio Baume &amp; Mercier Riviera Azur 300m Cinturino Caucci\u00f9\" \/>\n<meta property=\"og:description\" content=\"Orologio Baume &amp; Mercier Riviera M0A10716 con cassa da 42 mm. Quadrante in vetro zaffiro blu fum\u00e9 trasparente. Calibro di Manifattura Baumatic.\" \/>\n<meta property=\"og:url\" content=\"https:\/\/dobner.it\/it\/prodotto\/orologio-baume-mercier-riviera-azur-300m-caucciu\/\" \/>\n<meta property=\"og:site_name\" content=\"Dobner\" \/>\n<meta property=\"article:modified_time\" content=\"2025-05-28T14:54:09+00:00\" \/>\n<meta property=\"og:image\" content=\"https:\/\/dobner.it\/wp-content\/uploads\/2023\/03\/orologio-baume-mercier-riviera-azur-300m-con-cinturino-in-caucciu.jpg\" \/>\n\t<meta property=\"og:image:width\" content=\"1024\" \/>\n\t<meta property=\"og:image:height\" content=\"1024\" \/>\n\t<meta property=\"og:image:type\" content=\"image\/jpeg\" \/>\n<meta name=\"twitter:card\" content=\"summary_large_image\" \/>\n<meta name=\"twitter:label1\" content=\"Tempo di lettura stimato\" \/>\n\t<meta name=\"twitter:data1\" content=\"1 minuto\" \/>\n<script type=\"application\/ld+json\" class=\"yoast-schema-graph\">{\"@context\":\"https:\/\/schema.org\",\"@graph\":[{\"@type\":\"WebPage\",\"@id\":\"https:\/\/dobner.it\/it\/prodotto\/orologio-baume-mercier-riviera-azur-300m-caucciu\/\",\"url\":\"https:\/\/dobner.it\/it\/prodotto\/orologio-baume-mercier-riviera-azur-300m-caucciu\/\",\"name\":\"Orologio Baume & Mercier Riviera Azur 300m Cinturino Caucci\u00f9\",\"isPartOf\":{\"@id\":\"https:\/\/dobner.it\/it\/#website\"},\"primaryImageOfPage\":{\"@id\":\"https:\/\/dobner.it\/it\/prodotto\/orologio-baume-mercier-riviera-azur-300m-caucciu\/#primaryimage\"},\"image\":{\"@id\":\"https:\/\/dobner.it\/it\/prodotto\/orologio-baume-mercier-riviera-azur-300m-caucciu\/#primaryimage\"},\"thumbnailUrl\":\"https:\/\/dobner.it\/wp-content\/uploads\/2023\/03\/orologio-baume-mercier-riviera-azur-300m-con-cinturino-in-caucciu.jpg\",\"datePublished\":\"2023-03-29T13:41:30+00:00\",\"dateModified\":\"2025-05-28T14:54:09+00:00\",\"description\":\"Orologio Baume &amp; Mercier Riviera M0A10716 con cassa da 42 mm. Quadrante in vetro zaffiro blu fum\u00e9 trasparente. Calibro di Manifattura Baumatic.\",\"breadcrumb\":{\"@id\":\"https:\/\/dobner.it\/it\/prodotto\/orologio-baume-mercier-riviera-azur-300m-caucciu\/#breadcrumb\"},\"inLanguage\":\"it-IT\",\"potentialAction\":[{\"@type\":\"ReadAction\",\"target\":[\"https:\/\/dobner.it\/it\/prodotto\/orologio-baume-mercier-riviera-azur-300m-caucciu\/\"]}]},{\"@type\":\"ImageObject\",\"inLanguage\":\"it-IT\",\"@id\":\"https:\/\/dobner.it\/it\/prodotto\/orologio-baume-mercier-riviera-azur-300m-caucciu\/#primaryimage\",\"url\":\"https:\/\/dobner.it\/wp-content\/uploads\/2023\/03\/orologio-baume-mercier-riviera-azur-300m-con-cinturino-in-caucciu.jpg\",\"contentUrl\":\"https:\/\/dobner.it\/wp-content\/uploads\/2023\/03\/orologio-baume-mercier-riviera-azur-300m-con-cinturino-in-caucciu.jpg\",\"width\":1024,\"height\":1024},{\"@type\":\"BreadcrumbList\",\"@id\":\"https:\/\/dobner.it\/it\/prodotto\/orologio-baume-mercier-riviera-azur-300m-caucciu\/#breadcrumb\",\"itemListElement\":[{\"@type\":\"ListItem\",\"position\":1,\"name\":\"Home\",\"item\":\"https:\/\/dobner.it\/it\/\"},{\"@type\":\"ListItem\",\"position\":2,\"name\":\"Prodotti\",\"item\":\"https:\/\/dobner.it\/it\/prodotti\/\"},{\"@type\":\"ListItem\",\"position\":3,\"name\":\"Orologio Baume &amp; Mercier Riviera Azur 300m con Cinturino in Caucci\u00f9\"}]},{\"@type\":\"WebSite\",\"@id\":\"https:\/\/dobner.it\/it\/#website\",\"url\":\"https:\/\/dobner.it\/it\/\",\"name\":\"Dobner\",\"description\":\"\",\"publisher\":{\"@id\":\"https:\/\/dobner.it\/it\/#organization\"},\"potentialAction\":[{\"@type\":\"SearchAction\",\"target\":{\"@type\":\"EntryPoint\",\"urlTemplate\":\"https:\/\/dobner.it\/it\/?s={search_term_string}\"},\"query-input\":{\"@type\":\"PropertyValueSpecification\",\"valueRequired\":true,\"valueName\":\"search_term_string\"}}],\"inLanguage\":\"it-IT\"},{\"@type\":\"Organization\",\"@id\":\"https:\/\/dobner.it\/it\/#organization\",\"name\":\"Dobner\",\"url\":\"https:\/\/dobner.it\/it\/\",\"logo\":{\"@type\":\"ImageObject\",\"inLanguage\":\"it-IT\",\"@id\":\"https:\/\/dobner.it\/it\/#\/schema\/logo\/image\/\",\"url\":\"https:\/\/dobner.it\/wp-content\/uploads\/2020\/10\/logo-email.png\",\"contentUrl\":\"https:\/\/dobner.it\/wp-content\/uploads\/2020\/10\/logo-email.png\",\"width\":188,\"height\":81,\"caption\":\"Dobner\"},\"image\":{\"@id\":\"https:\/\/dobner.it\/it\/#\/schema\/logo\/image\/\"}}]}<\/script>\n<!-- \/ Yoast SEO plugin. -->","yoast_head_json":{"title":"Orologio Baume & Mercier Riviera Azur 300m Cinturino Caucci\u00f9","description":"Orologio Baume &amp; Mercier Riviera M0A10716 con cassa da 42 mm. Quadrante in vetro zaffiro blu fum\u00e9 trasparente. Calibro di Manifattura Baumatic.","robots":{"index":"index","follow":"follow","max-snippet":"max-snippet:-1","max-image-preview":"max-image-preview:large","max-video-preview":"max-video-preview:-1"},"canonical":"https:\/\/dobner.it\/it\/prodotto\/orologio-baume-mercier-riviera-azur-300m-caucciu\/","og_locale":"it_IT","og_type":"article","og_title":"Orologio Baume & Mercier Riviera Azur 300m Cinturino Caucci\u00f9","og_description":"Orologio Baume &amp; Mercier Riviera M0A10716 con cassa da 42 mm. Quadrante in vetro zaffiro blu fum\u00e9 trasparente. Calibro di Manifattura Baumatic.","og_url":"https:\/\/dobner.it\/it\/prodotto\/orologio-baume-mercier-riviera-azur-300m-caucciu\/","og_site_name":"Dobner","article_modified_time":"2025-05-28T14:54:09+00:00","og_image":[{"width":1024,"height":1024,"url":"https:\/\/dobner.it\/wp-content\/uploads\/2023\/03\/orologio-baume-mercier-riviera-azur-300m-con-cinturino-in-caucciu.jpg","type":"image\/jpeg"}],"twitter_card":"summary_large_image","twitter_misc":{"Tempo di lettura stimato":"1 minuto"},"schema":{"@context":"https:\/\/schema.org","@graph":[{"@type":"WebPage","@id":"https:\/\/dobner.it\/it\/prodotto\/orologio-baume-mercier-riviera-azur-300m-caucciu\/","url":"https:\/\/dobner.it\/it\/prodotto\/orologio-baume-mercier-riviera-azur-300m-caucciu\/","name":"Orologio Baume & Mercier Riviera Azur 300m Cinturino Caucci\u00f9","isPartOf":{"@id":"https:\/\/dobner.it\/it\/#website"},"primaryImageOfPage":{"@id":"https:\/\/dobner.it\/it\/prodotto\/orologio-baume-mercier-riviera-azur-300m-caucciu\/#primaryimage"},"image":{"@id":"https:\/\/dobner.it\/it\/prodotto\/orologio-baume-mercier-riviera-azur-300m-caucciu\/#primaryimage"},"thumbnailUrl":"https:\/\/dobner.it\/wp-content\/uploads\/2023\/03\/orologio-baume-mercier-riviera-azur-300m-con-cinturino-in-caucciu.jpg","datePublished":"2023-03-29T13:41:30+00:00","dateModified":"2025-05-28T14:54:09+00:00","description":"Orologio Baume &amp; Mercier Riviera M0A10716 con cassa da 42 mm. Quadrante in vetro zaffiro blu fum\u00e9 trasparente. Calibro di Manifattura Baumatic.","breadcrumb":{"@id":"https:\/\/dobner.it\/it\/prodotto\/orologio-baume-mercier-riviera-azur-300m-caucciu\/#breadcrumb"},"inLanguage":"it-IT","potentialAction":[{"@type":"ReadAction","target":["https:\/\/dobner.it\/it\/prodotto\/orologio-baume-mercier-riviera-azur-300m-caucciu\/"]}]},{"@type":"ImageObject","inLanguage":"it-IT","@id":"https:\/\/dobner.it\/it\/prodotto\/orologio-baume-mercier-riviera-azur-300m-caucciu\/#primaryimage","url":"https:\/\/dobner.it\/wp-content\/uploads\/2023\/03\/orologio-baume-mercier-riviera-azur-300m-con-cinturino-in-caucciu.jpg","contentUrl":"https:\/\/dobner.it\/wp-content\/uploads\/2023\/03\/orologio-baume-mercier-riviera-azur-300m-con-cinturino-in-caucciu.jpg","width":1024,"height":1024},{"@type":"BreadcrumbList","@id":"https:\/\/dobner.it\/it\/prodotto\/orologio-baume-mercier-riviera-azur-300m-caucciu\/#breadcrumb","itemListElement":[{"@type":"ListItem","position":1,"name":"Home","item":"https:\/\/dobner.it\/it\/"},{"@type":"ListItem","position":2,"name":"Prodotti","item":"https:\/\/dobner.it\/it\/prodotti\/"},{"@type":"ListItem","position":3,"name":"Orologio Baume &amp; Mercier Riviera Azur 300m con Cinturino in Caucci\u00f9"}]},{"@type":"WebSite","@id":"https:\/\/dobner.it\/it\/#website","url":"https:\/\/dobner.it\/it\/","name":"Dobner","description":"","publisher":{"@id":"https:\/\/dobner.it\/it\/#organization"},"potentialAction":[{"@type":"SearchAction","target":{"@type":"EntryPoint","urlTemplate":"https:\/\/dobner.it\/it\/?s={search_term_string}"},"query-input":{"@type":"PropertyValueSpecification","valueRequired":true,"valueName":"search_term_string"}}],"inLanguage":"it-IT"},{"@type":"Organization","@id":"https:\/\/dobner.it\/it\/#organization","name":"Dobner","url":"https:\/\/dobner.it\/it\/","logo":{"@type":"ImageObject","inLanguage":"it-IT","@id":"https:\/\/dobner.it\/it\/#\/schema\/logo\/image\/","url":"https:\/\/dobner.it\/wp-content\/uploads\/2020\/10\/logo-email.png","contentUrl":"https:\/\/dobner.it\/wp-content\/uploads\/2020\/10\/logo-email.png","width":188,"height":81,"caption":"Dobner"},"image":{"@id":"https:\/\/dobner.it\/it\/#\/schema\/logo\/image\/"}}]}},"_links":{"self":[{"href":"https:\/\/dobner.it\/it\/wp-json\/wp\/v2\/product\/63433","targetHints":{"allow":["GET"]}}],"collection":[{"href":"https:\/\/dobner.it\/it\/wp-json\/wp\/v2\/product"}],"about":[{"href":"https:\/\/dobner.it\/it\/wp-json\/wp\/v2\/types\/product"}],"version-history":[{"count":2,"href":"https:\/\/dobner.it\/it\/wp-json\/wp\/v2\/product\/63433\/revisions"}],"predecessor-version":[{"id":84874,"href":"https:\/\/dobner.it\/it\/wp-json\/wp\/v2\/product\/63433\/revisions\/84874"}],"wp:featuredmedia":[{"embeddable":true,"href":"https:\/\/dobner.it\/it\/wp-json\/wp\/v2\/media\/63434"}],"wp:attachment":[{"href":"https:\/\/dobner.it\/it\/wp-json\/wp\/v2\/media?parent=63433"}],"wp:term":[{"taxonomy":"product_brand","embeddable":true,"href":"https:\/\/dobner.it\/it\/wp-json\/wp\/v2\/product_brand?post=63433"},{"taxonomy":"product_cat","embeddable":true,"href":"https:\/\/dobner.it\/it\/wp-json\/wp\/v2\/product_cat?post=63433"},{"taxonomy":"product_tag","embeddable":true,"href":"https:\/\/dobner.it\/it\/wp-json\/wp\/v2\/product_tag?post=63433"}],"curies":[{"name":"wp","href":"https:\/\/api.w.org\/{rel}","templated":true}]}}