{"id":63429,"date":"2023-03-29T15:02:29","date_gmt":"2023-03-29T13:02:29","guid":{"rendered":"https:\/\/dobner.it\/?post_type=product&#038;p=63429"},"modified":"2025-05-28T17:03:37","modified_gmt":"2025-05-28T15:03:37","slug":"orologio-baume-mercier-riviera-azur-300m-acciaio","status":"publish","type":"product","link":"https:\/\/dobner.it\/it\/prodotto\/orologio-baume-mercier-riviera-azur-300m-acciaio\/","title":{"rendered":"Orologio Baume &amp; Mercier Riviera Azur 300m in Acciaio"},"content":{"rendered":"<p><span style=\"font-weight: 400;\">Il Baume &amp; Mercier Riviera M0A10717 \u00e8 un orologio dal look forte, deciso e potente. Si tratta di un modello sportivo e chic perfetto per le attivit\u00e0 nautiche, che si adatta a ogni situazione.<\/span><\/p>\n<p><span style=\"font-weight: 400;\">La cassa dodecagonale da 42 mm \u00e8 realizzata in acciaio inossidabile. La lunetta girevole unidirezionale per calcolare i tempi di immersione presenta un design unico, con un trattamento laccato nero per evidenziare la scala graduata dei primi quindici minuti. \u00c8 munita di un anello in alluminio anodizzato nero con tacche ergonomiche per garantire un utilizzo ottimale e una presa precisa.<\/span><\/p>\n<p><span style=\"font-weight: 400;\">Il quadrante \u00e8 in vetro zaffiro grigio fum\u00e9 trasparente. Presenta indici in SuperLuminova luminescenti per una maggiore visibilit\u00e0 sott\u2019acqua.<\/span><\/p>\n<p><span style=\"font-weight: 400;\">Questo orologio Baume &amp; Mercier Riviera M0A10717 a carica automatica \u00e8 animato dal calibro di Manifattura Baumatic.<\/span><\/p>\n<p><span style=\"font-weight: 400;\">Il bracciale \u00e8 in acciaio con finitura lucida e satinata.<\/span><\/p>\n<p><span style=\"font-weight: 400;\">Impermeabile fino a 30 ATM \u2013 circa 300 metri.<\/span><\/p>\n<p><span style=\"font-weight: 400;\">Ref. M0A10717<\/span><\/p>\n","protected":false},"excerpt":{"rendered":"<p>Orologio Baume &amp; Mercier Riviera M0A10717 con cassa da 42 mm. Quadrante <span style=\"font-weight: 400;\"> in vetro zaffiro grigio fum\u00e9 trasparente. Calibro di Manifattura Baumatic.<\/span><\/p>\n","protected":false},"featured_media":63430,"template":"","meta":[],"product_brand":[767],"product_cat":[24],"product_tag":[],"class_list":{"0":"post-63429","1":"product","2":"type-product","3":"status-publish","4":"has-post-thumbnail","6":"product_brand-baume-mercier","7":"product_cat-orologi","8":"pa_orologi-orologi-automatici","10":"first","11":"instock","12":"taxable","13":"shipping-taxable","14":"product-type-external","swatches":"rey-swatches","show_selected":""},"acf":[],"yoast_head":"<!-- This site is optimized with the Yoast SEO plugin v26.4 - https:\/\/yoast.com\/wordpress\/plugins\/seo\/ -->\n<title>Orologio Baume &amp; Mercier Riviera Azur 300m in Acciaio<\/title>\n<meta name=\"description\" content=\"Orologio Baume &amp; Mercier Riviera M0A10717 con cassa da 42 mm. Quadrante in vetro zaffiro grigio fum\u00e9 trasparente. Calibro di Manifattura Baumatic.\" \/>\n<meta name=\"robots\" content=\"index, follow, max-snippet:-1, max-image-preview:large, max-video-preview:-1\" \/>\n<link rel=\"canonical\" href=\"https:\/\/dobner.it\/it\/prodotto\/orologio-baume-mercier-riviera-azur-300m-acciaio\/\" \/>\n<meta property=\"og:locale\" content=\"it_IT\" \/>\n<meta property=\"og:type\" content=\"article\" \/>\n<meta property=\"og:title\" content=\"Orologio Baume &amp; Mercier Riviera Azur 300m in Acciaio\" \/>\n<meta property=\"og:description\" content=\"Orologio Baume &amp; Mercier Riviera M0A10717 con cassa da 42 mm. Quadrante in vetro zaffiro grigio fum\u00e9 trasparente. Calibro di Manifattura Baumatic.\" \/>\n<meta property=\"og:url\" content=\"https:\/\/dobner.it\/it\/prodotto\/orologio-baume-mercier-riviera-azur-300m-acciaio\/\" \/>\n<meta property=\"og:site_name\" content=\"Dobner\" \/>\n<meta property=\"article:modified_time\" content=\"2025-05-28T15:03:37+00:00\" \/>\n<meta property=\"og:image\" content=\"https:\/\/dobner.it\/wp-content\/uploads\/2023\/03\/orologio-baume-mercier-riviera-azur-300m-in-acciaio.jpg\" \/>\n\t<meta property=\"og:image:width\" content=\"1024\" \/>\n\t<meta property=\"og:image:height\" content=\"1024\" \/>\n\t<meta property=\"og:image:type\" content=\"image\/jpeg\" \/>\n<meta name=\"twitter:card\" content=\"summary_large_image\" \/>\n<meta name=\"twitter:label1\" content=\"Tempo di lettura stimato\" \/>\n\t<meta name=\"twitter:data1\" content=\"1 minuto\" \/>\n<script type=\"application\/ld+json\" class=\"yoast-schema-graph\">{\"@context\":\"https:\/\/schema.org\",\"@graph\":[{\"@type\":\"WebPage\",\"@id\":\"https:\/\/dobner.it\/it\/prodotto\/orologio-baume-mercier-riviera-azur-300m-acciaio\/\",\"url\":\"https:\/\/dobner.it\/it\/prodotto\/orologio-baume-mercier-riviera-azur-300m-acciaio\/\",\"name\":\"Orologio Baume & Mercier Riviera Azur 300m in Acciaio\",\"isPartOf\":{\"@id\":\"https:\/\/dobner.it\/it\/#website\"},\"primaryImageOfPage\":{\"@id\":\"https:\/\/dobner.it\/it\/prodotto\/orologio-baume-mercier-riviera-azur-300m-acciaio\/#primaryimage\"},\"image\":{\"@id\":\"https:\/\/dobner.it\/it\/prodotto\/orologio-baume-mercier-riviera-azur-300m-acciaio\/#primaryimage\"},\"thumbnailUrl\":\"https:\/\/dobner.it\/wp-content\/uploads\/2023\/03\/orologio-baume-mercier-riviera-azur-300m-in-acciaio.jpg\",\"datePublished\":\"2023-03-29T13:02:29+00:00\",\"dateModified\":\"2025-05-28T15:03:37+00:00\",\"description\":\"Orologio Baume &amp; Mercier Riviera M0A10717 con cassa da 42 mm. Quadrante in vetro zaffiro grigio fum\u00e9 trasparente. Calibro di Manifattura Baumatic.\",\"breadcrumb\":{\"@id\":\"https:\/\/dobner.it\/it\/prodotto\/orologio-baume-mercier-riviera-azur-300m-acciaio\/#breadcrumb\"},\"inLanguage\":\"it-IT\",\"potentialAction\":[{\"@type\":\"ReadAction\",\"target\":[\"https:\/\/dobner.it\/it\/prodotto\/orologio-baume-mercier-riviera-azur-300m-acciaio\/\"]}]},{\"@type\":\"ImageObject\",\"inLanguage\":\"it-IT\",\"@id\":\"https:\/\/dobner.it\/it\/prodotto\/orologio-baume-mercier-riviera-azur-300m-acciaio\/#primaryimage\",\"url\":\"https:\/\/dobner.it\/wp-content\/uploads\/2023\/03\/orologio-baume-mercier-riviera-azur-300m-in-acciaio.jpg\",\"contentUrl\":\"https:\/\/dobner.it\/wp-content\/uploads\/2023\/03\/orologio-baume-mercier-riviera-azur-300m-in-acciaio.jpg\",\"width\":1024,\"height\":1024},{\"@type\":\"BreadcrumbList\",\"@id\":\"https:\/\/dobner.it\/it\/prodotto\/orologio-baume-mercier-riviera-azur-300m-acciaio\/#breadcrumb\",\"itemListElement\":[{\"@type\":\"ListItem\",\"position\":1,\"name\":\"Home\",\"item\":\"https:\/\/dobner.it\/it\/\"},{\"@type\":\"ListItem\",\"position\":2,\"name\":\"Prodotti\",\"item\":\"https:\/\/dobner.it\/it\/prodotti\/\"},{\"@type\":\"ListItem\",\"position\":3,\"name\":\"Orologio Baume &amp; Mercier Riviera Azur 300m in Acciaio\"}]},{\"@type\":\"WebSite\",\"@id\":\"https:\/\/dobner.it\/it\/#website\",\"url\":\"https:\/\/dobner.it\/it\/\",\"name\":\"Dobner\",\"description\":\"\",\"publisher\":{\"@id\":\"https:\/\/dobner.it\/it\/#organization\"},\"potentialAction\":[{\"@type\":\"SearchAction\",\"target\":{\"@type\":\"EntryPoint\",\"urlTemplate\":\"https:\/\/dobner.it\/it\/?s={search_term_string}\"},\"query-input\":{\"@type\":\"PropertyValueSpecification\",\"valueRequired\":true,\"valueName\":\"search_term_string\"}}],\"inLanguage\":\"it-IT\"},{\"@type\":\"Organization\",\"@id\":\"https:\/\/dobner.it\/it\/#organization\",\"name\":\"Dobner\",\"url\":\"https:\/\/dobner.it\/it\/\",\"logo\":{\"@type\":\"ImageObject\",\"inLanguage\":\"it-IT\",\"@id\":\"https:\/\/dobner.it\/it\/#\/schema\/logo\/image\/\",\"url\":\"https:\/\/dobner.it\/wp-content\/uploads\/2020\/10\/logo-email.png\",\"contentUrl\":\"https:\/\/dobner.it\/wp-content\/uploads\/2020\/10\/logo-email.png\",\"width\":188,\"height\":81,\"caption\":\"Dobner\"},\"image\":{\"@id\":\"https:\/\/dobner.it\/it\/#\/schema\/logo\/image\/\"}}]}<\/script>\n<!-- \/ Yoast SEO plugin. -->","yoast_head_json":{"title":"Orologio Baume & Mercier Riviera Azur 300m in Acciaio","description":"Orologio Baume &amp; Mercier Riviera M0A10717 con cassa da 42 mm. Quadrante in vetro zaffiro grigio fum\u00e9 trasparente. Calibro di Manifattura Baumatic.","robots":{"index":"index","follow":"follow","max-snippet":"max-snippet:-1","max-image-preview":"max-image-preview:large","max-video-preview":"max-video-preview:-1"},"canonical":"https:\/\/dobner.it\/it\/prodotto\/orologio-baume-mercier-riviera-azur-300m-acciaio\/","og_locale":"it_IT","og_type":"article","og_title":"Orologio Baume & Mercier Riviera Azur 300m in Acciaio","og_description":"Orologio Baume &amp; Mercier Riviera M0A10717 con cassa da 42 mm. Quadrante in vetro zaffiro grigio fum\u00e9 trasparente. Calibro di Manifattura Baumatic.","og_url":"https:\/\/dobner.it\/it\/prodotto\/orologio-baume-mercier-riviera-azur-300m-acciaio\/","og_site_name":"Dobner","article_modified_time":"2025-05-28T15:03:37+00:00","og_image":[{"width":1024,"height":1024,"url":"https:\/\/dobner.it\/wp-content\/uploads\/2023\/03\/orologio-baume-mercier-riviera-azur-300m-in-acciaio.jpg","type":"image\/jpeg"}],"twitter_card":"summary_large_image","twitter_misc":{"Tempo di lettura stimato":"1 minuto"},"schema":{"@context":"https:\/\/schema.org","@graph":[{"@type":"WebPage","@id":"https:\/\/dobner.it\/it\/prodotto\/orologio-baume-mercier-riviera-azur-300m-acciaio\/","url":"https:\/\/dobner.it\/it\/prodotto\/orologio-baume-mercier-riviera-azur-300m-acciaio\/","name":"Orologio Baume & Mercier Riviera Azur 300m in Acciaio","isPartOf":{"@id":"https:\/\/dobner.it\/it\/#website"},"primaryImageOfPage":{"@id":"https:\/\/dobner.it\/it\/prodotto\/orologio-baume-mercier-riviera-azur-300m-acciaio\/#primaryimage"},"image":{"@id":"https:\/\/dobner.it\/it\/prodotto\/orologio-baume-mercier-riviera-azur-300m-acciaio\/#primaryimage"},"thumbnailUrl":"https:\/\/dobner.it\/wp-content\/uploads\/2023\/03\/orologio-baume-mercier-riviera-azur-300m-in-acciaio.jpg","datePublished":"2023-03-29T13:02:29+00:00","dateModified":"2025-05-28T15:03:37+00:00","description":"Orologio Baume &amp; Mercier Riviera M0A10717 con cassa da 42 mm. Quadrante in vetro zaffiro grigio fum\u00e9 trasparente. Calibro di Manifattura Baumatic.","breadcrumb":{"@id":"https:\/\/dobner.it\/it\/prodotto\/orologio-baume-mercier-riviera-azur-300m-acciaio\/#breadcrumb"},"inLanguage":"it-IT","potentialAction":[{"@type":"ReadAction","target":["https:\/\/dobner.it\/it\/prodotto\/orologio-baume-mercier-riviera-azur-300m-acciaio\/"]}]},{"@type":"ImageObject","inLanguage":"it-IT","@id":"https:\/\/dobner.it\/it\/prodotto\/orologio-baume-mercier-riviera-azur-300m-acciaio\/#primaryimage","url":"https:\/\/dobner.it\/wp-content\/uploads\/2023\/03\/orologio-baume-mercier-riviera-azur-300m-in-acciaio.jpg","contentUrl":"https:\/\/dobner.it\/wp-content\/uploads\/2023\/03\/orologio-baume-mercier-riviera-azur-300m-in-acciaio.jpg","width":1024,"height":1024},{"@type":"BreadcrumbList","@id":"https:\/\/dobner.it\/it\/prodotto\/orologio-baume-mercier-riviera-azur-300m-acciaio\/#breadcrumb","itemListElement":[{"@type":"ListItem","position":1,"name":"Home","item":"https:\/\/dobner.it\/it\/"},{"@type":"ListItem","position":2,"name":"Prodotti","item":"https:\/\/dobner.it\/it\/prodotti\/"},{"@type":"ListItem","position":3,"name":"Orologio Baume &amp; Mercier Riviera Azur 300m in Acciaio"}]},{"@type":"WebSite","@id":"https:\/\/dobner.it\/it\/#website","url":"https:\/\/dobner.it\/it\/","name":"Dobner","description":"","publisher":{"@id":"https:\/\/dobner.it\/it\/#organization"},"potentialAction":[{"@type":"SearchAction","target":{"@type":"EntryPoint","urlTemplate":"https:\/\/dobner.it\/it\/?s={search_term_string}"},"query-input":{"@type":"PropertyValueSpecification","valueRequired":true,"valueName":"search_term_string"}}],"inLanguage":"it-IT"},{"@type":"Organization","@id":"https:\/\/dobner.it\/it\/#organization","name":"Dobner","url":"https:\/\/dobner.it\/it\/","logo":{"@type":"ImageObject","inLanguage":"it-IT","@id":"https:\/\/dobner.it\/it\/#\/schema\/logo\/image\/","url":"https:\/\/dobner.it\/wp-content\/uploads\/2020\/10\/logo-email.png","contentUrl":"https:\/\/dobner.it\/wp-content\/uploads\/2020\/10\/logo-email.png","width":188,"height":81,"caption":"Dobner"},"image":{"@id":"https:\/\/dobner.it\/it\/#\/schema\/logo\/image\/"}}]}},"_links":{"self":[{"href":"https:\/\/dobner.it\/it\/wp-json\/wp\/v2\/product\/63429","targetHints":{"allow":["GET"]}}],"collection":[{"href":"https:\/\/dobner.it\/it\/wp-json\/wp\/v2\/product"}],"about":[{"href":"https:\/\/dobner.it\/it\/wp-json\/wp\/v2\/types\/product"}],"version-history":[{"count":1,"href":"https:\/\/dobner.it\/it\/wp-json\/wp\/v2\/product\/63429\/revisions"}],"predecessor-version":[{"id":84894,"href":"https:\/\/dobner.it\/it\/wp-json\/wp\/v2\/product\/63429\/revisions\/84894"}],"wp:featuredmedia":[{"embeddable":true,"href":"https:\/\/dobner.it\/it\/wp-json\/wp\/v2\/media\/63430"}],"wp:attachment":[{"href":"https:\/\/dobner.it\/it\/wp-json\/wp\/v2\/media?parent=63429"}],"wp:term":[{"taxonomy":"product_brand","embeddable":true,"href":"https:\/\/dobner.it\/it\/wp-json\/wp\/v2\/product_brand?post=63429"},{"taxonomy":"product_cat","embeddable":true,"href":"https:\/\/dobner.it\/it\/wp-json\/wp\/v2\/product_cat?post=63429"},{"taxonomy":"product_tag","embeddable":true,"href":"https:\/\/dobner.it\/it\/wp-json\/wp\/v2\/product_tag?post=63429"}],"curies":[{"name":"wp","href":"https:\/\/api.w.org\/{rel}","templated":true}]}}