{"id":63386,"date":"2023-03-30T11:16:15","date_gmt":"2023-03-30T09:16:15","guid":{"rendered":"https:\/\/dobner.it\/?post_type=product&#038;p=63386"},"modified":"2025-05-22T16:35:59","modified_gmt":"2025-05-22T14:35:59","slug":"orologio-oris-propilot-altimeter-tessuto","status":"publish","type":"product","link":"https:\/\/dobner.it\/it\/prodotto\/orologio-oris-propilot-altimeter-tessuto\/","title":{"rendered":"Orologio Oris ProPilot Altimeter con Cinturino in Tessuto"},"content":{"rendered":"<p><span style=\"font-weight: 400;\">Questo nuovo Oris ProPilot Altimeter \u00e8 un orologio che unisce un altimetro meccanico a un movimento meccanico a carica automatica. Si tratta di un modello di seconda generazione, migliorato rispetto al precedente.<\/span><\/p>\n<p><span style=\"font-weight: 400;\">Questa versione \u00e8 pi\u00f9 performante grazie a una nuova scatola a pressione. Ora \u00e8 in grado di misurare l&#8217;altitudine fino a 6.000 metri o 19.700 piedi, a seconda del modello scelto. Pi\u00f9 sottile grazie al movimento aggiornato, che rendere pi\u00f9 snello il Calibro 793. L&#8217;orologio \u00e8 pi\u00f9 sottile di 1 mm rispetto all&#8217;esemplare precedente. Dispone anche di una riserva di carica incrementata a 56 ore. Inoltre la sua cassa, realizzata con una fibra di carbonio all&#8217;avanguardia e un composto chiamato PEKK, introdotto per la prima volta in orologeria, lo rende pi\u00f9 leggero. Il nuovo orologio pesa solo 98 grammi, oltre 70 grammi in meno rispetto al modello precedente.<\/span><\/p>\n<p><span style=\"font-weight: 400;\">La cassa composita in titanio e fibra di carbonio, rivestita in PVD grigio, da 47 mm, viene prodotta grazie a un processo esclusivo di &#8220;produzione additiva e stampaggio&#8221; sviluppato dal partner svizzero 9T Labs. Vetro zaffiro, ricurvo sui due lati, trattamento antiriflesso sulla parte interna.<\/span><\/p>\n<p><span style=\"font-weight: 400;\">Il quadrante \u00e8 nero con numeri e lancette in Superluminova BG W9 Grade A.<\/span><\/p>\n<p><span style=\"font-weight: 400;\">Questo orologio Oris ProPilot Altimeter \u00e8 dotato di movimento a carica automatica, con una riserva di carica di 56 h. Ore, minuti e secondi al centro, finestrella data, correttore rapido della data, regolazione fine, arresto dei secondi.<\/span><\/p>\n<p><span style=\"font-weight: 400;\">Il cinturino \u00e8 in tessuto, con fibbia pieghevole in titanio rivestito in PVD grigio.<\/span><\/p>\n<p><span style=\"font-weight: 400;\">Impermeabilit\u00e0 fino a 10 bar.<\/span><\/p>\n<p><span style=\"font-weight: 400;\">Ref. 01 793 7775 8734-Set<\/span><\/p>\n","protected":false},"excerpt":{"rendered":"<p>Orologio Oris ProPilot Altimeter con cassa da 47 mm. Quadrante nero. Cinturino in tessuto. Movimento a carica automatica.<\/p>\n","protected":false},"featured_media":63388,"template":"","meta":[],"product_brand":[529],"product_cat":[24],"product_tag":[],"class_list":{"0":"post-63386","1":"product","2":"type-product","3":"status-publish","4":"has-post-thumbnail","6":"product_brand-oris","7":"product_cat-orologi","8":"pa_orologi-orologi-automatici","10":"first","11":"instock","12":"taxable","13":"shipping-taxable","14":"product-type-external","swatches":"rey-swatches","show_selected":""},"acf":[],"yoast_head":"<!-- This site is optimized with the Yoast SEO plugin v26.4 - https:\/\/yoast.com\/wordpress\/plugins\/seo\/ -->\n<title>Orologio Oris ProPilot Altimeter con Cinturino in Tessuto<\/title>\n<meta name=\"description\" content=\"Orologio Oris ProPilot Altimeter con cassa da 47 mm. Quadrante nero. Cinturino in tessuto. Movimento a carica automatica.\" \/>\n<meta name=\"robots\" content=\"index, follow, max-snippet:-1, max-image-preview:large, max-video-preview:-1\" \/>\n<link rel=\"canonical\" href=\"https:\/\/dobner.it\/it\/prodotto\/orologio-oris-propilot-altimeter-tessuto\/\" \/>\n<meta property=\"og:locale\" content=\"it_IT\" \/>\n<meta property=\"og:type\" content=\"article\" \/>\n<meta property=\"og:title\" content=\"Orologio Oris ProPilot Altimeter con Cinturino in Tessuto\" \/>\n<meta property=\"og:description\" content=\"Orologio Oris ProPilot Altimeter con cassa da 47 mm. Quadrante nero. Cinturino in tessuto. Movimento a carica automatica.\" \/>\n<meta property=\"og:url\" content=\"https:\/\/dobner.it\/it\/prodotto\/orologio-oris-propilot-altimeter-tessuto\/\" \/>\n<meta property=\"og:site_name\" content=\"Dobner\" \/>\n<meta property=\"article:modified_time\" content=\"2025-05-22T14:35:59+00:00\" \/>\n<meta property=\"og:image\" content=\"https:\/\/dobner.it\/wp-content\/uploads\/2023\/03\/orologio-oris-propilot-altimeter-cinturino-in-tessuto.jpg\" \/>\n\t<meta property=\"og:image:width\" content=\"1024\" \/>\n\t<meta property=\"og:image:height\" content=\"1024\" \/>\n\t<meta property=\"og:image:type\" content=\"image\/jpeg\" \/>\n<meta name=\"twitter:card\" content=\"summary_large_image\" \/>\n<meta name=\"twitter:label1\" content=\"Tempo di lettura stimato\" \/>\n\t<meta name=\"twitter:data1\" content=\"2 minuti\" \/>\n<script type=\"application\/ld+json\" class=\"yoast-schema-graph\">{\"@context\":\"https:\/\/schema.org\",\"@graph\":[{\"@type\":\"WebPage\",\"@id\":\"https:\/\/dobner.it\/it\/prodotto\/orologio-oris-propilot-altimeter-tessuto\/\",\"url\":\"https:\/\/dobner.it\/it\/prodotto\/orologio-oris-propilot-altimeter-tessuto\/\",\"name\":\"Orologio Oris ProPilot Altimeter con Cinturino in Tessuto\",\"isPartOf\":{\"@id\":\"https:\/\/dobner.it\/it\/#website\"},\"primaryImageOfPage\":{\"@id\":\"https:\/\/dobner.it\/it\/prodotto\/orologio-oris-propilot-altimeter-tessuto\/#primaryimage\"},\"image\":{\"@id\":\"https:\/\/dobner.it\/it\/prodotto\/orologio-oris-propilot-altimeter-tessuto\/#primaryimage\"},\"thumbnailUrl\":\"https:\/\/dobner.it\/wp-content\/uploads\/2023\/03\/orologio-oris-propilot-altimeter-cinturino-in-tessuto.jpg\",\"datePublished\":\"2023-03-30T09:16:15+00:00\",\"dateModified\":\"2025-05-22T14:35:59+00:00\",\"description\":\"Orologio Oris ProPilot Altimeter con cassa da 47 mm. Quadrante nero. Cinturino in tessuto. Movimento a carica automatica.\",\"breadcrumb\":{\"@id\":\"https:\/\/dobner.it\/it\/prodotto\/orologio-oris-propilot-altimeter-tessuto\/#breadcrumb\"},\"inLanguage\":\"it-IT\",\"potentialAction\":[{\"@type\":\"ReadAction\",\"target\":[\"https:\/\/dobner.it\/it\/prodotto\/orologio-oris-propilot-altimeter-tessuto\/\"]}]},{\"@type\":\"ImageObject\",\"inLanguage\":\"it-IT\",\"@id\":\"https:\/\/dobner.it\/it\/prodotto\/orologio-oris-propilot-altimeter-tessuto\/#primaryimage\",\"url\":\"https:\/\/dobner.it\/wp-content\/uploads\/2023\/03\/orologio-oris-propilot-altimeter-cinturino-in-tessuto.jpg\",\"contentUrl\":\"https:\/\/dobner.it\/wp-content\/uploads\/2023\/03\/orologio-oris-propilot-altimeter-cinturino-in-tessuto.jpg\",\"width\":1024,\"height\":1024},{\"@type\":\"BreadcrumbList\",\"@id\":\"https:\/\/dobner.it\/it\/prodotto\/orologio-oris-propilot-altimeter-tessuto\/#breadcrumb\",\"itemListElement\":[{\"@type\":\"ListItem\",\"position\":1,\"name\":\"Home\",\"item\":\"https:\/\/dobner.it\/it\/\"},{\"@type\":\"ListItem\",\"position\":2,\"name\":\"Prodotti\",\"item\":\"https:\/\/dobner.it\/it\/prodotti\/\"},{\"@type\":\"ListItem\",\"position\":3,\"name\":\"Orologio Oris ProPilot Altimeter con Cinturino in Tessuto\"}]},{\"@type\":\"WebSite\",\"@id\":\"https:\/\/dobner.it\/it\/#website\",\"url\":\"https:\/\/dobner.it\/it\/\",\"name\":\"Dobner\",\"description\":\"\",\"publisher\":{\"@id\":\"https:\/\/dobner.it\/it\/#organization\"},\"potentialAction\":[{\"@type\":\"SearchAction\",\"target\":{\"@type\":\"EntryPoint\",\"urlTemplate\":\"https:\/\/dobner.it\/it\/?s={search_term_string}\"},\"query-input\":{\"@type\":\"PropertyValueSpecification\",\"valueRequired\":true,\"valueName\":\"search_term_string\"}}],\"inLanguage\":\"it-IT\"},{\"@type\":\"Organization\",\"@id\":\"https:\/\/dobner.it\/it\/#organization\",\"name\":\"Dobner\",\"url\":\"https:\/\/dobner.it\/it\/\",\"logo\":{\"@type\":\"ImageObject\",\"inLanguage\":\"it-IT\",\"@id\":\"https:\/\/dobner.it\/it\/#\/schema\/logo\/image\/\",\"url\":\"https:\/\/dobner.it\/wp-content\/uploads\/2020\/10\/logo-email.png\",\"contentUrl\":\"https:\/\/dobner.it\/wp-content\/uploads\/2020\/10\/logo-email.png\",\"width\":188,\"height\":81,\"caption\":\"Dobner\"},\"image\":{\"@id\":\"https:\/\/dobner.it\/it\/#\/schema\/logo\/image\/\"}}]}<\/script>\n<!-- \/ Yoast SEO plugin. -->","yoast_head_json":{"title":"Orologio Oris ProPilot Altimeter con Cinturino in Tessuto","description":"Orologio Oris ProPilot Altimeter con cassa da 47 mm. Quadrante nero. Cinturino in tessuto. Movimento a carica automatica.","robots":{"index":"index","follow":"follow","max-snippet":"max-snippet:-1","max-image-preview":"max-image-preview:large","max-video-preview":"max-video-preview:-1"},"canonical":"https:\/\/dobner.it\/it\/prodotto\/orologio-oris-propilot-altimeter-tessuto\/","og_locale":"it_IT","og_type":"article","og_title":"Orologio Oris ProPilot Altimeter con Cinturino in Tessuto","og_description":"Orologio Oris ProPilot Altimeter con cassa da 47 mm. Quadrante nero. Cinturino in tessuto. Movimento a carica automatica.","og_url":"https:\/\/dobner.it\/it\/prodotto\/orologio-oris-propilot-altimeter-tessuto\/","og_site_name":"Dobner","article_modified_time":"2025-05-22T14:35:59+00:00","og_image":[{"width":1024,"height":1024,"url":"https:\/\/dobner.it\/wp-content\/uploads\/2023\/03\/orologio-oris-propilot-altimeter-cinturino-in-tessuto.jpg","type":"image\/jpeg"}],"twitter_card":"summary_large_image","twitter_misc":{"Tempo di lettura stimato":"2 minuti"},"schema":{"@context":"https:\/\/schema.org","@graph":[{"@type":"WebPage","@id":"https:\/\/dobner.it\/it\/prodotto\/orologio-oris-propilot-altimeter-tessuto\/","url":"https:\/\/dobner.it\/it\/prodotto\/orologio-oris-propilot-altimeter-tessuto\/","name":"Orologio Oris ProPilot Altimeter con Cinturino in Tessuto","isPartOf":{"@id":"https:\/\/dobner.it\/it\/#website"},"primaryImageOfPage":{"@id":"https:\/\/dobner.it\/it\/prodotto\/orologio-oris-propilot-altimeter-tessuto\/#primaryimage"},"image":{"@id":"https:\/\/dobner.it\/it\/prodotto\/orologio-oris-propilot-altimeter-tessuto\/#primaryimage"},"thumbnailUrl":"https:\/\/dobner.it\/wp-content\/uploads\/2023\/03\/orologio-oris-propilot-altimeter-cinturino-in-tessuto.jpg","datePublished":"2023-03-30T09:16:15+00:00","dateModified":"2025-05-22T14:35:59+00:00","description":"Orologio Oris ProPilot Altimeter con cassa da 47 mm. Quadrante nero. Cinturino in tessuto. Movimento a carica automatica.","breadcrumb":{"@id":"https:\/\/dobner.it\/it\/prodotto\/orologio-oris-propilot-altimeter-tessuto\/#breadcrumb"},"inLanguage":"it-IT","potentialAction":[{"@type":"ReadAction","target":["https:\/\/dobner.it\/it\/prodotto\/orologio-oris-propilot-altimeter-tessuto\/"]}]},{"@type":"ImageObject","inLanguage":"it-IT","@id":"https:\/\/dobner.it\/it\/prodotto\/orologio-oris-propilot-altimeter-tessuto\/#primaryimage","url":"https:\/\/dobner.it\/wp-content\/uploads\/2023\/03\/orologio-oris-propilot-altimeter-cinturino-in-tessuto.jpg","contentUrl":"https:\/\/dobner.it\/wp-content\/uploads\/2023\/03\/orologio-oris-propilot-altimeter-cinturino-in-tessuto.jpg","width":1024,"height":1024},{"@type":"BreadcrumbList","@id":"https:\/\/dobner.it\/it\/prodotto\/orologio-oris-propilot-altimeter-tessuto\/#breadcrumb","itemListElement":[{"@type":"ListItem","position":1,"name":"Home","item":"https:\/\/dobner.it\/it\/"},{"@type":"ListItem","position":2,"name":"Prodotti","item":"https:\/\/dobner.it\/it\/prodotti\/"},{"@type":"ListItem","position":3,"name":"Orologio Oris ProPilot Altimeter con Cinturino in Tessuto"}]},{"@type":"WebSite","@id":"https:\/\/dobner.it\/it\/#website","url":"https:\/\/dobner.it\/it\/","name":"Dobner","description":"","publisher":{"@id":"https:\/\/dobner.it\/it\/#organization"},"potentialAction":[{"@type":"SearchAction","target":{"@type":"EntryPoint","urlTemplate":"https:\/\/dobner.it\/it\/?s={search_term_string}"},"query-input":{"@type":"PropertyValueSpecification","valueRequired":true,"valueName":"search_term_string"}}],"inLanguage":"it-IT"},{"@type":"Organization","@id":"https:\/\/dobner.it\/it\/#organization","name":"Dobner","url":"https:\/\/dobner.it\/it\/","logo":{"@type":"ImageObject","inLanguage":"it-IT","@id":"https:\/\/dobner.it\/it\/#\/schema\/logo\/image\/","url":"https:\/\/dobner.it\/wp-content\/uploads\/2020\/10\/logo-email.png","contentUrl":"https:\/\/dobner.it\/wp-content\/uploads\/2020\/10\/logo-email.png","width":188,"height":81,"caption":"Dobner"},"image":{"@id":"https:\/\/dobner.it\/it\/#\/schema\/logo\/image\/"}}]}},"_links":{"self":[{"href":"https:\/\/dobner.it\/it\/wp-json\/wp\/v2\/product\/63386","targetHints":{"allow":["GET"]}}],"collection":[{"href":"https:\/\/dobner.it\/it\/wp-json\/wp\/v2\/product"}],"about":[{"href":"https:\/\/dobner.it\/it\/wp-json\/wp\/v2\/types\/product"}],"version-history":[{"count":1,"href":"https:\/\/dobner.it\/it\/wp-json\/wp\/v2\/product\/63386\/revisions"}],"predecessor-version":[{"id":84356,"href":"https:\/\/dobner.it\/it\/wp-json\/wp\/v2\/product\/63386\/revisions\/84356"}],"wp:featuredmedia":[{"embeddable":true,"href":"https:\/\/dobner.it\/it\/wp-json\/wp\/v2\/media\/63388"}],"wp:attachment":[{"href":"https:\/\/dobner.it\/it\/wp-json\/wp\/v2\/media?parent=63386"}],"wp:term":[{"taxonomy":"product_brand","embeddable":true,"href":"https:\/\/dobner.it\/it\/wp-json\/wp\/v2\/product_brand?post=63386"},{"taxonomy":"product_cat","embeddable":true,"href":"https:\/\/dobner.it\/it\/wp-json\/wp\/v2\/product_cat?post=63386"},{"taxonomy":"product_tag","embeddable":true,"href":"https:\/\/dobner.it\/it\/wp-json\/wp\/v2\/product_tag?post=63386"}],"curies":[{"name":"wp","href":"https:\/\/api.w.org\/{rel}","templated":true}]}}