{"id":62237,"date":"2023-03-10T09:33:36","date_gmt":"2023-03-10T08:33:36","guid":{"rendered":"https:\/\/dobner.it\/?post_type=product&#038;p=62237"},"modified":"2025-02-13T12:06:41","modified_gmt":"2025-02-13T11:06:41","slug":"orologio-oris-darryl-oyoung-limited-edition","status":"publish","type":"product","link":"https:\/\/dobner.it\/it\/prodotto\/orologio-oris-darryl-oyoung-limited-edition\/","title":{"rendered":"Orologio Oris Darryl O&#8217;Young Limited Edition"},"content":{"rendered":"<p><span style=\"font-weight: 400\">Questo orologio Oris Darryl O&#8217;Young Limited Edition presenta una cassa da 45,50 mm in titanio placcata in nero. L&#8217;anello superiore con scala tachimetrica \u00e8 in ceramica. Vetro zaffiro, ricurvo sui due lati, trattamento antiriflesso sulla parte interna. Il fondello \u00e8 in titanio, placcato in nero, avvitato, con obl\u00f2 in vetro minerale e speciali disegni e incisioni.<\/span><\/p>\n<p><span style=\"font-weight: 400\">Il quadrante \u00e8 grigio con numeri e lancette con Superluminova C1.<\/span><\/p>\n<p><span style=\"font-weight: 400\">L&#8217;orologio \u00e8 dotato di movimento a carica automatica. Cronografo. Riserva di carica di 48 h. Ore, minuti e secondi cronografici al centro, quadranti secondari per minuti crono, ore crono e piccoli secondi, finestrella data, correttore data, regolazione fine, arresto dei secondi.<\/span><\/p>\n<p><span style=\"font-weight: 400\">Il cinturino in caucci\u00f9, nero, con fibbia deployante in acciaio inossidabile placcata PVD nero.<\/span><\/p>\n<p><span style=\"font-weight: 400\">Impermeabilit\u00e0 fino a 10 bar.<\/span><\/p>\n<p><span style=\"font-weight: 400\">Edizione limitata a 500 esemplari.<\/span><\/p>\n<p><span style=\"font-weight: 400\">Ref. 01 774 7611 7784-Set<\/span><\/p>\n","protected":false},"excerpt":{"rendered":"<p><span style=\"font-weight: 400\">Orologio Oris Darryl O&#8217;Young Limited Edition con cassa da 45,50 mm in titanio placcata in nero. Carica automatica. Cronografo. Cinturino nero in caucci\u00f9.<\/span><\/p>\n","protected":false},"featured_media":62239,"template":"","meta":[],"product_brand":[529,829],"product_cat":[24],"product_tag":[],"class_list":{"0":"post-62237","1":"product","2":"type-product","3":"status-publish","4":"has-post-thumbnail","6":"product_brand-oris","7":"product_brand-outlet-orologi","8":"product_cat-orologi","9":"pa_orologi-orologi-automatici","10":"pa_orologi-orologi-cronografo","12":"first","13":"instock","14":"sale","15":"taxable","16":"shipping-taxable","17":"purchasable","18":"product-type-simple","swatches":"rey-swatches","show_selected":""},"acf":[],"yoast_head":"<!-- This site is optimized with the Yoast SEO plugin v26.4 - https:\/\/yoast.com\/wordpress\/plugins\/seo\/ -->\n<title>Orologio Oris Darryl O&#039;Young Limited Edition - Dobner<\/title>\n<meta name=\"description\" content=\"Orologio Oris Darryl O&#039;Young Limited Edition con cassa da 45,50 mm in titanio placcata in nero. Carica automatica. Cronografo. Cinturino nero in caucci\u00f9.\" \/>\n<meta name=\"robots\" content=\"index, follow, max-snippet:-1, max-image-preview:large, max-video-preview:-1\" \/>\n<link rel=\"canonical\" href=\"https:\/\/dobner.it\/it\/prodotto\/orologio-oris-darryl-oyoung-limited-edition\/\" \/>\n<meta property=\"og:locale\" content=\"it_IT\" \/>\n<meta property=\"og:type\" content=\"article\" \/>\n<meta property=\"og:title\" content=\"Orologio Oris Darryl O&#039;Young Limited Edition - Dobner\" \/>\n<meta property=\"og:description\" content=\"Orologio Oris Darryl O&#039;Young Limited Edition con cassa da 45,50 mm in titanio placcata in nero. Carica automatica. Cronografo. Cinturino nero in caucci\u00f9.\" \/>\n<meta property=\"og:url\" content=\"https:\/\/dobner.it\/it\/prodotto\/orologio-oris-darryl-oyoung-limited-edition\/\" \/>\n<meta property=\"og:site_name\" content=\"Dobner\" \/>\n<meta property=\"article:modified_time\" content=\"2025-02-13T11:06:41+00:00\" \/>\n<meta property=\"og:image\" content=\"https:\/\/dobner.it\/wp-content\/uploads\/2023\/03\/orologio-oris-darryl-o-young-limited-edition.jpg\" \/>\n\t<meta property=\"og:image:width\" content=\"1024\" \/>\n\t<meta property=\"og:image:height\" content=\"1024\" \/>\n\t<meta property=\"og:image:type\" content=\"image\/jpeg\" \/>\n<meta name=\"twitter:card\" content=\"summary_large_image\" \/>\n<meta name=\"twitter:label1\" content=\"Tempo di lettura stimato\" \/>\n\t<meta name=\"twitter:data1\" content=\"1 minuto\" \/>\n<script type=\"application\/ld+json\" class=\"yoast-schema-graph\">{\"@context\":\"https:\/\/schema.org\",\"@graph\":[{\"@type\":\"WebPage\",\"@id\":\"https:\/\/dobner.it\/it\/prodotto\/orologio-oris-darryl-oyoung-limited-edition\/\",\"url\":\"https:\/\/dobner.it\/it\/prodotto\/orologio-oris-darryl-oyoung-limited-edition\/\",\"name\":\"Orologio Oris Darryl O'Young Limited Edition - Dobner\",\"isPartOf\":{\"@id\":\"https:\/\/dobner.it\/it\/#website\"},\"primaryImageOfPage\":{\"@id\":\"https:\/\/dobner.it\/it\/prodotto\/orologio-oris-darryl-oyoung-limited-edition\/#primaryimage\"},\"image\":{\"@id\":\"https:\/\/dobner.it\/it\/prodotto\/orologio-oris-darryl-oyoung-limited-edition\/#primaryimage\"},\"thumbnailUrl\":\"https:\/\/dobner.it\/wp-content\/uploads\/2023\/03\/orologio-oris-darryl-o-young-limited-edition.jpg\",\"datePublished\":\"2023-03-10T08:33:36+00:00\",\"dateModified\":\"2025-02-13T11:06:41+00:00\",\"description\":\"Orologio Oris Darryl O'Young Limited Edition con cassa da 45,50 mm in titanio placcata in nero. Carica automatica. Cronografo. Cinturino nero in caucci\u00f9.\",\"breadcrumb\":{\"@id\":\"https:\/\/dobner.it\/it\/prodotto\/orologio-oris-darryl-oyoung-limited-edition\/#breadcrumb\"},\"inLanguage\":\"it-IT\",\"potentialAction\":[{\"@type\":\"ReadAction\",\"target\":[\"https:\/\/dobner.it\/it\/prodotto\/orologio-oris-darryl-oyoung-limited-edition\/\"]}]},{\"@type\":\"ImageObject\",\"inLanguage\":\"it-IT\",\"@id\":\"https:\/\/dobner.it\/it\/prodotto\/orologio-oris-darryl-oyoung-limited-edition\/#primaryimage\",\"url\":\"https:\/\/dobner.it\/wp-content\/uploads\/2023\/03\/orologio-oris-darryl-o-young-limited-edition.jpg\",\"contentUrl\":\"https:\/\/dobner.it\/wp-content\/uploads\/2023\/03\/orologio-oris-darryl-o-young-limited-edition.jpg\",\"width\":1024,\"height\":1024},{\"@type\":\"BreadcrumbList\",\"@id\":\"https:\/\/dobner.it\/it\/prodotto\/orologio-oris-darryl-oyoung-limited-edition\/#breadcrumb\",\"itemListElement\":[{\"@type\":\"ListItem\",\"position\":1,\"name\":\"Home\",\"item\":\"https:\/\/dobner.it\/it\/\"},{\"@type\":\"ListItem\",\"position\":2,\"name\":\"Prodotti\",\"item\":\"https:\/\/dobner.it\/it\/prodotti\/\"},{\"@type\":\"ListItem\",\"position\":3,\"name\":\"Orologio Oris Darryl O&#8217;Young Limited Edition\"}]},{\"@type\":\"WebSite\",\"@id\":\"https:\/\/dobner.it\/it\/#website\",\"url\":\"https:\/\/dobner.it\/it\/\",\"name\":\"Dobner\",\"description\":\"\",\"publisher\":{\"@id\":\"https:\/\/dobner.it\/it\/#organization\"},\"potentialAction\":[{\"@type\":\"SearchAction\",\"target\":{\"@type\":\"EntryPoint\",\"urlTemplate\":\"https:\/\/dobner.it\/it\/?s={search_term_string}\"},\"query-input\":{\"@type\":\"PropertyValueSpecification\",\"valueRequired\":true,\"valueName\":\"search_term_string\"}}],\"inLanguage\":\"it-IT\"},{\"@type\":\"Organization\",\"@id\":\"https:\/\/dobner.it\/it\/#organization\",\"name\":\"Dobner\",\"url\":\"https:\/\/dobner.it\/it\/\",\"logo\":{\"@type\":\"ImageObject\",\"inLanguage\":\"it-IT\",\"@id\":\"https:\/\/dobner.it\/it\/#\/schema\/logo\/image\/\",\"url\":\"https:\/\/dobner.it\/wp-content\/uploads\/2020\/10\/logo-email.png\",\"contentUrl\":\"https:\/\/dobner.it\/wp-content\/uploads\/2020\/10\/logo-email.png\",\"width\":188,\"height\":81,\"caption\":\"Dobner\"},\"image\":{\"@id\":\"https:\/\/dobner.it\/it\/#\/schema\/logo\/image\/\"}}]}<\/script>\n<!-- \/ Yoast SEO plugin. -->","yoast_head_json":{"title":"Orologio Oris Darryl O'Young Limited Edition - Dobner","description":"Orologio Oris Darryl O'Young Limited Edition con cassa da 45,50 mm in titanio placcata in nero. Carica automatica. Cronografo. Cinturino nero in caucci\u00f9.","robots":{"index":"index","follow":"follow","max-snippet":"max-snippet:-1","max-image-preview":"max-image-preview:large","max-video-preview":"max-video-preview:-1"},"canonical":"https:\/\/dobner.it\/it\/prodotto\/orologio-oris-darryl-oyoung-limited-edition\/","og_locale":"it_IT","og_type":"article","og_title":"Orologio Oris Darryl O'Young Limited Edition - Dobner","og_description":"Orologio Oris Darryl O'Young Limited Edition con cassa da 45,50 mm in titanio placcata in nero. Carica automatica. Cronografo. Cinturino nero in caucci\u00f9.","og_url":"https:\/\/dobner.it\/it\/prodotto\/orologio-oris-darryl-oyoung-limited-edition\/","og_site_name":"Dobner","article_modified_time":"2025-02-13T11:06:41+00:00","og_image":[{"width":1024,"height":1024,"url":"https:\/\/dobner.it\/wp-content\/uploads\/2023\/03\/orologio-oris-darryl-o-young-limited-edition.jpg","type":"image\/jpeg"}],"twitter_card":"summary_large_image","twitter_misc":{"Tempo di lettura stimato":"1 minuto"},"schema":{"@context":"https:\/\/schema.org","@graph":[{"@type":"WebPage","@id":"https:\/\/dobner.it\/it\/prodotto\/orologio-oris-darryl-oyoung-limited-edition\/","url":"https:\/\/dobner.it\/it\/prodotto\/orologio-oris-darryl-oyoung-limited-edition\/","name":"Orologio Oris Darryl O'Young Limited Edition - Dobner","isPartOf":{"@id":"https:\/\/dobner.it\/it\/#website"},"primaryImageOfPage":{"@id":"https:\/\/dobner.it\/it\/prodotto\/orologio-oris-darryl-oyoung-limited-edition\/#primaryimage"},"image":{"@id":"https:\/\/dobner.it\/it\/prodotto\/orologio-oris-darryl-oyoung-limited-edition\/#primaryimage"},"thumbnailUrl":"https:\/\/dobner.it\/wp-content\/uploads\/2023\/03\/orologio-oris-darryl-o-young-limited-edition.jpg","datePublished":"2023-03-10T08:33:36+00:00","dateModified":"2025-02-13T11:06:41+00:00","description":"Orologio Oris Darryl O'Young Limited Edition con cassa da 45,50 mm in titanio placcata in nero. Carica automatica. Cronografo. Cinturino nero in caucci\u00f9.","breadcrumb":{"@id":"https:\/\/dobner.it\/it\/prodotto\/orologio-oris-darryl-oyoung-limited-edition\/#breadcrumb"},"inLanguage":"it-IT","potentialAction":[{"@type":"ReadAction","target":["https:\/\/dobner.it\/it\/prodotto\/orologio-oris-darryl-oyoung-limited-edition\/"]}]},{"@type":"ImageObject","inLanguage":"it-IT","@id":"https:\/\/dobner.it\/it\/prodotto\/orologio-oris-darryl-oyoung-limited-edition\/#primaryimage","url":"https:\/\/dobner.it\/wp-content\/uploads\/2023\/03\/orologio-oris-darryl-o-young-limited-edition.jpg","contentUrl":"https:\/\/dobner.it\/wp-content\/uploads\/2023\/03\/orologio-oris-darryl-o-young-limited-edition.jpg","width":1024,"height":1024},{"@type":"BreadcrumbList","@id":"https:\/\/dobner.it\/it\/prodotto\/orologio-oris-darryl-oyoung-limited-edition\/#breadcrumb","itemListElement":[{"@type":"ListItem","position":1,"name":"Home","item":"https:\/\/dobner.it\/it\/"},{"@type":"ListItem","position":2,"name":"Prodotti","item":"https:\/\/dobner.it\/it\/prodotti\/"},{"@type":"ListItem","position":3,"name":"Orologio Oris Darryl O&#8217;Young Limited Edition"}]},{"@type":"WebSite","@id":"https:\/\/dobner.it\/it\/#website","url":"https:\/\/dobner.it\/it\/","name":"Dobner","description":"","publisher":{"@id":"https:\/\/dobner.it\/it\/#organization"},"potentialAction":[{"@type":"SearchAction","target":{"@type":"EntryPoint","urlTemplate":"https:\/\/dobner.it\/it\/?s={search_term_string}"},"query-input":{"@type":"PropertyValueSpecification","valueRequired":true,"valueName":"search_term_string"}}],"inLanguage":"it-IT"},{"@type":"Organization","@id":"https:\/\/dobner.it\/it\/#organization","name":"Dobner","url":"https:\/\/dobner.it\/it\/","logo":{"@type":"ImageObject","inLanguage":"it-IT","@id":"https:\/\/dobner.it\/it\/#\/schema\/logo\/image\/","url":"https:\/\/dobner.it\/wp-content\/uploads\/2020\/10\/logo-email.png","contentUrl":"https:\/\/dobner.it\/wp-content\/uploads\/2020\/10\/logo-email.png","width":188,"height":81,"caption":"Dobner"},"image":{"@id":"https:\/\/dobner.it\/it\/#\/schema\/logo\/image\/"}}]}},"_links":{"self":[{"href":"https:\/\/dobner.it\/it\/wp-json\/wp\/v2\/product\/62237","targetHints":{"allow":["GET"]}}],"collection":[{"href":"https:\/\/dobner.it\/it\/wp-json\/wp\/v2\/product"}],"about":[{"href":"https:\/\/dobner.it\/it\/wp-json\/wp\/v2\/types\/product"}],"version-history":[{"count":1,"href":"https:\/\/dobner.it\/it\/wp-json\/wp\/v2\/product\/62237\/revisions"}],"predecessor-version":[{"id":81741,"href":"https:\/\/dobner.it\/it\/wp-json\/wp\/v2\/product\/62237\/revisions\/81741"}],"wp:featuredmedia":[{"embeddable":true,"href":"https:\/\/dobner.it\/it\/wp-json\/wp\/v2\/media\/62239"}],"wp:attachment":[{"href":"https:\/\/dobner.it\/it\/wp-json\/wp\/v2\/media?parent=62237"}],"wp:term":[{"taxonomy":"product_brand","embeddable":true,"href":"https:\/\/dobner.it\/it\/wp-json\/wp\/v2\/product_brand?post=62237"},{"taxonomy":"product_cat","embeddable":true,"href":"https:\/\/dobner.it\/it\/wp-json\/wp\/v2\/product_cat?post=62237"},{"taxonomy":"product_tag","embeddable":true,"href":"https:\/\/dobner.it\/it\/wp-json\/wp\/v2\/product_tag?post=62237"}],"curies":[{"name":"wp","href":"https:\/\/api.w.org\/{rel}","templated":true}]}}