{"id":62125,"date":"2023-03-07T16:34:36","date_gmt":"2023-03-07T15:34:36","guid":{"rendered":"https:\/\/dobner.it\/?post_type=product&#038;p=62125"},"modified":"2026-03-16T11:50:31","modified_gmt":"2026-03-16T10:50:31","slug":"anello-pomellato-nudo-classic-topazio-blu-london-lapislazzuli","status":"publish","type":"product","link":"https:\/\/dobner.it\/it\/prodotto\/anello-pomellato-nudo-classic-topazio-blu-london-lapislazzuli\/","title":{"rendered":"Anello Pomellato Nudo Classic con Topazio Blu London e Lapislazzuli"},"content":{"rendered":"<p><span style=\"font-weight: 400\">La collezione Nudo negli anni si \u00e8 sempre pi\u00f9 affermata fino a diventare una vera e propria icona di stile. Questa versione \u00e8 immediatamente riconoscibile per la magia dei suoi colori.<\/span><\/p>\n<p><span style=\"font-weight: 400\">Questo anello Classic si distingue per il raffinato gioco cromatico con inedite doppiette e combinazioni. L\u2019anello \u00e8 realizzato in oro rosa e oro bianco 18k. Una pietra di topazio blu london, una di lapis e un pav\u00e9 di 38 zaffiri blu lo abbelliscono.<\/span><\/p>\n<p><span style=\"font-weight: 400\">L&#8217;anello risalta in abbinamento ai gioielli della collezione Nudo.<\/span><\/p>\n<p><span style=\"font-weight: 400\">Oro rosa e bianco 18k, 1 topazio blu london, 1 lapis (10.2 Ct), 38 zaffiri blu (0.9 Ct) su oro rosa 18k rodiato nero.<\/span><\/p>\n<p><span style=\"font-weight: 400\">Richiedi informazioni per la disponibilit\u00e0 della misura.<\/span><\/p>\n","protected":false},"excerpt":{"rendered":"<p>Anello Nudo Classic di Pomellato in oro rosa e oro bianco 18k. <span style=\"font-weight: 400\">Una pietra di topazio blu london, una di lapis e un pav\u00e9 di 38 zaffiri blu.<\/span><\/p>\n","protected":false},"featured_media":62126,"template":"","meta":[],"product_brand":[802],"product_cat":[437],"product_tag":[],"class_list":{"0":"post-62125","1":"product","2":"type-product","3":"status-publish","4":"has-post-thumbnail","6":"product_brand-pomellato","7":"product_cat-anelli","8":"pa_anelli-anelli-pietra","9":"pa_anelli-anelli-oro","11":"first","12":"instock","13":"taxable","14":"shipping-taxable","15":"product-type-external","swatches":"rey-swatches","show_selected":""},"acf":[],"yoast_head":"<!-- This site is optimized with the Yoast SEO plugin v26.4 - https:\/\/yoast.com\/wordpress\/plugins\/seo\/ -->\n<title>Anello Pomellato Nudo Classic Topazio Blu e Lapislazzuli<\/title>\n<meta name=\"description\" content=\"Anello Nudo Classic di Pomellato in oro rosa e oro bianco 18k. Una pietra di topazio blu london, una di lapis e un pav\u00e9 di 38 zaffiri blu.\" \/>\n<meta name=\"robots\" content=\"index, follow, max-snippet:-1, max-image-preview:large, max-video-preview:-1\" \/>\n<link rel=\"canonical\" href=\"https:\/\/dobner.it\/it\/prodotto\/anello-pomellato-nudo-classic-topazio-blu-london-lapislazzuli\/\" \/>\n<meta property=\"og:locale\" content=\"it_IT\" \/>\n<meta property=\"og:type\" content=\"article\" \/>\n<meta property=\"og:title\" content=\"Anello Pomellato Nudo Classic Topazio Blu e Lapislazzuli\" \/>\n<meta property=\"og:description\" content=\"Anello Nudo Classic di Pomellato in oro rosa e oro bianco 18k. Una pietra di topazio blu london, una di lapis e un pav\u00e9 di 38 zaffiri blu.\" \/>\n<meta property=\"og:url\" content=\"https:\/\/dobner.it\/it\/prodotto\/anello-pomellato-nudo-classic-topazio-blu-london-lapislazzuli\/\" \/>\n<meta property=\"og:site_name\" content=\"Dobner\" \/>\n<meta property=\"article:modified_time\" content=\"2026-03-16T10:50:31+00:00\" \/>\n<meta property=\"og:image\" content=\"https:\/\/dobner.it\/wp-content\/uploads\/2023\/03\/anello-pomellato-nudo-classic-con-topazio-blu-london-e-lapislazzuli.jpg\" \/>\n\t<meta property=\"og:image:width\" content=\"1024\" \/>\n\t<meta property=\"og:image:height\" content=\"1024\" \/>\n\t<meta property=\"og:image:type\" content=\"image\/jpeg\" \/>\n<meta name=\"twitter:card\" content=\"summary_large_image\" \/>\n<meta name=\"twitter:label1\" content=\"Tempo di lettura stimato\" \/>\n\t<meta name=\"twitter:data1\" content=\"1 minuto\" \/>\n<script type=\"application\/ld+json\" class=\"yoast-schema-graph\">{\"@context\":\"https:\/\/schema.org\",\"@graph\":[{\"@type\":\"WebPage\",\"@id\":\"https:\/\/dobner.it\/it\/prodotto\/anello-pomellato-nudo-classic-topazio-blu-london-lapislazzuli\/\",\"url\":\"https:\/\/dobner.it\/it\/prodotto\/anello-pomellato-nudo-classic-topazio-blu-london-lapislazzuli\/\",\"name\":\"Anello Pomellato Nudo Classic Topazio Blu e Lapislazzuli\",\"isPartOf\":{\"@id\":\"https:\/\/dobner.it\/it\/#website\"},\"primaryImageOfPage\":{\"@id\":\"https:\/\/dobner.it\/it\/prodotto\/anello-pomellato-nudo-classic-topazio-blu-london-lapislazzuli\/#primaryimage\"},\"image\":{\"@id\":\"https:\/\/dobner.it\/it\/prodotto\/anello-pomellato-nudo-classic-topazio-blu-london-lapislazzuli\/#primaryimage\"},\"thumbnailUrl\":\"https:\/\/dobner.it\/wp-content\/uploads\/2023\/03\/anello-pomellato-nudo-classic-con-topazio-blu-london-e-lapislazzuli.jpg\",\"datePublished\":\"2023-03-07T15:34:36+00:00\",\"dateModified\":\"2026-03-16T10:50:31+00:00\",\"description\":\"Anello Nudo Classic di Pomellato in oro rosa e oro bianco 18k. Una pietra di topazio blu london, una di lapis e un pav\u00e9 di 38 zaffiri blu.\",\"breadcrumb\":{\"@id\":\"https:\/\/dobner.it\/it\/prodotto\/anello-pomellato-nudo-classic-topazio-blu-london-lapislazzuli\/#breadcrumb\"},\"inLanguage\":\"it-IT\",\"potentialAction\":[{\"@type\":\"ReadAction\",\"target\":[\"https:\/\/dobner.it\/it\/prodotto\/anello-pomellato-nudo-classic-topazio-blu-london-lapislazzuli\/\"]}]},{\"@type\":\"ImageObject\",\"inLanguage\":\"it-IT\",\"@id\":\"https:\/\/dobner.it\/it\/prodotto\/anello-pomellato-nudo-classic-topazio-blu-london-lapislazzuli\/#primaryimage\",\"url\":\"https:\/\/dobner.it\/wp-content\/uploads\/2023\/03\/anello-pomellato-nudo-classic-con-topazio-blu-london-e-lapislazzuli.jpg\",\"contentUrl\":\"https:\/\/dobner.it\/wp-content\/uploads\/2023\/03\/anello-pomellato-nudo-classic-con-topazio-blu-london-e-lapislazzuli.jpg\",\"width\":1024,\"height\":1024},{\"@type\":\"BreadcrumbList\",\"@id\":\"https:\/\/dobner.it\/it\/prodotto\/anello-pomellato-nudo-classic-topazio-blu-london-lapislazzuli\/#breadcrumb\",\"itemListElement\":[{\"@type\":\"ListItem\",\"position\":1,\"name\":\"Home\",\"item\":\"https:\/\/dobner.it\/it\/\"},{\"@type\":\"ListItem\",\"position\":2,\"name\":\"Prodotti\",\"item\":\"https:\/\/dobner.it\/it\/prodotti\/\"},{\"@type\":\"ListItem\",\"position\":3,\"name\":\"Anello Pomellato Nudo Classic con Topazio Blu London e Lapislazzuli\"}]},{\"@type\":\"WebSite\",\"@id\":\"https:\/\/dobner.it\/it\/#website\",\"url\":\"https:\/\/dobner.it\/it\/\",\"name\":\"Dobner\",\"description\":\"\",\"publisher\":{\"@id\":\"https:\/\/dobner.it\/it\/#organization\"},\"potentialAction\":[{\"@type\":\"SearchAction\",\"target\":{\"@type\":\"EntryPoint\",\"urlTemplate\":\"https:\/\/dobner.it\/it\/?s={search_term_string}\"},\"query-input\":{\"@type\":\"PropertyValueSpecification\",\"valueRequired\":true,\"valueName\":\"search_term_string\"}}],\"inLanguage\":\"it-IT\"},{\"@type\":\"Organization\",\"@id\":\"https:\/\/dobner.it\/it\/#organization\",\"name\":\"Dobner\",\"url\":\"https:\/\/dobner.it\/it\/\",\"logo\":{\"@type\":\"ImageObject\",\"inLanguage\":\"it-IT\",\"@id\":\"https:\/\/dobner.it\/it\/#\/schema\/logo\/image\/\",\"url\":\"https:\/\/dobner.it\/wp-content\/uploads\/2020\/10\/logo-email.png\",\"contentUrl\":\"https:\/\/dobner.it\/wp-content\/uploads\/2020\/10\/logo-email.png\",\"width\":188,\"height\":81,\"caption\":\"Dobner\"},\"image\":{\"@id\":\"https:\/\/dobner.it\/it\/#\/schema\/logo\/image\/\"}}]}<\/script>\n<!-- \/ Yoast SEO plugin. -->","yoast_head_json":{"title":"Anello Pomellato Nudo Classic Topazio Blu e Lapislazzuli","description":"Anello Nudo Classic di Pomellato in oro rosa e oro bianco 18k. Una pietra di topazio blu london, una di lapis e un pav\u00e9 di 38 zaffiri blu.","robots":{"index":"index","follow":"follow","max-snippet":"max-snippet:-1","max-image-preview":"max-image-preview:large","max-video-preview":"max-video-preview:-1"},"canonical":"https:\/\/dobner.it\/it\/prodotto\/anello-pomellato-nudo-classic-topazio-blu-london-lapislazzuli\/","og_locale":"it_IT","og_type":"article","og_title":"Anello Pomellato Nudo Classic Topazio Blu e Lapislazzuli","og_description":"Anello Nudo Classic di Pomellato in oro rosa e oro bianco 18k. Una pietra di topazio blu london, una di lapis e un pav\u00e9 di 38 zaffiri blu.","og_url":"https:\/\/dobner.it\/it\/prodotto\/anello-pomellato-nudo-classic-topazio-blu-london-lapislazzuli\/","og_site_name":"Dobner","article_modified_time":"2026-03-16T10:50:31+00:00","og_image":[{"width":1024,"height":1024,"url":"https:\/\/dobner.it\/wp-content\/uploads\/2023\/03\/anello-pomellato-nudo-classic-con-topazio-blu-london-e-lapislazzuli.jpg","type":"image\/jpeg"}],"twitter_card":"summary_large_image","twitter_misc":{"Tempo di lettura stimato":"1 minuto"},"schema":{"@context":"https:\/\/schema.org","@graph":[{"@type":"WebPage","@id":"https:\/\/dobner.it\/it\/prodotto\/anello-pomellato-nudo-classic-topazio-blu-london-lapislazzuli\/","url":"https:\/\/dobner.it\/it\/prodotto\/anello-pomellato-nudo-classic-topazio-blu-london-lapislazzuli\/","name":"Anello Pomellato Nudo Classic Topazio Blu e Lapislazzuli","isPartOf":{"@id":"https:\/\/dobner.it\/it\/#website"},"primaryImageOfPage":{"@id":"https:\/\/dobner.it\/it\/prodotto\/anello-pomellato-nudo-classic-topazio-blu-london-lapislazzuli\/#primaryimage"},"image":{"@id":"https:\/\/dobner.it\/it\/prodotto\/anello-pomellato-nudo-classic-topazio-blu-london-lapislazzuli\/#primaryimage"},"thumbnailUrl":"https:\/\/dobner.it\/wp-content\/uploads\/2023\/03\/anello-pomellato-nudo-classic-con-topazio-blu-london-e-lapislazzuli.jpg","datePublished":"2023-03-07T15:34:36+00:00","dateModified":"2026-03-16T10:50:31+00:00","description":"Anello Nudo Classic di Pomellato in oro rosa e oro bianco 18k. Una pietra di topazio blu london, una di lapis e un pav\u00e9 di 38 zaffiri blu.","breadcrumb":{"@id":"https:\/\/dobner.it\/it\/prodotto\/anello-pomellato-nudo-classic-topazio-blu-london-lapislazzuli\/#breadcrumb"},"inLanguage":"it-IT","potentialAction":[{"@type":"ReadAction","target":["https:\/\/dobner.it\/it\/prodotto\/anello-pomellato-nudo-classic-topazio-blu-london-lapislazzuli\/"]}]},{"@type":"ImageObject","inLanguage":"it-IT","@id":"https:\/\/dobner.it\/it\/prodotto\/anello-pomellato-nudo-classic-topazio-blu-london-lapislazzuli\/#primaryimage","url":"https:\/\/dobner.it\/wp-content\/uploads\/2023\/03\/anello-pomellato-nudo-classic-con-topazio-blu-london-e-lapislazzuli.jpg","contentUrl":"https:\/\/dobner.it\/wp-content\/uploads\/2023\/03\/anello-pomellato-nudo-classic-con-topazio-blu-london-e-lapislazzuli.jpg","width":1024,"height":1024},{"@type":"BreadcrumbList","@id":"https:\/\/dobner.it\/it\/prodotto\/anello-pomellato-nudo-classic-topazio-blu-london-lapislazzuli\/#breadcrumb","itemListElement":[{"@type":"ListItem","position":1,"name":"Home","item":"https:\/\/dobner.it\/it\/"},{"@type":"ListItem","position":2,"name":"Prodotti","item":"https:\/\/dobner.it\/it\/prodotti\/"},{"@type":"ListItem","position":3,"name":"Anello Pomellato Nudo Classic con Topazio Blu London e Lapislazzuli"}]},{"@type":"WebSite","@id":"https:\/\/dobner.it\/it\/#website","url":"https:\/\/dobner.it\/it\/","name":"Dobner","description":"","publisher":{"@id":"https:\/\/dobner.it\/it\/#organization"},"potentialAction":[{"@type":"SearchAction","target":{"@type":"EntryPoint","urlTemplate":"https:\/\/dobner.it\/it\/?s={search_term_string}"},"query-input":{"@type":"PropertyValueSpecification","valueRequired":true,"valueName":"search_term_string"}}],"inLanguage":"it-IT"},{"@type":"Organization","@id":"https:\/\/dobner.it\/it\/#organization","name":"Dobner","url":"https:\/\/dobner.it\/it\/","logo":{"@type":"ImageObject","inLanguage":"it-IT","@id":"https:\/\/dobner.it\/it\/#\/schema\/logo\/image\/","url":"https:\/\/dobner.it\/wp-content\/uploads\/2020\/10\/logo-email.png","contentUrl":"https:\/\/dobner.it\/wp-content\/uploads\/2020\/10\/logo-email.png","width":188,"height":81,"caption":"Dobner"},"image":{"@id":"https:\/\/dobner.it\/it\/#\/schema\/logo\/image\/"}}]}},"_links":{"self":[{"href":"https:\/\/dobner.it\/it\/wp-json\/wp\/v2\/product\/62125","targetHints":{"allow":["GET"]}}],"collection":[{"href":"https:\/\/dobner.it\/it\/wp-json\/wp\/v2\/product"}],"about":[{"href":"https:\/\/dobner.it\/it\/wp-json\/wp\/v2\/types\/product"}],"version-history":[{"count":2,"href":"https:\/\/dobner.it\/it\/wp-json\/wp\/v2\/product\/62125\/revisions"}],"predecessor-version":[{"id":86032,"href":"https:\/\/dobner.it\/it\/wp-json\/wp\/v2\/product\/62125\/revisions\/86032"}],"wp:featuredmedia":[{"embeddable":true,"href":"https:\/\/dobner.it\/it\/wp-json\/wp\/v2\/media\/62126"}],"wp:attachment":[{"href":"https:\/\/dobner.it\/it\/wp-json\/wp\/v2\/media?parent=62125"}],"wp:term":[{"taxonomy":"product_brand","embeddable":true,"href":"https:\/\/dobner.it\/it\/wp-json\/wp\/v2\/product_brand?post=62125"},{"taxonomy":"product_cat","embeddable":true,"href":"https:\/\/dobner.it\/it\/wp-json\/wp\/v2\/product_cat?post=62125"},{"taxonomy":"product_tag","embeddable":true,"href":"https:\/\/dobner.it\/it\/wp-json\/wp\/v2\/product_tag?post=62125"}],"curies":[{"name":"wp","href":"https:\/\/api.w.org\/{rel}","templated":true}]}}