{"id":59687,"date":"2023-02-06T13:13:04","date_gmt":"2023-02-06T12:13:04","guid":{"rendered":"https:\/\/dobner.it\/?post_type=product&#038;p=59687"},"modified":"2026-03-16T11:55:01","modified_gmt":"2026-03-16T10:55:01","slug":"orecchini-pomellato-together-due-cerchi","status":"publish","type":"product","link":"https:\/\/dobner.it\/it\/prodotto\/orecchini-pomellato-together-due-cerchi\/","title":{"rendered":"Orecchini Pomellato Together a Due Cerchi"},"content":{"rendered":"<p>La collezione Together di Pomellato si caratterizza per le sue linee semplici ma simboliche. I suoi gioielli sono perfetti per esprimere il mistero dell\u2019amore nelle sue molteplici forme.<\/p>\n<p>Questi orecchini a due cerchi sono caratterizzati da un\u2019eleganza sobria e disinvolta. Oltre ad essere in oro bianco e con diamanti, sono disponibili in un\u2019ampia variet\u00e0 di versioni. I loro diamanti bianchi aggiungono un tocco di luminosit\u00e0 in pi\u00f9.<\/p>\n<p>Gli orecchini risaltano in abbinamento a bracciali, orecchini e anelli della collezione Together.<\/p>\n","protected":false},"excerpt":{"rendered":"<p>Pomellato orecchini Together in oro bianco 18K con 32 diamanti da 0,4 ct.<\/p>\n","protected":false},"featured_media":59688,"template":"","meta":[],"product_brand":[802],"product_cat":[431],"product_tag":[],"class_list":{"0":"post-59687","1":"product","2":"type-product","3":"status-publish","4":"has-post-thumbnail","6":"product_brand-pomellato","7":"product_cat-orecchini","8":"pa_orecchini-orecchini-cerchio","10":"first","11":"instock","12":"taxable","13":"shipping-taxable","14":"purchasable","15":"product-type-simple","swatches":"rey-swatches","show_selected":""},"acf":[],"yoast_head":"<!-- This site is optimized with the Yoast SEO plugin v26.4 - https:\/\/yoast.com\/wordpress\/plugins\/seo\/ -->\n<title>Orecchini Pomellato Together a Due Cerchi - Dobner<\/title>\n<meta name=\"description\" content=\"Pomellato orecchini Together in oro bianco 18K con 32 diamanti da 0,4 ct.\" \/>\n<meta name=\"robots\" content=\"index, follow, max-snippet:-1, max-image-preview:large, max-video-preview:-1\" \/>\n<link rel=\"canonical\" href=\"https:\/\/dobner.it\/it\/prodotto\/orecchini-pomellato-together-due-cerchi\/\" \/>\n<meta property=\"og:locale\" content=\"it_IT\" \/>\n<meta property=\"og:type\" content=\"article\" \/>\n<meta property=\"og:title\" content=\"Orecchini Pomellato Together a Due Cerchi - Dobner\" \/>\n<meta property=\"og:description\" content=\"Pomellato orecchini Together in oro bianco 18K con 32 diamanti da 0,4 ct.\" \/>\n<meta property=\"og:url\" content=\"https:\/\/dobner.it\/it\/prodotto\/orecchini-pomellato-together-due-cerchi\/\" \/>\n<meta property=\"og:site_name\" content=\"Dobner\" \/>\n<meta property=\"article:modified_time\" content=\"2026-03-16T10:55:01+00:00\" \/>\n<meta property=\"og:image\" content=\"https:\/\/dobner.it\/wp-content\/uploads\/2023\/02\/orecchini-pomellato-together-a-due-cerchi.jpg\" \/>\n\t<meta property=\"og:image:width\" content=\"1024\" \/>\n\t<meta property=\"og:image:height\" content=\"1024\" \/>\n\t<meta property=\"og:image:type\" content=\"image\/jpeg\" \/>\n<meta name=\"twitter:card\" content=\"summary_large_image\" \/>\n<meta name=\"twitter:label1\" content=\"Tempo di lettura stimato\" \/>\n\t<meta name=\"twitter:data1\" content=\"1 minuto\" \/>\n<script type=\"application\/ld+json\" class=\"yoast-schema-graph\">{\"@context\":\"https:\/\/schema.org\",\"@graph\":[{\"@type\":\"WebPage\",\"@id\":\"https:\/\/dobner.it\/it\/prodotto\/orecchini-pomellato-together-due-cerchi\/\",\"url\":\"https:\/\/dobner.it\/it\/prodotto\/orecchini-pomellato-together-due-cerchi\/\",\"name\":\"Orecchini Pomellato Together a Due Cerchi - Dobner\",\"isPartOf\":{\"@id\":\"https:\/\/dobner.it\/it\/#website\"},\"primaryImageOfPage\":{\"@id\":\"https:\/\/dobner.it\/it\/prodotto\/orecchini-pomellato-together-due-cerchi\/#primaryimage\"},\"image\":{\"@id\":\"https:\/\/dobner.it\/it\/prodotto\/orecchini-pomellato-together-due-cerchi\/#primaryimage\"},\"thumbnailUrl\":\"https:\/\/dobner.it\/wp-content\/uploads\/2023\/02\/orecchini-pomellato-together-a-due-cerchi.jpg\",\"datePublished\":\"2023-02-06T12:13:04+00:00\",\"dateModified\":\"2026-03-16T10:55:01+00:00\",\"description\":\"Pomellato orecchini Together in oro bianco 18K con 32 diamanti da 0,4 ct.\",\"breadcrumb\":{\"@id\":\"https:\/\/dobner.it\/it\/prodotto\/orecchini-pomellato-together-due-cerchi\/#breadcrumb\"},\"inLanguage\":\"it-IT\",\"potentialAction\":[{\"@type\":\"ReadAction\",\"target\":[\"https:\/\/dobner.it\/it\/prodotto\/orecchini-pomellato-together-due-cerchi\/\"]}]},{\"@type\":\"ImageObject\",\"inLanguage\":\"it-IT\",\"@id\":\"https:\/\/dobner.it\/it\/prodotto\/orecchini-pomellato-together-due-cerchi\/#primaryimage\",\"url\":\"https:\/\/dobner.it\/wp-content\/uploads\/2023\/02\/orecchini-pomellato-together-a-due-cerchi.jpg\",\"contentUrl\":\"https:\/\/dobner.it\/wp-content\/uploads\/2023\/02\/orecchini-pomellato-together-a-due-cerchi.jpg\",\"width\":1024,\"height\":1024},{\"@type\":\"BreadcrumbList\",\"@id\":\"https:\/\/dobner.it\/it\/prodotto\/orecchini-pomellato-together-due-cerchi\/#breadcrumb\",\"itemListElement\":[{\"@type\":\"ListItem\",\"position\":1,\"name\":\"Home\",\"item\":\"https:\/\/dobner.it\/it\/\"},{\"@type\":\"ListItem\",\"position\":2,\"name\":\"Prodotti\",\"item\":\"https:\/\/dobner.it\/it\/prodotti\/\"},{\"@type\":\"ListItem\",\"position\":3,\"name\":\"Orecchini Pomellato Together a Due Cerchi\"}]},{\"@type\":\"WebSite\",\"@id\":\"https:\/\/dobner.it\/it\/#website\",\"url\":\"https:\/\/dobner.it\/it\/\",\"name\":\"Dobner\",\"description\":\"\",\"publisher\":{\"@id\":\"https:\/\/dobner.it\/it\/#organization\"},\"potentialAction\":[{\"@type\":\"SearchAction\",\"target\":{\"@type\":\"EntryPoint\",\"urlTemplate\":\"https:\/\/dobner.it\/it\/?s={search_term_string}\"},\"query-input\":{\"@type\":\"PropertyValueSpecification\",\"valueRequired\":true,\"valueName\":\"search_term_string\"}}],\"inLanguage\":\"it-IT\"},{\"@type\":\"Organization\",\"@id\":\"https:\/\/dobner.it\/it\/#organization\",\"name\":\"Dobner\",\"url\":\"https:\/\/dobner.it\/it\/\",\"logo\":{\"@type\":\"ImageObject\",\"inLanguage\":\"it-IT\",\"@id\":\"https:\/\/dobner.it\/it\/#\/schema\/logo\/image\/\",\"url\":\"https:\/\/dobner.it\/wp-content\/uploads\/2020\/10\/logo-email.png\",\"contentUrl\":\"https:\/\/dobner.it\/wp-content\/uploads\/2020\/10\/logo-email.png\",\"width\":188,\"height\":81,\"caption\":\"Dobner\"},\"image\":{\"@id\":\"https:\/\/dobner.it\/it\/#\/schema\/logo\/image\/\"}}]}<\/script>\n<!-- \/ Yoast SEO plugin. -->","yoast_head_json":{"title":"Orecchini Pomellato Together a Due Cerchi - Dobner","description":"Pomellato orecchini Together in oro bianco 18K con 32 diamanti da 0,4 ct.","robots":{"index":"index","follow":"follow","max-snippet":"max-snippet:-1","max-image-preview":"max-image-preview:large","max-video-preview":"max-video-preview:-1"},"canonical":"https:\/\/dobner.it\/it\/prodotto\/orecchini-pomellato-together-due-cerchi\/","og_locale":"it_IT","og_type":"article","og_title":"Orecchini Pomellato Together a Due Cerchi - Dobner","og_description":"Pomellato orecchini Together in oro bianco 18K con 32 diamanti da 0,4 ct.","og_url":"https:\/\/dobner.it\/it\/prodotto\/orecchini-pomellato-together-due-cerchi\/","og_site_name":"Dobner","article_modified_time":"2026-03-16T10:55:01+00:00","og_image":[{"width":1024,"height":1024,"url":"https:\/\/dobner.it\/wp-content\/uploads\/2023\/02\/orecchini-pomellato-together-a-due-cerchi.jpg","type":"image\/jpeg"}],"twitter_card":"summary_large_image","twitter_misc":{"Tempo di lettura stimato":"1 minuto"},"schema":{"@context":"https:\/\/schema.org","@graph":[{"@type":"WebPage","@id":"https:\/\/dobner.it\/it\/prodotto\/orecchini-pomellato-together-due-cerchi\/","url":"https:\/\/dobner.it\/it\/prodotto\/orecchini-pomellato-together-due-cerchi\/","name":"Orecchini Pomellato Together a Due Cerchi - Dobner","isPartOf":{"@id":"https:\/\/dobner.it\/it\/#website"},"primaryImageOfPage":{"@id":"https:\/\/dobner.it\/it\/prodotto\/orecchini-pomellato-together-due-cerchi\/#primaryimage"},"image":{"@id":"https:\/\/dobner.it\/it\/prodotto\/orecchini-pomellato-together-due-cerchi\/#primaryimage"},"thumbnailUrl":"https:\/\/dobner.it\/wp-content\/uploads\/2023\/02\/orecchini-pomellato-together-a-due-cerchi.jpg","datePublished":"2023-02-06T12:13:04+00:00","dateModified":"2026-03-16T10:55:01+00:00","description":"Pomellato orecchini Together in oro bianco 18K con 32 diamanti da 0,4 ct.","breadcrumb":{"@id":"https:\/\/dobner.it\/it\/prodotto\/orecchini-pomellato-together-due-cerchi\/#breadcrumb"},"inLanguage":"it-IT","potentialAction":[{"@type":"ReadAction","target":["https:\/\/dobner.it\/it\/prodotto\/orecchini-pomellato-together-due-cerchi\/"]}]},{"@type":"ImageObject","inLanguage":"it-IT","@id":"https:\/\/dobner.it\/it\/prodotto\/orecchini-pomellato-together-due-cerchi\/#primaryimage","url":"https:\/\/dobner.it\/wp-content\/uploads\/2023\/02\/orecchini-pomellato-together-a-due-cerchi.jpg","contentUrl":"https:\/\/dobner.it\/wp-content\/uploads\/2023\/02\/orecchini-pomellato-together-a-due-cerchi.jpg","width":1024,"height":1024},{"@type":"BreadcrumbList","@id":"https:\/\/dobner.it\/it\/prodotto\/orecchini-pomellato-together-due-cerchi\/#breadcrumb","itemListElement":[{"@type":"ListItem","position":1,"name":"Home","item":"https:\/\/dobner.it\/it\/"},{"@type":"ListItem","position":2,"name":"Prodotti","item":"https:\/\/dobner.it\/it\/prodotti\/"},{"@type":"ListItem","position":3,"name":"Orecchini Pomellato Together a Due Cerchi"}]},{"@type":"WebSite","@id":"https:\/\/dobner.it\/it\/#website","url":"https:\/\/dobner.it\/it\/","name":"Dobner","description":"","publisher":{"@id":"https:\/\/dobner.it\/it\/#organization"},"potentialAction":[{"@type":"SearchAction","target":{"@type":"EntryPoint","urlTemplate":"https:\/\/dobner.it\/it\/?s={search_term_string}"},"query-input":{"@type":"PropertyValueSpecification","valueRequired":true,"valueName":"search_term_string"}}],"inLanguage":"it-IT"},{"@type":"Organization","@id":"https:\/\/dobner.it\/it\/#organization","name":"Dobner","url":"https:\/\/dobner.it\/it\/","logo":{"@type":"ImageObject","inLanguage":"it-IT","@id":"https:\/\/dobner.it\/it\/#\/schema\/logo\/image\/","url":"https:\/\/dobner.it\/wp-content\/uploads\/2020\/10\/logo-email.png","contentUrl":"https:\/\/dobner.it\/wp-content\/uploads\/2020\/10\/logo-email.png","width":188,"height":81,"caption":"Dobner"},"image":{"@id":"https:\/\/dobner.it\/it\/#\/schema\/logo\/image\/"}}]}},"_links":{"self":[{"href":"https:\/\/dobner.it\/it\/wp-json\/wp\/v2\/product\/59687","targetHints":{"allow":["GET"]}}],"collection":[{"href":"https:\/\/dobner.it\/it\/wp-json\/wp\/v2\/product"}],"about":[{"href":"https:\/\/dobner.it\/it\/wp-json\/wp\/v2\/types\/product"}],"version-history":[{"count":1,"href":"https:\/\/dobner.it\/it\/wp-json\/wp\/v2\/product\/59687\/revisions"}],"predecessor-version":[{"id":83257,"href":"https:\/\/dobner.it\/it\/wp-json\/wp\/v2\/product\/59687\/revisions\/83257"}],"wp:featuredmedia":[{"embeddable":true,"href":"https:\/\/dobner.it\/it\/wp-json\/wp\/v2\/media\/59688"}],"wp:attachment":[{"href":"https:\/\/dobner.it\/it\/wp-json\/wp\/v2\/media?parent=59687"}],"wp:term":[{"taxonomy":"product_brand","embeddable":true,"href":"https:\/\/dobner.it\/it\/wp-json\/wp\/v2\/product_brand?post=59687"},{"taxonomy":"product_cat","embeddable":true,"href":"https:\/\/dobner.it\/it\/wp-json\/wp\/v2\/product_cat?post=59687"},{"taxonomy":"product_tag","embeddable":true,"href":"https:\/\/dobner.it\/it\/wp-json\/wp\/v2\/product_tag?post=59687"}],"curies":[{"name":"wp","href":"https:\/\/api.w.org\/{rel}","templated":true}]}}