{"id":58497,"date":"2023-01-23T15:52:31","date_gmt":"2023-01-23T14:52:31","guid":{"rendered":"https:\/\/dobner.it\/?post_type=product&#038;p=58497"},"modified":"2026-01-12T12:12:21","modified_gmt":"2026-01-12T11:12:21","slug":"collana-messika-joy-xs-oro-giallo","status":"publish","type":"product","link":"https:\/\/dobner.it\/it\/prodotto\/collana-messika-joy-xs-oro-giallo\/","title":{"rendered":"Collana Messika Joy XS in Oro Giallo"},"content":{"rendered":"<p>La collezione Joy di Messika presenta gioielli dalle linee eleganti e raffinate. Il design senza tempo di questi modelli dona un tocco di preziosit\u00e0 e brillantezza al look.<\/p>\n<p>La collana Joy XS \u00e8 realizzata in oro giallo 18 carati ed \u00e8 perfetta per abbellire qualsiasi outfit. Questa collana \u00e8 impreziosita dalla brillantezza della tecnica dei micro-serti.<\/p>\n<p>La collana risalta in abbinamento a bracciali, collane, orecchini ed anelli della collezione Joy.<\/p>\n","protected":false},"excerpt":{"rendered":"<p>Collana della collezione Joy di Messika in oro giallo con diamanti bianchi. Diamante centrale a taglio tondo.<\/p>\n","protected":false},"featured_media":58498,"template":"","meta":[],"product_brand":[1112],"product_cat":[434],"product_tag":[],"class_list":{"0":"post-58497","1":"product","2":"type-product","3":"status-publish","4":"has-post-thumbnail","6":"product_brand-messika","7":"product_cat-collane","8":"pa_collane-collane-girocollo","10":"first","11":"instock","12":"taxable","13":"shipping-taxable","14":"product-type-external","swatches":"rey-swatches","show_selected":""},"acf":[],"yoast_head":"<!-- This site is optimized with the Yoast SEO plugin v26.4 - https:\/\/yoast.com\/wordpress\/plugins\/seo\/ -->\n<title>Collana Messika Joy XS in Oro Giallo - Dobner<\/title>\n<meta name=\"description\" content=\"Collana della collezione Joy di Messika in oro giallo con diamanti bianchi. Diamante centrale a taglio tondo.\" \/>\n<meta name=\"robots\" content=\"index, follow, max-snippet:-1, max-image-preview:large, max-video-preview:-1\" \/>\n<link rel=\"canonical\" href=\"https:\/\/dobner.it\/it\/prodotto\/collana-messika-joy-xs-oro-giallo\/\" \/>\n<meta property=\"og:locale\" content=\"it_IT\" \/>\n<meta property=\"og:type\" content=\"article\" \/>\n<meta property=\"og:title\" content=\"Collana Messika Joy XS in Oro Giallo - Dobner\" \/>\n<meta property=\"og:description\" content=\"Collana della collezione Joy di Messika in oro giallo con diamanti bianchi. Diamante centrale a taglio tondo.\" \/>\n<meta property=\"og:url\" content=\"https:\/\/dobner.it\/it\/prodotto\/collana-messika-joy-xs-oro-giallo\/\" \/>\n<meta property=\"og:site_name\" content=\"Dobner\" \/>\n<meta property=\"article:modified_time\" content=\"2026-01-12T11:12:21+00:00\" \/>\n<meta property=\"og:image\" content=\"https:\/\/dobner.it\/wp-content\/uploads\/2023\/01\/collana-messika-joy-xs-in-oro-giallo.jpg\" \/>\n\t<meta property=\"og:image:width\" content=\"1024\" \/>\n\t<meta property=\"og:image:height\" content=\"1024\" \/>\n\t<meta property=\"og:image:type\" content=\"image\/jpeg\" \/>\n<meta name=\"twitter:card\" content=\"summary_large_image\" \/>\n<meta name=\"twitter:label1\" content=\"Tempo di lettura stimato\" \/>\n\t<meta name=\"twitter:data1\" content=\"1 minuto\" \/>\n<script type=\"application\/ld+json\" class=\"yoast-schema-graph\">{\"@context\":\"https:\/\/schema.org\",\"@graph\":[{\"@type\":\"WebPage\",\"@id\":\"https:\/\/dobner.it\/it\/prodotto\/collana-messika-joy-xs-oro-giallo\/\",\"url\":\"https:\/\/dobner.it\/it\/prodotto\/collana-messika-joy-xs-oro-giallo\/\",\"name\":\"Collana Messika Joy XS in Oro Giallo - Dobner\",\"isPartOf\":{\"@id\":\"https:\/\/dobner.it\/it\/#website\"},\"primaryImageOfPage\":{\"@id\":\"https:\/\/dobner.it\/it\/prodotto\/collana-messika-joy-xs-oro-giallo\/#primaryimage\"},\"image\":{\"@id\":\"https:\/\/dobner.it\/it\/prodotto\/collana-messika-joy-xs-oro-giallo\/#primaryimage\"},\"thumbnailUrl\":\"https:\/\/dobner.it\/wp-content\/uploads\/2023\/01\/collana-messika-joy-xs-in-oro-giallo.jpg\",\"datePublished\":\"2023-01-23T14:52:31+00:00\",\"dateModified\":\"2026-01-12T11:12:21+00:00\",\"description\":\"Collana della collezione Joy di Messika in oro giallo con diamanti bianchi. Diamante centrale a taglio tondo.\",\"breadcrumb\":{\"@id\":\"https:\/\/dobner.it\/it\/prodotto\/collana-messika-joy-xs-oro-giallo\/#breadcrumb\"},\"inLanguage\":\"it-IT\",\"potentialAction\":[{\"@type\":\"ReadAction\",\"target\":[\"https:\/\/dobner.it\/it\/prodotto\/collana-messika-joy-xs-oro-giallo\/\"]}]},{\"@type\":\"ImageObject\",\"inLanguage\":\"it-IT\",\"@id\":\"https:\/\/dobner.it\/it\/prodotto\/collana-messika-joy-xs-oro-giallo\/#primaryimage\",\"url\":\"https:\/\/dobner.it\/wp-content\/uploads\/2023\/01\/collana-messika-joy-xs-in-oro-giallo.jpg\",\"contentUrl\":\"https:\/\/dobner.it\/wp-content\/uploads\/2023\/01\/collana-messika-joy-xs-in-oro-giallo.jpg\",\"width\":1024,\"height\":1024},{\"@type\":\"BreadcrumbList\",\"@id\":\"https:\/\/dobner.it\/it\/prodotto\/collana-messika-joy-xs-oro-giallo\/#breadcrumb\",\"itemListElement\":[{\"@type\":\"ListItem\",\"position\":1,\"name\":\"Home\",\"item\":\"https:\/\/dobner.it\/it\/\"},{\"@type\":\"ListItem\",\"position\":2,\"name\":\"Prodotti\",\"item\":\"https:\/\/dobner.it\/it\/prodotti\/\"},{\"@type\":\"ListItem\",\"position\":3,\"name\":\"Collana Messika Joy XS in Oro Giallo\"}]},{\"@type\":\"WebSite\",\"@id\":\"https:\/\/dobner.it\/it\/#website\",\"url\":\"https:\/\/dobner.it\/it\/\",\"name\":\"Dobner\",\"description\":\"\",\"publisher\":{\"@id\":\"https:\/\/dobner.it\/it\/#organization\"},\"potentialAction\":[{\"@type\":\"SearchAction\",\"target\":{\"@type\":\"EntryPoint\",\"urlTemplate\":\"https:\/\/dobner.it\/it\/?s={search_term_string}\"},\"query-input\":{\"@type\":\"PropertyValueSpecification\",\"valueRequired\":true,\"valueName\":\"search_term_string\"}}],\"inLanguage\":\"it-IT\"},{\"@type\":\"Organization\",\"@id\":\"https:\/\/dobner.it\/it\/#organization\",\"name\":\"Dobner\",\"url\":\"https:\/\/dobner.it\/it\/\",\"logo\":{\"@type\":\"ImageObject\",\"inLanguage\":\"it-IT\",\"@id\":\"https:\/\/dobner.it\/it\/#\/schema\/logo\/image\/\",\"url\":\"https:\/\/dobner.it\/wp-content\/uploads\/2020\/10\/logo-email.png\",\"contentUrl\":\"https:\/\/dobner.it\/wp-content\/uploads\/2020\/10\/logo-email.png\",\"width\":188,\"height\":81,\"caption\":\"Dobner\"},\"image\":{\"@id\":\"https:\/\/dobner.it\/it\/#\/schema\/logo\/image\/\"}}]}<\/script>\n<!-- \/ Yoast SEO plugin. -->","yoast_head_json":{"title":"Collana Messika Joy XS in Oro Giallo - Dobner","description":"Collana della collezione Joy di Messika in oro giallo con diamanti bianchi. Diamante centrale a taglio tondo.","robots":{"index":"index","follow":"follow","max-snippet":"max-snippet:-1","max-image-preview":"max-image-preview:large","max-video-preview":"max-video-preview:-1"},"canonical":"https:\/\/dobner.it\/it\/prodotto\/collana-messika-joy-xs-oro-giallo\/","og_locale":"it_IT","og_type":"article","og_title":"Collana Messika Joy XS in Oro Giallo - Dobner","og_description":"Collana della collezione Joy di Messika in oro giallo con diamanti bianchi. Diamante centrale a taglio tondo.","og_url":"https:\/\/dobner.it\/it\/prodotto\/collana-messika-joy-xs-oro-giallo\/","og_site_name":"Dobner","article_modified_time":"2026-01-12T11:12:21+00:00","og_image":[{"width":1024,"height":1024,"url":"https:\/\/dobner.it\/wp-content\/uploads\/2023\/01\/collana-messika-joy-xs-in-oro-giallo.jpg","type":"image\/jpeg"}],"twitter_card":"summary_large_image","twitter_misc":{"Tempo di lettura stimato":"1 minuto"},"schema":{"@context":"https:\/\/schema.org","@graph":[{"@type":"WebPage","@id":"https:\/\/dobner.it\/it\/prodotto\/collana-messika-joy-xs-oro-giallo\/","url":"https:\/\/dobner.it\/it\/prodotto\/collana-messika-joy-xs-oro-giallo\/","name":"Collana Messika Joy XS in Oro Giallo - Dobner","isPartOf":{"@id":"https:\/\/dobner.it\/it\/#website"},"primaryImageOfPage":{"@id":"https:\/\/dobner.it\/it\/prodotto\/collana-messika-joy-xs-oro-giallo\/#primaryimage"},"image":{"@id":"https:\/\/dobner.it\/it\/prodotto\/collana-messika-joy-xs-oro-giallo\/#primaryimage"},"thumbnailUrl":"https:\/\/dobner.it\/wp-content\/uploads\/2023\/01\/collana-messika-joy-xs-in-oro-giallo.jpg","datePublished":"2023-01-23T14:52:31+00:00","dateModified":"2026-01-12T11:12:21+00:00","description":"Collana della collezione Joy di Messika in oro giallo con diamanti bianchi. Diamante centrale a taglio tondo.","breadcrumb":{"@id":"https:\/\/dobner.it\/it\/prodotto\/collana-messika-joy-xs-oro-giallo\/#breadcrumb"},"inLanguage":"it-IT","potentialAction":[{"@type":"ReadAction","target":["https:\/\/dobner.it\/it\/prodotto\/collana-messika-joy-xs-oro-giallo\/"]}]},{"@type":"ImageObject","inLanguage":"it-IT","@id":"https:\/\/dobner.it\/it\/prodotto\/collana-messika-joy-xs-oro-giallo\/#primaryimage","url":"https:\/\/dobner.it\/wp-content\/uploads\/2023\/01\/collana-messika-joy-xs-in-oro-giallo.jpg","contentUrl":"https:\/\/dobner.it\/wp-content\/uploads\/2023\/01\/collana-messika-joy-xs-in-oro-giallo.jpg","width":1024,"height":1024},{"@type":"BreadcrumbList","@id":"https:\/\/dobner.it\/it\/prodotto\/collana-messika-joy-xs-oro-giallo\/#breadcrumb","itemListElement":[{"@type":"ListItem","position":1,"name":"Home","item":"https:\/\/dobner.it\/it\/"},{"@type":"ListItem","position":2,"name":"Prodotti","item":"https:\/\/dobner.it\/it\/prodotti\/"},{"@type":"ListItem","position":3,"name":"Collana Messika Joy XS in Oro Giallo"}]},{"@type":"WebSite","@id":"https:\/\/dobner.it\/it\/#website","url":"https:\/\/dobner.it\/it\/","name":"Dobner","description":"","publisher":{"@id":"https:\/\/dobner.it\/it\/#organization"},"potentialAction":[{"@type":"SearchAction","target":{"@type":"EntryPoint","urlTemplate":"https:\/\/dobner.it\/it\/?s={search_term_string}"},"query-input":{"@type":"PropertyValueSpecification","valueRequired":true,"valueName":"search_term_string"}}],"inLanguage":"it-IT"},{"@type":"Organization","@id":"https:\/\/dobner.it\/it\/#organization","name":"Dobner","url":"https:\/\/dobner.it\/it\/","logo":{"@type":"ImageObject","inLanguage":"it-IT","@id":"https:\/\/dobner.it\/it\/#\/schema\/logo\/image\/","url":"https:\/\/dobner.it\/wp-content\/uploads\/2020\/10\/logo-email.png","contentUrl":"https:\/\/dobner.it\/wp-content\/uploads\/2020\/10\/logo-email.png","width":188,"height":81,"caption":"Dobner"},"image":{"@id":"https:\/\/dobner.it\/it\/#\/schema\/logo\/image\/"}}]}},"_links":{"self":[{"href":"https:\/\/dobner.it\/it\/wp-json\/wp\/v2\/product\/58497","targetHints":{"allow":["GET"]}}],"collection":[{"href":"https:\/\/dobner.it\/it\/wp-json\/wp\/v2\/product"}],"about":[{"href":"https:\/\/dobner.it\/it\/wp-json\/wp\/v2\/types\/product"}],"version-history":[{"count":1,"href":"https:\/\/dobner.it\/it\/wp-json\/wp\/v2\/product\/58497\/revisions"}],"predecessor-version":[{"id":81936,"href":"https:\/\/dobner.it\/it\/wp-json\/wp\/v2\/product\/58497\/revisions\/81936"}],"wp:featuredmedia":[{"embeddable":true,"href":"https:\/\/dobner.it\/it\/wp-json\/wp\/v2\/media\/58498"}],"wp:attachment":[{"href":"https:\/\/dobner.it\/it\/wp-json\/wp\/v2\/media?parent=58497"}],"wp:term":[{"taxonomy":"product_brand","embeddable":true,"href":"https:\/\/dobner.it\/it\/wp-json\/wp\/v2\/product_brand?post=58497"},{"taxonomy":"product_cat","embeddable":true,"href":"https:\/\/dobner.it\/it\/wp-json\/wp\/v2\/product_cat?post=58497"},{"taxonomy":"product_tag","embeddable":true,"href":"https:\/\/dobner.it\/it\/wp-json\/wp\/v2\/product_tag?post=58497"}],"curies":[{"name":"wp","href":"https:\/\/api.w.org\/{rel}","templated":true}]}}