{"id":56545,"date":"2022-12-27T12:36:32","date_gmt":"2022-12-27T11:36:32","guid":{"rendered":"https:\/\/dobner.it\/?post_type=product&#038;p=56545"},"modified":"2025-05-28T17:02:44","modified_gmt":"2025-05-28T15:02:44","slug":"orologio-baume-mercier-hampton-acciaio-diamanti","status":"publish","type":"product","link":"https:\/\/dobner.it\/it\/prodotto\/orologio-baume-mercier-hampton-acciaio-diamanti\/","title":{"rendered":"Orologio Baume &amp; Mercier Hampton in Acciaio con Diamanti"},"content":{"rendered":"<p><span style=\"font-weight: 400;\">Il modello da donna Hampton 10631 \u00e8 un orologio dalle linee slanciate, che richiamano l&#8217;estetica originale e danno vita ad un look femminile e grazioso.<\/span><\/p>\n<p><span style=\"font-weight: 400;\">La cassa rettangolare da 35 x 22,2 mm \u00e8 in acciaio ed \u00e8 illuminata da brillanti diamanti bianchi. 0,35 CT. Nella corona di forma cabochon \u00e8 incastonato un crisoprasio verde, pietra simbolo di un nuovo inizio, nota per le virt\u00f9 legate alla dolcezza, alle buone intuizioni e alla fortuna. Il quadrante \u00e8 argentato.<\/span><\/p>\n<p><span style=\"font-weight: 400;\">L&#8217;orologio \u00e8 dotato di movimento al quarzo.<\/span><\/p>\n<p><span style=\"font-weight: 400;\">Il bracciale \u00e8 in acciaio con finitura lucida e satinata.<\/span><\/p>\n<p><span style=\"font-weight: 400;\">Impermeabilit\u00e0 fino a 5 ATM (circa 50 metri).<\/span><\/p>\n<p><span style=\"font-weight: 400;\">Ref. 10631<\/span><\/p>\n","protected":false},"excerpt":{"rendered":"<p>Orologio Baume &amp; Mercier Hampton con cassa e bracciale in acciaio. Diamanti. Quadrante argentato. Movimento al quarzo.<\/p>\n","protected":false},"featured_media":56546,"template":"","meta":[],"product_brand":[767],"product_cat":[24],"product_tag":[],"class_list":{"0":"post-56545","1":"product","2":"type-product","3":"status-publish","4":"has-post-thumbnail","6":"product_brand-baume-mercier","7":"product_cat-orologi","8":"pa_orologi-orologi-quarzo","9":"pa_orologi-orologi-solo-tempo","11":"first","12":"instock","13":"taxable","14":"shipping-taxable","15":"purchasable","16":"product-type-simple","swatches":"rey-swatches","show_selected":""},"acf":[],"yoast_head":"<!-- This site is optimized with the Yoast SEO plugin v26.4 - https:\/\/yoast.com\/wordpress\/plugins\/seo\/ -->\n<title>Orologio Baume &amp; Mercier Hampton in Acciaio con Diamanti<\/title>\n<meta name=\"description\" content=\"Orologio Baume &amp; Mercier Hampton con cassa e bracciale in acciaio. Diamanti. Quadrante argentato. Movimento al quarzo.\" \/>\n<meta name=\"robots\" content=\"index, follow, max-snippet:-1, max-image-preview:large, max-video-preview:-1\" \/>\n<link rel=\"canonical\" href=\"https:\/\/dobner.it\/it\/prodotto\/orologio-baume-mercier-hampton-acciaio-diamanti\/\" \/>\n<meta property=\"og:locale\" content=\"it_IT\" \/>\n<meta property=\"og:type\" content=\"article\" \/>\n<meta property=\"og:title\" content=\"Orologio Baume &amp; Mercier Hampton in Acciaio con Diamanti\" \/>\n<meta property=\"og:description\" content=\"Orologio Baume &amp; Mercier Hampton con cassa e bracciale in acciaio. Diamanti. Quadrante argentato. Movimento al quarzo.\" \/>\n<meta property=\"og:url\" content=\"https:\/\/dobner.it\/it\/prodotto\/orologio-baume-mercier-hampton-acciaio-diamanti\/\" \/>\n<meta property=\"og:site_name\" content=\"Dobner\" \/>\n<meta property=\"article:modified_time\" content=\"2025-05-28T15:02:44+00:00\" \/>\n<meta property=\"og:image\" content=\"https:\/\/dobner.it\/wp-content\/uploads\/2022\/12\/orologio-baume-mercier-hampton-in-acciaio-con-diamanti.jpg\" \/>\n\t<meta property=\"og:image:width\" content=\"1024\" \/>\n\t<meta property=\"og:image:height\" content=\"1024\" \/>\n\t<meta property=\"og:image:type\" content=\"image\/jpeg\" \/>\n<meta name=\"twitter:card\" content=\"summary_large_image\" \/>\n<meta name=\"twitter:label1\" content=\"Tempo di lettura stimato\" \/>\n\t<meta name=\"twitter:data1\" content=\"1 minuto\" \/>\n<script type=\"application\/ld+json\" class=\"yoast-schema-graph\">{\"@context\":\"https:\/\/schema.org\",\"@graph\":[{\"@type\":\"WebPage\",\"@id\":\"https:\/\/dobner.it\/it\/prodotto\/orologio-baume-mercier-hampton-acciaio-diamanti\/\",\"url\":\"https:\/\/dobner.it\/it\/prodotto\/orologio-baume-mercier-hampton-acciaio-diamanti\/\",\"name\":\"Orologio Baume & Mercier Hampton in Acciaio con Diamanti\",\"isPartOf\":{\"@id\":\"https:\/\/dobner.it\/it\/#website\"},\"primaryImageOfPage\":{\"@id\":\"https:\/\/dobner.it\/it\/prodotto\/orologio-baume-mercier-hampton-acciaio-diamanti\/#primaryimage\"},\"image\":{\"@id\":\"https:\/\/dobner.it\/it\/prodotto\/orologio-baume-mercier-hampton-acciaio-diamanti\/#primaryimage\"},\"thumbnailUrl\":\"https:\/\/dobner.it\/wp-content\/uploads\/2022\/12\/orologio-baume-mercier-hampton-in-acciaio-con-diamanti.jpg\",\"datePublished\":\"2022-12-27T11:36:32+00:00\",\"dateModified\":\"2025-05-28T15:02:44+00:00\",\"description\":\"Orologio Baume &amp; Mercier Hampton con cassa e bracciale in acciaio. Diamanti. Quadrante argentato. Movimento al quarzo.\",\"breadcrumb\":{\"@id\":\"https:\/\/dobner.it\/it\/prodotto\/orologio-baume-mercier-hampton-acciaio-diamanti\/#breadcrumb\"},\"inLanguage\":\"it-IT\",\"potentialAction\":[{\"@type\":\"ReadAction\",\"target\":[\"https:\/\/dobner.it\/it\/prodotto\/orologio-baume-mercier-hampton-acciaio-diamanti\/\"]}]},{\"@type\":\"ImageObject\",\"inLanguage\":\"it-IT\",\"@id\":\"https:\/\/dobner.it\/it\/prodotto\/orologio-baume-mercier-hampton-acciaio-diamanti\/#primaryimage\",\"url\":\"https:\/\/dobner.it\/wp-content\/uploads\/2022\/12\/orologio-baume-mercier-hampton-in-acciaio-con-diamanti.jpg\",\"contentUrl\":\"https:\/\/dobner.it\/wp-content\/uploads\/2022\/12\/orologio-baume-mercier-hampton-in-acciaio-con-diamanti.jpg\",\"width\":1024,\"height\":1024},{\"@type\":\"BreadcrumbList\",\"@id\":\"https:\/\/dobner.it\/it\/prodotto\/orologio-baume-mercier-hampton-acciaio-diamanti\/#breadcrumb\",\"itemListElement\":[{\"@type\":\"ListItem\",\"position\":1,\"name\":\"Home\",\"item\":\"https:\/\/dobner.it\/it\/\"},{\"@type\":\"ListItem\",\"position\":2,\"name\":\"Prodotti\",\"item\":\"https:\/\/dobner.it\/it\/prodotti\/\"},{\"@type\":\"ListItem\",\"position\":3,\"name\":\"Orologio Baume &amp; Mercier Hampton in Acciaio con Diamanti\"}]},{\"@type\":\"WebSite\",\"@id\":\"https:\/\/dobner.it\/it\/#website\",\"url\":\"https:\/\/dobner.it\/it\/\",\"name\":\"Dobner\",\"description\":\"\",\"publisher\":{\"@id\":\"https:\/\/dobner.it\/it\/#organization\"},\"potentialAction\":[{\"@type\":\"SearchAction\",\"target\":{\"@type\":\"EntryPoint\",\"urlTemplate\":\"https:\/\/dobner.it\/it\/?s={search_term_string}\"},\"query-input\":{\"@type\":\"PropertyValueSpecification\",\"valueRequired\":true,\"valueName\":\"search_term_string\"}}],\"inLanguage\":\"it-IT\"},{\"@type\":\"Organization\",\"@id\":\"https:\/\/dobner.it\/it\/#organization\",\"name\":\"Dobner\",\"url\":\"https:\/\/dobner.it\/it\/\",\"logo\":{\"@type\":\"ImageObject\",\"inLanguage\":\"it-IT\",\"@id\":\"https:\/\/dobner.it\/it\/#\/schema\/logo\/image\/\",\"url\":\"https:\/\/dobner.it\/wp-content\/uploads\/2020\/10\/logo-email.png\",\"contentUrl\":\"https:\/\/dobner.it\/wp-content\/uploads\/2020\/10\/logo-email.png\",\"width\":188,\"height\":81,\"caption\":\"Dobner\"},\"image\":{\"@id\":\"https:\/\/dobner.it\/it\/#\/schema\/logo\/image\/\"}}]}<\/script>\n<!-- \/ Yoast SEO plugin. -->","yoast_head_json":{"title":"Orologio Baume & Mercier Hampton in Acciaio con Diamanti","description":"Orologio Baume &amp; Mercier Hampton con cassa e bracciale in acciaio. Diamanti. Quadrante argentato. Movimento al quarzo.","robots":{"index":"index","follow":"follow","max-snippet":"max-snippet:-1","max-image-preview":"max-image-preview:large","max-video-preview":"max-video-preview:-1"},"canonical":"https:\/\/dobner.it\/it\/prodotto\/orologio-baume-mercier-hampton-acciaio-diamanti\/","og_locale":"it_IT","og_type":"article","og_title":"Orologio Baume & Mercier Hampton in Acciaio con Diamanti","og_description":"Orologio Baume &amp; Mercier Hampton con cassa e bracciale in acciaio. Diamanti. Quadrante argentato. Movimento al quarzo.","og_url":"https:\/\/dobner.it\/it\/prodotto\/orologio-baume-mercier-hampton-acciaio-diamanti\/","og_site_name":"Dobner","article_modified_time":"2025-05-28T15:02:44+00:00","og_image":[{"width":1024,"height":1024,"url":"https:\/\/dobner.it\/wp-content\/uploads\/2022\/12\/orologio-baume-mercier-hampton-in-acciaio-con-diamanti.jpg","type":"image\/jpeg"}],"twitter_card":"summary_large_image","twitter_misc":{"Tempo di lettura stimato":"1 minuto"},"schema":{"@context":"https:\/\/schema.org","@graph":[{"@type":"WebPage","@id":"https:\/\/dobner.it\/it\/prodotto\/orologio-baume-mercier-hampton-acciaio-diamanti\/","url":"https:\/\/dobner.it\/it\/prodotto\/orologio-baume-mercier-hampton-acciaio-diamanti\/","name":"Orologio Baume & Mercier Hampton in Acciaio con Diamanti","isPartOf":{"@id":"https:\/\/dobner.it\/it\/#website"},"primaryImageOfPage":{"@id":"https:\/\/dobner.it\/it\/prodotto\/orologio-baume-mercier-hampton-acciaio-diamanti\/#primaryimage"},"image":{"@id":"https:\/\/dobner.it\/it\/prodotto\/orologio-baume-mercier-hampton-acciaio-diamanti\/#primaryimage"},"thumbnailUrl":"https:\/\/dobner.it\/wp-content\/uploads\/2022\/12\/orologio-baume-mercier-hampton-in-acciaio-con-diamanti.jpg","datePublished":"2022-12-27T11:36:32+00:00","dateModified":"2025-05-28T15:02:44+00:00","description":"Orologio Baume &amp; Mercier Hampton con cassa e bracciale in acciaio. Diamanti. Quadrante argentato. Movimento al quarzo.","breadcrumb":{"@id":"https:\/\/dobner.it\/it\/prodotto\/orologio-baume-mercier-hampton-acciaio-diamanti\/#breadcrumb"},"inLanguage":"it-IT","potentialAction":[{"@type":"ReadAction","target":["https:\/\/dobner.it\/it\/prodotto\/orologio-baume-mercier-hampton-acciaio-diamanti\/"]}]},{"@type":"ImageObject","inLanguage":"it-IT","@id":"https:\/\/dobner.it\/it\/prodotto\/orologio-baume-mercier-hampton-acciaio-diamanti\/#primaryimage","url":"https:\/\/dobner.it\/wp-content\/uploads\/2022\/12\/orologio-baume-mercier-hampton-in-acciaio-con-diamanti.jpg","contentUrl":"https:\/\/dobner.it\/wp-content\/uploads\/2022\/12\/orologio-baume-mercier-hampton-in-acciaio-con-diamanti.jpg","width":1024,"height":1024},{"@type":"BreadcrumbList","@id":"https:\/\/dobner.it\/it\/prodotto\/orologio-baume-mercier-hampton-acciaio-diamanti\/#breadcrumb","itemListElement":[{"@type":"ListItem","position":1,"name":"Home","item":"https:\/\/dobner.it\/it\/"},{"@type":"ListItem","position":2,"name":"Prodotti","item":"https:\/\/dobner.it\/it\/prodotti\/"},{"@type":"ListItem","position":3,"name":"Orologio Baume &amp; Mercier Hampton in Acciaio con Diamanti"}]},{"@type":"WebSite","@id":"https:\/\/dobner.it\/it\/#website","url":"https:\/\/dobner.it\/it\/","name":"Dobner","description":"","publisher":{"@id":"https:\/\/dobner.it\/it\/#organization"},"potentialAction":[{"@type":"SearchAction","target":{"@type":"EntryPoint","urlTemplate":"https:\/\/dobner.it\/it\/?s={search_term_string}"},"query-input":{"@type":"PropertyValueSpecification","valueRequired":true,"valueName":"search_term_string"}}],"inLanguage":"it-IT"},{"@type":"Organization","@id":"https:\/\/dobner.it\/it\/#organization","name":"Dobner","url":"https:\/\/dobner.it\/it\/","logo":{"@type":"ImageObject","inLanguage":"it-IT","@id":"https:\/\/dobner.it\/it\/#\/schema\/logo\/image\/","url":"https:\/\/dobner.it\/wp-content\/uploads\/2020\/10\/logo-email.png","contentUrl":"https:\/\/dobner.it\/wp-content\/uploads\/2020\/10\/logo-email.png","width":188,"height":81,"caption":"Dobner"},"image":{"@id":"https:\/\/dobner.it\/it\/#\/schema\/logo\/image\/"}}]}},"_links":{"self":[{"href":"https:\/\/dobner.it\/it\/wp-json\/wp\/v2\/product\/56545","targetHints":{"allow":["GET"]}}],"collection":[{"href":"https:\/\/dobner.it\/it\/wp-json\/wp\/v2\/product"}],"about":[{"href":"https:\/\/dobner.it\/it\/wp-json\/wp\/v2\/types\/product"}],"version-history":[{"count":1,"href":"https:\/\/dobner.it\/it\/wp-json\/wp\/v2\/product\/56545\/revisions"}],"predecessor-version":[{"id":84892,"href":"https:\/\/dobner.it\/it\/wp-json\/wp\/v2\/product\/56545\/revisions\/84892"}],"wp:featuredmedia":[{"embeddable":true,"href":"https:\/\/dobner.it\/it\/wp-json\/wp\/v2\/media\/56546"}],"wp:attachment":[{"href":"https:\/\/dobner.it\/it\/wp-json\/wp\/v2\/media?parent=56545"}],"wp:term":[{"taxonomy":"product_brand","embeddable":true,"href":"https:\/\/dobner.it\/it\/wp-json\/wp\/v2\/product_brand?post=56545"},{"taxonomy":"product_cat","embeddable":true,"href":"https:\/\/dobner.it\/it\/wp-json\/wp\/v2\/product_cat?post=56545"},{"taxonomy":"product_tag","embeddable":true,"href":"https:\/\/dobner.it\/it\/wp-json\/wp\/v2\/product_tag?post=56545"}],"curies":[{"name":"wp","href":"https:\/\/api.w.org\/{rel}","templated":true}]}}