{"id":56244,"date":"2022-12-19T15:38:31","date_gmt":"2022-12-19T14:38:31","guid":{"rendered":"https:\/\/dobner.it\/?post_type=product&#038;p=56244"},"modified":"2025-05-22T16:31:20","modified_gmt":"2025-05-22T14:31:20","slug":"orologio-baume-mercier-riviera-grigio-caucciu","status":"publish","type":"product","link":"https:\/\/dobner.it\/it\/prodotto\/orologio-baume-mercier-riviera-grigio-caucciu\/","title":{"rendered":"Orologio Baume &amp; Mercier Riviera con Quadrante Grigio e Cinturino in Caucci\u00f9"},"content":{"rendered":"<div class=\"product-specifications__col\">\n<p><span style=\"font-weight: 400;\">Questo Riviera 10660 \u00e8 un orologio &#8220;Swiss Made&#8221; dallo stile al contempo sportivo, elegante e casual, ideale per le personalit\u00e0 pi\u00f9 diverse e per chi cerca versatilit\u00e0.\u00a0<\/span><\/p>\n<p><span style=\"font-weight: 400;\">La cassa da 42 mm \u00e8 in acciaio. La lunetta in titanio sabbiato, assicurata alla cassa con quattro viti funzionali, dona a questa creazione contemporanea un look discreto, la cui originalit\u00e0 \u00e8 rafforzata da un anello in PVD placcato oro che d\u00e0 luminosit\u00e0 all\u2019insieme in una contrapposizione perfetta con la tonalit\u00e0 mat della lunetta.<\/span><\/p>\n<p><span style=\"font-weight: 400;\">Il quadrante laccato in tonalit\u00e0 \u201cardesia\u201d \u00e8 sottolineato dalle decorazioni a \u201conda\u201d tono su tono. Presenta i numeri romani e gli indici in acciaio placcato oro.<\/span><\/p>\n<p><span style=\"font-weight: 400;\">L&#8217;orologio \u00e8 dotato di movimento a carica automatica. Riserva di carica di 38 ore.<\/span><\/p>\n<p><span style=\"font-weight: 400;\">Il cinturino \u00e8 in caucci\u00f9 grigio scuro, con fibbia tripla pieghevole regolabile con fermaglio di sicurezza.<\/span><\/p>\n<p><span style=\"font-weight: 400;\">Impermeabilit\u00e0 fino a 10 ATM (circa 100 metri).<\/span><\/p>\n<p><span style=\"font-weight: 400;\">Ref. 10660<\/span><\/p>\n<\/div>\n","protected":false},"excerpt":{"rendered":"<p>Orologio Baume &amp; Mercier Riviera con cassa da 42 mm. <span style=\"font-weight: 400;\">Quadrante laccato in tonalit\u00e0 ardesia. Movimento automatico.<\/span><\/p>\n","protected":false},"featured_media":56245,"template":"","meta":[],"product_brand":[767],"product_cat":[24],"product_tag":[],"class_list":{"0":"post-56244","1":"product","2":"type-product","3":"status-publish","4":"has-post-thumbnail","6":"product_brand-baume-mercier","7":"product_cat-orologi","8":"pa_orologi-orologi-automatici","9":"pa_orologi-orologi-solo-tempo","11":"first","12":"instock","13":"taxable","14":"shipping-taxable","15":"purchasable","16":"product-type-simple","swatches":"rey-swatches","show_selected":""},"acf":[],"yoast_head":"<!-- This site is optimized with the Yoast SEO plugin v26.4 - https:\/\/yoast.com\/wordpress\/plugins\/seo\/ -->\n<title>Orologio Baume &amp; Mercier Riviera con Quadrante Grigio<\/title>\n<meta name=\"description\" content=\"Orologio Baume &amp; Mercier Riviera con cassa da 42 mm. Quadrante laccato in tonalit\u00e0 ardesia. Movimento automatico. Scopri le caratteristiche del gioiello\" \/>\n<meta name=\"robots\" content=\"index, follow, max-snippet:-1, max-image-preview:large, max-video-preview:-1\" \/>\n<link rel=\"canonical\" href=\"https:\/\/dobner.it\/it\/prodotto\/orologio-baume-mercier-riviera-grigio-caucciu\/\" \/>\n<meta property=\"og:locale\" content=\"it_IT\" \/>\n<meta property=\"og:type\" content=\"article\" \/>\n<meta property=\"og:title\" content=\"Orologio Baume &amp; Mercier Riviera con Quadrante Grigio\" \/>\n<meta property=\"og:description\" content=\"Orologio Baume &amp; Mercier Riviera con cassa da 42 mm. Quadrante laccato in tonalit\u00e0 ardesia. Movimento automatico. Scopri le caratteristiche del gioiello\" \/>\n<meta property=\"og:url\" content=\"https:\/\/dobner.it\/it\/prodotto\/orologio-baume-mercier-riviera-grigio-caucciu\/\" \/>\n<meta property=\"og:site_name\" content=\"Dobner\" \/>\n<meta property=\"article:modified_time\" content=\"2025-05-22T14:31:20+00:00\" \/>\n<meta property=\"og:image\" content=\"https:\/\/dobner.it\/wp-content\/uploads\/2022\/12\/orologio-baume-mercier-riviera-con-quadrante-grigio-e-cinturino-in-caucciu.jpg\" \/>\n\t<meta property=\"og:image:width\" content=\"1024\" \/>\n\t<meta property=\"og:image:height\" content=\"1024\" \/>\n\t<meta property=\"og:image:type\" content=\"image\/jpeg\" \/>\n<meta name=\"twitter:card\" content=\"summary_large_image\" \/>\n<meta name=\"twitter:label1\" content=\"Tempo di lettura stimato\" \/>\n\t<meta name=\"twitter:data1\" content=\"1 minuto\" \/>\n<script type=\"application\/ld+json\" class=\"yoast-schema-graph\">{\"@context\":\"https:\/\/schema.org\",\"@graph\":[{\"@type\":\"WebPage\",\"@id\":\"https:\/\/dobner.it\/it\/prodotto\/orologio-baume-mercier-riviera-grigio-caucciu\/\",\"url\":\"https:\/\/dobner.it\/it\/prodotto\/orologio-baume-mercier-riviera-grigio-caucciu\/\",\"name\":\"Orologio Baume & Mercier Riviera con Quadrante Grigio\",\"isPartOf\":{\"@id\":\"https:\/\/dobner.it\/it\/#website\"},\"primaryImageOfPage\":{\"@id\":\"https:\/\/dobner.it\/it\/prodotto\/orologio-baume-mercier-riviera-grigio-caucciu\/#primaryimage\"},\"image\":{\"@id\":\"https:\/\/dobner.it\/it\/prodotto\/orologio-baume-mercier-riviera-grigio-caucciu\/#primaryimage\"},\"thumbnailUrl\":\"https:\/\/dobner.it\/wp-content\/uploads\/2022\/12\/orologio-baume-mercier-riviera-con-quadrante-grigio-e-cinturino-in-caucciu.jpg\",\"datePublished\":\"2022-12-19T14:38:31+00:00\",\"dateModified\":\"2025-05-22T14:31:20+00:00\",\"description\":\"Orologio Baume &amp; Mercier Riviera con cassa da 42 mm. Quadrante laccato in tonalit\u00e0 ardesia. Movimento automatico. Scopri le caratteristiche del gioiello\",\"breadcrumb\":{\"@id\":\"https:\/\/dobner.it\/it\/prodotto\/orologio-baume-mercier-riviera-grigio-caucciu\/#breadcrumb\"},\"inLanguage\":\"it-IT\",\"potentialAction\":[{\"@type\":\"ReadAction\",\"target\":[\"https:\/\/dobner.it\/it\/prodotto\/orologio-baume-mercier-riviera-grigio-caucciu\/\"]}]},{\"@type\":\"ImageObject\",\"inLanguage\":\"it-IT\",\"@id\":\"https:\/\/dobner.it\/it\/prodotto\/orologio-baume-mercier-riviera-grigio-caucciu\/#primaryimage\",\"url\":\"https:\/\/dobner.it\/wp-content\/uploads\/2022\/12\/orologio-baume-mercier-riviera-con-quadrante-grigio-e-cinturino-in-caucciu.jpg\",\"contentUrl\":\"https:\/\/dobner.it\/wp-content\/uploads\/2022\/12\/orologio-baume-mercier-riviera-con-quadrante-grigio-e-cinturino-in-caucciu.jpg\",\"width\":1024,\"height\":1024},{\"@type\":\"BreadcrumbList\",\"@id\":\"https:\/\/dobner.it\/it\/prodotto\/orologio-baume-mercier-riviera-grigio-caucciu\/#breadcrumb\",\"itemListElement\":[{\"@type\":\"ListItem\",\"position\":1,\"name\":\"Home\",\"item\":\"https:\/\/dobner.it\/it\/\"},{\"@type\":\"ListItem\",\"position\":2,\"name\":\"Prodotti\",\"item\":\"https:\/\/dobner.it\/it\/prodotti\/\"},{\"@type\":\"ListItem\",\"position\":3,\"name\":\"Orologio Baume &amp; Mercier Riviera con Quadrante Grigio e Cinturino in Caucci\u00f9\"}]},{\"@type\":\"WebSite\",\"@id\":\"https:\/\/dobner.it\/it\/#website\",\"url\":\"https:\/\/dobner.it\/it\/\",\"name\":\"Dobner\",\"description\":\"\",\"publisher\":{\"@id\":\"https:\/\/dobner.it\/it\/#organization\"},\"potentialAction\":[{\"@type\":\"SearchAction\",\"target\":{\"@type\":\"EntryPoint\",\"urlTemplate\":\"https:\/\/dobner.it\/it\/?s={search_term_string}\"},\"query-input\":{\"@type\":\"PropertyValueSpecification\",\"valueRequired\":true,\"valueName\":\"search_term_string\"}}],\"inLanguage\":\"it-IT\"},{\"@type\":\"Organization\",\"@id\":\"https:\/\/dobner.it\/it\/#organization\",\"name\":\"Dobner\",\"url\":\"https:\/\/dobner.it\/it\/\",\"logo\":{\"@type\":\"ImageObject\",\"inLanguage\":\"it-IT\",\"@id\":\"https:\/\/dobner.it\/it\/#\/schema\/logo\/image\/\",\"url\":\"https:\/\/dobner.it\/wp-content\/uploads\/2020\/10\/logo-email.png\",\"contentUrl\":\"https:\/\/dobner.it\/wp-content\/uploads\/2020\/10\/logo-email.png\",\"width\":188,\"height\":81,\"caption\":\"Dobner\"},\"image\":{\"@id\":\"https:\/\/dobner.it\/it\/#\/schema\/logo\/image\/\"}}]}<\/script>\n<!-- \/ Yoast SEO plugin. -->","yoast_head_json":{"title":"Orologio Baume & Mercier Riviera con Quadrante Grigio","description":"Orologio Baume &amp; Mercier Riviera con cassa da 42 mm. Quadrante laccato in tonalit\u00e0 ardesia. Movimento automatico. Scopri le caratteristiche del gioiello","robots":{"index":"index","follow":"follow","max-snippet":"max-snippet:-1","max-image-preview":"max-image-preview:large","max-video-preview":"max-video-preview:-1"},"canonical":"https:\/\/dobner.it\/it\/prodotto\/orologio-baume-mercier-riviera-grigio-caucciu\/","og_locale":"it_IT","og_type":"article","og_title":"Orologio Baume & Mercier Riviera con Quadrante Grigio","og_description":"Orologio Baume &amp; Mercier Riviera con cassa da 42 mm. Quadrante laccato in tonalit\u00e0 ardesia. Movimento automatico. Scopri le caratteristiche del gioiello","og_url":"https:\/\/dobner.it\/it\/prodotto\/orologio-baume-mercier-riviera-grigio-caucciu\/","og_site_name":"Dobner","article_modified_time":"2025-05-22T14:31:20+00:00","og_image":[{"width":1024,"height":1024,"url":"https:\/\/dobner.it\/wp-content\/uploads\/2022\/12\/orologio-baume-mercier-riviera-con-quadrante-grigio-e-cinturino-in-caucciu.jpg","type":"image\/jpeg"}],"twitter_card":"summary_large_image","twitter_misc":{"Tempo di lettura stimato":"1 minuto"},"schema":{"@context":"https:\/\/schema.org","@graph":[{"@type":"WebPage","@id":"https:\/\/dobner.it\/it\/prodotto\/orologio-baume-mercier-riviera-grigio-caucciu\/","url":"https:\/\/dobner.it\/it\/prodotto\/orologio-baume-mercier-riviera-grigio-caucciu\/","name":"Orologio Baume & Mercier Riviera con Quadrante Grigio","isPartOf":{"@id":"https:\/\/dobner.it\/it\/#website"},"primaryImageOfPage":{"@id":"https:\/\/dobner.it\/it\/prodotto\/orologio-baume-mercier-riviera-grigio-caucciu\/#primaryimage"},"image":{"@id":"https:\/\/dobner.it\/it\/prodotto\/orologio-baume-mercier-riviera-grigio-caucciu\/#primaryimage"},"thumbnailUrl":"https:\/\/dobner.it\/wp-content\/uploads\/2022\/12\/orologio-baume-mercier-riviera-con-quadrante-grigio-e-cinturino-in-caucciu.jpg","datePublished":"2022-12-19T14:38:31+00:00","dateModified":"2025-05-22T14:31:20+00:00","description":"Orologio Baume &amp; Mercier Riviera con cassa da 42 mm. Quadrante laccato in tonalit\u00e0 ardesia. Movimento automatico. Scopri le caratteristiche del gioiello","breadcrumb":{"@id":"https:\/\/dobner.it\/it\/prodotto\/orologio-baume-mercier-riviera-grigio-caucciu\/#breadcrumb"},"inLanguage":"it-IT","potentialAction":[{"@type":"ReadAction","target":["https:\/\/dobner.it\/it\/prodotto\/orologio-baume-mercier-riviera-grigio-caucciu\/"]}]},{"@type":"ImageObject","inLanguage":"it-IT","@id":"https:\/\/dobner.it\/it\/prodotto\/orologio-baume-mercier-riviera-grigio-caucciu\/#primaryimage","url":"https:\/\/dobner.it\/wp-content\/uploads\/2022\/12\/orologio-baume-mercier-riviera-con-quadrante-grigio-e-cinturino-in-caucciu.jpg","contentUrl":"https:\/\/dobner.it\/wp-content\/uploads\/2022\/12\/orologio-baume-mercier-riviera-con-quadrante-grigio-e-cinturino-in-caucciu.jpg","width":1024,"height":1024},{"@type":"BreadcrumbList","@id":"https:\/\/dobner.it\/it\/prodotto\/orologio-baume-mercier-riviera-grigio-caucciu\/#breadcrumb","itemListElement":[{"@type":"ListItem","position":1,"name":"Home","item":"https:\/\/dobner.it\/it\/"},{"@type":"ListItem","position":2,"name":"Prodotti","item":"https:\/\/dobner.it\/it\/prodotti\/"},{"@type":"ListItem","position":3,"name":"Orologio Baume &amp; Mercier Riviera con Quadrante Grigio e Cinturino in Caucci\u00f9"}]},{"@type":"WebSite","@id":"https:\/\/dobner.it\/it\/#website","url":"https:\/\/dobner.it\/it\/","name":"Dobner","description":"","publisher":{"@id":"https:\/\/dobner.it\/it\/#organization"},"potentialAction":[{"@type":"SearchAction","target":{"@type":"EntryPoint","urlTemplate":"https:\/\/dobner.it\/it\/?s={search_term_string}"},"query-input":{"@type":"PropertyValueSpecification","valueRequired":true,"valueName":"search_term_string"}}],"inLanguage":"it-IT"},{"@type":"Organization","@id":"https:\/\/dobner.it\/it\/#organization","name":"Dobner","url":"https:\/\/dobner.it\/it\/","logo":{"@type":"ImageObject","inLanguage":"it-IT","@id":"https:\/\/dobner.it\/it\/#\/schema\/logo\/image\/","url":"https:\/\/dobner.it\/wp-content\/uploads\/2020\/10\/logo-email.png","contentUrl":"https:\/\/dobner.it\/wp-content\/uploads\/2020\/10\/logo-email.png","width":188,"height":81,"caption":"Dobner"},"image":{"@id":"https:\/\/dobner.it\/it\/#\/schema\/logo\/image\/"}}]}},"_links":{"self":[{"href":"https:\/\/dobner.it\/it\/wp-json\/wp\/v2\/product\/56244","targetHints":{"allow":["GET"]}}],"collection":[{"href":"https:\/\/dobner.it\/it\/wp-json\/wp\/v2\/product"}],"about":[{"href":"https:\/\/dobner.it\/it\/wp-json\/wp\/v2\/types\/product"}],"version-history":[{"count":1,"href":"https:\/\/dobner.it\/it\/wp-json\/wp\/v2\/product\/56244\/revisions"}],"predecessor-version":[{"id":84352,"href":"https:\/\/dobner.it\/it\/wp-json\/wp\/v2\/product\/56244\/revisions\/84352"}],"wp:featuredmedia":[{"embeddable":true,"href":"https:\/\/dobner.it\/it\/wp-json\/wp\/v2\/media\/56245"}],"wp:attachment":[{"href":"https:\/\/dobner.it\/it\/wp-json\/wp\/v2\/media?parent=56244"}],"wp:term":[{"taxonomy":"product_brand","embeddable":true,"href":"https:\/\/dobner.it\/it\/wp-json\/wp\/v2\/product_brand?post=56244"},{"taxonomy":"product_cat","embeddable":true,"href":"https:\/\/dobner.it\/it\/wp-json\/wp\/v2\/product_cat?post=56244"},{"taxonomy":"product_tag","embeddable":true,"href":"https:\/\/dobner.it\/it\/wp-json\/wp\/v2\/product_tag?post=56244"}],"curies":[{"name":"wp","href":"https:\/\/api.w.org\/{rel}","templated":true}]}}