{"id":56233,"date":"2022-12-19T12:40:50","date_gmt":"2022-12-19T11:40:50","guid":{"rendered":"https:\/\/dobner.it\/?post_type=product&#038;p=56233"},"modified":"2025-05-28T16:45:44","modified_gmt":"2025-05-28T14:45:44","slug":"orologio-baume-mercier-riviera-acciaio-vetro-grigio-fume","status":"publish","type":"product","link":"https:\/\/dobner.it\/it\/prodotto\/orologio-baume-mercier-riviera-acciaio-vetro-grigio-fume\/","title":{"rendered":"Orologio Baume &amp; Mercier Riviera in Acciaio con Quadrante in Vetro Grigio Fum\u00e9"},"content":{"rendered":"<p><span style=\"font-weight: 400;\">Questo Riviera 10702, impeccabile dal punto di vista tecnico, \u00e8 un orologio \u201cSwiss made\u201d che unisce tutti i suoi elementi con eccellenza, stile, comfort e coerenza in un modello dal look sportivo.<\/span><\/p>\n<p><span style=\"font-weight: 400;\">La cassa da 42 mm \u00e8 in acciaio con fondello in vetro zaffiro. Il quadrante in vetro zaffiro grigio fum\u00e9 \u00e8 il marchio distintivo di questo modello. La sua trasparenza offre la vista dei ruotismi del calibro Baumatic dalle prestazioni collaudate. Presenta cifre romane.<\/span><\/p>\n<p><span style=\"font-weight: 400;\">L&#8217;orologio \u00e8 dotato di movimento a carica automatica, calibro di Manifattura Baumatic. Riserva di carica di 120 ore.<\/span><\/p>\n<p><span style=\"font-weight: 400;\">Il bracciale intercambiabile \u00e8 in acciaio, con chiusura tripla pieghevole con fermaglio di sicurezza.<\/span><\/p>\n<p><span style=\"font-weight: 400;\">Impermeabilit\u00e0 fino a 10 ATM (circa 100 metri).<\/span><\/p>\n<p><span style=\"font-weight: 400;\">Ref. 10702<\/span><\/p>\n","protected":false},"excerpt":{"rendered":"<p>Orologio Baume &amp; Mercier Riviera con cassa da 42 mm. Q<span style=\"font-weight: 400;\">uadrante in vetro zaffiro grigio fum\u00e9. Movimento a carica automatica, Baumatic.<\/span><\/p>\n","protected":false},"featured_media":56234,"template":"","meta":[],"product_brand":[767],"product_cat":[24],"product_tag":[],"class_list":{"0":"post-56233","1":"product","2":"type-product","3":"status-publish","4":"has-post-thumbnail","6":"product_brand-baume-mercier","7":"product_cat-orologi","8":"pa_orologi-orologi-automatici","9":"pa_orologi-orologi-solo-tempo","11":"first","12":"instock","13":"taxable","14":"shipping-taxable","15":"purchasable","16":"product-type-simple","swatches":"rey-swatches","show_selected":""},"acf":[],"yoast_head":"<!-- This site is optimized with the Yoast SEO plugin v26.4 - https:\/\/yoast.com\/wordpress\/plugins\/seo\/ -->\n<title>Orologio Baume &amp; Mercier Riviera Quadrante in Vetro Grigio<\/title>\n<meta name=\"description\" content=\"Orologio Baume &amp; Mercier Riviera con cassa da 42 mm. Quadrante in vetro zaffiro grigio fum\u00e9. Movimento a carica automatica, Baumatic.\" \/>\n<meta name=\"robots\" content=\"index, follow, max-snippet:-1, max-image-preview:large, max-video-preview:-1\" \/>\n<link rel=\"canonical\" href=\"https:\/\/dobner.it\/it\/prodotto\/orologio-baume-mercier-riviera-acciaio-vetro-grigio-fume\/\" \/>\n<meta property=\"og:locale\" content=\"it_IT\" \/>\n<meta property=\"og:type\" content=\"article\" \/>\n<meta property=\"og:title\" content=\"Orologio Baume &amp; Mercier Riviera Quadrante in Vetro Grigio\" \/>\n<meta property=\"og:description\" content=\"Orologio Baume &amp; Mercier Riviera con cassa da 42 mm. Quadrante in vetro zaffiro grigio fum\u00e9. Movimento a carica automatica, Baumatic.\" \/>\n<meta property=\"og:url\" content=\"https:\/\/dobner.it\/it\/prodotto\/orologio-baume-mercier-riviera-acciaio-vetro-grigio-fume\/\" \/>\n<meta property=\"og:site_name\" content=\"Dobner\" \/>\n<meta property=\"article:modified_time\" content=\"2025-05-28T14:45:44+00:00\" \/>\n<meta property=\"og:image\" content=\"https:\/\/dobner.it\/wp-content\/uploads\/2022\/12\/orologio-baume-mercier-riviera-in-acciaio-con-quadrante-in-vetro-grigio-fume.jpg\" \/>\n\t<meta property=\"og:image:width\" content=\"1024\" \/>\n\t<meta property=\"og:image:height\" content=\"1024\" \/>\n\t<meta property=\"og:image:type\" content=\"image\/jpeg\" \/>\n<meta name=\"twitter:card\" content=\"summary_large_image\" \/>\n<meta name=\"twitter:label1\" content=\"Tempo di lettura stimato\" \/>\n\t<meta name=\"twitter:data1\" content=\"1 minuto\" \/>\n<script type=\"application\/ld+json\" class=\"yoast-schema-graph\">{\"@context\":\"https:\/\/schema.org\",\"@graph\":[{\"@type\":\"WebPage\",\"@id\":\"https:\/\/dobner.it\/it\/prodotto\/orologio-baume-mercier-riviera-acciaio-vetro-grigio-fume\/\",\"url\":\"https:\/\/dobner.it\/it\/prodotto\/orologio-baume-mercier-riviera-acciaio-vetro-grigio-fume\/\",\"name\":\"Orologio Baume & Mercier Riviera Quadrante in Vetro Grigio\",\"isPartOf\":{\"@id\":\"https:\/\/dobner.it\/it\/#website\"},\"primaryImageOfPage\":{\"@id\":\"https:\/\/dobner.it\/it\/prodotto\/orologio-baume-mercier-riviera-acciaio-vetro-grigio-fume\/#primaryimage\"},\"image\":{\"@id\":\"https:\/\/dobner.it\/it\/prodotto\/orologio-baume-mercier-riviera-acciaio-vetro-grigio-fume\/#primaryimage\"},\"thumbnailUrl\":\"https:\/\/dobner.it\/wp-content\/uploads\/2022\/12\/orologio-baume-mercier-riviera-in-acciaio-con-quadrante-in-vetro-grigio-fume.jpg\",\"datePublished\":\"2022-12-19T11:40:50+00:00\",\"dateModified\":\"2025-05-28T14:45:44+00:00\",\"description\":\"Orologio Baume &amp; Mercier Riviera con cassa da 42 mm. Quadrante in vetro zaffiro grigio fum\u00e9. Movimento a carica automatica, Baumatic.\",\"breadcrumb\":{\"@id\":\"https:\/\/dobner.it\/it\/prodotto\/orologio-baume-mercier-riviera-acciaio-vetro-grigio-fume\/#breadcrumb\"},\"inLanguage\":\"it-IT\",\"potentialAction\":[{\"@type\":\"ReadAction\",\"target\":[\"https:\/\/dobner.it\/it\/prodotto\/orologio-baume-mercier-riviera-acciaio-vetro-grigio-fume\/\"]}]},{\"@type\":\"ImageObject\",\"inLanguage\":\"it-IT\",\"@id\":\"https:\/\/dobner.it\/it\/prodotto\/orologio-baume-mercier-riviera-acciaio-vetro-grigio-fume\/#primaryimage\",\"url\":\"https:\/\/dobner.it\/wp-content\/uploads\/2022\/12\/orologio-baume-mercier-riviera-in-acciaio-con-quadrante-in-vetro-grigio-fume.jpg\",\"contentUrl\":\"https:\/\/dobner.it\/wp-content\/uploads\/2022\/12\/orologio-baume-mercier-riviera-in-acciaio-con-quadrante-in-vetro-grigio-fume.jpg\",\"width\":1024,\"height\":1024},{\"@type\":\"BreadcrumbList\",\"@id\":\"https:\/\/dobner.it\/it\/prodotto\/orologio-baume-mercier-riviera-acciaio-vetro-grigio-fume\/#breadcrumb\",\"itemListElement\":[{\"@type\":\"ListItem\",\"position\":1,\"name\":\"Home\",\"item\":\"https:\/\/dobner.it\/it\/\"},{\"@type\":\"ListItem\",\"position\":2,\"name\":\"Prodotti\",\"item\":\"https:\/\/dobner.it\/it\/prodotti\/\"},{\"@type\":\"ListItem\",\"position\":3,\"name\":\"Orologio Baume &amp; Mercier Riviera in Acciaio con Quadrante in Vetro Grigio Fum\u00e9\"}]},{\"@type\":\"WebSite\",\"@id\":\"https:\/\/dobner.it\/it\/#website\",\"url\":\"https:\/\/dobner.it\/it\/\",\"name\":\"Dobner\",\"description\":\"\",\"publisher\":{\"@id\":\"https:\/\/dobner.it\/it\/#organization\"},\"potentialAction\":[{\"@type\":\"SearchAction\",\"target\":{\"@type\":\"EntryPoint\",\"urlTemplate\":\"https:\/\/dobner.it\/it\/?s={search_term_string}\"},\"query-input\":{\"@type\":\"PropertyValueSpecification\",\"valueRequired\":true,\"valueName\":\"search_term_string\"}}],\"inLanguage\":\"it-IT\"},{\"@type\":\"Organization\",\"@id\":\"https:\/\/dobner.it\/it\/#organization\",\"name\":\"Dobner\",\"url\":\"https:\/\/dobner.it\/it\/\",\"logo\":{\"@type\":\"ImageObject\",\"inLanguage\":\"it-IT\",\"@id\":\"https:\/\/dobner.it\/it\/#\/schema\/logo\/image\/\",\"url\":\"https:\/\/dobner.it\/wp-content\/uploads\/2020\/10\/logo-email.png\",\"contentUrl\":\"https:\/\/dobner.it\/wp-content\/uploads\/2020\/10\/logo-email.png\",\"width\":188,\"height\":81,\"caption\":\"Dobner\"},\"image\":{\"@id\":\"https:\/\/dobner.it\/it\/#\/schema\/logo\/image\/\"}}]}<\/script>\n<!-- \/ Yoast SEO plugin. -->","yoast_head_json":{"title":"Orologio Baume & Mercier Riviera Quadrante in Vetro Grigio","description":"Orologio Baume &amp; Mercier Riviera con cassa da 42 mm. Quadrante in vetro zaffiro grigio fum\u00e9. Movimento a carica automatica, Baumatic.","robots":{"index":"index","follow":"follow","max-snippet":"max-snippet:-1","max-image-preview":"max-image-preview:large","max-video-preview":"max-video-preview:-1"},"canonical":"https:\/\/dobner.it\/it\/prodotto\/orologio-baume-mercier-riviera-acciaio-vetro-grigio-fume\/","og_locale":"it_IT","og_type":"article","og_title":"Orologio Baume & Mercier Riviera Quadrante in Vetro Grigio","og_description":"Orologio Baume &amp; Mercier Riviera con cassa da 42 mm. Quadrante in vetro zaffiro grigio fum\u00e9. Movimento a carica automatica, Baumatic.","og_url":"https:\/\/dobner.it\/it\/prodotto\/orologio-baume-mercier-riviera-acciaio-vetro-grigio-fume\/","og_site_name":"Dobner","article_modified_time":"2025-05-28T14:45:44+00:00","og_image":[{"width":1024,"height":1024,"url":"https:\/\/dobner.it\/wp-content\/uploads\/2022\/12\/orologio-baume-mercier-riviera-in-acciaio-con-quadrante-in-vetro-grigio-fume.jpg","type":"image\/jpeg"}],"twitter_card":"summary_large_image","twitter_misc":{"Tempo di lettura stimato":"1 minuto"},"schema":{"@context":"https:\/\/schema.org","@graph":[{"@type":"WebPage","@id":"https:\/\/dobner.it\/it\/prodotto\/orologio-baume-mercier-riviera-acciaio-vetro-grigio-fume\/","url":"https:\/\/dobner.it\/it\/prodotto\/orologio-baume-mercier-riviera-acciaio-vetro-grigio-fume\/","name":"Orologio Baume & Mercier Riviera Quadrante in Vetro Grigio","isPartOf":{"@id":"https:\/\/dobner.it\/it\/#website"},"primaryImageOfPage":{"@id":"https:\/\/dobner.it\/it\/prodotto\/orologio-baume-mercier-riviera-acciaio-vetro-grigio-fume\/#primaryimage"},"image":{"@id":"https:\/\/dobner.it\/it\/prodotto\/orologio-baume-mercier-riviera-acciaio-vetro-grigio-fume\/#primaryimage"},"thumbnailUrl":"https:\/\/dobner.it\/wp-content\/uploads\/2022\/12\/orologio-baume-mercier-riviera-in-acciaio-con-quadrante-in-vetro-grigio-fume.jpg","datePublished":"2022-12-19T11:40:50+00:00","dateModified":"2025-05-28T14:45:44+00:00","description":"Orologio Baume &amp; Mercier Riviera con cassa da 42 mm. Quadrante in vetro zaffiro grigio fum\u00e9. Movimento a carica automatica, Baumatic.","breadcrumb":{"@id":"https:\/\/dobner.it\/it\/prodotto\/orologio-baume-mercier-riviera-acciaio-vetro-grigio-fume\/#breadcrumb"},"inLanguage":"it-IT","potentialAction":[{"@type":"ReadAction","target":["https:\/\/dobner.it\/it\/prodotto\/orologio-baume-mercier-riviera-acciaio-vetro-grigio-fume\/"]}]},{"@type":"ImageObject","inLanguage":"it-IT","@id":"https:\/\/dobner.it\/it\/prodotto\/orologio-baume-mercier-riviera-acciaio-vetro-grigio-fume\/#primaryimage","url":"https:\/\/dobner.it\/wp-content\/uploads\/2022\/12\/orologio-baume-mercier-riviera-in-acciaio-con-quadrante-in-vetro-grigio-fume.jpg","contentUrl":"https:\/\/dobner.it\/wp-content\/uploads\/2022\/12\/orologio-baume-mercier-riviera-in-acciaio-con-quadrante-in-vetro-grigio-fume.jpg","width":1024,"height":1024},{"@type":"BreadcrumbList","@id":"https:\/\/dobner.it\/it\/prodotto\/orologio-baume-mercier-riviera-acciaio-vetro-grigio-fume\/#breadcrumb","itemListElement":[{"@type":"ListItem","position":1,"name":"Home","item":"https:\/\/dobner.it\/it\/"},{"@type":"ListItem","position":2,"name":"Prodotti","item":"https:\/\/dobner.it\/it\/prodotti\/"},{"@type":"ListItem","position":3,"name":"Orologio Baume &amp; Mercier Riviera in Acciaio con Quadrante in Vetro Grigio Fum\u00e9"}]},{"@type":"WebSite","@id":"https:\/\/dobner.it\/it\/#website","url":"https:\/\/dobner.it\/it\/","name":"Dobner","description":"","publisher":{"@id":"https:\/\/dobner.it\/it\/#organization"},"potentialAction":[{"@type":"SearchAction","target":{"@type":"EntryPoint","urlTemplate":"https:\/\/dobner.it\/it\/?s={search_term_string}"},"query-input":{"@type":"PropertyValueSpecification","valueRequired":true,"valueName":"search_term_string"}}],"inLanguage":"it-IT"},{"@type":"Organization","@id":"https:\/\/dobner.it\/it\/#organization","name":"Dobner","url":"https:\/\/dobner.it\/it\/","logo":{"@type":"ImageObject","inLanguage":"it-IT","@id":"https:\/\/dobner.it\/it\/#\/schema\/logo\/image\/","url":"https:\/\/dobner.it\/wp-content\/uploads\/2020\/10\/logo-email.png","contentUrl":"https:\/\/dobner.it\/wp-content\/uploads\/2020\/10\/logo-email.png","width":188,"height":81,"caption":"Dobner"},"image":{"@id":"https:\/\/dobner.it\/it\/#\/schema\/logo\/image\/"}}]}},"_links":{"self":[{"href":"https:\/\/dobner.it\/it\/wp-json\/wp\/v2\/product\/56233","targetHints":{"allow":["GET"]}}],"collection":[{"href":"https:\/\/dobner.it\/it\/wp-json\/wp\/v2\/product"}],"about":[{"href":"https:\/\/dobner.it\/it\/wp-json\/wp\/v2\/types\/product"}],"version-history":[{"count":1,"href":"https:\/\/dobner.it\/it\/wp-json\/wp\/v2\/product\/56233\/revisions"}],"predecessor-version":[{"id":84859,"href":"https:\/\/dobner.it\/it\/wp-json\/wp\/v2\/product\/56233\/revisions\/84859"}],"wp:featuredmedia":[{"embeddable":true,"href":"https:\/\/dobner.it\/it\/wp-json\/wp\/v2\/media\/56234"}],"wp:attachment":[{"href":"https:\/\/dobner.it\/it\/wp-json\/wp\/v2\/media?parent=56233"}],"wp:term":[{"taxonomy":"product_brand","embeddable":true,"href":"https:\/\/dobner.it\/it\/wp-json\/wp\/v2\/product_brand?post=56233"},{"taxonomy":"product_cat","embeddable":true,"href":"https:\/\/dobner.it\/it\/wp-json\/wp\/v2\/product_cat?post=56233"},{"taxonomy":"product_tag","embeddable":true,"href":"https:\/\/dobner.it\/it\/wp-json\/wp\/v2\/product_tag?post=56233"}],"curies":[{"name":"wp","href":"https:\/\/api.w.org\/{rel}","templated":true}]}}