{"id":55978,"date":"2022-12-12T12:04:39","date_gmt":"2022-12-12T11:04:39","guid":{"rendered":"https:\/\/dobner.it\/?post_type=product&#038;p=55978"},"modified":"2025-05-22T15:22:34","modified_gmt":"2025-05-22T13:22:34","slug":"orologio-chanel-premiere-acciaio-ceramica-bianca","status":"publish","type":"product","link":"https:\/\/dobner.it\/it\/prodotto\/orologio-chanel-premiere-acciaio-ceramica-bianca\/","title":{"rendered":"Orologio Chanel Premi\u00e8re in Acciaio e Ceramica Bianca"},"content":{"rendered":"<p><span style=\"font-weight: 400;\">Il PREMI\u00c8RE \u00e8 il primo orologio di Chanel, creato nel 1987 ed \u00e8 ispirato ai codici della Maison. Si tratta di un modello femminile e senza tempo, perfetto per tutte le occasioni, sia di giorno che di sera. La cassa evoca il tappo del flacone del profumo N\u00b05. Il bracciale originale con pelle intrecciata, come la catena delle classiche borse CHANEL, \u00e8 stato reinterpretato in versioni a catena, in ceramica o effetto velluto.<\/span><\/p>\n<p><span style=\"font-weight: 400;\">La cassa, da 19,7 x 15,2 x 7,8 mm, di questo modello Premi\u00e8re Ceramica \u00e8 in acciaio ed \u00e8 illuminata da 52 diamanti taglio brillante (~0,26 carati). Il quadrante \u00e8 laccato bianco.<\/span><\/p>\n<p><span style=\"font-weight: 400;\">L&#8217;orologio \u00e8 dotato di movimento al quarzo ad alta precisione.<\/span><\/p>\n<p><span style=\"font-weight: 400;\">Il bracciale \u00e8 in acciaio e ceramica bianca ad alta resistenza.<\/span><\/p>\n<p><span style=\"font-weight: 400;\">Impermeabilit\u00e0 fino a 30 metri.<\/span><\/p>\n<p><span style=\"font-weight: 400;\">Ref. H2132<\/span><\/p>\n","protected":false},"excerpt":{"rendered":"<p>Orologio Chanel Premi\u00e8re Ceramica \u00e8 in acciaio e ceramica bianca. Diamanti. Quadrante laccato bianco. Movimento al quarzo.<\/p>\n","protected":false},"featured_media":55979,"template":"","meta":[],"product_brand":[1132],"product_cat":[24],"product_tag":[],"class_list":{"0":"post-55978","1":"product","2":"type-product","3":"status-publish","4":"has-post-thumbnail","6":"product_brand-chanel","7":"product_cat-orologi","8":"pa_orologi-orologi-quarzo","9":"pa_orologi-orologi-solo-tempo","11":"first","12":"instock","13":"taxable","14":"shipping-taxable","15":"product-type-external","swatches":"rey-swatches","show_selected":""},"acf":[],"yoast_head":"<!-- This site is optimized with the Yoast SEO plugin v26.4 - https:\/\/yoast.com\/wordpress\/plugins\/seo\/ -->\n<title>Orologio Chanel Premi\u00e8re in Acciaio e Ceramica Bianca<\/title>\n<meta name=\"description\" content=\"Orologio Chanel Premi\u00e8re Ceramica \u00e8 in acciaio e ceramica bianca. Diamanti. Quadrante laccato bianco. Movimento al quarzo. Scopri di pi\u00f9\" \/>\n<meta name=\"robots\" content=\"index, follow, max-snippet:-1, max-image-preview:large, max-video-preview:-1\" \/>\n<link rel=\"canonical\" href=\"https:\/\/dobner.it\/it\/prodotto\/orologio-chanel-premiere-acciaio-ceramica-bianca\/\" \/>\n<meta property=\"og:locale\" content=\"it_IT\" \/>\n<meta property=\"og:type\" content=\"article\" \/>\n<meta property=\"og:title\" content=\"Orologio Chanel Premi\u00e8re in Acciaio e Ceramica Bianca\" \/>\n<meta property=\"og:description\" content=\"Orologio Chanel Premi\u00e8re Ceramica \u00e8 in acciaio e ceramica bianca. Diamanti. Quadrante laccato bianco. Movimento al quarzo. Scopri di pi\u00f9\" \/>\n<meta property=\"og:url\" content=\"https:\/\/dobner.it\/it\/prodotto\/orologio-chanel-premiere-acciaio-ceramica-bianca\/\" \/>\n<meta property=\"og:site_name\" content=\"Dobner\" \/>\n<meta property=\"article:modified_time\" content=\"2025-05-22T13:22:34+00:00\" \/>\n<meta property=\"og:image\" content=\"https:\/\/dobner.it\/wp-content\/uploads\/2022\/12\/orologio-chanel-premiere-in-acciaio-e-ceramica-bianca.jpg\" \/>\n\t<meta property=\"og:image:width\" content=\"1024\" \/>\n\t<meta property=\"og:image:height\" content=\"1024\" \/>\n\t<meta property=\"og:image:type\" content=\"image\/jpeg\" \/>\n<meta name=\"twitter:card\" content=\"summary_large_image\" \/>\n<meta name=\"twitter:label1\" content=\"Tempo di lettura stimato\" \/>\n\t<meta name=\"twitter:data1\" content=\"1 minuto\" \/>\n<script type=\"application\/ld+json\" class=\"yoast-schema-graph\">{\"@context\":\"https:\/\/schema.org\",\"@graph\":[{\"@type\":\"WebPage\",\"@id\":\"https:\/\/dobner.it\/it\/prodotto\/orologio-chanel-premiere-acciaio-ceramica-bianca\/\",\"url\":\"https:\/\/dobner.it\/it\/prodotto\/orologio-chanel-premiere-acciaio-ceramica-bianca\/\",\"name\":\"Orologio Chanel Premi\u00e8re in Acciaio e Ceramica Bianca\",\"isPartOf\":{\"@id\":\"https:\/\/dobner.it\/it\/#website\"},\"primaryImageOfPage\":{\"@id\":\"https:\/\/dobner.it\/it\/prodotto\/orologio-chanel-premiere-acciaio-ceramica-bianca\/#primaryimage\"},\"image\":{\"@id\":\"https:\/\/dobner.it\/it\/prodotto\/orologio-chanel-premiere-acciaio-ceramica-bianca\/#primaryimage\"},\"thumbnailUrl\":\"https:\/\/dobner.it\/wp-content\/uploads\/2022\/12\/orologio-chanel-premiere-in-acciaio-e-ceramica-bianca.jpg\",\"datePublished\":\"2022-12-12T11:04:39+00:00\",\"dateModified\":\"2025-05-22T13:22:34+00:00\",\"description\":\"Orologio Chanel Premi\u00e8re Ceramica \u00e8 in acciaio e ceramica bianca. Diamanti. Quadrante laccato bianco. Movimento al quarzo. Scopri di pi\u00f9\",\"breadcrumb\":{\"@id\":\"https:\/\/dobner.it\/it\/prodotto\/orologio-chanel-premiere-acciaio-ceramica-bianca\/#breadcrumb\"},\"inLanguage\":\"it-IT\",\"potentialAction\":[{\"@type\":\"ReadAction\",\"target\":[\"https:\/\/dobner.it\/it\/prodotto\/orologio-chanel-premiere-acciaio-ceramica-bianca\/\"]}]},{\"@type\":\"ImageObject\",\"inLanguage\":\"it-IT\",\"@id\":\"https:\/\/dobner.it\/it\/prodotto\/orologio-chanel-premiere-acciaio-ceramica-bianca\/#primaryimage\",\"url\":\"https:\/\/dobner.it\/wp-content\/uploads\/2022\/12\/orologio-chanel-premiere-in-acciaio-e-ceramica-bianca.jpg\",\"contentUrl\":\"https:\/\/dobner.it\/wp-content\/uploads\/2022\/12\/orologio-chanel-premiere-in-acciaio-e-ceramica-bianca.jpg\",\"width\":1024,\"height\":1024},{\"@type\":\"BreadcrumbList\",\"@id\":\"https:\/\/dobner.it\/it\/prodotto\/orologio-chanel-premiere-acciaio-ceramica-bianca\/#breadcrumb\",\"itemListElement\":[{\"@type\":\"ListItem\",\"position\":1,\"name\":\"Home\",\"item\":\"https:\/\/dobner.it\/it\/\"},{\"@type\":\"ListItem\",\"position\":2,\"name\":\"Prodotti\",\"item\":\"https:\/\/dobner.it\/it\/prodotti\/\"},{\"@type\":\"ListItem\",\"position\":3,\"name\":\"Orologio Chanel Premi\u00e8re in Acciaio e Ceramica Bianca\"}]},{\"@type\":\"WebSite\",\"@id\":\"https:\/\/dobner.it\/it\/#website\",\"url\":\"https:\/\/dobner.it\/it\/\",\"name\":\"Dobner\",\"description\":\"\",\"publisher\":{\"@id\":\"https:\/\/dobner.it\/it\/#organization\"},\"potentialAction\":[{\"@type\":\"SearchAction\",\"target\":{\"@type\":\"EntryPoint\",\"urlTemplate\":\"https:\/\/dobner.it\/it\/?s={search_term_string}\"},\"query-input\":{\"@type\":\"PropertyValueSpecification\",\"valueRequired\":true,\"valueName\":\"search_term_string\"}}],\"inLanguage\":\"it-IT\"},{\"@type\":\"Organization\",\"@id\":\"https:\/\/dobner.it\/it\/#organization\",\"name\":\"Dobner\",\"url\":\"https:\/\/dobner.it\/it\/\",\"logo\":{\"@type\":\"ImageObject\",\"inLanguage\":\"it-IT\",\"@id\":\"https:\/\/dobner.it\/it\/#\/schema\/logo\/image\/\",\"url\":\"https:\/\/dobner.it\/wp-content\/uploads\/2020\/10\/logo-email.png\",\"contentUrl\":\"https:\/\/dobner.it\/wp-content\/uploads\/2020\/10\/logo-email.png\",\"width\":188,\"height\":81,\"caption\":\"Dobner\"},\"image\":{\"@id\":\"https:\/\/dobner.it\/it\/#\/schema\/logo\/image\/\"}}]}<\/script>\n<!-- \/ Yoast SEO plugin. -->","yoast_head_json":{"title":"Orologio Chanel Premi\u00e8re in Acciaio e Ceramica Bianca","description":"Orologio Chanel Premi\u00e8re Ceramica \u00e8 in acciaio e ceramica bianca. Diamanti. Quadrante laccato bianco. Movimento al quarzo. Scopri di pi\u00f9","robots":{"index":"index","follow":"follow","max-snippet":"max-snippet:-1","max-image-preview":"max-image-preview:large","max-video-preview":"max-video-preview:-1"},"canonical":"https:\/\/dobner.it\/it\/prodotto\/orologio-chanel-premiere-acciaio-ceramica-bianca\/","og_locale":"it_IT","og_type":"article","og_title":"Orologio Chanel Premi\u00e8re in Acciaio e Ceramica Bianca","og_description":"Orologio Chanel Premi\u00e8re Ceramica \u00e8 in acciaio e ceramica bianca. Diamanti. Quadrante laccato bianco. Movimento al quarzo. Scopri di pi\u00f9","og_url":"https:\/\/dobner.it\/it\/prodotto\/orologio-chanel-premiere-acciaio-ceramica-bianca\/","og_site_name":"Dobner","article_modified_time":"2025-05-22T13:22:34+00:00","og_image":[{"width":1024,"height":1024,"url":"https:\/\/dobner.it\/wp-content\/uploads\/2022\/12\/orologio-chanel-premiere-in-acciaio-e-ceramica-bianca.jpg","type":"image\/jpeg"}],"twitter_card":"summary_large_image","twitter_misc":{"Tempo di lettura stimato":"1 minuto"},"schema":{"@context":"https:\/\/schema.org","@graph":[{"@type":"WebPage","@id":"https:\/\/dobner.it\/it\/prodotto\/orologio-chanel-premiere-acciaio-ceramica-bianca\/","url":"https:\/\/dobner.it\/it\/prodotto\/orologio-chanel-premiere-acciaio-ceramica-bianca\/","name":"Orologio Chanel Premi\u00e8re in Acciaio e Ceramica Bianca","isPartOf":{"@id":"https:\/\/dobner.it\/it\/#website"},"primaryImageOfPage":{"@id":"https:\/\/dobner.it\/it\/prodotto\/orologio-chanel-premiere-acciaio-ceramica-bianca\/#primaryimage"},"image":{"@id":"https:\/\/dobner.it\/it\/prodotto\/orologio-chanel-premiere-acciaio-ceramica-bianca\/#primaryimage"},"thumbnailUrl":"https:\/\/dobner.it\/wp-content\/uploads\/2022\/12\/orologio-chanel-premiere-in-acciaio-e-ceramica-bianca.jpg","datePublished":"2022-12-12T11:04:39+00:00","dateModified":"2025-05-22T13:22:34+00:00","description":"Orologio Chanel Premi\u00e8re Ceramica \u00e8 in acciaio e ceramica bianca. Diamanti. Quadrante laccato bianco. Movimento al quarzo. Scopri di pi\u00f9","breadcrumb":{"@id":"https:\/\/dobner.it\/it\/prodotto\/orologio-chanel-premiere-acciaio-ceramica-bianca\/#breadcrumb"},"inLanguage":"it-IT","potentialAction":[{"@type":"ReadAction","target":["https:\/\/dobner.it\/it\/prodotto\/orologio-chanel-premiere-acciaio-ceramica-bianca\/"]}]},{"@type":"ImageObject","inLanguage":"it-IT","@id":"https:\/\/dobner.it\/it\/prodotto\/orologio-chanel-premiere-acciaio-ceramica-bianca\/#primaryimage","url":"https:\/\/dobner.it\/wp-content\/uploads\/2022\/12\/orologio-chanel-premiere-in-acciaio-e-ceramica-bianca.jpg","contentUrl":"https:\/\/dobner.it\/wp-content\/uploads\/2022\/12\/orologio-chanel-premiere-in-acciaio-e-ceramica-bianca.jpg","width":1024,"height":1024},{"@type":"BreadcrumbList","@id":"https:\/\/dobner.it\/it\/prodotto\/orologio-chanel-premiere-acciaio-ceramica-bianca\/#breadcrumb","itemListElement":[{"@type":"ListItem","position":1,"name":"Home","item":"https:\/\/dobner.it\/it\/"},{"@type":"ListItem","position":2,"name":"Prodotti","item":"https:\/\/dobner.it\/it\/prodotti\/"},{"@type":"ListItem","position":3,"name":"Orologio Chanel Premi\u00e8re in Acciaio e Ceramica Bianca"}]},{"@type":"WebSite","@id":"https:\/\/dobner.it\/it\/#website","url":"https:\/\/dobner.it\/it\/","name":"Dobner","description":"","publisher":{"@id":"https:\/\/dobner.it\/it\/#organization"},"potentialAction":[{"@type":"SearchAction","target":{"@type":"EntryPoint","urlTemplate":"https:\/\/dobner.it\/it\/?s={search_term_string}"},"query-input":{"@type":"PropertyValueSpecification","valueRequired":true,"valueName":"search_term_string"}}],"inLanguage":"it-IT"},{"@type":"Organization","@id":"https:\/\/dobner.it\/it\/#organization","name":"Dobner","url":"https:\/\/dobner.it\/it\/","logo":{"@type":"ImageObject","inLanguage":"it-IT","@id":"https:\/\/dobner.it\/it\/#\/schema\/logo\/image\/","url":"https:\/\/dobner.it\/wp-content\/uploads\/2020\/10\/logo-email.png","contentUrl":"https:\/\/dobner.it\/wp-content\/uploads\/2020\/10\/logo-email.png","width":188,"height":81,"caption":"Dobner"},"image":{"@id":"https:\/\/dobner.it\/it\/#\/schema\/logo\/image\/"}}]}},"_links":{"self":[{"href":"https:\/\/dobner.it\/it\/wp-json\/wp\/v2\/product\/55978","targetHints":{"allow":["GET"]}}],"collection":[{"href":"https:\/\/dobner.it\/it\/wp-json\/wp\/v2\/product"}],"about":[{"href":"https:\/\/dobner.it\/it\/wp-json\/wp\/v2\/types\/product"}],"version-history":[{"count":1,"href":"https:\/\/dobner.it\/it\/wp-json\/wp\/v2\/product\/55978\/revisions"}],"predecessor-version":[{"id":84344,"href":"https:\/\/dobner.it\/it\/wp-json\/wp\/v2\/product\/55978\/revisions\/84344"}],"wp:featuredmedia":[{"embeddable":true,"href":"https:\/\/dobner.it\/it\/wp-json\/wp\/v2\/media\/55979"}],"wp:attachment":[{"href":"https:\/\/dobner.it\/it\/wp-json\/wp\/v2\/media?parent=55978"}],"wp:term":[{"taxonomy":"product_brand","embeddable":true,"href":"https:\/\/dobner.it\/it\/wp-json\/wp\/v2\/product_brand?post=55978"},{"taxonomy":"product_cat","embeddable":true,"href":"https:\/\/dobner.it\/it\/wp-json\/wp\/v2\/product_cat?post=55978"},{"taxonomy":"product_tag","embeddable":true,"href":"https:\/\/dobner.it\/it\/wp-json\/wp\/v2\/product_tag?post=55978"}],"curies":[{"name":"wp","href":"https:\/\/api.w.org\/{rel}","templated":true}]}}