{"id":55974,"date":"2022-12-12T11:47:51","date_gmt":"2022-12-12T10:47:51","guid":{"rendered":"https:\/\/dobner.it\/?post_type=product&#038;p=55974"},"modified":"2024-07-05T09:08:08","modified_gmt":"2024-07-05T07:08:08","slug":"orologio-chanel-premiere-acciaio-ceramica-nera","status":"publish","type":"product","link":"https:\/\/dobner.it\/it\/prodotto\/orologio-chanel-premiere-acciaio-ceramica-nera\/","title":{"rendered":"Orologio Chanel Premi\u00e8re in Acciaio e Ceramica Nera"},"content":{"rendered":"<p><span style=\"font-weight: 400\">Il PREMI\u00c8RE \u00e8 il primo orologio di Chanel, creato nel 1987 ed \u00e8 ispirato ai codici della Maison. Si tratta di un modello femminile e senza tempo, perfetto per tutte le occasioni, sia di giorno che di sera. La cassa evoca il tappo del flacone del profumo N\u00b05. Il bracciale originale con pelle intrecciata, come la catena delle classiche borse CHANEL, \u00e8 stato reinterpretato in versioni a catena, in ceramica o effetto velluto.<\/span><\/p>\n<p><span style=\"font-weight: 400\">La cassa, da 19,7 x 15,2 x 7,8 mm, di questo modello Premi\u00e8re Ceramica \u00e8 in acciaio ed \u00e8 illuminata da 52 diamanti taglio brillante (~0,26 carati). Il quadrante \u00e8 laccato nero.<\/span><\/p>\n<p><span style=\"font-weight: 400\">L&#8217;orologio \u00e8 dotato di movimento al quarzo ad alta precisione.<\/span><\/p>\n<p><span style=\"font-weight: 400\">Il bracciale \u00e8 in acciaio e ceramica nera ad alta resistenza.<\/span><\/p>\n<p><span style=\"font-weight: 400\">Impermeabilit\u00e0 fino a 30 metri.<\/span><\/p>\n<p><span style=\"font-weight: 400\">Ref. H2163<\/span><\/p>\n","protected":false},"excerpt":{"rendered":"<p>Orologio Chanel Premi\u00e8re Ceramica \u00e8 in acciaio e ceramica nera. Diamanti. Quadrante laccato nero. Movimento al quarzo.<\/p>\n","protected":false},"featured_media":55975,"template":"","meta":[],"product_brand":[1132],"product_cat":[24],"product_tag":[],"class_list":{"0":"post-55974","1":"product","2":"type-product","3":"status-publish","4":"has-post-thumbnail","6":"product_brand-chanel","7":"product_cat-orologi","8":"pa_orologi-orologi-quarzo","10":"first","11":"instock","12":"taxable","13":"shipping-taxable","14":"product-type-external","swatches":"rey-swatches","show_selected":""},"acf":[],"yoast_head":"<!-- This site is optimized with the Yoast SEO plugin v26.4 - https:\/\/yoast.com\/wordpress\/plugins\/seo\/ -->\n<title>Orologio Chanel Premi\u00e8re in Acciaio e Ceramica Nera - Dobner<\/title>\n<meta name=\"description\" content=\"Orologio Chanel Premi\u00e8re Ceramica \u00e8 in acciaio e ceramica nera. Diamanti. Quadrante laccato nero. Movimento al quarzo.\" \/>\n<meta name=\"robots\" content=\"index, follow, max-snippet:-1, max-image-preview:large, max-video-preview:-1\" \/>\n<link rel=\"canonical\" href=\"https:\/\/dobner.it\/it\/prodotto\/orologio-chanel-premiere-acciaio-ceramica-nera\/\" \/>\n<meta property=\"og:locale\" content=\"it_IT\" \/>\n<meta property=\"og:type\" content=\"article\" \/>\n<meta property=\"og:title\" content=\"Orologio Chanel Premi\u00e8re in Acciaio e Ceramica Nera - Dobner\" \/>\n<meta property=\"og:description\" content=\"Orologio Chanel Premi\u00e8re Ceramica \u00e8 in acciaio e ceramica nera. Diamanti. Quadrante laccato nero. Movimento al quarzo.\" \/>\n<meta property=\"og:url\" content=\"https:\/\/dobner.it\/it\/prodotto\/orologio-chanel-premiere-acciaio-ceramica-nera\/\" \/>\n<meta property=\"og:site_name\" content=\"Dobner\" \/>\n<meta property=\"article:modified_time\" content=\"2024-07-05T07:08:08+00:00\" \/>\n<meta property=\"og:image\" content=\"https:\/\/dobner.it\/wp-content\/uploads\/2022\/12\/orologio-chanel-premiere-in-acciaio-e-ceramica-nera.jpg\" \/>\n\t<meta property=\"og:image:width\" content=\"1024\" \/>\n\t<meta property=\"og:image:height\" content=\"1024\" \/>\n\t<meta property=\"og:image:type\" content=\"image\/jpeg\" \/>\n<meta name=\"twitter:card\" content=\"summary_large_image\" \/>\n<meta name=\"twitter:label1\" content=\"Tempo di lettura stimato\" \/>\n\t<meta name=\"twitter:data1\" content=\"1 minuto\" \/>\n<script type=\"application\/ld+json\" class=\"yoast-schema-graph\">{\"@context\":\"https:\/\/schema.org\",\"@graph\":[{\"@type\":\"WebPage\",\"@id\":\"https:\/\/dobner.it\/it\/prodotto\/orologio-chanel-premiere-acciaio-ceramica-nera\/\",\"url\":\"https:\/\/dobner.it\/it\/prodotto\/orologio-chanel-premiere-acciaio-ceramica-nera\/\",\"name\":\"Orologio Chanel Premi\u00e8re in Acciaio e Ceramica Nera - Dobner\",\"isPartOf\":{\"@id\":\"https:\/\/dobner.it\/it\/#website\"},\"primaryImageOfPage\":{\"@id\":\"https:\/\/dobner.it\/it\/prodotto\/orologio-chanel-premiere-acciaio-ceramica-nera\/#primaryimage\"},\"image\":{\"@id\":\"https:\/\/dobner.it\/it\/prodotto\/orologio-chanel-premiere-acciaio-ceramica-nera\/#primaryimage\"},\"thumbnailUrl\":\"https:\/\/dobner.it\/wp-content\/uploads\/2022\/12\/orologio-chanel-premiere-in-acciaio-e-ceramica-nera.jpg\",\"datePublished\":\"2022-12-12T10:47:51+00:00\",\"dateModified\":\"2024-07-05T07:08:08+00:00\",\"description\":\"Orologio Chanel Premi\u00e8re Ceramica \u00e8 in acciaio e ceramica nera. Diamanti. Quadrante laccato nero. Movimento al quarzo.\",\"breadcrumb\":{\"@id\":\"https:\/\/dobner.it\/it\/prodotto\/orologio-chanel-premiere-acciaio-ceramica-nera\/#breadcrumb\"},\"inLanguage\":\"it-IT\",\"potentialAction\":[{\"@type\":\"ReadAction\",\"target\":[\"https:\/\/dobner.it\/it\/prodotto\/orologio-chanel-premiere-acciaio-ceramica-nera\/\"]}]},{\"@type\":\"ImageObject\",\"inLanguage\":\"it-IT\",\"@id\":\"https:\/\/dobner.it\/it\/prodotto\/orologio-chanel-premiere-acciaio-ceramica-nera\/#primaryimage\",\"url\":\"https:\/\/dobner.it\/wp-content\/uploads\/2022\/12\/orologio-chanel-premiere-in-acciaio-e-ceramica-nera.jpg\",\"contentUrl\":\"https:\/\/dobner.it\/wp-content\/uploads\/2022\/12\/orologio-chanel-premiere-in-acciaio-e-ceramica-nera.jpg\",\"width\":1024,\"height\":1024},{\"@type\":\"BreadcrumbList\",\"@id\":\"https:\/\/dobner.it\/it\/prodotto\/orologio-chanel-premiere-acciaio-ceramica-nera\/#breadcrumb\",\"itemListElement\":[{\"@type\":\"ListItem\",\"position\":1,\"name\":\"Home\",\"item\":\"https:\/\/dobner.it\/it\/\"},{\"@type\":\"ListItem\",\"position\":2,\"name\":\"Prodotti\",\"item\":\"https:\/\/dobner.it\/it\/prodotti\/\"},{\"@type\":\"ListItem\",\"position\":3,\"name\":\"Orologio Chanel Premi\u00e8re in Acciaio e Ceramica Nera\"}]},{\"@type\":\"WebSite\",\"@id\":\"https:\/\/dobner.it\/it\/#website\",\"url\":\"https:\/\/dobner.it\/it\/\",\"name\":\"Dobner\",\"description\":\"\",\"publisher\":{\"@id\":\"https:\/\/dobner.it\/it\/#organization\"},\"potentialAction\":[{\"@type\":\"SearchAction\",\"target\":{\"@type\":\"EntryPoint\",\"urlTemplate\":\"https:\/\/dobner.it\/it\/?s={search_term_string}\"},\"query-input\":{\"@type\":\"PropertyValueSpecification\",\"valueRequired\":true,\"valueName\":\"search_term_string\"}}],\"inLanguage\":\"it-IT\"},{\"@type\":\"Organization\",\"@id\":\"https:\/\/dobner.it\/it\/#organization\",\"name\":\"Dobner\",\"url\":\"https:\/\/dobner.it\/it\/\",\"logo\":{\"@type\":\"ImageObject\",\"inLanguage\":\"it-IT\",\"@id\":\"https:\/\/dobner.it\/it\/#\/schema\/logo\/image\/\",\"url\":\"https:\/\/dobner.it\/wp-content\/uploads\/2020\/10\/logo-email.png\",\"contentUrl\":\"https:\/\/dobner.it\/wp-content\/uploads\/2020\/10\/logo-email.png\",\"width\":188,\"height\":81,\"caption\":\"Dobner\"},\"image\":{\"@id\":\"https:\/\/dobner.it\/it\/#\/schema\/logo\/image\/\"}}]}<\/script>\n<!-- \/ Yoast SEO plugin. -->","yoast_head_json":{"title":"Orologio Chanel Premi\u00e8re in Acciaio e Ceramica Nera - Dobner","description":"Orologio Chanel Premi\u00e8re Ceramica \u00e8 in acciaio e ceramica nera. Diamanti. Quadrante laccato nero. Movimento al quarzo.","robots":{"index":"index","follow":"follow","max-snippet":"max-snippet:-1","max-image-preview":"max-image-preview:large","max-video-preview":"max-video-preview:-1"},"canonical":"https:\/\/dobner.it\/it\/prodotto\/orologio-chanel-premiere-acciaio-ceramica-nera\/","og_locale":"it_IT","og_type":"article","og_title":"Orologio Chanel Premi\u00e8re in Acciaio e Ceramica Nera - Dobner","og_description":"Orologio Chanel Premi\u00e8re Ceramica \u00e8 in acciaio e ceramica nera. Diamanti. Quadrante laccato nero. Movimento al quarzo.","og_url":"https:\/\/dobner.it\/it\/prodotto\/orologio-chanel-premiere-acciaio-ceramica-nera\/","og_site_name":"Dobner","article_modified_time":"2024-07-05T07:08:08+00:00","og_image":[{"width":1024,"height":1024,"url":"https:\/\/dobner.it\/wp-content\/uploads\/2022\/12\/orologio-chanel-premiere-in-acciaio-e-ceramica-nera.jpg","type":"image\/jpeg"}],"twitter_card":"summary_large_image","twitter_misc":{"Tempo di lettura stimato":"1 minuto"},"schema":{"@context":"https:\/\/schema.org","@graph":[{"@type":"WebPage","@id":"https:\/\/dobner.it\/it\/prodotto\/orologio-chanel-premiere-acciaio-ceramica-nera\/","url":"https:\/\/dobner.it\/it\/prodotto\/orologio-chanel-premiere-acciaio-ceramica-nera\/","name":"Orologio Chanel Premi\u00e8re in Acciaio e Ceramica Nera - Dobner","isPartOf":{"@id":"https:\/\/dobner.it\/it\/#website"},"primaryImageOfPage":{"@id":"https:\/\/dobner.it\/it\/prodotto\/orologio-chanel-premiere-acciaio-ceramica-nera\/#primaryimage"},"image":{"@id":"https:\/\/dobner.it\/it\/prodotto\/orologio-chanel-premiere-acciaio-ceramica-nera\/#primaryimage"},"thumbnailUrl":"https:\/\/dobner.it\/wp-content\/uploads\/2022\/12\/orologio-chanel-premiere-in-acciaio-e-ceramica-nera.jpg","datePublished":"2022-12-12T10:47:51+00:00","dateModified":"2024-07-05T07:08:08+00:00","description":"Orologio Chanel Premi\u00e8re Ceramica \u00e8 in acciaio e ceramica nera. Diamanti. Quadrante laccato nero. Movimento al quarzo.","breadcrumb":{"@id":"https:\/\/dobner.it\/it\/prodotto\/orologio-chanel-premiere-acciaio-ceramica-nera\/#breadcrumb"},"inLanguage":"it-IT","potentialAction":[{"@type":"ReadAction","target":["https:\/\/dobner.it\/it\/prodotto\/orologio-chanel-premiere-acciaio-ceramica-nera\/"]}]},{"@type":"ImageObject","inLanguage":"it-IT","@id":"https:\/\/dobner.it\/it\/prodotto\/orologio-chanel-premiere-acciaio-ceramica-nera\/#primaryimage","url":"https:\/\/dobner.it\/wp-content\/uploads\/2022\/12\/orologio-chanel-premiere-in-acciaio-e-ceramica-nera.jpg","contentUrl":"https:\/\/dobner.it\/wp-content\/uploads\/2022\/12\/orologio-chanel-premiere-in-acciaio-e-ceramica-nera.jpg","width":1024,"height":1024},{"@type":"BreadcrumbList","@id":"https:\/\/dobner.it\/it\/prodotto\/orologio-chanel-premiere-acciaio-ceramica-nera\/#breadcrumb","itemListElement":[{"@type":"ListItem","position":1,"name":"Home","item":"https:\/\/dobner.it\/it\/"},{"@type":"ListItem","position":2,"name":"Prodotti","item":"https:\/\/dobner.it\/it\/prodotti\/"},{"@type":"ListItem","position":3,"name":"Orologio Chanel Premi\u00e8re in Acciaio e Ceramica Nera"}]},{"@type":"WebSite","@id":"https:\/\/dobner.it\/it\/#website","url":"https:\/\/dobner.it\/it\/","name":"Dobner","description":"","publisher":{"@id":"https:\/\/dobner.it\/it\/#organization"},"potentialAction":[{"@type":"SearchAction","target":{"@type":"EntryPoint","urlTemplate":"https:\/\/dobner.it\/it\/?s={search_term_string}"},"query-input":{"@type":"PropertyValueSpecification","valueRequired":true,"valueName":"search_term_string"}}],"inLanguage":"it-IT"},{"@type":"Organization","@id":"https:\/\/dobner.it\/it\/#organization","name":"Dobner","url":"https:\/\/dobner.it\/it\/","logo":{"@type":"ImageObject","inLanguage":"it-IT","@id":"https:\/\/dobner.it\/it\/#\/schema\/logo\/image\/","url":"https:\/\/dobner.it\/wp-content\/uploads\/2020\/10\/logo-email.png","contentUrl":"https:\/\/dobner.it\/wp-content\/uploads\/2020\/10\/logo-email.png","width":188,"height":81,"caption":"Dobner"},"image":{"@id":"https:\/\/dobner.it\/it\/#\/schema\/logo\/image\/"}}]}},"_links":{"self":[{"href":"https:\/\/dobner.it\/it\/wp-json\/wp\/v2\/product\/55974","targetHints":{"allow":["GET"]}}],"collection":[{"href":"https:\/\/dobner.it\/it\/wp-json\/wp\/v2\/product"}],"about":[{"href":"https:\/\/dobner.it\/it\/wp-json\/wp\/v2\/types\/product"}],"version-history":[{"count":0,"href":"https:\/\/dobner.it\/it\/wp-json\/wp\/v2\/product\/55974\/revisions"}],"wp:featuredmedia":[{"embeddable":true,"href":"https:\/\/dobner.it\/it\/wp-json\/wp\/v2\/media\/55975"}],"wp:attachment":[{"href":"https:\/\/dobner.it\/it\/wp-json\/wp\/v2\/media?parent=55974"}],"wp:term":[{"taxonomy":"product_brand","embeddable":true,"href":"https:\/\/dobner.it\/it\/wp-json\/wp\/v2\/product_brand?post=55974"},{"taxonomy":"product_cat","embeddable":true,"href":"https:\/\/dobner.it\/it\/wp-json\/wp\/v2\/product_cat?post=55974"},{"taxonomy":"product_tag","embeddable":true,"href":"https:\/\/dobner.it\/it\/wp-json\/wp\/v2\/product_tag?post=55974"}],"curies":[{"name":"wp","href":"https:\/\/api.w.org\/{rel}","templated":true}]}}