{"id":55918,"date":"2022-12-12T08:56:53","date_gmt":"2022-12-12T07:56:53","guid":{"rendered":"https:\/\/dobner.it\/?post_type=product&#038;p=55918"},"modified":"2025-02-26T11:25:45","modified_gmt":"2025-02-26T10:25:45","slug":"orologio-chanel-premiere-edition-originale","status":"publish","type":"product","link":"https:\/\/dobner.it\/it\/prodotto\/orologio-chanel-premiere-edition-originale\/","title":{"rendered":"Orologio Chanel Premi\u00e8re \u00c9dition Originale"},"content":{"rendered":"<div id=\"_nstsi9bfb_positioner\" class=\"Block_root__nWdeU Positioner_root__N1-aO Positioner_inCol__k77-j puls-col-12 puls-d-flex puls-col-md-8 puls-d-md-flex puls-offset-auto puls-offset-md-2\" data-test=\"positioner\">\n<div id=\"_nstsi9bfb\" class=\"Block_subDiv__vTPjd Block_maxWidth__ldFjp\" data-test=\"block\" data-testid=\"_nstsi9bfb\" data-blocktype=\"Text\">\n<div class=\"Block_height100__4JFEj\">\n<p><span style=\"font-weight: 400\">Il PREMI\u00c8RE \u00e8 il primo orologio di Chanel, creato nel 1987 ed \u00e8 ispirato ai codici della Maison. Si tratta di un modello femminile e senza tempo, perfetto per tutte le occasioni, sia di giorno che di sera. La cassa evoca il tappo del flacone del profumo N\u00b05. Il bracciale originale con pelle intrecciata, come la catena delle classiche borse CHANEL, \u00e8 stato reinterpretato in versioni a catena, in ceramica o effetto velluto.<\/span><\/p>\n<p><span style=\"font-weight: 400\">La cassa, da 26,1 x 20 x 7,6 mm, di questo modello Premi\u00e8re \u00c9dition Originale \u00e8 in acciaio placcata oro giallo 18 carati (0,1 micron). Corona in acciaio placcata oro giallo 18 carati (0,1 micron) e cabochon in onice. Il quadrante \u00e8 laccato nero.<\/span><\/p>\n<p><span style=\"font-weight: 400\">L&#8217;orologio \u00e8 dotato di movimento al quarzo ad alta precisione.<\/span><\/p>\n<p><span style=\"font-weight: 400\">Il bracciale \u00e8 a catena in acciaio placcato oro giallo 18 carati (0,1 micron) intrecciato con pelle nera.<\/span><\/p>\n<p><span style=\"font-weight: 400\">Impermeabilit\u00e0 fino a 30 metri.<\/span><\/p>\n<p><span style=\"font-weight: 400\">Ref. H6951<\/span><\/p>\n<\/div>\n<\/div>\n<\/div>\n","protected":false},"excerpt":{"rendered":"<p><span style=\"font-weight: 400\">Orologio Chanel Premi\u00e8re \u00c9dition Originale con cassa in acciaio placcata oro giallo 18 carati. Quadrante laccato nero. Movimento al quarzo.<\/span><\/p>\n","protected":false},"featured_media":55919,"template":"","meta":[],"product_brand":[1132],"product_cat":[24],"product_tag":[],"class_list":{"0":"post-55918","1":"product","2":"type-product","3":"status-publish","4":"has-post-thumbnail","6":"product_brand-chanel","7":"product_cat-orologi","8":"pa_orologi-orologi-quarzo","9":"pa_orologi-orologi-solo-tempo","11":"first","12":"instock","13":"taxable","14":"shipping-taxable","15":"product-type-external","swatches":"rey-swatches","show_selected":""},"acf":[],"yoast_head":"<!-- This site is optimized with the Yoast SEO plugin v26.4 - https:\/\/yoast.com\/wordpress\/plugins\/seo\/ -->\n<title>Orologio Chanel Premi\u00e8re \u00c9dition Originale - Dobner<\/title>\n<meta name=\"description\" content=\"Orologio Chanel Premi\u00e8re \u00c9dition Originale con cassa in acciaio placcata oro giallo 18 carati. Quadrante laccato nero. Movimento al quarzo.\" \/>\n<meta name=\"robots\" content=\"index, follow, max-snippet:-1, max-image-preview:large, max-video-preview:-1\" \/>\n<link rel=\"canonical\" href=\"https:\/\/dobner.it\/it\/prodotto\/orologio-chanel-premiere-edition-originale\/\" \/>\n<meta property=\"og:locale\" content=\"it_IT\" \/>\n<meta property=\"og:type\" content=\"article\" \/>\n<meta property=\"og:title\" content=\"Orologio Chanel Premi\u00e8re \u00c9dition Originale - Dobner\" \/>\n<meta property=\"og:description\" content=\"Orologio Chanel Premi\u00e8re \u00c9dition Originale con cassa in acciaio placcata oro giallo 18 carati. Quadrante laccato nero. Movimento al quarzo.\" \/>\n<meta property=\"og:url\" content=\"https:\/\/dobner.it\/it\/prodotto\/orologio-chanel-premiere-edition-originale\/\" \/>\n<meta property=\"og:site_name\" content=\"Dobner\" \/>\n<meta property=\"article:modified_time\" content=\"2025-02-26T10:25:45+00:00\" \/>\n<meta property=\"og:image\" content=\"https:\/\/dobner.it\/wp-content\/uploads\/2022\/12\/orologio-chanel-premiere-edition-originale.jpg\" \/>\n\t<meta property=\"og:image:width\" content=\"1024\" \/>\n\t<meta property=\"og:image:height\" content=\"1024\" \/>\n\t<meta property=\"og:image:type\" content=\"image\/jpeg\" \/>\n<meta name=\"twitter:card\" content=\"summary_large_image\" \/>\n<meta name=\"twitter:label1\" content=\"Tempo di lettura stimato\" \/>\n\t<meta name=\"twitter:data1\" content=\"1 minuto\" \/>\n<script type=\"application\/ld+json\" class=\"yoast-schema-graph\">{\"@context\":\"https:\/\/schema.org\",\"@graph\":[{\"@type\":\"WebPage\",\"@id\":\"https:\/\/dobner.it\/it\/prodotto\/orologio-chanel-premiere-edition-originale\/\",\"url\":\"https:\/\/dobner.it\/it\/prodotto\/orologio-chanel-premiere-edition-originale\/\",\"name\":\"Orologio Chanel Premi\u00e8re \u00c9dition Originale - Dobner\",\"isPartOf\":{\"@id\":\"https:\/\/dobner.it\/it\/#website\"},\"primaryImageOfPage\":{\"@id\":\"https:\/\/dobner.it\/it\/prodotto\/orologio-chanel-premiere-edition-originale\/#primaryimage\"},\"image\":{\"@id\":\"https:\/\/dobner.it\/it\/prodotto\/orologio-chanel-premiere-edition-originale\/#primaryimage\"},\"thumbnailUrl\":\"https:\/\/dobner.it\/wp-content\/uploads\/2022\/12\/orologio-chanel-premiere-edition-originale.jpg\",\"datePublished\":\"2022-12-12T07:56:53+00:00\",\"dateModified\":\"2025-02-26T10:25:45+00:00\",\"description\":\"Orologio Chanel Premi\u00e8re \u00c9dition Originale con cassa in acciaio placcata oro giallo 18 carati. Quadrante laccato nero. Movimento al quarzo.\",\"breadcrumb\":{\"@id\":\"https:\/\/dobner.it\/it\/prodotto\/orologio-chanel-premiere-edition-originale\/#breadcrumb\"},\"inLanguage\":\"it-IT\",\"potentialAction\":[{\"@type\":\"ReadAction\",\"target\":[\"https:\/\/dobner.it\/it\/prodotto\/orologio-chanel-premiere-edition-originale\/\"]}]},{\"@type\":\"ImageObject\",\"inLanguage\":\"it-IT\",\"@id\":\"https:\/\/dobner.it\/it\/prodotto\/orologio-chanel-premiere-edition-originale\/#primaryimage\",\"url\":\"https:\/\/dobner.it\/wp-content\/uploads\/2022\/12\/orologio-chanel-premiere-edition-originale.jpg\",\"contentUrl\":\"https:\/\/dobner.it\/wp-content\/uploads\/2022\/12\/orologio-chanel-premiere-edition-originale.jpg\",\"width\":1024,\"height\":1024},{\"@type\":\"BreadcrumbList\",\"@id\":\"https:\/\/dobner.it\/it\/prodotto\/orologio-chanel-premiere-edition-originale\/#breadcrumb\",\"itemListElement\":[{\"@type\":\"ListItem\",\"position\":1,\"name\":\"Home\",\"item\":\"https:\/\/dobner.it\/it\/\"},{\"@type\":\"ListItem\",\"position\":2,\"name\":\"Prodotti\",\"item\":\"https:\/\/dobner.it\/it\/prodotti\/\"},{\"@type\":\"ListItem\",\"position\":3,\"name\":\"Orologio Chanel Premi\u00e8re \u00c9dition Originale\"}]},{\"@type\":\"WebSite\",\"@id\":\"https:\/\/dobner.it\/it\/#website\",\"url\":\"https:\/\/dobner.it\/it\/\",\"name\":\"Dobner\",\"description\":\"\",\"publisher\":{\"@id\":\"https:\/\/dobner.it\/it\/#organization\"},\"potentialAction\":[{\"@type\":\"SearchAction\",\"target\":{\"@type\":\"EntryPoint\",\"urlTemplate\":\"https:\/\/dobner.it\/it\/?s={search_term_string}\"},\"query-input\":{\"@type\":\"PropertyValueSpecification\",\"valueRequired\":true,\"valueName\":\"search_term_string\"}}],\"inLanguage\":\"it-IT\"},{\"@type\":\"Organization\",\"@id\":\"https:\/\/dobner.it\/it\/#organization\",\"name\":\"Dobner\",\"url\":\"https:\/\/dobner.it\/it\/\",\"logo\":{\"@type\":\"ImageObject\",\"inLanguage\":\"it-IT\",\"@id\":\"https:\/\/dobner.it\/it\/#\/schema\/logo\/image\/\",\"url\":\"https:\/\/dobner.it\/wp-content\/uploads\/2020\/10\/logo-email.png\",\"contentUrl\":\"https:\/\/dobner.it\/wp-content\/uploads\/2020\/10\/logo-email.png\",\"width\":188,\"height\":81,\"caption\":\"Dobner\"},\"image\":{\"@id\":\"https:\/\/dobner.it\/it\/#\/schema\/logo\/image\/\"}}]}<\/script>\n<!-- \/ Yoast SEO plugin. -->","yoast_head_json":{"title":"Orologio Chanel Premi\u00e8re \u00c9dition Originale - Dobner","description":"Orologio Chanel Premi\u00e8re \u00c9dition Originale con cassa in acciaio placcata oro giallo 18 carati. Quadrante laccato nero. Movimento al quarzo.","robots":{"index":"index","follow":"follow","max-snippet":"max-snippet:-1","max-image-preview":"max-image-preview:large","max-video-preview":"max-video-preview:-1"},"canonical":"https:\/\/dobner.it\/it\/prodotto\/orologio-chanel-premiere-edition-originale\/","og_locale":"it_IT","og_type":"article","og_title":"Orologio Chanel Premi\u00e8re \u00c9dition Originale - Dobner","og_description":"Orologio Chanel Premi\u00e8re \u00c9dition Originale con cassa in acciaio placcata oro giallo 18 carati. Quadrante laccato nero. Movimento al quarzo.","og_url":"https:\/\/dobner.it\/it\/prodotto\/orologio-chanel-premiere-edition-originale\/","og_site_name":"Dobner","article_modified_time":"2025-02-26T10:25:45+00:00","og_image":[{"width":1024,"height":1024,"url":"https:\/\/dobner.it\/wp-content\/uploads\/2022\/12\/orologio-chanel-premiere-edition-originale.jpg","type":"image\/jpeg"}],"twitter_card":"summary_large_image","twitter_misc":{"Tempo di lettura stimato":"1 minuto"},"schema":{"@context":"https:\/\/schema.org","@graph":[{"@type":"WebPage","@id":"https:\/\/dobner.it\/it\/prodotto\/orologio-chanel-premiere-edition-originale\/","url":"https:\/\/dobner.it\/it\/prodotto\/orologio-chanel-premiere-edition-originale\/","name":"Orologio Chanel Premi\u00e8re \u00c9dition Originale - Dobner","isPartOf":{"@id":"https:\/\/dobner.it\/it\/#website"},"primaryImageOfPage":{"@id":"https:\/\/dobner.it\/it\/prodotto\/orologio-chanel-premiere-edition-originale\/#primaryimage"},"image":{"@id":"https:\/\/dobner.it\/it\/prodotto\/orologio-chanel-premiere-edition-originale\/#primaryimage"},"thumbnailUrl":"https:\/\/dobner.it\/wp-content\/uploads\/2022\/12\/orologio-chanel-premiere-edition-originale.jpg","datePublished":"2022-12-12T07:56:53+00:00","dateModified":"2025-02-26T10:25:45+00:00","description":"Orologio Chanel Premi\u00e8re \u00c9dition Originale con cassa in acciaio placcata oro giallo 18 carati. Quadrante laccato nero. Movimento al quarzo.","breadcrumb":{"@id":"https:\/\/dobner.it\/it\/prodotto\/orologio-chanel-premiere-edition-originale\/#breadcrumb"},"inLanguage":"it-IT","potentialAction":[{"@type":"ReadAction","target":["https:\/\/dobner.it\/it\/prodotto\/orologio-chanel-premiere-edition-originale\/"]}]},{"@type":"ImageObject","inLanguage":"it-IT","@id":"https:\/\/dobner.it\/it\/prodotto\/orologio-chanel-premiere-edition-originale\/#primaryimage","url":"https:\/\/dobner.it\/wp-content\/uploads\/2022\/12\/orologio-chanel-premiere-edition-originale.jpg","contentUrl":"https:\/\/dobner.it\/wp-content\/uploads\/2022\/12\/orologio-chanel-premiere-edition-originale.jpg","width":1024,"height":1024},{"@type":"BreadcrumbList","@id":"https:\/\/dobner.it\/it\/prodotto\/orologio-chanel-premiere-edition-originale\/#breadcrumb","itemListElement":[{"@type":"ListItem","position":1,"name":"Home","item":"https:\/\/dobner.it\/it\/"},{"@type":"ListItem","position":2,"name":"Prodotti","item":"https:\/\/dobner.it\/it\/prodotti\/"},{"@type":"ListItem","position":3,"name":"Orologio Chanel Premi\u00e8re \u00c9dition Originale"}]},{"@type":"WebSite","@id":"https:\/\/dobner.it\/it\/#website","url":"https:\/\/dobner.it\/it\/","name":"Dobner","description":"","publisher":{"@id":"https:\/\/dobner.it\/it\/#organization"},"potentialAction":[{"@type":"SearchAction","target":{"@type":"EntryPoint","urlTemplate":"https:\/\/dobner.it\/it\/?s={search_term_string}"},"query-input":{"@type":"PropertyValueSpecification","valueRequired":true,"valueName":"search_term_string"}}],"inLanguage":"it-IT"},{"@type":"Organization","@id":"https:\/\/dobner.it\/it\/#organization","name":"Dobner","url":"https:\/\/dobner.it\/it\/","logo":{"@type":"ImageObject","inLanguage":"it-IT","@id":"https:\/\/dobner.it\/it\/#\/schema\/logo\/image\/","url":"https:\/\/dobner.it\/wp-content\/uploads\/2020\/10\/logo-email.png","contentUrl":"https:\/\/dobner.it\/wp-content\/uploads\/2020\/10\/logo-email.png","width":188,"height":81,"caption":"Dobner"},"image":{"@id":"https:\/\/dobner.it\/it\/#\/schema\/logo\/image\/"}}]}},"_links":{"self":[{"href":"https:\/\/dobner.it\/it\/wp-json\/wp\/v2\/product\/55918","targetHints":{"allow":["GET"]}}],"collection":[{"href":"https:\/\/dobner.it\/it\/wp-json\/wp\/v2\/product"}],"about":[{"href":"https:\/\/dobner.it\/it\/wp-json\/wp\/v2\/types\/product"}],"version-history":[{"count":1,"href":"https:\/\/dobner.it\/it\/wp-json\/wp\/v2\/product\/55918\/revisions"}],"predecessor-version":[{"id":82634,"href":"https:\/\/dobner.it\/it\/wp-json\/wp\/v2\/product\/55918\/revisions\/82634"}],"wp:featuredmedia":[{"embeddable":true,"href":"https:\/\/dobner.it\/it\/wp-json\/wp\/v2\/media\/55919"}],"wp:attachment":[{"href":"https:\/\/dobner.it\/it\/wp-json\/wp\/v2\/media?parent=55918"}],"wp:term":[{"taxonomy":"product_brand","embeddable":true,"href":"https:\/\/dobner.it\/it\/wp-json\/wp\/v2\/product_brand?post=55918"},{"taxonomy":"product_cat","embeddable":true,"href":"https:\/\/dobner.it\/it\/wp-json\/wp\/v2\/product_cat?post=55918"},{"taxonomy":"product_tag","embeddable":true,"href":"https:\/\/dobner.it\/it\/wp-json\/wp\/v2\/product_tag?post=55918"}],"curies":[{"name":"wp","href":"https:\/\/api.w.org\/{rel}","templated":true}]}}