{"id":55576,"date":"2022-12-05T14:40:44","date_gmt":"2022-12-05T13:40:44","guid":{"rendered":"https:\/\/dobner.it\/?post_type=product&#038;p=55576"},"modified":"2025-05-05T16:57:26","modified_gmt":"2025-05-05T14:57:26","slug":"orologio-chanel-j12-acciaio-ceramica-bianca-madreperla","status":"publish","type":"product","link":"https:\/\/dobner.it\/it\/prodotto\/orologio-chanel-j12-acciaio-ceramica-bianca-madreperla\/","title":{"rendered":"Orologio Chanel J12 in Acciaio e Ceramica Bianca con Quadrante Madreperla"},"content":{"rendered":"<p>Il J12 \u00e8 un\u2019icona dell\u2019orologeria svizzera, un modello caratterizzato da comfort e prodezza tecnica. L\u2019orologio si contraddistingue per il suo look sportivo ed elegante.<\/p>\n<p>La cassa da 33 mm di questa versione \u00e8 in acciaio e ceramica bianca ad alta resistenza. La lunetta girevole unidirezionale \u00e8 in acciaio. Corona avvitata in acciaio con cabochon in ceramica bianca ad alta resistenza. Il quadrante \u00e8 in madreperla bianca ed \u00e8 abbellito ulteriormente da 12 indici di diamanti (~ 0,06 carati).<\/p>\n<p>L&#8217;orologio \u00e8 dotato di movimento al quarzo ad alta precisione.<\/p>\n<p>Il bracciale \u00e8 in ceramica bianca ad alta resistenza e tripla chiusura pieghevole in acciaio.<\/p>\n<p>Impermeabilit\u00e0 fino a 200 metri.<\/p>\n<p>Ref. H5704<\/p>\n","protected":false},"excerpt":{"rendered":"<p>Orologio Chanel J12 con cassa da 33 mm. In acciaio e ceramica bianca. Quadrante in madreperla con diamanti. Movimento al quarzo.<\/p>\n","protected":false},"featured_media":55577,"template":"","meta":[],"product_brand":[1132],"product_cat":[24],"product_tag":[],"class_list":{"0":"post-55576","1":"product","2":"type-product","3":"status-publish","4":"has-post-thumbnail","6":"product_brand-chanel","7":"product_cat-orologi","8":"pa_orologi-orologi-quarzo","9":"pa_orologi-orologi-solo-tempo","11":"first","12":"instock","13":"taxable","14":"shipping-taxable","15":"product-type-external","swatches":"rey-swatches","show_selected":""},"acf":[],"yoast_head":"<!-- This site is optimized with the Yoast SEO plugin v26.4 - https:\/\/yoast.com\/wordpress\/plugins\/seo\/ -->\n<title>Orologio Chanel J12 in Acciaio con Quadrante Madreperla<\/title>\n<meta name=\"description\" content=\"Orologio Chanel J12 con cassa da 33 mm in acciaio e ceramica bianca e quadrante in madreperla con diamanti. Scopri di pi\u00f9 e acquista in sicurezza\" \/>\n<meta name=\"robots\" content=\"index, follow, max-snippet:-1, max-image-preview:large, max-video-preview:-1\" \/>\n<link rel=\"canonical\" href=\"https:\/\/dobner.it\/it\/prodotto\/orologio-chanel-j12-acciaio-ceramica-bianca-madreperla\/\" \/>\n<meta property=\"og:locale\" content=\"it_IT\" \/>\n<meta property=\"og:type\" content=\"article\" \/>\n<meta property=\"og:title\" content=\"Orologio Chanel J12 in Acciaio con Quadrante Madreperla\" \/>\n<meta property=\"og:description\" content=\"Orologio Chanel J12 con cassa da 33 mm in acciaio e ceramica bianca e quadrante in madreperla con diamanti. Scopri di pi\u00f9 e acquista in sicurezza\" \/>\n<meta property=\"og:url\" content=\"https:\/\/dobner.it\/it\/prodotto\/orologio-chanel-j12-acciaio-ceramica-bianca-madreperla\/\" \/>\n<meta property=\"og:site_name\" content=\"Dobner\" \/>\n<meta property=\"article:modified_time\" content=\"2025-05-05T14:57:26+00:00\" \/>\n<meta property=\"og:image\" content=\"https:\/\/dobner.it\/wp-content\/uploads\/2022\/12\/orologio-chanel-j12-in-acciaio-e-ceramica-bianca-con-quadrante-madreperla.jpg\" \/>\n\t<meta property=\"og:image:width\" content=\"1024\" \/>\n\t<meta property=\"og:image:height\" content=\"1024\" \/>\n\t<meta property=\"og:image:type\" content=\"image\/jpeg\" \/>\n<meta name=\"twitter:card\" content=\"summary_large_image\" \/>\n<meta name=\"twitter:label1\" content=\"Tempo di lettura stimato\" \/>\n\t<meta name=\"twitter:data1\" content=\"1 minuto\" \/>\n<script type=\"application\/ld+json\" class=\"yoast-schema-graph\">{\"@context\":\"https:\/\/schema.org\",\"@graph\":[{\"@type\":\"WebPage\",\"@id\":\"https:\/\/dobner.it\/it\/prodotto\/orologio-chanel-j12-acciaio-ceramica-bianca-madreperla\/\",\"url\":\"https:\/\/dobner.it\/it\/prodotto\/orologio-chanel-j12-acciaio-ceramica-bianca-madreperla\/\",\"name\":\"Orologio Chanel J12 in Acciaio con Quadrante Madreperla\",\"isPartOf\":{\"@id\":\"https:\/\/dobner.it\/it\/#website\"},\"primaryImageOfPage\":{\"@id\":\"https:\/\/dobner.it\/it\/prodotto\/orologio-chanel-j12-acciaio-ceramica-bianca-madreperla\/#primaryimage\"},\"image\":{\"@id\":\"https:\/\/dobner.it\/it\/prodotto\/orologio-chanel-j12-acciaio-ceramica-bianca-madreperla\/#primaryimage\"},\"thumbnailUrl\":\"https:\/\/dobner.it\/wp-content\/uploads\/2022\/12\/orologio-chanel-j12-in-acciaio-e-ceramica-bianca-con-quadrante-madreperla.jpg\",\"datePublished\":\"2022-12-05T13:40:44+00:00\",\"dateModified\":\"2025-05-05T14:57:26+00:00\",\"description\":\"Orologio Chanel J12 con cassa da 33 mm in acciaio e ceramica bianca e quadrante in madreperla con diamanti. Scopri di pi\u00f9 e acquista in sicurezza\",\"breadcrumb\":{\"@id\":\"https:\/\/dobner.it\/it\/prodotto\/orologio-chanel-j12-acciaio-ceramica-bianca-madreperla\/#breadcrumb\"},\"inLanguage\":\"it-IT\",\"potentialAction\":[{\"@type\":\"ReadAction\",\"target\":[\"https:\/\/dobner.it\/it\/prodotto\/orologio-chanel-j12-acciaio-ceramica-bianca-madreperla\/\"]}]},{\"@type\":\"ImageObject\",\"inLanguage\":\"it-IT\",\"@id\":\"https:\/\/dobner.it\/it\/prodotto\/orologio-chanel-j12-acciaio-ceramica-bianca-madreperla\/#primaryimage\",\"url\":\"https:\/\/dobner.it\/wp-content\/uploads\/2022\/12\/orologio-chanel-j12-in-acciaio-e-ceramica-bianca-con-quadrante-madreperla.jpg\",\"contentUrl\":\"https:\/\/dobner.it\/wp-content\/uploads\/2022\/12\/orologio-chanel-j12-in-acciaio-e-ceramica-bianca-con-quadrante-madreperla.jpg\",\"width\":1024,\"height\":1024},{\"@type\":\"BreadcrumbList\",\"@id\":\"https:\/\/dobner.it\/it\/prodotto\/orologio-chanel-j12-acciaio-ceramica-bianca-madreperla\/#breadcrumb\",\"itemListElement\":[{\"@type\":\"ListItem\",\"position\":1,\"name\":\"Home\",\"item\":\"https:\/\/dobner.it\/it\/\"},{\"@type\":\"ListItem\",\"position\":2,\"name\":\"Prodotti\",\"item\":\"https:\/\/dobner.it\/it\/prodotti\/\"},{\"@type\":\"ListItem\",\"position\":3,\"name\":\"Orologio Chanel J12 in Acciaio e Ceramica Bianca con Quadrante Madreperla\"}]},{\"@type\":\"WebSite\",\"@id\":\"https:\/\/dobner.it\/it\/#website\",\"url\":\"https:\/\/dobner.it\/it\/\",\"name\":\"Dobner\",\"description\":\"\",\"publisher\":{\"@id\":\"https:\/\/dobner.it\/it\/#organization\"},\"potentialAction\":[{\"@type\":\"SearchAction\",\"target\":{\"@type\":\"EntryPoint\",\"urlTemplate\":\"https:\/\/dobner.it\/it\/?s={search_term_string}\"},\"query-input\":{\"@type\":\"PropertyValueSpecification\",\"valueRequired\":true,\"valueName\":\"search_term_string\"}}],\"inLanguage\":\"it-IT\"},{\"@type\":\"Organization\",\"@id\":\"https:\/\/dobner.it\/it\/#organization\",\"name\":\"Dobner\",\"url\":\"https:\/\/dobner.it\/it\/\",\"logo\":{\"@type\":\"ImageObject\",\"inLanguage\":\"it-IT\",\"@id\":\"https:\/\/dobner.it\/it\/#\/schema\/logo\/image\/\",\"url\":\"https:\/\/dobner.it\/wp-content\/uploads\/2020\/10\/logo-email.png\",\"contentUrl\":\"https:\/\/dobner.it\/wp-content\/uploads\/2020\/10\/logo-email.png\",\"width\":188,\"height\":81,\"caption\":\"Dobner\"},\"image\":{\"@id\":\"https:\/\/dobner.it\/it\/#\/schema\/logo\/image\/\"}}]}<\/script>\n<!-- \/ Yoast SEO plugin. -->","yoast_head_json":{"title":"Orologio Chanel J12 in Acciaio con Quadrante Madreperla","description":"Orologio Chanel J12 con cassa da 33 mm in acciaio e ceramica bianca e quadrante in madreperla con diamanti. Scopri di pi\u00f9 e acquista in sicurezza","robots":{"index":"index","follow":"follow","max-snippet":"max-snippet:-1","max-image-preview":"max-image-preview:large","max-video-preview":"max-video-preview:-1"},"canonical":"https:\/\/dobner.it\/it\/prodotto\/orologio-chanel-j12-acciaio-ceramica-bianca-madreperla\/","og_locale":"it_IT","og_type":"article","og_title":"Orologio Chanel J12 in Acciaio con Quadrante Madreperla","og_description":"Orologio Chanel J12 con cassa da 33 mm in acciaio e ceramica bianca e quadrante in madreperla con diamanti. Scopri di pi\u00f9 e acquista in sicurezza","og_url":"https:\/\/dobner.it\/it\/prodotto\/orologio-chanel-j12-acciaio-ceramica-bianca-madreperla\/","og_site_name":"Dobner","article_modified_time":"2025-05-05T14:57:26+00:00","og_image":[{"width":1024,"height":1024,"url":"https:\/\/dobner.it\/wp-content\/uploads\/2022\/12\/orologio-chanel-j12-in-acciaio-e-ceramica-bianca-con-quadrante-madreperla.jpg","type":"image\/jpeg"}],"twitter_card":"summary_large_image","twitter_misc":{"Tempo di lettura stimato":"1 minuto"},"schema":{"@context":"https:\/\/schema.org","@graph":[{"@type":"WebPage","@id":"https:\/\/dobner.it\/it\/prodotto\/orologio-chanel-j12-acciaio-ceramica-bianca-madreperla\/","url":"https:\/\/dobner.it\/it\/prodotto\/orologio-chanel-j12-acciaio-ceramica-bianca-madreperla\/","name":"Orologio Chanel J12 in Acciaio con Quadrante Madreperla","isPartOf":{"@id":"https:\/\/dobner.it\/it\/#website"},"primaryImageOfPage":{"@id":"https:\/\/dobner.it\/it\/prodotto\/orologio-chanel-j12-acciaio-ceramica-bianca-madreperla\/#primaryimage"},"image":{"@id":"https:\/\/dobner.it\/it\/prodotto\/orologio-chanel-j12-acciaio-ceramica-bianca-madreperla\/#primaryimage"},"thumbnailUrl":"https:\/\/dobner.it\/wp-content\/uploads\/2022\/12\/orologio-chanel-j12-in-acciaio-e-ceramica-bianca-con-quadrante-madreperla.jpg","datePublished":"2022-12-05T13:40:44+00:00","dateModified":"2025-05-05T14:57:26+00:00","description":"Orologio Chanel J12 con cassa da 33 mm in acciaio e ceramica bianca e quadrante in madreperla con diamanti. Scopri di pi\u00f9 e acquista in sicurezza","breadcrumb":{"@id":"https:\/\/dobner.it\/it\/prodotto\/orologio-chanel-j12-acciaio-ceramica-bianca-madreperla\/#breadcrumb"},"inLanguage":"it-IT","potentialAction":[{"@type":"ReadAction","target":["https:\/\/dobner.it\/it\/prodotto\/orologio-chanel-j12-acciaio-ceramica-bianca-madreperla\/"]}]},{"@type":"ImageObject","inLanguage":"it-IT","@id":"https:\/\/dobner.it\/it\/prodotto\/orologio-chanel-j12-acciaio-ceramica-bianca-madreperla\/#primaryimage","url":"https:\/\/dobner.it\/wp-content\/uploads\/2022\/12\/orologio-chanel-j12-in-acciaio-e-ceramica-bianca-con-quadrante-madreperla.jpg","contentUrl":"https:\/\/dobner.it\/wp-content\/uploads\/2022\/12\/orologio-chanel-j12-in-acciaio-e-ceramica-bianca-con-quadrante-madreperla.jpg","width":1024,"height":1024},{"@type":"BreadcrumbList","@id":"https:\/\/dobner.it\/it\/prodotto\/orologio-chanel-j12-acciaio-ceramica-bianca-madreperla\/#breadcrumb","itemListElement":[{"@type":"ListItem","position":1,"name":"Home","item":"https:\/\/dobner.it\/it\/"},{"@type":"ListItem","position":2,"name":"Prodotti","item":"https:\/\/dobner.it\/it\/prodotti\/"},{"@type":"ListItem","position":3,"name":"Orologio Chanel J12 in Acciaio e Ceramica Bianca con Quadrante Madreperla"}]},{"@type":"WebSite","@id":"https:\/\/dobner.it\/it\/#website","url":"https:\/\/dobner.it\/it\/","name":"Dobner","description":"","publisher":{"@id":"https:\/\/dobner.it\/it\/#organization"},"potentialAction":[{"@type":"SearchAction","target":{"@type":"EntryPoint","urlTemplate":"https:\/\/dobner.it\/it\/?s={search_term_string}"},"query-input":{"@type":"PropertyValueSpecification","valueRequired":true,"valueName":"search_term_string"}}],"inLanguage":"it-IT"},{"@type":"Organization","@id":"https:\/\/dobner.it\/it\/#organization","name":"Dobner","url":"https:\/\/dobner.it\/it\/","logo":{"@type":"ImageObject","inLanguage":"it-IT","@id":"https:\/\/dobner.it\/it\/#\/schema\/logo\/image\/","url":"https:\/\/dobner.it\/wp-content\/uploads\/2020\/10\/logo-email.png","contentUrl":"https:\/\/dobner.it\/wp-content\/uploads\/2020\/10\/logo-email.png","width":188,"height":81,"caption":"Dobner"},"image":{"@id":"https:\/\/dobner.it\/it\/#\/schema\/logo\/image\/"}}]}},"_links":{"self":[{"href":"https:\/\/dobner.it\/it\/wp-json\/wp\/v2\/product\/55576","targetHints":{"allow":["GET"]}}],"collection":[{"href":"https:\/\/dobner.it\/it\/wp-json\/wp\/v2\/product"}],"about":[{"href":"https:\/\/dobner.it\/it\/wp-json\/wp\/v2\/types\/product"}],"version-history":[{"count":1,"href":"https:\/\/dobner.it\/it\/wp-json\/wp\/v2\/product\/55576\/revisions"}],"predecessor-version":[{"id":83657,"href":"https:\/\/dobner.it\/it\/wp-json\/wp\/v2\/product\/55576\/revisions\/83657"}],"wp:featuredmedia":[{"embeddable":true,"href":"https:\/\/dobner.it\/it\/wp-json\/wp\/v2\/media\/55577"}],"wp:attachment":[{"href":"https:\/\/dobner.it\/it\/wp-json\/wp\/v2\/media?parent=55576"}],"wp:term":[{"taxonomy":"product_brand","embeddable":true,"href":"https:\/\/dobner.it\/it\/wp-json\/wp\/v2\/product_brand?post=55576"},{"taxonomy":"product_cat","embeddable":true,"href":"https:\/\/dobner.it\/it\/wp-json\/wp\/v2\/product_cat?post=55576"},{"taxonomy":"product_tag","embeddable":true,"href":"https:\/\/dobner.it\/it\/wp-json\/wp\/v2\/product_tag?post=55576"}],"curies":[{"name":"wp","href":"https:\/\/api.w.org\/{rel}","templated":true}]}}