{"id":55537,"date":"2022-12-05T11:19:56","date_gmt":"2022-12-05T10:19:56","guid":{"rendered":"https:\/\/dobner.it\/?post_type=product&#038;p=55537"},"modified":"2024-07-05T09:30:37","modified_gmt":"2024-07-05T07:30:37","slug":"orologio-chanel-j12-acciaio-ceramica-bianca-quadrante-diamanti","status":"publish","type":"product","link":"https:\/\/dobner.it\/it\/prodotto\/orologio-chanel-j12-acciaio-ceramica-bianca-quadrante-diamanti\/","title":{"rendered":"Orologio Chanel J12 in Acciaio e Ceramica Bianca e Quadrante con Diamanti"},"content":{"rendered":"<p><span style=\"font-weight: 400\">Il J12 \u00e8 un\u2019icona dell\u2019orologeria svizzera, un modello caratterizzato da comfort e prodezza tecnica. L\u2019orologio si contraddistingue per il suo look sportivo ed elegante.<\/span><\/p>\n<p><span style=\"font-weight: 400\">La cassa da 33 mm di questa versione \u00e8 in acciaio e ceramica bianca ad alta resistenza. La lunetta girevole unidirezionale \u00e8 in acciaio. Corona avvitata in acciaio con cabochon in ceramica bianca ad alta resistenza. Il quadrante laccato bianco \u00e8 illuminato da 12 indici di diamanti (~0,06 carati).<\/span><\/p>\n<p><span style=\"font-weight: 400\">L&#8217;orologio \u00e8 dotato di movimento al quarzo ad alta precisione.<\/span><\/p>\n<p><span style=\"font-weight: 400\">Il bracciale \u00e8 in ceramica bianca ad alta resistenza e tripla chiusura pieghevole in acciaio.<\/span><\/p>\n<p><span style=\"font-weight: 400\">Impermeabilit\u00e0 fino a 200 metri.<\/span><\/p>\n<p><span style=\"font-weight: 400\">Ref. H5703<\/span><\/p>\n","protected":false},"excerpt":{"rendered":"<p>Orologio Chanel J12 con cassa da 33 mm. In acciaio e ceramica bianca. Quadrante bianco con diamanti. Movimento al quarzo.<\/p>\n","protected":false},"featured_media":55539,"template":"","meta":[],"product_brand":[1132],"product_cat":[24],"product_tag":[],"class_list":{"0":"post-55537","1":"product","2":"type-product","3":"status-publish","4":"has-post-thumbnail","6":"product_brand-chanel","7":"product_cat-orologi","8":"pa_orologi-orologi-quarzo","9":"pa_orologi-orologi-solo-tempo","11":"first","12":"instock","13":"taxable","14":"shipping-taxable","15":"product-type-external","swatches":"rey-swatches","show_selected":""},"acf":[],"yoast_head":"<!-- This site is optimized with the Yoast SEO plugin v26.4 - https:\/\/yoast.com\/wordpress\/plugins\/seo\/ -->\n<title>Orologio Chanel J12 in Acciaio e Ceramica Bianca e Quadrante con Diamanti - Dobner<\/title>\n<meta name=\"description\" content=\"Orologio Chanel J12 con cassa da 33 mm. In acciaio e ceramica bianca. Quadrante bianco con diamanti. Movimento al quarzo.\" \/>\n<meta name=\"robots\" content=\"index, follow, max-snippet:-1, max-image-preview:large, max-video-preview:-1\" \/>\n<link rel=\"canonical\" href=\"https:\/\/dobner.it\/it\/prodotto\/orologio-chanel-j12-acciaio-ceramica-bianca-quadrante-diamanti\/\" \/>\n<meta property=\"og:locale\" content=\"it_IT\" \/>\n<meta property=\"og:type\" content=\"article\" \/>\n<meta property=\"og:title\" content=\"Orologio Chanel J12 in Acciaio e Ceramica Bianca e Quadrante con Diamanti - Dobner\" \/>\n<meta property=\"og:description\" content=\"Orologio Chanel J12 con cassa da 33 mm. In acciaio e ceramica bianca. Quadrante bianco con diamanti. Movimento al quarzo.\" \/>\n<meta property=\"og:url\" content=\"https:\/\/dobner.it\/it\/prodotto\/orologio-chanel-j12-acciaio-ceramica-bianca-quadrante-diamanti\/\" \/>\n<meta property=\"og:site_name\" content=\"Dobner\" \/>\n<meta property=\"article:modified_time\" content=\"2024-07-05T07:30:37+00:00\" \/>\n<meta property=\"og:image\" content=\"https:\/\/dobner.it\/wp-content\/uploads\/2022\/12\/orologio-chanel-j12-in-acciaio-e-ceramica-bianca-e-quadrante-con-diamanti.jpg\" \/>\n\t<meta property=\"og:image:width\" content=\"1024\" \/>\n\t<meta property=\"og:image:height\" content=\"1024\" \/>\n\t<meta property=\"og:image:type\" content=\"image\/jpeg\" \/>\n<meta name=\"twitter:card\" content=\"summary_large_image\" \/>\n<meta name=\"twitter:label1\" content=\"Tempo di lettura stimato\" \/>\n\t<meta name=\"twitter:data1\" content=\"1 minuto\" \/>\n<script type=\"application\/ld+json\" class=\"yoast-schema-graph\">{\"@context\":\"https:\/\/schema.org\",\"@graph\":[{\"@type\":\"WebPage\",\"@id\":\"https:\/\/dobner.it\/it\/prodotto\/orologio-chanel-j12-acciaio-ceramica-bianca-quadrante-diamanti\/\",\"url\":\"https:\/\/dobner.it\/it\/prodotto\/orologio-chanel-j12-acciaio-ceramica-bianca-quadrante-diamanti\/\",\"name\":\"Orologio Chanel J12 in Acciaio e Ceramica Bianca e Quadrante con Diamanti - Dobner\",\"isPartOf\":{\"@id\":\"https:\/\/dobner.it\/it\/#website\"},\"primaryImageOfPage\":{\"@id\":\"https:\/\/dobner.it\/it\/prodotto\/orologio-chanel-j12-acciaio-ceramica-bianca-quadrante-diamanti\/#primaryimage\"},\"image\":{\"@id\":\"https:\/\/dobner.it\/it\/prodotto\/orologio-chanel-j12-acciaio-ceramica-bianca-quadrante-diamanti\/#primaryimage\"},\"thumbnailUrl\":\"https:\/\/dobner.it\/wp-content\/uploads\/2022\/12\/orologio-chanel-j12-in-acciaio-e-ceramica-bianca-e-quadrante-con-diamanti.jpg\",\"datePublished\":\"2022-12-05T10:19:56+00:00\",\"dateModified\":\"2024-07-05T07:30:37+00:00\",\"description\":\"Orologio Chanel J12 con cassa da 33 mm. In acciaio e ceramica bianca. Quadrante bianco con diamanti. Movimento al quarzo.\",\"breadcrumb\":{\"@id\":\"https:\/\/dobner.it\/it\/prodotto\/orologio-chanel-j12-acciaio-ceramica-bianca-quadrante-diamanti\/#breadcrumb\"},\"inLanguage\":\"it-IT\",\"potentialAction\":[{\"@type\":\"ReadAction\",\"target\":[\"https:\/\/dobner.it\/it\/prodotto\/orologio-chanel-j12-acciaio-ceramica-bianca-quadrante-diamanti\/\"]}]},{\"@type\":\"ImageObject\",\"inLanguage\":\"it-IT\",\"@id\":\"https:\/\/dobner.it\/it\/prodotto\/orologio-chanel-j12-acciaio-ceramica-bianca-quadrante-diamanti\/#primaryimage\",\"url\":\"https:\/\/dobner.it\/wp-content\/uploads\/2022\/12\/orologio-chanel-j12-in-acciaio-e-ceramica-bianca-e-quadrante-con-diamanti.jpg\",\"contentUrl\":\"https:\/\/dobner.it\/wp-content\/uploads\/2022\/12\/orologio-chanel-j12-in-acciaio-e-ceramica-bianca-e-quadrante-con-diamanti.jpg\",\"width\":1024,\"height\":1024},{\"@type\":\"BreadcrumbList\",\"@id\":\"https:\/\/dobner.it\/it\/prodotto\/orologio-chanel-j12-acciaio-ceramica-bianca-quadrante-diamanti\/#breadcrumb\",\"itemListElement\":[{\"@type\":\"ListItem\",\"position\":1,\"name\":\"Home\",\"item\":\"https:\/\/dobner.it\/it\/\"},{\"@type\":\"ListItem\",\"position\":2,\"name\":\"Prodotti\",\"item\":\"https:\/\/dobner.it\/it\/prodotti\/\"},{\"@type\":\"ListItem\",\"position\":3,\"name\":\"Orologio Chanel J12 in Acciaio e Ceramica Bianca e Quadrante con Diamanti\"}]},{\"@type\":\"WebSite\",\"@id\":\"https:\/\/dobner.it\/it\/#website\",\"url\":\"https:\/\/dobner.it\/it\/\",\"name\":\"Dobner\",\"description\":\"\",\"publisher\":{\"@id\":\"https:\/\/dobner.it\/it\/#organization\"},\"potentialAction\":[{\"@type\":\"SearchAction\",\"target\":{\"@type\":\"EntryPoint\",\"urlTemplate\":\"https:\/\/dobner.it\/it\/?s={search_term_string}\"},\"query-input\":{\"@type\":\"PropertyValueSpecification\",\"valueRequired\":true,\"valueName\":\"search_term_string\"}}],\"inLanguage\":\"it-IT\"},{\"@type\":\"Organization\",\"@id\":\"https:\/\/dobner.it\/it\/#organization\",\"name\":\"Dobner\",\"url\":\"https:\/\/dobner.it\/it\/\",\"logo\":{\"@type\":\"ImageObject\",\"inLanguage\":\"it-IT\",\"@id\":\"https:\/\/dobner.it\/it\/#\/schema\/logo\/image\/\",\"url\":\"https:\/\/dobner.it\/wp-content\/uploads\/2020\/10\/logo-email.png\",\"contentUrl\":\"https:\/\/dobner.it\/wp-content\/uploads\/2020\/10\/logo-email.png\",\"width\":188,\"height\":81,\"caption\":\"Dobner\"},\"image\":{\"@id\":\"https:\/\/dobner.it\/it\/#\/schema\/logo\/image\/\"}}]}<\/script>\n<!-- \/ Yoast SEO plugin. -->","yoast_head_json":{"title":"Orologio Chanel J12 in Acciaio e Ceramica Bianca e Quadrante con Diamanti - Dobner","description":"Orologio Chanel J12 con cassa da 33 mm. In acciaio e ceramica bianca. Quadrante bianco con diamanti. Movimento al quarzo.","robots":{"index":"index","follow":"follow","max-snippet":"max-snippet:-1","max-image-preview":"max-image-preview:large","max-video-preview":"max-video-preview:-1"},"canonical":"https:\/\/dobner.it\/it\/prodotto\/orologio-chanel-j12-acciaio-ceramica-bianca-quadrante-diamanti\/","og_locale":"it_IT","og_type":"article","og_title":"Orologio Chanel J12 in Acciaio e Ceramica Bianca e Quadrante con Diamanti - Dobner","og_description":"Orologio Chanel J12 con cassa da 33 mm. In acciaio e ceramica bianca. Quadrante bianco con diamanti. Movimento al quarzo.","og_url":"https:\/\/dobner.it\/it\/prodotto\/orologio-chanel-j12-acciaio-ceramica-bianca-quadrante-diamanti\/","og_site_name":"Dobner","article_modified_time":"2024-07-05T07:30:37+00:00","og_image":[{"width":1024,"height":1024,"url":"https:\/\/dobner.it\/wp-content\/uploads\/2022\/12\/orologio-chanel-j12-in-acciaio-e-ceramica-bianca-e-quadrante-con-diamanti.jpg","type":"image\/jpeg"}],"twitter_card":"summary_large_image","twitter_misc":{"Tempo di lettura stimato":"1 minuto"},"schema":{"@context":"https:\/\/schema.org","@graph":[{"@type":"WebPage","@id":"https:\/\/dobner.it\/it\/prodotto\/orologio-chanel-j12-acciaio-ceramica-bianca-quadrante-diamanti\/","url":"https:\/\/dobner.it\/it\/prodotto\/orologio-chanel-j12-acciaio-ceramica-bianca-quadrante-diamanti\/","name":"Orologio Chanel J12 in Acciaio e Ceramica Bianca e Quadrante con Diamanti - Dobner","isPartOf":{"@id":"https:\/\/dobner.it\/it\/#website"},"primaryImageOfPage":{"@id":"https:\/\/dobner.it\/it\/prodotto\/orologio-chanel-j12-acciaio-ceramica-bianca-quadrante-diamanti\/#primaryimage"},"image":{"@id":"https:\/\/dobner.it\/it\/prodotto\/orologio-chanel-j12-acciaio-ceramica-bianca-quadrante-diamanti\/#primaryimage"},"thumbnailUrl":"https:\/\/dobner.it\/wp-content\/uploads\/2022\/12\/orologio-chanel-j12-in-acciaio-e-ceramica-bianca-e-quadrante-con-diamanti.jpg","datePublished":"2022-12-05T10:19:56+00:00","dateModified":"2024-07-05T07:30:37+00:00","description":"Orologio Chanel J12 con cassa da 33 mm. In acciaio e ceramica bianca. Quadrante bianco con diamanti. Movimento al quarzo.","breadcrumb":{"@id":"https:\/\/dobner.it\/it\/prodotto\/orologio-chanel-j12-acciaio-ceramica-bianca-quadrante-diamanti\/#breadcrumb"},"inLanguage":"it-IT","potentialAction":[{"@type":"ReadAction","target":["https:\/\/dobner.it\/it\/prodotto\/orologio-chanel-j12-acciaio-ceramica-bianca-quadrante-diamanti\/"]}]},{"@type":"ImageObject","inLanguage":"it-IT","@id":"https:\/\/dobner.it\/it\/prodotto\/orologio-chanel-j12-acciaio-ceramica-bianca-quadrante-diamanti\/#primaryimage","url":"https:\/\/dobner.it\/wp-content\/uploads\/2022\/12\/orologio-chanel-j12-in-acciaio-e-ceramica-bianca-e-quadrante-con-diamanti.jpg","contentUrl":"https:\/\/dobner.it\/wp-content\/uploads\/2022\/12\/orologio-chanel-j12-in-acciaio-e-ceramica-bianca-e-quadrante-con-diamanti.jpg","width":1024,"height":1024},{"@type":"BreadcrumbList","@id":"https:\/\/dobner.it\/it\/prodotto\/orologio-chanel-j12-acciaio-ceramica-bianca-quadrante-diamanti\/#breadcrumb","itemListElement":[{"@type":"ListItem","position":1,"name":"Home","item":"https:\/\/dobner.it\/it\/"},{"@type":"ListItem","position":2,"name":"Prodotti","item":"https:\/\/dobner.it\/it\/prodotti\/"},{"@type":"ListItem","position":3,"name":"Orologio Chanel J12 in Acciaio e Ceramica Bianca e Quadrante con Diamanti"}]},{"@type":"WebSite","@id":"https:\/\/dobner.it\/it\/#website","url":"https:\/\/dobner.it\/it\/","name":"Dobner","description":"","publisher":{"@id":"https:\/\/dobner.it\/it\/#organization"},"potentialAction":[{"@type":"SearchAction","target":{"@type":"EntryPoint","urlTemplate":"https:\/\/dobner.it\/it\/?s={search_term_string}"},"query-input":{"@type":"PropertyValueSpecification","valueRequired":true,"valueName":"search_term_string"}}],"inLanguage":"it-IT"},{"@type":"Organization","@id":"https:\/\/dobner.it\/it\/#organization","name":"Dobner","url":"https:\/\/dobner.it\/it\/","logo":{"@type":"ImageObject","inLanguage":"it-IT","@id":"https:\/\/dobner.it\/it\/#\/schema\/logo\/image\/","url":"https:\/\/dobner.it\/wp-content\/uploads\/2020\/10\/logo-email.png","contentUrl":"https:\/\/dobner.it\/wp-content\/uploads\/2020\/10\/logo-email.png","width":188,"height":81,"caption":"Dobner"},"image":{"@id":"https:\/\/dobner.it\/it\/#\/schema\/logo\/image\/"}}]}},"_links":{"self":[{"href":"https:\/\/dobner.it\/it\/wp-json\/wp\/v2\/product\/55537","targetHints":{"allow":["GET"]}}],"collection":[{"href":"https:\/\/dobner.it\/it\/wp-json\/wp\/v2\/product"}],"about":[{"href":"https:\/\/dobner.it\/it\/wp-json\/wp\/v2\/types\/product"}],"version-history":[{"count":0,"href":"https:\/\/dobner.it\/it\/wp-json\/wp\/v2\/product\/55537\/revisions"}],"wp:featuredmedia":[{"embeddable":true,"href":"https:\/\/dobner.it\/it\/wp-json\/wp\/v2\/media\/55539"}],"wp:attachment":[{"href":"https:\/\/dobner.it\/it\/wp-json\/wp\/v2\/media?parent=55537"}],"wp:term":[{"taxonomy":"product_brand","embeddable":true,"href":"https:\/\/dobner.it\/it\/wp-json\/wp\/v2\/product_brand?post=55537"},{"taxonomy":"product_cat","embeddable":true,"href":"https:\/\/dobner.it\/it\/wp-json\/wp\/v2\/product_cat?post=55537"},{"taxonomy":"product_tag","embeddable":true,"href":"https:\/\/dobner.it\/it\/wp-json\/wp\/v2\/product_tag?post=55537"}],"curies":[{"name":"wp","href":"https:\/\/api.w.org\/{rel}","templated":true}]}}