{"id":55520,"date":"2022-12-05T09:18:38","date_gmt":"2022-12-05T08:18:38","guid":{"rendered":"https:\/\/dobner.it\/?post_type=product&#038;p=55520"},"modified":"2025-05-13T16:21:28","modified_gmt":"2025-05-13T14:21:28","slug":"orologio-chanel-j12-phantom-calibro-12-1-acciaio-ceramica-bianca","status":"publish","type":"product","link":"https:\/\/dobner.it\/it\/prodotto\/orologio-chanel-j12-phantom-calibro-12-1-acciaio-ceramica-bianca\/","title":{"rendered":"Orologio Chanel J12 Phantom Calibro 12.1 in Acciaio e Ceramica Bianca"},"content":{"rendered":"<p><span style=\"font-weight: 400;\">Il J12 \u00e8 un\u2019icona dell\u2019orologeria svizzera, un modello caratterizzato da comfort e prodezza tecnica. L\u2019orologio \u00e8 disponibile nella versione originale da 38 mm, animata dal Calibro 12.1. Questa si contraddistingue per il suo look sportivo ed elegante. Presenta poi una versione pi\u00f9 piccola da 33 mm, dotata del Calibro 12.2. Si tratta di un movimento automatico realizzato dalla Manifattura svizzera Kenissi, di cui CHANEL \u00e8 comproprietaria.<\/span><\/p>\n<p><span style=\"font-weight: 400;\">La cassa da 38 mm di questa versione Phantom \u00e8 in acciaio e ceramica bianca ad alta resistenza. La lunetta girevole unidirezionale \u00e8 in acciaio. Corona avvitata in acciaio con cabochon in ceramica bianca ad alta resistenza. Il quadrante \u00e8 laccato bianco.<\/span><\/p>\n<p><span style=\"font-weight: 400;\">L&#8217;orologio \u00e8 dotato di movimento meccanico a carica automatica. Calibro 12.1.<\/span><\/p>\n<p><span style=\"font-weight: 400;\">Il bracciale \u00e8 in ceramica bianca ad alta resistenza e tripla chiusura pieghevole in acciaio.<\/span><\/p>\n<p><span style=\"font-weight: 400;\">Impermeabilit\u00e0 fino a 200 metri.<\/span><\/p>\n<p><span style=\"font-weight: 400;\">Ref. H6186<\/span><\/p>\n","protected":false},"excerpt":{"rendered":"<p>Orologio Chanel J12 Phantom Calibro 12.1 con cassa da 38 mm. In acciaio e ceramica bianca. Quadrante bianco. Movimento automatico.<\/p>\n","protected":false},"featured_media":55521,"template":"","meta":[],"product_brand":[1132],"product_cat":[24],"product_tag":[],"class_list":{"0":"post-55520","1":"product","2":"type-product","3":"status-publish","4":"has-post-thumbnail","6":"product_brand-chanel","7":"product_cat-orologi","8":"pa_orologi-orologi-automatici","9":"pa_orologi-orologi-solo-tempo","11":"first","12":"instock","13":"taxable","14":"shipping-taxable","15":"product-type-external","swatches":"rey-swatches","show_selected":""},"acf":[],"yoast_head":"<!-- This site is optimized with the Yoast SEO plugin v26.4 - https:\/\/yoast.com\/wordpress\/plugins\/seo\/ -->\n<title>Orologio Chanel J12 Phantom 12.1 Acciaio e Ceramica Bianca<\/title>\n<meta name=\"description\" content=\"Orologio Chanel J12 Phantom Calibro 12.1 con cassa da 38 mm. In acciaio e ceramica bianca. Quadrante bianco. Movimento automatico.\" \/>\n<meta name=\"robots\" content=\"index, follow, max-snippet:-1, max-image-preview:large, max-video-preview:-1\" \/>\n<link rel=\"canonical\" href=\"https:\/\/dobner.it\/it\/prodotto\/orologio-chanel-j12-phantom-calibro-12-1-acciaio-ceramica-bianca\/\" \/>\n<meta property=\"og:locale\" content=\"it_IT\" \/>\n<meta property=\"og:type\" content=\"article\" \/>\n<meta property=\"og:title\" content=\"Orologio Chanel J12 Phantom 12.1 Acciaio e Ceramica Bianca\" \/>\n<meta property=\"og:description\" content=\"Orologio Chanel J12 Phantom Calibro 12.1 con cassa da 38 mm. In acciaio e ceramica bianca. Quadrante bianco. Movimento automatico.\" \/>\n<meta property=\"og:url\" content=\"https:\/\/dobner.it\/it\/prodotto\/orologio-chanel-j12-phantom-calibro-12-1-acciaio-ceramica-bianca\/\" \/>\n<meta property=\"og:site_name\" content=\"Dobner\" \/>\n<meta property=\"article:modified_time\" content=\"2025-05-13T14:21:28+00:00\" \/>\n<meta property=\"og:image\" content=\"https:\/\/dobner.it\/wp-content\/uploads\/2022\/12\/orologio-chanel-j12-phantom-calibro-121-in-acciaio-e-ceramica-bianca.jpg\" \/>\n\t<meta property=\"og:image:width\" content=\"1024\" \/>\n\t<meta property=\"og:image:height\" content=\"1024\" \/>\n\t<meta property=\"og:image:type\" content=\"image\/jpeg\" \/>\n<meta name=\"twitter:card\" content=\"summary_large_image\" \/>\n<meta name=\"twitter:label1\" content=\"Tempo di lettura stimato\" \/>\n\t<meta name=\"twitter:data1\" content=\"1 minuto\" \/>\n<script type=\"application\/ld+json\" class=\"yoast-schema-graph\">{\"@context\":\"https:\/\/schema.org\",\"@graph\":[{\"@type\":\"WebPage\",\"@id\":\"https:\/\/dobner.it\/it\/prodotto\/orologio-chanel-j12-phantom-calibro-12-1-acciaio-ceramica-bianca\/\",\"url\":\"https:\/\/dobner.it\/it\/prodotto\/orologio-chanel-j12-phantom-calibro-12-1-acciaio-ceramica-bianca\/\",\"name\":\"Orologio Chanel J12 Phantom 12.1 Acciaio e Ceramica Bianca\",\"isPartOf\":{\"@id\":\"https:\/\/dobner.it\/it\/#website\"},\"primaryImageOfPage\":{\"@id\":\"https:\/\/dobner.it\/it\/prodotto\/orologio-chanel-j12-phantom-calibro-12-1-acciaio-ceramica-bianca\/#primaryimage\"},\"image\":{\"@id\":\"https:\/\/dobner.it\/it\/prodotto\/orologio-chanel-j12-phantom-calibro-12-1-acciaio-ceramica-bianca\/#primaryimage\"},\"thumbnailUrl\":\"https:\/\/dobner.it\/wp-content\/uploads\/2022\/12\/orologio-chanel-j12-phantom-calibro-121-in-acciaio-e-ceramica-bianca.jpg\",\"datePublished\":\"2022-12-05T08:18:38+00:00\",\"dateModified\":\"2025-05-13T14:21:28+00:00\",\"description\":\"Orologio Chanel J12 Phantom Calibro 12.1 con cassa da 38 mm. In acciaio e ceramica bianca. Quadrante bianco. Movimento automatico.\",\"breadcrumb\":{\"@id\":\"https:\/\/dobner.it\/it\/prodotto\/orologio-chanel-j12-phantom-calibro-12-1-acciaio-ceramica-bianca\/#breadcrumb\"},\"inLanguage\":\"it-IT\",\"potentialAction\":[{\"@type\":\"ReadAction\",\"target\":[\"https:\/\/dobner.it\/it\/prodotto\/orologio-chanel-j12-phantom-calibro-12-1-acciaio-ceramica-bianca\/\"]}]},{\"@type\":\"ImageObject\",\"inLanguage\":\"it-IT\",\"@id\":\"https:\/\/dobner.it\/it\/prodotto\/orologio-chanel-j12-phantom-calibro-12-1-acciaio-ceramica-bianca\/#primaryimage\",\"url\":\"https:\/\/dobner.it\/wp-content\/uploads\/2022\/12\/orologio-chanel-j12-phantom-calibro-121-in-acciaio-e-ceramica-bianca.jpg\",\"contentUrl\":\"https:\/\/dobner.it\/wp-content\/uploads\/2022\/12\/orologio-chanel-j12-phantom-calibro-121-in-acciaio-e-ceramica-bianca.jpg\",\"width\":1024,\"height\":1024},{\"@type\":\"BreadcrumbList\",\"@id\":\"https:\/\/dobner.it\/it\/prodotto\/orologio-chanel-j12-phantom-calibro-12-1-acciaio-ceramica-bianca\/#breadcrumb\",\"itemListElement\":[{\"@type\":\"ListItem\",\"position\":1,\"name\":\"Home\",\"item\":\"https:\/\/dobner.it\/it\/\"},{\"@type\":\"ListItem\",\"position\":2,\"name\":\"Prodotti\",\"item\":\"https:\/\/dobner.it\/it\/prodotti\/\"},{\"@type\":\"ListItem\",\"position\":3,\"name\":\"Orologio Chanel J12 Phantom Calibro 12.1 in Acciaio e Ceramica Bianca\"}]},{\"@type\":\"WebSite\",\"@id\":\"https:\/\/dobner.it\/it\/#website\",\"url\":\"https:\/\/dobner.it\/it\/\",\"name\":\"Dobner\",\"description\":\"\",\"publisher\":{\"@id\":\"https:\/\/dobner.it\/it\/#organization\"},\"potentialAction\":[{\"@type\":\"SearchAction\",\"target\":{\"@type\":\"EntryPoint\",\"urlTemplate\":\"https:\/\/dobner.it\/it\/?s={search_term_string}\"},\"query-input\":{\"@type\":\"PropertyValueSpecification\",\"valueRequired\":true,\"valueName\":\"search_term_string\"}}],\"inLanguage\":\"it-IT\"},{\"@type\":\"Organization\",\"@id\":\"https:\/\/dobner.it\/it\/#organization\",\"name\":\"Dobner\",\"url\":\"https:\/\/dobner.it\/it\/\",\"logo\":{\"@type\":\"ImageObject\",\"inLanguage\":\"it-IT\",\"@id\":\"https:\/\/dobner.it\/it\/#\/schema\/logo\/image\/\",\"url\":\"https:\/\/dobner.it\/wp-content\/uploads\/2020\/10\/logo-email.png\",\"contentUrl\":\"https:\/\/dobner.it\/wp-content\/uploads\/2020\/10\/logo-email.png\",\"width\":188,\"height\":81,\"caption\":\"Dobner\"},\"image\":{\"@id\":\"https:\/\/dobner.it\/it\/#\/schema\/logo\/image\/\"}}]}<\/script>\n<!-- \/ Yoast SEO plugin. -->","yoast_head_json":{"title":"Orologio Chanel J12 Phantom 12.1 Acciaio e Ceramica Bianca","description":"Orologio Chanel J12 Phantom Calibro 12.1 con cassa da 38 mm. In acciaio e ceramica bianca. Quadrante bianco. Movimento automatico.","robots":{"index":"index","follow":"follow","max-snippet":"max-snippet:-1","max-image-preview":"max-image-preview:large","max-video-preview":"max-video-preview:-1"},"canonical":"https:\/\/dobner.it\/it\/prodotto\/orologio-chanel-j12-phantom-calibro-12-1-acciaio-ceramica-bianca\/","og_locale":"it_IT","og_type":"article","og_title":"Orologio Chanel J12 Phantom 12.1 Acciaio e Ceramica Bianca","og_description":"Orologio Chanel J12 Phantom Calibro 12.1 con cassa da 38 mm. In acciaio e ceramica bianca. Quadrante bianco. Movimento automatico.","og_url":"https:\/\/dobner.it\/it\/prodotto\/orologio-chanel-j12-phantom-calibro-12-1-acciaio-ceramica-bianca\/","og_site_name":"Dobner","article_modified_time":"2025-05-13T14:21:28+00:00","og_image":[{"width":1024,"height":1024,"url":"https:\/\/dobner.it\/wp-content\/uploads\/2022\/12\/orologio-chanel-j12-phantom-calibro-121-in-acciaio-e-ceramica-bianca.jpg","type":"image\/jpeg"}],"twitter_card":"summary_large_image","twitter_misc":{"Tempo di lettura stimato":"1 minuto"},"schema":{"@context":"https:\/\/schema.org","@graph":[{"@type":"WebPage","@id":"https:\/\/dobner.it\/it\/prodotto\/orologio-chanel-j12-phantom-calibro-12-1-acciaio-ceramica-bianca\/","url":"https:\/\/dobner.it\/it\/prodotto\/orologio-chanel-j12-phantom-calibro-12-1-acciaio-ceramica-bianca\/","name":"Orologio Chanel J12 Phantom 12.1 Acciaio e Ceramica Bianca","isPartOf":{"@id":"https:\/\/dobner.it\/it\/#website"},"primaryImageOfPage":{"@id":"https:\/\/dobner.it\/it\/prodotto\/orologio-chanel-j12-phantom-calibro-12-1-acciaio-ceramica-bianca\/#primaryimage"},"image":{"@id":"https:\/\/dobner.it\/it\/prodotto\/orologio-chanel-j12-phantom-calibro-12-1-acciaio-ceramica-bianca\/#primaryimage"},"thumbnailUrl":"https:\/\/dobner.it\/wp-content\/uploads\/2022\/12\/orologio-chanel-j12-phantom-calibro-121-in-acciaio-e-ceramica-bianca.jpg","datePublished":"2022-12-05T08:18:38+00:00","dateModified":"2025-05-13T14:21:28+00:00","description":"Orologio Chanel J12 Phantom Calibro 12.1 con cassa da 38 mm. In acciaio e ceramica bianca. Quadrante bianco. Movimento automatico.","breadcrumb":{"@id":"https:\/\/dobner.it\/it\/prodotto\/orologio-chanel-j12-phantom-calibro-12-1-acciaio-ceramica-bianca\/#breadcrumb"},"inLanguage":"it-IT","potentialAction":[{"@type":"ReadAction","target":["https:\/\/dobner.it\/it\/prodotto\/orologio-chanel-j12-phantom-calibro-12-1-acciaio-ceramica-bianca\/"]}]},{"@type":"ImageObject","inLanguage":"it-IT","@id":"https:\/\/dobner.it\/it\/prodotto\/orologio-chanel-j12-phantom-calibro-12-1-acciaio-ceramica-bianca\/#primaryimage","url":"https:\/\/dobner.it\/wp-content\/uploads\/2022\/12\/orologio-chanel-j12-phantom-calibro-121-in-acciaio-e-ceramica-bianca.jpg","contentUrl":"https:\/\/dobner.it\/wp-content\/uploads\/2022\/12\/orologio-chanel-j12-phantom-calibro-121-in-acciaio-e-ceramica-bianca.jpg","width":1024,"height":1024},{"@type":"BreadcrumbList","@id":"https:\/\/dobner.it\/it\/prodotto\/orologio-chanel-j12-phantom-calibro-12-1-acciaio-ceramica-bianca\/#breadcrumb","itemListElement":[{"@type":"ListItem","position":1,"name":"Home","item":"https:\/\/dobner.it\/it\/"},{"@type":"ListItem","position":2,"name":"Prodotti","item":"https:\/\/dobner.it\/it\/prodotti\/"},{"@type":"ListItem","position":3,"name":"Orologio Chanel J12 Phantom Calibro 12.1 in Acciaio e Ceramica Bianca"}]},{"@type":"WebSite","@id":"https:\/\/dobner.it\/it\/#website","url":"https:\/\/dobner.it\/it\/","name":"Dobner","description":"","publisher":{"@id":"https:\/\/dobner.it\/it\/#organization"},"potentialAction":[{"@type":"SearchAction","target":{"@type":"EntryPoint","urlTemplate":"https:\/\/dobner.it\/it\/?s={search_term_string}"},"query-input":{"@type":"PropertyValueSpecification","valueRequired":true,"valueName":"search_term_string"}}],"inLanguage":"it-IT"},{"@type":"Organization","@id":"https:\/\/dobner.it\/it\/#organization","name":"Dobner","url":"https:\/\/dobner.it\/it\/","logo":{"@type":"ImageObject","inLanguage":"it-IT","@id":"https:\/\/dobner.it\/it\/#\/schema\/logo\/image\/","url":"https:\/\/dobner.it\/wp-content\/uploads\/2020\/10\/logo-email.png","contentUrl":"https:\/\/dobner.it\/wp-content\/uploads\/2020\/10\/logo-email.png","width":188,"height":81,"caption":"Dobner"},"image":{"@id":"https:\/\/dobner.it\/it\/#\/schema\/logo\/image\/"}}]}},"_links":{"self":[{"href":"https:\/\/dobner.it\/it\/wp-json\/wp\/v2\/product\/55520","targetHints":{"allow":["GET"]}}],"collection":[{"href":"https:\/\/dobner.it\/it\/wp-json\/wp\/v2\/product"}],"about":[{"href":"https:\/\/dobner.it\/it\/wp-json\/wp\/v2\/types\/product"}],"version-history":[{"count":1,"href":"https:\/\/dobner.it\/it\/wp-json\/wp\/v2\/product\/55520\/revisions"}],"predecessor-version":[{"id":83639,"href":"https:\/\/dobner.it\/it\/wp-json\/wp\/v2\/product\/55520\/revisions\/83639"}],"wp:featuredmedia":[{"embeddable":true,"href":"https:\/\/dobner.it\/it\/wp-json\/wp\/v2\/media\/55521"}],"wp:attachment":[{"href":"https:\/\/dobner.it\/it\/wp-json\/wp\/v2\/media?parent=55520"}],"wp:term":[{"taxonomy":"product_brand","embeddable":true,"href":"https:\/\/dobner.it\/it\/wp-json\/wp\/v2\/product_brand?post=55520"},{"taxonomy":"product_cat","embeddable":true,"href":"https:\/\/dobner.it\/it\/wp-json\/wp\/v2\/product_cat?post=55520"},{"taxonomy":"product_tag","embeddable":true,"href":"https:\/\/dobner.it\/it\/wp-json\/wp\/v2\/product_tag?post=55520"}],"curies":[{"name":"wp","href":"https:\/\/api.w.org\/{rel}","templated":true}]}}