{"id":43525,"date":"2022-07-07T10:50:54","date_gmt":"2022-07-07T08:50:54","guid":{"rendered":"https:\/\/dobner.it\/?post_type=product&#038;p=43525"},"modified":"2025-05-23T08:58:15","modified_gmt":"2025-05-23T06:58:15","slug":"orologio-gerald-charles-maestro-3-0-cronografo-verde","status":"publish","type":"product","link":"https:\/\/dobner.it\/it\/prodotto\/orologio-gerald-charles-maestro-3-0-cronografo-verde\/","title":{"rendered":"Orologio Gerald Charles Maestro 3.0 Cronografo con Quadrante Verde"},"content":{"rendered":"<p>Questo modello Maestro 3.0 Cronografo rappresenta una significativa evoluzione del modello Maestro della Maison. L\u2019orologio \u00e8 disponibile per la prima volta in acciaio e pesa solo 110gr.<\/p>\n<p>La cassa da 39 x 41,7 mm \u00e8 ultrasottile, aggiornata con angoli pi\u00f9 squadrati ed i pulsanti del cronografo su misura. La forma complessiva \u00e8 stata progettata per rimanere piatta sul polso, misurando solo 11,5 mm di profondit\u00e0.<\/p>\n<p>Il quadrante \u00e8 verde smeraldo.<\/p>\n<p>\u00c8 dotato di movimento automatico Calibro Ref. GCA3022\/12, un movimento cronografo automatico basato sul GCA3002, conforme ai pi\u00f9 elevati standard di qualit\u00e0 Fleurier. \u00c8 arricchito da ponti decorati C\u00f4te de Gen\u00e8ve. \u00c8 stato progettato per massimizzare la precisione del movimento e per migliorare la resistenza alle vibrazioni e agli urti. Con riserva di carica di 50 ore a doppia canna.<\/p>\n<p>Il cinturino Gerald Charles verde smeraldo presenta la sua classica decorazione double-face con Clou de Paris su un lato e la tapisserie del logo GC sull\u2019altro. \u00c8 realizzato in gomma tecnica vulcanizzata.<\/p>\n<p>Impermeabilit\u00e0 fino a 100 metri. L\u2019orologio \u00e8 stato progettato con una guarnizione su misura per sigillare il vetro zaffiro di forma irregolare.<\/p>\n<p>Ref. GC3.0-A-02<\/p>\n","protected":false},"excerpt":{"rendered":"<p>Orologio Gerald Charles Maestro 3.0 Cronografo con cassa in acciaio. Quadrante verde smeraldo e cinturino in gomma vulcanizzata. Carica automatica, Calibro GCA3022\/12.<\/p>\n","protected":false},"featured_media":43526,"template":"","meta":[],"product_brand":[1029],"product_cat":[24],"product_tag":[],"class_list":{"0":"post-43525","1":"product","2":"type-product","3":"status-publish","4":"has-post-thumbnail","6":"product_brand-gerald-charles","7":"product_cat-orologi","8":"pa_orologi-orologi-automatici","9":"pa_orologi-orologi-cronografo","11":"first","12":"instock","13":"taxable","14":"shipping-taxable","15":"product-type-external","swatches":"rey-swatches","show_selected":""},"acf":[],"yoast_head":"<!-- This site is optimized with the Yoast SEO plugin v26.4 - https:\/\/yoast.com\/wordpress\/plugins\/seo\/ -->\n<title>Orologio Gerald Charles Maestro 3.0 con Quadrante Verde<\/title>\n<meta name=\"description\" content=\"Orologio Gerald Charles Maestro 3.0 Cronografo con cassa in acciaio. Quadrante verde smeraldo e cinturino in gomma vulcanizzata. Carica automatica\" \/>\n<meta name=\"robots\" content=\"index, follow, max-snippet:-1, max-image-preview:large, max-video-preview:-1\" \/>\n<link rel=\"canonical\" href=\"https:\/\/dobner.it\/it\/prodotto\/orologio-gerald-charles-maestro-3-0-cronografo-verde\/\" \/>\n<meta property=\"og:locale\" content=\"it_IT\" \/>\n<meta property=\"og:type\" content=\"article\" \/>\n<meta property=\"og:title\" content=\"Orologio Gerald Charles Maestro 3.0 con Quadrante Verde\" \/>\n<meta property=\"og:description\" content=\"Orologio Gerald Charles Maestro 3.0 Cronografo con cassa in acciaio. Quadrante verde smeraldo e cinturino in gomma vulcanizzata. Carica automatica\" \/>\n<meta property=\"og:url\" content=\"https:\/\/dobner.it\/it\/prodotto\/orologio-gerald-charles-maestro-3-0-cronografo-verde\/\" \/>\n<meta property=\"og:site_name\" content=\"Dobner\" \/>\n<meta property=\"article:modified_time\" content=\"2025-05-23T06:58:15+00:00\" \/>\n<meta property=\"og:image\" content=\"https:\/\/dobner.it\/wp-content\/uploads\/2022\/07\/orologio-gerald-charles-maestro-3-0-cronografo-con-quadrante-verde.jpg\" \/>\n\t<meta property=\"og:image:width\" content=\"1024\" \/>\n\t<meta property=\"og:image:height\" content=\"1024\" \/>\n\t<meta property=\"og:image:type\" content=\"image\/jpeg\" \/>\n<meta name=\"twitter:card\" content=\"summary_large_image\" \/>\n<meta name=\"twitter:label1\" content=\"Tempo di lettura stimato\" \/>\n\t<meta name=\"twitter:data1\" content=\"1 minuto\" \/>\n<script type=\"application\/ld+json\" class=\"yoast-schema-graph\">{\"@context\":\"https:\/\/schema.org\",\"@graph\":[{\"@type\":\"WebPage\",\"@id\":\"https:\/\/dobner.it\/it\/prodotto\/orologio-gerald-charles-maestro-3-0-cronografo-verde\/\",\"url\":\"https:\/\/dobner.it\/it\/prodotto\/orologio-gerald-charles-maestro-3-0-cronografo-verde\/\",\"name\":\"Orologio Gerald Charles Maestro 3.0 con Quadrante Verde\",\"isPartOf\":{\"@id\":\"https:\/\/dobner.it\/it\/#website\"},\"primaryImageOfPage\":{\"@id\":\"https:\/\/dobner.it\/it\/prodotto\/orologio-gerald-charles-maestro-3-0-cronografo-verde\/#primaryimage\"},\"image\":{\"@id\":\"https:\/\/dobner.it\/it\/prodotto\/orologio-gerald-charles-maestro-3-0-cronografo-verde\/#primaryimage\"},\"thumbnailUrl\":\"https:\/\/dobner.it\/wp-content\/uploads\/2022\/07\/orologio-gerald-charles-maestro-3-0-cronografo-con-quadrante-verde.jpg\",\"datePublished\":\"2022-07-07T08:50:54+00:00\",\"dateModified\":\"2025-05-23T06:58:15+00:00\",\"description\":\"Orologio Gerald Charles Maestro 3.0 Cronografo con cassa in acciaio. Quadrante verde smeraldo e cinturino in gomma vulcanizzata. Carica automatica\",\"breadcrumb\":{\"@id\":\"https:\/\/dobner.it\/it\/prodotto\/orologio-gerald-charles-maestro-3-0-cronografo-verde\/#breadcrumb\"},\"inLanguage\":\"it-IT\",\"potentialAction\":[{\"@type\":\"ReadAction\",\"target\":[\"https:\/\/dobner.it\/it\/prodotto\/orologio-gerald-charles-maestro-3-0-cronografo-verde\/\"]}]},{\"@type\":\"ImageObject\",\"inLanguage\":\"it-IT\",\"@id\":\"https:\/\/dobner.it\/it\/prodotto\/orologio-gerald-charles-maestro-3-0-cronografo-verde\/#primaryimage\",\"url\":\"https:\/\/dobner.it\/wp-content\/uploads\/2022\/07\/orologio-gerald-charles-maestro-3-0-cronografo-con-quadrante-verde.jpg\",\"contentUrl\":\"https:\/\/dobner.it\/wp-content\/uploads\/2022\/07\/orologio-gerald-charles-maestro-3-0-cronografo-con-quadrante-verde.jpg\",\"width\":1024,\"height\":1024},{\"@type\":\"BreadcrumbList\",\"@id\":\"https:\/\/dobner.it\/it\/prodotto\/orologio-gerald-charles-maestro-3-0-cronografo-verde\/#breadcrumb\",\"itemListElement\":[{\"@type\":\"ListItem\",\"position\":1,\"name\":\"Home\",\"item\":\"https:\/\/dobner.it\/it\/\"},{\"@type\":\"ListItem\",\"position\":2,\"name\":\"Prodotti\",\"item\":\"https:\/\/dobner.it\/it\/prodotti\/\"},{\"@type\":\"ListItem\",\"position\":3,\"name\":\"Orologio Gerald Charles Maestro 3.0 Cronografo con Quadrante Verde\"}]},{\"@type\":\"WebSite\",\"@id\":\"https:\/\/dobner.it\/it\/#website\",\"url\":\"https:\/\/dobner.it\/it\/\",\"name\":\"Dobner\",\"description\":\"\",\"publisher\":{\"@id\":\"https:\/\/dobner.it\/it\/#organization\"},\"potentialAction\":[{\"@type\":\"SearchAction\",\"target\":{\"@type\":\"EntryPoint\",\"urlTemplate\":\"https:\/\/dobner.it\/it\/?s={search_term_string}\"},\"query-input\":{\"@type\":\"PropertyValueSpecification\",\"valueRequired\":true,\"valueName\":\"search_term_string\"}}],\"inLanguage\":\"it-IT\"},{\"@type\":\"Organization\",\"@id\":\"https:\/\/dobner.it\/it\/#organization\",\"name\":\"Dobner\",\"url\":\"https:\/\/dobner.it\/it\/\",\"logo\":{\"@type\":\"ImageObject\",\"inLanguage\":\"it-IT\",\"@id\":\"https:\/\/dobner.it\/it\/#\/schema\/logo\/image\/\",\"url\":\"https:\/\/dobner.it\/wp-content\/uploads\/2020\/10\/logo-email.png\",\"contentUrl\":\"https:\/\/dobner.it\/wp-content\/uploads\/2020\/10\/logo-email.png\",\"width\":188,\"height\":81,\"caption\":\"Dobner\"},\"image\":{\"@id\":\"https:\/\/dobner.it\/it\/#\/schema\/logo\/image\/\"}}]}<\/script>\n<!-- \/ Yoast SEO plugin. -->","yoast_head_json":{"title":"Orologio Gerald Charles Maestro 3.0 con Quadrante Verde","description":"Orologio Gerald Charles Maestro 3.0 Cronografo con cassa in acciaio. Quadrante verde smeraldo e cinturino in gomma vulcanizzata. Carica automatica","robots":{"index":"index","follow":"follow","max-snippet":"max-snippet:-1","max-image-preview":"max-image-preview:large","max-video-preview":"max-video-preview:-1"},"canonical":"https:\/\/dobner.it\/it\/prodotto\/orologio-gerald-charles-maestro-3-0-cronografo-verde\/","og_locale":"it_IT","og_type":"article","og_title":"Orologio Gerald Charles Maestro 3.0 con Quadrante Verde","og_description":"Orologio Gerald Charles Maestro 3.0 Cronografo con cassa in acciaio. Quadrante verde smeraldo e cinturino in gomma vulcanizzata. Carica automatica","og_url":"https:\/\/dobner.it\/it\/prodotto\/orologio-gerald-charles-maestro-3-0-cronografo-verde\/","og_site_name":"Dobner","article_modified_time":"2025-05-23T06:58:15+00:00","og_image":[{"width":1024,"height":1024,"url":"https:\/\/dobner.it\/wp-content\/uploads\/2022\/07\/orologio-gerald-charles-maestro-3-0-cronografo-con-quadrante-verde.jpg","type":"image\/jpeg"}],"twitter_card":"summary_large_image","twitter_misc":{"Tempo di lettura stimato":"1 minuto"},"schema":{"@context":"https:\/\/schema.org","@graph":[{"@type":"WebPage","@id":"https:\/\/dobner.it\/it\/prodotto\/orologio-gerald-charles-maestro-3-0-cronografo-verde\/","url":"https:\/\/dobner.it\/it\/prodotto\/orologio-gerald-charles-maestro-3-0-cronografo-verde\/","name":"Orologio Gerald Charles Maestro 3.0 con Quadrante Verde","isPartOf":{"@id":"https:\/\/dobner.it\/it\/#website"},"primaryImageOfPage":{"@id":"https:\/\/dobner.it\/it\/prodotto\/orologio-gerald-charles-maestro-3-0-cronografo-verde\/#primaryimage"},"image":{"@id":"https:\/\/dobner.it\/it\/prodotto\/orologio-gerald-charles-maestro-3-0-cronografo-verde\/#primaryimage"},"thumbnailUrl":"https:\/\/dobner.it\/wp-content\/uploads\/2022\/07\/orologio-gerald-charles-maestro-3-0-cronografo-con-quadrante-verde.jpg","datePublished":"2022-07-07T08:50:54+00:00","dateModified":"2025-05-23T06:58:15+00:00","description":"Orologio Gerald Charles Maestro 3.0 Cronografo con cassa in acciaio. Quadrante verde smeraldo e cinturino in gomma vulcanizzata. Carica automatica","breadcrumb":{"@id":"https:\/\/dobner.it\/it\/prodotto\/orologio-gerald-charles-maestro-3-0-cronografo-verde\/#breadcrumb"},"inLanguage":"it-IT","potentialAction":[{"@type":"ReadAction","target":["https:\/\/dobner.it\/it\/prodotto\/orologio-gerald-charles-maestro-3-0-cronografo-verde\/"]}]},{"@type":"ImageObject","inLanguage":"it-IT","@id":"https:\/\/dobner.it\/it\/prodotto\/orologio-gerald-charles-maestro-3-0-cronografo-verde\/#primaryimage","url":"https:\/\/dobner.it\/wp-content\/uploads\/2022\/07\/orologio-gerald-charles-maestro-3-0-cronografo-con-quadrante-verde.jpg","contentUrl":"https:\/\/dobner.it\/wp-content\/uploads\/2022\/07\/orologio-gerald-charles-maestro-3-0-cronografo-con-quadrante-verde.jpg","width":1024,"height":1024},{"@type":"BreadcrumbList","@id":"https:\/\/dobner.it\/it\/prodotto\/orologio-gerald-charles-maestro-3-0-cronografo-verde\/#breadcrumb","itemListElement":[{"@type":"ListItem","position":1,"name":"Home","item":"https:\/\/dobner.it\/it\/"},{"@type":"ListItem","position":2,"name":"Prodotti","item":"https:\/\/dobner.it\/it\/prodotti\/"},{"@type":"ListItem","position":3,"name":"Orologio Gerald Charles Maestro 3.0 Cronografo con Quadrante Verde"}]},{"@type":"WebSite","@id":"https:\/\/dobner.it\/it\/#website","url":"https:\/\/dobner.it\/it\/","name":"Dobner","description":"","publisher":{"@id":"https:\/\/dobner.it\/it\/#organization"},"potentialAction":[{"@type":"SearchAction","target":{"@type":"EntryPoint","urlTemplate":"https:\/\/dobner.it\/it\/?s={search_term_string}"},"query-input":{"@type":"PropertyValueSpecification","valueRequired":true,"valueName":"search_term_string"}}],"inLanguage":"it-IT"},{"@type":"Organization","@id":"https:\/\/dobner.it\/it\/#organization","name":"Dobner","url":"https:\/\/dobner.it\/it\/","logo":{"@type":"ImageObject","inLanguage":"it-IT","@id":"https:\/\/dobner.it\/it\/#\/schema\/logo\/image\/","url":"https:\/\/dobner.it\/wp-content\/uploads\/2020\/10\/logo-email.png","contentUrl":"https:\/\/dobner.it\/wp-content\/uploads\/2020\/10\/logo-email.png","width":188,"height":81,"caption":"Dobner"},"image":{"@id":"https:\/\/dobner.it\/it\/#\/schema\/logo\/image\/"}}]}},"_links":{"self":[{"href":"https:\/\/dobner.it\/it\/wp-json\/wp\/v2\/product\/43525","targetHints":{"allow":["GET"]}}],"collection":[{"href":"https:\/\/dobner.it\/it\/wp-json\/wp\/v2\/product"}],"about":[{"href":"https:\/\/dobner.it\/it\/wp-json\/wp\/v2\/types\/product"}],"version-history":[{"count":1,"href":"https:\/\/dobner.it\/it\/wp-json\/wp\/v2\/product\/43525\/revisions"}],"predecessor-version":[{"id":84388,"href":"https:\/\/dobner.it\/it\/wp-json\/wp\/v2\/product\/43525\/revisions\/84388"}],"wp:featuredmedia":[{"embeddable":true,"href":"https:\/\/dobner.it\/it\/wp-json\/wp\/v2\/media\/43526"}],"wp:attachment":[{"href":"https:\/\/dobner.it\/it\/wp-json\/wp\/v2\/media?parent=43525"}],"wp:term":[{"taxonomy":"product_brand","embeddable":true,"href":"https:\/\/dobner.it\/it\/wp-json\/wp\/v2\/product_brand?post=43525"},{"taxonomy":"product_cat","embeddable":true,"href":"https:\/\/dobner.it\/it\/wp-json\/wp\/v2\/product_cat?post=43525"},{"taxonomy":"product_tag","embeddable":true,"href":"https:\/\/dobner.it\/it\/wp-json\/wp\/v2\/product_tag?post=43525"}],"curies":[{"name":"wp","href":"https:\/\/api.w.org\/{rel}","templated":true}]}}