{"id":42521,"date":"2022-07-29T15:51:41","date_gmt":"2022-07-29T13:51:41","guid":{"rendered":"https:\/\/dobner.it\/?post_type=product&#038;p=42521"},"modified":"2025-06-23T11:49:08","modified_gmt":"2025-06-23T09:49:08","slug":"anello-crivelli-farfalla","status":"publish","type":"product","link":"https:\/\/dobner.it\/it\/prodotto\/anello-crivelli-farfalla\/","title":{"rendered":"Anello Crivelli con Farfalla"},"content":{"rendered":"<p>Questo anello Crivelli \u00e8 un modello raffinato. \u00c8 realizzato in oro bianco ed \u00e8 abbellito da una graziosa farfalla illuminata da diamanti bianchi.<\/p>\n<p>L\u2019anello, con le sue linee pregiate \u00e8 un modello che impreziosisce qualsiasi look.<\/p>\n<p>L\u2019anello risalta in abbinamento a bracciali, collane ed orecchini del marchio.<\/p>\n<p>Richiedi informazioni sulle misure e sul prezzo attuale.<\/p>\n","protected":false},"excerpt":{"rendered":"<p>Anello Crivelli con farfalla in oro bianco con diamanti bianchi. Oro 2,60 gr, diamanti bianchi 0,57 ct.<\/p>\n<p>Le caratteristiche possono cambiare in base alla misura.<\/p>\n","protected":false},"featured_media":42522,"template":"","meta":[],"product_brand":[887],"product_cat":[437],"product_tag":[],"class_list":{"0":"post-42521","1":"product","2":"type-product","3":"status-publish","4":"has-post-thumbnail","6":"product_brand-crivelli","7":"product_cat-anelli","8":"pa_anelli-anelli-pietra","9":"pa_anelli-anelli-oro","11":"first","12":"instock","13":"taxable","14":"shipping-taxable","15":"product-type-external","swatches":"rey-swatches","show_selected":""},"acf":[],"yoast_head":"<!-- This site is optimized with the Yoast SEO plugin v26.4 - https:\/\/yoast.com\/wordpress\/plugins\/seo\/ -->\n<title>Anello Crivelli con Farfalla - Dobner<\/title>\n<meta name=\"description\" content=\"Anello Crivelli con farfalla in oro bianco con diamanti bianchi. Oro 2,60 gr, diamanti bianchi 0,57 ct. Scopri le caratteristiche e acquista su Dobner\" \/>\n<meta name=\"robots\" content=\"index, follow, max-snippet:-1, max-image-preview:large, max-video-preview:-1\" \/>\n<link rel=\"canonical\" href=\"https:\/\/dobner.it\/it\/prodotto\/anello-crivelli-farfalla\/\" \/>\n<meta property=\"og:locale\" content=\"it_IT\" \/>\n<meta property=\"og:type\" content=\"article\" \/>\n<meta property=\"og:title\" content=\"Anello Crivelli con Farfalla - Dobner\" \/>\n<meta property=\"og:description\" content=\"Anello Crivelli con farfalla in oro bianco con diamanti bianchi. Oro 2,60 gr, diamanti bianchi 0,57 ct. Scopri le caratteristiche e acquista su Dobner\" \/>\n<meta property=\"og:url\" content=\"https:\/\/dobner.it\/it\/prodotto\/anello-crivelli-farfalla\/\" \/>\n<meta property=\"og:site_name\" content=\"Dobner\" \/>\n<meta property=\"article:modified_time\" content=\"2025-06-23T09:49:08+00:00\" \/>\n<meta property=\"og:image\" content=\"https:\/\/dobner.it\/wp-content\/uploads\/2022\/06\/anello-crivelli-con-farfalla.jpg\" \/>\n\t<meta property=\"og:image:width\" content=\"1024\" \/>\n\t<meta property=\"og:image:height\" content=\"1024\" \/>\n\t<meta property=\"og:image:type\" content=\"image\/jpeg\" \/>\n<meta name=\"twitter:card\" content=\"summary_large_image\" \/>\n<meta name=\"twitter:label1\" content=\"Tempo di lettura stimato\" \/>\n\t<meta name=\"twitter:data1\" content=\"1 minuto\" \/>\n<script type=\"application\/ld+json\" class=\"yoast-schema-graph\">{\"@context\":\"https:\/\/schema.org\",\"@graph\":[{\"@type\":\"WebPage\",\"@id\":\"https:\/\/dobner.it\/it\/prodotto\/anello-crivelli-farfalla\/\",\"url\":\"https:\/\/dobner.it\/it\/prodotto\/anello-crivelli-farfalla\/\",\"name\":\"Anello Crivelli con Farfalla - Dobner\",\"isPartOf\":{\"@id\":\"https:\/\/dobner.it\/it\/#website\"},\"primaryImageOfPage\":{\"@id\":\"https:\/\/dobner.it\/it\/prodotto\/anello-crivelli-farfalla\/#primaryimage\"},\"image\":{\"@id\":\"https:\/\/dobner.it\/it\/prodotto\/anello-crivelli-farfalla\/#primaryimage\"},\"thumbnailUrl\":\"https:\/\/dobner.it\/wp-content\/uploads\/2022\/06\/anello-crivelli-con-farfalla.jpg\",\"datePublished\":\"2022-07-29T13:51:41+00:00\",\"dateModified\":\"2025-06-23T09:49:08+00:00\",\"description\":\"Anello Crivelli con farfalla in oro bianco con diamanti bianchi. Oro 2,60 gr, diamanti bianchi 0,57 ct. Scopri le caratteristiche e acquista su Dobner\",\"breadcrumb\":{\"@id\":\"https:\/\/dobner.it\/it\/prodotto\/anello-crivelli-farfalla\/#breadcrumb\"},\"inLanguage\":\"it-IT\",\"potentialAction\":[{\"@type\":\"ReadAction\",\"target\":[\"https:\/\/dobner.it\/it\/prodotto\/anello-crivelli-farfalla\/\"]}]},{\"@type\":\"ImageObject\",\"inLanguage\":\"it-IT\",\"@id\":\"https:\/\/dobner.it\/it\/prodotto\/anello-crivelli-farfalla\/#primaryimage\",\"url\":\"https:\/\/dobner.it\/wp-content\/uploads\/2022\/06\/anello-crivelli-con-farfalla.jpg\",\"contentUrl\":\"https:\/\/dobner.it\/wp-content\/uploads\/2022\/06\/anello-crivelli-con-farfalla.jpg\",\"width\":1024,\"height\":1024},{\"@type\":\"BreadcrumbList\",\"@id\":\"https:\/\/dobner.it\/it\/prodotto\/anello-crivelli-farfalla\/#breadcrumb\",\"itemListElement\":[{\"@type\":\"ListItem\",\"position\":1,\"name\":\"Home\",\"item\":\"https:\/\/dobner.it\/it\/\"},{\"@type\":\"ListItem\",\"position\":2,\"name\":\"Prodotti\",\"item\":\"https:\/\/dobner.it\/it\/prodotti\/\"},{\"@type\":\"ListItem\",\"position\":3,\"name\":\"Anello Crivelli con Farfalla\"}]},{\"@type\":\"WebSite\",\"@id\":\"https:\/\/dobner.it\/it\/#website\",\"url\":\"https:\/\/dobner.it\/it\/\",\"name\":\"Dobner\",\"description\":\"\",\"publisher\":{\"@id\":\"https:\/\/dobner.it\/it\/#organization\"},\"potentialAction\":[{\"@type\":\"SearchAction\",\"target\":{\"@type\":\"EntryPoint\",\"urlTemplate\":\"https:\/\/dobner.it\/it\/?s={search_term_string}\"},\"query-input\":{\"@type\":\"PropertyValueSpecification\",\"valueRequired\":true,\"valueName\":\"search_term_string\"}}],\"inLanguage\":\"it-IT\"},{\"@type\":\"Organization\",\"@id\":\"https:\/\/dobner.it\/it\/#organization\",\"name\":\"Dobner\",\"url\":\"https:\/\/dobner.it\/it\/\",\"logo\":{\"@type\":\"ImageObject\",\"inLanguage\":\"it-IT\",\"@id\":\"https:\/\/dobner.it\/it\/#\/schema\/logo\/image\/\",\"url\":\"https:\/\/dobner.it\/wp-content\/uploads\/2020\/10\/logo-email.png\",\"contentUrl\":\"https:\/\/dobner.it\/wp-content\/uploads\/2020\/10\/logo-email.png\",\"width\":188,\"height\":81,\"caption\":\"Dobner\"},\"image\":{\"@id\":\"https:\/\/dobner.it\/it\/#\/schema\/logo\/image\/\"}}]}<\/script>\n<!-- \/ Yoast SEO plugin. -->","yoast_head_json":{"title":"Anello Crivelli con Farfalla - Dobner","description":"Anello Crivelli con farfalla in oro bianco con diamanti bianchi. Oro 2,60 gr, diamanti bianchi 0,57 ct. Scopri le caratteristiche e acquista su Dobner","robots":{"index":"index","follow":"follow","max-snippet":"max-snippet:-1","max-image-preview":"max-image-preview:large","max-video-preview":"max-video-preview:-1"},"canonical":"https:\/\/dobner.it\/it\/prodotto\/anello-crivelli-farfalla\/","og_locale":"it_IT","og_type":"article","og_title":"Anello Crivelli con Farfalla - Dobner","og_description":"Anello Crivelli con farfalla in oro bianco con diamanti bianchi. Oro 2,60 gr, diamanti bianchi 0,57 ct. Scopri le caratteristiche e acquista su Dobner","og_url":"https:\/\/dobner.it\/it\/prodotto\/anello-crivelli-farfalla\/","og_site_name":"Dobner","article_modified_time":"2025-06-23T09:49:08+00:00","og_image":[{"width":1024,"height":1024,"url":"https:\/\/dobner.it\/wp-content\/uploads\/2022\/06\/anello-crivelli-con-farfalla.jpg","type":"image\/jpeg"}],"twitter_card":"summary_large_image","twitter_misc":{"Tempo di lettura stimato":"1 minuto"},"schema":{"@context":"https:\/\/schema.org","@graph":[{"@type":"WebPage","@id":"https:\/\/dobner.it\/it\/prodotto\/anello-crivelli-farfalla\/","url":"https:\/\/dobner.it\/it\/prodotto\/anello-crivelli-farfalla\/","name":"Anello Crivelli con Farfalla - Dobner","isPartOf":{"@id":"https:\/\/dobner.it\/it\/#website"},"primaryImageOfPage":{"@id":"https:\/\/dobner.it\/it\/prodotto\/anello-crivelli-farfalla\/#primaryimage"},"image":{"@id":"https:\/\/dobner.it\/it\/prodotto\/anello-crivelli-farfalla\/#primaryimage"},"thumbnailUrl":"https:\/\/dobner.it\/wp-content\/uploads\/2022\/06\/anello-crivelli-con-farfalla.jpg","datePublished":"2022-07-29T13:51:41+00:00","dateModified":"2025-06-23T09:49:08+00:00","description":"Anello Crivelli con farfalla in oro bianco con diamanti bianchi. Oro 2,60 gr, diamanti bianchi 0,57 ct. Scopri le caratteristiche e acquista su Dobner","breadcrumb":{"@id":"https:\/\/dobner.it\/it\/prodotto\/anello-crivelli-farfalla\/#breadcrumb"},"inLanguage":"it-IT","potentialAction":[{"@type":"ReadAction","target":["https:\/\/dobner.it\/it\/prodotto\/anello-crivelli-farfalla\/"]}]},{"@type":"ImageObject","inLanguage":"it-IT","@id":"https:\/\/dobner.it\/it\/prodotto\/anello-crivelli-farfalla\/#primaryimage","url":"https:\/\/dobner.it\/wp-content\/uploads\/2022\/06\/anello-crivelli-con-farfalla.jpg","contentUrl":"https:\/\/dobner.it\/wp-content\/uploads\/2022\/06\/anello-crivelli-con-farfalla.jpg","width":1024,"height":1024},{"@type":"BreadcrumbList","@id":"https:\/\/dobner.it\/it\/prodotto\/anello-crivelli-farfalla\/#breadcrumb","itemListElement":[{"@type":"ListItem","position":1,"name":"Home","item":"https:\/\/dobner.it\/it\/"},{"@type":"ListItem","position":2,"name":"Prodotti","item":"https:\/\/dobner.it\/it\/prodotti\/"},{"@type":"ListItem","position":3,"name":"Anello Crivelli con Farfalla"}]},{"@type":"WebSite","@id":"https:\/\/dobner.it\/it\/#website","url":"https:\/\/dobner.it\/it\/","name":"Dobner","description":"","publisher":{"@id":"https:\/\/dobner.it\/it\/#organization"},"potentialAction":[{"@type":"SearchAction","target":{"@type":"EntryPoint","urlTemplate":"https:\/\/dobner.it\/it\/?s={search_term_string}"},"query-input":{"@type":"PropertyValueSpecification","valueRequired":true,"valueName":"search_term_string"}}],"inLanguage":"it-IT"},{"@type":"Organization","@id":"https:\/\/dobner.it\/it\/#organization","name":"Dobner","url":"https:\/\/dobner.it\/it\/","logo":{"@type":"ImageObject","inLanguage":"it-IT","@id":"https:\/\/dobner.it\/it\/#\/schema\/logo\/image\/","url":"https:\/\/dobner.it\/wp-content\/uploads\/2020\/10\/logo-email.png","contentUrl":"https:\/\/dobner.it\/wp-content\/uploads\/2020\/10\/logo-email.png","width":188,"height":81,"caption":"Dobner"},"image":{"@id":"https:\/\/dobner.it\/it\/#\/schema\/logo\/image\/"}}]}},"_links":{"self":[{"href":"https:\/\/dobner.it\/it\/wp-json\/wp\/v2\/product\/42521","targetHints":{"allow":["GET"]}}],"collection":[{"href":"https:\/\/dobner.it\/it\/wp-json\/wp\/v2\/product"}],"about":[{"href":"https:\/\/dobner.it\/it\/wp-json\/wp\/v2\/types\/product"}],"version-history":[{"count":2,"href":"https:\/\/dobner.it\/it\/wp-json\/wp\/v2\/product\/42521\/revisions"}],"predecessor-version":[{"id":85288,"href":"https:\/\/dobner.it\/it\/wp-json\/wp\/v2\/product\/42521\/revisions\/85288"}],"wp:featuredmedia":[{"embeddable":true,"href":"https:\/\/dobner.it\/it\/wp-json\/wp\/v2\/media\/42522"}],"wp:attachment":[{"href":"https:\/\/dobner.it\/it\/wp-json\/wp\/v2\/media?parent=42521"}],"wp:term":[{"taxonomy":"product_brand","embeddable":true,"href":"https:\/\/dobner.it\/it\/wp-json\/wp\/v2\/product_brand?post=42521"},{"taxonomy":"product_cat","embeddable":true,"href":"https:\/\/dobner.it\/it\/wp-json\/wp\/v2\/product_cat?post=42521"},{"taxonomy":"product_tag","embeddable":true,"href":"https:\/\/dobner.it\/it\/wp-json\/wp\/v2\/product_tag?post=42521"}],"curies":[{"name":"wp","href":"https:\/\/api.w.org\/{rel}","templated":true}]}}