{"id":41637,"date":"2022-06-17T14:02:41","date_gmt":"2022-06-17T12:02:41","guid":{"rendered":"https:\/\/dobner.it\/?post_type=product&#038;p=41637"},"modified":"2026-01-16T09:52:36","modified_gmt":"2026-01-16T08:52:36","slug":"collana-burato-diamonds-paillettes-big-black-diamonds","status":"publish","type":"product","link":"https:\/\/dobner.it\/it\/prodotto\/collana-burato-diamonds-paillettes-big-black-diamonds\/","title":{"rendered":"Collana Burato Diamonds Paillettes Big Black Diamonds"},"content":{"rendered":"<p><span style=\"font-weight: 400\">Questa collana Big Black Diamonds di Burato della collezione Diamonds Paillettes \u00e8 un gioiello elegante e audace allo stesso tempo, aggiunge un tocco raffinato a qualsiasi look.<\/span><\/p>\n<p><span style=\"font-weight: 400\">La collana \u00e8 realizzata in oro rosa 18 kt. Dei preziosi diamanti black la impreziosiscono ulteriormente. Dimensione paillette: \u00f8 8 mm. Due possibilit\u00e0 di chiusura a cm 40 e cm 42.<\/span><\/p>\n<p><span style=\"font-weight: 400\">Questo modello risalta in abbinamento ad anelli, bracciali, orecchini e collane della collezione Diamonds Paillettes.<\/span><\/p>\n","protected":false},"excerpt":{"rendered":"<p>Collana Burato Big Black Diamonds della collezione Diamonds Paillettes. In oro rosa 18 kt con diamanti black.<\/p>\n","protected":false},"featured_media":41638,"template":"","meta":[],"product_brand":[1015],"product_cat":[434],"product_tag":[],"class_list":{"0":"post-41637","1":"product","2":"type-product","3":"status-publish","4":"has-post-thumbnail","6":"product_brand-burato","7":"product_cat-collane","8":"pa_collane-collane-pendente","9":"pa_collane-collane-girocollo","11":"first","12":"instock","13":"taxable","14":"shipping-taxable","15":"purchasable","16":"product-type-simple","swatches":"rey-swatches","show_selected":""},"acf":[],"yoast_head":"<!-- This site is optimized with the Yoast SEO plugin v26.4 - https:\/\/yoast.com\/wordpress\/plugins\/seo\/ -->\n<title>Collana Burato Diamonds Paillettes Big Black Diamonds<\/title>\n<meta name=\"description\" content=\"Collana Burato Big Black Diamonds della collezione Diamonds Paillettes. In oro rosa 18 kt con diamanti black. Scopri le caratteristiche del gioiello\" \/>\n<meta name=\"robots\" content=\"index, follow, max-snippet:-1, max-image-preview:large, max-video-preview:-1\" \/>\n<link rel=\"canonical\" href=\"https:\/\/dobner.it\/it\/prodotto\/collana-burato-diamonds-paillettes-big-black-diamonds\/\" \/>\n<meta property=\"og:locale\" content=\"it_IT\" \/>\n<meta property=\"og:type\" content=\"article\" \/>\n<meta property=\"og:title\" content=\"Collana Burato Diamonds Paillettes Big Black Diamonds\" \/>\n<meta property=\"og:description\" content=\"Collana Burato Big Black Diamonds della collezione Diamonds Paillettes. In oro rosa 18 kt con diamanti black. Scopri le caratteristiche del gioiello\" \/>\n<meta property=\"og:url\" content=\"https:\/\/dobner.it\/it\/prodotto\/collana-burato-diamonds-paillettes-big-black-diamonds\/\" \/>\n<meta property=\"og:site_name\" content=\"Dobner\" \/>\n<meta property=\"article:modified_time\" content=\"2026-01-16T08:52:36+00:00\" \/>\n<meta property=\"og:image\" content=\"https:\/\/dobner.it\/wp-content\/uploads\/2022\/06\/collana-burato-diamonds-paillettes-big-black-diamonds.jpg\" \/>\n\t<meta property=\"og:image:width\" content=\"1024\" \/>\n\t<meta property=\"og:image:height\" content=\"1024\" \/>\n\t<meta property=\"og:image:type\" content=\"image\/jpeg\" \/>\n<meta name=\"twitter:card\" content=\"summary_large_image\" \/>\n<meta name=\"twitter:label1\" content=\"Tempo di lettura stimato\" \/>\n\t<meta name=\"twitter:data1\" content=\"1 minuto\" \/>\n<script type=\"application\/ld+json\" class=\"yoast-schema-graph\">{\"@context\":\"https:\/\/schema.org\",\"@graph\":[{\"@type\":\"WebPage\",\"@id\":\"https:\/\/dobner.it\/it\/prodotto\/collana-burato-diamonds-paillettes-big-black-diamonds\/\",\"url\":\"https:\/\/dobner.it\/it\/prodotto\/collana-burato-diamonds-paillettes-big-black-diamonds\/\",\"name\":\"Collana Burato Diamonds Paillettes Big Black Diamonds\",\"isPartOf\":{\"@id\":\"https:\/\/dobner.it\/it\/#website\"},\"primaryImageOfPage\":{\"@id\":\"https:\/\/dobner.it\/it\/prodotto\/collana-burato-diamonds-paillettes-big-black-diamonds\/#primaryimage\"},\"image\":{\"@id\":\"https:\/\/dobner.it\/it\/prodotto\/collana-burato-diamonds-paillettes-big-black-diamonds\/#primaryimage\"},\"thumbnailUrl\":\"https:\/\/dobner.it\/wp-content\/uploads\/2022\/06\/collana-burato-diamonds-paillettes-big-black-diamonds.jpg\",\"datePublished\":\"2022-06-17T12:02:41+00:00\",\"dateModified\":\"2026-01-16T08:52:36+00:00\",\"description\":\"Collana Burato Big Black Diamonds della collezione Diamonds Paillettes. In oro rosa 18 kt con diamanti black. Scopri le caratteristiche del gioiello\",\"breadcrumb\":{\"@id\":\"https:\/\/dobner.it\/it\/prodotto\/collana-burato-diamonds-paillettes-big-black-diamonds\/#breadcrumb\"},\"inLanguage\":\"it-IT\",\"potentialAction\":[{\"@type\":\"ReadAction\",\"target\":[\"https:\/\/dobner.it\/it\/prodotto\/collana-burato-diamonds-paillettes-big-black-diamonds\/\"]}]},{\"@type\":\"ImageObject\",\"inLanguage\":\"it-IT\",\"@id\":\"https:\/\/dobner.it\/it\/prodotto\/collana-burato-diamonds-paillettes-big-black-diamonds\/#primaryimage\",\"url\":\"https:\/\/dobner.it\/wp-content\/uploads\/2022\/06\/collana-burato-diamonds-paillettes-big-black-diamonds.jpg\",\"contentUrl\":\"https:\/\/dobner.it\/wp-content\/uploads\/2022\/06\/collana-burato-diamonds-paillettes-big-black-diamonds.jpg\",\"width\":1024,\"height\":1024},{\"@type\":\"BreadcrumbList\",\"@id\":\"https:\/\/dobner.it\/it\/prodotto\/collana-burato-diamonds-paillettes-big-black-diamonds\/#breadcrumb\",\"itemListElement\":[{\"@type\":\"ListItem\",\"position\":1,\"name\":\"Home\",\"item\":\"https:\/\/dobner.it\/it\/\"},{\"@type\":\"ListItem\",\"position\":2,\"name\":\"Prodotti\",\"item\":\"https:\/\/dobner.it\/it\/prodotti\/\"},{\"@type\":\"ListItem\",\"position\":3,\"name\":\"Collana Burato Diamonds Paillettes Big Black Diamonds\"}]},{\"@type\":\"WebSite\",\"@id\":\"https:\/\/dobner.it\/it\/#website\",\"url\":\"https:\/\/dobner.it\/it\/\",\"name\":\"Dobner\",\"description\":\"\",\"publisher\":{\"@id\":\"https:\/\/dobner.it\/it\/#organization\"},\"potentialAction\":[{\"@type\":\"SearchAction\",\"target\":{\"@type\":\"EntryPoint\",\"urlTemplate\":\"https:\/\/dobner.it\/it\/?s={search_term_string}\"},\"query-input\":{\"@type\":\"PropertyValueSpecification\",\"valueRequired\":true,\"valueName\":\"search_term_string\"}}],\"inLanguage\":\"it-IT\"},{\"@type\":\"Organization\",\"@id\":\"https:\/\/dobner.it\/it\/#organization\",\"name\":\"Dobner\",\"url\":\"https:\/\/dobner.it\/it\/\",\"logo\":{\"@type\":\"ImageObject\",\"inLanguage\":\"it-IT\",\"@id\":\"https:\/\/dobner.it\/it\/#\/schema\/logo\/image\/\",\"url\":\"https:\/\/dobner.it\/wp-content\/uploads\/2020\/10\/logo-email.png\",\"contentUrl\":\"https:\/\/dobner.it\/wp-content\/uploads\/2020\/10\/logo-email.png\",\"width\":188,\"height\":81,\"caption\":\"Dobner\"},\"image\":{\"@id\":\"https:\/\/dobner.it\/it\/#\/schema\/logo\/image\/\"}}]}<\/script>\n<!-- \/ Yoast SEO plugin. -->","yoast_head_json":{"title":"Collana Burato Diamonds Paillettes Big Black Diamonds","description":"Collana Burato Big Black Diamonds della collezione Diamonds Paillettes. In oro rosa 18 kt con diamanti black. Scopri le caratteristiche del gioiello","robots":{"index":"index","follow":"follow","max-snippet":"max-snippet:-1","max-image-preview":"max-image-preview:large","max-video-preview":"max-video-preview:-1"},"canonical":"https:\/\/dobner.it\/it\/prodotto\/collana-burato-diamonds-paillettes-big-black-diamonds\/","og_locale":"it_IT","og_type":"article","og_title":"Collana Burato Diamonds Paillettes Big Black Diamonds","og_description":"Collana Burato Big Black Diamonds della collezione Diamonds Paillettes. In oro rosa 18 kt con diamanti black. Scopri le caratteristiche del gioiello","og_url":"https:\/\/dobner.it\/it\/prodotto\/collana-burato-diamonds-paillettes-big-black-diamonds\/","og_site_name":"Dobner","article_modified_time":"2026-01-16T08:52:36+00:00","og_image":[{"width":1024,"height":1024,"url":"https:\/\/dobner.it\/wp-content\/uploads\/2022\/06\/collana-burato-diamonds-paillettes-big-black-diamonds.jpg","type":"image\/jpeg"}],"twitter_card":"summary_large_image","twitter_misc":{"Tempo di lettura stimato":"1 minuto"},"schema":{"@context":"https:\/\/schema.org","@graph":[{"@type":"WebPage","@id":"https:\/\/dobner.it\/it\/prodotto\/collana-burato-diamonds-paillettes-big-black-diamonds\/","url":"https:\/\/dobner.it\/it\/prodotto\/collana-burato-diamonds-paillettes-big-black-diamonds\/","name":"Collana Burato Diamonds Paillettes Big Black Diamonds","isPartOf":{"@id":"https:\/\/dobner.it\/it\/#website"},"primaryImageOfPage":{"@id":"https:\/\/dobner.it\/it\/prodotto\/collana-burato-diamonds-paillettes-big-black-diamonds\/#primaryimage"},"image":{"@id":"https:\/\/dobner.it\/it\/prodotto\/collana-burato-diamonds-paillettes-big-black-diamonds\/#primaryimage"},"thumbnailUrl":"https:\/\/dobner.it\/wp-content\/uploads\/2022\/06\/collana-burato-diamonds-paillettes-big-black-diamonds.jpg","datePublished":"2022-06-17T12:02:41+00:00","dateModified":"2026-01-16T08:52:36+00:00","description":"Collana Burato Big Black Diamonds della collezione Diamonds Paillettes. In oro rosa 18 kt con diamanti black. Scopri le caratteristiche del gioiello","breadcrumb":{"@id":"https:\/\/dobner.it\/it\/prodotto\/collana-burato-diamonds-paillettes-big-black-diamonds\/#breadcrumb"},"inLanguage":"it-IT","potentialAction":[{"@type":"ReadAction","target":["https:\/\/dobner.it\/it\/prodotto\/collana-burato-diamonds-paillettes-big-black-diamonds\/"]}]},{"@type":"ImageObject","inLanguage":"it-IT","@id":"https:\/\/dobner.it\/it\/prodotto\/collana-burato-diamonds-paillettes-big-black-diamonds\/#primaryimage","url":"https:\/\/dobner.it\/wp-content\/uploads\/2022\/06\/collana-burato-diamonds-paillettes-big-black-diamonds.jpg","contentUrl":"https:\/\/dobner.it\/wp-content\/uploads\/2022\/06\/collana-burato-diamonds-paillettes-big-black-diamonds.jpg","width":1024,"height":1024},{"@type":"BreadcrumbList","@id":"https:\/\/dobner.it\/it\/prodotto\/collana-burato-diamonds-paillettes-big-black-diamonds\/#breadcrumb","itemListElement":[{"@type":"ListItem","position":1,"name":"Home","item":"https:\/\/dobner.it\/it\/"},{"@type":"ListItem","position":2,"name":"Prodotti","item":"https:\/\/dobner.it\/it\/prodotti\/"},{"@type":"ListItem","position":3,"name":"Collana Burato Diamonds Paillettes Big Black Diamonds"}]},{"@type":"WebSite","@id":"https:\/\/dobner.it\/it\/#website","url":"https:\/\/dobner.it\/it\/","name":"Dobner","description":"","publisher":{"@id":"https:\/\/dobner.it\/it\/#organization"},"potentialAction":[{"@type":"SearchAction","target":{"@type":"EntryPoint","urlTemplate":"https:\/\/dobner.it\/it\/?s={search_term_string}"},"query-input":{"@type":"PropertyValueSpecification","valueRequired":true,"valueName":"search_term_string"}}],"inLanguage":"it-IT"},{"@type":"Organization","@id":"https:\/\/dobner.it\/it\/#organization","name":"Dobner","url":"https:\/\/dobner.it\/it\/","logo":{"@type":"ImageObject","inLanguage":"it-IT","@id":"https:\/\/dobner.it\/it\/#\/schema\/logo\/image\/","url":"https:\/\/dobner.it\/wp-content\/uploads\/2020\/10\/logo-email.png","contentUrl":"https:\/\/dobner.it\/wp-content\/uploads\/2020\/10\/logo-email.png","width":188,"height":81,"caption":"Dobner"},"image":{"@id":"https:\/\/dobner.it\/it\/#\/schema\/logo\/image\/"}}]}},"_links":{"self":[{"href":"https:\/\/dobner.it\/it\/wp-json\/wp\/v2\/product\/41637","targetHints":{"allow":["GET"]}}],"collection":[{"href":"https:\/\/dobner.it\/it\/wp-json\/wp\/v2\/product"}],"about":[{"href":"https:\/\/dobner.it\/it\/wp-json\/wp\/v2\/types\/product"}],"version-history":[{"count":3,"href":"https:\/\/dobner.it\/it\/wp-json\/wp\/v2\/product\/41637\/revisions"}],"predecessor-version":[{"id":84924,"href":"https:\/\/dobner.it\/it\/wp-json\/wp\/v2\/product\/41637\/revisions\/84924"}],"wp:featuredmedia":[{"embeddable":true,"href":"https:\/\/dobner.it\/it\/wp-json\/wp\/v2\/media\/41638"}],"wp:attachment":[{"href":"https:\/\/dobner.it\/it\/wp-json\/wp\/v2\/media?parent=41637"}],"wp:term":[{"taxonomy":"product_brand","embeddable":true,"href":"https:\/\/dobner.it\/it\/wp-json\/wp\/v2\/product_brand?post=41637"},{"taxonomy":"product_cat","embeddable":true,"href":"https:\/\/dobner.it\/it\/wp-json\/wp\/v2\/product_cat?post=41637"},{"taxonomy":"product_tag","embeddable":true,"href":"https:\/\/dobner.it\/it\/wp-json\/wp\/v2\/product_tag?post=41637"}],"curies":[{"name":"wp","href":"https:\/\/api.w.org\/{rel}","templated":true}]}}