{"id":40668,"date":"2022-06-10T12:33:21","date_gmt":"2022-06-10T10:33:21","guid":{"rendered":"https:\/\/dobner.it\/?post_type=product&#038;p=40668"},"modified":"2026-01-16T11:08:10","modified_gmt":"2026-01-16T10:08:10","slug":"bracciale-burato-linee-archi-black-unione","status":"publish","type":"product","link":"https:\/\/dobner.it\/it\/prodotto\/bracciale-burato-linee-archi-black-unione\/","title":{"rendered":"Bracciale Burato Linee ed Archi Black Unione"},"content":{"rendered":"<p>Questo bracciale Black Unione di Burato della collezione Linee ed Archi \u00e8 un gioiello dalle linee delicate ed essenziali, con due graziosi anelli in oro rosa si uniscono, simboli di forza e di unione.<\/p>\n<p>Il bracciale, dai tratti eleganti, \u00e8 realizzato in argento PVD nero e doppio circle in oro rosa 18 kt. Anellini e chiusura in oro rosa 18 kt.<\/p>\n<p>Questo modello risalta in abbinamento ad anelli, bracciali, orecchini e collane della collezione Linee ed Archi.<\/p>\n<p>Dimensione Circle: \u00f8 12 mm e \u00f8 17 mm. Due possibilit\u00e0 di chiusura a cm 15 e 17.<\/p>\n","protected":false},"excerpt":{"rendered":"<p>Bracciale Burato Black Unione della collezione Linee ed Archi. In argento PVD nero e doppio circle in oro rosa 18 kt.<\/p>\n","protected":false},"featured_media":40669,"template":"","meta":[],"product_brand":[1015],"product_cat":[428],"product_tag":[],"class_list":{"0":"post-40668","1":"product","2":"type-product","3":"status-publish","4":"has-post-thumbnail","6":"product_brand-burato","7":"product_cat-bracciali","8":"pa_bracciali-bracciali-catena-leggera","10":"first","11":"instock","12":"taxable","13":"shipping-taxable","14":"purchasable","15":"product-type-simple","swatches":"rey-swatches","show_selected":""},"acf":[],"yoast_head":"<!-- This site is optimized with the Yoast SEO plugin v26.4 - https:\/\/yoast.com\/wordpress\/plugins\/seo\/ -->\n<title>Bracciale Burato Linee ed Archi Black Unione - Dobner<\/title>\n<meta name=\"description\" content=\"Bracciale Burato Black Unione della collezione Linee ed Archi. In argento PVD nero e doppio circle in oro rosa 18 kt. Scopri di pi\u00f9\" \/>\n<meta name=\"robots\" content=\"index, follow, max-snippet:-1, max-image-preview:large, max-video-preview:-1\" \/>\n<link rel=\"canonical\" href=\"https:\/\/dobner.it\/it\/prodotto\/bracciale-burato-linee-archi-black-unione\/\" \/>\n<meta property=\"og:locale\" content=\"it_IT\" \/>\n<meta property=\"og:type\" content=\"article\" \/>\n<meta property=\"og:title\" content=\"Bracciale Burato Linee ed Archi Black Unione - Dobner\" \/>\n<meta property=\"og:description\" content=\"Bracciale Burato Black Unione della collezione Linee ed Archi. In argento PVD nero e doppio circle in oro rosa 18 kt. Scopri di pi\u00f9\" \/>\n<meta property=\"og:url\" content=\"https:\/\/dobner.it\/it\/prodotto\/bracciale-burato-linee-archi-black-unione\/\" \/>\n<meta property=\"og:site_name\" content=\"Dobner\" \/>\n<meta property=\"article:modified_time\" content=\"2026-01-16T10:08:10+00:00\" \/>\n<meta property=\"og:image\" content=\"https:\/\/dobner.it\/wp-content\/uploads\/2022\/06\/bracciale-burato-linee-ed-archi-black-unione.jpg\" \/>\n\t<meta property=\"og:image:width\" content=\"1024\" \/>\n\t<meta property=\"og:image:height\" content=\"1024\" \/>\n\t<meta property=\"og:image:type\" content=\"image\/jpeg\" \/>\n<meta name=\"twitter:card\" content=\"summary_large_image\" \/>\n<meta name=\"twitter:label1\" content=\"Tempo di lettura stimato\" \/>\n\t<meta name=\"twitter:data1\" content=\"1 minuto\" \/>\n<script type=\"application\/ld+json\" class=\"yoast-schema-graph\">{\"@context\":\"https:\/\/schema.org\",\"@graph\":[{\"@type\":\"WebPage\",\"@id\":\"https:\/\/dobner.it\/it\/prodotto\/bracciale-burato-linee-archi-black-unione\/\",\"url\":\"https:\/\/dobner.it\/it\/prodotto\/bracciale-burato-linee-archi-black-unione\/\",\"name\":\"Bracciale Burato Linee ed Archi Black Unione - Dobner\",\"isPartOf\":{\"@id\":\"https:\/\/dobner.it\/it\/#website\"},\"primaryImageOfPage\":{\"@id\":\"https:\/\/dobner.it\/it\/prodotto\/bracciale-burato-linee-archi-black-unione\/#primaryimage\"},\"image\":{\"@id\":\"https:\/\/dobner.it\/it\/prodotto\/bracciale-burato-linee-archi-black-unione\/#primaryimage\"},\"thumbnailUrl\":\"https:\/\/dobner.it\/wp-content\/uploads\/2022\/06\/bracciale-burato-linee-ed-archi-black-unione.jpg\",\"datePublished\":\"2022-06-10T10:33:21+00:00\",\"dateModified\":\"2026-01-16T10:08:10+00:00\",\"description\":\"Bracciale Burato Black Unione della collezione Linee ed Archi. In argento PVD nero e doppio circle in oro rosa 18 kt. Scopri di pi\u00f9\",\"breadcrumb\":{\"@id\":\"https:\/\/dobner.it\/it\/prodotto\/bracciale-burato-linee-archi-black-unione\/#breadcrumb\"},\"inLanguage\":\"it-IT\",\"potentialAction\":[{\"@type\":\"ReadAction\",\"target\":[\"https:\/\/dobner.it\/it\/prodotto\/bracciale-burato-linee-archi-black-unione\/\"]}]},{\"@type\":\"ImageObject\",\"inLanguage\":\"it-IT\",\"@id\":\"https:\/\/dobner.it\/it\/prodotto\/bracciale-burato-linee-archi-black-unione\/#primaryimage\",\"url\":\"https:\/\/dobner.it\/wp-content\/uploads\/2022\/06\/bracciale-burato-linee-ed-archi-black-unione.jpg\",\"contentUrl\":\"https:\/\/dobner.it\/wp-content\/uploads\/2022\/06\/bracciale-burato-linee-ed-archi-black-unione.jpg\",\"width\":1024,\"height\":1024},{\"@type\":\"BreadcrumbList\",\"@id\":\"https:\/\/dobner.it\/it\/prodotto\/bracciale-burato-linee-archi-black-unione\/#breadcrumb\",\"itemListElement\":[{\"@type\":\"ListItem\",\"position\":1,\"name\":\"Home\",\"item\":\"https:\/\/dobner.it\/it\/\"},{\"@type\":\"ListItem\",\"position\":2,\"name\":\"Prodotti\",\"item\":\"https:\/\/dobner.it\/it\/prodotti\/\"},{\"@type\":\"ListItem\",\"position\":3,\"name\":\"Bracciale Burato Linee ed Archi Black Unione\"}]},{\"@type\":\"WebSite\",\"@id\":\"https:\/\/dobner.it\/it\/#website\",\"url\":\"https:\/\/dobner.it\/it\/\",\"name\":\"Dobner\",\"description\":\"\",\"publisher\":{\"@id\":\"https:\/\/dobner.it\/it\/#organization\"},\"potentialAction\":[{\"@type\":\"SearchAction\",\"target\":{\"@type\":\"EntryPoint\",\"urlTemplate\":\"https:\/\/dobner.it\/it\/?s={search_term_string}\"},\"query-input\":{\"@type\":\"PropertyValueSpecification\",\"valueRequired\":true,\"valueName\":\"search_term_string\"}}],\"inLanguage\":\"it-IT\"},{\"@type\":\"Organization\",\"@id\":\"https:\/\/dobner.it\/it\/#organization\",\"name\":\"Dobner\",\"url\":\"https:\/\/dobner.it\/it\/\",\"logo\":{\"@type\":\"ImageObject\",\"inLanguage\":\"it-IT\",\"@id\":\"https:\/\/dobner.it\/it\/#\/schema\/logo\/image\/\",\"url\":\"https:\/\/dobner.it\/wp-content\/uploads\/2020\/10\/logo-email.png\",\"contentUrl\":\"https:\/\/dobner.it\/wp-content\/uploads\/2020\/10\/logo-email.png\",\"width\":188,\"height\":81,\"caption\":\"Dobner\"},\"image\":{\"@id\":\"https:\/\/dobner.it\/it\/#\/schema\/logo\/image\/\"}}]}<\/script>\n<!-- \/ Yoast SEO plugin. -->","yoast_head_json":{"title":"Bracciale Burato Linee ed Archi Black Unione - Dobner","description":"Bracciale Burato Black Unione della collezione Linee ed Archi. In argento PVD nero e doppio circle in oro rosa 18 kt. Scopri di pi\u00f9","robots":{"index":"index","follow":"follow","max-snippet":"max-snippet:-1","max-image-preview":"max-image-preview:large","max-video-preview":"max-video-preview:-1"},"canonical":"https:\/\/dobner.it\/it\/prodotto\/bracciale-burato-linee-archi-black-unione\/","og_locale":"it_IT","og_type":"article","og_title":"Bracciale Burato Linee ed Archi Black Unione - Dobner","og_description":"Bracciale Burato Black Unione della collezione Linee ed Archi. In argento PVD nero e doppio circle in oro rosa 18 kt. Scopri di pi\u00f9","og_url":"https:\/\/dobner.it\/it\/prodotto\/bracciale-burato-linee-archi-black-unione\/","og_site_name":"Dobner","article_modified_time":"2026-01-16T10:08:10+00:00","og_image":[{"width":1024,"height":1024,"url":"https:\/\/dobner.it\/wp-content\/uploads\/2022\/06\/bracciale-burato-linee-ed-archi-black-unione.jpg","type":"image\/jpeg"}],"twitter_card":"summary_large_image","twitter_misc":{"Tempo di lettura stimato":"1 minuto"},"schema":{"@context":"https:\/\/schema.org","@graph":[{"@type":"WebPage","@id":"https:\/\/dobner.it\/it\/prodotto\/bracciale-burato-linee-archi-black-unione\/","url":"https:\/\/dobner.it\/it\/prodotto\/bracciale-burato-linee-archi-black-unione\/","name":"Bracciale Burato Linee ed Archi Black Unione - Dobner","isPartOf":{"@id":"https:\/\/dobner.it\/it\/#website"},"primaryImageOfPage":{"@id":"https:\/\/dobner.it\/it\/prodotto\/bracciale-burato-linee-archi-black-unione\/#primaryimage"},"image":{"@id":"https:\/\/dobner.it\/it\/prodotto\/bracciale-burato-linee-archi-black-unione\/#primaryimage"},"thumbnailUrl":"https:\/\/dobner.it\/wp-content\/uploads\/2022\/06\/bracciale-burato-linee-ed-archi-black-unione.jpg","datePublished":"2022-06-10T10:33:21+00:00","dateModified":"2026-01-16T10:08:10+00:00","description":"Bracciale Burato Black Unione della collezione Linee ed Archi. In argento PVD nero e doppio circle in oro rosa 18 kt. Scopri di pi\u00f9","breadcrumb":{"@id":"https:\/\/dobner.it\/it\/prodotto\/bracciale-burato-linee-archi-black-unione\/#breadcrumb"},"inLanguage":"it-IT","potentialAction":[{"@type":"ReadAction","target":["https:\/\/dobner.it\/it\/prodotto\/bracciale-burato-linee-archi-black-unione\/"]}]},{"@type":"ImageObject","inLanguage":"it-IT","@id":"https:\/\/dobner.it\/it\/prodotto\/bracciale-burato-linee-archi-black-unione\/#primaryimage","url":"https:\/\/dobner.it\/wp-content\/uploads\/2022\/06\/bracciale-burato-linee-ed-archi-black-unione.jpg","contentUrl":"https:\/\/dobner.it\/wp-content\/uploads\/2022\/06\/bracciale-burato-linee-ed-archi-black-unione.jpg","width":1024,"height":1024},{"@type":"BreadcrumbList","@id":"https:\/\/dobner.it\/it\/prodotto\/bracciale-burato-linee-archi-black-unione\/#breadcrumb","itemListElement":[{"@type":"ListItem","position":1,"name":"Home","item":"https:\/\/dobner.it\/it\/"},{"@type":"ListItem","position":2,"name":"Prodotti","item":"https:\/\/dobner.it\/it\/prodotti\/"},{"@type":"ListItem","position":3,"name":"Bracciale Burato Linee ed Archi Black Unione"}]},{"@type":"WebSite","@id":"https:\/\/dobner.it\/it\/#website","url":"https:\/\/dobner.it\/it\/","name":"Dobner","description":"","publisher":{"@id":"https:\/\/dobner.it\/it\/#organization"},"potentialAction":[{"@type":"SearchAction","target":{"@type":"EntryPoint","urlTemplate":"https:\/\/dobner.it\/it\/?s={search_term_string}"},"query-input":{"@type":"PropertyValueSpecification","valueRequired":true,"valueName":"search_term_string"}}],"inLanguage":"it-IT"},{"@type":"Organization","@id":"https:\/\/dobner.it\/it\/#organization","name":"Dobner","url":"https:\/\/dobner.it\/it\/","logo":{"@type":"ImageObject","inLanguage":"it-IT","@id":"https:\/\/dobner.it\/it\/#\/schema\/logo\/image\/","url":"https:\/\/dobner.it\/wp-content\/uploads\/2020\/10\/logo-email.png","contentUrl":"https:\/\/dobner.it\/wp-content\/uploads\/2020\/10\/logo-email.png","width":188,"height":81,"caption":"Dobner"},"image":{"@id":"https:\/\/dobner.it\/it\/#\/schema\/logo\/image\/"}}]}},"_links":{"self":[{"href":"https:\/\/dobner.it\/it\/wp-json\/wp\/v2\/product\/40668","targetHints":{"allow":["GET"]}}],"collection":[{"href":"https:\/\/dobner.it\/it\/wp-json\/wp\/v2\/product"}],"about":[{"href":"https:\/\/dobner.it\/it\/wp-json\/wp\/v2\/types\/product"}],"version-history":[{"count":1,"href":"https:\/\/dobner.it\/it\/wp-json\/wp\/v2\/product\/40668\/revisions"}],"predecessor-version":[{"id":81104,"href":"https:\/\/dobner.it\/it\/wp-json\/wp\/v2\/product\/40668\/revisions\/81104"}],"wp:featuredmedia":[{"embeddable":true,"href":"https:\/\/dobner.it\/it\/wp-json\/wp\/v2\/media\/40669"}],"wp:attachment":[{"href":"https:\/\/dobner.it\/it\/wp-json\/wp\/v2\/media?parent=40668"}],"wp:term":[{"taxonomy":"product_brand","embeddable":true,"href":"https:\/\/dobner.it\/it\/wp-json\/wp\/v2\/product_brand?post=40668"},{"taxonomy":"product_cat","embeddable":true,"href":"https:\/\/dobner.it\/it\/wp-json\/wp\/v2\/product_cat?post=40668"},{"taxonomy":"product_tag","embeddable":true,"href":"https:\/\/dobner.it\/it\/wp-json\/wp\/v2\/product_tag?post=40668"}],"curies":[{"name":"wp","href":"https:\/\/api.w.org\/{rel}","templated":true}]}}