{"id":3479,"date":"2020-10-23T12:44:13","date_gmt":"2020-10-23T10:44:13","guid":{"rendered":"https:\/\/dobner.it\/prodotto\/import-placeholder-for-7255\/"},"modified":"2025-05-27T12:41:26","modified_gmt":"2025-05-27T10:41:26","slug":"orologio-oris-big-crown-pointer-date-80th-anniversary-edition-cassa-bronzo-quadrante-verde-cinturino-pelle","status":"publish","type":"product","link":"https:\/\/dobner.it\/it\/prodotto\/orologio-oris-big-crown-pointer-date-80th-anniversary-edition-cassa-bronzo-quadrante-verde-cinturino-pelle\/","title":{"rendered":"Orologio Oris Big Crown Pointer Date 80th Anniversary Edition con Cassa in Bronzo e Quadrante Verde con Cinturino in Pelle"},"content":{"rendered":"<p>Orologio con movimento automatico Oris Big Crown Pointer Date. Per celebrare il suo 80\u00b0 anniversario, \u00e8 presentato in un&#8217; edizione speciale con cassa da 40 mm in bronzo con quadrante verde e cinturino in pelle. \u00c8 composto da un accostamento di materiali e colori che simboleggia il patrimonio di design dell\u2019orologio e la ricca tradizione dell\u2019orologeria meccanica di Oris. L&#8217;orologio \u00e8 anche protetto dal resistente vetro zaffiro ed \u00e8 impermeabile fino a una profondit\u00e0 di 5 bar.<\/p>\n<p>Ref. 01 754 7741 3167-07 5 20 58BR<\/p>\n","protected":false},"excerpt":{"rendered":"<p>Orologio con carica automatica pointer date sviluppato da Oris. Cassa in bronzo da 40 mm e cinturino in pelle. La sua particolarit\u00e0 \u00e8 il quadrante verde.<\/p>\n","protected":false},"featured_media":18943,"template":"","meta":[],"product_brand":[529],"product_cat":[24],"product_tag":[],"class_list":{"0":"post-3479","1":"product","2":"type-product","3":"status-publish","4":"has-post-thumbnail","6":"product_brand-oris","7":"product_cat-orologi","8":"pa_orologi-orologi-automatici","9":"pa_orologi-orologi-solo-tempo","11":"first","12":"instock","13":"taxable","14":"shipping-taxable","15":"purchasable","16":"product-type-simple","swatches":"rey-swatches","show_selected":""},"acf":[],"yoast_head":"<!-- This site is optimized with the Yoast SEO plugin v26.4 - https:\/\/yoast.com\/wordpress\/plugins\/seo\/ -->\n<title>Oris Big Crown Pointer Date 80th Anniversary Edition Bronzo<\/title>\n<meta name=\"description\" content=\"Orologio con carica automatica pointer date sviluppato da Oris. Cassa in bronzo da 40 mm e cinturino in pelle. La sua particolarit\u00e0 \u00e8 il quadrante verde.\" \/>\n<meta name=\"robots\" content=\"index, follow, max-snippet:-1, max-image-preview:large, max-video-preview:-1\" \/>\n<link rel=\"canonical\" href=\"https:\/\/dobner.it\/it\/prodotto\/orologio-oris-big-crown-pointer-date-80th-anniversary-edition-cassa-bronzo-quadrante-verde-cinturino-pelle\/\" \/>\n<meta property=\"og:locale\" content=\"it_IT\" \/>\n<meta property=\"og:type\" content=\"article\" \/>\n<meta property=\"og:title\" content=\"Oris Big Crown Pointer Date 80th Anniversary Edition Bronzo\" \/>\n<meta property=\"og:description\" content=\"Orologio con carica automatica pointer date sviluppato da Oris. Cassa in bronzo da 40 mm e cinturino in pelle. La sua particolarit\u00e0 \u00e8 il quadrante verde.\" \/>\n<meta property=\"og:url\" content=\"https:\/\/dobner.it\/it\/prodotto\/orologio-oris-big-crown-pointer-date-80th-anniversary-edition-cassa-bronzo-quadrante-verde-cinturino-pelle\/\" \/>\n<meta property=\"og:site_name\" content=\"Dobner\" \/>\n<meta property=\"article:modified_time\" content=\"2025-05-27T10:41:26+00:00\" \/>\n<meta property=\"og:image\" content=\"https:\/\/dobner.it\/wp-content\/uploads\/2020\/10\/orologio-oris-big-crown-pointer-date-80th-anniversary-edition-con-cassa-in-bronzo-e-quadrante-verde-con-cinturino-in-pelle.jpg\" \/>\n\t<meta property=\"og:image:width\" content=\"1024\" \/>\n\t<meta property=\"og:image:height\" content=\"1024\" \/>\n\t<meta property=\"og:image:type\" content=\"image\/jpeg\" \/>\n<meta name=\"twitter:card\" content=\"summary_large_image\" \/>\n<meta name=\"twitter:label1\" content=\"Tempo di lettura stimato\" \/>\n\t<meta name=\"twitter:data1\" content=\"1 minuto\" \/>\n<script type=\"application\/ld+json\" class=\"yoast-schema-graph\">{\"@context\":\"https:\/\/schema.org\",\"@graph\":[{\"@type\":\"WebPage\",\"@id\":\"https:\/\/dobner.it\/it\/prodotto\/orologio-oris-big-crown-pointer-date-80th-anniversary-edition-cassa-bronzo-quadrante-verde-cinturino-pelle\/\",\"url\":\"https:\/\/dobner.it\/it\/prodotto\/orologio-oris-big-crown-pointer-date-80th-anniversary-edition-cassa-bronzo-quadrante-verde-cinturino-pelle\/\",\"name\":\"Oris Big Crown Pointer Date 80th Anniversary Edition Bronzo\",\"isPartOf\":{\"@id\":\"https:\/\/dobner.it\/it\/#website\"},\"primaryImageOfPage\":{\"@id\":\"https:\/\/dobner.it\/it\/prodotto\/orologio-oris-big-crown-pointer-date-80th-anniversary-edition-cassa-bronzo-quadrante-verde-cinturino-pelle\/#primaryimage\"},\"image\":{\"@id\":\"https:\/\/dobner.it\/it\/prodotto\/orologio-oris-big-crown-pointer-date-80th-anniversary-edition-cassa-bronzo-quadrante-verde-cinturino-pelle\/#primaryimage\"},\"thumbnailUrl\":\"https:\/\/dobner.it\/wp-content\/uploads\/2020\/10\/orologio-oris-big-crown-pointer-date-80th-anniversary-edition-con-cassa-in-bronzo-e-quadrante-verde-con-cinturino-in-pelle.jpg\",\"datePublished\":\"2020-10-23T10:44:13+00:00\",\"dateModified\":\"2025-05-27T10:41:26+00:00\",\"description\":\"Orologio con carica automatica pointer date sviluppato da Oris. Cassa in bronzo da 40 mm e cinturino in pelle. La sua particolarit\u00e0 \u00e8 il quadrante verde.\",\"breadcrumb\":{\"@id\":\"https:\/\/dobner.it\/it\/prodotto\/orologio-oris-big-crown-pointer-date-80th-anniversary-edition-cassa-bronzo-quadrante-verde-cinturino-pelle\/#breadcrumb\"},\"inLanguage\":\"it-IT\",\"potentialAction\":[{\"@type\":\"ReadAction\",\"target\":[\"https:\/\/dobner.it\/it\/prodotto\/orologio-oris-big-crown-pointer-date-80th-anniversary-edition-cassa-bronzo-quadrante-verde-cinturino-pelle\/\"]}]},{\"@type\":\"ImageObject\",\"inLanguage\":\"it-IT\",\"@id\":\"https:\/\/dobner.it\/it\/prodotto\/orologio-oris-big-crown-pointer-date-80th-anniversary-edition-cassa-bronzo-quadrante-verde-cinturino-pelle\/#primaryimage\",\"url\":\"https:\/\/dobner.it\/wp-content\/uploads\/2020\/10\/orologio-oris-big-crown-pointer-date-80th-anniversary-edition-con-cassa-in-bronzo-e-quadrante-verde-con-cinturino-in-pelle.jpg\",\"contentUrl\":\"https:\/\/dobner.it\/wp-content\/uploads\/2020\/10\/orologio-oris-big-crown-pointer-date-80th-anniversary-edition-con-cassa-in-bronzo-e-quadrante-verde-con-cinturino-in-pelle.jpg\",\"width\":1024,\"height\":1024},{\"@type\":\"BreadcrumbList\",\"@id\":\"https:\/\/dobner.it\/it\/prodotto\/orologio-oris-big-crown-pointer-date-80th-anniversary-edition-cassa-bronzo-quadrante-verde-cinturino-pelle\/#breadcrumb\",\"itemListElement\":[{\"@type\":\"ListItem\",\"position\":1,\"name\":\"Home\",\"item\":\"https:\/\/dobner.it\/it\/\"},{\"@type\":\"ListItem\",\"position\":2,\"name\":\"Prodotti\",\"item\":\"https:\/\/dobner.it\/it\/prodotti\/\"},{\"@type\":\"ListItem\",\"position\":3,\"name\":\"Orologio Oris Big Crown Pointer Date 80th Anniversary Edition con Cassa in Bronzo e Quadrante Verde con Cinturino in Pelle\"}]},{\"@type\":\"WebSite\",\"@id\":\"https:\/\/dobner.it\/it\/#website\",\"url\":\"https:\/\/dobner.it\/it\/\",\"name\":\"Dobner\",\"description\":\"\",\"publisher\":{\"@id\":\"https:\/\/dobner.it\/it\/#organization\"},\"potentialAction\":[{\"@type\":\"SearchAction\",\"target\":{\"@type\":\"EntryPoint\",\"urlTemplate\":\"https:\/\/dobner.it\/it\/?s={search_term_string}\"},\"query-input\":{\"@type\":\"PropertyValueSpecification\",\"valueRequired\":true,\"valueName\":\"search_term_string\"}}],\"inLanguage\":\"it-IT\"},{\"@type\":\"Organization\",\"@id\":\"https:\/\/dobner.it\/it\/#organization\",\"name\":\"Dobner\",\"url\":\"https:\/\/dobner.it\/it\/\",\"logo\":{\"@type\":\"ImageObject\",\"inLanguage\":\"it-IT\",\"@id\":\"https:\/\/dobner.it\/it\/#\/schema\/logo\/image\/\",\"url\":\"https:\/\/dobner.it\/wp-content\/uploads\/2020\/10\/logo-email.png\",\"contentUrl\":\"https:\/\/dobner.it\/wp-content\/uploads\/2020\/10\/logo-email.png\",\"width\":188,\"height\":81,\"caption\":\"Dobner\"},\"image\":{\"@id\":\"https:\/\/dobner.it\/it\/#\/schema\/logo\/image\/\"}}]}<\/script>\n<!-- \/ Yoast SEO plugin. -->","yoast_head_json":{"title":"Oris Big Crown Pointer Date 80th Anniversary Edition Bronzo","description":"Orologio con carica automatica pointer date sviluppato da Oris. Cassa in bronzo da 40 mm e cinturino in pelle. La sua particolarit\u00e0 \u00e8 il quadrante verde.","robots":{"index":"index","follow":"follow","max-snippet":"max-snippet:-1","max-image-preview":"max-image-preview:large","max-video-preview":"max-video-preview:-1"},"canonical":"https:\/\/dobner.it\/it\/prodotto\/orologio-oris-big-crown-pointer-date-80th-anniversary-edition-cassa-bronzo-quadrante-verde-cinturino-pelle\/","og_locale":"it_IT","og_type":"article","og_title":"Oris Big Crown Pointer Date 80th Anniversary Edition Bronzo","og_description":"Orologio con carica automatica pointer date sviluppato da Oris. Cassa in bronzo da 40 mm e cinturino in pelle. La sua particolarit\u00e0 \u00e8 il quadrante verde.","og_url":"https:\/\/dobner.it\/it\/prodotto\/orologio-oris-big-crown-pointer-date-80th-anniversary-edition-cassa-bronzo-quadrante-verde-cinturino-pelle\/","og_site_name":"Dobner","article_modified_time":"2025-05-27T10:41:26+00:00","og_image":[{"width":1024,"height":1024,"url":"https:\/\/dobner.it\/wp-content\/uploads\/2020\/10\/orologio-oris-big-crown-pointer-date-80th-anniversary-edition-con-cassa-in-bronzo-e-quadrante-verde-con-cinturino-in-pelle.jpg","type":"image\/jpeg"}],"twitter_card":"summary_large_image","twitter_misc":{"Tempo di lettura stimato":"1 minuto"},"schema":{"@context":"https:\/\/schema.org","@graph":[{"@type":"WebPage","@id":"https:\/\/dobner.it\/it\/prodotto\/orologio-oris-big-crown-pointer-date-80th-anniversary-edition-cassa-bronzo-quadrante-verde-cinturino-pelle\/","url":"https:\/\/dobner.it\/it\/prodotto\/orologio-oris-big-crown-pointer-date-80th-anniversary-edition-cassa-bronzo-quadrante-verde-cinturino-pelle\/","name":"Oris Big Crown Pointer Date 80th Anniversary Edition Bronzo","isPartOf":{"@id":"https:\/\/dobner.it\/it\/#website"},"primaryImageOfPage":{"@id":"https:\/\/dobner.it\/it\/prodotto\/orologio-oris-big-crown-pointer-date-80th-anniversary-edition-cassa-bronzo-quadrante-verde-cinturino-pelle\/#primaryimage"},"image":{"@id":"https:\/\/dobner.it\/it\/prodotto\/orologio-oris-big-crown-pointer-date-80th-anniversary-edition-cassa-bronzo-quadrante-verde-cinturino-pelle\/#primaryimage"},"thumbnailUrl":"https:\/\/dobner.it\/wp-content\/uploads\/2020\/10\/orologio-oris-big-crown-pointer-date-80th-anniversary-edition-con-cassa-in-bronzo-e-quadrante-verde-con-cinturino-in-pelle.jpg","datePublished":"2020-10-23T10:44:13+00:00","dateModified":"2025-05-27T10:41:26+00:00","description":"Orologio con carica automatica pointer date sviluppato da Oris. Cassa in bronzo da 40 mm e cinturino in pelle. La sua particolarit\u00e0 \u00e8 il quadrante verde.","breadcrumb":{"@id":"https:\/\/dobner.it\/it\/prodotto\/orologio-oris-big-crown-pointer-date-80th-anniversary-edition-cassa-bronzo-quadrante-verde-cinturino-pelle\/#breadcrumb"},"inLanguage":"it-IT","potentialAction":[{"@type":"ReadAction","target":["https:\/\/dobner.it\/it\/prodotto\/orologio-oris-big-crown-pointer-date-80th-anniversary-edition-cassa-bronzo-quadrante-verde-cinturino-pelle\/"]}]},{"@type":"ImageObject","inLanguage":"it-IT","@id":"https:\/\/dobner.it\/it\/prodotto\/orologio-oris-big-crown-pointer-date-80th-anniversary-edition-cassa-bronzo-quadrante-verde-cinturino-pelle\/#primaryimage","url":"https:\/\/dobner.it\/wp-content\/uploads\/2020\/10\/orologio-oris-big-crown-pointer-date-80th-anniversary-edition-con-cassa-in-bronzo-e-quadrante-verde-con-cinturino-in-pelle.jpg","contentUrl":"https:\/\/dobner.it\/wp-content\/uploads\/2020\/10\/orologio-oris-big-crown-pointer-date-80th-anniversary-edition-con-cassa-in-bronzo-e-quadrante-verde-con-cinturino-in-pelle.jpg","width":1024,"height":1024},{"@type":"BreadcrumbList","@id":"https:\/\/dobner.it\/it\/prodotto\/orologio-oris-big-crown-pointer-date-80th-anniversary-edition-cassa-bronzo-quadrante-verde-cinturino-pelle\/#breadcrumb","itemListElement":[{"@type":"ListItem","position":1,"name":"Home","item":"https:\/\/dobner.it\/it\/"},{"@type":"ListItem","position":2,"name":"Prodotti","item":"https:\/\/dobner.it\/it\/prodotti\/"},{"@type":"ListItem","position":3,"name":"Orologio Oris Big Crown Pointer Date 80th Anniversary Edition con Cassa in Bronzo e Quadrante Verde con Cinturino in Pelle"}]},{"@type":"WebSite","@id":"https:\/\/dobner.it\/it\/#website","url":"https:\/\/dobner.it\/it\/","name":"Dobner","description":"","publisher":{"@id":"https:\/\/dobner.it\/it\/#organization"},"potentialAction":[{"@type":"SearchAction","target":{"@type":"EntryPoint","urlTemplate":"https:\/\/dobner.it\/it\/?s={search_term_string}"},"query-input":{"@type":"PropertyValueSpecification","valueRequired":true,"valueName":"search_term_string"}}],"inLanguage":"it-IT"},{"@type":"Organization","@id":"https:\/\/dobner.it\/it\/#organization","name":"Dobner","url":"https:\/\/dobner.it\/it\/","logo":{"@type":"ImageObject","inLanguage":"it-IT","@id":"https:\/\/dobner.it\/it\/#\/schema\/logo\/image\/","url":"https:\/\/dobner.it\/wp-content\/uploads\/2020\/10\/logo-email.png","contentUrl":"https:\/\/dobner.it\/wp-content\/uploads\/2020\/10\/logo-email.png","width":188,"height":81,"caption":"Dobner"},"image":{"@id":"https:\/\/dobner.it\/it\/#\/schema\/logo\/image\/"}}]}},"_links":{"self":[{"href":"https:\/\/dobner.it\/it\/wp-json\/wp\/v2\/product\/3479","targetHints":{"allow":["GET"]}}],"collection":[{"href":"https:\/\/dobner.it\/it\/wp-json\/wp\/v2\/product"}],"about":[{"href":"https:\/\/dobner.it\/it\/wp-json\/wp\/v2\/types\/product"}],"version-history":[{"count":1,"href":"https:\/\/dobner.it\/it\/wp-json\/wp\/v2\/product\/3479\/revisions"}],"predecessor-version":[{"id":84492,"href":"https:\/\/dobner.it\/it\/wp-json\/wp\/v2\/product\/3479\/revisions\/84492"}],"wp:featuredmedia":[{"embeddable":true,"href":"https:\/\/dobner.it\/it\/wp-json\/wp\/v2\/media\/18943"}],"wp:attachment":[{"href":"https:\/\/dobner.it\/it\/wp-json\/wp\/v2\/media?parent=3479"}],"wp:term":[{"taxonomy":"product_brand","embeddable":true,"href":"https:\/\/dobner.it\/it\/wp-json\/wp\/v2\/product_brand?post=3479"},{"taxonomy":"product_cat","embeddable":true,"href":"https:\/\/dobner.it\/it\/wp-json\/wp\/v2\/product_cat?post=3479"},{"taxonomy":"product_tag","embeddable":true,"href":"https:\/\/dobner.it\/it\/wp-json\/wp\/v2\/product_tag?post=3479"}],"curies":[{"name":"wp","href":"https:\/\/api.w.org\/{rel}","templated":true}]}}