{"id":30890,"date":"2022-02-01T10:02:29","date_gmt":"2022-02-01T09:02:29","guid":{"rendered":"https:\/\/dobner.it\/?post_type=product&#038;p=30890"},"modified":"2026-01-15T12:42:45","modified_gmt":"2026-01-15T11:42:45","slug":"orecchini-chantecler-logo-piccoli-oro-giallo-diamanti","status":"publish","type":"product","link":"https:\/\/dobner.it\/it\/prodotto\/orecchini-chantecler-logo-piccoli-oro-giallo-diamanti\/","title":{"rendered":"Orecchini Chantecler Logo Piccoli in Oro Giallo con Diamanti"},"content":{"rendered":"<p>La collezione Logo di Chantecler \u00e8 una celebrazione della libert\u00e0 di essere, un elogio al coraggio di osare. I suoi gioielli oversize danno forma e riconoscibilit\u00e0 a tutti quei momenti e a quei ricordi senza tempo.<\/p>\n<p>Questi orecchini Logo piccoli sono realizzati in oro giallo 18Kt. Sono decorati dal gallo, dalla campanella, e dal cornetto. Dei brillanti diamanti bianchi li rendono ancora pi\u00f9 raffinati.<\/p>\n<p>Gli orecchini si abbinano perfettamente ai gioielli della collezione Logo.<\/p>\n<p>Oro GR 20,20 KT 18. Diamante CT 0,05 NR 10.<\/p>\n<p>Essendo un prodotto fatto a mano le caratteristiche sopra indicate possono subire leggere variazioni.<\/p>\n","protected":false},"excerpt":{"rendered":"<p>Orecchini piccoli Chantecler Logo con Gallo, Campanella, Cornetto in oro giallo e diamanti.<\/p>\n","protected":false},"featured_media":30892,"template":"","meta":[],"product_brand":[636],"product_cat":[431],"product_tag":[],"class_list":{"0":"post-30890","1":"product","2":"type-product","3":"status-publish","4":"has-post-thumbnail","6":"product_brand-chantecler","7":"product_cat-orecchini","8":"pa_orecchini-orecchini-pendenti","10":"first","11":"instock","12":"taxable","13":"shipping-taxable","14":"purchasable","15":"product-type-simple","swatches":"rey-swatches","show_selected":""},"acf":[],"yoast_head":"<!-- This site is optimized with the Yoast SEO plugin v26.4 - https:\/\/yoast.com\/wordpress\/plugins\/seo\/ -->\n<title>Orecchini Chantecler Logo Piccoli in Oro Giallo con Diamanti<\/title>\n<meta name=\"description\" content=\"Orecchini piccoli Chantecler Logo con Gallo, Campanella, Cornetto in oro giallo e diamanti. Scopri tutte le caratteristiche del gioiello e acquista\" \/>\n<meta name=\"robots\" content=\"index, follow, max-snippet:-1, max-image-preview:large, max-video-preview:-1\" \/>\n<link rel=\"canonical\" href=\"https:\/\/dobner.it\/it\/prodotto\/orecchini-chantecler-logo-piccoli-oro-giallo-diamanti\/\" \/>\n<meta property=\"og:locale\" content=\"it_IT\" \/>\n<meta property=\"og:type\" content=\"article\" \/>\n<meta property=\"og:title\" content=\"Orecchini Chantecler Logo Piccoli in Oro Giallo con Diamanti\" \/>\n<meta property=\"og:description\" content=\"Orecchini piccoli Chantecler Logo con Gallo, Campanella, Cornetto in oro giallo e diamanti. Scopri tutte le caratteristiche del gioiello e acquista\" \/>\n<meta property=\"og:url\" content=\"https:\/\/dobner.it\/it\/prodotto\/orecchini-chantecler-logo-piccoli-oro-giallo-diamanti\/\" \/>\n<meta property=\"og:site_name\" content=\"Dobner\" \/>\n<meta property=\"article:modified_time\" content=\"2026-01-15T11:42:45+00:00\" \/>\n<meta property=\"og:image\" content=\"https:\/\/dobner.it\/wp-content\/uploads\/2022\/02\/orecchini-chantecler-logo-piccoli-in-oro-giallo-con-diamanti.jpg\" \/>\n\t<meta property=\"og:image:width\" content=\"1024\" \/>\n\t<meta property=\"og:image:height\" content=\"1024\" \/>\n\t<meta property=\"og:image:type\" content=\"image\/jpeg\" \/>\n<meta name=\"twitter:card\" content=\"summary_large_image\" \/>\n<meta name=\"twitter:label1\" content=\"Tempo di lettura stimato\" \/>\n\t<meta name=\"twitter:data1\" content=\"1 minuto\" \/>\n<script type=\"application\/ld+json\" class=\"yoast-schema-graph\">{\"@context\":\"https:\/\/schema.org\",\"@graph\":[{\"@type\":\"WebPage\",\"@id\":\"https:\/\/dobner.it\/it\/prodotto\/orecchini-chantecler-logo-piccoli-oro-giallo-diamanti\/\",\"url\":\"https:\/\/dobner.it\/it\/prodotto\/orecchini-chantecler-logo-piccoli-oro-giallo-diamanti\/\",\"name\":\"Orecchini Chantecler Logo Piccoli in Oro Giallo con Diamanti\",\"isPartOf\":{\"@id\":\"https:\/\/dobner.it\/it\/#website\"},\"primaryImageOfPage\":{\"@id\":\"https:\/\/dobner.it\/it\/prodotto\/orecchini-chantecler-logo-piccoli-oro-giallo-diamanti\/#primaryimage\"},\"image\":{\"@id\":\"https:\/\/dobner.it\/it\/prodotto\/orecchini-chantecler-logo-piccoli-oro-giallo-diamanti\/#primaryimage\"},\"thumbnailUrl\":\"https:\/\/dobner.it\/wp-content\/uploads\/2022\/02\/orecchini-chantecler-logo-piccoli-in-oro-giallo-con-diamanti.jpg\",\"datePublished\":\"2022-02-01T09:02:29+00:00\",\"dateModified\":\"2026-01-15T11:42:45+00:00\",\"description\":\"Orecchini piccoli Chantecler Logo con Gallo, Campanella, Cornetto in oro giallo e diamanti. Scopri tutte le caratteristiche del gioiello e acquista\",\"breadcrumb\":{\"@id\":\"https:\/\/dobner.it\/it\/prodotto\/orecchini-chantecler-logo-piccoli-oro-giallo-diamanti\/#breadcrumb\"},\"inLanguage\":\"it-IT\",\"potentialAction\":[{\"@type\":\"ReadAction\",\"target\":[\"https:\/\/dobner.it\/it\/prodotto\/orecchini-chantecler-logo-piccoli-oro-giallo-diamanti\/\"]}]},{\"@type\":\"ImageObject\",\"inLanguage\":\"it-IT\",\"@id\":\"https:\/\/dobner.it\/it\/prodotto\/orecchini-chantecler-logo-piccoli-oro-giallo-diamanti\/#primaryimage\",\"url\":\"https:\/\/dobner.it\/wp-content\/uploads\/2022\/02\/orecchini-chantecler-logo-piccoli-in-oro-giallo-con-diamanti.jpg\",\"contentUrl\":\"https:\/\/dobner.it\/wp-content\/uploads\/2022\/02\/orecchini-chantecler-logo-piccoli-in-oro-giallo-con-diamanti.jpg\",\"width\":1024,\"height\":1024},{\"@type\":\"BreadcrumbList\",\"@id\":\"https:\/\/dobner.it\/it\/prodotto\/orecchini-chantecler-logo-piccoli-oro-giallo-diamanti\/#breadcrumb\",\"itemListElement\":[{\"@type\":\"ListItem\",\"position\":1,\"name\":\"Home\",\"item\":\"https:\/\/dobner.it\/it\/\"},{\"@type\":\"ListItem\",\"position\":2,\"name\":\"Prodotti\",\"item\":\"https:\/\/dobner.it\/it\/prodotti\/\"},{\"@type\":\"ListItem\",\"position\":3,\"name\":\"Orecchini Chantecler Logo Piccoli in Oro Giallo con Diamanti\"}]},{\"@type\":\"WebSite\",\"@id\":\"https:\/\/dobner.it\/it\/#website\",\"url\":\"https:\/\/dobner.it\/it\/\",\"name\":\"Dobner\",\"description\":\"\",\"publisher\":{\"@id\":\"https:\/\/dobner.it\/it\/#organization\"},\"potentialAction\":[{\"@type\":\"SearchAction\",\"target\":{\"@type\":\"EntryPoint\",\"urlTemplate\":\"https:\/\/dobner.it\/it\/?s={search_term_string}\"},\"query-input\":{\"@type\":\"PropertyValueSpecification\",\"valueRequired\":true,\"valueName\":\"search_term_string\"}}],\"inLanguage\":\"it-IT\"},{\"@type\":\"Organization\",\"@id\":\"https:\/\/dobner.it\/it\/#organization\",\"name\":\"Dobner\",\"url\":\"https:\/\/dobner.it\/it\/\",\"logo\":{\"@type\":\"ImageObject\",\"inLanguage\":\"it-IT\",\"@id\":\"https:\/\/dobner.it\/it\/#\/schema\/logo\/image\/\",\"url\":\"https:\/\/dobner.it\/wp-content\/uploads\/2020\/10\/logo-email.png\",\"contentUrl\":\"https:\/\/dobner.it\/wp-content\/uploads\/2020\/10\/logo-email.png\",\"width\":188,\"height\":81,\"caption\":\"Dobner\"},\"image\":{\"@id\":\"https:\/\/dobner.it\/it\/#\/schema\/logo\/image\/\"}}]}<\/script>\n<!-- \/ Yoast SEO plugin. -->","yoast_head_json":{"title":"Orecchini Chantecler Logo Piccoli in Oro Giallo con Diamanti","description":"Orecchini piccoli Chantecler Logo con Gallo, Campanella, Cornetto in oro giallo e diamanti. Scopri tutte le caratteristiche del gioiello e acquista","robots":{"index":"index","follow":"follow","max-snippet":"max-snippet:-1","max-image-preview":"max-image-preview:large","max-video-preview":"max-video-preview:-1"},"canonical":"https:\/\/dobner.it\/it\/prodotto\/orecchini-chantecler-logo-piccoli-oro-giallo-diamanti\/","og_locale":"it_IT","og_type":"article","og_title":"Orecchini Chantecler Logo Piccoli in Oro Giallo con Diamanti","og_description":"Orecchini piccoli Chantecler Logo con Gallo, Campanella, Cornetto in oro giallo e diamanti. Scopri tutte le caratteristiche del gioiello e acquista","og_url":"https:\/\/dobner.it\/it\/prodotto\/orecchini-chantecler-logo-piccoli-oro-giallo-diamanti\/","og_site_name":"Dobner","article_modified_time":"2026-01-15T11:42:45+00:00","og_image":[{"width":1024,"height":1024,"url":"https:\/\/dobner.it\/wp-content\/uploads\/2022\/02\/orecchini-chantecler-logo-piccoli-in-oro-giallo-con-diamanti.jpg","type":"image\/jpeg"}],"twitter_card":"summary_large_image","twitter_misc":{"Tempo di lettura stimato":"1 minuto"},"schema":{"@context":"https:\/\/schema.org","@graph":[{"@type":"WebPage","@id":"https:\/\/dobner.it\/it\/prodotto\/orecchini-chantecler-logo-piccoli-oro-giallo-diamanti\/","url":"https:\/\/dobner.it\/it\/prodotto\/orecchini-chantecler-logo-piccoli-oro-giallo-diamanti\/","name":"Orecchini Chantecler Logo Piccoli in Oro Giallo con Diamanti","isPartOf":{"@id":"https:\/\/dobner.it\/it\/#website"},"primaryImageOfPage":{"@id":"https:\/\/dobner.it\/it\/prodotto\/orecchini-chantecler-logo-piccoli-oro-giallo-diamanti\/#primaryimage"},"image":{"@id":"https:\/\/dobner.it\/it\/prodotto\/orecchini-chantecler-logo-piccoli-oro-giallo-diamanti\/#primaryimage"},"thumbnailUrl":"https:\/\/dobner.it\/wp-content\/uploads\/2022\/02\/orecchini-chantecler-logo-piccoli-in-oro-giallo-con-diamanti.jpg","datePublished":"2022-02-01T09:02:29+00:00","dateModified":"2026-01-15T11:42:45+00:00","description":"Orecchini piccoli Chantecler Logo con Gallo, Campanella, Cornetto in oro giallo e diamanti. Scopri tutte le caratteristiche del gioiello e acquista","breadcrumb":{"@id":"https:\/\/dobner.it\/it\/prodotto\/orecchini-chantecler-logo-piccoli-oro-giallo-diamanti\/#breadcrumb"},"inLanguage":"it-IT","potentialAction":[{"@type":"ReadAction","target":["https:\/\/dobner.it\/it\/prodotto\/orecchini-chantecler-logo-piccoli-oro-giallo-diamanti\/"]}]},{"@type":"ImageObject","inLanguage":"it-IT","@id":"https:\/\/dobner.it\/it\/prodotto\/orecchini-chantecler-logo-piccoli-oro-giallo-diamanti\/#primaryimage","url":"https:\/\/dobner.it\/wp-content\/uploads\/2022\/02\/orecchini-chantecler-logo-piccoli-in-oro-giallo-con-diamanti.jpg","contentUrl":"https:\/\/dobner.it\/wp-content\/uploads\/2022\/02\/orecchini-chantecler-logo-piccoli-in-oro-giallo-con-diamanti.jpg","width":1024,"height":1024},{"@type":"BreadcrumbList","@id":"https:\/\/dobner.it\/it\/prodotto\/orecchini-chantecler-logo-piccoli-oro-giallo-diamanti\/#breadcrumb","itemListElement":[{"@type":"ListItem","position":1,"name":"Home","item":"https:\/\/dobner.it\/it\/"},{"@type":"ListItem","position":2,"name":"Prodotti","item":"https:\/\/dobner.it\/it\/prodotti\/"},{"@type":"ListItem","position":3,"name":"Orecchini Chantecler Logo Piccoli in Oro Giallo con Diamanti"}]},{"@type":"WebSite","@id":"https:\/\/dobner.it\/it\/#website","url":"https:\/\/dobner.it\/it\/","name":"Dobner","description":"","publisher":{"@id":"https:\/\/dobner.it\/it\/#organization"},"potentialAction":[{"@type":"SearchAction","target":{"@type":"EntryPoint","urlTemplate":"https:\/\/dobner.it\/it\/?s={search_term_string}"},"query-input":{"@type":"PropertyValueSpecification","valueRequired":true,"valueName":"search_term_string"}}],"inLanguage":"it-IT"},{"@type":"Organization","@id":"https:\/\/dobner.it\/it\/#organization","name":"Dobner","url":"https:\/\/dobner.it\/it\/","logo":{"@type":"ImageObject","inLanguage":"it-IT","@id":"https:\/\/dobner.it\/it\/#\/schema\/logo\/image\/","url":"https:\/\/dobner.it\/wp-content\/uploads\/2020\/10\/logo-email.png","contentUrl":"https:\/\/dobner.it\/wp-content\/uploads\/2020\/10\/logo-email.png","width":188,"height":81,"caption":"Dobner"},"image":{"@id":"https:\/\/dobner.it\/it\/#\/schema\/logo\/image\/"}}]}},"_links":{"self":[{"href":"https:\/\/dobner.it\/it\/wp-json\/wp\/v2\/product\/30890","targetHints":{"allow":["GET"]}}],"collection":[{"href":"https:\/\/dobner.it\/it\/wp-json\/wp\/v2\/product"}],"about":[{"href":"https:\/\/dobner.it\/it\/wp-json\/wp\/v2\/types\/product"}],"version-history":[{"count":1,"href":"https:\/\/dobner.it\/it\/wp-json\/wp\/v2\/product\/30890\/revisions"}],"predecessor-version":[{"id":82209,"href":"https:\/\/dobner.it\/it\/wp-json\/wp\/v2\/product\/30890\/revisions\/82209"}],"wp:featuredmedia":[{"embeddable":true,"href":"https:\/\/dobner.it\/it\/wp-json\/wp\/v2\/media\/30892"}],"wp:attachment":[{"href":"https:\/\/dobner.it\/it\/wp-json\/wp\/v2\/media?parent=30890"}],"wp:term":[{"taxonomy":"product_brand","embeddable":true,"href":"https:\/\/dobner.it\/it\/wp-json\/wp\/v2\/product_brand?post=30890"},{"taxonomy":"product_cat","embeddable":true,"href":"https:\/\/dobner.it\/it\/wp-json\/wp\/v2\/product_cat?post=30890"},{"taxonomy":"product_tag","embeddable":true,"href":"https:\/\/dobner.it\/it\/wp-json\/wp\/v2\/product_tag?post=30890"}],"curies":[{"name":"wp","href":"https:\/\/api.w.org\/{rel}","templated":true}]}}