{"id":2921,"date":"2020-10-23T12:40:45","date_gmt":"2020-10-23T10:40:45","guid":{"rendered":"https:\/\/dobner.it\/prodotto\/import-placeholder-for-5531\/"},"modified":"2026-02-10T11:20:58","modified_gmt":"2026-02-10T10:20:58","slug":"orologio-oris-divers-sixty-five-cassa-acciaio-quadrante-verde-cinturino-marrone-pelle","status":"publish","type":"product","link":"https:\/\/dobner.it\/it\/prodotto\/orologio-oris-divers-sixty-five-cassa-acciaio-quadrante-verde-cinturino-marrone-pelle\/","title":{"rendered":"Orologio Oris Divers Sixty-Five con Cassa in Acciaio e Quadrante Verde con Cinturino Marrone in Pelle"},"content":{"rendered":"<p>L&#8217;Oris Divers Sixty-Five ha un look retr\u00f2 che \u00e8 ispirato ad un iconico orologio subacqueo di Oris di 50 anni fa. Il nuovo modello \u00e8 stato per\u00f2 aggiornato utilizzando tecniche orologiere moderne. Il movimento \u00e8 a carica automatica. La sua cassa da 40 mm \u00e8 in acciaio inossidabile anticorrosione. Il quadrante verde presenta inoltre una finestrella con la data. Il vetro zaffiro ricurvo a cupola \u00e8 antigraffio. Per una migliore leggibilit\u00e0 sott\u2019acqua e per ridurre i riverberi, ha un rivestimento antiriflesso all\u2019interno. Il cinturino in pelle marrone dell&#8217;orologio si abbina perfettamente al suo aspetto vintage.<\/p>\n<p>Ref. 01 733 7707 4357-07 5 20 45<\/p>\n","protected":false},"excerpt":{"rendered":"<p>Oris Divers Sixty-Five orologio da uomo, cassa 40mm, quadrante verde, cinturino in pelle marrone.<\/p>\n","protected":false},"featured_media":18468,"template":"","meta":[],"product_brand":[529],"product_cat":[24],"product_tag":[],"class_list":{"0":"post-2921","1":"product","2":"type-product","3":"status-publish","4":"has-post-thumbnail","6":"product_brand-oris","7":"product_cat-orologi","8":"pa_orologi-orologi-automatici","9":"pa_orologi-orologi-solo-tempo","11":"first","12":"instock","13":"taxable","14":"shipping-taxable","15":"product-type-external","swatches":"rey-swatches","show_selected":""},"acf":[],"yoast_head":"<!-- This site is optimized with the Yoast SEO plugin v26.4 - https:\/\/yoast.com\/wordpress\/plugins\/seo\/ -->\n<title>Oris Divers Sixty-Five in Acciaio e Quadrante Verde<\/title>\n<meta name=\"description\" content=\"Oris Divers Sixty-Five orologio da uomo, cassa 40mm, quadrante verde, cinturino in pelle marrone.\" \/>\n<meta name=\"robots\" content=\"index, follow, max-snippet:-1, max-image-preview:large, max-video-preview:-1\" \/>\n<link rel=\"canonical\" href=\"https:\/\/dobner.it\/it\/prodotto\/orologio-oris-divers-sixty-five-cassa-acciaio-quadrante-verde-cinturino-marrone-pelle\/\" \/>\n<meta property=\"og:locale\" content=\"it_IT\" \/>\n<meta property=\"og:type\" content=\"article\" \/>\n<meta property=\"og:title\" content=\"Oris Divers Sixty-Five in Acciaio e Quadrante Verde\" \/>\n<meta property=\"og:description\" content=\"Oris Divers Sixty-Five orologio da uomo, cassa 40mm, quadrante verde, cinturino in pelle marrone.\" \/>\n<meta property=\"og:url\" content=\"https:\/\/dobner.it\/it\/prodotto\/orologio-oris-divers-sixty-five-cassa-acciaio-quadrante-verde-cinturino-marrone-pelle\/\" \/>\n<meta property=\"og:site_name\" content=\"Dobner\" \/>\n<meta property=\"article:modified_time\" content=\"2026-02-10T10:20:58+00:00\" \/>\n<meta property=\"og:image\" content=\"https:\/\/dobner.it\/wp-content\/uploads\/2020\/10\/orologio-oris-divers-sixty-five-con-cassa-in-acciaio-e-quadrante-verde-con-cinturino-marrone-in-pelle.jpg\" \/>\n\t<meta property=\"og:image:width\" content=\"1024\" \/>\n\t<meta property=\"og:image:height\" content=\"1024\" \/>\n\t<meta property=\"og:image:type\" content=\"image\/jpeg\" \/>\n<meta name=\"twitter:card\" content=\"summary_large_image\" \/>\n<meta name=\"twitter:label1\" content=\"Tempo di lettura stimato\" \/>\n\t<meta name=\"twitter:data1\" content=\"1 minuto\" \/>\n<script type=\"application\/ld+json\" class=\"yoast-schema-graph\">{\"@context\":\"https:\/\/schema.org\",\"@graph\":[{\"@type\":\"WebPage\",\"@id\":\"https:\/\/dobner.it\/it\/prodotto\/orologio-oris-divers-sixty-five-cassa-acciaio-quadrante-verde-cinturino-marrone-pelle\/\",\"url\":\"https:\/\/dobner.it\/it\/prodotto\/orologio-oris-divers-sixty-five-cassa-acciaio-quadrante-verde-cinturino-marrone-pelle\/\",\"name\":\"Oris Divers Sixty-Five in Acciaio e Quadrante Verde\",\"isPartOf\":{\"@id\":\"https:\/\/dobner.it\/it\/#website\"},\"primaryImageOfPage\":{\"@id\":\"https:\/\/dobner.it\/it\/prodotto\/orologio-oris-divers-sixty-five-cassa-acciaio-quadrante-verde-cinturino-marrone-pelle\/#primaryimage\"},\"image\":{\"@id\":\"https:\/\/dobner.it\/it\/prodotto\/orologio-oris-divers-sixty-five-cassa-acciaio-quadrante-verde-cinturino-marrone-pelle\/#primaryimage\"},\"thumbnailUrl\":\"https:\/\/dobner.it\/wp-content\/uploads\/2020\/10\/orologio-oris-divers-sixty-five-con-cassa-in-acciaio-e-quadrante-verde-con-cinturino-marrone-in-pelle.jpg\",\"datePublished\":\"2020-10-23T10:40:45+00:00\",\"dateModified\":\"2026-02-10T10:20:58+00:00\",\"description\":\"Oris Divers Sixty-Five orologio da uomo, cassa 40mm, quadrante verde, cinturino in pelle marrone.\",\"breadcrumb\":{\"@id\":\"https:\/\/dobner.it\/it\/prodotto\/orologio-oris-divers-sixty-five-cassa-acciaio-quadrante-verde-cinturino-marrone-pelle\/#breadcrumb\"},\"inLanguage\":\"it-IT\",\"potentialAction\":[{\"@type\":\"ReadAction\",\"target\":[\"https:\/\/dobner.it\/it\/prodotto\/orologio-oris-divers-sixty-five-cassa-acciaio-quadrante-verde-cinturino-marrone-pelle\/\"]}]},{\"@type\":\"ImageObject\",\"inLanguage\":\"it-IT\",\"@id\":\"https:\/\/dobner.it\/it\/prodotto\/orologio-oris-divers-sixty-five-cassa-acciaio-quadrante-verde-cinturino-marrone-pelle\/#primaryimage\",\"url\":\"https:\/\/dobner.it\/wp-content\/uploads\/2020\/10\/orologio-oris-divers-sixty-five-con-cassa-in-acciaio-e-quadrante-verde-con-cinturino-marrone-in-pelle.jpg\",\"contentUrl\":\"https:\/\/dobner.it\/wp-content\/uploads\/2020\/10\/orologio-oris-divers-sixty-five-con-cassa-in-acciaio-e-quadrante-verde-con-cinturino-marrone-in-pelle.jpg\",\"width\":1024,\"height\":1024},{\"@type\":\"BreadcrumbList\",\"@id\":\"https:\/\/dobner.it\/it\/prodotto\/orologio-oris-divers-sixty-five-cassa-acciaio-quadrante-verde-cinturino-marrone-pelle\/#breadcrumb\",\"itemListElement\":[{\"@type\":\"ListItem\",\"position\":1,\"name\":\"Home\",\"item\":\"https:\/\/dobner.it\/it\/\"},{\"@type\":\"ListItem\",\"position\":2,\"name\":\"Prodotti\",\"item\":\"https:\/\/dobner.it\/it\/prodotti\/\"},{\"@type\":\"ListItem\",\"position\":3,\"name\":\"Orologio Oris Divers Sixty-Five con Cassa in Acciaio e Quadrante Verde con Cinturino Marrone in Pelle\"}]},{\"@type\":\"WebSite\",\"@id\":\"https:\/\/dobner.it\/it\/#website\",\"url\":\"https:\/\/dobner.it\/it\/\",\"name\":\"Dobner\",\"description\":\"\",\"publisher\":{\"@id\":\"https:\/\/dobner.it\/it\/#organization\"},\"potentialAction\":[{\"@type\":\"SearchAction\",\"target\":{\"@type\":\"EntryPoint\",\"urlTemplate\":\"https:\/\/dobner.it\/it\/?s={search_term_string}\"},\"query-input\":{\"@type\":\"PropertyValueSpecification\",\"valueRequired\":true,\"valueName\":\"search_term_string\"}}],\"inLanguage\":\"it-IT\"},{\"@type\":\"Organization\",\"@id\":\"https:\/\/dobner.it\/it\/#organization\",\"name\":\"Dobner\",\"url\":\"https:\/\/dobner.it\/it\/\",\"logo\":{\"@type\":\"ImageObject\",\"inLanguage\":\"it-IT\",\"@id\":\"https:\/\/dobner.it\/it\/#\/schema\/logo\/image\/\",\"url\":\"https:\/\/dobner.it\/wp-content\/uploads\/2020\/10\/logo-email.png\",\"contentUrl\":\"https:\/\/dobner.it\/wp-content\/uploads\/2020\/10\/logo-email.png\",\"width\":188,\"height\":81,\"caption\":\"Dobner\"},\"image\":{\"@id\":\"https:\/\/dobner.it\/it\/#\/schema\/logo\/image\/\"}}]}<\/script>\n<!-- \/ Yoast SEO plugin. -->","yoast_head_json":{"title":"Oris Divers Sixty-Five in Acciaio e Quadrante Verde","description":"Oris Divers Sixty-Five orologio da uomo, cassa 40mm, quadrante verde, cinturino in pelle marrone.","robots":{"index":"index","follow":"follow","max-snippet":"max-snippet:-1","max-image-preview":"max-image-preview:large","max-video-preview":"max-video-preview:-1"},"canonical":"https:\/\/dobner.it\/it\/prodotto\/orologio-oris-divers-sixty-five-cassa-acciaio-quadrante-verde-cinturino-marrone-pelle\/","og_locale":"it_IT","og_type":"article","og_title":"Oris Divers Sixty-Five in Acciaio e Quadrante Verde","og_description":"Oris Divers Sixty-Five orologio da uomo, cassa 40mm, quadrante verde, cinturino in pelle marrone.","og_url":"https:\/\/dobner.it\/it\/prodotto\/orologio-oris-divers-sixty-five-cassa-acciaio-quadrante-verde-cinturino-marrone-pelle\/","og_site_name":"Dobner","article_modified_time":"2026-02-10T10:20:58+00:00","og_image":[{"width":1024,"height":1024,"url":"https:\/\/dobner.it\/wp-content\/uploads\/2020\/10\/orologio-oris-divers-sixty-five-con-cassa-in-acciaio-e-quadrante-verde-con-cinturino-marrone-in-pelle.jpg","type":"image\/jpeg"}],"twitter_card":"summary_large_image","twitter_misc":{"Tempo di lettura stimato":"1 minuto"},"schema":{"@context":"https:\/\/schema.org","@graph":[{"@type":"WebPage","@id":"https:\/\/dobner.it\/it\/prodotto\/orologio-oris-divers-sixty-five-cassa-acciaio-quadrante-verde-cinturino-marrone-pelle\/","url":"https:\/\/dobner.it\/it\/prodotto\/orologio-oris-divers-sixty-five-cassa-acciaio-quadrante-verde-cinturino-marrone-pelle\/","name":"Oris Divers Sixty-Five in Acciaio e Quadrante Verde","isPartOf":{"@id":"https:\/\/dobner.it\/it\/#website"},"primaryImageOfPage":{"@id":"https:\/\/dobner.it\/it\/prodotto\/orologio-oris-divers-sixty-five-cassa-acciaio-quadrante-verde-cinturino-marrone-pelle\/#primaryimage"},"image":{"@id":"https:\/\/dobner.it\/it\/prodotto\/orologio-oris-divers-sixty-five-cassa-acciaio-quadrante-verde-cinturino-marrone-pelle\/#primaryimage"},"thumbnailUrl":"https:\/\/dobner.it\/wp-content\/uploads\/2020\/10\/orologio-oris-divers-sixty-five-con-cassa-in-acciaio-e-quadrante-verde-con-cinturino-marrone-in-pelle.jpg","datePublished":"2020-10-23T10:40:45+00:00","dateModified":"2026-02-10T10:20:58+00:00","description":"Oris Divers Sixty-Five orologio da uomo, cassa 40mm, quadrante verde, cinturino in pelle marrone.","breadcrumb":{"@id":"https:\/\/dobner.it\/it\/prodotto\/orologio-oris-divers-sixty-five-cassa-acciaio-quadrante-verde-cinturino-marrone-pelle\/#breadcrumb"},"inLanguage":"it-IT","potentialAction":[{"@type":"ReadAction","target":["https:\/\/dobner.it\/it\/prodotto\/orologio-oris-divers-sixty-five-cassa-acciaio-quadrante-verde-cinturino-marrone-pelle\/"]}]},{"@type":"ImageObject","inLanguage":"it-IT","@id":"https:\/\/dobner.it\/it\/prodotto\/orologio-oris-divers-sixty-five-cassa-acciaio-quadrante-verde-cinturino-marrone-pelle\/#primaryimage","url":"https:\/\/dobner.it\/wp-content\/uploads\/2020\/10\/orologio-oris-divers-sixty-five-con-cassa-in-acciaio-e-quadrante-verde-con-cinturino-marrone-in-pelle.jpg","contentUrl":"https:\/\/dobner.it\/wp-content\/uploads\/2020\/10\/orologio-oris-divers-sixty-five-con-cassa-in-acciaio-e-quadrante-verde-con-cinturino-marrone-in-pelle.jpg","width":1024,"height":1024},{"@type":"BreadcrumbList","@id":"https:\/\/dobner.it\/it\/prodotto\/orologio-oris-divers-sixty-five-cassa-acciaio-quadrante-verde-cinturino-marrone-pelle\/#breadcrumb","itemListElement":[{"@type":"ListItem","position":1,"name":"Home","item":"https:\/\/dobner.it\/it\/"},{"@type":"ListItem","position":2,"name":"Prodotti","item":"https:\/\/dobner.it\/it\/prodotti\/"},{"@type":"ListItem","position":3,"name":"Orologio Oris Divers Sixty-Five con Cassa in Acciaio e Quadrante Verde con Cinturino Marrone in Pelle"}]},{"@type":"WebSite","@id":"https:\/\/dobner.it\/it\/#website","url":"https:\/\/dobner.it\/it\/","name":"Dobner","description":"","publisher":{"@id":"https:\/\/dobner.it\/it\/#organization"},"potentialAction":[{"@type":"SearchAction","target":{"@type":"EntryPoint","urlTemplate":"https:\/\/dobner.it\/it\/?s={search_term_string}"},"query-input":{"@type":"PropertyValueSpecification","valueRequired":true,"valueName":"search_term_string"}}],"inLanguage":"it-IT"},{"@type":"Organization","@id":"https:\/\/dobner.it\/it\/#organization","name":"Dobner","url":"https:\/\/dobner.it\/it\/","logo":{"@type":"ImageObject","inLanguage":"it-IT","@id":"https:\/\/dobner.it\/it\/#\/schema\/logo\/image\/","url":"https:\/\/dobner.it\/wp-content\/uploads\/2020\/10\/logo-email.png","contentUrl":"https:\/\/dobner.it\/wp-content\/uploads\/2020\/10\/logo-email.png","width":188,"height":81,"caption":"Dobner"},"image":{"@id":"https:\/\/dobner.it\/it\/#\/schema\/logo\/image\/"}}]}},"_links":{"self":[{"href":"https:\/\/dobner.it\/it\/wp-json\/wp\/v2\/product\/2921","targetHints":{"allow":["GET"]}}],"collection":[{"href":"https:\/\/dobner.it\/it\/wp-json\/wp\/v2\/product"}],"about":[{"href":"https:\/\/dobner.it\/it\/wp-json\/wp\/v2\/types\/product"}],"version-history":[{"count":1,"href":"https:\/\/dobner.it\/it\/wp-json\/wp\/v2\/product\/2921\/revisions"}],"predecessor-version":[{"id":84308,"href":"https:\/\/dobner.it\/it\/wp-json\/wp\/v2\/product\/2921\/revisions\/84308"}],"wp:featuredmedia":[{"embeddable":true,"href":"https:\/\/dobner.it\/it\/wp-json\/wp\/v2\/media\/18468"}],"wp:attachment":[{"href":"https:\/\/dobner.it\/it\/wp-json\/wp\/v2\/media?parent=2921"}],"wp:term":[{"taxonomy":"product_brand","embeddable":true,"href":"https:\/\/dobner.it\/it\/wp-json\/wp\/v2\/product_brand?post=2921"},{"taxonomy":"product_cat","embeddable":true,"href":"https:\/\/dobner.it\/it\/wp-json\/wp\/v2\/product_cat?post=2921"},{"taxonomy":"product_tag","embeddable":true,"href":"https:\/\/dobner.it\/it\/wp-json\/wp\/v2\/product_tag?post=2921"}],"curies":[{"name":"wp","href":"https:\/\/api.w.org\/{rel}","templated":true}]}}