{"id":2905,"date":"2020-10-23T12:40:42","date_gmt":"2020-10-23T10:40:42","guid":{"rendered":"https:\/\/dobner.it\/prodotto\/import-placeholder-for-5495\/"},"modified":"2025-05-27T12:52:48","modified_gmt":"2025-05-27T10:52:48","slug":"orologio-oris-divers-sixty-five-cassa-acciaio-quadrante-blu-bracciale-acciaio","status":"publish","type":"product","link":"https:\/\/dobner.it\/it\/prodotto\/orologio-oris-divers-sixty-five-cassa-acciaio-quadrante-blu-bracciale-acciaio\/","title":{"rendered":"Orologio Oris Divers Sixty-Five con Cassa in Acciaio e Quadrante Blu con Bracciale in Acciaio"},"content":{"rendered":"<p>Oris ha compiuto un tuffo nel passato ed \u00e8 lieta di presentare l\u2019Oris Divers Sixty-Five, revival di un iconico orologio subacqueo apparso per la prima volta in una collezione Oris 50 anni fa. Il nuovo Oris Divers Sixty-Five condivide con l\u2019originale il look retr\u00f2 del 1960, ma \u00e8 stato aggiornato utilizzando tecniche orologiere del ventunesimo secolo.<\/p>\n<p>La cassa da 40mm \u00e8 realizzata in acciaio inossidabile anticorrosione. Il vetro ricurvo a cupola di ispirazione vintage \u00e8 ora realizzato in cristallo zaffiro antigraffio ed \u00e8 dotato di rivestimento antiriflesso all\u2019interno per ridurre i riverberi e aumentare la leggibilit\u00e0 sott\u2019acqua.<\/p>\n<p>Ref. 01 733 7707 4355-07 8 20 17<\/p>\n","protected":false},"excerpt":{"rendered":"<p>Oris Divers Sixty-Five orologio da uomo in acciaio e bronzo, cassa da 40 mm, quadrante blu, bracciale in acciaio e bronzo.<\/p>\n","protected":false},"featured_media":18623,"template":"","meta":[],"product_brand":[529],"product_cat":[24],"product_tag":[],"class_list":{"0":"post-2905","1":"product","2":"type-product","3":"status-publish","4":"has-post-thumbnail","6":"product_brand-oris","7":"product_cat-orologi","8":"pa_orologi-orologi-automatici","9":"pa_orologi-orologi-solo-tempo","11":"first","12":"instock","13":"taxable","14":"shipping-taxable","15":"product-type-external","swatches":"rey-swatches","show_selected":""},"acf":[],"yoast_head":"<!-- This site is optimized with the Yoast SEO plugin v26.4 - https:\/\/yoast.com\/wordpress\/plugins\/seo\/ -->\n<title>Orologio Oris Divers Sixty-Five in Acciaio e Quadrante Blu<\/title>\n<meta name=\"description\" content=\"Oris Divers Sixty-Five orologio da uomo in acciaio e bronzo, cassa da 40 mm, quadrante blu, bracciale in acciaio e bronzo.\" \/>\n<meta name=\"robots\" content=\"index, follow, max-snippet:-1, max-image-preview:large, max-video-preview:-1\" \/>\n<link rel=\"canonical\" href=\"https:\/\/dobner.it\/it\/prodotto\/orologio-oris-divers-sixty-five-cassa-acciaio-quadrante-blu-bracciale-acciaio\/\" \/>\n<meta property=\"og:locale\" content=\"it_IT\" \/>\n<meta property=\"og:type\" content=\"article\" \/>\n<meta property=\"og:title\" content=\"Orologio Oris Divers Sixty-Five in Acciaio e Quadrante Blu\" \/>\n<meta property=\"og:description\" content=\"Oris Divers Sixty-Five orologio da uomo in acciaio e bronzo, cassa da 40 mm, quadrante blu, bracciale in acciaio e bronzo.\" \/>\n<meta property=\"og:url\" content=\"https:\/\/dobner.it\/it\/prodotto\/orologio-oris-divers-sixty-five-cassa-acciaio-quadrante-blu-bracciale-acciaio\/\" \/>\n<meta property=\"og:site_name\" content=\"Dobner\" \/>\n<meta property=\"article:modified_time\" content=\"2025-05-27T10:52:48+00:00\" \/>\n<meta property=\"og:image\" content=\"https:\/\/dobner.it\/wp-content\/uploads\/2020\/10\/orologio-oris-divers-sixty-five-con-cassa-in-acciaio-e-quadrante-blu-con-bracciale-in-acciaio.jpg\" \/>\n\t<meta property=\"og:image:width\" content=\"1024\" \/>\n\t<meta property=\"og:image:height\" content=\"1024\" \/>\n\t<meta property=\"og:image:type\" content=\"image\/jpeg\" \/>\n<meta name=\"twitter:card\" content=\"summary_large_image\" \/>\n<meta name=\"twitter:label1\" content=\"Tempo di lettura stimato\" \/>\n\t<meta name=\"twitter:data1\" content=\"1 minuto\" \/>\n<script type=\"application\/ld+json\" class=\"yoast-schema-graph\">{\"@context\":\"https:\/\/schema.org\",\"@graph\":[{\"@type\":\"WebPage\",\"@id\":\"https:\/\/dobner.it\/it\/prodotto\/orologio-oris-divers-sixty-five-cassa-acciaio-quadrante-blu-bracciale-acciaio\/\",\"url\":\"https:\/\/dobner.it\/it\/prodotto\/orologio-oris-divers-sixty-five-cassa-acciaio-quadrante-blu-bracciale-acciaio\/\",\"name\":\"Orologio Oris Divers Sixty-Five in Acciaio e Quadrante Blu\",\"isPartOf\":{\"@id\":\"https:\/\/dobner.it\/it\/#website\"},\"primaryImageOfPage\":{\"@id\":\"https:\/\/dobner.it\/it\/prodotto\/orologio-oris-divers-sixty-five-cassa-acciaio-quadrante-blu-bracciale-acciaio\/#primaryimage\"},\"image\":{\"@id\":\"https:\/\/dobner.it\/it\/prodotto\/orologio-oris-divers-sixty-five-cassa-acciaio-quadrante-blu-bracciale-acciaio\/#primaryimage\"},\"thumbnailUrl\":\"https:\/\/dobner.it\/wp-content\/uploads\/2020\/10\/orologio-oris-divers-sixty-five-con-cassa-in-acciaio-e-quadrante-blu-con-bracciale-in-acciaio.jpg\",\"datePublished\":\"2020-10-23T10:40:42+00:00\",\"dateModified\":\"2025-05-27T10:52:48+00:00\",\"description\":\"Oris Divers Sixty-Five orologio da uomo in acciaio e bronzo, cassa da 40 mm, quadrante blu, bracciale in acciaio e bronzo.\",\"breadcrumb\":{\"@id\":\"https:\/\/dobner.it\/it\/prodotto\/orologio-oris-divers-sixty-five-cassa-acciaio-quadrante-blu-bracciale-acciaio\/#breadcrumb\"},\"inLanguage\":\"it-IT\",\"potentialAction\":[{\"@type\":\"ReadAction\",\"target\":[\"https:\/\/dobner.it\/it\/prodotto\/orologio-oris-divers-sixty-five-cassa-acciaio-quadrante-blu-bracciale-acciaio\/\"]}]},{\"@type\":\"ImageObject\",\"inLanguage\":\"it-IT\",\"@id\":\"https:\/\/dobner.it\/it\/prodotto\/orologio-oris-divers-sixty-five-cassa-acciaio-quadrante-blu-bracciale-acciaio\/#primaryimage\",\"url\":\"https:\/\/dobner.it\/wp-content\/uploads\/2020\/10\/orologio-oris-divers-sixty-five-con-cassa-in-acciaio-e-quadrante-blu-con-bracciale-in-acciaio.jpg\",\"contentUrl\":\"https:\/\/dobner.it\/wp-content\/uploads\/2020\/10\/orologio-oris-divers-sixty-five-con-cassa-in-acciaio-e-quadrante-blu-con-bracciale-in-acciaio.jpg\",\"width\":1024,\"height\":1024},{\"@type\":\"BreadcrumbList\",\"@id\":\"https:\/\/dobner.it\/it\/prodotto\/orologio-oris-divers-sixty-five-cassa-acciaio-quadrante-blu-bracciale-acciaio\/#breadcrumb\",\"itemListElement\":[{\"@type\":\"ListItem\",\"position\":1,\"name\":\"Home\",\"item\":\"https:\/\/dobner.it\/it\/\"},{\"@type\":\"ListItem\",\"position\":2,\"name\":\"Prodotti\",\"item\":\"https:\/\/dobner.it\/it\/prodotti\/\"},{\"@type\":\"ListItem\",\"position\":3,\"name\":\"Orologio Oris Divers Sixty-Five con Cassa in Acciaio e Quadrante Blu con Bracciale in Acciaio\"}]},{\"@type\":\"WebSite\",\"@id\":\"https:\/\/dobner.it\/it\/#website\",\"url\":\"https:\/\/dobner.it\/it\/\",\"name\":\"Dobner\",\"description\":\"\",\"publisher\":{\"@id\":\"https:\/\/dobner.it\/it\/#organization\"},\"potentialAction\":[{\"@type\":\"SearchAction\",\"target\":{\"@type\":\"EntryPoint\",\"urlTemplate\":\"https:\/\/dobner.it\/it\/?s={search_term_string}\"},\"query-input\":{\"@type\":\"PropertyValueSpecification\",\"valueRequired\":true,\"valueName\":\"search_term_string\"}}],\"inLanguage\":\"it-IT\"},{\"@type\":\"Organization\",\"@id\":\"https:\/\/dobner.it\/it\/#organization\",\"name\":\"Dobner\",\"url\":\"https:\/\/dobner.it\/it\/\",\"logo\":{\"@type\":\"ImageObject\",\"inLanguage\":\"it-IT\",\"@id\":\"https:\/\/dobner.it\/it\/#\/schema\/logo\/image\/\",\"url\":\"https:\/\/dobner.it\/wp-content\/uploads\/2020\/10\/logo-email.png\",\"contentUrl\":\"https:\/\/dobner.it\/wp-content\/uploads\/2020\/10\/logo-email.png\",\"width\":188,\"height\":81,\"caption\":\"Dobner\"},\"image\":{\"@id\":\"https:\/\/dobner.it\/it\/#\/schema\/logo\/image\/\"}}]}<\/script>\n<!-- \/ Yoast SEO plugin. -->","yoast_head_json":{"title":"Orologio Oris Divers Sixty-Five in Acciaio e Quadrante Blu","description":"Oris Divers Sixty-Five orologio da uomo in acciaio e bronzo, cassa da 40 mm, quadrante blu, bracciale in acciaio e bronzo.","robots":{"index":"index","follow":"follow","max-snippet":"max-snippet:-1","max-image-preview":"max-image-preview:large","max-video-preview":"max-video-preview:-1"},"canonical":"https:\/\/dobner.it\/it\/prodotto\/orologio-oris-divers-sixty-five-cassa-acciaio-quadrante-blu-bracciale-acciaio\/","og_locale":"it_IT","og_type":"article","og_title":"Orologio Oris Divers Sixty-Five in Acciaio e Quadrante Blu","og_description":"Oris Divers Sixty-Five orologio da uomo in acciaio e bronzo, cassa da 40 mm, quadrante blu, bracciale in acciaio e bronzo.","og_url":"https:\/\/dobner.it\/it\/prodotto\/orologio-oris-divers-sixty-five-cassa-acciaio-quadrante-blu-bracciale-acciaio\/","og_site_name":"Dobner","article_modified_time":"2025-05-27T10:52:48+00:00","og_image":[{"width":1024,"height":1024,"url":"https:\/\/dobner.it\/wp-content\/uploads\/2020\/10\/orologio-oris-divers-sixty-five-con-cassa-in-acciaio-e-quadrante-blu-con-bracciale-in-acciaio.jpg","type":"image\/jpeg"}],"twitter_card":"summary_large_image","twitter_misc":{"Tempo di lettura stimato":"1 minuto"},"schema":{"@context":"https:\/\/schema.org","@graph":[{"@type":"WebPage","@id":"https:\/\/dobner.it\/it\/prodotto\/orologio-oris-divers-sixty-five-cassa-acciaio-quadrante-blu-bracciale-acciaio\/","url":"https:\/\/dobner.it\/it\/prodotto\/orologio-oris-divers-sixty-five-cassa-acciaio-quadrante-blu-bracciale-acciaio\/","name":"Orologio Oris Divers Sixty-Five in Acciaio e Quadrante Blu","isPartOf":{"@id":"https:\/\/dobner.it\/it\/#website"},"primaryImageOfPage":{"@id":"https:\/\/dobner.it\/it\/prodotto\/orologio-oris-divers-sixty-five-cassa-acciaio-quadrante-blu-bracciale-acciaio\/#primaryimage"},"image":{"@id":"https:\/\/dobner.it\/it\/prodotto\/orologio-oris-divers-sixty-five-cassa-acciaio-quadrante-blu-bracciale-acciaio\/#primaryimage"},"thumbnailUrl":"https:\/\/dobner.it\/wp-content\/uploads\/2020\/10\/orologio-oris-divers-sixty-five-con-cassa-in-acciaio-e-quadrante-blu-con-bracciale-in-acciaio.jpg","datePublished":"2020-10-23T10:40:42+00:00","dateModified":"2025-05-27T10:52:48+00:00","description":"Oris Divers Sixty-Five orologio da uomo in acciaio e bronzo, cassa da 40 mm, quadrante blu, bracciale in acciaio e bronzo.","breadcrumb":{"@id":"https:\/\/dobner.it\/it\/prodotto\/orologio-oris-divers-sixty-five-cassa-acciaio-quadrante-blu-bracciale-acciaio\/#breadcrumb"},"inLanguage":"it-IT","potentialAction":[{"@type":"ReadAction","target":["https:\/\/dobner.it\/it\/prodotto\/orologio-oris-divers-sixty-five-cassa-acciaio-quadrante-blu-bracciale-acciaio\/"]}]},{"@type":"ImageObject","inLanguage":"it-IT","@id":"https:\/\/dobner.it\/it\/prodotto\/orologio-oris-divers-sixty-five-cassa-acciaio-quadrante-blu-bracciale-acciaio\/#primaryimage","url":"https:\/\/dobner.it\/wp-content\/uploads\/2020\/10\/orologio-oris-divers-sixty-five-con-cassa-in-acciaio-e-quadrante-blu-con-bracciale-in-acciaio.jpg","contentUrl":"https:\/\/dobner.it\/wp-content\/uploads\/2020\/10\/orologio-oris-divers-sixty-five-con-cassa-in-acciaio-e-quadrante-blu-con-bracciale-in-acciaio.jpg","width":1024,"height":1024},{"@type":"BreadcrumbList","@id":"https:\/\/dobner.it\/it\/prodotto\/orologio-oris-divers-sixty-five-cassa-acciaio-quadrante-blu-bracciale-acciaio\/#breadcrumb","itemListElement":[{"@type":"ListItem","position":1,"name":"Home","item":"https:\/\/dobner.it\/it\/"},{"@type":"ListItem","position":2,"name":"Prodotti","item":"https:\/\/dobner.it\/it\/prodotti\/"},{"@type":"ListItem","position":3,"name":"Orologio Oris Divers Sixty-Five con Cassa in Acciaio e Quadrante Blu con Bracciale in Acciaio"}]},{"@type":"WebSite","@id":"https:\/\/dobner.it\/it\/#website","url":"https:\/\/dobner.it\/it\/","name":"Dobner","description":"","publisher":{"@id":"https:\/\/dobner.it\/it\/#organization"},"potentialAction":[{"@type":"SearchAction","target":{"@type":"EntryPoint","urlTemplate":"https:\/\/dobner.it\/it\/?s={search_term_string}"},"query-input":{"@type":"PropertyValueSpecification","valueRequired":true,"valueName":"search_term_string"}}],"inLanguage":"it-IT"},{"@type":"Organization","@id":"https:\/\/dobner.it\/it\/#organization","name":"Dobner","url":"https:\/\/dobner.it\/it\/","logo":{"@type":"ImageObject","inLanguage":"it-IT","@id":"https:\/\/dobner.it\/it\/#\/schema\/logo\/image\/","url":"https:\/\/dobner.it\/wp-content\/uploads\/2020\/10\/logo-email.png","contentUrl":"https:\/\/dobner.it\/wp-content\/uploads\/2020\/10\/logo-email.png","width":188,"height":81,"caption":"Dobner"},"image":{"@id":"https:\/\/dobner.it\/it\/#\/schema\/logo\/image\/"}}]}},"_links":{"self":[{"href":"https:\/\/dobner.it\/it\/wp-json\/wp\/v2\/product\/2905","targetHints":{"allow":["GET"]}}],"collection":[{"href":"https:\/\/dobner.it\/it\/wp-json\/wp\/v2\/product"}],"about":[{"href":"https:\/\/dobner.it\/it\/wp-json\/wp\/v2\/types\/product"}],"version-history":[{"count":1,"href":"https:\/\/dobner.it\/it\/wp-json\/wp\/v2\/product\/2905\/revisions"}],"predecessor-version":[{"id":84509,"href":"https:\/\/dobner.it\/it\/wp-json\/wp\/v2\/product\/2905\/revisions\/84509"}],"wp:featuredmedia":[{"embeddable":true,"href":"https:\/\/dobner.it\/it\/wp-json\/wp\/v2\/media\/18623"}],"wp:attachment":[{"href":"https:\/\/dobner.it\/it\/wp-json\/wp\/v2\/media?parent=2905"}],"wp:term":[{"taxonomy":"product_brand","embeddable":true,"href":"https:\/\/dobner.it\/it\/wp-json\/wp\/v2\/product_brand?post=2905"},{"taxonomy":"product_cat","embeddable":true,"href":"https:\/\/dobner.it\/it\/wp-json\/wp\/v2\/product_cat?post=2905"},{"taxonomy":"product_tag","embeddable":true,"href":"https:\/\/dobner.it\/it\/wp-json\/wp\/v2\/product_tag?post=2905"}],"curies":[{"name":"wp","href":"https:\/\/api.w.org\/{rel}","templated":true}]}}