{"id":26982,"date":"2021-12-02T11:50:17","date_gmt":"2021-12-02T10:50:17","guid":{"rendered":"https:\/\/dobner.it\/?post_type=product&#038;p=26982"},"modified":"2025-10-02T09:10:45","modified_gmt":"2025-10-02T07:10:45","slug":"orecchini-pomellato-nudo-classic-oro-bianco-oro-rosa-topazio-blu-london-turchese-diamanti","status":"publish","type":"product","link":"https:\/\/dobner.it\/it\/prodotto\/orecchini-pomellato-nudo-classic-oro-bianco-oro-rosa-topazio-blu-london-turchese-diamanti\/","title":{"rendered":"Orecchini Pomellato Nudo Classic in Oro Bianco e Oro Rosa con Topazio Blu London e Turchese con Diamanti"},"content":{"rendered":"<p>Orecchini in oro bianco ed in oro rosa. Si caratterizzano per le loro cromie intense, grazie topazi blu London insieme ai turchesi. Ulteriore luminosit\u00e0 \u00e8 data dal pav\u00e9 di diamanti bianchi.<\/p>\n","protected":false},"excerpt":{"rendered":"<p>Orecchini oro rosa e bianco 18K (PM 7.5 g), 2 topazi blu London, 2 turchesi 20 ct, 56 diamanti 0.6 ct.<\/p>\n","protected":false},"featured_media":26990,"template":"","meta":[],"product_brand":[802],"product_cat":[431],"product_tag":[],"class_list":{"0":"post-26982","1":"product","2":"type-product","3":"status-publish","4":"has-post-thumbnail","6":"product_brand-pomellato","7":"product_cat-orecchini","8":"pa_orecchini-orecchini-pendenti","10":"first","11":"instock","12":"taxable","13":"shipping-taxable","14":"purchasable","15":"product-type-simple","swatches":"rey-swatches","show_selected":""},"acf":[],"yoast_head":"<!-- This site is optimized with the Yoast SEO plugin v26.4 - https:\/\/yoast.com\/wordpress\/plugins\/seo\/ -->\n<title>Orecchini Pomellato Nudo Classic Topazio, Turchese, Diamanti<\/title>\n<meta name=\"description\" content=\"Scopri gli Orecchini in oro rosa e bianco 18K (PM 7.5 g) di Pomellato con 2 topazi blu London, 2 turchesi 20 ct e 56 diamanti 0.6 ct.\" \/>\n<meta name=\"robots\" content=\"index, follow, max-snippet:-1, max-image-preview:large, max-video-preview:-1\" \/>\n<link rel=\"canonical\" href=\"https:\/\/dobner.it\/it\/prodotto\/orecchini-pomellato-nudo-classic-oro-bianco-oro-rosa-topazio-blu-london-turchese-diamanti\/\" \/>\n<meta property=\"og:locale\" content=\"it_IT\" \/>\n<meta property=\"og:type\" content=\"article\" \/>\n<meta property=\"og:title\" content=\"Orecchini Pomellato Nudo Classic Topazio, Turchese, Diamanti\" \/>\n<meta property=\"og:description\" content=\"Scopri gli Orecchini in oro rosa e bianco 18K (PM 7.5 g) di Pomellato con 2 topazi blu London, 2 turchesi 20 ct e 56 diamanti 0.6 ct.\" \/>\n<meta property=\"og:url\" content=\"https:\/\/dobner.it\/it\/prodotto\/orecchini-pomellato-nudo-classic-oro-bianco-oro-rosa-topazio-blu-london-turchese-diamanti\/\" \/>\n<meta property=\"og:site_name\" content=\"Dobner\" \/>\n<meta property=\"article:modified_time\" content=\"2025-10-02T07:10:45+00:00\" \/>\n<meta property=\"og:image\" content=\"https:\/\/dobner.it\/wp-content\/uploads\/2021\/12\/orecchini-pomellato-nudo-classic-in-oro-bianco-e-oro-rosa-con-topazio-blu-london-e-turchese-con-diamanti.jpg\" \/>\n\t<meta property=\"og:image:width\" content=\"1024\" \/>\n\t<meta property=\"og:image:height\" content=\"1024\" \/>\n\t<meta property=\"og:image:type\" content=\"image\/jpeg\" \/>\n<meta name=\"twitter:card\" content=\"summary_large_image\" \/>\n<meta name=\"twitter:label1\" content=\"Tempo di lettura stimato\" \/>\n\t<meta name=\"twitter:data1\" content=\"1 minuto\" \/>\n<script type=\"application\/ld+json\" class=\"yoast-schema-graph\">{\"@context\":\"https:\/\/schema.org\",\"@graph\":[{\"@type\":\"WebPage\",\"@id\":\"https:\/\/dobner.it\/it\/prodotto\/orecchini-pomellato-nudo-classic-oro-bianco-oro-rosa-topazio-blu-london-turchese-diamanti\/\",\"url\":\"https:\/\/dobner.it\/it\/prodotto\/orecchini-pomellato-nudo-classic-oro-bianco-oro-rosa-topazio-blu-london-turchese-diamanti\/\",\"name\":\"Orecchini Pomellato Nudo Classic Topazio, Turchese, Diamanti\",\"isPartOf\":{\"@id\":\"https:\/\/dobner.it\/it\/#website\"},\"primaryImageOfPage\":{\"@id\":\"https:\/\/dobner.it\/it\/prodotto\/orecchini-pomellato-nudo-classic-oro-bianco-oro-rosa-topazio-blu-london-turchese-diamanti\/#primaryimage\"},\"image\":{\"@id\":\"https:\/\/dobner.it\/it\/prodotto\/orecchini-pomellato-nudo-classic-oro-bianco-oro-rosa-topazio-blu-london-turchese-diamanti\/#primaryimage\"},\"thumbnailUrl\":\"https:\/\/dobner.it\/wp-content\/uploads\/2021\/12\/orecchini-pomellato-nudo-classic-in-oro-bianco-e-oro-rosa-con-topazio-blu-london-e-turchese-con-diamanti.jpg\",\"datePublished\":\"2021-12-02T10:50:17+00:00\",\"dateModified\":\"2025-10-02T07:10:45+00:00\",\"description\":\"Scopri gli Orecchini in oro rosa e bianco 18K (PM 7.5 g) di Pomellato con 2 topazi blu London, 2 turchesi 20 ct e 56 diamanti 0.6 ct.\",\"breadcrumb\":{\"@id\":\"https:\/\/dobner.it\/it\/prodotto\/orecchini-pomellato-nudo-classic-oro-bianco-oro-rosa-topazio-blu-london-turchese-diamanti\/#breadcrumb\"},\"inLanguage\":\"it-IT\",\"potentialAction\":[{\"@type\":\"ReadAction\",\"target\":[\"https:\/\/dobner.it\/it\/prodotto\/orecchini-pomellato-nudo-classic-oro-bianco-oro-rosa-topazio-blu-london-turchese-diamanti\/\"]}]},{\"@type\":\"ImageObject\",\"inLanguage\":\"it-IT\",\"@id\":\"https:\/\/dobner.it\/it\/prodotto\/orecchini-pomellato-nudo-classic-oro-bianco-oro-rosa-topazio-blu-london-turchese-diamanti\/#primaryimage\",\"url\":\"https:\/\/dobner.it\/wp-content\/uploads\/2021\/12\/orecchini-pomellato-nudo-classic-in-oro-bianco-e-oro-rosa-con-topazio-blu-london-e-turchese-con-diamanti.jpg\",\"contentUrl\":\"https:\/\/dobner.it\/wp-content\/uploads\/2021\/12\/orecchini-pomellato-nudo-classic-in-oro-bianco-e-oro-rosa-con-topazio-blu-london-e-turchese-con-diamanti.jpg\",\"width\":1024,\"height\":1024},{\"@type\":\"BreadcrumbList\",\"@id\":\"https:\/\/dobner.it\/it\/prodotto\/orecchini-pomellato-nudo-classic-oro-bianco-oro-rosa-topazio-blu-london-turchese-diamanti\/#breadcrumb\",\"itemListElement\":[{\"@type\":\"ListItem\",\"position\":1,\"name\":\"Home\",\"item\":\"https:\/\/dobner.it\/it\/\"},{\"@type\":\"ListItem\",\"position\":2,\"name\":\"Prodotti\",\"item\":\"https:\/\/dobner.it\/it\/prodotti\/\"},{\"@type\":\"ListItem\",\"position\":3,\"name\":\"Orecchini Pomellato Nudo Classic in Oro Bianco e Oro Rosa con Topazio Blu London e Turchese con Diamanti\"}]},{\"@type\":\"WebSite\",\"@id\":\"https:\/\/dobner.it\/it\/#website\",\"url\":\"https:\/\/dobner.it\/it\/\",\"name\":\"Dobner\",\"description\":\"\",\"publisher\":{\"@id\":\"https:\/\/dobner.it\/it\/#organization\"},\"potentialAction\":[{\"@type\":\"SearchAction\",\"target\":{\"@type\":\"EntryPoint\",\"urlTemplate\":\"https:\/\/dobner.it\/it\/?s={search_term_string}\"},\"query-input\":{\"@type\":\"PropertyValueSpecification\",\"valueRequired\":true,\"valueName\":\"search_term_string\"}}],\"inLanguage\":\"it-IT\"},{\"@type\":\"Organization\",\"@id\":\"https:\/\/dobner.it\/it\/#organization\",\"name\":\"Dobner\",\"url\":\"https:\/\/dobner.it\/it\/\",\"logo\":{\"@type\":\"ImageObject\",\"inLanguage\":\"it-IT\",\"@id\":\"https:\/\/dobner.it\/it\/#\/schema\/logo\/image\/\",\"url\":\"https:\/\/dobner.it\/wp-content\/uploads\/2020\/10\/logo-email.png\",\"contentUrl\":\"https:\/\/dobner.it\/wp-content\/uploads\/2020\/10\/logo-email.png\",\"width\":188,\"height\":81,\"caption\":\"Dobner\"},\"image\":{\"@id\":\"https:\/\/dobner.it\/it\/#\/schema\/logo\/image\/\"}}]}<\/script>\n<!-- \/ Yoast SEO plugin. -->","yoast_head_json":{"title":"Orecchini Pomellato Nudo Classic Topazio, Turchese, Diamanti","description":"Scopri gli Orecchini in oro rosa e bianco 18K (PM 7.5 g) di Pomellato con 2 topazi blu London, 2 turchesi 20 ct e 56 diamanti 0.6 ct.","robots":{"index":"index","follow":"follow","max-snippet":"max-snippet:-1","max-image-preview":"max-image-preview:large","max-video-preview":"max-video-preview:-1"},"canonical":"https:\/\/dobner.it\/it\/prodotto\/orecchini-pomellato-nudo-classic-oro-bianco-oro-rosa-topazio-blu-london-turchese-diamanti\/","og_locale":"it_IT","og_type":"article","og_title":"Orecchini Pomellato Nudo Classic Topazio, Turchese, Diamanti","og_description":"Scopri gli Orecchini in oro rosa e bianco 18K (PM 7.5 g) di Pomellato con 2 topazi blu London, 2 turchesi 20 ct e 56 diamanti 0.6 ct.","og_url":"https:\/\/dobner.it\/it\/prodotto\/orecchini-pomellato-nudo-classic-oro-bianco-oro-rosa-topazio-blu-london-turchese-diamanti\/","og_site_name":"Dobner","article_modified_time":"2025-10-02T07:10:45+00:00","og_image":[{"width":1024,"height":1024,"url":"https:\/\/dobner.it\/wp-content\/uploads\/2021\/12\/orecchini-pomellato-nudo-classic-in-oro-bianco-e-oro-rosa-con-topazio-blu-london-e-turchese-con-diamanti.jpg","type":"image\/jpeg"}],"twitter_card":"summary_large_image","twitter_misc":{"Tempo di lettura stimato":"1 minuto"},"schema":{"@context":"https:\/\/schema.org","@graph":[{"@type":"WebPage","@id":"https:\/\/dobner.it\/it\/prodotto\/orecchini-pomellato-nudo-classic-oro-bianco-oro-rosa-topazio-blu-london-turchese-diamanti\/","url":"https:\/\/dobner.it\/it\/prodotto\/orecchini-pomellato-nudo-classic-oro-bianco-oro-rosa-topazio-blu-london-turchese-diamanti\/","name":"Orecchini Pomellato Nudo Classic Topazio, Turchese, Diamanti","isPartOf":{"@id":"https:\/\/dobner.it\/it\/#website"},"primaryImageOfPage":{"@id":"https:\/\/dobner.it\/it\/prodotto\/orecchini-pomellato-nudo-classic-oro-bianco-oro-rosa-topazio-blu-london-turchese-diamanti\/#primaryimage"},"image":{"@id":"https:\/\/dobner.it\/it\/prodotto\/orecchini-pomellato-nudo-classic-oro-bianco-oro-rosa-topazio-blu-london-turchese-diamanti\/#primaryimage"},"thumbnailUrl":"https:\/\/dobner.it\/wp-content\/uploads\/2021\/12\/orecchini-pomellato-nudo-classic-in-oro-bianco-e-oro-rosa-con-topazio-blu-london-e-turchese-con-diamanti.jpg","datePublished":"2021-12-02T10:50:17+00:00","dateModified":"2025-10-02T07:10:45+00:00","description":"Scopri gli Orecchini in oro rosa e bianco 18K (PM 7.5 g) di Pomellato con 2 topazi blu London, 2 turchesi 20 ct e 56 diamanti 0.6 ct.","breadcrumb":{"@id":"https:\/\/dobner.it\/it\/prodotto\/orecchini-pomellato-nudo-classic-oro-bianco-oro-rosa-topazio-blu-london-turchese-diamanti\/#breadcrumb"},"inLanguage":"it-IT","potentialAction":[{"@type":"ReadAction","target":["https:\/\/dobner.it\/it\/prodotto\/orecchini-pomellato-nudo-classic-oro-bianco-oro-rosa-topazio-blu-london-turchese-diamanti\/"]}]},{"@type":"ImageObject","inLanguage":"it-IT","@id":"https:\/\/dobner.it\/it\/prodotto\/orecchini-pomellato-nudo-classic-oro-bianco-oro-rosa-topazio-blu-london-turchese-diamanti\/#primaryimage","url":"https:\/\/dobner.it\/wp-content\/uploads\/2021\/12\/orecchini-pomellato-nudo-classic-in-oro-bianco-e-oro-rosa-con-topazio-blu-london-e-turchese-con-diamanti.jpg","contentUrl":"https:\/\/dobner.it\/wp-content\/uploads\/2021\/12\/orecchini-pomellato-nudo-classic-in-oro-bianco-e-oro-rosa-con-topazio-blu-london-e-turchese-con-diamanti.jpg","width":1024,"height":1024},{"@type":"BreadcrumbList","@id":"https:\/\/dobner.it\/it\/prodotto\/orecchini-pomellato-nudo-classic-oro-bianco-oro-rosa-topazio-blu-london-turchese-diamanti\/#breadcrumb","itemListElement":[{"@type":"ListItem","position":1,"name":"Home","item":"https:\/\/dobner.it\/it\/"},{"@type":"ListItem","position":2,"name":"Prodotti","item":"https:\/\/dobner.it\/it\/prodotti\/"},{"@type":"ListItem","position":3,"name":"Orecchini Pomellato Nudo Classic in Oro Bianco e Oro Rosa con Topazio Blu London e Turchese con Diamanti"}]},{"@type":"WebSite","@id":"https:\/\/dobner.it\/it\/#website","url":"https:\/\/dobner.it\/it\/","name":"Dobner","description":"","publisher":{"@id":"https:\/\/dobner.it\/it\/#organization"},"potentialAction":[{"@type":"SearchAction","target":{"@type":"EntryPoint","urlTemplate":"https:\/\/dobner.it\/it\/?s={search_term_string}"},"query-input":{"@type":"PropertyValueSpecification","valueRequired":true,"valueName":"search_term_string"}}],"inLanguage":"it-IT"},{"@type":"Organization","@id":"https:\/\/dobner.it\/it\/#organization","name":"Dobner","url":"https:\/\/dobner.it\/it\/","logo":{"@type":"ImageObject","inLanguage":"it-IT","@id":"https:\/\/dobner.it\/it\/#\/schema\/logo\/image\/","url":"https:\/\/dobner.it\/wp-content\/uploads\/2020\/10\/logo-email.png","contentUrl":"https:\/\/dobner.it\/wp-content\/uploads\/2020\/10\/logo-email.png","width":188,"height":81,"caption":"Dobner"},"image":{"@id":"https:\/\/dobner.it\/it\/#\/schema\/logo\/image\/"}}]}},"_links":{"self":[{"href":"https:\/\/dobner.it\/it\/wp-json\/wp\/v2\/product\/26982","targetHints":{"allow":["GET"]}}],"collection":[{"href":"https:\/\/dobner.it\/it\/wp-json\/wp\/v2\/product"}],"about":[{"href":"https:\/\/dobner.it\/it\/wp-json\/wp\/v2\/types\/product"}],"version-history":[{"count":1,"href":"https:\/\/dobner.it\/it\/wp-json\/wp\/v2\/product\/26982\/revisions"}],"predecessor-version":[{"id":83666,"href":"https:\/\/dobner.it\/it\/wp-json\/wp\/v2\/product\/26982\/revisions\/83666"}],"wp:featuredmedia":[{"embeddable":true,"href":"https:\/\/dobner.it\/it\/wp-json\/wp\/v2\/media\/26990"}],"wp:attachment":[{"href":"https:\/\/dobner.it\/it\/wp-json\/wp\/v2\/media?parent=26982"}],"wp:term":[{"taxonomy":"product_brand","embeddable":true,"href":"https:\/\/dobner.it\/it\/wp-json\/wp\/v2\/product_brand?post=26982"},{"taxonomy":"product_cat","embeddable":true,"href":"https:\/\/dobner.it\/it\/wp-json\/wp\/v2\/product_cat?post=26982"},{"taxonomy":"product_tag","embeddable":true,"href":"https:\/\/dobner.it\/it\/wp-json\/wp\/v2\/product_tag?post=26982"}],"curies":[{"name":"wp","href":"https:\/\/api.w.org\/{rel}","templated":true}]}}