{"id":25450,"date":"2022-03-25T13:19:45","date_gmt":"2022-03-25T12:19:45","guid":{"rendered":"https:\/\/dobner.it\/?post_type=product&#038;p=25450"},"modified":"2025-06-23T12:48:58","modified_gmt":"2025-06-23T10:48:58","slug":"bracciale-crivelli-oro-rosa-micro-castone","status":"publish","type":"product","link":"https:\/\/dobner.it\/it\/prodotto\/bracciale-crivelli-oro-rosa-micro-castone\/","title":{"rendered":"Bracciale Crivelli in Oro Rosa con Micro Castone"},"content":{"rendered":"<p>Questo bracciale Crivelli \u00e8 un modello raffinato. \u00c8 realizzato in oro rosa ed \u00e8 illuminato da un prezioso diamante.<\/p>\n<p>Grazie al suo design curato e pregiato, questo bracciale risalta in ogni situazione e impreziosisce qualsiasi look.<\/p>\n<p>Il bracciale risalta in abbinamento ad anelli, collane ed orecchini del marchio.<\/p>\n<p>Caratura variabile. Richiedi informazioni.<\/p>\n","protected":false},"excerpt":{"rendered":"<p>Bracciale Crivelli catenella con micro castone ct 0,05. Oro rosa 0,90 gr.<\/p>\n","protected":false},"featured_media":34748,"template":"","meta":[],"product_brand":[887],"product_cat":[428],"product_tag":[],"class_list":{"0":"post-25450","1":"product","2":"type-product","3":"status-publish","4":"has-post-thumbnail","6":"product_brand-crivelli","7":"product_cat-bracciali","8":"pa_bracciali-bracciali-catena-leggera","10":"first","11":"instock","12":"taxable","13":"shipping-taxable","14":"product-type-external","swatches":"rey-swatches","show_selected":""},"acf":[],"yoast_head":"<!-- This site is optimized with the Yoast SEO plugin v26.4 - https:\/\/yoast.com\/wordpress\/plugins\/seo\/ -->\n<title>Bracciale Crivelli in Oro Rosa con Micro Castone - Dobner<\/title>\n<meta name=\"description\" content=\"Bracciale Crivelli catenella con micro castone ct 0,05. Oro rosa 0,90 gr.\" \/>\n<meta name=\"robots\" content=\"index, follow, max-snippet:-1, max-image-preview:large, max-video-preview:-1\" \/>\n<link rel=\"canonical\" href=\"https:\/\/dobner.it\/it\/prodotto\/bracciale-crivelli-oro-rosa-micro-castone\/\" \/>\n<meta property=\"og:locale\" content=\"it_IT\" \/>\n<meta property=\"og:type\" content=\"article\" \/>\n<meta property=\"og:title\" content=\"Bracciale Crivelli in Oro Rosa con Micro Castone - Dobner\" \/>\n<meta property=\"og:description\" content=\"Bracciale Crivelli catenella con micro castone ct 0,05. Oro rosa 0,90 gr.\" \/>\n<meta property=\"og:url\" content=\"https:\/\/dobner.it\/it\/prodotto\/bracciale-crivelli-oro-rosa-micro-castone\/\" \/>\n<meta property=\"og:site_name\" content=\"Dobner\" \/>\n<meta property=\"article:modified_time\" content=\"2025-06-23T10:48:58+00:00\" \/>\n<meta property=\"og:image\" content=\"https:\/\/dobner.it\/wp-content\/uploads\/2021\/11\/bracciale-crivelli-in-oro-rosa-con-micro-castone.jpg\" \/>\n\t<meta property=\"og:image:width\" content=\"1024\" \/>\n\t<meta property=\"og:image:height\" content=\"1024\" \/>\n\t<meta property=\"og:image:type\" content=\"image\/jpeg\" \/>\n<meta name=\"twitter:card\" content=\"summary_large_image\" \/>\n<meta name=\"twitter:label1\" content=\"Tempo di lettura stimato\" \/>\n\t<meta name=\"twitter:data1\" content=\"1 minuto\" \/>\n<script type=\"application\/ld+json\" class=\"yoast-schema-graph\">{\"@context\":\"https:\/\/schema.org\",\"@graph\":[{\"@type\":\"WebPage\",\"@id\":\"https:\/\/dobner.it\/it\/prodotto\/bracciale-crivelli-oro-rosa-micro-castone\/\",\"url\":\"https:\/\/dobner.it\/it\/prodotto\/bracciale-crivelli-oro-rosa-micro-castone\/\",\"name\":\"Bracciale Crivelli in Oro Rosa con Micro Castone - Dobner\",\"isPartOf\":{\"@id\":\"https:\/\/dobner.it\/it\/#website\"},\"primaryImageOfPage\":{\"@id\":\"https:\/\/dobner.it\/it\/prodotto\/bracciale-crivelli-oro-rosa-micro-castone\/#primaryimage\"},\"image\":{\"@id\":\"https:\/\/dobner.it\/it\/prodotto\/bracciale-crivelli-oro-rosa-micro-castone\/#primaryimage\"},\"thumbnailUrl\":\"https:\/\/dobner.it\/wp-content\/uploads\/2021\/11\/bracciale-crivelli-in-oro-rosa-con-micro-castone.jpg\",\"datePublished\":\"2022-03-25T12:19:45+00:00\",\"dateModified\":\"2025-06-23T10:48:58+00:00\",\"description\":\"Bracciale Crivelli catenella con micro castone ct 0,05. Oro rosa 0,90 gr.\",\"breadcrumb\":{\"@id\":\"https:\/\/dobner.it\/it\/prodotto\/bracciale-crivelli-oro-rosa-micro-castone\/#breadcrumb\"},\"inLanguage\":\"it-IT\",\"potentialAction\":[{\"@type\":\"ReadAction\",\"target\":[\"https:\/\/dobner.it\/it\/prodotto\/bracciale-crivelli-oro-rosa-micro-castone\/\"]}]},{\"@type\":\"ImageObject\",\"inLanguage\":\"it-IT\",\"@id\":\"https:\/\/dobner.it\/it\/prodotto\/bracciale-crivelli-oro-rosa-micro-castone\/#primaryimage\",\"url\":\"https:\/\/dobner.it\/wp-content\/uploads\/2021\/11\/bracciale-crivelli-in-oro-rosa-con-micro-castone.jpg\",\"contentUrl\":\"https:\/\/dobner.it\/wp-content\/uploads\/2021\/11\/bracciale-crivelli-in-oro-rosa-con-micro-castone.jpg\",\"width\":1024,\"height\":1024},{\"@type\":\"BreadcrumbList\",\"@id\":\"https:\/\/dobner.it\/it\/prodotto\/bracciale-crivelli-oro-rosa-micro-castone\/#breadcrumb\",\"itemListElement\":[{\"@type\":\"ListItem\",\"position\":1,\"name\":\"Home\",\"item\":\"https:\/\/dobner.it\/it\/\"},{\"@type\":\"ListItem\",\"position\":2,\"name\":\"Prodotti\",\"item\":\"https:\/\/dobner.it\/it\/prodotti\/\"},{\"@type\":\"ListItem\",\"position\":3,\"name\":\"Bracciale Crivelli in Oro Rosa con Micro Castone\"}]},{\"@type\":\"WebSite\",\"@id\":\"https:\/\/dobner.it\/it\/#website\",\"url\":\"https:\/\/dobner.it\/it\/\",\"name\":\"Dobner\",\"description\":\"\",\"publisher\":{\"@id\":\"https:\/\/dobner.it\/it\/#organization\"},\"potentialAction\":[{\"@type\":\"SearchAction\",\"target\":{\"@type\":\"EntryPoint\",\"urlTemplate\":\"https:\/\/dobner.it\/it\/?s={search_term_string}\"},\"query-input\":{\"@type\":\"PropertyValueSpecification\",\"valueRequired\":true,\"valueName\":\"search_term_string\"}}],\"inLanguage\":\"it-IT\"},{\"@type\":\"Organization\",\"@id\":\"https:\/\/dobner.it\/it\/#organization\",\"name\":\"Dobner\",\"url\":\"https:\/\/dobner.it\/it\/\",\"logo\":{\"@type\":\"ImageObject\",\"inLanguage\":\"it-IT\",\"@id\":\"https:\/\/dobner.it\/it\/#\/schema\/logo\/image\/\",\"url\":\"https:\/\/dobner.it\/wp-content\/uploads\/2020\/10\/logo-email.png\",\"contentUrl\":\"https:\/\/dobner.it\/wp-content\/uploads\/2020\/10\/logo-email.png\",\"width\":188,\"height\":81,\"caption\":\"Dobner\"},\"image\":{\"@id\":\"https:\/\/dobner.it\/it\/#\/schema\/logo\/image\/\"}}]}<\/script>\n<!-- \/ Yoast SEO plugin. -->","yoast_head_json":{"title":"Bracciale Crivelli in Oro Rosa con Micro Castone - Dobner","description":"Bracciale Crivelli catenella con micro castone ct 0,05. Oro rosa 0,90 gr.","robots":{"index":"index","follow":"follow","max-snippet":"max-snippet:-1","max-image-preview":"max-image-preview:large","max-video-preview":"max-video-preview:-1"},"canonical":"https:\/\/dobner.it\/it\/prodotto\/bracciale-crivelli-oro-rosa-micro-castone\/","og_locale":"it_IT","og_type":"article","og_title":"Bracciale Crivelli in Oro Rosa con Micro Castone - Dobner","og_description":"Bracciale Crivelli catenella con micro castone ct 0,05. Oro rosa 0,90 gr.","og_url":"https:\/\/dobner.it\/it\/prodotto\/bracciale-crivelli-oro-rosa-micro-castone\/","og_site_name":"Dobner","article_modified_time":"2025-06-23T10:48:58+00:00","og_image":[{"width":1024,"height":1024,"url":"https:\/\/dobner.it\/wp-content\/uploads\/2021\/11\/bracciale-crivelli-in-oro-rosa-con-micro-castone.jpg","type":"image\/jpeg"}],"twitter_card":"summary_large_image","twitter_misc":{"Tempo di lettura stimato":"1 minuto"},"schema":{"@context":"https:\/\/schema.org","@graph":[{"@type":"WebPage","@id":"https:\/\/dobner.it\/it\/prodotto\/bracciale-crivelli-oro-rosa-micro-castone\/","url":"https:\/\/dobner.it\/it\/prodotto\/bracciale-crivelli-oro-rosa-micro-castone\/","name":"Bracciale Crivelli in Oro Rosa con Micro Castone - Dobner","isPartOf":{"@id":"https:\/\/dobner.it\/it\/#website"},"primaryImageOfPage":{"@id":"https:\/\/dobner.it\/it\/prodotto\/bracciale-crivelli-oro-rosa-micro-castone\/#primaryimage"},"image":{"@id":"https:\/\/dobner.it\/it\/prodotto\/bracciale-crivelli-oro-rosa-micro-castone\/#primaryimage"},"thumbnailUrl":"https:\/\/dobner.it\/wp-content\/uploads\/2021\/11\/bracciale-crivelli-in-oro-rosa-con-micro-castone.jpg","datePublished":"2022-03-25T12:19:45+00:00","dateModified":"2025-06-23T10:48:58+00:00","description":"Bracciale Crivelli catenella con micro castone ct 0,05. Oro rosa 0,90 gr.","breadcrumb":{"@id":"https:\/\/dobner.it\/it\/prodotto\/bracciale-crivelli-oro-rosa-micro-castone\/#breadcrumb"},"inLanguage":"it-IT","potentialAction":[{"@type":"ReadAction","target":["https:\/\/dobner.it\/it\/prodotto\/bracciale-crivelli-oro-rosa-micro-castone\/"]}]},{"@type":"ImageObject","inLanguage":"it-IT","@id":"https:\/\/dobner.it\/it\/prodotto\/bracciale-crivelli-oro-rosa-micro-castone\/#primaryimage","url":"https:\/\/dobner.it\/wp-content\/uploads\/2021\/11\/bracciale-crivelli-in-oro-rosa-con-micro-castone.jpg","contentUrl":"https:\/\/dobner.it\/wp-content\/uploads\/2021\/11\/bracciale-crivelli-in-oro-rosa-con-micro-castone.jpg","width":1024,"height":1024},{"@type":"BreadcrumbList","@id":"https:\/\/dobner.it\/it\/prodotto\/bracciale-crivelli-oro-rosa-micro-castone\/#breadcrumb","itemListElement":[{"@type":"ListItem","position":1,"name":"Home","item":"https:\/\/dobner.it\/it\/"},{"@type":"ListItem","position":2,"name":"Prodotti","item":"https:\/\/dobner.it\/it\/prodotti\/"},{"@type":"ListItem","position":3,"name":"Bracciale Crivelli in Oro Rosa con Micro Castone"}]},{"@type":"WebSite","@id":"https:\/\/dobner.it\/it\/#website","url":"https:\/\/dobner.it\/it\/","name":"Dobner","description":"","publisher":{"@id":"https:\/\/dobner.it\/it\/#organization"},"potentialAction":[{"@type":"SearchAction","target":{"@type":"EntryPoint","urlTemplate":"https:\/\/dobner.it\/it\/?s={search_term_string}"},"query-input":{"@type":"PropertyValueSpecification","valueRequired":true,"valueName":"search_term_string"}}],"inLanguage":"it-IT"},{"@type":"Organization","@id":"https:\/\/dobner.it\/it\/#organization","name":"Dobner","url":"https:\/\/dobner.it\/it\/","logo":{"@type":"ImageObject","inLanguage":"it-IT","@id":"https:\/\/dobner.it\/it\/#\/schema\/logo\/image\/","url":"https:\/\/dobner.it\/wp-content\/uploads\/2020\/10\/logo-email.png","contentUrl":"https:\/\/dobner.it\/wp-content\/uploads\/2020\/10\/logo-email.png","width":188,"height":81,"caption":"Dobner"},"image":{"@id":"https:\/\/dobner.it\/it\/#\/schema\/logo\/image\/"}}]}},"_links":{"self":[{"href":"https:\/\/dobner.it\/it\/wp-json\/wp\/v2\/product\/25450","targetHints":{"allow":["GET"]}}],"collection":[{"href":"https:\/\/dobner.it\/it\/wp-json\/wp\/v2\/product"}],"about":[{"href":"https:\/\/dobner.it\/it\/wp-json\/wp\/v2\/types\/product"}],"version-history":[{"count":1,"href":"https:\/\/dobner.it\/it\/wp-json\/wp\/v2\/product\/25450\/revisions"}],"predecessor-version":[{"id":85115,"href":"https:\/\/dobner.it\/it\/wp-json\/wp\/v2\/product\/25450\/revisions\/85115"}],"wp:featuredmedia":[{"embeddable":true,"href":"https:\/\/dobner.it\/it\/wp-json\/wp\/v2\/media\/34748"}],"wp:attachment":[{"href":"https:\/\/dobner.it\/it\/wp-json\/wp\/v2\/media?parent=25450"}],"wp:term":[{"taxonomy":"product_brand","embeddable":true,"href":"https:\/\/dobner.it\/it\/wp-json\/wp\/v2\/product_brand?post=25450"},{"taxonomy":"product_cat","embeddable":true,"href":"https:\/\/dobner.it\/it\/wp-json\/wp\/v2\/product_cat?post=25450"},{"taxonomy":"product_tag","embeddable":true,"href":"https:\/\/dobner.it\/it\/wp-json\/wp\/v2\/product_tag?post=25450"}],"curies":[{"name":"wp","href":"https:\/\/api.w.org\/{rel}","templated":true}]}}