{"id":16777,"date":"2021-06-25T17:28:16","date_gmt":"2021-06-25T15:28:16","guid":{"rendered":"https:\/\/dobner.it\/?post_type=product&#038;p=16777"},"modified":"2026-01-15T14:03:35","modified_gmt":"2026-01-15T13:03:35","slug":"ciondolo-chantecler-suamem-campanella-piccola-oro-bianco","status":"publish","type":"product","link":"https:\/\/dobner.it\/it\/prodotto\/ciondolo-chantecler-suamem-campanella-piccola-oro-bianco\/","title":{"rendered":"Ciondolo Chantecler Suam\u00e8m Campanella Piccola in Oro Bianco"},"content":{"rendered":"<p>La collezione Suam\u00e8m, ispirata ad un foulard, unisce moda e gioielleria in creazioni moderne e inedite. I suoi gioielli sono delle opere d\u2019arte che celebrano la libert\u00e0 di espressione.<\/p>\n<p>Questo ciondolo Campanella piccola Suam\u00e8m \u00e8 realizzato in oro bianco 9Kt.<\/p>\n<p>Il ciondolo pu\u00f2 essere abbinato ai gioielli della collezione Suam\u00e8m per aggiungere un tocco ancora pi\u00f9 personalizzato al proprio stile.<\/p>\n<p>Oro GR 4,00 KT 9.<\/p>\n<p>Essendo un prodotto fatto a mano le caratteristiche sopra indicate possono subire leggere variazioni.<\/p>\n","protected":false},"excerpt":{"rendered":"<p>Ciondolo Suam\u00e8m con Campanella piccola di Chantecler in oro bianco 9Kt.<\/p>\n","protected":false},"featured_media":31621,"template":"","meta":[],"product_brand":[636],"product_cat":[531],"product_tag":[],"class_list":{"0":"post-16777","1":"product","2":"type-product","3":"status-publish","4":"has-post-thumbnail","6":"product_brand-chantecler","7":"product_cat-ciondoli","8":"pa_ciondoli-ciondoli-oro-bianco","9":"pa_ciondoli-preziosi","11":"first","12":"instock","13":"taxable","14":"shipping-taxable","15":"purchasable","16":"product-type-simple","swatches":"rey-swatches","show_selected":""},"acf":[],"yoast_head":"<!-- This site is optimized with the Yoast SEO plugin v26.4 - https:\/\/yoast.com\/wordpress\/plugins\/seo\/ -->\n<title>Ciondolo Chantecler Suam\u00e8m Campanella Piccola Oro Bianco<\/title>\n<meta name=\"description\" content=\"Ciondolo Suam\u00e8m con Campanella piccola di Chantecler in oro bianco 9Kt.\" \/>\n<meta name=\"robots\" content=\"index, follow, max-snippet:-1, max-image-preview:large, max-video-preview:-1\" \/>\n<link rel=\"canonical\" href=\"https:\/\/dobner.it\/it\/prodotto\/ciondolo-chantecler-suamem-campanella-piccola-oro-bianco\/\" \/>\n<meta property=\"og:locale\" content=\"it_IT\" \/>\n<meta property=\"og:type\" content=\"article\" \/>\n<meta property=\"og:title\" content=\"Ciondolo Chantecler Suam\u00e8m Campanella Piccola Oro Bianco\" \/>\n<meta property=\"og:description\" content=\"Ciondolo Suam\u00e8m con Campanella piccola di Chantecler in oro bianco 9Kt.\" \/>\n<meta property=\"og:url\" content=\"https:\/\/dobner.it\/it\/prodotto\/ciondolo-chantecler-suamem-campanella-piccola-oro-bianco\/\" \/>\n<meta property=\"og:site_name\" content=\"Dobner\" \/>\n<meta property=\"article:modified_time\" content=\"2026-01-15T13:03:35+00:00\" \/>\n<meta property=\"og:image\" content=\"https:\/\/dobner.it\/wp-content\/uploads\/2021\/06\/ciondolo-chantecler-suamem-campanella-piccola-in-oro-bianco.jpg\" \/>\n\t<meta property=\"og:image:width\" content=\"1024\" \/>\n\t<meta property=\"og:image:height\" content=\"1024\" \/>\n\t<meta property=\"og:image:type\" content=\"image\/jpeg\" \/>\n<meta name=\"twitter:card\" content=\"summary_large_image\" \/>\n<meta name=\"twitter:label1\" content=\"Tempo di lettura stimato\" \/>\n\t<meta name=\"twitter:data1\" content=\"1 minuto\" \/>\n<script type=\"application\/ld+json\" class=\"yoast-schema-graph\">{\"@context\":\"https:\/\/schema.org\",\"@graph\":[{\"@type\":\"WebPage\",\"@id\":\"https:\/\/dobner.it\/it\/prodotto\/ciondolo-chantecler-suamem-campanella-piccola-oro-bianco\/\",\"url\":\"https:\/\/dobner.it\/it\/prodotto\/ciondolo-chantecler-suamem-campanella-piccola-oro-bianco\/\",\"name\":\"Ciondolo Chantecler Suam\u00e8m Campanella Piccola Oro Bianco\",\"isPartOf\":{\"@id\":\"https:\/\/dobner.it\/it\/#website\"},\"primaryImageOfPage\":{\"@id\":\"https:\/\/dobner.it\/it\/prodotto\/ciondolo-chantecler-suamem-campanella-piccola-oro-bianco\/#primaryimage\"},\"image\":{\"@id\":\"https:\/\/dobner.it\/it\/prodotto\/ciondolo-chantecler-suamem-campanella-piccola-oro-bianco\/#primaryimage\"},\"thumbnailUrl\":\"https:\/\/dobner.it\/wp-content\/uploads\/2021\/06\/ciondolo-chantecler-suamem-campanella-piccola-in-oro-bianco.jpg\",\"datePublished\":\"2021-06-25T15:28:16+00:00\",\"dateModified\":\"2026-01-15T13:03:35+00:00\",\"description\":\"Ciondolo Suam\u00e8m con Campanella piccola di Chantecler in oro bianco 9Kt.\",\"breadcrumb\":{\"@id\":\"https:\/\/dobner.it\/it\/prodotto\/ciondolo-chantecler-suamem-campanella-piccola-oro-bianco\/#breadcrumb\"},\"inLanguage\":\"it-IT\",\"potentialAction\":[{\"@type\":\"ReadAction\",\"target\":[\"https:\/\/dobner.it\/it\/prodotto\/ciondolo-chantecler-suamem-campanella-piccola-oro-bianco\/\"]}]},{\"@type\":\"ImageObject\",\"inLanguage\":\"it-IT\",\"@id\":\"https:\/\/dobner.it\/it\/prodotto\/ciondolo-chantecler-suamem-campanella-piccola-oro-bianco\/#primaryimage\",\"url\":\"https:\/\/dobner.it\/wp-content\/uploads\/2021\/06\/ciondolo-chantecler-suamem-campanella-piccola-in-oro-bianco.jpg\",\"contentUrl\":\"https:\/\/dobner.it\/wp-content\/uploads\/2021\/06\/ciondolo-chantecler-suamem-campanella-piccola-in-oro-bianco.jpg\",\"width\":1024,\"height\":1024},{\"@type\":\"BreadcrumbList\",\"@id\":\"https:\/\/dobner.it\/it\/prodotto\/ciondolo-chantecler-suamem-campanella-piccola-oro-bianco\/#breadcrumb\",\"itemListElement\":[{\"@type\":\"ListItem\",\"position\":1,\"name\":\"Home\",\"item\":\"https:\/\/dobner.it\/it\/\"},{\"@type\":\"ListItem\",\"position\":2,\"name\":\"Prodotti\",\"item\":\"https:\/\/dobner.it\/it\/prodotti\/\"},{\"@type\":\"ListItem\",\"position\":3,\"name\":\"Ciondolo Chantecler Suam\u00e8m Campanella Piccola in Oro Bianco\"}]},{\"@type\":\"WebSite\",\"@id\":\"https:\/\/dobner.it\/it\/#website\",\"url\":\"https:\/\/dobner.it\/it\/\",\"name\":\"Dobner\",\"description\":\"\",\"publisher\":{\"@id\":\"https:\/\/dobner.it\/it\/#organization\"},\"potentialAction\":[{\"@type\":\"SearchAction\",\"target\":{\"@type\":\"EntryPoint\",\"urlTemplate\":\"https:\/\/dobner.it\/it\/?s={search_term_string}\"},\"query-input\":{\"@type\":\"PropertyValueSpecification\",\"valueRequired\":true,\"valueName\":\"search_term_string\"}}],\"inLanguage\":\"it-IT\"},{\"@type\":\"Organization\",\"@id\":\"https:\/\/dobner.it\/it\/#organization\",\"name\":\"Dobner\",\"url\":\"https:\/\/dobner.it\/it\/\",\"logo\":{\"@type\":\"ImageObject\",\"inLanguage\":\"it-IT\",\"@id\":\"https:\/\/dobner.it\/it\/#\/schema\/logo\/image\/\",\"url\":\"https:\/\/dobner.it\/wp-content\/uploads\/2020\/10\/logo-email.png\",\"contentUrl\":\"https:\/\/dobner.it\/wp-content\/uploads\/2020\/10\/logo-email.png\",\"width\":188,\"height\":81,\"caption\":\"Dobner\"},\"image\":{\"@id\":\"https:\/\/dobner.it\/it\/#\/schema\/logo\/image\/\"}}]}<\/script>\n<!-- \/ Yoast SEO plugin. -->","yoast_head_json":{"title":"Ciondolo Chantecler Suam\u00e8m Campanella Piccola Oro Bianco","description":"Ciondolo Suam\u00e8m con Campanella piccola di Chantecler in oro bianco 9Kt.","robots":{"index":"index","follow":"follow","max-snippet":"max-snippet:-1","max-image-preview":"max-image-preview:large","max-video-preview":"max-video-preview:-1"},"canonical":"https:\/\/dobner.it\/it\/prodotto\/ciondolo-chantecler-suamem-campanella-piccola-oro-bianco\/","og_locale":"it_IT","og_type":"article","og_title":"Ciondolo Chantecler Suam\u00e8m Campanella Piccola Oro Bianco","og_description":"Ciondolo Suam\u00e8m con Campanella piccola di Chantecler in oro bianco 9Kt.","og_url":"https:\/\/dobner.it\/it\/prodotto\/ciondolo-chantecler-suamem-campanella-piccola-oro-bianco\/","og_site_name":"Dobner","article_modified_time":"2026-01-15T13:03:35+00:00","og_image":[{"width":1024,"height":1024,"url":"https:\/\/dobner.it\/wp-content\/uploads\/2021\/06\/ciondolo-chantecler-suamem-campanella-piccola-in-oro-bianco.jpg","type":"image\/jpeg"}],"twitter_card":"summary_large_image","twitter_misc":{"Tempo di lettura stimato":"1 minuto"},"schema":{"@context":"https:\/\/schema.org","@graph":[{"@type":"WebPage","@id":"https:\/\/dobner.it\/it\/prodotto\/ciondolo-chantecler-suamem-campanella-piccola-oro-bianco\/","url":"https:\/\/dobner.it\/it\/prodotto\/ciondolo-chantecler-suamem-campanella-piccola-oro-bianco\/","name":"Ciondolo Chantecler Suam\u00e8m Campanella Piccola Oro Bianco","isPartOf":{"@id":"https:\/\/dobner.it\/it\/#website"},"primaryImageOfPage":{"@id":"https:\/\/dobner.it\/it\/prodotto\/ciondolo-chantecler-suamem-campanella-piccola-oro-bianco\/#primaryimage"},"image":{"@id":"https:\/\/dobner.it\/it\/prodotto\/ciondolo-chantecler-suamem-campanella-piccola-oro-bianco\/#primaryimage"},"thumbnailUrl":"https:\/\/dobner.it\/wp-content\/uploads\/2021\/06\/ciondolo-chantecler-suamem-campanella-piccola-in-oro-bianco.jpg","datePublished":"2021-06-25T15:28:16+00:00","dateModified":"2026-01-15T13:03:35+00:00","description":"Ciondolo Suam\u00e8m con Campanella piccola di Chantecler in oro bianco 9Kt.","breadcrumb":{"@id":"https:\/\/dobner.it\/it\/prodotto\/ciondolo-chantecler-suamem-campanella-piccola-oro-bianco\/#breadcrumb"},"inLanguage":"it-IT","potentialAction":[{"@type":"ReadAction","target":["https:\/\/dobner.it\/it\/prodotto\/ciondolo-chantecler-suamem-campanella-piccola-oro-bianco\/"]}]},{"@type":"ImageObject","inLanguage":"it-IT","@id":"https:\/\/dobner.it\/it\/prodotto\/ciondolo-chantecler-suamem-campanella-piccola-oro-bianco\/#primaryimage","url":"https:\/\/dobner.it\/wp-content\/uploads\/2021\/06\/ciondolo-chantecler-suamem-campanella-piccola-in-oro-bianco.jpg","contentUrl":"https:\/\/dobner.it\/wp-content\/uploads\/2021\/06\/ciondolo-chantecler-suamem-campanella-piccola-in-oro-bianco.jpg","width":1024,"height":1024},{"@type":"BreadcrumbList","@id":"https:\/\/dobner.it\/it\/prodotto\/ciondolo-chantecler-suamem-campanella-piccola-oro-bianco\/#breadcrumb","itemListElement":[{"@type":"ListItem","position":1,"name":"Home","item":"https:\/\/dobner.it\/it\/"},{"@type":"ListItem","position":2,"name":"Prodotti","item":"https:\/\/dobner.it\/it\/prodotti\/"},{"@type":"ListItem","position":3,"name":"Ciondolo Chantecler Suam\u00e8m Campanella Piccola in Oro Bianco"}]},{"@type":"WebSite","@id":"https:\/\/dobner.it\/it\/#website","url":"https:\/\/dobner.it\/it\/","name":"Dobner","description":"","publisher":{"@id":"https:\/\/dobner.it\/it\/#organization"},"potentialAction":[{"@type":"SearchAction","target":{"@type":"EntryPoint","urlTemplate":"https:\/\/dobner.it\/it\/?s={search_term_string}"},"query-input":{"@type":"PropertyValueSpecification","valueRequired":true,"valueName":"search_term_string"}}],"inLanguage":"it-IT"},{"@type":"Organization","@id":"https:\/\/dobner.it\/it\/#organization","name":"Dobner","url":"https:\/\/dobner.it\/it\/","logo":{"@type":"ImageObject","inLanguage":"it-IT","@id":"https:\/\/dobner.it\/it\/#\/schema\/logo\/image\/","url":"https:\/\/dobner.it\/wp-content\/uploads\/2020\/10\/logo-email.png","contentUrl":"https:\/\/dobner.it\/wp-content\/uploads\/2020\/10\/logo-email.png","width":188,"height":81,"caption":"Dobner"},"image":{"@id":"https:\/\/dobner.it\/it\/#\/schema\/logo\/image\/"}}]}},"_links":{"self":[{"href":"https:\/\/dobner.it\/it\/wp-json\/wp\/v2\/product\/16777","targetHints":{"allow":["GET"]}}],"collection":[{"href":"https:\/\/dobner.it\/it\/wp-json\/wp\/v2\/product"}],"about":[{"href":"https:\/\/dobner.it\/it\/wp-json\/wp\/v2\/types\/product"}],"version-history":[{"count":1,"href":"https:\/\/dobner.it\/it\/wp-json\/wp\/v2\/product\/16777\/revisions"}],"predecessor-version":[{"id":82126,"href":"https:\/\/dobner.it\/it\/wp-json\/wp\/v2\/product\/16777\/revisions\/82126"}],"wp:featuredmedia":[{"embeddable":true,"href":"https:\/\/dobner.it\/it\/wp-json\/wp\/v2\/media\/31621"}],"wp:attachment":[{"href":"https:\/\/dobner.it\/it\/wp-json\/wp\/v2\/media?parent=16777"}],"wp:term":[{"taxonomy":"product_brand","embeddable":true,"href":"https:\/\/dobner.it\/it\/wp-json\/wp\/v2\/product_brand?post=16777"},{"taxonomy":"product_cat","embeddable":true,"href":"https:\/\/dobner.it\/it\/wp-json\/wp\/v2\/product_cat?post=16777"},{"taxonomy":"product_tag","embeddable":true,"href":"https:\/\/dobner.it\/it\/wp-json\/wp\/v2\/product_tag?post=16777"}],"curies":[{"name":"wp","href":"https:\/\/api.w.org\/{rel}","templated":true}]}}