{"id":13810,"date":"2021-05-27T12:48:16","date_gmt":"2021-05-27T10:48:16","guid":{"rendered":"https:\/\/dobner.it\/?post_type=product&#038;p=13810"},"modified":"2025-05-28T16:54:37","modified_gmt":"2025-05-28T14:54:37","slug":"orologio-baume-mercier-hampton-cassa-acciaio-bracciale-acciaio","status":"publish","type":"product","link":"https:\/\/dobner.it\/it\/prodotto\/orologio-baume-mercier-hampton-cassa-acciaio-bracciale-acciaio\/","title":{"rendered":"Orologio Baume &amp; Mercier Hampton con Cassa in Acciaio e Bracciale in Acciaio"},"content":{"rendered":"<p>Particolare orologio con cassa rettangolare e movimento al quarzo fabbricato in Svizzera ed impermeabilit\u00e0 fino a 50 metri circa. Ha una dimensione di 35 x 22,2 mm di diametro. Sia la cassa che il cinturino di questo raffinato orologio sono in acciaio. Si caratterizza per il vetro zaffiro bombato antigraffio. Il quadrante elegante \u00e8 argentato con finitura opalina. Inoltre questo \u00e8 un orologio versatile, grazie al suo bracciale intercambiabile, per un look sempre diverso.<\/p>\n<p>Ref. M0A10473<\/p>\n","protected":false},"excerpt":{"rendered":"<p>Orologio con cassa rettangolare da 35 x 22,2 mm e movimento al quarzo Swiss Made. Impermeabile fino a circa 50 metri di profondit\u00e0. \u00c8 in acciaio, con quadrante argentato e vetro zaffiro. Il suo bracciale \u00e8 intercambiabile.<\/p>\n","protected":false},"featured_media":21381,"template":"","meta":[],"product_brand":[767],"product_cat":[24],"product_tag":[],"class_list":{"0":"post-13810","1":"product","2":"type-product","3":"status-publish","4":"has-post-thumbnail","6":"product_brand-baume-mercier","7":"product_cat-orologi","8":"pa_orologi-orologi-quarzo","9":"pa_orologi-orologi-solo-tempo","11":"first","12":"instock","13":"taxable","14":"shipping-taxable","15":"purchasable","16":"product-type-simple","swatches":"rey-swatches","show_selected":""},"acf":[],"yoast_head":"<!-- This site is optimized with the Yoast SEO plugin v26.4 - https:\/\/yoast.com\/wordpress\/plugins\/seo\/ -->\n<title>Orologio Baume &amp; Mercier Hampton Cassa e Bracciale Acciaio<\/title>\n<meta name=\"description\" content=\"Orologio con cassa rettangolare da 35 x 22,2 mm e movimento al quarzo. In acciaio, con quadrante argentato e vetro zaffiro.\" \/>\n<meta name=\"robots\" content=\"index, follow, max-snippet:-1, max-image-preview:large, max-video-preview:-1\" \/>\n<link rel=\"canonical\" href=\"https:\/\/dobner.it\/it\/prodotto\/orologio-baume-mercier-hampton-cassa-acciaio-bracciale-acciaio\/\" \/>\n<meta property=\"og:locale\" content=\"it_IT\" \/>\n<meta property=\"og:type\" content=\"article\" \/>\n<meta property=\"og:title\" content=\"Orologio Baume &amp; Mercier Hampton Cassa e Bracciale Acciaio\" \/>\n<meta property=\"og:description\" content=\"Orologio con cassa rettangolare da 35 x 22,2 mm e movimento al quarzo. In acciaio, con quadrante argentato e vetro zaffiro.\" \/>\n<meta property=\"og:url\" content=\"https:\/\/dobner.it\/it\/prodotto\/orologio-baume-mercier-hampton-cassa-acciaio-bracciale-acciaio\/\" \/>\n<meta property=\"og:site_name\" content=\"Dobner\" \/>\n<meta property=\"article:modified_time\" content=\"2025-05-28T14:54:37+00:00\" \/>\n<meta property=\"og:image\" content=\"https:\/\/dobner.it\/wp-content\/uploads\/2021\/05\/orologio-baume-mercier-hampton-con-cassa-in-acciaio-e-bracciale-in-acciaio.jpg\" \/>\n\t<meta property=\"og:image:width\" content=\"1024\" \/>\n\t<meta property=\"og:image:height\" content=\"1024\" \/>\n\t<meta property=\"og:image:type\" content=\"image\/jpeg\" \/>\n<meta name=\"twitter:card\" content=\"summary_large_image\" \/>\n<meta name=\"twitter:label1\" content=\"Tempo di lettura stimato\" \/>\n\t<meta name=\"twitter:data1\" content=\"1 minuto\" \/>\n<script type=\"application\/ld+json\" class=\"yoast-schema-graph\">{\"@context\":\"https:\/\/schema.org\",\"@graph\":[{\"@type\":\"WebPage\",\"@id\":\"https:\/\/dobner.it\/it\/prodotto\/orologio-baume-mercier-hampton-cassa-acciaio-bracciale-acciaio\/\",\"url\":\"https:\/\/dobner.it\/it\/prodotto\/orologio-baume-mercier-hampton-cassa-acciaio-bracciale-acciaio\/\",\"name\":\"Orologio Baume & Mercier Hampton Cassa e Bracciale Acciaio\",\"isPartOf\":{\"@id\":\"https:\/\/dobner.it\/it\/#website\"},\"primaryImageOfPage\":{\"@id\":\"https:\/\/dobner.it\/it\/prodotto\/orologio-baume-mercier-hampton-cassa-acciaio-bracciale-acciaio\/#primaryimage\"},\"image\":{\"@id\":\"https:\/\/dobner.it\/it\/prodotto\/orologio-baume-mercier-hampton-cassa-acciaio-bracciale-acciaio\/#primaryimage\"},\"thumbnailUrl\":\"https:\/\/dobner.it\/wp-content\/uploads\/2021\/05\/orologio-baume-mercier-hampton-con-cassa-in-acciaio-e-bracciale-in-acciaio.jpg\",\"datePublished\":\"2021-05-27T10:48:16+00:00\",\"dateModified\":\"2025-05-28T14:54:37+00:00\",\"description\":\"Orologio con cassa rettangolare da 35 x 22,2 mm e movimento al quarzo. In acciaio, con quadrante argentato e vetro zaffiro.\",\"breadcrumb\":{\"@id\":\"https:\/\/dobner.it\/it\/prodotto\/orologio-baume-mercier-hampton-cassa-acciaio-bracciale-acciaio\/#breadcrumb\"},\"inLanguage\":\"it-IT\",\"potentialAction\":[{\"@type\":\"ReadAction\",\"target\":[\"https:\/\/dobner.it\/it\/prodotto\/orologio-baume-mercier-hampton-cassa-acciaio-bracciale-acciaio\/\"]}]},{\"@type\":\"ImageObject\",\"inLanguage\":\"it-IT\",\"@id\":\"https:\/\/dobner.it\/it\/prodotto\/orologio-baume-mercier-hampton-cassa-acciaio-bracciale-acciaio\/#primaryimage\",\"url\":\"https:\/\/dobner.it\/wp-content\/uploads\/2021\/05\/orologio-baume-mercier-hampton-con-cassa-in-acciaio-e-bracciale-in-acciaio.jpg\",\"contentUrl\":\"https:\/\/dobner.it\/wp-content\/uploads\/2021\/05\/orologio-baume-mercier-hampton-con-cassa-in-acciaio-e-bracciale-in-acciaio.jpg\",\"width\":1024,\"height\":1024},{\"@type\":\"BreadcrumbList\",\"@id\":\"https:\/\/dobner.it\/it\/prodotto\/orologio-baume-mercier-hampton-cassa-acciaio-bracciale-acciaio\/#breadcrumb\",\"itemListElement\":[{\"@type\":\"ListItem\",\"position\":1,\"name\":\"Home\",\"item\":\"https:\/\/dobner.it\/it\/\"},{\"@type\":\"ListItem\",\"position\":2,\"name\":\"Prodotti\",\"item\":\"https:\/\/dobner.it\/it\/prodotti\/\"},{\"@type\":\"ListItem\",\"position\":3,\"name\":\"Orologio Baume &amp; Mercier Hampton con Cassa in Acciaio e Bracciale in Acciaio\"}]},{\"@type\":\"WebSite\",\"@id\":\"https:\/\/dobner.it\/it\/#website\",\"url\":\"https:\/\/dobner.it\/it\/\",\"name\":\"Dobner\",\"description\":\"\",\"publisher\":{\"@id\":\"https:\/\/dobner.it\/it\/#organization\"},\"potentialAction\":[{\"@type\":\"SearchAction\",\"target\":{\"@type\":\"EntryPoint\",\"urlTemplate\":\"https:\/\/dobner.it\/it\/?s={search_term_string}\"},\"query-input\":{\"@type\":\"PropertyValueSpecification\",\"valueRequired\":true,\"valueName\":\"search_term_string\"}}],\"inLanguage\":\"it-IT\"},{\"@type\":\"Organization\",\"@id\":\"https:\/\/dobner.it\/it\/#organization\",\"name\":\"Dobner\",\"url\":\"https:\/\/dobner.it\/it\/\",\"logo\":{\"@type\":\"ImageObject\",\"inLanguage\":\"it-IT\",\"@id\":\"https:\/\/dobner.it\/it\/#\/schema\/logo\/image\/\",\"url\":\"https:\/\/dobner.it\/wp-content\/uploads\/2020\/10\/logo-email.png\",\"contentUrl\":\"https:\/\/dobner.it\/wp-content\/uploads\/2020\/10\/logo-email.png\",\"width\":188,\"height\":81,\"caption\":\"Dobner\"},\"image\":{\"@id\":\"https:\/\/dobner.it\/it\/#\/schema\/logo\/image\/\"}}]}<\/script>\n<!-- \/ Yoast SEO plugin. -->","yoast_head_json":{"title":"Orologio Baume & Mercier Hampton Cassa e Bracciale Acciaio","description":"Orologio con cassa rettangolare da 35 x 22,2 mm e movimento al quarzo. In acciaio, con quadrante argentato e vetro zaffiro.","robots":{"index":"index","follow":"follow","max-snippet":"max-snippet:-1","max-image-preview":"max-image-preview:large","max-video-preview":"max-video-preview:-1"},"canonical":"https:\/\/dobner.it\/it\/prodotto\/orologio-baume-mercier-hampton-cassa-acciaio-bracciale-acciaio\/","og_locale":"it_IT","og_type":"article","og_title":"Orologio Baume & Mercier Hampton Cassa e Bracciale Acciaio","og_description":"Orologio con cassa rettangolare da 35 x 22,2 mm e movimento al quarzo. In acciaio, con quadrante argentato e vetro zaffiro.","og_url":"https:\/\/dobner.it\/it\/prodotto\/orologio-baume-mercier-hampton-cassa-acciaio-bracciale-acciaio\/","og_site_name":"Dobner","article_modified_time":"2025-05-28T14:54:37+00:00","og_image":[{"width":1024,"height":1024,"url":"https:\/\/dobner.it\/wp-content\/uploads\/2021\/05\/orologio-baume-mercier-hampton-con-cassa-in-acciaio-e-bracciale-in-acciaio.jpg","type":"image\/jpeg"}],"twitter_card":"summary_large_image","twitter_misc":{"Tempo di lettura stimato":"1 minuto"},"schema":{"@context":"https:\/\/schema.org","@graph":[{"@type":"WebPage","@id":"https:\/\/dobner.it\/it\/prodotto\/orologio-baume-mercier-hampton-cassa-acciaio-bracciale-acciaio\/","url":"https:\/\/dobner.it\/it\/prodotto\/orologio-baume-mercier-hampton-cassa-acciaio-bracciale-acciaio\/","name":"Orologio Baume & Mercier Hampton Cassa e Bracciale Acciaio","isPartOf":{"@id":"https:\/\/dobner.it\/it\/#website"},"primaryImageOfPage":{"@id":"https:\/\/dobner.it\/it\/prodotto\/orologio-baume-mercier-hampton-cassa-acciaio-bracciale-acciaio\/#primaryimage"},"image":{"@id":"https:\/\/dobner.it\/it\/prodotto\/orologio-baume-mercier-hampton-cassa-acciaio-bracciale-acciaio\/#primaryimage"},"thumbnailUrl":"https:\/\/dobner.it\/wp-content\/uploads\/2021\/05\/orologio-baume-mercier-hampton-con-cassa-in-acciaio-e-bracciale-in-acciaio.jpg","datePublished":"2021-05-27T10:48:16+00:00","dateModified":"2025-05-28T14:54:37+00:00","description":"Orologio con cassa rettangolare da 35 x 22,2 mm e movimento al quarzo. In acciaio, con quadrante argentato e vetro zaffiro.","breadcrumb":{"@id":"https:\/\/dobner.it\/it\/prodotto\/orologio-baume-mercier-hampton-cassa-acciaio-bracciale-acciaio\/#breadcrumb"},"inLanguage":"it-IT","potentialAction":[{"@type":"ReadAction","target":["https:\/\/dobner.it\/it\/prodotto\/orologio-baume-mercier-hampton-cassa-acciaio-bracciale-acciaio\/"]}]},{"@type":"ImageObject","inLanguage":"it-IT","@id":"https:\/\/dobner.it\/it\/prodotto\/orologio-baume-mercier-hampton-cassa-acciaio-bracciale-acciaio\/#primaryimage","url":"https:\/\/dobner.it\/wp-content\/uploads\/2021\/05\/orologio-baume-mercier-hampton-con-cassa-in-acciaio-e-bracciale-in-acciaio.jpg","contentUrl":"https:\/\/dobner.it\/wp-content\/uploads\/2021\/05\/orologio-baume-mercier-hampton-con-cassa-in-acciaio-e-bracciale-in-acciaio.jpg","width":1024,"height":1024},{"@type":"BreadcrumbList","@id":"https:\/\/dobner.it\/it\/prodotto\/orologio-baume-mercier-hampton-cassa-acciaio-bracciale-acciaio\/#breadcrumb","itemListElement":[{"@type":"ListItem","position":1,"name":"Home","item":"https:\/\/dobner.it\/it\/"},{"@type":"ListItem","position":2,"name":"Prodotti","item":"https:\/\/dobner.it\/it\/prodotti\/"},{"@type":"ListItem","position":3,"name":"Orologio Baume &amp; Mercier Hampton con Cassa in Acciaio e Bracciale in Acciaio"}]},{"@type":"WebSite","@id":"https:\/\/dobner.it\/it\/#website","url":"https:\/\/dobner.it\/it\/","name":"Dobner","description":"","publisher":{"@id":"https:\/\/dobner.it\/it\/#organization"},"potentialAction":[{"@type":"SearchAction","target":{"@type":"EntryPoint","urlTemplate":"https:\/\/dobner.it\/it\/?s={search_term_string}"},"query-input":{"@type":"PropertyValueSpecification","valueRequired":true,"valueName":"search_term_string"}}],"inLanguage":"it-IT"},{"@type":"Organization","@id":"https:\/\/dobner.it\/it\/#organization","name":"Dobner","url":"https:\/\/dobner.it\/it\/","logo":{"@type":"ImageObject","inLanguage":"it-IT","@id":"https:\/\/dobner.it\/it\/#\/schema\/logo\/image\/","url":"https:\/\/dobner.it\/wp-content\/uploads\/2020\/10\/logo-email.png","contentUrl":"https:\/\/dobner.it\/wp-content\/uploads\/2020\/10\/logo-email.png","width":188,"height":81,"caption":"Dobner"},"image":{"@id":"https:\/\/dobner.it\/it\/#\/schema\/logo\/image\/"}}]}},"_links":{"self":[{"href":"https:\/\/dobner.it\/it\/wp-json\/wp\/v2\/product\/13810","targetHints":{"allow":["GET"]}}],"collection":[{"href":"https:\/\/dobner.it\/it\/wp-json\/wp\/v2\/product"}],"about":[{"href":"https:\/\/dobner.it\/it\/wp-json\/wp\/v2\/types\/product"}],"version-history":[{"count":1,"href":"https:\/\/dobner.it\/it\/wp-json\/wp\/v2\/product\/13810\/revisions"}],"predecessor-version":[{"id":84875,"href":"https:\/\/dobner.it\/it\/wp-json\/wp\/v2\/product\/13810\/revisions\/84875"}],"wp:featuredmedia":[{"embeddable":true,"href":"https:\/\/dobner.it\/it\/wp-json\/wp\/v2\/media\/21381"}],"wp:attachment":[{"href":"https:\/\/dobner.it\/it\/wp-json\/wp\/v2\/media?parent=13810"}],"wp:term":[{"taxonomy":"product_brand","embeddable":true,"href":"https:\/\/dobner.it\/it\/wp-json\/wp\/v2\/product_brand?post=13810"},{"taxonomy":"product_cat","embeddable":true,"href":"https:\/\/dobner.it\/it\/wp-json\/wp\/v2\/product_cat?post=13810"},{"taxonomy":"product_tag","embeddable":true,"href":"https:\/\/dobner.it\/it\/wp-json\/wp\/v2\/product_tag?post=13810"}],"curies":[{"name":"wp","href":"https:\/\/api.w.org\/{rel}","templated":true}]}}