{"id":13800,"date":"2021-05-27T12:18:53","date_gmt":"2021-05-27T10:18:53","guid":{"rendered":"https:\/\/dobner.it\/?post_type=product&#038;p=13800"},"modified":"2025-05-28T16:55:59","modified_gmt":"2025-05-28T14:55:59","slug":"orologio-baume-mercier-hampton-cassa-acciaio-cinturino-pelle-alligatore","status":"publish","type":"product","link":"https:\/\/dobner.it\/it\/prodotto\/orologio-baume-mercier-hampton-cassa-acciaio-cinturino-pelle-alligatore\/","title":{"rendered":"Orologio Baume &amp; Mercier Hampton con Cassa in Acciaio e Cinturino in Pelle di Alligatore"},"content":{"rendered":"<p>Questo particolare orologio con la cassa rettangolare presenta un movimento automatico Swiss Made. Ha una dimensione di 43 x 27,5 mm di diametro e il suo cinturino \u00e8 nero, in pelle di alligatore, con squame quadrate e impunture grigie. Queste caratteristiche lo rendono un orologio al contempo moderno ed elegante. Il quadrante \u00e8 argentato opalino ed \u00e8 protetto dagli urti grazie al vetro zaffiro, presente sia sulla parte superiore che sul fondello. L&#8217;orologio \u00e8 inoltre impermeabile fino a 50 metri circa.<\/p>\n<p>Ref. M0A10522<\/p>\n","protected":false},"excerpt":{"rendered":"<p>Orologio con cassa rettangolare da 43 x 27,5 mm di diametro e movimento automatico. Impermeabilit\u00e0 fino a 50 metri circa. Cassa in acciaio lucido, quadrante argentato e vetro zaffiro. Cinturino in alligatore nero con squame quadrate e impunture grigie.<\/p>\n","protected":false},"featured_media":21469,"template":"","meta":[],"product_brand":[767],"product_cat":[24],"product_tag":[],"class_list":{"0":"post-13800","1":"product","2":"type-product","3":"status-publish","4":"has-post-thumbnail","6":"product_brand-baume-mercier","7":"product_cat-orologi","8":"pa_orologi-orologi-automatici","9":"pa_orologi-orologi-solo-tempo","11":"first","12":"instock","13":"taxable","14":"shipping-taxable","15":"product-type-external","swatches":"rey-swatches","show_selected":""},"acf":[],"yoast_head":"<!-- This site is optimized with the Yoast SEO plugin v26.4 - https:\/\/yoast.com\/wordpress\/plugins\/seo\/ -->\n<title>Orologio Baume &amp; Mercier Hampton Cinturino Pelle Alligatore<\/title>\n<meta name=\"description\" content=\"Orologio con cassa rettangolare da 43 x 27,5 mm di diametro e movimento automatico. Cassa in acciaio lucido, quadrante argentato e vetro zaffiro.\" \/>\n<meta name=\"robots\" content=\"index, follow, max-snippet:-1, max-image-preview:large, max-video-preview:-1\" \/>\n<link rel=\"canonical\" href=\"https:\/\/dobner.it\/it\/prodotto\/orologio-baume-mercier-hampton-cassa-acciaio-cinturino-pelle-alligatore\/\" \/>\n<meta property=\"og:locale\" content=\"it_IT\" \/>\n<meta property=\"og:type\" content=\"article\" \/>\n<meta property=\"og:title\" content=\"Orologio Baume &amp; Mercier Hampton Cinturino Pelle Alligatore\" \/>\n<meta property=\"og:description\" content=\"Orologio con cassa rettangolare da 43 x 27,5 mm di diametro e movimento automatico. Cassa in acciaio lucido, quadrante argentato e vetro zaffiro.\" \/>\n<meta property=\"og:url\" content=\"https:\/\/dobner.it\/it\/prodotto\/orologio-baume-mercier-hampton-cassa-acciaio-cinturino-pelle-alligatore\/\" \/>\n<meta property=\"og:site_name\" content=\"Dobner\" \/>\n<meta property=\"article:modified_time\" content=\"2025-05-28T14:55:59+00:00\" \/>\n<meta property=\"og:image\" content=\"https:\/\/dobner.it\/wp-content\/uploads\/2021\/05\/orologio-baume-mercier-hampton-con-cassa-in-acciaio-e-cinturino-in-pelle-di-alligatore.jpg\" \/>\n\t<meta property=\"og:image:width\" content=\"1024\" \/>\n\t<meta property=\"og:image:height\" content=\"1024\" \/>\n\t<meta property=\"og:image:type\" content=\"image\/jpeg\" \/>\n<meta name=\"twitter:card\" content=\"summary_large_image\" \/>\n<meta name=\"twitter:label1\" content=\"Tempo di lettura stimato\" \/>\n\t<meta name=\"twitter:data1\" content=\"1 minuto\" \/>\n<script type=\"application\/ld+json\" class=\"yoast-schema-graph\">{\"@context\":\"https:\/\/schema.org\",\"@graph\":[{\"@type\":\"WebPage\",\"@id\":\"https:\/\/dobner.it\/it\/prodotto\/orologio-baume-mercier-hampton-cassa-acciaio-cinturino-pelle-alligatore\/\",\"url\":\"https:\/\/dobner.it\/it\/prodotto\/orologio-baume-mercier-hampton-cassa-acciaio-cinturino-pelle-alligatore\/\",\"name\":\"Orologio Baume & Mercier Hampton Cinturino Pelle Alligatore\",\"isPartOf\":{\"@id\":\"https:\/\/dobner.it\/it\/#website\"},\"primaryImageOfPage\":{\"@id\":\"https:\/\/dobner.it\/it\/prodotto\/orologio-baume-mercier-hampton-cassa-acciaio-cinturino-pelle-alligatore\/#primaryimage\"},\"image\":{\"@id\":\"https:\/\/dobner.it\/it\/prodotto\/orologio-baume-mercier-hampton-cassa-acciaio-cinturino-pelle-alligatore\/#primaryimage\"},\"thumbnailUrl\":\"https:\/\/dobner.it\/wp-content\/uploads\/2021\/05\/orologio-baume-mercier-hampton-con-cassa-in-acciaio-e-cinturino-in-pelle-di-alligatore.jpg\",\"datePublished\":\"2021-05-27T10:18:53+00:00\",\"dateModified\":\"2025-05-28T14:55:59+00:00\",\"description\":\"Orologio con cassa rettangolare da 43 x 27,5 mm di diametro e movimento automatico. Cassa in acciaio lucido, quadrante argentato e vetro zaffiro.\",\"breadcrumb\":{\"@id\":\"https:\/\/dobner.it\/it\/prodotto\/orologio-baume-mercier-hampton-cassa-acciaio-cinturino-pelle-alligatore\/#breadcrumb\"},\"inLanguage\":\"it-IT\",\"potentialAction\":[{\"@type\":\"ReadAction\",\"target\":[\"https:\/\/dobner.it\/it\/prodotto\/orologio-baume-mercier-hampton-cassa-acciaio-cinturino-pelle-alligatore\/\"]}]},{\"@type\":\"ImageObject\",\"inLanguage\":\"it-IT\",\"@id\":\"https:\/\/dobner.it\/it\/prodotto\/orologio-baume-mercier-hampton-cassa-acciaio-cinturino-pelle-alligatore\/#primaryimage\",\"url\":\"https:\/\/dobner.it\/wp-content\/uploads\/2021\/05\/orologio-baume-mercier-hampton-con-cassa-in-acciaio-e-cinturino-in-pelle-di-alligatore.jpg\",\"contentUrl\":\"https:\/\/dobner.it\/wp-content\/uploads\/2021\/05\/orologio-baume-mercier-hampton-con-cassa-in-acciaio-e-cinturino-in-pelle-di-alligatore.jpg\",\"width\":1024,\"height\":1024},{\"@type\":\"BreadcrumbList\",\"@id\":\"https:\/\/dobner.it\/it\/prodotto\/orologio-baume-mercier-hampton-cassa-acciaio-cinturino-pelle-alligatore\/#breadcrumb\",\"itemListElement\":[{\"@type\":\"ListItem\",\"position\":1,\"name\":\"Home\",\"item\":\"https:\/\/dobner.it\/it\/\"},{\"@type\":\"ListItem\",\"position\":2,\"name\":\"Prodotti\",\"item\":\"https:\/\/dobner.it\/it\/prodotti\/\"},{\"@type\":\"ListItem\",\"position\":3,\"name\":\"Orologio Baume &amp; Mercier Hampton con Cassa in Acciaio e Cinturino in Pelle di Alligatore\"}]},{\"@type\":\"WebSite\",\"@id\":\"https:\/\/dobner.it\/it\/#website\",\"url\":\"https:\/\/dobner.it\/it\/\",\"name\":\"Dobner\",\"description\":\"\",\"publisher\":{\"@id\":\"https:\/\/dobner.it\/it\/#organization\"},\"potentialAction\":[{\"@type\":\"SearchAction\",\"target\":{\"@type\":\"EntryPoint\",\"urlTemplate\":\"https:\/\/dobner.it\/it\/?s={search_term_string}\"},\"query-input\":{\"@type\":\"PropertyValueSpecification\",\"valueRequired\":true,\"valueName\":\"search_term_string\"}}],\"inLanguage\":\"it-IT\"},{\"@type\":\"Organization\",\"@id\":\"https:\/\/dobner.it\/it\/#organization\",\"name\":\"Dobner\",\"url\":\"https:\/\/dobner.it\/it\/\",\"logo\":{\"@type\":\"ImageObject\",\"inLanguage\":\"it-IT\",\"@id\":\"https:\/\/dobner.it\/it\/#\/schema\/logo\/image\/\",\"url\":\"https:\/\/dobner.it\/wp-content\/uploads\/2020\/10\/logo-email.png\",\"contentUrl\":\"https:\/\/dobner.it\/wp-content\/uploads\/2020\/10\/logo-email.png\",\"width\":188,\"height\":81,\"caption\":\"Dobner\"},\"image\":{\"@id\":\"https:\/\/dobner.it\/it\/#\/schema\/logo\/image\/\"}}]}<\/script>\n<!-- \/ Yoast SEO plugin. -->","yoast_head_json":{"title":"Orologio Baume & Mercier Hampton Cinturino Pelle Alligatore","description":"Orologio con cassa rettangolare da 43 x 27,5 mm di diametro e movimento automatico. Cassa in acciaio lucido, quadrante argentato e vetro zaffiro.","robots":{"index":"index","follow":"follow","max-snippet":"max-snippet:-1","max-image-preview":"max-image-preview:large","max-video-preview":"max-video-preview:-1"},"canonical":"https:\/\/dobner.it\/it\/prodotto\/orologio-baume-mercier-hampton-cassa-acciaio-cinturino-pelle-alligatore\/","og_locale":"it_IT","og_type":"article","og_title":"Orologio Baume & Mercier Hampton Cinturino Pelle Alligatore","og_description":"Orologio con cassa rettangolare da 43 x 27,5 mm di diametro e movimento automatico. Cassa in acciaio lucido, quadrante argentato e vetro zaffiro.","og_url":"https:\/\/dobner.it\/it\/prodotto\/orologio-baume-mercier-hampton-cassa-acciaio-cinturino-pelle-alligatore\/","og_site_name":"Dobner","article_modified_time":"2025-05-28T14:55:59+00:00","og_image":[{"width":1024,"height":1024,"url":"https:\/\/dobner.it\/wp-content\/uploads\/2021\/05\/orologio-baume-mercier-hampton-con-cassa-in-acciaio-e-cinturino-in-pelle-di-alligatore.jpg","type":"image\/jpeg"}],"twitter_card":"summary_large_image","twitter_misc":{"Tempo di lettura stimato":"1 minuto"},"schema":{"@context":"https:\/\/schema.org","@graph":[{"@type":"WebPage","@id":"https:\/\/dobner.it\/it\/prodotto\/orologio-baume-mercier-hampton-cassa-acciaio-cinturino-pelle-alligatore\/","url":"https:\/\/dobner.it\/it\/prodotto\/orologio-baume-mercier-hampton-cassa-acciaio-cinturino-pelle-alligatore\/","name":"Orologio Baume & Mercier Hampton Cinturino Pelle Alligatore","isPartOf":{"@id":"https:\/\/dobner.it\/it\/#website"},"primaryImageOfPage":{"@id":"https:\/\/dobner.it\/it\/prodotto\/orologio-baume-mercier-hampton-cassa-acciaio-cinturino-pelle-alligatore\/#primaryimage"},"image":{"@id":"https:\/\/dobner.it\/it\/prodotto\/orologio-baume-mercier-hampton-cassa-acciaio-cinturino-pelle-alligatore\/#primaryimage"},"thumbnailUrl":"https:\/\/dobner.it\/wp-content\/uploads\/2021\/05\/orologio-baume-mercier-hampton-con-cassa-in-acciaio-e-cinturino-in-pelle-di-alligatore.jpg","datePublished":"2021-05-27T10:18:53+00:00","dateModified":"2025-05-28T14:55:59+00:00","description":"Orologio con cassa rettangolare da 43 x 27,5 mm di diametro e movimento automatico. Cassa in acciaio lucido, quadrante argentato e vetro zaffiro.","breadcrumb":{"@id":"https:\/\/dobner.it\/it\/prodotto\/orologio-baume-mercier-hampton-cassa-acciaio-cinturino-pelle-alligatore\/#breadcrumb"},"inLanguage":"it-IT","potentialAction":[{"@type":"ReadAction","target":["https:\/\/dobner.it\/it\/prodotto\/orologio-baume-mercier-hampton-cassa-acciaio-cinturino-pelle-alligatore\/"]}]},{"@type":"ImageObject","inLanguage":"it-IT","@id":"https:\/\/dobner.it\/it\/prodotto\/orologio-baume-mercier-hampton-cassa-acciaio-cinturino-pelle-alligatore\/#primaryimage","url":"https:\/\/dobner.it\/wp-content\/uploads\/2021\/05\/orologio-baume-mercier-hampton-con-cassa-in-acciaio-e-cinturino-in-pelle-di-alligatore.jpg","contentUrl":"https:\/\/dobner.it\/wp-content\/uploads\/2021\/05\/orologio-baume-mercier-hampton-con-cassa-in-acciaio-e-cinturino-in-pelle-di-alligatore.jpg","width":1024,"height":1024},{"@type":"BreadcrumbList","@id":"https:\/\/dobner.it\/it\/prodotto\/orologio-baume-mercier-hampton-cassa-acciaio-cinturino-pelle-alligatore\/#breadcrumb","itemListElement":[{"@type":"ListItem","position":1,"name":"Home","item":"https:\/\/dobner.it\/it\/"},{"@type":"ListItem","position":2,"name":"Prodotti","item":"https:\/\/dobner.it\/it\/prodotti\/"},{"@type":"ListItem","position":3,"name":"Orologio Baume &amp; Mercier Hampton con Cassa in Acciaio e Cinturino in Pelle di Alligatore"}]},{"@type":"WebSite","@id":"https:\/\/dobner.it\/it\/#website","url":"https:\/\/dobner.it\/it\/","name":"Dobner","description":"","publisher":{"@id":"https:\/\/dobner.it\/it\/#organization"},"potentialAction":[{"@type":"SearchAction","target":{"@type":"EntryPoint","urlTemplate":"https:\/\/dobner.it\/it\/?s={search_term_string}"},"query-input":{"@type":"PropertyValueSpecification","valueRequired":true,"valueName":"search_term_string"}}],"inLanguage":"it-IT"},{"@type":"Organization","@id":"https:\/\/dobner.it\/it\/#organization","name":"Dobner","url":"https:\/\/dobner.it\/it\/","logo":{"@type":"ImageObject","inLanguage":"it-IT","@id":"https:\/\/dobner.it\/it\/#\/schema\/logo\/image\/","url":"https:\/\/dobner.it\/wp-content\/uploads\/2020\/10\/logo-email.png","contentUrl":"https:\/\/dobner.it\/wp-content\/uploads\/2020\/10\/logo-email.png","width":188,"height":81,"caption":"Dobner"},"image":{"@id":"https:\/\/dobner.it\/it\/#\/schema\/logo\/image\/"}}]}},"_links":{"self":[{"href":"https:\/\/dobner.it\/it\/wp-json\/wp\/v2\/product\/13800","targetHints":{"allow":["GET"]}}],"collection":[{"href":"https:\/\/dobner.it\/it\/wp-json\/wp\/v2\/product"}],"about":[{"href":"https:\/\/dobner.it\/it\/wp-json\/wp\/v2\/types\/product"}],"version-history":[{"count":2,"href":"https:\/\/dobner.it\/it\/wp-json\/wp\/v2\/product\/13800\/revisions"}],"predecessor-version":[{"id":84879,"href":"https:\/\/dobner.it\/it\/wp-json\/wp\/v2\/product\/13800\/revisions\/84879"}],"wp:featuredmedia":[{"embeddable":true,"href":"https:\/\/dobner.it\/it\/wp-json\/wp\/v2\/media\/21469"}],"wp:attachment":[{"href":"https:\/\/dobner.it\/it\/wp-json\/wp\/v2\/media?parent=13800"}],"wp:term":[{"taxonomy":"product_brand","embeddable":true,"href":"https:\/\/dobner.it\/it\/wp-json\/wp\/v2\/product_brand?post=13800"},{"taxonomy":"product_cat","embeddable":true,"href":"https:\/\/dobner.it\/it\/wp-json\/wp\/v2\/product_cat?post=13800"},{"taxonomy":"product_tag","embeddable":true,"href":"https:\/\/dobner.it\/it\/wp-json\/wp\/v2\/product_tag?post=13800"}],"curies":[{"name":"wp","href":"https:\/\/api.w.org\/{rel}","templated":true}]}}