{"id":13756,"date":"2021-05-27T09:54:03","date_gmt":"2021-05-27T07:54:03","guid":{"rendered":"https:\/\/dobner.it\/?post_type=product&#038;p=13756"},"modified":"2025-05-28T12:44:12","modified_gmt":"2025-05-28T10:44:12","slug":"orologio-baume-mercier-classima-lady-cassa-acciaio-cinturino-pelle-alligatore","status":"publish","type":"product","link":"https:\/\/dobner.it\/it\/prodotto\/orologio-baume-mercier-classima-lady-cassa-acciaio-cinturino-pelle-alligatore\/","title":{"rendered":"Orologio Baume &amp; Mercier Classima Lady con Cassa in Acciaio e Cinturino in Pelle di Alligatore"},"content":{"rendered":"<p>Orologio raffinato e di grande impatto, ha un movimento automatico Swiss Made. Con una dimensione da 31 mm, questo orologio ha una cassa in acciaio ed un cinturino intercambiabile in pelle di alligatore blu. Il suo vetro zaffiro, sulla parte superiore ed anche sul fondello, \u00e8 estremamente resistente. Il prezioso quadrante dell&#8217;orologio \u00e8 madreperla bianca ed \u00e8 abbellito da diamanti e cifre romane.<\/p>\n<p>Ref. M0A10545<\/p>\n","protected":false},"excerpt":{"rendered":"<p>Orologio da 31 mm di diametro, con movimento automatico Swiss Made. Cassa in acciaio e cinturino in alligatore blu. Quadrante madreperla, impreziosito da diamanti e numeri romani. Protetto da vetro zaffiro ed impermeabile fino a circa 50 metri.<\/p>\n","protected":false},"featured_media":21465,"template":"","meta":[],"product_brand":[767],"product_cat":[24],"product_tag":[],"class_list":{"0":"post-13756","1":"product","2":"type-product","3":"status-publish","4":"has-post-thumbnail","6":"product_brand-baume-mercier","7":"product_cat-orologi","8":"pa_orologi-orologi-automatici","9":"pa_orologi-orologi-solo-tempo","11":"first","12":"instock","13":"taxable","14":"shipping-taxable","15":"product-type-external","swatches":"rey-swatches","show_selected":""},"acf":[],"yoast_head":"<!-- This site is optimized with the Yoast SEO plugin v26.4 - https:\/\/yoast.com\/wordpress\/plugins\/seo\/ -->\n<title>Baume &amp; Mercier Classima Lady Acciaio e Pelle di Alligatore<\/title>\n<meta name=\"description\" content=\"Orologio da 31 mm di diametro, con movimento automatico. Cassa in acciaio e cinturino in alligatore blu. Quadrante madreperla, impreziosito da diamanti\" \/>\n<meta name=\"robots\" content=\"index, follow, max-snippet:-1, max-image-preview:large, max-video-preview:-1\" \/>\n<link rel=\"canonical\" href=\"https:\/\/dobner.it\/it\/prodotto\/orologio-baume-mercier-classima-lady-cassa-acciaio-cinturino-pelle-alligatore\/\" \/>\n<meta property=\"og:locale\" content=\"it_IT\" \/>\n<meta property=\"og:type\" content=\"article\" \/>\n<meta property=\"og:title\" content=\"Baume &amp; Mercier Classima Lady Acciaio e Pelle di Alligatore\" \/>\n<meta property=\"og:description\" content=\"Orologio da 31 mm di diametro, con movimento automatico. Cassa in acciaio e cinturino in alligatore blu. Quadrante madreperla, impreziosito da diamanti\" \/>\n<meta property=\"og:url\" content=\"https:\/\/dobner.it\/it\/prodotto\/orologio-baume-mercier-classima-lady-cassa-acciaio-cinturino-pelle-alligatore\/\" \/>\n<meta property=\"og:site_name\" content=\"Dobner\" \/>\n<meta property=\"article:modified_time\" content=\"2025-05-28T10:44:12+00:00\" \/>\n<meta property=\"og:image\" content=\"https:\/\/dobner.it\/wp-content\/uploads\/2021\/05\/orologio-baume-mercier-classima-lady-con-cassa-in-acciaio-e-cinturino-in-pelle-di-alligatore.jpg\" \/>\n\t<meta property=\"og:image:width\" content=\"1024\" \/>\n\t<meta property=\"og:image:height\" content=\"1024\" \/>\n\t<meta property=\"og:image:type\" content=\"image\/jpeg\" \/>\n<meta name=\"twitter:card\" content=\"summary_large_image\" \/>\n<meta name=\"twitter:label1\" content=\"Tempo di lettura stimato\" \/>\n\t<meta name=\"twitter:data1\" content=\"1 minuto\" \/>\n<script type=\"application\/ld+json\" class=\"yoast-schema-graph\">{\"@context\":\"https:\/\/schema.org\",\"@graph\":[{\"@type\":\"WebPage\",\"@id\":\"https:\/\/dobner.it\/it\/prodotto\/orologio-baume-mercier-classima-lady-cassa-acciaio-cinturino-pelle-alligatore\/\",\"url\":\"https:\/\/dobner.it\/it\/prodotto\/orologio-baume-mercier-classima-lady-cassa-acciaio-cinturino-pelle-alligatore\/\",\"name\":\"Baume & Mercier Classima Lady Acciaio e Pelle di Alligatore\",\"isPartOf\":{\"@id\":\"https:\/\/dobner.it\/it\/#website\"},\"primaryImageOfPage\":{\"@id\":\"https:\/\/dobner.it\/it\/prodotto\/orologio-baume-mercier-classima-lady-cassa-acciaio-cinturino-pelle-alligatore\/#primaryimage\"},\"image\":{\"@id\":\"https:\/\/dobner.it\/it\/prodotto\/orologio-baume-mercier-classima-lady-cassa-acciaio-cinturino-pelle-alligatore\/#primaryimage\"},\"thumbnailUrl\":\"https:\/\/dobner.it\/wp-content\/uploads\/2021\/05\/orologio-baume-mercier-classima-lady-con-cassa-in-acciaio-e-cinturino-in-pelle-di-alligatore.jpg\",\"datePublished\":\"2021-05-27T07:54:03+00:00\",\"dateModified\":\"2025-05-28T10:44:12+00:00\",\"description\":\"Orologio da 31 mm di diametro, con movimento automatico. Cassa in acciaio e cinturino in alligatore blu. Quadrante madreperla, impreziosito da diamanti\",\"breadcrumb\":{\"@id\":\"https:\/\/dobner.it\/it\/prodotto\/orologio-baume-mercier-classima-lady-cassa-acciaio-cinturino-pelle-alligatore\/#breadcrumb\"},\"inLanguage\":\"it-IT\",\"potentialAction\":[{\"@type\":\"ReadAction\",\"target\":[\"https:\/\/dobner.it\/it\/prodotto\/orologio-baume-mercier-classima-lady-cassa-acciaio-cinturino-pelle-alligatore\/\"]}]},{\"@type\":\"ImageObject\",\"inLanguage\":\"it-IT\",\"@id\":\"https:\/\/dobner.it\/it\/prodotto\/orologio-baume-mercier-classima-lady-cassa-acciaio-cinturino-pelle-alligatore\/#primaryimage\",\"url\":\"https:\/\/dobner.it\/wp-content\/uploads\/2021\/05\/orologio-baume-mercier-classima-lady-con-cassa-in-acciaio-e-cinturino-in-pelle-di-alligatore.jpg\",\"contentUrl\":\"https:\/\/dobner.it\/wp-content\/uploads\/2021\/05\/orologio-baume-mercier-classima-lady-con-cassa-in-acciaio-e-cinturino-in-pelle-di-alligatore.jpg\",\"width\":1024,\"height\":1024},{\"@type\":\"BreadcrumbList\",\"@id\":\"https:\/\/dobner.it\/it\/prodotto\/orologio-baume-mercier-classima-lady-cassa-acciaio-cinturino-pelle-alligatore\/#breadcrumb\",\"itemListElement\":[{\"@type\":\"ListItem\",\"position\":1,\"name\":\"Home\",\"item\":\"https:\/\/dobner.it\/it\/\"},{\"@type\":\"ListItem\",\"position\":2,\"name\":\"Prodotti\",\"item\":\"https:\/\/dobner.it\/it\/prodotti\/\"},{\"@type\":\"ListItem\",\"position\":3,\"name\":\"Orologio Baume &amp; Mercier Classima Lady con Cassa in Acciaio e Cinturino in Pelle di Alligatore\"}]},{\"@type\":\"WebSite\",\"@id\":\"https:\/\/dobner.it\/it\/#website\",\"url\":\"https:\/\/dobner.it\/it\/\",\"name\":\"Dobner\",\"description\":\"\",\"publisher\":{\"@id\":\"https:\/\/dobner.it\/it\/#organization\"},\"potentialAction\":[{\"@type\":\"SearchAction\",\"target\":{\"@type\":\"EntryPoint\",\"urlTemplate\":\"https:\/\/dobner.it\/it\/?s={search_term_string}\"},\"query-input\":{\"@type\":\"PropertyValueSpecification\",\"valueRequired\":true,\"valueName\":\"search_term_string\"}}],\"inLanguage\":\"it-IT\"},{\"@type\":\"Organization\",\"@id\":\"https:\/\/dobner.it\/it\/#organization\",\"name\":\"Dobner\",\"url\":\"https:\/\/dobner.it\/it\/\",\"logo\":{\"@type\":\"ImageObject\",\"inLanguage\":\"it-IT\",\"@id\":\"https:\/\/dobner.it\/it\/#\/schema\/logo\/image\/\",\"url\":\"https:\/\/dobner.it\/wp-content\/uploads\/2020\/10\/logo-email.png\",\"contentUrl\":\"https:\/\/dobner.it\/wp-content\/uploads\/2020\/10\/logo-email.png\",\"width\":188,\"height\":81,\"caption\":\"Dobner\"},\"image\":{\"@id\":\"https:\/\/dobner.it\/it\/#\/schema\/logo\/image\/\"}}]}<\/script>\n<!-- \/ Yoast SEO plugin. -->","yoast_head_json":{"title":"Baume & Mercier Classima Lady Acciaio e Pelle di Alligatore","description":"Orologio da 31 mm di diametro, con movimento automatico. Cassa in acciaio e cinturino in alligatore blu. Quadrante madreperla, impreziosito da diamanti","robots":{"index":"index","follow":"follow","max-snippet":"max-snippet:-1","max-image-preview":"max-image-preview:large","max-video-preview":"max-video-preview:-1"},"canonical":"https:\/\/dobner.it\/it\/prodotto\/orologio-baume-mercier-classima-lady-cassa-acciaio-cinturino-pelle-alligatore\/","og_locale":"it_IT","og_type":"article","og_title":"Baume & Mercier Classima Lady Acciaio e Pelle di Alligatore","og_description":"Orologio da 31 mm di diametro, con movimento automatico. Cassa in acciaio e cinturino in alligatore blu. Quadrante madreperla, impreziosito da diamanti","og_url":"https:\/\/dobner.it\/it\/prodotto\/orologio-baume-mercier-classima-lady-cassa-acciaio-cinturino-pelle-alligatore\/","og_site_name":"Dobner","article_modified_time":"2025-05-28T10:44:12+00:00","og_image":[{"width":1024,"height":1024,"url":"https:\/\/dobner.it\/wp-content\/uploads\/2021\/05\/orologio-baume-mercier-classima-lady-con-cassa-in-acciaio-e-cinturino-in-pelle-di-alligatore.jpg","type":"image\/jpeg"}],"twitter_card":"summary_large_image","twitter_misc":{"Tempo di lettura stimato":"1 minuto"},"schema":{"@context":"https:\/\/schema.org","@graph":[{"@type":"WebPage","@id":"https:\/\/dobner.it\/it\/prodotto\/orologio-baume-mercier-classima-lady-cassa-acciaio-cinturino-pelle-alligatore\/","url":"https:\/\/dobner.it\/it\/prodotto\/orologio-baume-mercier-classima-lady-cassa-acciaio-cinturino-pelle-alligatore\/","name":"Baume & Mercier Classima Lady Acciaio e Pelle di Alligatore","isPartOf":{"@id":"https:\/\/dobner.it\/it\/#website"},"primaryImageOfPage":{"@id":"https:\/\/dobner.it\/it\/prodotto\/orologio-baume-mercier-classima-lady-cassa-acciaio-cinturino-pelle-alligatore\/#primaryimage"},"image":{"@id":"https:\/\/dobner.it\/it\/prodotto\/orologio-baume-mercier-classima-lady-cassa-acciaio-cinturino-pelle-alligatore\/#primaryimage"},"thumbnailUrl":"https:\/\/dobner.it\/wp-content\/uploads\/2021\/05\/orologio-baume-mercier-classima-lady-con-cassa-in-acciaio-e-cinturino-in-pelle-di-alligatore.jpg","datePublished":"2021-05-27T07:54:03+00:00","dateModified":"2025-05-28T10:44:12+00:00","description":"Orologio da 31 mm di diametro, con movimento automatico. Cassa in acciaio e cinturino in alligatore blu. Quadrante madreperla, impreziosito da diamanti","breadcrumb":{"@id":"https:\/\/dobner.it\/it\/prodotto\/orologio-baume-mercier-classima-lady-cassa-acciaio-cinturino-pelle-alligatore\/#breadcrumb"},"inLanguage":"it-IT","potentialAction":[{"@type":"ReadAction","target":["https:\/\/dobner.it\/it\/prodotto\/orologio-baume-mercier-classima-lady-cassa-acciaio-cinturino-pelle-alligatore\/"]}]},{"@type":"ImageObject","inLanguage":"it-IT","@id":"https:\/\/dobner.it\/it\/prodotto\/orologio-baume-mercier-classima-lady-cassa-acciaio-cinturino-pelle-alligatore\/#primaryimage","url":"https:\/\/dobner.it\/wp-content\/uploads\/2021\/05\/orologio-baume-mercier-classima-lady-con-cassa-in-acciaio-e-cinturino-in-pelle-di-alligatore.jpg","contentUrl":"https:\/\/dobner.it\/wp-content\/uploads\/2021\/05\/orologio-baume-mercier-classima-lady-con-cassa-in-acciaio-e-cinturino-in-pelle-di-alligatore.jpg","width":1024,"height":1024},{"@type":"BreadcrumbList","@id":"https:\/\/dobner.it\/it\/prodotto\/orologio-baume-mercier-classima-lady-cassa-acciaio-cinturino-pelle-alligatore\/#breadcrumb","itemListElement":[{"@type":"ListItem","position":1,"name":"Home","item":"https:\/\/dobner.it\/it\/"},{"@type":"ListItem","position":2,"name":"Prodotti","item":"https:\/\/dobner.it\/it\/prodotti\/"},{"@type":"ListItem","position":3,"name":"Orologio Baume &amp; Mercier Classima Lady con Cassa in Acciaio e Cinturino in Pelle di Alligatore"}]},{"@type":"WebSite","@id":"https:\/\/dobner.it\/it\/#website","url":"https:\/\/dobner.it\/it\/","name":"Dobner","description":"","publisher":{"@id":"https:\/\/dobner.it\/it\/#organization"},"potentialAction":[{"@type":"SearchAction","target":{"@type":"EntryPoint","urlTemplate":"https:\/\/dobner.it\/it\/?s={search_term_string}"},"query-input":{"@type":"PropertyValueSpecification","valueRequired":true,"valueName":"search_term_string"}}],"inLanguage":"it-IT"},{"@type":"Organization","@id":"https:\/\/dobner.it\/it\/#organization","name":"Dobner","url":"https:\/\/dobner.it\/it\/","logo":{"@type":"ImageObject","inLanguage":"it-IT","@id":"https:\/\/dobner.it\/it\/#\/schema\/logo\/image\/","url":"https:\/\/dobner.it\/wp-content\/uploads\/2020\/10\/logo-email.png","contentUrl":"https:\/\/dobner.it\/wp-content\/uploads\/2020\/10\/logo-email.png","width":188,"height":81,"caption":"Dobner"},"image":{"@id":"https:\/\/dobner.it\/it\/#\/schema\/logo\/image\/"}}]}},"_links":{"self":[{"href":"https:\/\/dobner.it\/it\/wp-json\/wp\/v2\/product\/13756","targetHints":{"allow":["GET"]}}],"collection":[{"href":"https:\/\/dobner.it\/it\/wp-json\/wp\/v2\/product"}],"about":[{"href":"https:\/\/dobner.it\/it\/wp-json\/wp\/v2\/types\/product"}],"version-history":[{"count":1,"href":"https:\/\/dobner.it\/it\/wp-json\/wp\/v2\/product\/13756\/revisions"}],"predecessor-version":[{"id":84719,"href":"https:\/\/dobner.it\/it\/wp-json\/wp\/v2\/product\/13756\/revisions\/84719"}],"wp:featuredmedia":[{"embeddable":true,"href":"https:\/\/dobner.it\/it\/wp-json\/wp\/v2\/media\/21465"}],"wp:attachment":[{"href":"https:\/\/dobner.it\/it\/wp-json\/wp\/v2\/media?parent=13756"}],"wp:term":[{"taxonomy":"product_brand","embeddable":true,"href":"https:\/\/dobner.it\/it\/wp-json\/wp\/v2\/product_brand?post=13756"},{"taxonomy":"product_cat","embeddable":true,"href":"https:\/\/dobner.it\/it\/wp-json\/wp\/v2\/product_cat?post=13756"},{"taxonomy":"product_tag","embeddable":true,"href":"https:\/\/dobner.it\/it\/wp-json\/wp\/v2\/product_tag?post=13756"}],"curies":[{"name":"wp","href":"https:\/\/api.w.org\/{rel}","templated":true}]}}