{"id":13718,"date":"2021-05-26T15:33:47","date_gmt":"2021-05-26T13:33:47","guid":{"rendered":"https:\/\/dobner.it\/?post_type=product&#038;p=13718"},"modified":"2025-05-08T10:35:04","modified_gmt":"2025-05-08T08:35:04","slug":"orologio-baume-mercier-classima-cassa-acciaio-cinturino-pelle-alligatore","status":"publish","type":"product","link":"https:\/\/dobner.it\/it\/prodotto\/orologio-baume-mercier-classima-cassa-acciaio-cinturino-pelle-alligatore\/","title":{"rendered":"Orologio Baume &amp; Mercier Classima con Cassa in Acciaio e Cinturino in Pelle di Alligatore"},"content":{"rendered":"<p>Questo audace orologio maschile \u00e8 dotato di carica automatica e doppio fuso orario. La sua cassa presenta una dimensione di 42 mm. \u00c8 in acciaio con finitura lucida, protetta dal vetro zaffiro sia sulla parte superiore che sul fondello. Questa particolare caratteristica permette di vedere il movimento del meccanismo di questo orologio. Inoltre, \u00e8 impermeabile fino a circa 50 metri di profondit\u00e0. Il quadrante ha una tonalit\u00e0 blu satinato effetto soleil, doppio fuso orario con lancetta centrale e cifre romane. Il cinturino di questo orologio \u00e8 nero, in pelle di alligatore, e completa il suo look sofisticato.<\/p>\n<p>Ref. M0A 10482<\/p>\n","protected":false},"excerpt":{"rendered":"<p>Orologio da uomo da 42 mm con movimento automatico e doppio fuso orario. La cassa \u00e8 in acciaio, con quadrante blu satinato effetto soleil. Il cinturino \u00e8 nero in pelle di alligatore.<\/p>\n","protected":false},"featured_media":21461,"template":"","meta":[],"product_brand":[767],"product_cat":[24],"product_tag":[],"class_list":{"0":"post-13718","1":"product","2":"type-product","3":"status-publish","4":"has-post-thumbnail","6":"product_brand-baume-mercier","7":"product_cat-orologi","8":"pa_orologi-orologi-automatici","9":"pa_orologi-orologi-gmt","11":"first","12":"instock","13":"taxable","14":"shipping-taxable","15":"product-type-external","swatches":"rey-swatches","show_selected":""},"acf":[],"yoast_head":"<!-- This site is optimized with the Yoast SEO plugin v26.4 - https:\/\/yoast.com\/wordpress\/plugins\/seo\/ -->\n<title>Baume &amp; Mercier Classima, Acciaio e Cinturino in Alligatore<\/title>\n<meta name=\"description\" content=\"Orologio da uomo da 42 mm con movimento automatico e doppio fuso orario, con cassa in acciaio, quadrante blu e cinturino nero in pelle di alligatore.\" \/>\n<meta name=\"robots\" content=\"index, follow, max-snippet:-1, max-image-preview:large, max-video-preview:-1\" \/>\n<link rel=\"canonical\" href=\"https:\/\/dobner.it\/it\/prodotto\/orologio-baume-mercier-classima-cassa-acciaio-cinturino-pelle-alligatore\/\" \/>\n<meta property=\"og:locale\" content=\"it_IT\" \/>\n<meta property=\"og:type\" content=\"article\" \/>\n<meta property=\"og:title\" content=\"Baume &amp; Mercier Classima, Acciaio e Cinturino in Alligatore\" \/>\n<meta property=\"og:description\" content=\"Orologio da uomo da 42 mm con movimento automatico e doppio fuso orario, con cassa in acciaio, quadrante blu e cinturino nero in pelle di alligatore.\" \/>\n<meta property=\"og:url\" content=\"https:\/\/dobner.it\/it\/prodotto\/orologio-baume-mercier-classima-cassa-acciaio-cinturino-pelle-alligatore\/\" \/>\n<meta property=\"og:site_name\" content=\"Dobner\" \/>\n<meta property=\"article:modified_time\" content=\"2025-05-08T08:35:04+00:00\" \/>\n<meta property=\"og:image\" content=\"https:\/\/dobner.it\/wp-content\/uploads\/2021\/05\/orologio-baume-mercier-classima-con-cassa-in-acciaio-e-cinturino-in-pelle-di-alligatore.jpg\" \/>\n\t<meta property=\"og:image:width\" content=\"1024\" \/>\n\t<meta property=\"og:image:height\" content=\"1024\" \/>\n\t<meta property=\"og:image:type\" content=\"image\/jpeg\" \/>\n<meta name=\"twitter:card\" content=\"summary_large_image\" \/>\n<meta name=\"twitter:label1\" content=\"Tempo di lettura stimato\" \/>\n\t<meta name=\"twitter:data1\" content=\"1 minuto\" \/>\n<script type=\"application\/ld+json\" class=\"yoast-schema-graph\">{\"@context\":\"https:\/\/schema.org\",\"@graph\":[{\"@type\":\"WebPage\",\"@id\":\"https:\/\/dobner.it\/it\/prodotto\/orologio-baume-mercier-classima-cassa-acciaio-cinturino-pelle-alligatore\/\",\"url\":\"https:\/\/dobner.it\/it\/prodotto\/orologio-baume-mercier-classima-cassa-acciaio-cinturino-pelle-alligatore\/\",\"name\":\"Baume & Mercier Classima, Acciaio e Cinturino in Alligatore\",\"isPartOf\":{\"@id\":\"https:\/\/dobner.it\/it\/#website\"},\"primaryImageOfPage\":{\"@id\":\"https:\/\/dobner.it\/it\/prodotto\/orologio-baume-mercier-classima-cassa-acciaio-cinturino-pelle-alligatore\/#primaryimage\"},\"image\":{\"@id\":\"https:\/\/dobner.it\/it\/prodotto\/orologio-baume-mercier-classima-cassa-acciaio-cinturino-pelle-alligatore\/#primaryimage\"},\"thumbnailUrl\":\"https:\/\/dobner.it\/wp-content\/uploads\/2021\/05\/orologio-baume-mercier-classima-con-cassa-in-acciaio-e-cinturino-in-pelle-di-alligatore.jpg\",\"datePublished\":\"2021-05-26T13:33:47+00:00\",\"dateModified\":\"2025-05-08T08:35:04+00:00\",\"description\":\"Orologio da uomo da 42 mm con movimento automatico e doppio fuso orario, con cassa in acciaio, quadrante blu e cinturino nero in pelle di alligatore.\",\"breadcrumb\":{\"@id\":\"https:\/\/dobner.it\/it\/prodotto\/orologio-baume-mercier-classima-cassa-acciaio-cinturino-pelle-alligatore\/#breadcrumb\"},\"inLanguage\":\"it-IT\",\"potentialAction\":[{\"@type\":\"ReadAction\",\"target\":[\"https:\/\/dobner.it\/it\/prodotto\/orologio-baume-mercier-classima-cassa-acciaio-cinturino-pelle-alligatore\/\"]}]},{\"@type\":\"ImageObject\",\"inLanguage\":\"it-IT\",\"@id\":\"https:\/\/dobner.it\/it\/prodotto\/orologio-baume-mercier-classima-cassa-acciaio-cinturino-pelle-alligatore\/#primaryimage\",\"url\":\"https:\/\/dobner.it\/wp-content\/uploads\/2021\/05\/orologio-baume-mercier-classima-con-cassa-in-acciaio-e-cinturino-in-pelle-di-alligatore.jpg\",\"contentUrl\":\"https:\/\/dobner.it\/wp-content\/uploads\/2021\/05\/orologio-baume-mercier-classima-con-cassa-in-acciaio-e-cinturino-in-pelle-di-alligatore.jpg\",\"width\":1024,\"height\":1024},{\"@type\":\"BreadcrumbList\",\"@id\":\"https:\/\/dobner.it\/it\/prodotto\/orologio-baume-mercier-classima-cassa-acciaio-cinturino-pelle-alligatore\/#breadcrumb\",\"itemListElement\":[{\"@type\":\"ListItem\",\"position\":1,\"name\":\"Home\",\"item\":\"https:\/\/dobner.it\/it\/\"},{\"@type\":\"ListItem\",\"position\":2,\"name\":\"Prodotti\",\"item\":\"https:\/\/dobner.it\/it\/prodotti\/\"},{\"@type\":\"ListItem\",\"position\":3,\"name\":\"Orologio Baume &amp; Mercier Classima con Cassa in Acciaio e Cinturino in Pelle di Alligatore\"}]},{\"@type\":\"WebSite\",\"@id\":\"https:\/\/dobner.it\/it\/#website\",\"url\":\"https:\/\/dobner.it\/it\/\",\"name\":\"Dobner\",\"description\":\"\",\"publisher\":{\"@id\":\"https:\/\/dobner.it\/it\/#organization\"},\"potentialAction\":[{\"@type\":\"SearchAction\",\"target\":{\"@type\":\"EntryPoint\",\"urlTemplate\":\"https:\/\/dobner.it\/it\/?s={search_term_string}\"},\"query-input\":{\"@type\":\"PropertyValueSpecification\",\"valueRequired\":true,\"valueName\":\"search_term_string\"}}],\"inLanguage\":\"it-IT\"},{\"@type\":\"Organization\",\"@id\":\"https:\/\/dobner.it\/it\/#organization\",\"name\":\"Dobner\",\"url\":\"https:\/\/dobner.it\/it\/\",\"logo\":{\"@type\":\"ImageObject\",\"inLanguage\":\"it-IT\",\"@id\":\"https:\/\/dobner.it\/it\/#\/schema\/logo\/image\/\",\"url\":\"https:\/\/dobner.it\/wp-content\/uploads\/2020\/10\/logo-email.png\",\"contentUrl\":\"https:\/\/dobner.it\/wp-content\/uploads\/2020\/10\/logo-email.png\",\"width\":188,\"height\":81,\"caption\":\"Dobner\"},\"image\":{\"@id\":\"https:\/\/dobner.it\/it\/#\/schema\/logo\/image\/\"}}]}<\/script>\n<!-- \/ Yoast SEO plugin. -->","yoast_head_json":{"title":"Baume & Mercier Classima, Acciaio e Cinturino in Alligatore","description":"Orologio da uomo da 42 mm con movimento automatico e doppio fuso orario, con cassa in acciaio, quadrante blu e cinturino nero in pelle di alligatore.","robots":{"index":"index","follow":"follow","max-snippet":"max-snippet:-1","max-image-preview":"max-image-preview:large","max-video-preview":"max-video-preview:-1"},"canonical":"https:\/\/dobner.it\/it\/prodotto\/orologio-baume-mercier-classima-cassa-acciaio-cinturino-pelle-alligatore\/","og_locale":"it_IT","og_type":"article","og_title":"Baume & Mercier Classima, Acciaio e Cinturino in Alligatore","og_description":"Orologio da uomo da 42 mm con movimento automatico e doppio fuso orario, con cassa in acciaio, quadrante blu e cinturino nero in pelle di alligatore.","og_url":"https:\/\/dobner.it\/it\/prodotto\/orologio-baume-mercier-classima-cassa-acciaio-cinturino-pelle-alligatore\/","og_site_name":"Dobner","article_modified_time":"2025-05-08T08:35:04+00:00","og_image":[{"width":1024,"height":1024,"url":"https:\/\/dobner.it\/wp-content\/uploads\/2021\/05\/orologio-baume-mercier-classima-con-cassa-in-acciaio-e-cinturino-in-pelle-di-alligatore.jpg","type":"image\/jpeg"}],"twitter_card":"summary_large_image","twitter_misc":{"Tempo di lettura stimato":"1 minuto"},"schema":{"@context":"https:\/\/schema.org","@graph":[{"@type":"WebPage","@id":"https:\/\/dobner.it\/it\/prodotto\/orologio-baume-mercier-classima-cassa-acciaio-cinturino-pelle-alligatore\/","url":"https:\/\/dobner.it\/it\/prodotto\/orologio-baume-mercier-classima-cassa-acciaio-cinturino-pelle-alligatore\/","name":"Baume & Mercier Classima, Acciaio e Cinturino in Alligatore","isPartOf":{"@id":"https:\/\/dobner.it\/it\/#website"},"primaryImageOfPage":{"@id":"https:\/\/dobner.it\/it\/prodotto\/orologio-baume-mercier-classima-cassa-acciaio-cinturino-pelle-alligatore\/#primaryimage"},"image":{"@id":"https:\/\/dobner.it\/it\/prodotto\/orologio-baume-mercier-classima-cassa-acciaio-cinturino-pelle-alligatore\/#primaryimage"},"thumbnailUrl":"https:\/\/dobner.it\/wp-content\/uploads\/2021\/05\/orologio-baume-mercier-classima-con-cassa-in-acciaio-e-cinturino-in-pelle-di-alligatore.jpg","datePublished":"2021-05-26T13:33:47+00:00","dateModified":"2025-05-08T08:35:04+00:00","description":"Orologio da uomo da 42 mm con movimento automatico e doppio fuso orario, con cassa in acciaio, quadrante blu e cinturino nero in pelle di alligatore.","breadcrumb":{"@id":"https:\/\/dobner.it\/it\/prodotto\/orologio-baume-mercier-classima-cassa-acciaio-cinturino-pelle-alligatore\/#breadcrumb"},"inLanguage":"it-IT","potentialAction":[{"@type":"ReadAction","target":["https:\/\/dobner.it\/it\/prodotto\/orologio-baume-mercier-classima-cassa-acciaio-cinturino-pelle-alligatore\/"]}]},{"@type":"ImageObject","inLanguage":"it-IT","@id":"https:\/\/dobner.it\/it\/prodotto\/orologio-baume-mercier-classima-cassa-acciaio-cinturino-pelle-alligatore\/#primaryimage","url":"https:\/\/dobner.it\/wp-content\/uploads\/2021\/05\/orologio-baume-mercier-classima-con-cassa-in-acciaio-e-cinturino-in-pelle-di-alligatore.jpg","contentUrl":"https:\/\/dobner.it\/wp-content\/uploads\/2021\/05\/orologio-baume-mercier-classima-con-cassa-in-acciaio-e-cinturino-in-pelle-di-alligatore.jpg","width":1024,"height":1024},{"@type":"BreadcrumbList","@id":"https:\/\/dobner.it\/it\/prodotto\/orologio-baume-mercier-classima-cassa-acciaio-cinturino-pelle-alligatore\/#breadcrumb","itemListElement":[{"@type":"ListItem","position":1,"name":"Home","item":"https:\/\/dobner.it\/it\/"},{"@type":"ListItem","position":2,"name":"Prodotti","item":"https:\/\/dobner.it\/it\/prodotti\/"},{"@type":"ListItem","position":3,"name":"Orologio Baume &amp; Mercier Classima con Cassa in Acciaio e Cinturino in Pelle di Alligatore"}]},{"@type":"WebSite","@id":"https:\/\/dobner.it\/it\/#website","url":"https:\/\/dobner.it\/it\/","name":"Dobner","description":"","publisher":{"@id":"https:\/\/dobner.it\/it\/#organization"},"potentialAction":[{"@type":"SearchAction","target":{"@type":"EntryPoint","urlTemplate":"https:\/\/dobner.it\/it\/?s={search_term_string}"},"query-input":{"@type":"PropertyValueSpecification","valueRequired":true,"valueName":"search_term_string"}}],"inLanguage":"it-IT"},{"@type":"Organization","@id":"https:\/\/dobner.it\/it\/#organization","name":"Dobner","url":"https:\/\/dobner.it\/it\/","logo":{"@type":"ImageObject","inLanguage":"it-IT","@id":"https:\/\/dobner.it\/it\/#\/schema\/logo\/image\/","url":"https:\/\/dobner.it\/wp-content\/uploads\/2020\/10\/logo-email.png","contentUrl":"https:\/\/dobner.it\/wp-content\/uploads\/2020\/10\/logo-email.png","width":188,"height":81,"caption":"Dobner"},"image":{"@id":"https:\/\/dobner.it\/it\/#\/schema\/logo\/image\/"}}]}},"_links":{"self":[{"href":"https:\/\/dobner.it\/it\/wp-json\/wp\/v2\/product\/13718","targetHints":{"allow":["GET"]}}],"collection":[{"href":"https:\/\/dobner.it\/it\/wp-json\/wp\/v2\/product"}],"about":[{"href":"https:\/\/dobner.it\/it\/wp-json\/wp\/v2\/types\/product"}],"version-history":[{"count":1,"href":"https:\/\/dobner.it\/it\/wp-json\/wp\/v2\/product\/13718\/revisions"}],"predecessor-version":[{"id":83720,"href":"https:\/\/dobner.it\/it\/wp-json\/wp\/v2\/product\/13718\/revisions\/83720"}],"wp:featuredmedia":[{"embeddable":true,"href":"https:\/\/dobner.it\/it\/wp-json\/wp\/v2\/media\/21461"}],"wp:attachment":[{"href":"https:\/\/dobner.it\/it\/wp-json\/wp\/v2\/media?parent=13718"}],"wp:term":[{"taxonomy":"product_brand","embeddable":true,"href":"https:\/\/dobner.it\/it\/wp-json\/wp\/v2\/product_brand?post=13718"},{"taxonomy":"product_cat","embeddable":true,"href":"https:\/\/dobner.it\/it\/wp-json\/wp\/v2\/product_cat?post=13718"},{"taxonomy":"product_tag","embeddable":true,"href":"https:\/\/dobner.it\/it\/wp-json\/wp\/v2\/product_tag?post=13718"}],"curies":[{"name":"wp","href":"https:\/\/api.w.org\/{rel}","templated":true}]}}