{"id":10454,"date":"2021-04-15T18:54:21","date_gmt":"2021-04-15T16:54:21","guid":{"rendered":"https:\/\/dobner.it\/?post_type=product&#038;p=10454"},"modified":"2026-01-15T14:42:57","modified_gmt":"2026-01-15T13:42:57","slug":"anello-chantecler-capriness-smalto-bianco-blu","status":"publish","type":"product","link":"https:\/\/dobner.it\/it\/prodotto\/anello-chantecler-capriness-smalto-bianco-blu\/","title":{"rendered":"Anello Chantecler Capriness con Smalto Bianco e Blu"},"content":{"rendered":"<p><span style=\"font-weight: 400\">La collezione Et Voil\u00e0 Campanelle di Chantecler propone l\u2019icona del marchio in una versione luminosa in argento. Il tintinnio della sua vivace campanella permette di portare sempre con s\u00e9 un po\u2019 di felicit\u00e0.<\/span><\/p>\n<p><span style=\"font-weight: 400\">Questo anello con Campanella Capriness Dolce Vita piccola \u00e8 realizzato in argento ed \u00e8 abbellito da uno smalto bianco e blu.<\/span><\/p>\n<p><span style=\"font-weight: 400\">L\u2019anello pu\u00f2 essere abbinato ai gioielli della collezione Et Voil\u00e0 Campanelle per un tocco ancora pi\u00f9 gioioso.<\/span><\/p>\n<p><span style=\"font-weight: 400\">Argento GR 6,45.<\/span><\/p>\n<p><span style=\"font-weight: 400\">Essendo un prodotto fatto a mano le caratteristiche sopra indicate possono subire leggere variazioni.<\/span><\/p>\n","protected":false},"excerpt":{"rendered":"<p>Anello con <span style=\"font-weight: 400\"> Campanella Capriness Dolce Vita<\/span> piccola della collezione Et Voil\u00e0 Campanelle di Chantecler, in argento. Con smalto <span style=\"font-weight: 400\">bianco e blu.<\/span><\/p>\n","protected":false},"featured_media":29217,"template":"","meta":[],"product_brand":[636],"product_cat":[437],"product_tag":[],"class_list":{"0":"post-10454","1":"product","2":"type-product","3":"status-publish","4":"has-post-thumbnail","6":"product_brand-chantecler","7":"product_cat-anelli","8":"pa_anelli-anelli-pendente","10":"first","11":"instock","12":"taxable","13":"shipping-taxable","14":"product-type-external","swatches":"rey-swatches","show_selected":""},"acf":[],"yoast_head":"<!-- This site is optimized with the Yoast SEO plugin v26.4 - https:\/\/yoast.com\/wordpress\/plugins\/seo\/ -->\n<title>Anello Chantecler Capriness con Smalto Bianco e Blu - Dobner<\/title>\n<meta name=\"description\" content=\"Anello con Campanella Capriness Dolce Vita piccola della collezione Et Voil\u00e0 Campanelle di Chantecler, in argento. Con smalto bianco e blu.\" \/>\n<meta name=\"robots\" content=\"index, follow, max-snippet:-1, max-image-preview:large, max-video-preview:-1\" \/>\n<link rel=\"canonical\" href=\"https:\/\/dobner.it\/it\/prodotto\/anello-chantecler-capriness-smalto-bianco-blu\/\" \/>\n<meta property=\"og:locale\" content=\"it_IT\" \/>\n<meta property=\"og:type\" content=\"article\" \/>\n<meta property=\"og:title\" content=\"Anello Chantecler Capriness con Smalto Bianco e Blu - Dobner\" \/>\n<meta property=\"og:description\" content=\"Anello con Campanella Capriness Dolce Vita piccola della collezione Et Voil\u00e0 Campanelle di Chantecler, in argento. Con smalto bianco e blu.\" \/>\n<meta property=\"og:url\" content=\"https:\/\/dobner.it\/it\/prodotto\/anello-chantecler-capriness-smalto-bianco-blu\/\" \/>\n<meta property=\"og:site_name\" content=\"Dobner\" \/>\n<meta property=\"article:modified_time\" content=\"2026-01-15T13:42:57+00:00\" \/>\n<meta property=\"og:image\" content=\"https:\/\/dobner.it\/wp-content\/uploads\/2021\/04\/anello-chantecler-capriness-con-smalto-bianco-e-blu.jpg\" \/>\n\t<meta property=\"og:image:width\" content=\"1024\" \/>\n\t<meta property=\"og:image:height\" content=\"1024\" \/>\n\t<meta property=\"og:image:type\" content=\"image\/jpeg\" \/>\n<meta name=\"twitter:card\" content=\"summary_large_image\" \/>\n<meta name=\"twitter:label1\" content=\"Tempo di lettura stimato\" \/>\n\t<meta name=\"twitter:data1\" content=\"1 minuto\" \/>\n<script type=\"application\/ld+json\" class=\"yoast-schema-graph\">{\"@context\":\"https:\/\/schema.org\",\"@graph\":[{\"@type\":\"WebPage\",\"@id\":\"https:\/\/dobner.it\/it\/prodotto\/anello-chantecler-capriness-smalto-bianco-blu\/\",\"url\":\"https:\/\/dobner.it\/it\/prodotto\/anello-chantecler-capriness-smalto-bianco-blu\/\",\"name\":\"Anello Chantecler Capriness con Smalto Bianco e Blu - Dobner\",\"isPartOf\":{\"@id\":\"https:\/\/dobner.it\/it\/#website\"},\"primaryImageOfPage\":{\"@id\":\"https:\/\/dobner.it\/it\/prodotto\/anello-chantecler-capriness-smalto-bianco-blu\/#primaryimage\"},\"image\":{\"@id\":\"https:\/\/dobner.it\/it\/prodotto\/anello-chantecler-capriness-smalto-bianco-blu\/#primaryimage\"},\"thumbnailUrl\":\"https:\/\/dobner.it\/wp-content\/uploads\/2021\/04\/anello-chantecler-capriness-con-smalto-bianco-e-blu.jpg\",\"datePublished\":\"2021-04-15T16:54:21+00:00\",\"dateModified\":\"2026-01-15T13:42:57+00:00\",\"description\":\"Anello con Campanella Capriness Dolce Vita piccola della collezione Et Voil\u00e0 Campanelle di Chantecler, in argento. Con smalto bianco e blu.\",\"breadcrumb\":{\"@id\":\"https:\/\/dobner.it\/it\/prodotto\/anello-chantecler-capriness-smalto-bianco-blu\/#breadcrumb\"},\"inLanguage\":\"it-IT\",\"potentialAction\":[{\"@type\":\"ReadAction\",\"target\":[\"https:\/\/dobner.it\/it\/prodotto\/anello-chantecler-capriness-smalto-bianco-blu\/\"]}]},{\"@type\":\"ImageObject\",\"inLanguage\":\"it-IT\",\"@id\":\"https:\/\/dobner.it\/it\/prodotto\/anello-chantecler-capriness-smalto-bianco-blu\/#primaryimage\",\"url\":\"https:\/\/dobner.it\/wp-content\/uploads\/2021\/04\/anello-chantecler-capriness-con-smalto-bianco-e-blu.jpg\",\"contentUrl\":\"https:\/\/dobner.it\/wp-content\/uploads\/2021\/04\/anello-chantecler-capriness-con-smalto-bianco-e-blu.jpg\",\"width\":1024,\"height\":1024},{\"@type\":\"BreadcrumbList\",\"@id\":\"https:\/\/dobner.it\/it\/prodotto\/anello-chantecler-capriness-smalto-bianco-blu\/#breadcrumb\",\"itemListElement\":[{\"@type\":\"ListItem\",\"position\":1,\"name\":\"Home\",\"item\":\"https:\/\/dobner.it\/it\/\"},{\"@type\":\"ListItem\",\"position\":2,\"name\":\"Prodotti\",\"item\":\"https:\/\/dobner.it\/it\/prodotti\/\"},{\"@type\":\"ListItem\",\"position\":3,\"name\":\"Anello Chantecler Capriness con Smalto Bianco e Blu\"}]},{\"@type\":\"WebSite\",\"@id\":\"https:\/\/dobner.it\/it\/#website\",\"url\":\"https:\/\/dobner.it\/it\/\",\"name\":\"Dobner\",\"description\":\"\",\"publisher\":{\"@id\":\"https:\/\/dobner.it\/it\/#organization\"},\"potentialAction\":[{\"@type\":\"SearchAction\",\"target\":{\"@type\":\"EntryPoint\",\"urlTemplate\":\"https:\/\/dobner.it\/it\/?s={search_term_string}\"},\"query-input\":{\"@type\":\"PropertyValueSpecification\",\"valueRequired\":true,\"valueName\":\"search_term_string\"}}],\"inLanguage\":\"it-IT\"},{\"@type\":\"Organization\",\"@id\":\"https:\/\/dobner.it\/it\/#organization\",\"name\":\"Dobner\",\"url\":\"https:\/\/dobner.it\/it\/\",\"logo\":{\"@type\":\"ImageObject\",\"inLanguage\":\"it-IT\",\"@id\":\"https:\/\/dobner.it\/it\/#\/schema\/logo\/image\/\",\"url\":\"https:\/\/dobner.it\/wp-content\/uploads\/2020\/10\/logo-email.png\",\"contentUrl\":\"https:\/\/dobner.it\/wp-content\/uploads\/2020\/10\/logo-email.png\",\"width\":188,\"height\":81,\"caption\":\"Dobner\"},\"image\":{\"@id\":\"https:\/\/dobner.it\/it\/#\/schema\/logo\/image\/\"}}]}<\/script>\n<!-- \/ Yoast SEO plugin. -->","yoast_head_json":{"title":"Anello Chantecler Capriness con Smalto Bianco e Blu - Dobner","description":"Anello con Campanella Capriness Dolce Vita piccola della collezione Et Voil\u00e0 Campanelle di Chantecler, in argento. Con smalto bianco e blu.","robots":{"index":"index","follow":"follow","max-snippet":"max-snippet:-1","max-image-preview":"max-image-preview:large","max-video-preview":"max-video-preview:-1"},"canonical":"https:\/\/dobner.it\/it\/prodotto\/anello-chantecler-capriness-smalto-bianco-blu\/","og_locale":"it_IT","og_type":"article","og_title":"Anello Chantecler Capriness con Smalto Bianco e Blu - Dobner","og_description":"Anello con Campanella Capriness Dolce Vita piccola della collezione Et Voil\u00e0 Campanelle di Chantecler, in argento. Con smalto bianco e blu.","og_url":"https:\/\/dobner.it\/it\/prodotto\/anello-chantecler-capriness-smalto-bianco-blu\/","og_site_name":"Dobner","article_modified_time":"2026-01-15T13:42:57+00:00","og_image":[{"width":1024,"height":1024,"url":"https:\/\/dobner.it\/wp-content\/uploads\/2021\/04\/anello-chantecler-capriness-con-smalto-bianco-e-blu.jpg","type":"image\/jpeg"}],"twitter_card":"summary_large_image","twitter_misc":{"Tempo di lettura stimato":"1 minuto"},"schema":{"@context":"https:\/\/schema.org","@graph":[{"@type":"WebPage","@id":"https:\/\/dobner.it\/it\/prodotto\/anello-chantecler-capriness-smalto-bianco-blu\/","url":"https:\/\/dobner.it\/it\/prodotto\/anello-chantecler-capriness-smalto-bianco-blu\/","name":"Anello Chantecler Capriness con Smalto Bianco e Blu - Dobner","isPartOf":{"@id":"https:\/\/dobner.it\/it\/#website"},"primaryImageOfPage":{"@id":"https:\/\/dobner.it\/it\/prodotto\/anello-chantecler-capriness-smalto-bianco-blu\/#primaryimage"},"image":{"@id":"https:\/\/dobner.it\/it\/prodotto\/anello-chantecler-capriness-smalto-bianco-blu\/#primaryimage"},"thumbnailUrl":"https:\/\/dobner.it\/wp-content\/uploads\/2021\/04\/anello-chantecler-capriness-con-smalto-bianco-e-blu.jpg","datePublished":"2021-04-15T16:54:21+00:00","dateModified":"2026-01-15T13:42:57+00:00","description":"Anello con Campanella Capriness Dolce Vita piccola della collezione Et Voil\u00e0 Campanelle di Chantecler, in argento. Con smalto bianco e blu.","breadcrumb":{"@id":"https:\/\/dobner.it\/it\/prodotto\/anello-chantecler-capriness-smalto-bianco-blu\/#breadcrumb"},"inLanguage":"it-IT","potentialAction":[{"@type":"ReadAction","target":["https:\/\/dobner.it\/it\/prodotto\/anello-chantecler-capriness-smalto-bianco-blu\/"]}]},{"@type":"ImageObject","inLanguage":"it-IT","@id":"https:\/\/dobner.it\/it\/prodotto\/anello-chantecler-capriness-smalto-bianco-blu\/#primaryimage","url":"https:\/\/dobner.it\/wp-content\/uploads\/2021\/04\/anello-chantecler-capriness-con-smalto-bianco-e-blu.jpg","contentUrl":"https:\/\/dobner.it\/wp-content\/uploads\/2021\/04\/anello-chantecler-capriness-con-smalto-bianco-e-blu.jpg","width":1024,"height":1024},{"@type":"BreadcrumbList","@id":"https:\/\/dobner.it\/it\/prodotto\/anello-chantecler-capriness-smalto-bianco-blu\/#breadcrumb","itemListElement":[{"@type":"ListItem","position":1,"name":"Home","item":"https:\/\/dobner.it\/it\/"},{"@type":"ListItem","position":2,"name":"Prodotti","item":"https:\/\/dobner.it\/it\/prodotti\/"},{"@type":"ListItem","position":3,"name":"Anello Chantecler Capriness con Smalto Bianco e Blu"}]},{"@type":"WebSite","@id":"https:\/\/dobner.it\/it\/#website","url":"https:\/\/dobner.it\/it\/","name":"Dobner","description":"","publisher":{"@id":"https:\/\/dobner.it\/it\/#organization"},"potentialAction":[{"@type":"SearchAction","target":{"@type":"EntryPoint","urlTemplate":"https:\/\/dobner.it\/it\/?s={search_term_string}"},"query-input":{"@type":"PropertyValueSpecification","valueRequired":true,"valueName":"search_term_string"}}],"inLanguage":"it-IT"},{"@type":"Organization","@id":"https:\/\/dobner.it\/it\/#organization","name":"Dobner","url":"https:\/\/dobner.it\/it\/","logo":{"@type":"ImageObject","inLanguage":"it-IT","@id":"https:\/\/dobner.it\/it\/#\/schema\/logo\/image\/","url":"https:\/\/dobner.it\/wp-content\/uploads\/2020\/10\/logo-email.png","contentUrl":"https:\/\/dobner.it\/wp-content\/uploads\/2020\/10\/logo-email.png","width":188,"height":81,"caption":"Dobner"},"image":{"@id":"https:\/\/dobner.it\/it\/#\/schema\/logo\/image\/"}}]}},"_links":{"self":[{"href":"https:\/\/dobner.it\/it\/wp-json\/wp\/v2\/product\/10454","targetHints":{"allow":["GET"]}}],"collection":[{"href":"https:\/\/dobner.it\/it\/wp-json\/wp\/v2\/product"}],"about":[{"href":"https:\/\/dobner.it\/it\/wp-json\/wp\/v2\/types\/product"}],"version-history":[{"count":1,"href":"https:\/\/dobner.it\/it\/wp-json\/wp\/v2\/product\/10454\/revisions"}],"predecessor-version":[{"id":82594,"href":"https:\/\/dobner.it\/it\/wp-json\/wp\/v2\/product\/10454\/revisions\/82594"}],"wp:featuredmedia":[{"embeddable":true,"href":"https:\/\/dobner.it\/it\/wp-json\/wp\/v2\/media\/29217"}],"wp:attachment":[{"href":"https:\/\/dobner.it\/it\/wp-json\/wp\/v2\/media?parent=10454"}],"wp:term":[{"taxonomy":"product_brand","embeddable":true,"href":"https:\/\/dobner.it\/it\/wp-json\/wp\/v2\/product_brand?post=10454"},{"taxonomy":"product_cat","embeddable":true,"href":"https:\/\/dobner.it\/it\/wp-json\/wp\/v2\/product_cat?post=10454"},{"taxonomy":"product_tag","embeddable":true,"href":"https:\/\/dobner.it\/it\/wp-json\/wp\/v2\/product_tag?post=10454"}],"curies":[{"name":"wp","href":"https:\/\/api.w.org\/{rel}","templated":true}]}}