{"id":10255,"date":"2021-04-15T17:31:36","date_gmt":"2021-04-15T15:31:36","guid":{"rendered":"https:\/\/dobner.it\/?post_type=product&#038;p=10255"},"modified":"2026-01-15T14:42:58","modified_gmt":"2026-01-15T13:42:58","slug":"anello-chantecler-et-voila-campanella-smalto-bianco","status":"publish","type":"product","link":"https:\/\/dobner.it\/it\/prodotto\/anello-chantecler-et-voila-campanella-smalto-bianco\/","title":{"rendered":"Anello Chantecler Et Voil\u00e0 Campanella con Smalto Bianco"},"content":{"rendered":"<p><span style=\"font-weight: 400\">La collezione Et Voil\u00e0 Campanelle di Chantecler propone l\u2019icona del marchio in una versione luminosa in argento. Il tintinnio della sua vivace campanella permette di portare sempre con s\u00e9 un po\u2019 di felicit\u00e0.<\/span><\/p>\n<p><span style=\"font-weight: 400\">Questo anello a fedina con Campanella piccola double face \u00e8 realizzato in argento ed \u00e8 abbellito da uno smalto bianco perlato con faraglioni sul retro.<\/span><\/p>\n<p><span style=\"font-weight: 400\">L\u2019anello pu\u00f2 essere abbinato ai gioielli della collezione Et Voil\u00e0 Campanelle per un tocco ancora pi\u00f9 gioioso.<\/span><\/p>\n<p><span style=\"font-weight: 400\">Argento GR 6,50.<\/span><\/p>\n<p><span style=\"font-weight: 400\">Essendo un prodotto fatto a mano le caratteristiche sopra indicate possono subire leggere variazioni.<\/span><\/p>\n","protected":false},"excerpt":{"rendered":"<p>Anello con Campanella piccola della collezione Et Voil\u00e0 Campanelle di Chantecler in argento. Con smalto bianco perlato con faraglioni sul retro.<\/p>\n","protected":false},"featured_media":29280,"template":"","meta":[],"product_brand":[636],"product_cat":[437],"product_tag":[],"class_list":{"0":"post-10255","1":"product","2":"type-product","3":"status-publish","4":"has-post-thumbnail","6":"product_brand-chantecler","7":"product_cat-anelli","8":"pa_anelli-anelli-pendente","10":"first","11":"instock","12":"taxable","13":"shipping-taxable","14":"product-type-external","swatches":"rey-swatches","show_selected":""},"acf":[],"yoast_head":"<!-- This site is optimized with the Yoast SEO plugin v26.4 - https:\/\/yoast.com\/wordpress\/plugins\/seo\/ -->\n<title>Anello Chantecler Et Voil\u00e0 Campanella con Smalto Bianco<\/title>\n<meta name=\"description\" content=\"Anello con Campanella piccola della collezione Et Voil\u00e0 Campanelle di Chantecler in argento. Con smalto bianco perlato con faraglioni sul retro.\" \/>\n<meta name=\"robots\" content=\"index, follow, max-snippet:-1, max-image-preview:large, max-video-preview:-1\" \/>\n<link rel=\"canonical\" href=\"https:\/\/dobner.it\/it\/prodotto\/anello-chantecler-et-voila-campanella-smalto-bianco\/\" \/>\n<meta property=\"og:locale\" content=\"it_IT\" \/>\n<meta property=\"og:type\" content=\"article\" \/>\n<meta property=\"og:title\" content=\"Anello Chantecler Et Voil\u00e0 Campanella con Smalto Bianco\" \/>\n<meta property=\"og:description\" content=\"Anello con Campanella piccola della collezione Et Voil\u00e0 Campanelle di Chantecler in argento. Con smalto bianco perlato con faraglioni sul retro.\" \/>\n<meta property=\"og:url\" content=\"https:\/\/dobner.it\/it\/prodotto\/anello-chantecler-et-voila-campanella-smalto-bianco\/\" \/>\n<meta property=\"og:site_name\" content=\"Dobner\" \/>\n<meta property=\"article:modified_time\" content=\"2026-01-15T13:42:58+00:00\" \/>\n<meta property=\"og:image\" content=\"https:\/\/dobner.it\/wp-content\/uploads\/2021\/04\/anello-chantecler-et-voila-campanella-con-smalto-bianco.jpg\" \/>\n\t<meta property=\"og:image:width\" content=\"1024\" \/>\n\t<meta property=\"og:image:height\" content=\"1024\" \/>\n\t<meta property=\"og:image:type\" content=\"image\/jpeg\" \/>\n<meta name=\"twitter:card\" content=\"summary_large_image\" \/>\n<meta name=\"twitter:label1\" content=\"Tempo di lettura stimato\" \/>\n\t<meta name=\"twitter:data1\" content=\"1 minuto\" \/>\n<script type=\"application\/ld+json\" class=\"yoast-schema-graph\">{\"@context\":\"https:\/\/schema.org\",\"@graph\":[{\"@type\":\"WebPage\",\"@id\":\"https:\/\/dobner.it\/it\/prodotto\/anello-chantecler-et-voila-campanella-smalto-bianco\/\",\"url\":\"https:\/\/dobner.it\/it\/prodotto\/anello-chantecler-et-voila-campanella-smalto-bianco\/\",\"name\":\"Anello Chantecler Et Voil\u00e0 Campanella con Smalto Bianco\",\"isPartOf\":{\"@id\":\"https:\/\/dobner.it\/it\/#website\"},\"primaryImageOfPage\":{\"@id\":\"https:\/\/dobner.it\/it\/prodotto\/anello-chantecler-et-voila-campanella-smalto-bianco\/#primaryimage\"},\"image\":{\"@id\":\"https:\/\/dobner.it\/it\/prodotto\/anello-chantecler-et-voila-campanella-smalto-bianco\/#primaryimage\"},\"thumbnailUrl\":\"https:\/\/dobner.it\/wp-content\/uploads\/2021\/04\/anello-chantecler-et-voila-campanella-con-smalto-bianco.jpg\",\"datePublished\":\"2021-04-15T15:31:36+00:00\",\"dateModified\":\"2026-01-15T13:42:58+00:00\",\"description\":\"Anello con Campanella piccola della collezione Et Voil\u00e0 Campanelle di Chantecler in argento. Con smalto bianco perlato con faraglioni sul retro.\",\"breadcrumb\":{\"@id\":\"https:\/\/dobner.it\/it\/prodotto\/anello-chantecler-et-voila-campanella-smalto-bianco\/#breadcrumb\"},\"inLanguage\":\"it-IT\",\"potentialAction\":[{\"@type\":\"ReadAction\",\"target\":[\"https:\/\/dobner.it\/it\/prodotto\/anello-chantecler-et-voila-campanella-smalto-bianco\/\"]}]},{\"@type\":\"ImageObject\",\"inLanguage\":\"it-IT\",\"@id\":\"https:\/\/dobner.it\/it\/prodotto\/anello-chantecler-et-voila-campanella-smalto-bianco\/#primaryimage\",\"url\":\"https:\/\/dobner.it\/wp-content\/uploads\/2021\/04\/anello-chantecler-et-voila-campanella-con-smalto-bianco.jpg\",\"contentUrl\":\"https:\/\/dobner.it\/wp-content\/uploads\/2021\/04\/anello-chantecler-et-voila-campanella-con-smalto-bianco.jpg\",\"width\":1024,\"height\":1024},{\"@type\":\"BreadcrumbList\",\"@id\":\"https:\/\/dobner.it\/it\/prodotto\/anello-chantecler-et-voila-campanella-smalto-bianco\/#breadcrumb\",\"itemListElement\":[{\"@type\":\"ListItem\",\"position\":1,\"name\":\"Home\",\"item\":\"https:\/\/dobner.it\/it\/\"},{\"@type\":\"ListItem\",\"position\":2,\"name\":\"Prodotti\",\"item\":\"https:\/\/dobner.it\/it\/prodotti\/\"},{\"@type\":\"ListItem\",\"position\":3,\"name\":\"Anello Chantecler Et Voil\u00e0 Campanella con Smalto Bianco\"}]},{\"@type\":\"WebSite\",\"@id\":\"https:\/\/dobner.it\/it\/#website\",\"url\":\"https:\/\/dobner.it\/it\/\",\"name\":\"Dobner\",\"description\":\"\",\"publisher\":{\"@id\":\"https:\/\/dobner.it\/it\/#organization\"},\"potentialAction\":[{\"@type\":\"SearchAction\",\"target\":{\"@type\":\"EntryPoint\",\"urlTemplate\":\"https:\/\/dobner.it\/it\/?s={search_term_string}\"},\"query-input\":{\"@type\":\"PropertyValueSpecification\",\"valueRequired\":true,\"valueName\":\"search_term_string\"}}],\"inLanguage\":\"it-IT\"},{\"@type\":\"Organization\",\"@id\":\"https:\/\/dobner.it\/it\/#organization\",\"name\":\"Dobner\",\"url\":\"https:\/\/dobner.it\/it\/\",\"logo\":{\"@type\":\"ImageObject\",\"inLanguage\":\"it-IT\",\"@id\":\"https:\/\/dobner.it\/it\/#\/schema\/logo\/image\/\",\"url\":\"https:\/\/dobner.it\/wp-content\/uploads\/2020\/10\/logo-email.png\",\"contentUrl\":\"https:\/\/dobner.it\/wp-content\/uploads\/2020\/10\/logo-email.png\",\"width\":188,\"height\":81,\"caption\":\"Dobner\"},\"image\":{\"@id\":\"https:\/\/dobner.it\/it\/#\/schema\/logo\/image\/\"}}]}<\/script>\n<!-- \/ Yoast SEO plugin. -->","yoast_head_json":{"title":"Anello Chantecler Et Voil\u00e0 Campanella con Smalto Bianco","description":"Anello con Campanella piccola della collezione Et Voil\u00e0 Campanelle di Chantecler in argento. Con smalto bianco perlato con faraglioni sul retro.","robots":{"index":"index","follow":"follow","max-snippet":"max-snippet:-1","max-image-preview":"max-image-preview:large","max-video-preview":"max-video-preview:-1"},"canonical":"https:\/\/dobner.it\/it\/prodotto\/anello-chantecler-et-voila-campanella-smalto-bianco\/","og_locale":"it_IT","og_type":"article","og_title":"Anello Chantecler Et Voil\u00e0 Campanella con Smalto Bianco","og_description":"Anello con Campanella piccola della collezione Et Voil\u00e0 Campanelle di Chantecler in argento. Con smalto bianco perlato con faraglioni sul retro.","og_url":"https:\/\/dobner.it\/it\/prodotto\/anello-chantecler-et-voila-campanella-smalto-bianco\/","og_site_name":"Dobner","article_modified_time":"2026-01-15T13:42:58+00:00","og_image":[{"width":1024,"height":1024,"url":"https:\/\/dobner.it\/wp-content\/uploads\/2021\/04\/anello-chantecler-et-voila-campanella-con-smalto-bianco.jpg","type":"image\/jpeg"}],"twitter_card":"summary_large_image","twitter_misc":{"Tempo di lettura stimato":"1 minuto"},"schema":{"@context":"https:\/\/schema.org","@graph":[{"@type":"WebPage","@id":"https:\/\/dobner.it\/it\/prodotto\/anello-chantecler-et-voila-campanella-smalto-bianco\/","url":"https:\/\/dobner.it\/it\/prodotto\/anello-chantecler-et-voila-campanella-smalto-bianco\/","name":"Anello Chantecler Et Voil\u00e0 Campanella con Smalto Bianco","isPartOf":{"@id":"https:\/\/dobner.it\/it\/#website"},"primaryImageOfPage":{"@id":"https:\/\/dobner.it\/it\/prodotto\/anello-chantecler-et-voila-campanella-smalto-bianco\/#primaryimage"},"image":{"@id":"https:\/\/dobner.it\/it\/prodotto\/anello-chantecler-et-voila-campanella-smalto-bianco\/#primaryimage"},"thumbnailUrl":"https:\/\/dobner.it\/wp-content\/uploads\/2021\/04\/anello-chantecler-et-voila-campanella-con-smalto-bianco.jpg","datePublished":"2021-04-15T15:31:36+00:00","dateModified":"2026-01-15T13:42:58+00:00","description":"Anello con Campanella piccola della collezione Et Voil\u00e0 Campanelle di Chantecler in argento. Con smalto bianco perlato con faraglioni sul retro.","breadcrumb":{"@id":"https:\/\/dobner.it\/it\/prodotto\/anello-chantecler-et-voila-campanella-smalto-bianco\/#breadcrumb"},"inLanguage":"it-IT","potentialAction":[{"@type":"ReadAction","target":["https:\/\/dobner.it\/it\/prodotto\/anello-chantecler-et-voila-campanella-smalto-bianco\/"]}]},{"@type":"ImageObject","inLanguage":"it-IT","@id":"https:\/\/dobner.it\/it\/prodotto\/anello-chantecler-et-voila-campanella-smalto-bianco\/#primaryimage","url":"https:\/\/dobner.it\/wp-content\/uploads\/2021\/04\/anello-chantecler-et-voila-campanella-con-smalto-bianco.jpg","contentUrl":"https:\/\/dobner.it\/wp-content\/uploads\/2021\/04\/anello-chantecler-et-voila-campanella-con-smalto-bianco.jpg","width":1024,"height":1024},{"@type":"BreadcrumbList","@id":"https:\/\/dobner.it\/it\/prodotto\/anello-chantecler-et-voila-campanella-smalto-bianco\/#breadcrumb","itemListElement":[{"@type":"ListItem","position":1,"name":"Home","item":"https:\/\/dobner.it\/it\/"},{"@type":"ListItem","position":2,"name":"Prodotti","item":"https:\/\/dobner.it\/it\/prodotti\/"},{"@type":"ListItem","position":3,"name":"Anello Chantecler Et Voil\u00e0 Campanella con Smalto Bianco"}]},{"@type":"WebSite","@id":"https:\/\/dobner.it\/it\/#website","url":"https:\/\/dobner.it\/it\/","name":"Dobner","description":"","publisher":{"@id":"https:\/\/dobner.it\/it\/#organization"},"potentialAction":[{"@type":"SearchAction","target":{"@type":"EntryPoint","urlTemplate":"https:\/\/dobner.it\/it\/?s={search_term_string}"},"query-input":{"@type":"PropertyValueSpecification","valueRequired":true,"valueName":"search_term_string"}}],"inLanguage":"it-IT"},{"@type":"Organization","@id":"https:\/\/dobner.it\/it\/#organization","name":"Dobner","url":"https:\/\/dobner.it\/it\/","logo":{"@type":"ImageObject","inLanguage":"it-IT","@id":"https:\/\/dobner.it\/it\/#\/schema\/logo\/image\/","url":"https:\/\/dobner.it\/wp-content\/uploads\/2020\/10\/logo-email.png","contentUrl":"https:\/\/dobner.it\/wp-content\/uploads\/2020\/10\/logo-email.png","width":188,"height":81,"caption":"Dobner"},"image":{"@id":"https:\/\/dobner.it\/it\/#\/schema\/logo\/image\/"}}]}},"_links":{"self":[{"href":"https:\/\/dobner.it\/it\/wp-json\/wp\/v2\/product\/10255","targetHints":{"allow":["GET"]}}],"collection":[{"href":"https:\/\/dobner.it\/it\/wp-json\/wp\/v2\/product"}],"about":[{"href":"https:\/\/dobner.it\/it\/wp-json\/wp\/v2\/types\/product"}],"version-history":[{"count":3,"href":"https:\/\/dobner.it\/it\/wp-json\/wp\/v2\/product\/10255\/revisions"}],"predecessor-version":[{"id":86540,"href":"https:\/\/dobner.it\/it\/wp-json\/wp\/v2\/product\/10255\/revisions\/86540"}],"wp:featuredmedia":[{"embeddable":true,"href":"https:\/\/dobner.it\/it\/wp-json\/wp\/v2\/media\/29280"}],"wp:attachment":[{"href":"https:\/\/dobner.it\/it\/wp-json\/wp\/v2\/media?parent=10255"}],"wp:term":[{"taxonomy":"product_brand","embeddable":true,"href":"https:\/\/dobner.it\/it\/wp-json\/wp\/v2\/product_brand?post=10255"},{"taxonomy":"product_cat","embeddable":true,"href":"https:\/\/dobner.it\/it\/wp-json\/wp\/v2\/product_cat?post=10255"},{"taxonomy":"product_tag","embeddable":true,"href":"https:\/\/dobner.it\/it\/wp-json\/wp\/v2\/product_tag?post=10255"}],"curies":[{"name":"wp","href":"https:\/\/api.w.org\/{rel}","templated":true}]}}