{"id":9986,"date":"2021-04-13T18:04:39","date_gmt":"2021-04-13T16:04:39","guid":{"rendered":"https:\/\/dobner.it\/?page_id=9986"},"modified":"2025-04-23T16:19:09","modified_gmt":"2025-04-23T14:19:09","slug":"pagamenti-sicuri","status":"publish","type":"page","link":"https:\/\/dobner.it\/it\/pagamenti-sicuri\/","title":{"rendered":"Pagamenti sicuri"},"content":{"rendered":"\t\t<div data-elementor-type=\"wp-page\" data-elementor-id=\"9986\" class=\"elementor elementor-9986\">\n\t\t\t\t\t\t\t\t\t<section class=\"elementor-section elementor-top-section elementor-element elementor-element-241e9876 elementor-section-boxed elementor-section-height-default elementor-section-height-default\" data-id=\"241e9876\" data-element_type=\"section\">\n\t\t\t\t\t\t<div class=\"elementor-container elementor-column-gap-default\">\n\t\t\t\t\t<div class=\"elementor-column elementor-col-100 elementor-top-column elementor-element elementor-element-7278f11a\" data-id=\"7278f11a\" data-element_type=\"column\">\n\t\t\t<div class=\"elementor-column-wrap--7278f11a elementor-widget-wrap elementor-element-populated\">\n\t\t\t\t\t\t\t\t<div class=\"elementor-element elementor-element-2512d525 elementor-widget elementor-widget-text-editor\" data-id=\"2512d525\" data-element_type=\"widget\" data-widget_type=\"text-editor.default\">\n\t\t\t\t<div class=\"elementor-widget-container\">\n\t\t\t\t\t\t\t<h2>Modalit\u00e0 d&#8217;acquisto<\/h2><p>Se si desidera effettuare ordini sul Sito internet, l\u2019ordine effettuato sar\u00e0 gestito come di seguito indicato: una volta scelto un prodotto, \u00e8 possibile aggiungerlo al carrello. Sar\u00e0 quindi possibile procedere all\u2019acquisto di ulteriori prodotti e aggiungerli al carrello (a seconda della disponibilit\u00e0 e dei limiti di quantit\u00e0) o procedere a \u201cOrdinare\u201d. Sar\u00e0 inoltre possibile eliminare uno o pi\u00f9 prodotti presenti nel carrello.<br \/>In caso di ordine dal sito internet, sar\u00e0 chiesto di fornire altre informazioni personali, tra cui l\u2019indirizzo di spedizione, l\u2019indirizzo di fatturazione e i dettagli di pagamento.<\/p><p>Il Cliente garantisce che tutte le informazioni personali fornite a Dobner S.r.l. sono veritiere e corrette. Per ragioni di sicurezza e per prevenire eventuali frodi, Dobner S.r.l., ovvero i suoi fornitori esterni, possono raccogliere ulteriori informazioni. Consultare la nostra <a href=\"https:\/\/dobner.it\/it\/privacy-policy\/\">Politica di riservatezza<\/a> per ulteriori informazioni su come Dobner S.r.l. utilizza, e per quanto tempo conserva, le informazioni personali fornite.<\/p><h2>Pagamenti<\/h2><h3>Pagamento tramite carda di credito o debito<\/h3><p>Il pagamento pu\u00f2 essere effettuato mediante carta di credito o di debito, seguendo le indicazioni presenti sul Sito internet.<br \/>All\u2019atto di un ordine effettuato sul sito internet, il Cliente deve inserire i propri dettagli di pagamento sulla rispettiva pagina. Si invita a consultare la nostra <a href=\"https:\/\/dobner.it\/it\/privacy-policy\/\">Politica di Riservatezza<\/a> per ulteriori dettagli su come Dobner S.r.l. utilizza, e per quanto tempo, le informazioni personali.<br \/>I titolari di carta di credito\/debito sono soggetti a verifiche di convalida ed autorizzazione dall\u2019emittente della carta. Se l\u2019emittente della carta di pagamento nega l\u2019autorizzazione al pagamento dovuto a Dobner S.r.l., sar\u00e0 cura del Cliente contattare l\u2019emittente per risolvere il problema. Dobner S.r.l. non sar\u00e0 responsabile di qualsiasi ritardo o mancata consegna.<br \/>Per la gestione degli ordini, Dobner S.r.l. pu\u00f2 preautorizzare la carta usata per il pagamento. L\u2019importo del vostro acquisto sar\u00e0 bloccato sulla carta fino alla spedizione dei beni all\u2019indirizzo di spedizione fornito a Dobner S.r.l.. Successivamente, sar\u00e0 inviata Conferma di ordine e sulla carta sar\u00e0 addebitato il relativo importo da pagare. Con l\u2019offerta di acquisto di prodotti Dobner S.r.l. e dei marchi da esso rappresentati sul sito internet, si autorizza espressamente Dobner S.r.l. ad effettuare la pre-autorizzazione e, a discrezione di Dobner S.r.l., a trasmettere a parti terze o richiedere a parti terze informazioni (ivi comprese tutte le informazioni aggiornate) sul Cliente, ivi compreso, tuttavia senza limitazione, il numero di carta, per autenticare la vostra identit\u00e0, per convalidare la vostra carta, per ottenere un\u2019autorizzazione di carta iniziale ed autorizzare le transazioni di acquisto individuali. Consultare la nostra <a href=\"https:\/\/dobner.it\/it\/privacy-policy\/\">Politica di Riservatezza<\/a> per ulteriori informazioni su come Dobner S.r.l. utilizza, e per quanto tempo conserva, le vostre informazioni personali.<br \/>Ai sensi del presente contratto, i servizi delle procedure di pagamento per le merci e\/o i prodotti acquistati sul presente Sito internet tramite carta di credito o di debito sono forniti da Dobner S.r.l., a seconda del tipo di metodo di pagamento utilizzato per l\u2019acquisto delle merci e\/o dei servizi.<\/p><h3>Pagamento con bonifico bancario<\/h3><p>Gli ordini effettuati sul Sito internet possono essere pagati con bonifico bancario. Indicare sempre il numero di riferimento dell\u2019ordine nel modulo di bonifico bancario.<br \/>Dopo aver effettuato l\u2019ordine e selezionato il trasferimento bancario quale metodo di pagamento, Dobner S.r.l.attender\u00e0 la ricezione del pagamento prima di procedere all\u2019evasione dell\u2019ordine. Se la somma da corrispondere non \u00e8 accreditata sul nostro conto bancario entro i sette (7) giorni lavorativi seguenti l\u2019effettuazione dell\u2019ordine, l\u2018ordine sar\u00e0 cancellato.<br \/>Dobner S.r.l. non addebiter\u00e0 alcuna commissione per i pagamenti effettuati con bonifico bancario. Si prega di assicurarsi che Dobner S.r.l. riceva l\u2019intera somma da pagare precisata nella Ricezione Ordine prima di evadere l\u2019ordine effettuato. Si ricorda che alcune istituzioni finanziarie possono addebitare commissioni per l\u2019effettuazione di bonifici bancari.<\/p><h2>Sicurezza<\/h2><p>Dobner S.r.l. prende precauzioni, ivi compresi provvedimenti amministrativi, tecnici e fisici, per la salvaguardia delle informazioni personali contro la perdita, il furto, l\u2019abuso e contro gli accessi non autorizzati, la divulgazione, l\u2019alterazione e la distruzione. Dobner S.r.l. utilizza il sistema di crittografia <strong>Secure Sockets Layer (SSL)<\/strong> per tutte le pagine internet in cui sia richiesto l\u2019inserimento di informazioni personali.<br \/>Dobner S.r.l. si impegna alla protezione delle informazioni personali del Cliente per l\u2019intero processo di vendita in linea. Non \u00e8 tuttavia possibile garantire la sicurezza e l\u2019integrit\u00e0 dei dati trasmessi al sito internet e dunque Dobner S.r.l. non pu\u00f2 ritenersi responsabile di danni o perdite derivanti dall\u2019uso della rete internet, come nel caso di hacking (illecita intrusione a sistemi informatici). Per ulteriori informazioni su come Dobner S.r.l. utilizza e protegge le informazioni dei Clienti, consultare la nostra <a href=\"https:\/\/dobner.it\/it\/privacy-policy\/\">Politica di Riservatezza<\/a>.<br \/>Per rendere sicure le transazioni e prevenire le frodi, Dobner S.r.l. effettuer\u00e0 una verifica di carta di credito e anti-frode. All\u2019effettuazione dell\u2019ordine, si riterr\u00e0 che il Cliente abbia autorizzato Dobner S.r.l. ad effettuare queste verifiche e, ove Dobner S.r.l. lo ritenga necessario, a trasmettere o ottenere informazioni personali che il Cliente ha fornito a Dobner S.r.l. per autenticare la vostra identit\u00e0, per convalidare la vostra carta di credito, per ottenere la pre-autorizzazione della carta di credito e per autorizzare una specifica transazione di acquisto.<\/p><h2>Disponibilit\u00e0 dei prodotti<\/h2><p>Tutti gli ordini stipulati mediante il sito internet sono soggetti alla relativa disponibilit\u00e0 ed all\u2019accettazione da Dobner S.r.l..<br \/>Dobner S.r.l. si riserva il diritto di modificare la gamma di articoli proposti sul sito e pu\u00f2 limitare, di volta in volta, la quantit\u00e0 di prodotti Dobner S.r.l. che il Cliente pu\u00f2 ordinare per ciascuna sessione di acquisto.<br \/>Le pagine relative al prodotto sul sito internet forniscono tutte le informazioni relative ai prodotti attualmente in vendita attraverso questo canale. Attenzione: solo le creazioni che presentano il pulsante \u201cAggiungere al carrello\u201d sono disponibili per la vendita attraverso il sito internet. Potrete anche contattare Dobner S.r.l. che vi fornir\u00e0 ulteriori informazioni sulla disponibilit\u00e0 dei prodotti e vi assister\u00e0 nell\u2019acquisto.<\/p>\t\t\t\t\t\t<\/div>\n\t\t\t\t<\/div>\n\t\t\t\t\t<\/div>\n\t\t<\/div>\n\t\t\t\t\t\t\t<\/div>\n\t\t<\/section>\n\t\t\t\t\t\t\t<\/div>\n\t\t","protected":false},"excerpt":{"rendered":"<p>Modalit\u00e0 d&#8217;acquisto Se si desidera effettuare ordini sul Sito internet, l\u2019ordine effettuato sar\u00e0 gestito come di seguito indicato: una volta scelto un prodotto, \u00e8 possibile aggiungerlo al carrello. Sar\u00e0 quindi possibile procedere all\u2019acquisto di ulteriori prodotti e aggiungerli al carrello (a seconda della disponibilit\u00e0 e dei limiti di quantit\u00e0) o procedere a \u201cOrdinare\u201d. Sar\u00e0 inoltre [&hellip;]<\/p>\n","protected":false},"author":1,"featured_media":0,"parent":0,"menu_order":0,"comment_status":"closed","ping_status":"closed","template":"template-compact.php","meta":{"footnotes":""},"class_list":["post-9986","page","type-page","status-publish","hentry"],"acf":[],"yoast_head":"<!-- This site is optimized with the Yoast SEO plugin v26.4 - https:\/\/yoast.com\/wordpress\/plugins\/seo\/ -->\n<title>Pagamenti sicuri - Dobner<\/title>\n<meta name=\"description\" content=\"Acquista in tutta sicurezza su Dobner: pagamenti protetti, transazioni affidabili e massima riservatezza per uno shopping senza pensieri.\" \/>\n<meta name=\"robots\" content=\"index, follow, max-snippet:-1, max-image-preview:large, max-video-preview:-1\" \/>\n<link rel=\"canonical\" href=\"https:\/\/dobner.it\/it\/pagamenti-sicuri\/\" \/>\n<meta property=\"og:locale\" content=\"it_IT\" \/>\n<meta property=\"og:type\" content=\"article\" \/>\n<meta property=\"og:title\" content=\"Pagamenti sicuri - Dobner\" \/>\n<meta property=\"og:description\" content=\"Acquista in tutta sicurezza su Dobner: pagamenti protetti, transazioni affidabili e massima riservatezza per uno shopping senza pensieri.\" \/>\n<meta property=\"og:url\" content=\"https:\/\/dobner.it\/it\/pagamenti-sicuri\/\" \/>\n<meta property=\"og:site_name\" content=\"Dobner\" \/>\n<meta property=\"article:modified_time\" content=\"2025-04-23T14:19:09+00:00\" \/>\n<meta name=\"twitter:card\" content=\"summary_large_image\" \/>\n<meta name=\"twitter:label1\" content=\"Tempo di lettura stimato\" \/>\n\t<meta name=\"twitter:data1\" content=\"5 minuti\" \/>\n<script type=\"application\/ld+json\" class=\"yoast-schema-graph\">{\"@context\":\"https:\/\/schema.org\",\"@graph\":[{\"@type\":\"WebPage\",\"@id\":\"https:\/\/dobner.it\/it\/pagamenti-sicuri\/\",\"url\":\"https:\/\/dobner.it\/it\/pagamenti-sicuri\/\",\"name\":\"Pagamenti sicuri - Dobner\",\"isPartOf\":{\"@id\":\"https:\/\/dobner.it\/it\/#website\"},\"datePublished\":\"2021-04-13T16:04:39+00:00\",\"dateModified\":\"2025-04-23T14:19:09+00:00\",\"description\":\"Acquista in tutta sicurezza su Dobner: pagamenti protetti, transazioni affidabili e massima riservatezza per uno shopping senza pensieri.\",\"breadcrumb\":{\"@id\":\"https:\/\/dobner.it\/it\/pagamenti-sicuri\/#breadcrumb\"},\"inLanguage\":\"it-IT\",\"potentialAction\":[{\"@type\":\"ReadAction\",\"target\":[\"https:\/\/dobner.it\/it\/pagamenti-sicuri\/\"]}]},{\"@type\":\"BreadcrumbList\",\"@id\":\"https:\/\/dobner.it\/it\/pagamenti-sicuri\/#breadcrumb\",\"itemListElement\":[{\"@type\":\"ListItem\",\"position\":1,\"name\":\"Home\",\"item\":\"https:\/\/dobner.it\/it\/\"},{\"@type\":\"ListItem\",\"position\":2,\"name\":\"Pagamenti sicuri\"}]},{\"@type\":\"WebSite\",\"@id\":\"https:\/\/dobner.it\/it\/#website\",\"url\":\"https:\/\/dobner.it\/it\/\",\"name\":\"Dobner\",\"description\":\"\",\"publisher\":{\"@id\":\"https:\/\/dobner.it\/it\/#organization\"},\"potentialAction\":[{\"@type\":\"SearchAction\",\"target\":{\"@type\":\"EntryPoint\",\"urlTemplate\":\"https:\/\/dobner.it\/it\/?s={search_term_string}\"},\"query-input\":{\"@type\":\"PropertyValueSpecification\",\"valueRequired\":true,\"valueName\":\"search_term_string\"}}],\"inLanguage\":\"it-IT\"},{\"@type\":\"Organization\",\"@id\":\"https:\/\/dobner.it\/it\/#organization\",\"name\":\"Dobner\",\"url\":\"https:\/\/dobner.it\/it\/\",\"logo\":{\"@type\":\"ImageObject\",\"inLanguage\":\"it-IT\",\"@id\":\"https:\/\/dobner.it\/it\/#\/schema\/logo\/image\/\",\"url\":\"https:\/\/dobner.it\/wp-content\/uploads\/2020\/10\/logo-email.png\",\"contentUrl\":\"https:\/\/dobner.it\/wp-content\/uploads\/2020\/10\/logo-email.png\",\"width\":188,\"height\":81,\"caption\":\"Dobner\"},\"image\":{\"@id\":\"https:\/\/dobner.it\/it\/#\/schema\/logo\/image\/\"}}]}<\/script>\n<!-- \/ Yoast SEO plugin. -->","yoast_head_json":{"title":"Pagamenti sicuri - Dobner","description":"Acquista in tutta sicurezza su Dobner: pagamenti protetti, transazioni affidabili e massima riservatezza per uno shopping senza pensieri.","robots":{"index":"index","follow":"follow","max-snippet":"max-snippet:-1","max-image-preview":"max-image-preview:large","max-video-preview":"max-video-preview:-1"},"canonical":"https:\/\/dobner.it\/it\/pagamenti-sicuri\/","og_locale":"it_IT","og_type":"article","og_title":"Pagamenti sicuri - Dobner","og_description":"Acquista in tutta sicurezza su Dobner: pagamenti protetti, transazioni affidabili e massima riservatezza per uno shopping senza pensieri.","og_url":"https:\/\/dobner.it\/it\/pagamenti-sicuri\/","og_site_name":"Dobner","article_modified_time":"2025-04-23T14:19:09+00:00","twitter_card":"summary_large_image","twitter_misc":{"Tempo di lettura stimato":"5 minuti"},"schema":{"@context":"https:\/\/schema.org","@graph":[{"@type":"WebPage","@id":"https:\/\/dobner.it\/it\/pagamenti-sicuri\/","url":"https:\/\/dobner.it\/it\/pagamenti-sicuri\/","name":"Pagamenti sicuri - Dobner","isPartOf":{"@id":"https:\/\/dobner.it\/it\/#website"},"datePublished":"2021-04-13T16:04:39+00:00","dateModified":"2025-04-23T14:19:09+00:00","description":"Acquista in tutta sicurezza su Dobner: pagamenti protetti, transazioni affidabili e massima riservatezza per uno shopping senza pensieri.","breadcrumb":{"@id":"https:\/\/dobner.it\/it\/pagamenti-sicuri\/#breadcrumb"},"inLanguage":"it-IT","potentialAction":[{"@type":"ReadAction","target":["https:\/\/dobner.it\/it\/pagamenti-sicuri\/"]}]},{"@type":"BreadcrumbList","@id":"https:\/\/dobner.it\/it\/pagamenti-sicuri\/#breadcrumb","itemListElement":[{"@type":"ListItem","position":1,"name":"Home","item":"https:\/\/dobner.it\/it\/"},{"@type":"ListItem","position":2,"name":"Pagamenti sicuri"}]},{"@type":"WebSite","@id":"https:\/\/dobner.it\/it\/#website","url":"https:\/\/dobner.it\/it\/","name":"Dobner","description":"","publisher":{"@id":"https:\/\/dobner.it\/it\/#organization"},"potentialAction":[{"@type":"SearchAction","target":{"@type":"EntryPoint","urlTemplate":"https:\/\/dobner.it\/it\/?s={search_term_string}"},"query-input":{"@type":"PropertyValueSpecification","valueRequired":true,"valueName":"search_term_string"}}],"inLanguage":"it-IT"},{"@type":"Organization","@id":"https:\/\/dobner.it\/it\/#organization","name":"Dobner","url":"https:\/\/dobner.it\/it\/","logo":{"@type":"ImageObject","inLanguage":"it-IT","@id":"https:\/\/dobner.it\/it\/#\/schema\/logo\/image\/","url":"https:\/\/dobner.it\/wp-content\/uploads\/2020\/10\/logo-email.png","contentUrl":"https:\/\/dobner.it\/wp-content\/uploads\/2020\/10\/logo-email.png","width":188,"height":81,"caption":"Dobner"},"image":{"@id":"https:\/\/dobner.it\/it\/#\/schema\/logo\/image\/"}}]}},"_links":{"self":[{"href":"https:\/\/dobner.it\/it\/wp-json\/wp\/v2\/pages\/9986","targetHints":{"allow":["GET"]}}],"collection":[{"href":"https:\/\/dobner.it\/it\/wp-json\/wp\/v2\/pages"}],"about":[{"href":"https:\/\/dobner.it\/it\/wp-json\/wp\/v2\/types\/page"}],"author":[{"embeddable":true,"href":"https:\/\/dobner.it\/it\/wp-json\/wp\/v2\/users\/1"}],"replies":[{"embeddable":true,"href":"https:\/\/dobner.it\/it\/wp-json\/wp\/v2\/comments?post=9986"}],"version-history":[{"count":1,"href":"https:\/\/dobner.it\/it\/wp-json\/wp\/v2\/pages\/9986\/revisions"}],"predecessor-version":[{"id":83538,"href":"https:\/\/dobner.it\/it\/wp-json\/wp\/v2\/pages\/9986\/revisions\/83538"}],"wp:attachment":[{"href":"https:\/\/dobner.it\/it\/wp-json\/wp\/v2\/media?parent=9986"}],"curies":[{"name":"wp","href":"https:\/\/api.w.org\/{rel}","templated":true}]}}