{"id":499,"date":"2019-07-31T18:20:39","date_gmt":"2019-07-31T18:20:39","guid":{"rendered":"http:\/\/demos.reytheme.com\/paris\/?page_id=499"},"modified":"2025-05-16T16:59:57","modified_gmt":"2025-05-16T14:59:57","slug":"privacy-policy","status":"publish","type":"page","link":"https:\/\/dobner.it\/it\/privacy-policy\/","title":{"rendered":"Privacy Policy"},"content":{"rendered":"\t\t<div data-elementor-type=\"wp-page\" data-elementor-id=\"499\" class=\"elementor elementor-499\">\n\t\t\t\t\t\t\t\t\t<section class=\"elementor-section elementor-top-section elementor-element elementor-element-2ed8ce66 elementor-section-boxed elementor-section-height-default elementor-section-height-default\" data-id=\"2ed8ce66\" data-element_type=\"section\">\n\t\t\t\t\t\t<div class=\"elementor-container elementor-column-gap-default\">\n\t\t\t\t\t<div class=\"elementor-column elementor-col-100 elementor-top-column elementor-element elementor-element-47ac7a0a\" data-id=\"47ac7a0a\" data-element_type=\"column\">\n\t\t\t<div class=\"elementor-column-wrap--47ac7a0a elementor-widget-wrap elementor-element-populated\">\n\t\t\t\t\t\t\t\t<div class=\"elementor-element elementor-element-47dc530e elementor-widget elementor-widget-text-editor\" data-id=\"47dc530e\" data-element_type=\"widget\" data-widget_type=\"text-editor.default\">\n\t\t\t\t<div class=\"elementor-widget-container\">\n\t\t\t\t\t\t\tInformativa ai sensi del Regolamento UE 2016\/679 (\u201cGDPR\u201d)\n<h2>Perch\u00e9 questo avviso<\/h2>\nQuesta informativa ti permetter\u00e0 di conoscere in maniera dettagliata come verranno trattati i dati personali che ci fornisci attraverso la navigazione nel nostro sito web ovvero tramite le nostre pagine social.\n<h2>Chi siamo<\/h2>\nIl <strong>Titolare del trattamento<\/strong> dei dati personali raccolti tramite questo sito web ovvero tramite le nostre pagine social \u00e8: <strong>Succ. Dobner di Oppenheim S.r.l.<\/strong>, via Dante 7 \u2013 34121 Trieste, P.IVA 00655240323.\nPer l\u2019esercizio dei Tuoi diritti, puoi inviare una email al seguente <strong>contatto<\/strong>: <a href=\"mailto:dobner@legalmail.it\">dobner@legalmail.it<\/a>.\n<h2>Dati personali trattati e finalit\u00e0 del trattamento<\/h2>\n<h3>Dati di navigazione<\/h3>\nI sistemi informatici e le procedure software utilizzate per il funzionamento di questo sito acquisiscono alcuni dati personali la cui trasmissione \u00e8 implicita nell&#8217;uso dei protocolli di comunicazione di Internet.\nIn questa categoria di dati rientrano gli indirizzi IP o i nomi a dominio dei computer e dei terminali utilizzati dagli utenti, gli indirizzi in notazione URI\/URL (Uniform Resource Identifier\/Locator) delle risorse richieste, l&#8217;orario della richiesta, il metodo utilizzato nel sottoporre la richiesta al server, la dimensione del file ottenuto in risposta, il codice numerico indicante lo stato della risposta data dal server (buon fine, errore, ecc.) ed altri parametri relativi al sistema operativo e all&#8217;ambiente informatico dell&#8217;utente.\nTali dati, necessari per la fruizione dei servizi web, vengono anche trattati allo scopo di:\n-ottenere informazioni statistiche sull&#8217;uso dei servizi (pagine pi\u00f9 visitate, numero di visitatori per fascia oraria o giornaliera, aree geografiche di provenienza, ecc.);\n-controllare il corretto funzionamento dei servizi offerti.\nI dati di navigazione non persistono per pi\u00f9 di sette giorni e vengono cancellati immediatamente dopo la loro aggregazione (salve eventuali necessit\u00e0 di accertamento di reati da parte dell&#8217;Autorit\u00e0 giudiziaria).\n<h3>Dati comunicati dall\u2019utente<\/h3>\nL&#8217;invio facoltativo, esplicito e volontario di messaggi agli indirizzi di contatto pubblicati sul sito web, nonch\u00e9 la compilazione e l&#8217;inoltro dei form presenti sul sito web, comportano l&#8217;acquisizione dei dati di contatto del mittente, necessari a rispondere, nonch\u00e9 di tutti i dati personali inclusi nelle comunicazioni.\nSpecifiche informative sono pubblicate nelle pagine del sito web predisposte per l&#8217;erogazione di determinati servizi, con richiesta di eventuale consenso al trattamento.\n<h3>Dati acquisiti tramite Social<\/h3>\nSe l\u2019utente si collega a una pagina social dell\u2019azienda tramite social login (cio\u00e8 l\u2019account di un social cui \u00e8 iscritto), possono essere acquisiti dall\u2019azienda i dati che vengono pubblicati dall\u2019utente in tale social, anche in base alle impostazioni privacy impostate dall\u2019utente (ad es. informazioni contenute nel messaggio\/post per rispondere alle richieste di informazioni o assistenza, immagini, ovvero informazioni tratte dal profilo pubblicato). Specifiche informative sul trattamento dei dati svolto dalle piattaforme social sono rese disponibili dalle stesse (ad es. https:\/\/www.facebook.com\/privacy\/explanation).\n<h2>Social network<\/h2>\nQuesto sito pu\u00f2 utilizzare i c.d. social plug-in. I social plug-in sono speciali strumenti che permettono di incorporare le funzionalit\u00e0 del social network direttamente all&#8217;interno del sito web (ad es. la funzione &#8220;mi piace&#8221; di Facebook). \u2028Tutti i social plug-in presenti nel sito sono contrassegnati dal rispettivo logo di propriet\u00e0 della piattaforma di social network (ad es. Facebook, Instagram, Google, Twitter, Linkedin). \u2028Quando si visita una pagina del nostro sito e si interagisce con il plug-in (ad es. cliccando il pulsante &#8220;Mi piace&#8221;) o si decide di lasciare un commento, le corrispondenti informazioni vengono trasmesse dal browser direttamente alla piattaforma di social network e da questo memorizzate. Per informazioni sulle finalit\u00e0, il tipo e le modalit\u00e0 di raccolta, elaborazione, utilizzo e conservazione dei dati personali da parte della piattaforma di social network, nonch\u00e9 per le modalit\u00e0 attraverso cui esercitare i propri diritti, si prega di consultare la politica privacy adottata dal singolo social network.\n\nFacebook: Informativa: <a href=\"https:\/\/www.facebook.com\/policies\/cookies\/\">https:\/\/www.facebook.com\/policies\/cookies\/<\/a>\n\nInstagram: Informativa: <a href=\"https:\/\/help.instagram.com\/519522125107875\">https:\/\/help.instagram.com\/519522125107875<\/a>\n<h2>Cookie<\/h2>\nSi rimanda alla <a href=\"https:\/\/dobner.it\/it\/cookie-policy\/\">informativa cookie<\/a>.\n<h2>Base giuridica del trattamento<\/h2>\nL\u2019azienda pu\u00f2 trattare i suindicati dati personali anche senza specifico consenso, salvo quanto richiesto per la compilazione di specifici form, in quanto la base giuridica di liceit\u00e0 del trattamento deriva dalla esecuzione di misure precontrattuali adottate su richiesta dell\u2019interessato (es. richiesta di informazioni via email), nonch\u00e9 per il perseguimento del legittimo interesse dell\u2019azienda di promuovere e realizzare i suoi scopi statutari.\nIl conferimento dei dati per le finalit\u00e0 di cui sopra \u00e8 libero e facoltativo; tuttavia l\u2019eventuale rifiuto comporta l\u2019impossibilit\u00e0 da parte dell\u2019azienda di dare seguito alla suddetta finalit\u00e0.\n<h2>Modalit\u00e0 del trattamento<\/h2>\nI dati sono inseriti in una banca dati elettronica e\/o conservati in archivi cartacei.\nI dati non sono oggetto di un processo decisionale automatizzato, n\u00e9 viene effettuata profilazione di alcun tipo.\n<h2>Destinatari dei dati<\/h2>\nI dati personali potranno essere conosciuti dai collaboratori e dipendenti dell\u2019azienda, quali soggetti autorizzati al trattamento e appositamente istruiti.\nI dati potranno essere comunicati a soggetti esterni (es. societ\u00e0 che gestiscono piattaforme web, societ\u00e0 collegate, consulenti esterni, subfornitori, etc.) per le finalit\u00e0 sopra delineate, qualora sussista la necessit\u00e0 del loro coinvolgimento. Gli stessi soggetti opereranno in qualit\u00e0 di Titolari autonomi, o saranno designati come Responsabili del trattamento.\n<h2>Periodo di conservazione dei dati<\/h2>\nL\u2019azienda conserver\u00e0 i dati per il tempo strettamente necessario alla realizzazione delle finalit\u00e0 sopra esplicitate e anche per rispondere a eventuali necessit\u00e0 di accesso e recupero dei dati. Trascorsi 24 mesi dall\u2019acquisizione (7 giorni per i dati di navigazione), ove non vi fossero ulteriori necessit\u00e0 di contatto o obblighi di conservazione, i dati verranno cancellati.\n<h2>Diritti dell&#8217;interessato<\/h2>\nTra i diritti riconosciuti rientrano quelli di:\n<ul>\n \t<li>chiedere l&#8217;accesso ai tuoi dati personali ed alle informazioni relative agli stessi; la rettifica dei dati inesatti o l&#8217;integrazione di quelli incompleti; la cancellazione dei dati personali (al verificarsi di una delle condizioni indicate nell&#8217;art. 17, paragrafo 1 del GDPR e nel rispetto delle eccezioni previste nel paragrafo 3 dello stesso articolo); la limitazione del trattamento dei dati personali (al ricorrere di una delle ipotesi indicate nell&#8217;art. 18, paragrafo 1 del GDPR);<\/li>\n \t<li>richiedere ed ottenere &#8211; nelle ipotesi in cui la base giuridica del trattamento sia il contratto o il consenso, e lo stesso sia effettuato con mezzi automatizzati &#8211; i dati personali in un formato strutturato e leggibile da dispositivo automatico, anche al fine di comunicare tali dati ad un altro titolare del trattamento (c.d. diritto alla portabilit\u00e0 dei dati personali);<\/li>\n \t<li>opporsi in qualsiasi momento al trattamento dei dati personali al ricorrere di situazioni particolari che lo riguardano;<\/li>\n \t<li>revocare il consenso in qualsiasi momento, limitatamente alle ipotesi in cui il trattamento sia basato sul  consenso per una o pi\u00f9 specifiche finalit\u00e0 e riguardi dati personali comuni (ad esempio data e luogo di nascita o luogo di residenza), oppure particolari categorie di dati (ad esempio dati che rivelano lo stato di salute o la vita sessuale). Il trattamento basato sul consenso ed effettuato antecedentemente alla revoca dello stesso conserva, comunque, la sua liceit\u00e0;<\/li>\n<\/ul>\nCon riferimento alle finalit\u00e0 sopra indicate, l\u2019interessato ha la facolt\u00e0 di procedere, in ogni momento, alla richiesta di cessazione del trattamento e all\u2019invio di comunicazioni email da parte della azienda, con richiesta da presentarsi ai contatti sopra indicati.\n<h2>Diritto di proporre reclamo<\/h2>\nSe l\u2019interessato ritiene che sussista una violazione nel trattamento dei Suoi dati personali, pu\u00f2 proporre reclamo all\u2019Autorit\u00e0 di Controllo del luogo in cui abitualmente risiede, lavora o dove si \u00e8 verificata la presunta violazione. In Italia pu\u00f2 proporre reclamo presso l\u2019Autorit\u00e0 Garante per la Protezione dei Dati.\t\t\t\t\t\t<\/div>\n\t\t\t\t<\/div>\n\t\t\t\t\t<\/div>\n\t\t<\/div>\n\t\t\t\t\t\t\t<\/div>\n\t\t<\/section>\n\t\t\t\t\t\t\t<\/div>\n\t\t","protected":false},"excerpt":{"rendered":"<p>Informativa ai sensi del Regolamento UE 2016\/679 (\u201cGDPR\u201d) Perch\u00e9 questo avviso Questa informativa ti permetter\u00e0 di conoscere in maniera dettagliata come verranno trattati i dati personali che ci fornisci attraverso la navigazione nel nostro sito web ovvero tramite le nostre pagine social. Chi siamo Il Titolare del trattamento dei dati personali raccolti tramite questo sito [&hellip;]<\/p>\n","protected":false},"author":1,"featured_media":0,"parent":0,"menu_order":0,"comment_status":"closed","ping_status":"closed","template":"template-policies.php","meta":{"footnotes":""},"class_list":["post-499","page","type-page","status-publish","hentry"],"acf":[],"yoast_head":"<!-- This site is optimized with the Yoast SEO plugin v26.4 - https:\/\/yoast.com\/wordpress\/plugins\/seo\/ -->\n<title>Privacy Policy - Dobner<\/title>\n<meta name=\"description\" content=\"Consulta la Privacy Policy di Dobner: scopri come trattiamo i tuoi dati personali nel rispetto delle normative vigenti e della tua sicurezza online.\" \/>\n<meta name=\"robots\" content=\"index, follow, max-snippet:-1, max-image-preview:large, max-video-preview:-1\" \/>\n<link rel=\"canonical\" href=\"https:\/\/dobner.it\/it\/privacy-policy\/\" \/>\n<meta property=\"og:locale\" content=\"it_IT\" \/>\n<meta property=\"og:type\" content=\"article\" \/>\n<meta property=\"og:title\" content=\"Privacy Policy - Dobner\" \/>\n<meta property=\"og:description\" content=\"Consulta la Privacy Policy di Dobner: scopri come trattiamo i tuoi dati personali nel rispetto delle normative vigenti e della tua sicurezza online.\" \/>\n<meta property=\"og:url\" content=\"https:\/\/dobner.it\/it\/privacy-policy\/\" \/>\n<meta property=\"og:site_name\" content=\"Dobner\" \/>\n<meta property=\"article:modified_time\" content=\"2025-05-16T14:59:57+00:00\" \/>\n<meta name=\"twitter:card\" content=\"summary_large_image\" \/>\n<meta name=\"twitter:label1\" content=\"Tempo di lettura stimato\" \/>\n\t<meta name=\"twitter:data1\" content=\"6 minuti\" \/>\n<script type=\"application\/ld+json\" class=\"yoast-schema-graph\">{\"@context\":\"https:\/\/schema.org\",\"@graph\":[{\"@type\":\"WebPage\",\"@id\":\"https:\/\/dobner.it\/it\/privacy-policy\/\",\"url\":\"https:\/\/dobner.it\/it\/privacy-policy\/\",\"name\":\"Privacy Policy - Dobner\",\"isPartOf\":{\"@id\":\"https:\/\/dobner.it\/it\/#website\"},\"datePublished\":\"2019-07-31T18:20:39+00:00\",\"dateModified\":\"2025-05-16T14:59:57+00:00\",\"description\":\"Consulta la Privacy Policy di Dobner: scopri come trattiamo i tuoi dati personali nel rispetto delle normative vigenti e della tua sicurezza online.\",\"breadcrumb\":{\"@id\":\"https:\/\/dobner.it\/it\/privacy-policy\/#breadcrumb\"},\"inLanguage\":\"it-IT\",\"potentialAction\":[{\"@type\":\"ReadAction\",\"target\":[\"https:\/\/dobner.it\/it\/privacy-policy\/\"]}]},{\"@type\":\"BreadcrumbList\",\"@id\":\"https:\/\/dobner.it\/it\/privacy-policy\/#breadcrumb\",\"itemListElement\":[{\"@type\":\"ListItem\",\"position\":1,\"name\":\"Home\",\"item\":\"https:\/\/dobner.it\/it\/\"},{\"@type\":\"ListItem\",\"position\":2,\"name\":\"Privacy Policy\"}]},{\"@type\":\"WebSite\",\"@id\":\"https:\/\/dobner.it\/it\/#website\",\"url\":\"https:\/\/dobner.it\/it\/\",\"name\":\"Dobner\",\"description\":\"\",\"publisher\":{\"@id\":\"https:\/\/dobner.it\/it\/#organization\"},\"potentialAction\":[{\"@type\":\"SearchAction\",\"target\":{\"@type\":\"EntryPoint\",\"urlTemplate\":\"https:\/\/dobner.it\/it\/?s={search_term_string}\"},\"query-input\":{\"@type\":\"PropertyValueSpecification\",\"valueRequired\":true,\"valueName\":\"search_term_string\"}}],\"inLanguage\":\"it-IT\"},{\"@type\":\"Organization\",\"@id\":\"https:\/\/dobner.it\/it\/#organization\",\"name\":\"Dobner\",\"url\":\"https:\/\/dobner.it\/it\/\",\"logo\":{\"@type\":\"ImageObject\",\"inLanguage\":\"it-IT\",\"@id\":\"https:\/\/dobner.it\/it\/#\/schema\/logo\/image\/\",\"url\":\"https:\/\/dobner.it\/wp-content\/uploads\/2020\/10\/logo-email.png\",\"contentUrl\":\"https:\/\/dobner.it\/wp-content\/uploads\/2020\/10\/logo-email.png\",\"width\":188,\"height\":81,\"caption\":\"Dobner\"},\"image\":{\"@id\":\"https:\/\/dobner.it\/it\/#\/schema\/logo\/image\/\"}}]}<\/script>\n<!-- \/ Yoast SEO plugin. -->","yoast_head_json":{"title":"Privacy Policy - Dobner","description":"Consulta la Privacy Policy di Dobner: scopri come trattiamo i tuoi dati personali nel rispetto delle normative vigenti e della tua sicurezza online.","robots":{"index":"index","follow":"follow","max-snippet":"max-snippet:-1","max-image-preview":"max-image-preview:large","max-video-preview":"max-video-preview:-1"},"canonical":"https:\/\/dobner.it\/it\/privacy-policy\/","og_locale":"it_IT","og_type":"article","og_title":"Privacy Policy - Dobner","og_description":"Consulta la Privacy Policy di Dobner: scopri come trattiamo i tuoi dati personali nel rispetto delle normative vigenti e della tua sicurezza online.","og_url":"https:\/\/dobner.it\/it\/privacy-policy\/","og_site_name":"Dobner","article_modified_time":"2025-05-16T14:59:57+00:00","twitter_card":"summary_large_image","twitter_misc":{"Tempo di lettura stimato":"6 minuti"},"schema":{"@context":"https:\/\/schema.org","@graph":[{"@type":"WebPage","@id":"https:\/\/dobner.it\/it\/privacy-policy\/","url":"https:\/\/dobner.it\/it\/privacy-policy\/","name":"Privacy Policy - Dobner","isPartOf":{"@id":"https:\/\/dobner.it\/it\/#website"},"datePublished":"2019-07-31T18:20:39+00:00","dateModified":"2025-05-16T14:59:57+00:00","description":"Consulta la Privacy Policy di Dobner: scopri come trattiamo i tuoi dati personali nel rispetto delle normative vigenti e della tua sicurezza online.","breadcrumb":{"@id":"https:\/\/dobner.it\/it\/privacy-policy\/#breadcrumb"},"inLanguage":"it-IT","potentialAction":[{"@type":"ReadAction","target":["https:\/\/dobner.it\/it\/privacy-policy\/"]}]},{"@type":"BreadcrumbList","@id":"https:\/\/dobner.it\/it\/privacy-policy\/#breadcrumb","itemListElement":[{"@type":"ListItem","position":1,"name":"Home","item":"https:\/\/dobner.it\/it\/"},{"@type":"ListItem","position":2,"name":"Privacy Policy"}]},{"@type":"WebSite","@id":"https:\/\/dobner.it\/it\/#website","url":"https:\/\/dobner.it\/it\/","name":"Dobner","description":"","publisher":{"@id":"https:\/\/dobner.it\/it\/#organization"},"potentialAction":[{"@type":"SearchAction","target":{"@type":"EntryPoint","urlTemplate":"https:\/\/dobner.it\/it\/?s={search_term_string}"},"query-input":{"@type":"PropertyValueSpecification","valueRequired":true,"valueName":"search_term_string"}}],"inLanguage":"it-IT"},{"@type":"Organization","@id":"https:\/\/dobner.it\/it\/#organization","name":"Dobner","url":"https:\/\/dobner.it\/it\/","logo":{"@type":"ImageObject","inLanguage":"it-IT","@id":"https:\/\/dobner.it\/it\/#\/schema\/logo\/image\/","url":"https:\/\/dobner.it\/wp-content\/uploads\/2020\/10\/logo-email.png","contentUrl":"https:\/\/dobner.it\/wp-content\/uploads\/2020\/10\/logo-email.png","width":188,"height":81,"caption":"Dobner"},"image":{"@id":"https:\/\/dobner.it\/it\/#\/schema\/logo\/image\/"}}]}},"_links":{"self":[{"href":"https:\/\/dobner.it\/it\/wp-json\/wp\/v2\/pages\/499","targetHints":{"allow":["GET"]}}],"collection":[{"href":"https:\/\/dobner.it\/it\/wp-json\/wp\/v2\/pages"}],"about":[{"href":"https:\/\/dobner.it\/it\/wp-json\/wp\/v2\/types\/page"}],"author":[{"embeddable":true,"href":"https:\/\/dobner.it\/it\/wp-json\/wp\/v2\/users\/1"}],"replies":[{"embeddable":true,"href":"https:\/\/dobner.it\/it\/wp-json\/wp\/v2\/comments?post=499"}],"version-history":[{"count":1,"href":"https:\/\/dobner.it\/it\/wp-json\/wp\/v2\/pages\/499\/revisions"}],"predecessor-version":[{"id":84029,"href":"https:\/\/dobner.it\/it\/wp-json\/wp\/v2\/pages\/499\/revisions\/84029"}],"wp:attachment":[{"href":"https:\/\/dobner.it\/it\/wp-json\/wp\/v2\/media?parent=499"}],"curies":[{"name":"wp","href":"https:\/\/api.w.org\/{rel}","templated":true}]}}