{"id":15348,"date":"2021-06-13T15:49:15","date_gmt":"2021-06-13T13:49:15","guid":{"rendered":"https:\/\/dobner.it\/?page_id=15348"},"modified":"2021-06-13T16:04:48","modified_gmt":"2021-06-13T14:04:48","slug":"privacy-policy-newsletter","status":"publish","type":"page","link":"https:\/\/dobner.it\/it\/privacy-policy-newsletter\/","title":{"rendered":"Privacy Policy"},"content":{"rendered":"\t\t<div data-elementor-type=\"wp-page\" data-elementor-id=\"15348\" class=\"elementor elementor-15348\">\n\t\t\t\t\t\t\t\t\t<section class=\"elementor-section elementor-top-section elementor-element elementor-element-2ed8ce66 elementor-section-boxed elementor-section-height-default elementor-section-height-default\" data-id=\"2ed8ce66\" data-element_type=\"section\">\n\t\t\t\t\t\t<div class=\"elementor-container elementor-column-gap-default\">\n\t\t\t\t\t<div class=\"elementor-column elementor-col-100 elementor-top-column elementor-element elementor-element-47ac7a0a\" data-id=\"47ac7a0a\" data-element_type=\"column\">\n\t\t\t<div class=\"elementor-column-wrap--47ac7a0a elementor-widget-wrap elementor-element-populated\">\n\t\t\t\t\t\t\t\t<div class=\"elementor-element elementor-element-47dc530e elementor-widget elementor-widget-text-editor\" data-id=\"47dc530e\" data-element_type=\"widget\" data-widget_type=\"text-editor.default\">\n\t\t\t\t<div class=\"elementor-widget-container\">\n\t\t\t\t\t\t\t<p>Informativa ai sensi del Regolamento UE 2016\/679 (\u201cGDPR\u201d).<\/p><p><strong>La Newsletter \u00e8 distribuita gratuitamente via e-mail agli utenti che ne facciano richiesta compilando il form presente in questa pagina.<\/strong><\/p><h2>Chi siamo: il &#8220;Titolare del trattamento&#8221;<\/h2><p>Il <strong>Titolare del trattamento<\/strong> dei dati personali raccolti tramite questo sito web ovvero tramite le nostre pagine social \u00e8: <strong>Succ. Dobner di Oppenheim S.r.l.<\/strong>, via Dante 7 \u2013 34121 Trieste, P.IVA 00655240323.<br \/>Per l\u2019esercizio dei Tuoi diritti, puoi inviare una email al seguente <strong>contatto<\/strong>: <a href=\"mailto:dobner@legalmail.it\">dobner@legalmail.it<\/a>.<\/p><h2>Dati personali trattati, finalit\u00e0 e basi giuridiche del trattamento<\/h2><p>Con il Suo esplicito consenso e previa Sua richiesta del servizio, i dati identificativi e l\u2019indirizzo di contatto email saranno oggetto di trattamento per fornire il servizio di Newsletter dell\u2019azienda.<br \/>Il conferimento dei dati per le finalit\u00e0 di cui sopra \u00e8 libero e facoltativo; tuttavia il mancato conferimento dei dati ha come conseguenza la impossibilit\u00e0 di fornire il servizio corrispondente.<\/p><h2>Modalit\u00e0 del trattamento<\/h2><p>I dati sono inseriti in una banca dati elettronica e\/o conservati in archivi cartacei.<br \/>I dati non sono oggetto di un processo decisionale automatizzato, n\u00e9 viene effettuata profilazione di alcun tipo.<\/p><h2>Destinatari dei dati<\/h2><p>I dati personali potranno essere conosciuti dai collaboratori e dipendenti dell\u2019azienda, quali soggetti autorizzati al trattamento e appositamente istruiti.<br \/>I dati verranno comunicati a societ\u00e0 espressamente nominate come responsabili del trattamento (ad es. piattaforme web per l\u2019inoltro delle email, ovvero per esigenze di manutenzione tecnologica del sito) con apposito contratto o atto giuridico.<\/p><h2>Periodo di conservazione dei dati<\/h2><p>L\u2019azienda conserver\u00e0 i dati al solo fine di fornire il servizio richiesto e, per tale ragione, saranno conservati esclusivamente per il periodo in cui lo stesso sar\u00e0 attivo.<\/p><h2>Diritti dell&#8217;interessato<\/h2><p>Gli interessati hanno il diritto di ottenere dall\u2019azienda, nei casi previsti, l&#8217;accesso ai dati personali e la rettifica o la cancellazione degli stessi o la limitazione del trattamento che li riguarda o di opporsi al trattamento (artt. 15 e ss. del Regolamento).<br \/>Gli interessati possono revocare il consenso in qualsiasi momento. Il trattamento basato sul consenso ed effettuato antecedentemente alla revoca dello stesso conserva, comunque, la sua liceit\u00e0.<br \/>L&#8217;apposita istanza va presentata ai dati di contatto dell\u2019azienda sopra indicati.<br \/>Gli interessati, che ritengano che il trattamento dei dati personali a loro riferiti effettuato attraverso questo servizio avvenga in violazione di quanto previsto dal Regolamento, hanno il diritto di proporre reclamo al Garante, come previsto dall&#8217;art. 77 del Regolamento stesso, o di adire le opportune sedi giudiziarie (art. 79 del Regolamento).<\/p><h2>Cancellazione del servizio<\/h2><p>Per non ricevere pi\u00f9 la Newsletter, utilizzare il link in calce alle Newsletter ricevute.<\/p>\t\t\t\t\t\t<\/div>\n\t\t\t\t<\/div>\n\t\t\t\t\t<\/div>\n\t\t<\/div>\n\t\t\t\t\t\t\t<\/div>\n\t\t<\/section>\n\t\t\t\t\t\t\t<\/div>\n\t\t","protected":false},"excerpt":{"rendered":"<p>Informativa ai sensi del Regolamento UE 2016\/679 (\u201cGDPR\u201d). La Newsletter \u00e8 distribuita gratuitamente via e-mail agli utenti che ne facciano richiesta compilando il form presente in questa pagina. Chi siamo: il &#8220;Titolare del trattamento&#8221; Il Titolare del trattamento dei dati personali raccolti tramite questo sito web ovvero tramite le nostre pagine social \u00e8: Succ. Dobner [&hellip;]<\/p>\n","protected":false},"author":1,"featured_media":0,"parent":0,"menu_order":0,"comment_status":"closed","ping_status":"closed","template":"template-compact.php","meta":{"footnotes":""},"class_list":["post-15348","page","type-page","status-publish","hentry"],"acf":[],"yoast_head":"<!-- This site is optimized with the Yoast SEO plugin v26.4 - https:\/\/yoast.com\/wordpress\/plugins\/seo\/ -->\n<title>Privacy Policy - Dobner<\/title>\n<meta name=\"robots\" content=\"index, follow, max-snippet:-1, max-image-preview:large, max-video-preview:-1\" \/>\n<link rel=\"canonical\" href=\"https:\/\/dobner.it\/it\/privacy-policy-newsletter\/\" \/>\n<meta property=\"og:locale\" content=\"it_IT\" \/>\n<meta property=\"og:type\" content=\"article\" \/>\n<meta property=\"og:title\" content=\"Privacy Policy - Dobner\" \/>\n<meta property=\"og:description\" content=\"Informativa ai sensi del Regolamento UE 2016\/679 (\u201cGDPR\u201d). La Newsletter \u00e8 distribuita gratuitamente via e-mail agli utenti che ne facciano richiesta compilando il form presente in questa pagina. Chi siamo: il &#8220;Titolare del trattamento&#8221; Il Titolare del trattamento dei dati personali raccolti tramite questo sito web ovvero tramite le nostre pagine social \u00e8: Succ. Dobner [&hellip;]\" \/>\n<meta property=\"og:url\" content=\"https:\/\/dobner.it\/it\/privacy-policy-newsletter\/\" \/>\n<meta property=\"og:site_name\" content=\"Dobner\" \/>\n<meta property=\"article:modified_time\" content=\"2021-06-13T14:04:48+00:00\" \/>\n<meta name=\"twitter:card\" content=\"summary_large_image\" \/>\n<meta name=\"twitter:label1\" content=\"Tempo di lettura stimato\" \/>\n\t<meta name=\"twitter:data1\" content=\"2 minuti\" \/>\n<script type=\"application\/ld+json\" class=\"yoast-schema-graph\">{\"@context\":\"https:\/\/schema.org\",\"@graph\":[{\"@type\":\"WebPage\",\"@id\":\"https:\/\/dobner.it\/it\/privacy-policy-newsletter\/\",\"url\":\"https:\/\/dobner.it\/it\/privacy-policy-newsletter\/\",\"name\":\"Privacy Policy - Dobner\",\"isPartOf\":{\"@id\":\"https:\/\/dobner.it\/it\/#website\"},\"datePublished\":\"2021-06-13T13:49:15+00:00\",\"dateModified\":\"2021-06-13T14:04:48+00:00\",\"breadcrumb\":{\"@id\":\"https:\/\/dobner.it\/it\/privacy-policy-newsletter\/#breadcrumb\"},\"inLanguage\":\"it-IT\",\"potentialAction\":[{\"@type\":\"ReadAction\",\"target\":[\"https:\/\/dobner.it\/it\/privacy-policy-newsletter\/\"]}]},{\"@type\":\"BreadcrumbList\",\"@id\":\"https:\/\/dobner.it\/it\/privacy-policy-newsletter\/#breadcrumb\",\"itemListElement\":[{\"@type\":\"ListItem\",\"position\":1,\"name\":\"Home\",\"item\":\"https:\/\/dobner.it\/it\/\"},{\"@type\":\"ListItem\",\"position\":2,\"name\":\"Privacy Policy\"}]},{\"@type\":\"WebSite\",\"@id\":\"https:\/\/dobner.it\/it\/#website\",\"url\":\"https:\/\/dobner.it\/it\/\",\"name\":\"Dobner\",\"description\":\"\",\"publisher\":{\"@id\":\"https:\/\/dobner.it\/it\/#organization\"},\"potentialAction\":[{\"@type\":\"SearchAction\",\"target\":{\"@type\":\"EntryPoint\",\"urlTemplate\":\"https:\/\/dobner.it\/it\/?s={search_term_string}\"},\"query-input\":{\"@type\":\"PropertyValueSpecification\",\"valueRequired\":true,\"valueName\":\"search_term_string\"}}],\"inLanguage\":\"it-IT\"},{\"@type\":\"Organization\",\"@id\":\"https:\/\/dobner.it\/it\/#organization\",\"name\":\"Dobner\",\"url\":\"https:\/\/dobner.it\/it\/\",\"logo\":{\"@type\":\"ImageObject\",\"inLanguage\":\"it-IT\",\"@id\":\"https:\/\/dobner.it\/it\/#\/schema\/logo\/image\/\",\"url\":\"https:\/\/dobner.it\/wp-content\/uploads\/2020\/10\/logo-email.png\",\"contentUrl\":\"https:\/\/dobner.it\/wp-content\/uploads\/2020\/10\/logo-email.png\",\"width\":188,\"height\":81,\"caption\":\"Dobner\"},\"image\":{\"@id\":\"https:\/\/dobner.it\/it\/#\/schema\/logo\/image\/\"}}]}<\/script>\n<!-- \/ Yoast SEO plugin. -->","yoast_head_json":{"title":"Privacy Policy - Dobner","robots":{"index":"index","follow":"follow","max-snippet":"max-snippet:-1","max-image-preview":"max-image-preview:large","max-video-preview":"max-video-preview:-1"},"canonical":"https:\/\/dobner.it\/it\/privacy-policy-newsletter\/","og_locale":"it_IT","og_type":"article","og_title":"Privacy Policy - Dobner","og_description":"Informativa ai sensi del Regolamento UE 2016\/679 (\u201cGDPR\u201d). La Newsletter \u00e8 distribuita gratuitamente via e-mail agli utenti che ne facciano richiesta compilando il form presente in questa pagina. Chi siamo: il &#8220;Titolare del trattamento&#8221; Il Titolare del trattamento dei dati personali raccolti tramite questo sito web ovvero tramite le nostre pagine social \u00e8: Succ. Dobner [&hellip;]","og_url":"https:\/\/dobner.it\/it\/privacy-policy-newsletter\/","og_site_name":"Dobner","article_modified_time":"2021-06-13T14:04:48+00:00","twitter_card":"summary_large_image","twitter_misc":{"Tempo di lettura stimato":"2 minuti"},"schema":{"@context":"https:\/\/schema.org","@graph":[{"@type":"WebPage","@id":"https:\/\/dobner.it\/it\/privacy-policy-newsletter\/","url":"https:\/\/dobner.it\/it\/privacy-policy-newsletter\/","name":"Privacy Policy - Dobner","isPartOf":{"@id":"https:\/\/dobner.it\/it\/#website"},"datePublished":"2021-06-13T13:49:15+00:00","dateModified":"2021-06-13T14:04:48+00:00","breadcrumb":{"@id":"https:\/\/dobner.it\/it\/privacy-policy-newsletter\/#breadcrumb"},"inLanguage":"it-IT","potentialAction":[{"@type":"ReadAction","target":["https:\/\/dobner.it\/it\/privacy-policy-newsletter\/"]}]},{"@type":"BreadcrumbList","@id":"https:\/\/dobner.it\/it\/privacy-policy-newsletter\/#breadcrumb","itemListElement":[{"@type":"ListItem","position":1,"name":"Home","item":"https:\/\/dobner.it\/it\/"},{"@type":"ListItem","position":2,"name":"Privacy Policy"}]},{"@type":"WebSite","@id":"https:\/\/dobner.it\/it\/#website","url":"https:\/\/dobner.it\/it\/","name":"Dobner","description":"","publisher":{"@id":"https:\/\/dobner.it\/it\/#organization"},"potentialAction":[{"@type":"SearchAction","target":{"@type":"EntryPoint","urlTemplate":"https:\/\/dobner.it\/it\/?s={search_term_string}"},"query-input":{"@type":"PropertyValueSpecification","valueRequired":true,"valueName":"search_term_string"}}],"inLanguage":"it-IT"},{"@type":"Organization","@id":"https:\/\/dobner.it\/it\/#organization","name":"Dobner","url":"https:\/\/dobner.it\/it\/","logo":{"@type":"ImageObject","inLanguage":"it-IT","@id":"https:\/\/dobner.it\/it\/#\/schema\/logo\/image\/","url":"https:\/\/dobner.it\/wp-content\/uploads\/2020\/10\/logo-email.png","contentUrl":"https:\/\/dobner.it\/wp-content\/uploads\/2020\/10\/logo-email.png","width":188,"height":81,"caption":"Dobner"},"image":{"@id":"https:\/\/dobner.it\/it\/#\/schema\/logo\/image\/"}}]}},"_links":{"self":[{"href":"https:\/\/dobner.it\/it\/wp-json\/wp\/v2\/pages\/15348","targetHints":{"allow":["GET"]}}],"collection":[{"href":"https:\/\/dobner.it\/it\/wp-json\/wp\/v2\/pages"}],"about":[{"href":"https:\/\/dobner.it\/it\/wp-json\/wp\/v2\/types\/page"}],"author":[{"embeddable":true,"href":"https:\/\/dobner.it\/it\/wp-json\/wp\/v2\/users\/1"}],"replies":[{"embeddable":true,"href":"https:\/\/dobner.it\/it\/wp-json\/wp\/v2\/comments?post=15348"}],"version-history":[{"count":0,"href":"https:\/\/dobner.it\/it\/wp-json\/wp\/v2\/pages\/15348\/revisions"}],"wp:attachment":[{"href":"https:\/\/dobner.it\/it\/wp-json\/wp\/v2\/media?parent=15348"}],"curies":[{"name":"wp","href":"https:\/\/api.w.org\/{rel}","templated":true}]}}