{"id":15333,"date":"2021-06-13T15:16:02","date_gmt":"2021-06-13T13:16:02","guid":{"rendered":"https:\/\/dobner.it\/?page_id=15333"},"modified":"2021-06-13T15:45:29","modified_gmt":"2021-06-13T13:45:29","slug":"privacy-policy-carrello","status":"publish","type":"page","link":"https:\/\/dobner.it\/it\/privacy-policy-carrello\/","title":{"rendered":"Privacy Policy"},"content":{"rendered":"\t\t<div data-elementor-type=\"wp-page\" data-elementor-id=\"15333\" class=\"elementor elementor-15333\">\n\t\t\t\t\t\t\t\t\t<section class=\"elementor-section elementor-top-section elementor-element elementor-element-2ed8ce66 elementor-section-boxed elementor-section-height-default elementor-section-height-default\" data-id=\"2ed8ce66\" data-element_type=\"section\">\n\t\t\t\t\t\t<div class=\"elementor-container elementor-column-gap-default\">\n\t\t\t\t\t<div class=\"elementor-column elementor-col-100 elementor-top-column elementor-element elementor-element-47ac7a0a\" data-id=\"47ac7a0a\" data-element_type=\"column\">\n\t\t\t<div class=\"elementor-column-wrap--47ac7a0a elementor-widget-wrap elementor-element-populated\">\n\t\t\t\t\t\t\t\t<div class=\"elementor-element elementor-element-47dc530e elementor-widget elementor-widget-text-editor\" data-id=\"47dc530e\" data-element_type=\"widget\" data-widget_type=\"text-editor.default\">\n\t\t\t\t<div class=\"elementor-widget-container\">\n\t\t\t\t\t\t\tInformativa ai sensi del regolamento UE 2016\/679 (\u201cGDPR\u201d)\n<h2>Perch\u00e9 questo avviso<\/h2>\nQuesta informativa ti permetter\u00e0 di conoscere in maniera dettagliata come verranno trattati i dati personali che ci fornisci attraverso la compilazione del form per usufruire dei servizi offerti dal sito.\n<h2>Chi \u00e8 il titolare del trattamento<\/h2>\nIl <strong>Titolare del trattamento<\/strong> dei dati personali raccolti tramite form \u00e8: <strong>Succ. Dobner di Oppenheim S.r.l.<\/strong>, via Dante 7 \u2013 34121 Trieste, P.IVA 00655240323.\nPer l\u2019esercizio dei Tuoi diritti, puoi inviare una email al seguente <strong>contatto<\/strong>: <a href=\"mailto:dobner@legalmail.it\">dobner@legalmail.it<\/a>.\n<h2>Quale tipologia e natura dei dati vengono trattati<\/h2>\nNel compilare il form sul sito verranno raccolti tuoi dati di carattere personale, ovvero dati che consentono una tua identificazione, anche indiretta, quali ad esempio nome, cognome, indirizzo di residenza, indirizzo di spedizione, email, numero di telefono, Codice Fiscale, Partita IVA, modalit\u00e0 di pagamento, informazioni aggiuntive opzionali fornite autonomamente.\n<h2>Finalit\u00e0 e basi giuridiche di leicit\u00e0 del trattamento<\/h2>\nI dati raccolti saranno utilizzati per le seguenti finalit\u00e0:\n<ol>\n \t<li>consentirti di creare e gestire un tuo account personale all&#8217;interno dell&#8217;e-commerce per poter usufruire dei servizi forniti;<\/li>\n \t<li>gestire i contratti di fornitura e la loro corretta esecuzione dal momento dell&#8217;ordine fino alla fase di consegna (registrazione, scelta del prodotto ed ingresso nel carrello, acquisto, pagamento spedizione e consegna, recesso, gestione di eventuali contestazioni), gestire le operazioni contabili di fatturazione, gestire il rapporto con te per eventuali comunicazioni relative al contratto di fornitura e per la raccolta di eventuali considerazioni e giudizi;<\/li>\n \t<li><strong>con il tuo esplicito consenso<\/strong>, il tuo indirizzo email sar\u00e0 oggetto di trattamento per fornirti il servizio generico di Newsletter, cio\u00e8 l&#8217;invio di comunicazioni a carattere promozionale o pubblicitario generalizzate.<\/li>\n<\/ol>\nI dati di natura comune potranno essere trattati <strong>per le finalit\u00e0 1) e 2) anche senza il tuo specifico consenso<\/strong> e ci\u00f2 per soddisfare le tue richieste e per le finalit\u00e0 precontrattuali e contrattuali connesse e strumentali al servizio fornito, nonch\u00e9 per adempiere ai correlati obblighi legali cui \u00e8 soggetto il Titolare del trattamento.\nSolo <strong>per ricevere il servizio relativo alle Newsletter (finalit\u00e0 3) \u00e8 necessario che tu fornisca il consenso<\/strong>.\nSei libero di fornire o meno i tuoi dati, ma in mancanza dei dati richiesti non sar\u00e0 possibile concludere o dare esecuzione al servizio e alle tue richieste.\nIl mancato consenso ai trattamenti per la finalit\u00e0 3) non pregiudica la fruizione degli altri servizi forniti dal Titolare del trattamento.\n<h2>Modalit\u00e0 e luogo di trattamento e periodo di conservazione<\/h2>\nIl trattamento dei tuoi dati avviene presso la nostra sede, mediante impiego di strumenti telematici, cartacei, elettronici o automatizzati e viene effettuato dai soggetti autorizzati e istruiti nei limiti dell\u2019incarico loro conferito, per il tempo strettamente necessario a conseguire gli scopi per cui sono stati raccolti.\nI tuoi dati, in particolare, saranno conservati per il periodo di durata del contratto e, successivamente, per il tempo necessario per adempiere a obblighi fiscali, o per altre finalit\u00e0 previste da norme di legge o regolamento (di regola 10 anni).\nSe non eserciterai alcuna azione attiva (ad es. accesso con username e pw) per un periodo superiore a 24 mesi, verrai classificato come utente inattivo e i tuoi dati personali, la cui conservazione non \u00e8 necessaria per finalit\u00e0 fiscali o di legge, verranno cancellati. I dati trattati per la finalit\u00e0 3) saranno conservati dal momento in cui hai fornito il tuo consenso fino a che tale consenso non sar\u00e0 revocato.\n<h2>Comunicazione e diffusione dei dati<\/h2>\nI tuoi dati personali potranno essere comunicati alle seguenti categorie di soggetti:\n<ol style=\"list-style-type: lower-alpha;\">\n \t<li>a nostri fornitori con i quali collaboriamo, per fornirti il servizio richiesto;<\/li>\n \t<li>a societ\u00e0 di spedizioni e a societ\u00e0 che gestiscono i pagamenti (Banca Sella, PayPal, istituti di credito, societ\u00e0 che gestiscono carte di credito);<\/li>\n \t<li>a societ\u00e0 di elaborazione dati e servizi informatici, professionisti, societ\u00e0 o studi di consulenza, societ\u00e0 operanti nella fornitura di servizi per l\u2019esecuzione del contratto.<\/li>\n<\/ol>\nTali soggetti opereranno in qualit\u00e0 di Titolari autonomi, o saranno designati come Responsabili del trattamento con apposito contratto o atto giuridico.\nPotranno poi accedere ai dati i soggetti ai quali sia accordata questa facolt\u00e0 da disposizioni di legge o regolamenti (es. autorit\u00e0 di pubblica sicurezza).\nI dati non saranno oggetto di un processo decisionale automatizzato, n\u00e9 verr\u00e0 effettuata profilazione di alcun tipo.\nI dati personali non saranno soggetti a diffusione, n\u00e9 verranno trasferiti in paesi terzi o ad organizzazioni internazionali.\n<h2>Diritti dell&#8217;interessato<\/h2>\nTra i diritti riconosciuti rientrano quelli di:\n<ul>\n \t<li>chiedere l\u2019accesso ai tuoi dati personali ed alle informazioni relative agli stessi; la rettifica dei dati inesatti o l\u2019integrazione di quelli incompleti; la cancellazione dei dati personali (al verificarsi di una delle condizioni indicate nell\u2019art. 17, paragrafo 1 del GDPR e nel rispetto delle eccezioni previste nel paragrafo 3 dello stesso articolo); la limitazione del trattamento dei dati personali (al ricorrere di una delle ipotesi indicate nell\u2019art. 18, paragrafo 1 del GDPR);<\/li>\n \t<li>richiedere ed ottenere \u2013 nelle ipotesi in cui la base giuridica del trattamento sia il contratto o il consenso, e lo stesso sia effettuato con mezzi automatizzati \u2013 i dati personali in un formato strutturato e leggibile da dispositivo automatico, anche al fine di comunicare tali dati ad un altro titolare del trattamento (c.d. diritto alla portabilit\u00e0 dei dati personali);<\/li>\n \t<li>opporsi in qualsiasi momento al trattamento dei dati personali al ricorrere di situazioni particolari che lo riguardano;<\/li>\n \t<li>revocare il consenso in qualsiasi momento, limitatamente alle ipotesi in cui il trattamento sia basato sul consenso per una o pi\u00f9 specifiche finalit\u00e0 e riguardi dati personali comuni (ad esempio data e luogo di nascita o luogo di residenza), oppure particolari categorie di dati (ad esempio dati che rivelano lo stato di salute o la vita sessuale). Il trattamento basato sul consenso ed effettuato antecedentemente alla revoca dello stesso conserva, comunque, la sua liceit\u00e0;<\/li>\n<\/ul>\nLe tue richieste vanno rivolte al seguente indirizzo di posta elettronica: dobner@legalmail.it.\nSe ritieni che sussista una violazione nel trattamento dei tuoi dati personali, puoi proporre reclamo all\u2019Autorit\u00e0 di Controllo del luogo in cui abitualmente risiedi, lavori o dove si \u00e8 verificata la presunta violazione. Ti informiamo che in Italia puoi proporre reclamo presso l\u2019Autorit\u00e0 Garante per la Protezione dei Dati.\n<h2>Modifiche a questa informativa<\/h2>\nTi informiamo che questa informativa privacy potr\u00e0 essere oggetto di modifiche e integrazioni nel corso del tempo, che potrebbero essere necessarie in riferimento a nuovi interventi normativi in materia. \nLa versione aggiornata dell\u2019informativa privacy sar\u00e0 pubblicata in questa pagina, con indicazione della data del suo ultimo aggiornamento.\t\t\t\t\t\t<\/div>\n\t\t\t\t<\/div>\n\t\t\t\t\t<\/div>\n\t\t<\/div>\n\t\t\t\t\t\t\t<\/div>\n\t\t<\/section>\n\t\t\t\t\t\t\t<\/div>\n\t\t","protected":false},"excerpt":{"rendered":"<p>Informativa ai sensi del regolamento UE 2016\/679 (\u201cGDPR\u201d) Perch\u00e9 questo avviso Questa informativa ti permetter\u00e0 di conoscere in maniera dettagliata come verranno trattati i dati personali che ci fornisci attraverso la compilazione del form per usufruire dei servizi offerti dal sito. Chi \u00e8 il titolare del trattamento Il Titolare del trattamento dei dati personali raccolti [&hellip;]<\/p>\n","protected":false},"author":1,"featured_media":0,"parent":0,"menu_order":0,"comment_status":"closed","ping_status":"closed","template":"template-compact.php","meta":{"footnotes":""},"class_list":["post-15333","page","type-page","status-publish","hentry"],"acf":[],"yoast_head":"<!-- This site is optimized with the Yoast SEO plugin v26.4 - https:\/\/yoast.com\/wordpress\/plugins\/seo\/ -->\n<title>Privacy Policy - Dobner<\/title>\n<meta name=\"robots\" content=\"index, follow, max-snippet:-1, max-image-preview:large, max-video-preview:-1\" \/>\n<link rel=\"canonical\" href=\"https:\/\/dobner.it\/it\/privacy-policy-carrello\/\" \/>\n<meta property=\"og:locale\" content=\"it_IT\" \/>\n<meta property=\"og:type\" content=\"article\" \/>\n<meta property=\"og:title\" content=\"Privacy Policy - Dobner\" \/>\n<meta property=\"og:description\" content=\"Informativa ai sensi del regolamento UE 2016\/679 (\u201cGDPR\u201d) Perch\u00e9 questo avviso Questa informativa ti permetter\u00e0 di conoscere in maniera dettagliata come verranno trattati i dati personali che ci fornisci attraverso la compilazione del form per usufruire dei servizi offerti dal sito. Chi \u00e8 il titolare del trattamento Il Titolare del trattamento dei dati personali raccolti [&hellip;]\" \/>\n<meta property=\"og:url\" content=\"https:\/\/dobner.it\/it\/privacy-policy-carrello\/\" \/>\n<meta property=\"og:site_name\" content=\"Dobner\" \/>\n<meta property=\"article:modified_time\" content=\"2021-06-13T13:45:29+00:00\" \/>\n<meta name=\"twitter:card\" content=\"summary_large_image\" \/>\n<meta name=\"twitter:label1\" content=\"Tempo di lettura stimato\" \/>\n\t<meta name=\"twitter:data1\" content=\"5 minuti\" \/>\n<script type=\"application\/ld+json\" class=\"yoast-schema-graph\">{\"@context\":\"https:\/\/schema.org\",\"@graph\":[{\"@type\":\"WebPage\",\"@id\":\"https:\/\/dobner.it\/it\/privacy-policy-carrello\/\",\"url\":\"https:\/\/dobner.it\/it\/privacy-policy-carrello\/\",\"name\":\"Privacy Policy - Dobner\",\"isPartOf\":{\"@id\":\"https:\/\/dobner.it\/it\/#website\"},\"datePublished\":\"2021-06-13T13:16:02+00:00\",\"dateModified\":\"2021-06-13T13:45:29+00:00\",\"breadcrumb\":{\"@id\":\"https:\/\/dobner.it\/it\/privacy-policy-carrello\/#breadcrumb\"},\"inLanguage\":\"it-IT\",\"potentialAction\":[{\"@type\":\"ReadAction\",\"target\":[\"https:\/\/dobner.it\/it\/privacy-policy-carrello\/\"]}]},{\"@type\":\"BreadcrumbList\",\"@id\":\"https:\/\/dobner.it\/it\/privacy-policy-carrello\/#breadcrumb\",\"itemListElement\":[{\"@type\":\"ListItem\",\"position\":1,\"name\":\"Home\",\"item\":\"https:\/\/dobner.it\/it\/\"},{\"@type\":\"ListItem\",\"position\":2,\"name\":\"Privacy Policy\"}]},{\"@type\":\"WebSite\",\"@id\":\"https:\/\/dobner.it\/it\/#website\",\"url\":\"https:\/\/dobner.it\/it\/\",\"name\":\"Dobner\",\"description\":\"\",\"publisher\":{\"@id\":\"https:\/\/dobner.it\/it\/#organization\"},\"potentialAction\":[{\"@type\":\"SearchAction\",\"target\":{\"@type\":\"EntryPoint\",\"urlTemplate\":\"https:\/\/dobner.it\/it\/?s={search_term_string}\"},\"query-input\":{\"@type\":\"PropertyValueSpecification\",\"valueRequired\":true,\"valueName\":\"search_term_string\"}}],\"inLanguage\":\"it-IT\"},{\"@type\":\"Organization\",\"@id\":\"https:\/\/dobner.it\/it\/#organization\",\"name\":\"Dobner\",\"url\":\"https:\/\/dobner.it\/it\/\",\"logo\":{\"@type\":\"ImageObject\",\"inLanguage\":\"it-IT\",\"@id\":\"https:\/\/dobner.it\/it\/#\/schema\/logo\/image\/\",\"url\":\"https:\/\/dobner.it\/wp-content\/uploads\/2020\/10\/logo-email.png\",\"contentUrl\":\"https:\/\/dobner.it\/wp-content\/uploads\/2020\/10\/logo-email.png\",\"width\":188,\"height\":81,\"caption\":\"Dobner\"},\"image\":{\"@id\":\"https:\/\/dobner.it\/it\/#\/schema\/logo\/image\/\"}}]}<\/script>\n<!-- \/ Yoast SEO plugin. -->","yoast_head_json":{"title":"Privacy Policy - Dobner","robots":{"index":"index","follow":"follow","max-snippet":"max-snippet:-1","max-image-preview":"max-image-preview:large","max-video-preview":"max-video-preview:-1"},"canonical":"https:\/\/dobner.it\/it\/privacy-policy-carrello\/","og_locale":"it_IT","og_type":"article","og_title":"Privacy Policy - Dobner","og_description":"Informativa ai sensi del regolamento UE 2016\/679 (\u201cGDPR\u201d) Perch\u00e9 questo avviso Questa informativa ti permetter\u00e0 di conoscere in maniera dettagliata come verranno trattati i dati personali che ci fornisci attraverso la compilazione del form per usufruire dei servizi offerti dal sito. Chi \u00e8 il titolare del trattamento Il Titolare del trattamento dei dati personali raccolti [&hellip;]","og_url":"https:\/\/dobner.it\/it\/privacy-policy-carrello\/","og_site_name":"Dobner","article_modified_time":"2021-06-13T13:45:29+00:00","twitter_card":"summary_large_image","twitter_misc":{"Tempo di lettura stimato":"5 minuti"},"schema":{"@context":"https:\/\/schema.org","@graph":[{"@type":"WebPage","@id":"https:\/\/dobner.it\/it\/privacy-policy-carrello\/","url":"https:\/\/dobner.it\/it\/privacy-policy-carrello\/","name":"Privacy Policy - Dobner","isPartOf":{"@id":"https:\/\/dobner.it\/it\/#website"},"datePublished":"2021-06-13T13:16:02+00:00","dateModified":"2021-06-13T13:45:29+00:00","breadcrumb":{"@id":"https:\/\/dobner.it\/it\/privacy-policy-carrello\/#breadcrumb"},"inLanguage":"it-IT","potentialAction":[{"@type":"ReadAction","target":["https:\/\/dobner.it\/it\/privacy-policy-carrello\/"]}]},{"@type":"BreadcrumbList","@id":"https:\/\/dobner.it\/it\/privacy-policy-carrello\/#breadcrumb","itemListElement":[{"@type":"ListItem","position":1,"name":"Home","item":"https:\/\/dobner.it\/it\/"},{"@type":"ListItem","position":2,"name":"Privacy Policy"}]},{"@type":"WebSite","@id":"https:\/\/dobner.it\/it\/#website","url":"https:\/\/dobner.it\/it\/","name":"Dobner","description":"","publisher":{"@id":"https:\/\/dobner.it\/it\/#organization"},"potentialAction":[{"@type":"SearchAction","target":{"@type":"EntryPoint","urlTemplate":"https:\/\/dobner.it\/it\/?s={search_term_string}"},"query-input":{"@type":"PropertyValueSpecification","valueRequired":true,"valueName":"search_term_string"}}],"inLanguage":"it-IT"},{"@type":"Organization","@id":"https:\/\/dobner.it\/it\/#organization","name":"Dobner","url":"https:\/\/dobner.it\/it\/","logo":{"@type":"ImageObject","inLanguage":"it-IT","@id":"https:\/\/dobner.it\/it\/#\/schema\/logo\/image\/","url":"https:\/\/dobner.it\/wp-content\/uploads\/2020\/10\/logo-email.png","contentUrl":"https:\/\/dobner.it\/wp-content\/uploads\/2020\/10\/logo-email.png","width":188,"height":81,"caption":"Dobner"},"image":{"@id":"https:\/\/dobner.it\/it\/#\/schema\/logo\/image\/"}}]}},"_links":{"self":[{"href":"https:\/\/dobner.it\/it\/wp-json\/wp\/v2\/pages\/15333","targetHints":{"allow":["GET"]}}],"collection":[{"href":"https:\/\/dobner.it\/it\/wp-json\/wp\/v2\/pages"}],"about":[{"href":"https:\/\/dobner.it\/it\/wp-json\/wp\/v2\/types\/page"}],"author":[{"embeddable":true,"href":"https:\/\/dobner.it\/it\/wp-json\/wp\/v2\/users\/1"}],"replies":[{"embeddable":true,"href":"https:\/\/dobner.it\/it\/wp-json\/wp\/v2\/comments?post=15333"}],"version-history":[{"count":0,"href":"https:\/\/dobner.it\/it\/wp-json\/wp\/v2\/pages\/15333\/revisions"}],"wp:attachment":[{"href":"https:\/\/dobner.it\/it\/wp-json\/wp\/v2\/media?parent=15333"}],"curies":[{"name":"wp","href":"https:\/\/api.w.org\/{rel}","templated":true}]}}